{"id":1529,"date":"2017-01-24T22:00:25","date_gmt":"2017-01-24T23:00:25","guid":{"rendered":"http:\/\/www.atlantidamarhotel.pt\/awards\/"},"modified":"2023-06-30T10:48:25","modified_gmt":"2023-06-30T11:48:25","slug":"auszeichnungen","status":"publish","type":"page","link":"https:\/\/atlantidamarhotel.com\/de\/hotel\/auszeichnungen\/","title":{"rendered":"Auszeichnungen"},"content":{"rendered":"<section class=\"wpb-content-wrapper\"><section class=\"l-section wpb_row height_custom\"><div class=\"l-section-h i-cf\"><div class=\"g-cols vc_row via_flex valign_top type_default stacking_default\"><div class=\"vc_col-sm-12 wpb_column vc_column_container\"><div class=\"vc_column-inner\"><div class=\"wpb_wrapper\"><div class=\"wpb_text_column\"><div class=\"wpb_wrapper\"><p>Das Atl\u00e2ntida Mar Hotel wurde von seinen Gaesten ehrenvoll ausgezeichnet als eines der besten, kleinen Hotels auf den Azoren und in ganz<br \/>\nPortugal.<\/p>\n<p>Hier einige Auszeichnungen und Praemierungen, welche wir seit unserer Eroeffnung im Jahre 2011 erhalten haben:<\/p>\n<ul>\n<li>Gewinner des Tripadvisor\u2019s Traveler\u2019s Choice Awards \u2018Top 25 Small Hotels in Portugal\u2019 2013, 2014, 2015, 2016, 2017, 2019, 2020 und 2023 (Die Traveler\u2019s Choice Awards sind die hoechste Auszeichnung, welche von Tripadvisor vergeben werden)<\/li>\n<li>Gewinner des Tripadvisor\u2019s \u2018Certificate of Excellence\u2019 2014, 2015, 2016, 2017, 2018 und 2019<\/li>\n<li>Ausgezeichnet durch Tripadvisor mit \u201cBravo\u201d, entboten dank eines hohen Prozentsatzes an Bewertungen, welche uns ein \u201cHervorragend\u201d gaben<\/li>\n<li>2015, 2016, 2017 und 2018 Award Winner \u2013 Booking.com, mit Bewertung 9.2\/10.<\/li>\n<li>Loved by Guests Award 2019 \u2013 Guest Rating 9.4 \u2013 Hotels.com<\/li>\n<\/ul>\n<\/div><\/div><\/div><\/div><\/div><\/div><\/div><\/section>\n<\/section>","protected":false},"excerpt":{"rendered":"Das Atl\u00e2ntida Mar Hotel wurde von seinen Gaesten ehrenvoll ausgezeichnet als eines der besten, kleinen Hotels auf den Azoren und in ganz Portugal. Hier einige Auszeichnungen und Praemierungen, welche wir seit unserer Eroeffnung im Jahre 2011 erhalten haben: Gewinner des Tripadvisor\u2019s Traveler\u2019s Choice Awards \u2018Top 25 Small Hotels in Portugal\u2019 2013, 2014, 2015, 2016, 2017,...","protected":false},"author":1,"featured_media":6199,"parent":5605,"menu_order":0,"comment_status":"closed","ping_status":"closed","template":"","meta":{"_monsterinsights_skip_tracking":false,"_monsterinsights_sitenote_active":false,"_monsterinsights_sitenote_note":"","_monsterinsights_sitenote_category":0},"acf":[],"yoast_head":"<!-- This site is optimized with the Yoast SEO plugin v20.12 - https:\/\/yoast.com\/wordpress\/plugins\/seo\/ -->\n<title>Auszeichnungen - Atl\u00e2ntida Mar Hotel<\/title>\n<meta name=\"description\" content=\"Entdecken Sie die prestigetr\u00e4chtigen Auszeichnungen und Auszeichnungen des Atl\u00e2ntida Mar Hotels, ein Beweis f\u00fcr unser Engagement f\u00fcr Exzellenz und G\u00e4stezufriedenheit.\" \/>\n<meta name=\"robots\" content=\"index, follow, max-snippet:-1, max-image-preview:large, max-video-preview:-1\" \/>\n<link rel=\"canonical\" href=\"https:\/\/atlantidamarhotel.com\/de\/hotel\/auszeichnungen\/\" \/>\n<meta property=\"og:locale\" content=\"de_DE\" \/>\n<meta property=\"og:type\" content=\"article\" \/>\n<meta property=\"og:title\" content=\"Auszeichnungen - Atl\u00e2ntida Mar Hotel\" \/>\n<meta property=\"og:description\" content=\"Entdecken Sie die prestigetr\u00e4chtigen Auszeichnungen und Auszeichnungen des Atl\u00e2ntida Mar Hotels, ein Beweis f\u00fcr unser Engagement f\u00fcr Exzellenz und G\u00e4stezufriedenheit.\" \/>\n<meta property=\"og:url\" content=\"https:\/\/atlantidamarhotel.com\/de\/hotel\/auszeichnungen\/\" \/>\n<meta property=\"og:site_name\" content=\"Atl\u00e2ntida Mar Hotel\" \/>\n<meta property=\"article:publisher\" content=\"https:\/\/www.facebook.com\/AtlantidaMarHotel\/\" \/>\n<meta property=\"article:modified_time\" content=\"2023-06-30T11:48:25+00:00\" \/>\n<meta property=\"og:image\" content=\"https:\/\/atlantidamarhotel.com\/wp-content\/uploads\/2023\/06\/hotel-aparthotel-azores-terceira-island-ilha-atlantida-mar-premios-awards.jpg\" \/>\n\t<meta property=\"og:image:width\" content=\"1524\" \/>\n\t<meta property=\"og:image:height\" content=\"1016\" \/>\n\t<meta property=\"og:image:type\" content=\"image\/jpeg\" \/>\n<meta name=\"twitter:card\" content=\"summary_large_image\" \/>\n<meta name=\"twitter:label1\" content=\"Gesch\u00e4tzte Lesezeit\" \/>\n\t<meta name=\"twitter:data1\" content=\"1\u00a0Minute\" \/>\n<script type=\"application\/ld+json\" class=\"yoast-schema-graph\">{\"@context\":\"https:\/\/schema.org\",\"@graph\":[{\"@type\":\"WebPage\",\"@id\":\"https:\/\/atlantidamarhotel.com\/de\/hotel\/auszeichnungen\/\",\"url\":\"https:\/\/atlantidamarhotel.com\/de\/hotel\/auszeichnungen\/\",\"name\":\"Auszeichnungen - Atl\u00e2ntida Mar Hotel\",\"isPartOf\":{\"@id\":\"https:\/\/atlantidamarhotel.com\/de\/#website\"},\"datePublished\":\"2017-01-24T23:00:25+00:00\",\"dateModified\":\"2023-06-30T11:48:25+00:00\",\"description\":\"Entdecken Sie die prestigetr\u00e4chtigen Auszeichnungen und Auszeichnungen des Atl\u00e2ntida Mar Hotels, ein Beweis f\u00fcr unser Engagement f\u00fcr Exzellenz und G\u00e4stezufriedenheit.\",\"breadcrumb\":{\"@id\":\"https:\/\/atlantidamarhotel.com\/de\/hotel\/auszeichnungen\/#breadcrumb\"},\"inLanguage\":\"de\",\"potentialAction\":[{\"@type\":\"ReadAction\",\"target\":[\"https:\/\/atlantidamarhotel.com\/de\/hotel\/auszeichnungen\/\"]}]},{\"@type\":\"BreadcrumbList\",\"@id\":\"https:\/\/atlantidamarhotel.com\/de\/hotel\/auszeichnungen\/#breadcrumb\",\"itemListElement\":[{\"@type\":\"ListItem\",\"position\":1,\"name\":\"Home\",\"item\":\"https:\/\/atlantidamarhotel.com\/de\/\"},{\"@type\":\"ListItem\",\"position\":2,\"name\":\"Hotel\",\"item\":\"https:\/\/atlantidamarhotel.com\/de\/\"},{\"@type\":\"ListItem\",\"position\":3,\"name\":\"Auszeichnungen\"}]},{\"@type\":\"WebSite\",\"@id\":\"https:\/\/atlantidamarhotel.com\/de\/#website\",\"url\":\"https:\/\/atlantidamarhotel.com\/de\/\",\"name\":\"Atl\u00e2ntida Mar Hotel\",\"description\":\"Aparthotel\",\"publisher\":{\"@id\":\"https:\/\/atlantidamarhotel.com\/de\/#organization\"},\"potentialAction\":[{\"@type\":\"SearchAction\",\"target\":{\"@type\":\"EntryPoint\",\"urlTemplate\":\"https:\/\/atlantidamarhotel.com\/de\/?s={search_term_string}\"},\"query-input\":\"required name=search_term_string\"}],\"inLanguage\":\"de\"},{\"@type\":\"Organization\",\"@id\":\"https:\/\/atlantidamarhotel.com\/de\/#organization\",\"name\":\"Atl\u00e2ntida Mar Hotel\",\"url\":\"https:\/\/atlantidamarhotel.com\/de\/\",\"logo\":{\"@type\":\"ImageObject\",\"inLanguage\":\"de\",\"@id\":\"https:\/\/atlantidamarhotel.com\/de\/#\/schema\/logo\/image\/\",\"url\":\"https:\/\/atlantidamarhotel.com\/wp-content\/uploads\/2016\/12\/logo-Atlantida-mar-hotel-2.png\",\"contentUrl\":\"https:\/\/atlantidamarhotel.com\/wp-content\/uploads\/2016\/12\/logo-Atlantida-mar-hotel-2.png\",\"width\":1600,\"height\":445,\"caption\":\"Atl\u00e2ntida Mar Hotel\"},\"image\":{\"@id\":\"https:\/\/atlantidamarhotel.com\/de\/#\/schema\/logo\/image\/\"},\"sameAs\":[\"https:\/\/www.facebook.com\/AtlantidaMarHotel\/\"]}]}<\/script>\n<!-- \/ Yoast SEO plugin. -->","yoast_head_json":{"title":"Auszeichnungen - Atl\u00e2ntida Mar Hotel","description":"Entdecken Sie die prestigetr\u00e4chtigen Auszeichnungen und Auszeichnungen des Atl\u00e2ntida Mar Hotels, ein Beweis f\u00fcr unser Engagement f\u00fcr Exzellenz und G\u00e4stezufriedenheit.","robots":{"index":"index","follow":"follow","max-snippet":"max-snippet:-1","max-image-preview":"max-image-preview:large","max-video-preview":"max-video-preview:-1"},"canonical":"https:\/\/atlantidamarhotel.com\/de\/hotel\/auszeichnungen\/","og_locale":"de_DE","og_type":"article","og_title":"Auszeichnungen - Atl\u00e2ntida Mar Hotel","og_description":"Entdecken Sie die prestigetr\u00e4chtigen Auszeichnungen und Auszeichnungen des Atl\u00e2ntida Mar Hotels, ein Beweis f\u00fcr unser Engagement f\u00fcr Exzellenz und G\u00e4stezufriedenheit.","og_url":"https:\/\/atlantidamarhotel.com\/de\/hotel\/auszeichnungen\/","og_site_name":"Atl\u00e2ntida Mar Hotel","article_publisher":"https:\/\/www.facebook.com\/AtlantidaMarHotel\/","article_modified_time":"2023-06-30T11:48:25+00:00","og_image":[{"width":1524,"height":1016,"url":"https:\/\/atlantidamarhotel.com\/wp-content\/uploads\/2023\/06\/hotel-aparthotel-azores-terceira-island-ilha-atlantida-mar-premios-awards.jpg","type":"image\/jpeg"}],"twitter_card":"summary_large_image","twitter_misc":{"Gesch\u00e4tzte Lesezeit":"1\u00a0Minute"},"schema":{"@context":"https:\/\/schema.org","@graph":[{"@type":"WebPage","@id":"https:\/\/atlantidamarhotel.com\/de\/hotel\/auszeichnungen\/","url":"https:\/\/atlantidamarhotel.com\/de\/hotel\/auszeichnungen\/","name":"Auszeichnungen - Atl\u00e2ntida Mar Hotel","isPartOf":{"@id":"https:\/\/atlantidamarhotel.com\/de\/#website"},"datePublished":"2017-01-24T23:00:25+00:00","dateModified":"2023-06-30T11:48:25+00:00","description":"Entdecken Sie die prestigetr\u00e4chtigen Auszeichnungen und Auszeichnungen des Atl\u00e2ntida Mar Hotels, ein Beweis f\u00fcr unser Engagement f\u00fcr Exzellenz und G\u00e4stezufriedenheit.","breadcrumb":{"@id":"https:\/\/atlantidamarhotel.com\/de\/hotel\/auszeichnungen\/#breadcrumb"},"inLanguage":"de","potentialAction":[{"@type":"ReadAction","target":["https:\/\/atlantidamarhotel.com\/de\/hotel\/auszeichnungen\/"]}]},{"@type":"BreadcrumbList","@id":"https:\/\/atlantidamarhotel.com\/de\/hotel\/auszeichnungen\/#breadcrumb","itemListElement":[{"@type":"ListItem","position":1,"name":"Home","item":"https:\/\/atlantidamarhotel.com\/de\/"},{"@type":"ListItem","position":2,"name":"Hotel","item":"https:\/\/atlantidamarhotel.com\/de\/"},{"@type":"ListItem","position":3,"name":"Auszeichnungen"}]},{"@type":"WebSite","@id":"https:\/\/atlantidamarhotel.com\/de\/#website","url":"https:\/\/atlantidamarhotel.com\/de\/","name":"Atl\u00e2ntida Mar Hotel","description":"Aparthotel","publisher":{"@id":"https:\/\/atlantidamarhotel.com\/de\/#organization"},"potentialAction":[{"@type":"SearchAction","target":{"@type":"EntryPoint","urlTemplate":"https:\/\/atlantidamarhotel.com\/de\/?s={search_term_string}"},"query-input":"required name=search_term_string"}],"inLanguage":"de"},{"@type":"Organization","@id":"https:\/\/atlantidamarhotel.com\/de\/#organization","name":"Atl\u00e2ntida Mar Hotel","url":"https:\/\/atlantidamarhotel.com\/de\/","logo":{"@type":"ImageObject","inLanguage":"de","@id":"https:\/\/atlantidamarhotel.com\/de\/#\/schema\/logo\/image\/","url":"https:\/\/atlantidamarhotel.com\/wp-content\/uploads\/2016\/12\/logo-Atlantida-mar-hotel-2.png","contentUrl":"https:\/\/atlantidamarhotel.com\/wp-content\/uploads\/2016\/12\/logo-Atlantida-mar-hotel-2.png","width":1600,"height":445,"caption":"Atl\u00e2ntida Mar Hotel"},"image":{"@id":"https:\/\/atlantidamarhotel.com\/de\/#\/schema\/logo\/image\/"},"sameAs":["https:\/\/www.facebook.com\/AtlantidaMarHotel\/"]}]}},"_links":{"self":[{"href":"https:\/\/atlantidamarhotel.com\/de\/wp-json\/wp\/v2\/pages\/1529"}],"collection":[{"href":"https:\/\/atlantidamarhotel.com\/de\/wp-json\/wp\/v2\/pages"}],"about":[{"href":"https:\/\/atlantidamarhotel.com\/de\/wp-json\/wp\/v2\/types\/page"}],"author":[{"embeddable":true,"href":"https:\/\/atlantidamarhotel.com\/de\/wp-json\/wp\/v2\/users\/1"}],"replies":[{"embeddable":true,"href":"https:\/\/atlantidamarhotel.com\/de\/wp-json\/wp\/v2\/comments?post=1529"}],"version-history":[{"count":10,"href":"https:\/\/atlantidamarhotel.com\/de\/wp-json\/wp\/v2\/pages\/1529\/revisions"}],"predecessor-version":[{"id":6756,"href":"https:\/\/atlantidamarhotel.com\/de\/wp-json\/wp\/v2\/pages\/1529\/revisions\/6756"}],"up":[{"embeddable":true,"href":"https:\/\/atlantidamarhotel.com\/de\/wp-json\/wp\/v2\/pages\/5605"}],"wp:featuredmedia":[{"embeddable":true,"href":"https:\/\/atlantidamarhotel.com\/de\/wp-json\/wp\/v2\/media\/6199"}],"wp:attachment":[{"href":"https:\/\/atlantidamarhotel.com\/de\/wp-json\/wp\/v2\/media?parent=1529"}],"curies":[{"name":"wp","href":"https:\/\/api.w.org\/{rel}","templated":true}]}}