{"id":1531,"date":"2017-01-24T21:58:50","date_gmt":"2017-01-24T22:58:50","guid":{"rendered":"http:\/\/www.atlantidamarhotel.pt\/mission\/"},"modified":"2023-05-27T16:08:29","modified_gmt":"2023-05-27T17:08:29","slug":"unternehmensmission","status":"publish","type":"page","link":"https:\/\/atlantidamarhotel.com\/de\/hotel\/unternehmensmission\/","title":{"rendered":"Unternehmensmission"},"content":{"rendered":"<section class=\"wpb-content-wrapper\"><section class=\"l-section wpb_row height_custom\"><div class=\"l-section-h i-cf\"><div class=\"g-cols vc_row via_flex valign_top type_default stacking_default\"><div class=\"vc_col-sm-12 wpb_column vc_column_container\"><div class=\"vc_column-inner\"><div class=\"wpb_wrapper\"><div class=\"wpb_text_column\"><div class=\"wpb_wrapper\"><p>Unser stetes Motto lautet, dass wir alle Wuensche und Beduerfnisse unserer sehr geschaetzten Kundschaft erfuellen moechten, sofern uns dies<br \/>\nirgendwie nur moeglich ist.<br \/>\nWir wollen Sie nicht nur zufrieden, sondern gluecklich nachhause reisen lassen. Mit einem Gefuehl, dass wir Ihre Erwartungen nicht nur<br \/>\nerfuellen, sonder uebertreffen konnten!<br \/>\nDie Kultur und Gastfreundschaft unseres Hauses ist so beschaffen, dass wir es lieben Sie zu verwoehnen und alles fuer Sie zu tun, was uns<br \/>\nmoeglich ist. Wir tun dies nicht, weil wir so sein sollten. Menschen aus Terceira sind die Hilfsbereitesten und Lustigsten der Azoren. Wir leben<br \/>\nunsere Kultur jeden Tag und teilen diese gerne mit Besuchern aus aller Welt.<br \/>\nEgal ob Sie alleine unterwegs sind, oder mit Ihrem Partner\/Ihrer Partnerin, mit Ihrer Familie, mit Freunden oder auch geschaeftlich. Es ist unser<br \/>\nZiel, dass Sie glueckliche Tage bei und mit uns verbringen werden.<br \/>\nGaeste vom Atl\u00e2ntida Mar Hotel werden immer mit Herzlichkeit begruesst und auch verabschiedet. Wir freuen uns, wenn Sie und auch Ihre<br \/>\nFreunde zuhause Stammgaeste werden. Unser groesstes Glueck ist es, wenn wir Sie mit einem Lachen auf dem Gesicht in unserem gepflegten<br \/>\nHotel sehen duerfen. Dies gibt uns Motivation und Kraft, noch besser zu werden.<\/p>\n<\/div><\/div><\/div><\/div><\/div><\/div><\/div><\/section>\n<\/section>","protected":false},"excerpt":{"rendered":"Unser stetes Motto lautet, dass wir alle Wuensche und Beduerfnisse unserer sehr geschaetzten Kundschaft erfuellen moechten, sofern uns dies irgendwie nur moeglich ist. Wir wollen Sie nicht nur zufrieden, sondern gluecklich nachhause reisen lassen. Mit einem Gefuehl, dass wir Ihre Erwartungen nicht nur erfuellen, sonder uebertreffen konnten! Die Kultur und Gastfreundschaft unseres Hauses ist so...","protected":false},"author":1,"featured_media":6205,"parent":5605,"menu_order":0,"comment_status":"closed","ping_status":"closed","template":"","meta":{"_monsterinsights_skip_tracking":false,"_monsterinsights_sitenote_active":false,"_monsterinsights_sitenote_note":"","_monsterinsights_sitenote_category":0},"acf":[],"yoast_head":"<!-- This site is optimized with the Yoast SEO plugin v20.12 - https:\/\/yoast.com\/wordpress\/plugins\/seo\/ -->\n<title>Unternehmensmission - Atl\u00e2ntida Mar Hotel<\/title>\n<meta name=\"description\" content=\"Engagement, die Erwartungen der G\u00e4ste zu \u00fcbertreffen, unvergessliche Erlebnisse zu bieten und eine Kultur von qualitativ hochwertigem Service und Gastfreundschaft zu f\u00f6rdern.\" \/>\n<meta name=\"robots\" content=\"index, follow, max-snippet:-1, max-image-preview:large, max-video-preview:-1\" \/>\n<link rel=\"canonical\" href=\"https:\/\/atlantidamarhotel.com\/de\/hotel\/unternehmensmission\/\" \/>\n<meta property=\"og:locale\" content=\"de_DE\" \/>\n<meta property=\"og:type\" content=\"article\" \/>\n<meta property=\"og:title\" content=\"Unternehmensmission - Atl\u00e2ntida Mar Hotel\" \/>\n<meta property=\"og:description\" content=\"Engagement, die Erwartungen der G\u00e4ste zu \u00fcbertreffen, unvergessliche Erlebnisse zu bieten und eine Kultur von qualitativ hochwertigem Service und Gastfreundschaft zu f\u00f6rdern.\" \/>\n<meta property=\"og:url\" content=\"https:\/\/atlantidamarhotel.com\/de\/hotel\/unternehmensmission\/\" \/>\n<meta property=\"og:site_name\" content=\"Atl\u00e2ntida Mar Hotel\" \/>\n<meta property=\"article:publisher\" content=\"https:\/\/www.facebook.com\/AtlantidaMarHotel\/\" \/>\n<meta property=\"article:modified_time\" content=\"2023-05-27T17:08:29+00:00\" \/>\n<meta property=\"og:image\" content=\"https:\/\/atlantidamarhotel.com\/wp-content\/uploads\/2017\/01\/the_hotel_atlantida_mar_hotel_gallery9.jpg\" \/>\n\t<meta property=\"og:image:width\" content=\"1024\" \/>\n\t<meta property=\"og:image:height\" content=\"684\" \/>\n\t<meta property=\"og:image:type\" content=\"image\/jpeg\" \/>\n<meta name=\"twitter:card\" content=\"summary_large_image\" \/>\n<meta name=\"twitter:label1\" content=\"Gesch\u00e4tzte Lesezeit\" \/>\n\t<meta name=\"twitter:data1\" content=\"1\u00a0Minute\" \/>\n<script type=\"application\/ld+json\" class=\"yoast-schema-graph\">{\"@context\":\"https:\/\/schema.org\",\"@graph\":[{\"@type\":\"WebPage\",\"@id\":\"https:\/\/atlantidamarhotel.com\/de\/hotel\/unternehmensmission\/\",\"url\":\"https:\/\/atlantidamarhotel.com\/de\/hotel\/unternehmensmission\/\",\"name\":\"Unternehmensmission - Atl\u00e2ntida Mar Hotel\",\"isPartOf\":{\"@id\":\"https:\/\/atlantidamarhotel.com\/de\/#website\"},\"datePublished\":\"2017-01-24T22:58:50+00:00\",\"dateModified\":\"2023-05-27T17:08:29+00:00\",\"description\":\"Engagement, die Erwartungen der G\u00e4ste zu \u00fcbertreffen, unvergessliche Erlebnisse zu bieten und eine Kultur von qualitativ hochwertigem Service und Gastfreundschaft zu f\u00f6rdern.\",\"breadcrumb\":{\"@id\":\"https:\/\/atlantidamarhotel.com\/de\/hotel\/unternehmensmission\/#breadcrumb\"},\"inLanguage\":\"de\",\"potentialAction\":[{\"@type\":\"ReadAction\",\"target\":[\"https:\/\/atlantidamarhotel.com\/de\/hotel\/unternehmensmission\/\"]}]},{\"@type\":\"BreadcrumbList\",\"@id\":\"https:\/\/atlantidamarhotel.com\/de\/hotel\/unternehmensmission\/#breadcrumb\",\"itemListElement\":[{\"@type\":\"ListItem\",\"position\":1,\"name\":\"Home\",\"item\":\"https:\/\/atlantidamarhotel.com\/de\/\"},{\"@type\":\"ListItem\",\"position\":2,\"name\":\"Hotel\",\"item\":\"https:\/\/atlantidamarhotel.com\/de\/\"},{\"@type\":\"ListItem\",\"position\":3,\"name\":\"Unternehmensmission\"}]},{\"@type\":\"WebSite\",\"@id\":\"https:\/\/atlantidamarhotel.com\/de\/#website\",\"url\":\"https:\/\/atlantidamarhotel.com\/de\/\",\"name\":\"Atl\u00e2ntida Mar Hotel\",\"description\":\"Aparthotel\",\"publisher\":{\"@id\":\"https:\/\/atlantidamarhotel.com\/de\/#organization\"},\"potentialAction\":[{\"@type\":\"SearchAction\",\"target\":{\"@type\":\"EntryPoint\",\"urlTemplate\":\"https:\/\/atlantidamarhotel.com\/de\/?s={search_term_string}\"},\"query-input\":\"required name=search_term_string\"}],\"inLanguage\":\"de\"},{\"@type\":\"Organization\",\"@id\":\"https:\/\/atlantidamarhotel.com\/de\/#organization\",\"name\":\"Atl\u00e2ntida Mar Hotel\",\"url\":\"https:\/\/atlantidamarhotel.com\/de\/\",\"logo\":{\"@type\":\"ImageObject\",\"inLanguage\":\"de\",\"@id\":\"https:\/\/atlantidamarhotel.com\/de\/#\/schema\/logo\/image\/\",\"url\":\"https:\/\/atlantidamarhotel.com\/wp-content\/uploads\/2016\/12\/logo-Atlantida-mar-hotel-2.png\",\"contentUrl\":\"https:\/\/atlantidamarhotel.com\/wp-content\/uploads\/2016\/12\/logo-Atlantida-mar-hotel-2.png\",\"width\":1600,\"height\":445,\"caption\":\"Atl\u00e2ntida Mar Hotel\"},\"image\":{\"@id\":\"https:\/\/atlantidamarhotel.com\/de\/#\/schema\/logo\/image\/\"},\"sameAs\":[\"https:\/\/www.facebook.com\/AtlantidaMarHotel\/\"]}]}<\/script>\n<!-- \/ Yoast SEO plugin. -->","yoast_head_json":{"title":"Unternehmensmission - Atl\u00e2ntida Mar Hotel","description":"Engagement, die Erwartungen der G\u00e4ste zu \u00fcbertreffen, unvergessliche Erlebnisse zu bieten und eine Kultur von qualitativ hochwertigem Service und Gastfreundschaft zu f\u00f6rdern.","robots":{"index":"index","follow":"follow","max-snippet":"max-snippet:-1","max-image-preview":"max-image-preview:large","max-video-preview":"max-video-preview:-1"},"canonical":"https:\/\/atlantidamarhotel.com\/de\/hotel\/unternehmensmission\/","og_locale":"de_DE","og_type":"article","og_title":"Unternehmensmission - Atl\u00e2ntida Mar Hotel","og_description":"Engagement, die Erwartungen der G\u00e4ste zu \u00fcbertreffen, unvergessliche Erlebnisse zu bieten und eine Kultur von qualitativ hochwertigem Service und Gastfreundschaft zu f\u00f6rdern.","og_url":"https:\/\/atlantidamarhotel.com\/de\/hotel\/unternehmensmission\/","og_site_name":"Atl\u00e2ntida Mar Hotel","article_publisher":"https:\/\/www.facebook.com\/AtlantidaMarHotel\/","article_modified_time":"2023-05-27T17:08:29+00:00","og_image":[{"width":1024,"height":684,"url":"https:\/\/atlantidamarhotel.com\/wp-content\/uploads\/2017\/01\/the_hotel_atlantida_mar_hotel_gallery9.jpg","type":"image\/jpeg"}],"twitter_card":"summary_large_image","twitter_misc":{"Gesch\u00e4tzte Lesezeit":"1\u00a0Minute"},"schema":{"@context":"https:\/\/schema.org","@graph":[{"@type":"WebPage","@id":"https:\/\/atlantidamarhotel.com\/de\/hotel\/unternehmensmission\/","url":"https:\/\/atlantidamarhotel.com\/de\/hotel\/unternehmensmission\/","name":"Unternehmensmission - Atl\u00e2ntida Mar Hotel","isPartOf":{"@id":"https:\/\/atlantidamarhotel.com\/de\/#website"},"datePublished":"2017-01-24T22:58:50+00:00","dateModified":"2023-05-27T17:08:29+00:00","description":"Engagement, die Erwartungen der G\u00e4ste zu \u00fcbertreffen, unvergessliche Erlebnisse zu bieten und eine Kultur von qualitativ hochwertigem Service und Gastfreundschaft zu f\u00f6rdern.","breadcrumb":{"@id":"https:\/\/atlantidamarhotel.com\/de\/hotel\/unternehmensmission\/#breadcrumb"},"inLanguage":"de","potentialAction":[{"@type":"ReadAction","target":["https:\/\/atlantidamarhotel.com\/de\/hotel\/unternehmensmission\/"]}]},{"@type":"BreadcrumbList","@id":"https:\/\/atlantidamarhotel.com\/de\/hotel\/unternehmensmission\/#breadcrumb","itemListElement":[{"@type":"ListItem","position":1,"name":"Home","item":"https:\/\/atlantidamarhotel.com\/de\/"},{"@type":"ListItem","position":2,"name":"Hotel","item":"https:\/\/atlantidamarhotel.com\/de\/"},{"@type":"ListItem","position":3,"name":"Unternehmensmission"}]},{"@type":"WebSite","@id":"https:\/\/atlantidamarhotel.com\/de\/#website","url":"https:\/\/atlantidamarhotel.com\/de\/","name":"Atl\u00e2ntida Mar Hotel","description":"Aparthotel","publisher":{"@id":"https:\/\/atlantidamarhotel.com\/de\/#organization"},"potentialAction":[{"@type":"SearchAction","target":{"@type":"EntryPoint","urlTemplate":"https:\/\/atlantidamarhotel.com\/de\/?s={search_term_string}"},"query-input":"required name=search_term_string"}],"inLanguage":"de"},{"@type":"Organization","@id":"https:\/\/atlantidamarhotel.com\/de\/#organization","name":"Atl\u00e2ntida Mar Hotel","url":"https:\/\/atlantidamarhotel.com\/de\/","logo":{"@type":"ImageObject","inLanguage":"de","@id":"https:\/\/atlantidamarhotel.com\/de\/#\/schema\/logo\/image\/","url":"https:\/\/atlantidamarhotel.com\/wp-content\/uploads\/2016\/12\/logo-Atlantida-mar-hotel-2.png","contentUrl":"https:\/\/atlantidamarhotel.com\/wp-content\/uploads\/2016\/12\/logo-Atlantida-mar-hotel-2.png","width":1600,"height":445,"caption":"Atl\u00e2ntida Mar Hotel"},"image":{"@id":"https:\/\/atlantidamarhotel.com\/de\/#\/schema\/logo\/image\/"},"sameAs":["https:\/\/www.facebook.com\/AtlantidaMarHotel\/"]}]}},"_links":{"self":[{"href":"https:\/\/atlantidamarhotel.com\/de\/wp-json\/wp\/v2\/pages\/1531"}],"collection":[{"href":"https:\/\/atlantidamarhotel.com\/de\/wp-json\/wp\/v2\/pages"}],"about":[{"href":"https:\/\/atlantidamarhotel.com\/de\/wp-json\/wp\/v2\/types\/page"}],"author":[{"embeddable":true,"href":"https:\/\/atlantidamarhotel.com\/de\/wp-json\/wp\/v2\/users\/1"}],"replies":[{"embeddable":true,"href":"https:\/\/atlantidamarhotel.com\/de\/wp-json\/wp\/v2\/comments?post=1531"}],"version-history":[{"count":5,"href":"https:\/\/atlantidamarhotel.com\/de\/wp-json\/wp\/v2\/pages\/1531\/revisions"}],"predecessor-version":[{"id":5860,"href":"https:\/\/atlantidamarhotel.com\/de\/wp-json\/wp\/v2\/pages\/1531\/revisions\/5860"}],"up":[{"embeddable":true,"href":"https:\/\/atlantidamarhotel.com\/de\/wp-json\/wp\/v2\/pages\/5605"}],"wp:featuredmedia":[{"embeddable":true,"href":"https:\/\/atlantidamarhotel.com\/de\/wp-json\/wp\/v2\/media\/6205"}],"wp:attachment":[{"href":"https:\/\/atlantidamarhotel.com\/de\/wp-json\/wp\/v2\/media?parent=1531"}],"curies":[{"name":"wp","href":"https:\/\/api.w.org\/{rel}","templated":true}]}}