{"id":1546,"date":"2017-01-24T21:35:48","date_gmt":"2017-01-24T22:35:48","guid":{"rendered":"http:\/\/www.atlantidamarhotel.pt\/location\/"},"modified":"2023-05-27T16:14:34","modified_gmt":"2023-05-27T17:14:34","slug":"standort","status":"publish","type":"page","link":"https:\/\/atlantidamarhotel.com\/de\/standort\/","title":{"rendered":"Standort"},"content":{"rendered":"<section class=\"wpb-content-wrapper\"><section class=\"l-section wpb_row height_custom\"><div class=\"l-section-h i-cf\"><div class=\"g-cols vc_row via_flex valign_top type_default stacking_default\"><div class=\"vc_col-sm-12 wpb_column vc_column_container\"><div class=\"vc_column-inner\"><div class=\"wpb_wrapper\"><div class=\"wpb_text_column\"><div class=\"wpb_wrapper\"><p><strong>Das Atl\u00e2ntida Mar Hotel liegt auf der smaragdgruenen und wunderbaren Insel Terceira, auf den zu Portugal gehoerenden Azoren\u00a0<\/strong><strong>Inseln.<\/strong><\/p>\n<p>Wenn Sie den Internationalen Flughafen von Lajes verlassen, werden Sie einen Kreisel sehen. Gehen Sie geradeaus weiter in Richtung Autobahn, und nach 100 Metern folgen Sie den Strassenschildern nach Praia da Vit\u00f3ria.\u00a0Nach 4 km Fahrt und am Ende dieser Schnellstrasse, nahe beim Meer, biegen Sie am Kreisel links ab. Nach nur 50 Metern sehen Sie das Atl\u00e2ntida Mar Hotel auf der rechten, dem Meer zugewandten Seite.<\/p>\n<p>Das Hotel liegt direkt oberhalb der Meerpromenade und dem Sandstrand von Praia da Vitoria, und das historische Stadtzentrum liegt in Gehdistanz nur 800 Meter vom Hotel entfernt, zu erreichen auf einem schoenen\u00a0Spaziergang, immer dem Wasser entlang und mit tollem Blick ueber das Meer.<\/p>\n<\/div><\/div><\/div><\/div><\/div><\/div><\/div><\/section><section class=\"l-section wpb_row height_small\"><div class=\"l-section-h i-cf\"><div class=\"g-cols vc_row via_flex valign_top type_default stacking_default\"><div class=\"vc_col-sm-6 wpb_column vc_column_container\"><div class=\"vc_column-inner\"><div class=\"wpb_wrapper\"><div class=\"wpb_text_column\"><div class=\"wpb_wrapper\"><p><strong>Andere Orte von Interesse in der Naehe:<\/strong><br \/>\nPraia da Vitoria Marina \u2013 1 km<br \/>\nFlughafen Lajes International Airport \u2013 4 km<br \/>\nTerceira Island Golfplatz \u2013 9 km<br \/>\nAlgar do Carv\u00e3o Vulkanhoehlen \u2013 13 km<br \/>\nDie StadtAngra do Hero\u00edsmo , UNESCO Weltkulturerbe \u2013 22 km<br \/>\nBiscoitos Naturschwimmbecken \u2013 22 Km<br \/>\nAndere Inseln der Zentralgruppe (S\u00e3o Jorge, Graciosa, Pico und Faial) \u2013 Etwa 30 Minuten per Propellerflugzeug, oder zwischen 3 und 9 Stunden<br \/>\nper Boot, das die Inseln aber nur von Mai bis September verbindet.<\/p>\n<p><strong>Geographische Koordinaten:<\/strong><br \/>\nBreite 38 \u00b0 43&#8217;16&#8221;N;<br \/>\nLaenge 27 \u00ba 03&#8217;46&#8221;W<br \/>\nGPS: N 38,721207\u00ba; W 27,062877\u00ba<\/p>\n<\/div><\/div><\/div><\/div><\/div><div class=\"vc_col-sm-6 wpb_column vc_column_container\"><div class=\"vc_column-inner\"><div class=\"wpb_wrapper\"><div class=\"w-map provider_osm\" id=\"us_map_1\"><div class=\"w-map-json\" onclick='return {&quot;address&quot;:&quot;38.732862,-27.062501&quot;,&quot;zoom&quot;:11,&quot;hideControls&quot;:0,&quot;disableZoom&quot;:0,&quot;disableDragging&quot;:0,&quot;markers&quot;:[{&quot;address&quot;:&quot;38.732862,-27.062501&quot;,&quot;html&quot;:&quot;&lt;b&gt;Atl\\u00e2ntida Mar Hotel&lt;\\\/b&gt;\\n&lt;br&gt;Boavista, n\\u00ba 9\\n&lt;br&gt;9760-557 Praia da Vit\\u00f3ria\\n&lt;br&gt;Azores \\u2013 Portugal\\n&lt;br&gt;&lt;b&gt;Telefon:&lt;\\\/b&gt; &lt;a href=\\&quot;tel:00351295545800\\&quot;&gt;00351 295 545 800&lt;\\\/a&gt;\\n&lt;br&gt;&lt;b&gt;Fax:&lt;\\\/b&gt; 00351 295 545 808&quot;,&quot;infowindow&quot;:&quot;1&quot;},{&quot;address&quot;:&quot;38.732862,-27.062501&quot;,&quot;html&quot;:&quot;&quot;,&quot;marker_img&quot;:null,&quot;marker_size&quot;:[&quot;30&quot;,&quot;30&quot;]}],&quot;style&quot;:&quot;https:\\\/\\\/{s}.tile.openstreetmap.org\\\/{z}\\\/{x}\\\/{y}.png&quot;}'><\/div><\/div><\/div><\/div><\/div><\/div><\/div><\/section>\n<\/section>","protected":false},"excerpt":{"rendered":"Das Atl\u00e2ntida Mar Hotel liegt auf der smaragdgruenen und wunderbaren Insel Terceira, auf den zu Portugal gehoerenden Azoren\u00a0Inseln. Wenn Sie den Internationalen Flughafen von Lajes verlassen, werden Sie einen Kreisel sehen. Gehen Sie geradeaus weiter in Richtung Autobahn, und nach 100 Metern folgen Sie den Strassenschildern nach Praia da Vit\u00f3ria.\u00a0Nach 4 km Fahrt und am...","protected":false},"author":1,"featured_media":4973,"parent":0,"menu_order":0,"comment_status":"closed","ping_status":"closed","template":"","meta":{"_monsterinsights_skip_tracking":false,"_monsterinsights_sitenote_active":false,"_monsterinsights_sitenote_note":"","_monsterinsights_sitenote_category":0},"acf":[],"yoast_head":"<!-- This site is optimized with the Yoast SEO plugin v20.12 - https:\/\/yoast.com\/wordpress\/plugins\/seo\/ -->\n<title>Standort - Atl\u00e2ntida Mar Hotel<\/title>\n<meta name=\"description\" content=\"Entdecken Sie unsere erstklassige Lage auf der smaragdgr\u00fcnen Insel Terceira auf den Azoren. An der Strandpromenade der Bucht Praia da Vit\u00f3ria gelegen.\" \/>\n<meta name=\"robots\" content=\"index, follow, max-snippet:-1, max-image-preview:large, max-video-preview:-1\" \/>\n<link rel=\"canonical\" href=\"https:\/\/atlantidamarhotel.com\/de\/standort\/\" \/>\n<meta property=\"og:locale\" content=\"de_DE\" \/>\n<meta property=\"og:type\" content=\"article\" \/>\n<meta property=\"og:title\" content=\"Standort - Atl\u00e2ntida Mar Hotel\" \/>\n<meta property=\"og:description\" content=\"Entdecken Sie unsere erstklassige Lage auf der smaragdgr\u00fcnen Insel Terceira auf den Azoren. An der Strandpromenade der Bucht Praia da Vit\u00f3ria gelegen.\" \/>\n<meta property=\"og:url\" content=\"https:\/\/atlantidamarhotel.com\/de\/standort\/\" \/>\n<meta property=\"og:site_name\" content=\"Atl\u00e2ntida Mar Hotel\" \/>\n<meta property=\"article:publisher\" content=\"https:\/\/www.facebook.com\/AtlantidaMarHotel\/\" \/>\n<meta property=\"article:modified_time\" content=\"2023-05-27T17:14:34+00:00\" \/>\n<meta property=\"og:image\" content=\"https:\/\/atlantidamarhotel.com\/wp-content\/uploads\/2017\/02\/location_atlantida_mar_hotel3.jpg\" \/>\n\t<meta property=\"og:image:width\" content=\"2000\" \/>\n\t<meta property=\"og:image:height\" content=\"1000\" \/>\n\t<meta property=\"og:image:type\" content=\"image\/jpeg\" \/>\n<meta name=\"twitter:card\" content=\"summary_large_image\" \/>\n<meta name=\"twitter:label1\" content=\"Gesch\u00e4tzte Lesezeit\" \/>\n\t<meta name=\"twitter:data1\" content=\"2\u00a0Minuten\" \/>\n<script type=\"application\/ld+json\" class=\"yoast-schema-graph\">{\"@context\":\"https:\/\/schema.org\",\"@graph\":[{\"@type\":\"WebPage\",\"@id\":\"https:\/\/atlantidamarhotel.com\/de\/standort\/\",\"url\":\"https:\/\/atlantidamarhotel.com\/de\/standort\/\",\"name\":\"Standort - Atl\u00e2ntida Mar Hotel\",\"isPartOf\":{\"@id\":\"https:\/\/atlantidamarhotel.com\/de\/#website\"},\"datePublished\":\"2017-01-24T22:35:48+00:00\",\"dateModified\":\"2023-05-27T17:14:34+00:00\",\"description\":\"Entdecken Sie unsere erstklassige Lage auf der smaragdgr\u00fcnen Insel Terceira auf den Azoren. An der Strandpromenade der Bucht Praia da Vit\u00f3ria gelegen.\",\"breadcrumb\":{\"@id\":\"https:\/\/atlantidamarhotel.com\/de\/standort\/#breadcrumb\"},\"inLanguage\":\"de\",\"potentialAction\":[{\"@type\":\"ReadAction\",\"target\":[\"https:\/\/atlantidamarhotel.com\/de\/standort\/\"]}]},{\"@type\":\"BreadcrumbList\",\"@id\":\"https:\/\/atlantidamarhotel.com\/de\/standort\/#breadcrumb\",\"itemListElement\":[{\"@type\":\"ListItem\",\"position\":1,\"name\":\"Home\",\"item\":\"https:\/\/atlantidamarhotel.com\/de\/\"},{\"@type\":\"ListItem\",\"position\":2,\"name\":\"Standort\"}]},{\"@type\":\"WebSite\",\"@id\":\"https:\/\/atlantidamarhotel.com\/de\/#website\",\"url\":\"https:\/\/atlantidamarhotel.com\/de\/\",\"name\":\"Atl\u00e2ntida Mar Hotel\",\"description\":\"Aparthotel\",\"publisher\":{\"@id\":\"https:\/\/atlantidamarhotel.com\/de\/#organization\"},\"potentialAction\":[{\"@type\":\"SearchAction\",\"target\":{\"@type\":\"EntryPoint\",\"urlTemplate\":\"https:\/\/atlantidamarhotel.com\/de\/?s={search_term_string}\"},\"query-input\":\"required name=search_term_string\"}],\"inLanguage\":\"de\"},{\"@type\":\"Organization\",\"@id\":\"https:\/\/atlantidamarhotel.com\/de\/#organization\",\"name\":\"Atl\u00e2ntida Mar Hotel\",\"url\":\"https:\/\/atlantidamarhotel.com\/de\/\",\"logo\":{\"@type\":\"ImageObject\",\"inLanguage\":\"de\",\"@id\":\"https:\/\/atlantidamarhotel.com\/de\/#\/schema\/logo\/image\/\",\"url\":\"https:\/\/atlantidamarhotel.com\/wp-content\/uploads\/2016\/12\/logo-Atlantida-mar-hotel-2.png\",\"contentUrl\":\"https:\/\/atlantidamarhotel.com\/wp-content\/uploads\/2016\/12\/logo-Atlantida-mar-hotel-2.png\",\"width\":1600,\"height\":445,\"caption\":\"Atl\u00e2ntida Mar Hotel\"},\"image\":{\"@id\":\"https:\/\/atlantidamarhotel.com\/de\/#\/schema\/logo\/image\/\"},\"sameAs\":[\"https:\/\/www.facebook.com\/AtlantidaMarHotel\/\"]}]}<\/script>\n<!-- \/ Yoast SEO plugin. -->","yoast_head_json":{"title":"Standort - Atl\u00e2ntida Mar Hotel","description":"Entdecken Sie unsere erstklassige Lage auf der smaragdgr\u00fcnen Insel Terceira auf den Azoren. An der Strandpromenade der Bucht Praia da Vit\u00f3ria gelegen.","robots":{"index":"index","follow":"follow","max-snippet":"max-snippet:-1","max-image-preview":"max-image-preview:large","max-video-preview":"max-video-preview:-1"},"canonical":"https:\/\/atlantidamarhotel.com\/de\/standort\/","og_locale":"de_DE","og_type":"article","og_title":"Standort - Atl\u00e2ntida Mar Hotel","og_description":"Entdecken Sie unsere erstklassige Lage auf der smaragdgr\u00fcnen Insel Terceira auf den Azoren. An der Strandpromenade der Bucht Praia da Vit\u00f3ria gelegen.","og_url":"https:\/\/atlantidamarhotel.com\/de\/standort\/","og_site_name":"Atl\u00e2ntida Mar Hotel","article_publisher":"https:\/\/www.facebook.com\/AtlantidaMarHotel\/","article_modified_time":"2023-05-27T17:14:34+00:00","og_image":[{"width":2000,"height":1000,"url":"https:\/\/atlantidamarhotel.com\/wp-content\/uploads\/2017\/02\/location_atlantida_mar_hotel3.jpg","type":"image\/jpeg"}],"twitter_card":"summary_large_image","twitter_misc":{"Gesch\u00e4tzte Lesezeit":"2\u00a0Minuten"},"schema":{"@context":"https:\/\/schema.org","@graph":[{"@type":"WebPage","@id":"https:\/\/atlantidamarhotel.com\/de\/standort\/","url":"https:\/\/atlantidamarhotel.com\/de\/standort\/","name":"Standort - Atl\u00e2ntida Mar Hotel","isPartOf":{"@id":"https:\/\/atlantidamarhotel.com\/de\/#website"},"datePublished":"2017-01-24T22:35:48+00:00","dateModified":"2023-05-27T17:14:34+00:00","description":"Entdecken Sie unsere erstklassige Lage auf der smaragdgr\u00fcnen Insel Terceira auf den Azoren. An der Strandpromenade der Bucht Praia da Vit\u00f3ria gelegen.","breadcrumb":{"@id":"https:\/\/atlantidamarhotel.com\/de\/standort\/#breadcrumb"},"inLanguage":"de","potentialAction":[{"@type":"ReadAction","target":["https:\/\/atlantidamarhotel.com\/de\/standort\/"]}]},{"@type":"BreadcrumbList","@id":"https:\/\/atlantidamarhotel.com\/de\/standort\/#breadcrumb","itemListElement":[{"@type":"ListItem","position":1,"name":"Home","item":"https:\/\/atlantidamarhotel.com\/de\/"},{"@type":"ListItem","position":2,"name":"Standort"}]},{"@type":"WebSite","@id":"https:\/\/atlantidamarhotel.com\/de\/#website","url":"https:\/\/atlantidamarhotel.com\/de\/","name":"Atl\u00e2ntida Mar Hotel","description":"Aparthotel","publisher":{"@id":"https:\/\/atlantidamarhotel.com\/de\/#organization"},"potentialAction":[{"@type":"SearchAction","target":{"@type":"EntryPoint","urlTemplate":"https:\/\/atlantidamarhotel.com\/de\/?s={search_term_string}"},"query-input":"required name=search_term_string"}],"inLanguage":"de"},{"@type":"Organization","@id":"https:\/\/atlantidamarhotel.com\/de\/#organization","name":"Atl\u00e2ntida Mar Hotel","url":"https:\/\/atlantidamarhotel.com\/de\/","logo":{"@type":"ImageObject","inLanguage":"de","@id":"https:\/\/atlantidamarhotel.com\/de\/#\/schema\/logo\/image\/","url":"https:\/\/atlantidamarhotel.com\/wp-content\/uploads\/2016\/12\/logo-Atlantida-mar-hotel-2.png","contentUrl":"https:\/\/atlantidamarhotel.com\/wp-content\/uploads\/2016\/12\/logo-Atlantida-mar-hotel-2.png","width":1600,"height":445,"caption":"Atl\u00e2ntida Mar Hotel"},"image":{"@id":"https:\/\/atlantidamarhotel.com\/de\/#\/schema\/logo\/image\/"},"sameAs":["https:\/\/www.facebook.com\/AtlantidaMarHotel\/"]}]}},"_links":{"self":[{"href":"https:\/\/atlantidamarhotel.com\/de\/wp-json\/wp\/v2\/pages\/1546"}],"collection":[{"href":"https:\/\/atlantidamarhotel.com\/de\/wp-json\/wp\/v2\/pages"}],"about":[{"href":"https:\/\/atlantidamarhotel.com\/de\/wp-json\/wp\/v2\/types\/page"}],"author":[{"embeddable":true,"href":"https:\/\/atlantidamarhotel.com\/de\/wp-json\/wp\/v2\/users\/1"}],"replies":[{"embeddable":true,"href":"https:\/\/atlantidamarhotel.com\/de\/wp-json\/wp\/v2\/comments?post=1546"}],"version-history":[{"count":5,"href":"https:\/\/atlantidamarhotel.com\/de\/wp-json\/wp\/v2\/pages\/1546\/revisions"}],"predecessor-version":[{"id":5866,"href":"https:\/\/atlantidamarhotel.com\/de\/wp-json\/wp\/v2\/pages\/1546\/revisions\/5866"}],"wp:featuredmedia":[{"embeddable":true,"href":"https:\/\/atlantidamarhotel.com\/de\/wp-json\/wp\/v2\/media\/4973"}],"wp:attachment":[{"href":"https:\/\/atlantidamarhotel.com\/de\/wp-json\/wp\/v2\/media?parent=1546"}],"curies":[{"name":"wp","href":"https:\/\/api.w.org\/{rel}","templated":true}]}}