{"id":1554,"date":"2017-01-24T21:10:19","date_gmt":"2017-01-24T22:10:19","guid":{"rendered":"http:\/\/www.atlantidamarhotel.pt\/architecture\/"},"modified":"2023-05-27T21:07:04","modified_gmt":"2023-05-27T22:07:04","slug":"architektur","status":"publish","type":"page","link":"https:\/\/atlantidamarhotel.com\/de\/erholung-freizeit\/die-insel-entdecken\/architektur\/","title":{"rendered":"Architektur"},"content":{"rendered":"<section class=\"wpb-content-wrapper\"><section class=\"l-section wpb_row height_custom\"><div class=\"l-section-h i-cf\"><div class=\"g-cols vc_row via_flex valign_top type_default stacking_default\"><div class=\"vc_col-sm-12 wpb_column vc_column_container\"><div class=\"vc_column-inner\"><div class=\"wpb_wrapper\"><div class=\"wpb_text_column\"><div class=\"wpb_wrapper\"><p>Beispiele der sogenannten <strong>Ramo Grande Haus<\/strong> Architektur finden Sie in Praia da Vit\u00f3ria.<\/p>\n<p>Dies sind in Ramo Grande verstreute Bauernhaeuser mit grossen, detailgetreuen Steinarbeiten. In vielen Faellen fallen diese Haeuser durch ihre Dimensionen und aus Naturstein gebaute Zusatzgebaeude fuer landwirtschaftliche Aktivitaeten auf.<\/p>\n<p>An anderen Orten vervollstaendigen andere Bauernhaeuser und Herrenhaeuser die aristokratische Atmosphaere gewisser Orte auf Terceira. Einige dieser Herrenhaeuser werden heute\u00a0als Touristenunterkuenfte genutzt.<\/p>\n<\/div><\/div><\/div><\/div><\/div><\/div><\/div><\/section><section class=\"l-section wpb_row height_custom\"><div class=\"l-section-h i-cf\"><div class=\"g-cols vc_row via_flex valign_top type_default stacking_default\"><div class=\"vc_col-sm-12 wpb_column vc_column_container\"><div class=\"vc_column-inner\"><div class=\"wpb_wrapper\"><div class=\"w-btn-wrapper align_center\"><a class=\"w-btn us-btn-style_1\" title=\"Die Insel entdecken\" href=\"\/de\/erholung-freizeit\/die-insel-entdecken\/\"><span class=\"w-btn-label\">Geh zur\u00fcck<\/span><\/a><\/div><\/div><\/div><\/div><\/div><\/div><\/section>\n<\/section>","protected":false},"excerpt":{"rendered":"Beispiele der sogenannten Ramo Grande Haus Architektur finden Sie in Praia da Vit\u00f3ria. Dies sind in Ramo Grande verstreute Bauernhaeuser mit grossen, detailgetreuen Steinarbeiten. In vielen Faellen fallen diese Haeuser durch ihre Dimensionen und aus Naturstein gebaute Zusatzgebaeude fuer landwirtschaftliche Aktivitaeten auf. An anderen Orten vervollstaendigen andere Bauernhaeuser und Herrenhaeuser die aristokratische Atmosphaere gewisser Orte...","protected":false},"author":1,"featured_media":4601,"parent":1580,"menu_order":0,"comment_status":"closed","ping_status":"closed","template":"","meta":{"_monsterinsights_skip_tracking":false,"_monsterinsights_sitenote_active":false,"_monsterinsights_sitenote_note":"","_monsterinsights_sitenote_category":0},"acf":[],"yoast_head":"<!-- This site is optimized with the Yoast SEO plugin v20.12 - https:\/\/yoast.com\/wordpress\/plugins\/seo\/ -->\n<title>Architektur - Atl\u00e2ntida Mar Hotel<\/title>\n<meta name=\"description\" content=\"Entdecken Sie die einzigartige Architektur von Ramo Grande in Praia da Vit\u00f3ria, gepr\u00e4gt von detaillierten gemauerten Bauernh\u00e4usern und Herrenh\u00e4usern.\" \/>\n<meta name=\"robots\" content=\"index, follow, max-snippet:-1, max-image-preview:large, max-video-preview:-1\" \/>\n<link rel=\"canonical\" href=\"https:\/\/atlantidamarhotel.com\/de\/erholung-freizeit\/die-insel-entdecken\/architektur\/\" \/>\n<meta property=\"og:locale\" content=\"de_DE\" \/>\n<meta property=\"og:type\" content=\"article\" \/>\n<meta property=\"og:title\" content=\"Architektur - Atl\u00e2ntida Mar Hotel\" \/>\n<meta property=\"og:description\" content=\"Entdecken Sie die einzigartige Architektur von Ramo Grande in Praia da Vit\u00f3ria, gepr\u00e4gt von detaillierten gemauerten Bauernh\u00e4usern und Herrenh\u00e4usern.\" \/>\n<meta property=\"og:url\" content=\"https:\/\/atlantidamarhotel.com\/de\/erholung-freizeit\/die-insel-entdecken\/architektur\/\" \/>\n<meta property=\"og:site_name\" content=\"Atl\u00e2ntida Mar Hotel\" \/>\n<meta property=\"article:publisher\" content=\"https:\/\/www.facebook.com\/AtlantidaMarHotel\/\" \/>\n<meta property=\"article:modified_time\" content=\"2023-05-27T22:07:04+00:00\" \/>\n<meta property=\"og:image\" content=\"https:\/\/atlantidamarhotel.com\/wp-content\/uploads\/2017\/01\/architecture_atlantida_mar_hotel.jpg\" \/>\n\t<meta property=\"og:image:width\" content=\"1500\" \/>\n\t<meta property=\"og:image:height\" content=\"998\" \/>\n\t<meta property=\"og:image:type\" content=\"image\/jpeg\" \/>\n<meta name=\"twitter:card\" content=\"summary_large_image\" \/>\n<meta name=\"twitter:label1\" content=\"Gesch\u00e4tzte Lesezeit\" \/>\n\t<meta name=\"twitter:data1\" content=\"1\u00a0Minute\" \/>\n<script type=\"application\/ld+json\" class=\"yoast-schema-graph\">{\"@context\":\"https:\/\/schema.org\",\"@graph\":[{\"@type\":\"WebPage\",\"@id\":\"https:\/\/atlantidamarhotel.com\/de\/erholung-freizeit\/die-insel-entdecken\/architektur\/\",\"url\":\"https:\/\/atlantidamarhotel.com\/de\/erholung-freizeit\/die-insel-entdecken\/architektur\/\",\"name\":\"Architektur - Atl\u00e2ntida Mar Hotel\",\"isPartOf\":{\"@id\":\"https:\/\/atlantidamarhotel.com\/de\/#website\"},\"datePublished\":\"2017-01-24T22:10:19+00:00\",\"dateModified\":\"2023-05-27T22:07:04+00:00\",\"description\":\"Entdecken Sie die einzigartige Architektur von Ramo Grande in Praia da Vit\u00f3ria, gepr\u00e4gt von detaillierten gemauerten Bauernh\u00e4usern und Herrenh\u00e4usern.\",\"breadcrumb\":{\"@id\":\"https:\/\/atlantidamarhotel.com\/de\/erholung-freizeit\/die-insel-entdecken\/architektur\/#breadcrumb\"},\"inLanguage\":\"de\",\"potentialAction\":[{\"@type\":\"ReadAction\",\"target\":[\"https:\/\/atlantidamarhotel.com\/de\/erholung-freizeit\/die-insel-entdecken\/architektur\/\"]}]},{\"@type\":\"BreadcrumbList\",\"@id\":\"https:\/\/atlantidamarhotel.com\/de\/erholung-freizeit\/die-insel-entdecken\/architektur\/#breadcrumb\",\"itemListElement\":[{\"@type\":\"ListItem\",\"position\":1,\"name\":\"Home\",\"item\":\"https:\/\/atlantidamarhotel.com\/de\/\"},{\"@type\":\"ListItem\",\"position\":2,\"name\":\"Erholung &#038; Freizeit\",\"item\":\"https:\/\/atlantidamarhotel.com\/de\/erholung-freizeit\/\"},{\"@type\":\"ListItem\",\"position\":3,\"name\":\"Die Insel entdecken\",\"item\":\"https:\/\/atlantidamarhotel.com\/de\/erholung-freizeit\/die-insel-entdecken\/\"},{\"@type\":\"ListItem\",\"position\":4,\"name\":\"Architektur\"}]},{\"@type\":\"WebSite\",\"@id\":\"https:\/\/atlantidamarhotel.com\/de\/#website\",\"url\":\"https:\/\/atlantidamarhotel.com\/de\/\",\"name\":\"Atl\u00e2ntida Mar Hotel\",\"description\":\"Aparthotel\",\"publisher\":{\"@id\":\"https:\/\/atlantidamarhotel.com\/de\/#organization\"},\"potentialAction\":[{\"@type\":\"SearchAction\",\"target\":{\"@type\":\"EntryPoint\",\"urlTemplate\":\"https:\/\/atlantidamarhotel.com\/de\/?s={search_term_string}\"},\"query-input\":\"required name=search_term_string\"}],\"inLanguage\":\"de\"},{\"@type\":\"Organization\",\"@id\":\"https:\/\/atlantidamarhotel.com\/de\/#organization\",\"name\":\"Atl\u00e2ntida Mar Hotel\",\"url\":\"https:\/\/atlantidamarhotel.com\/de\/\",\"logo\":{\"@type\":\"ImageObject\",\"inLanguage\":\"de\",\"@id\":\"https:\/\/atlantidamarhotel.com\/de\/#\/schema\/logo\/image\/\",\"url\":\"https:\/\/atlantidamarhotel.com\/wp-content\/uploads\/2016\/12\/logo-Atlantida-mar-hotel-2.png\",\"contentUrl\":\"https:\/\/atlantidamarhotel.com\/wp-content\/uploads\/2016\/12\/logo-Atlantida-mar-hotel-2.png\",\"width\":1600,\"height\":445,\"caption\":\"Atl\u00e2ntida Mar Hotel\"},\"image\":{\"@id\":\"https:\/\/atlantidamarhotel.com\/de\/#\/schema\/logo\/image\/\"},\"sameAs\":[\"https:\/\/www.facebook.com\/AtlantidaMarHotel\/\"]}]}<\/script>\n<!-- \/ Yoast SEO plugin. -->","yoast_head_json":{"title":"Architektur - Atl\u00e2ntida Mar Hotel","description":"Entdecken Sie die einzigartige Architektur von Ramo Grande in Praia da Vit\u00f3ria, gepr\u00e4gt von detaillierten gemauerten Bauernh\u00e4usern und Herrenh\u00e4usern.","robots":{"index":"index","follow":"follow","max-snippet":"max-snippet:-1","max-image-preview":"max-image-preview:large","max-video-preview":"max-video-preview:-1"},"canonical":"https:\/\/atlantidamarhotel.com\/de\/erholung-freizeit\/die-insel-entdecken\/architektur\/","og_locale":"de_DE","og_type":"article","og_title":"Architektur - Atl\u00e2ntida Mar Hotel","og_description":"Entdecken Sie die einzigartige Architektur von Ramo Grande in Praia da Vit\u00f3ria, gepr\u00e4gt von detaillierten gemauerten Bauernh\u00e4usern und Herrenh\u00e4usern.","og_url":"https:\/\/atlantidamarhotel.com\/de\/erholung-freizeit\/die-insel-entdecken\/architektur\/","og_site_name":"Atl\u00e2ntida Mar Hotel","article_publisher":"https:\/\/www.facebook.com\/AtlantidaMarHotel\/","article_modified_time":"2023-05-27T22:07:04+00:00","og_image":[{"width":1500,"height":998,"url":"https:\/\/atlantidamarhotel.com\/wp-content\/uploads\/2017\/01\/architecture_atlantida_mar_hotel.jpg","type":"image\/jpeg"}],"twitter_card":"summary_large_image","twitter_misc":{"Gesch\u00e4tzte Lesezeit":"1\u00a0Minute"},"schema":{"@context":"https:\/\/schema.org","@graph":[{"@type":"WebPage","@id":"https:\/\/atlantidamarhotel.com\/de\/erholung-freizeit\/die-insel-entdecken\/architektur\/","url":"https:\/\/atlantidamarhotel.com\/de\/erholung-freizeit\/die-insel-entdecken\/architektur\/","name":"Architektur - Atl\u00e2ntida Mar Hotel","isPartOf":{"@id":"https:\/\/atlantidamarhotel.com\/de\/#website"},"datePublished":"2017-01-24T22:10:19+00:00","dateModified":"2023-05-27T22:07:04+00:00","description":"Entdecken Sie die einzigartige Architektur von Ramo Grande in Praia da Vit\u00f3ria, gepr\u00e4gt von detaillierten gemauerten Bauernh\u00e4usern und Herrenh\u00e4usern.","breadcrumb":{"@id":"https:\/\/atlantidamarhotel.com\/de\/erholung-freizeit\/die-insel-entdecken\/architektur\/#breadcrumb"},"inLanguage":"de","potentialAction":[{"@type":"ReadAction","target":["https:\/\/atlantidamarhotel.com\/de\/erholung-freizeit\/die-insel-entdecken\/architektur\/"]}]},{"@type":"BreadcrumbList","@id":"https:\/\/atlantidamarhotel.com\/de\/erholung-freizeit\/die-insel-entdecken\/architektur\/#breadcrumb","itemListElement":[{"@type":"ListItem","position":1,"name":"Home","item":"https:\/\/atlantidamarhotel.com\/de\/"},{"@type":"ListItem","position":2,"name":"Erholung &#038; Freizeit","item":"https:\/\/atlantidamarhotel.com\/de\/erholung-freizeit\/"},{"@type":"ListItem","position":3,"name":"Die Insel entdecken","item":"https:\/\/atlantidamarhotel.com\/de\/erholung-freizeit\/die-insel-entdecken\/"},{"@type":"ListItem","position":4,"name":"Architektur"}]},{"@type":"WebSite","@id":"https:\/\/atlantidamarhotel.com\/de\/#website","url":"https:\/\/atlantidamarhotel.com\/de\/","name":"Atl\u00e2ntida Mar Hotel","description":"Aparthotel","publisher":{"@id":"https:\/\/atlantidamarhotel.com\/de\/#organization"},"potentialAction":[{"@type":"SearchAction","target":{"@type":"EntryPoint","urlTemplate":"https:\/\/atlantidamarhotel.com\/de\/?s={search_term_string}"},"query-input":"required name=search_term_string"}],"inLanguage":"de"},{"@type":"Organization","@id":"https:\/\/atlantidamarhotel.com\/de\/#organization","name":"Atl\u00e2ntida Mar Hotel","url":"https:\/\/atlantidamarhotel.com\/de\/","logo":{"@type":"ImageObject","inLanguage":"de","@id":"https:\/\/atlantidamarhotel.com\/de\/#\/schema\/logo\/image\/","url":"https:\/\/atlantidamarhotel.com\/wp-content\/uploads\/2016\/12\/logo-Atlantida-mar-hotel-2.png","contentUrl":"https:\/\/atlantidamarhotel.com\/wp-content\/uploads\/2016\/12\/logo-Atlantida-mar-hotel-2.png","width":1600,"height":445,"caption":"Atl\u00e2ntida Mar Hotel"},"image":{"@id":"https:\/\/atlantidamarhotel.com\/de\/#\/schema\/logo\/image\/"},"sameAs":["https:\/\/www.facebook.com\/AtlantidaMarHotel\/"]}]}},"_links":{"self":[{"href":"https:\/\/atlantidamarhotel.com\/de\/wp-json\/wp\/v2\/pages\/1554"}],"collection":[{"href":"https:\/\/atlantidamarhotel.com\/de\/wp-json\/wp\/v2\/pages"}],"about":[{"href":"https:\/\/atlantidamarhotel.com\/de\/wp-json\/wp\/v2\/types\/page"}],"author":[{"embeddable":true,"href":"https:\/\/atlantidamarhotel.com\/de\/wp-json\/wp\/v2\/users\/1"}],"replies":[{"embeddable":true,"href":"https:\/\/atlantidamarhotel.com\/de\/wp-json\/wp\/v2\/comments?post=1554"}],"version-history":[{"count":4,"href":"https:\/\/atlantidamarhotel.com\/de\/wp-json\/wp\/v2\/pages\/1554\/revisions"}],"predecessor-version":[{"id":5908,"href":"https:\/\/atlantidamarhotel.com\/de\/wp-json\/wp\/v2\/pages\/1554\/revisions\/5908"}],"up":[{"embeddable":true,"href":"https:\/\/atlantidamarhotel.com\/de\/wp-json\/wp\/v2\/pages\/1580"}],"wp:featuredmedia":[{"embeddable":true,"href":"https:\/\/atlantidamarhotel.com\/de\/wp-json\/wp\/v2\/media\/4601"}],"wp:attachment":[{"href":"https:\/\/atlantidamarhotel.com\/de\/wp-json\/wp\/v2\/media?parent=1554"}],"curies":[{"name":"wp","href":"https:\/\/api.w.org\/{rel}","templated":true}]}}