{"id":1556,"date":"2017-01-24T21:05:45","date_gmt":"2017-01-24T22:05:45","guid":{"rendered":"http:\/\/www.atlantidamarhotel.pt\/activities\/"},"modified":"2023-05-27T20:53:08","modified_gmt":"2023-05-27T21:53:08","slug":"aktivitaeten","status":"publish","type":"page","link":"https:\/\/atlantidamarhotel.com\/de\/erholung-freizeit\/die-insel-entdecken\/aktivitaeten\/","title":{"rendered":"Aktivit\u00e4ten"},"content":{"rendered":"<section class=\"wpb-content-wrapper\"><section class=\"l-section wpb_row height_custom\"><div class=\"l-section-h i-cf\"><div class=\"g-cols vc_row via_flex valign_top type_default stacking_default\"><div class=\"vc_col-sm-12 wpb_column vc_column_container\"><div class=\"vc_column-inner\"><div class=\"wpb_wrapper\"><div class=\"wpb_text_column\"><div class=\"wpb_wrapper\"><p><strong>Im Wasser<\/strong><\/p>\n<p>Surfen, Body Board, Windsurfen, Wasserski, Jet Ski und anderes kann in Praia da Vit\u00f3ria praktiziert werden. Ebenso kann man Segeltouren buchen, Kanus sowie Delfine und Wale beobachten gehen. Das Angebot an Wassersport ist gross, und einige Sportarten werden auch in Angra do Hero\u00edsmo angeboten.<br \/>\nDie Kueste von Terceira bietet zudem gute Moeglichkeiten zum Angeln und Speerfischen unter Wasser. Anbieter mit geschulten, professionellen Instruktoren begleiten Sie auf Tauchgaenge, oder bieten auch Tauchtaufen und Trainingskurse an. Die den Gezeiten ausgesetzten Naturschwimmbecken in Salgueiros, Silveira, Negrito, Quatro Ribeiras, Biscoitos und Porto Martins bieten ausgezeichnete Bedingungen zum Schwimmen.<\/p>\n<p><strong>Auf dem Land<\/strong><\/p>\n<p>\u201eAlgar do Carv\u00e3o\u201c und die \u201eGruta do Natal\u201c sind zwei vulkanische Hoehlen, welche aussergewoehnliche Erlebnisse bieten. Wenn Sie moechten, koennen Sie diese und andere Hoehlen auf Terceira mit einem Fuehrer besuchen. Bergsteigen ist eine andere Sportart, die praktiziert werden kann, in Chanoca, Chupa Cabras und Grota do Medo. An gewissen Orten kann man Paragliding betreiben. Wandern ist sehr beliebt auf der Insel, ebenso Fahrradtouren, Mountain Biking, Pferde- und sogar Eselreiten. In der Quinta do Galo gibt es einen Erlebnis Park, genannt \u201eParque Aventura\u201c, und 4\u00d74 SUV sowie Quad Bikes Touren werden auch angeboten. Golf kann im schoenen\u00a0Terceira Golf Club praktiziert werden.<\/p>\n<\/div><\/div><div class=\"w-separator size_medium\"><\/div><div class=\"w-btn-wrapper align_center\"><a class=\"w-btn us-btn-style_1\" title=\"Die Insel entdecken\" href=\"\/de\/erholung-freizeit\/die-insel-entdecken\/\"><span class=\"w-btn-label\">Geh zur\u00fcck<\/span><\/a><\/div><\/div><\/div><\/div><\/div><\/div><\/section>\n<\/section>","protected":false},"excerpt":{"rendered":"Im Wasser Surfen, Body Board, Windsurfen, Wasserski, Jet Ski und anderes kann in Praia da Vit\u00f3ria praktiziert werden. Ebenso kann man Segeltouren buchen, Kanus sowie Delfine und Wale beobachten gehen. Das Angebot an Wassersport ist gross, und einige Sportarten werden auch in Angra do Hero\u00edsmo angeboten. Die Kueste von Terceira bietet zudem gute Moeglichkeiten zum...","protected":false},"author":1,"featured_media":5069,"parent":1580,"menu_order":0,"comment_status":"closed","ping_status":"closed","template":"","meta":{"_monsterinsights_skip_tracking":false,"_monsterinsights_sitenote_active":false,"_monsterinsights_sitenote_note":"","_monsterinsights_sitenote_category":0},"acf":[],"yoast_head":"<!-- This site is optimized with the Yoast SEO plugin v20.12 - https:\/\/yoast.com\/wordpress\/plugins\/seo\/ -->\n<title>Aktivit\u00e4ten - Atl\u00e2ntida Mar Hotel<\/title>\n<meta name=\"description\" content=\"Erleben Sie eine Vielzahl von Wasser- und Landaktivit\u00e4ten auf der Insel Terceira. Surfen, Jetski, Walbeobachtung, Tauchen, nat\u00fcrliche Pools und mehr\" \/>\n<meta name=\"robots\" content=\"index, follow, max-snippet:-1, max-image-preview:large, max-video-preview:-1\" \/>\n<link rel=\"canonical\" href=\"https:\/\/atlantidamarhotel.com\/de\/erholung-freizeit\/die-insel-entdecken\/aktivitaeten\/\" \/>\n<meta property=\"og:locale\" content=\"de_DE\" \/>\n<meta property=\"og:type\" content=\"article\" \/>\n<meta property=\"og:title\" content=\"Aktivit\u00e4ten - Atl\u00e2ntida Mar Hotel\" \/>\n<meta property=\"og:description\" content=\"Erleben Sie eine Vielzahl von Wasser- und Landaktivit\u00e4ten auf der Insel Terceira. Surfen, Jetski, Walbeobachtung, Tauchen, nat\u00fcrliche Pools und mehr\" \/>\n<meta property=\"og:url\" content=\"https:\/\/atlantidamarhotel.com\/de\/erholung-freizeit\/die-insel-entdecken\/aktivitaeten\/\" \/>\n<meta property=\"og:site_name\" content=\"Atl\u00e2ntida Mar Hotel\" \/>\n<meta property=\"article:publisher\" content=\"https:\/\/www.facebook.com\/AtlantidaMarHotel\/\" \/>\n<meta property=\"article:modified_time\" content=\"2023-05-27T21:53:08+00:00\" \/>\n<meta property=\"og:image\" content=\"https:\/\/atlantidamarhotel.com\/wp-content\/uploads\/2017\/03\/1-Experiences-at-Sea-Sub-Pagina-Beach-Water-Sports.jpg\" \/>\n\t<meta property=\"og:image:width\" content=\"2000\" \/>\n\t<meta property=\"og:image:height\" content=\"1000\" \/>\n\t<meta property=\"og:image:type\" content=\"image\/jpeg\" \/>\n<meta name=\"twitter:card\" content=\"summary_large_image\" \/>\n<meta name=\"twitter:label1\" content=\"Gesch\u00e4tzte Lesezeit\" \/>\n\t<meta name=\"twitter:data1\" content=\"1\u00a0Minute\" \/>\n<script type=\"application\/ld+json\" class=\"yoast-schema-graph\">{\"@context\":\"https:\/\/schema.org\",\"@graph\":[{\"@type\":\"WebPage\",\"@id\":\"https:\/\/atlantidamarhotel.com\/de\/erholung-freizeit\/die-insel-entdecken\/aktivitaeten\/\",\"url\":\"https:\/\/atlantidamarhotel.com\/de\/erholung-freizeit\/die-insel-entdecken\/aktivitaeten\/\",\"name\":\"Aktivit\u00e4ten - Atl\u00e2ntida Mar Hotel\",\"isPartOf\":{\"@id\":\"https:\/\/atlantidamarhotel.com\/de\/#website\"},\"datePublished\":\"2017-01-24T22:05:45+00:00\",\"dateModified\":\"2023-05-27T21:53:08+00:00\",\"description\":\"Erleben Sie eine Vielzahl von Wasser- und Landaktivit\u00e4ten auf der Insel Terceira. Surfen, Jetski, Walbeobachtung, Tauchen, nat\u00fcrliche Pools und mehr\",\"breadcrumb\":{\"@id\":\"https:\/\/atlantidamarhotel.com\/de\/erholung-freizeit\/die-insel-entdecken\/aktivitaeten\/#breadcrumb\"},\"inLanguage\":\"de\",\"potentialAction\":[{\"@type\":\"ReadAction\",\"target\":[\"https:\/\/atlantidamarhotel.com\/de\/erholung-freizeit\/die-insel-entdecken\/aktivitaeten\/\"]}]},{\"@type\":\"BreadcrumbList\",\"@id\":\"https:\/\/atlantidamarhotel.com\/de\/erholung-freizeit\/die-insel-entdecken\/aktivitaeten\/#breadcrumb\",\"itemListElement\":[{\"@type\":\"ListItem\",\"position\":1,\"name\":\"Home\",\"item\":\"https:\/\/atlantidamarhotel.com\/de\/\"},{\"@type\":\"ListItem\",\"position\":2,\"name\":\"Erholung &#038; Freizeit\",\"item\":\"https:\/\/atlantidamarhotel.com\/de\/erholung-freizeit\/\"},{\"@type\":\"ListItem\",\"position\":3,\"name\":\"Die Insel entdecken\",\"item\":\"https:\/\/atlantidamarhotel.com\/de\/erholung-freizeit\/die-insel-entdecken\/\"},{\"@type\":\"ListItem\",\"position\":4,\"name\":\"Aktivit\u00e4ten\"}]},{\"@type\":\"WebSite\",\"@id\":\"https:\/\/atlantidamarhotel.com\/de\/#website\",\"url\":\"https:\/\/atlantidamarhotel.com\/de\/\",\"name\":\"Atl\u00e2ntida Mar Hotel\",\"description\":\"Aparthotel\",\"publisher\":{\"@id\":\"https:\/\/atlantidamarhotel.com\/de\/#organization\"},\"potentialAction\":[{\"@type\":\"SearchAction\",\"target\":{\"@type\":\"EntryPoint\",\"urlTemplate\":\"https:\/\/atlantidamarhotel.com\/de\/?s={search_term_string}\"},\"query-input\":\"required name=search_term_string\"}],\"inLanguage\":\"de\"},{\"@type\":\"Organization\",\"@id\":\"https:\/\/atlantidamarhotel.com\/de\/#organization\",\"name\":\"Atl\u00e2ntida Mar Hotel\",\"url\":\"https:\/\/atlantidamarhotel.com\/de\/\",\"logo\":{\"@type\":\"ImageObject\",\"inLanguage\":\"de\",\"@id\":\"https:\/\/atlantidamarhotel.com\/de\/#\/schema\/logo\/image\/\",\"url\":\"https:\/\/atlantidamarhotel.com\/wp-content\/uploads\/2016\/12\/logo-Atlantida-mar-hotel-2.png\",\"contentUrl\":\"https:\/\/atlantidamarhotel.com\/wp-content\/uploads\/2016\/12\/logo-Atlantida-mar-hotel-2.png\",\"width\":1600,\"height\":445,\"caption\":\"Atl\u00e2ntida Mar Hotel\"},\"image\":{\"@id\":\"https:\/\/atlantidamarhotel.com\/de\/#\/schema\/logo\/image\/\"},\"sameAs\":[\"https:\/\/www.facebook.com\/AtlantidaMarHotel\/\"]}]}<\/script>\n<!-- \/ Yoast SEO plugin. -->","yoast_head_json":{"title":"Aktivit\u00e4ten - Atl\u00e2ntida Mar Hotel","description":"Erleben Sie eine Vielzahl von Wasser- und Landaktivit\u00e4ten auf der Insel Terceira. Surfen, Jetski, Walbeobachtung, Tauchen, nat\u00fcrliche Pools und mehr","robots":{"index":"index","follow":"follow","max-snippet":"max-snippet:-1","max-image-preview":"max-image-preview:large","max-video-preview":"max-video-preview:-1"},"canonical":"https:\/\/atlantidamarhotel.com\/de\/erholung-freizeit\/die-insel-entdecken\/aktivitaeten\/","og_locale":"de_DE","og_type":"article","og_title":"Aktivit\u00e4ten - Atl\u00e2ntida Mar Hotel","og_description":"Erleben Sie eine Vielzahl von Wasser- und Landaktivit\u00e4ten auf der Insel Terceira. Surfen, Jetski, Walbeobachtung, Tauchen, nat\u00fcrliche Pools und mehr","og_url":"https:\/\/atlantidamarhotel.com\/de\/erholung-freizeit\/die-insel-entdecken\/aktivitaeten\/","og_site_name":"Atl\u00e2ntida Mar Hotel","article_publisher":"https:\/\/www.facebook.com\/AtlantidaMarHotel\/","article_modified_time":"2023-05-27T21:53:08+00:00","og_image":[{"width":2000,"height":1000,"url":"https:\/\/atlantidamarhotel.com\/wp-content\/uploads\/2017\/03\/1-Experiences-at-Sea-Sub-Pagina-Beach-Water-Sports.jpg","type":"image\/jpeg"}],"twitter_card":"summary_large_image","twitter_misc":{"Gesch\u00e4tzte Lesezeit":"1\u00a0Minute"},"schema":{"@context":"https:\/\/schema.org","@graph":[{"@type":"WebPage","@id":"https:\/\/atlantidamarhotel.com\/de\/erholung-freizeit\/die-insel-entdecken\/aktivitaeten\/","url":"https:\/\/atlantidamarhotel.com\/de\/erholung-freizeit\/die-insel-entdecken\/aktivitaeten\/","name":"Aktivit\u00e4ten - Atl\u00e2ntida Mar Hotel","isPartOf":{"@id":"https:\/\/atlantidamarhotel.com\/de\/#website"},"datePublished":"2017-01-24T22:05:45+00:00","dateModified":"2023-05-27T21:53:08+00:00","description":"Erleben Sie eine Vielzahl von Wasser- und Landaktivit\u00e4ten auf der Insel Terceira. Surfen, Jetski, Walbeobachtung, Tauchen, nat\u00fcrliche Pools und mehr","breadcrumb":{"@id":"https:\/\/atlantidamarhotel.com\/de\/erholung-freizeit\/die-insel-entdecken\/aktivitaeten\/#breadcrumb"},"inLanguage":"de","potentialAction":[{"@type":"ReadAction","target":["https:\/\/atlantidamarhotel.com\/de\/erholung-freizeit\/die-insel-entdecken\/aktivitaeten\/"]}]},{"@type":"BreadcrumbList","@id":"https:\/\/atlantidamarhotel.com\/de\/erholung-freizeit\/die-insel-entdecken\/aktivitaeten\/#breadcrumb","itemListElement":[{"@type":"ListItem","position":1,"name":"Home","item":"https:\/\/atlantidamarhotel.com\/de\/"},{"@type":"ListItem","position":2,"name":"Erholung &#038; Freizeit","item":"https:\/\/atlantidamarhotel.com\/de\/erholung-freizeit\/"},{"@type":"ListItem","position":3,"name":"Die Insel entdecken","item":"https:\/\/atlantidamarhotel.com\/de\/erholung-freizeit\/die-insel-entdecken\/"},{"@type":"ListItem","position":4,"name":"Aktivit\u00e4ten"}]},{"@type":"WebSite","@id":"https:\/\/atlantidamarhotel.com\/de\/#website","url":"https:\/\/atlantidamarhotel.com\/de\/","name":"Atl\u00e2ntida Mar Hotel","description":"Aparthotel","publisher":{"@id":"https:\/\/atlantidamarhotel.com\/de\/#organization"},"potentialAction":[{"@type":"SearchAction","target":{"@type":"EntryPoint","urlTemplate":"https:\/\/atlantidamarhotel.com\/de\/?s={search_term_string}"},"query-input":"required name=search_term_string"}],"inLanguage":"de"},{"@type":"Organization","@id":"https:\/\/atlantidamarhotel.com\/de\/#organization","name":"Atl\u00e2ntida Mar Hotel","url":"https:\/\/atlantidamarhotel.com\/de\/","logo":{"@type":"ImageObject","inLanguage":"de","@id":"https:\/\/atlantidamarhotel.com\/de\/#\/schema\/logo\/image\/","url":"https:\/\/atlantidamarhotel.com\/wp-content\/uploads\/2016\/12\/logo-Atlantida-mar-hotel-2.png","contentUrl":"https:\/\/atlantidamarhotel.com\/wp-content\/uploads\/2016\/12\/logo-Atlantida-mar-hotel-2.png","width":1600,"height":445,"caption":"Atl\u00e2ntida Mar Hotel"},"image":{"@id":"https:\/\/atlantidamarhotel.com\/de\/#\/schema\/logo\/image\/"},"sameAs":["https:\/\/www.facebook.com\/AtlantidaMarHotel\/"]}]}},"_links":{"self":[{"href":"https:\/\/atlantidamarhotel.com\/de\/wp-json\/wp\/v2\/pages\/1556"}],"collection":[{"href":"https:\/\/atlantidamarhotel.com\/de\/wp-json\/wp\/v2\/pages"}],"about":[{"href":"https:\/\/atlantidamarhotel.com\/de\/wp-json\/wp\/v2\/types\/page"}],"author":[{"embeddable":true,"href":"https:\/\/atlantidamarhotel.com\/de\/wp-json\/wp\/v2\/users\/1"}],"replies":[{"embeddable":true,"href":"https:\/\/atlantidamarhotel.com\/de\/wp-json\/wp\/v2\/comments?post=1556"}],"version-history":[{"count":9,"href":"https:\/\/atlantidamarhotel.com\/de\/wp-json\/wp\/v2\/pages\/1556\/revisions"}],"predecessor-version":[{"id":5903,"href":"https:\/\/atlantidamarhotel.com\/de\/wp-json\/wp\/v2\/pages\/1556\/revisions\/5903"}],"up":[{"embeddable":true,"href":"https:\/\/atlantidamarhotel.com\/de\/wp-json\/wp\/v2\/pages\/1580"}],"wp:featuredmedia":[{"embeddable":true,"href":"https:\/\/atlantidamarhotel.com\/de\/wp-json\/wp\/v2\/media\/5069"}],"wp:attachment":[{"href":"https:\/\/atlantidamarhotel.com\/de\/wp-json\/wp\/v2\/media?parent=1556"}],"curies":[{"name":"wp","href":"https:\/\/api.w.org\/{rel}","templated":true}]}}