{"id":1558,"date":"2017-01-24T21:01:47","date_gmt":"2017-01-24T22:01:47","guid":{"rendered":"http:\/\/www.atlantidamarhotel.pt\/nature\/"},"modified":"2023-05-27T23:29:41","modified_gmt":"2023-05-28T00:29:41","slug":"natur","status":"publish","type":"page","link":"https:\/\/atlantidamarhotel.com\/de\/erholung-freizeit\/die-insel-entdecken\/natur\/","title":{"rendered":"Natur"},"content":{"rendered":"<section class=\"wpb-content-wrapper\"><section class=\"l-section wpb_row height_custom\"><div class=\"l-section-h i-cf\"><div class=\"g-cols vc_row via_flex valign_top type_default stacking_default\"><div class=\"vc_col-sm-12 wpb_column vc_column_container\"><div class=\"vc_column-inner\"><div class=\"wpb_wrapper\"><div class=\"wpb_text_column\"><div class=\"wpb_wrapper\"><p>Wie die anderen Azoren Inseln ist auch Terceira vulkanischen Ursprungs und bietet eine Vielzahl an Landschaftsformen, Felsen und einzigartigen Strukturen.<\/p>\n<p>Im Osten der Insel befindet sich ein ausgedehntes Plateau und der Berg von &#8220;Serra do Cume&#8221;, von wo aus man eine fabelhafte Aussicht geniesst.<\/p>\n<p>Im Zentrum der Insel befindet sich die Caldera von &#8220;Guilherme Moniz&#8221;, ein Krater mit 15km Durchmesser, dem Groessten der Azoren. Hier sehen Sie den spektakulaeren Verlauf der vulkanischen Aktivitaeten dieser Insel, welche auf einfache Weise besucht werden kann. &#8220;Algar do Carv\u00e3o&#8221; ist ein vulkanischer Schlund und beeindruckt durch eine\u00a0enorme Hoehle. Von der gewoelbten Decke haengen bemerkenswerte Stalaktiten herunter. Die &#8220;Gruta do Natal&#8221; (Weihnachtsgrotte) besteht aus einem Lavatunnel und ist wundervoll wegen ihrer ausgedehnten, langen Form. Die Waende, der Boden und die Decke haben verschiedene Farben und Formen, welche die Hoehle zu\u00a0einen mystischen Ort werden lassen.\u00a0&#8220;Furnas do Enoxofre&#8221; sind die heutigen Zeugen der Bildung des Archipels der Azoren. Die Landschaft ist voller schwefelhaltiger, stark riechender Fumarolen, welche von roetlicher Erde umgeben sind. Das gruene Moos rund herum\u00a0bildet einen wunderschoenen Farbkontrast dazu.<\/p>\n<p>Im Westen der Insel befinden sich die Auslaeufer der &#8220;Serra de Santa B\u00e1rbara&#8221;, welcher mit 1&#8217;023 Metern ueber Meer der hoechste Berg von Terceira darstellt. Rund herum befinden sich Kleine Seen, Hoehlen und einige &#8220;Mist\u00e9rios Negros&#8221;, sogenannte &#8220;schwarze Wunder&#8221;. Die Flora im Innern der Insel ist dicht und wartet darauf, von Ihnen entdeckt zu werden. Vom Berg Santa B\u00e1rbara geniesst man eine traumhafte Aussicht ueber Terceira und bis zu den Nachbarinseln.<\/p>\n<p>Die Insel bietet ihren Besuchern viel Ruhe und ueppiges Gruen in allen Schattierungen, wohin man auch schaut. Es reihen sich Weideland und Felder um fast die ganze Insel, in\u00a0geometrischen Formen und abgetrennt durch Steinmauern aus Basalt, welche von Hortensienhecken gesaeumt sind.<\/p>\n<\/div><\/div><\/div><\/div><\/div><\/div><\/div><\/section><section class=\"l-section wpb_row height_custom\"><div class=\"l-section-h i-cf\"><div class=\"g-cols vc_row via_flex valign_top type_default stacking_default\"><div class=\"vc_col-sm-12 wpb_column vc_column_container\"><div class=\"vc_column-inner\"><div class=\"wpb_wrapper\"><div class=\"w-btn-wrapper align_center\"><a class=\"w-btn us-btn-style_1\" title=\"Die Insel entdecken\" href=\"\/de\/erholung-freizeit\/die-insel-entdecken\/\"><span class=\"w-btn-label\">Geh zur\u00fcck<\/span><\/a><\/div><\/div><\/div><\/div><\/div><\/div><\/section>\n<\/section>","protected":false},"excerpt":{"rendered":"Wie die anderen Azoren Inseln ist auch Terceira vulkanischen Ursprungs und bietet eine Vielzahl an Landschaftsformen, Felsen und einzigartigen Strukturen. Im Osten der Insel befindet sich ein ausgedehntes Plateau und der Berg von &#8220;Serra do Cume&#8221;, von wo aus man eine fabelhafte Aussicht geniesst. Im Zentrum der Insel befindet sich die Caldera von &#8220;Guilherme Moniz&#8221;,...","protected":false},"author":1,"featured_media":4549,"parent":1580,"menu_order":0,"comment_status":"closed","ping_status":"closed","template":"","meta":{"_monsterinsights_skip_tracking":false,"_monsterinsights_sitenote_active":false,"_monsterinsights_sitenote_note":"","_monsterinsights_sitenote_category":0},"acf":[],"yoast_head":"<!-- This site is optimized with the Yoast SEO plugin v20.12 - https:\/\/yoast.com\/wordpress\/plugins\/seo\/ -->\n<title>Natur - Atl\u00e2ntida Mar Hotel<\/title>\n<meta name=\"description\" content=\"Entdecken Sie den vulkanischen Ursprung und die einzigartigen geografischen Merkmale der Insel Terceira, vom \u00f6stlichen Plateau und der zentralen Caldera bis zur westlichen Serra de Santa B\u00e1rbara. Erkunden Sie Algar do Carv\u00e3o, Gruta do Natal und die \u00fcppigen Weiden, die durch Steinmauern und Hortensienhecken getrennt sind.\" \/>\n<meta name=\"robots\" content=\"index, follow, max-snippet:-1, max-image-preview:large, max-video-preview:-1\" \/>\n<link rel=\"canonical\" href=\"https:\/\/atlantidamarhotel.com\/de\/erholung-freizeit\/die-insel-entdecken\/natur\/\" \/>\n<meta property=\"og:locale\" content=\"de_DE\" \/>\n<meta property=\"og:type\" content=\"article\" \/>\n<meta property=\"og:title\" content=\"Natur - Atl\u00e2ntida Mar Hotel\" \/>\n<meta property=\"og:description\" content=\"Entdecken Sie den vulkanischen Ursprung und die einzigartigen geografischen Merkmale der Insel Terceira, vom \u00f6stlichen Plateau und der zentralen Caldera bis zur westlichen Serra de Santa B\u00e1rbara. Erkunden Sie Algar do Carv\u00e3o, Gruta do Natal und die \u00fcppigen Weiden, die durch Steinmauern und Hortensienhecken getrennt sind.\" \/>\n<meta property=\"og:url\" content=\"https:\/\/atlantidamarhotel.com\/de\/erholung-freizeit\/die-insel-entdecken\/natur\/\" \/>\n<meta property=\"og:site_name\" content=\"Atl\u00e2ntida Mar Hotel\" \/>\n<meta property=\"article:publisher\" content=\"https:\/\/www.facebook.com\/AtlantidaMarHotel\/\" \/>\n<meta property=\"article:modified_time\" content=\"2023-05-28T00:29:41+00:00\" \/>\n<meta property=\"og:image\" content=\"https:\/\/atlantidamarhotel.com\/wp-content\/uploads\/2017\/01\/recreation_leisure_places_to_visit4.jpg\" \/>\n\t<meta property=\"og:image:width\" content=\"2000\" \/>\n\t<meta property=\"og:image:height\" content=\"1500\" \/>\n\t<meta property=\"og:image:type\" content=\"image\/jpeg\" \/>\n<meta name=\"twitter:card\" content=\"summary_large_image\" \/>\n<meta name=\"twitter:label1\" content=\"Gesch\u00e4tzte Lesezeit\" \/>\n\t<meta name=\"twitter:data1\" content=\"2\u00a0Minuten\" \/>\n<script type=\"application\/ld+json\" class=\"yoast-schema-graph\">{\"@context\":\"https:\/\/schema.org\",\"@graph\":[{\"@type\":\"WebPage\",\"@id\":\"https:\/\/atlantidamarhotel.com\/de\/erholung-freizeit\/die-insel-entdecken\/natur\/\",\"url\":\"https:\/\/atlantidamarhotel.com\/de\/erholung-freizeit\/die-insel-entdecken\/natur\/\",\"name\":\"Natur - Atl\u00e2ntida Mar Hotel\",\"isPartOf\":{\"@id\":\"https:\/\/atlantidamarhotel.com\/de\/#website\"},\"datePublished\":\"2017-01-24T22:01:47+00:00\",\"dateModified\":\"2023-05-28T00:29:41+00:00\",\"description\":\"Entdecken Sie den vulkanischen Ursprung und die einzigartigen geografischen Merkmale der Insel Terceira, vom \u00f6stlichen Plateau und der zentralen Caldera bis zur westlichen Serra de Santa B\u00e1rbara. Erkunden Sie Algar do Carv\u00e3o, Gruta do Natal und die \u00fcppigen Weiden, die durch Steinmauern und Hortensienhecken getrennt sind.\",\"breadcrumb\":{\"@id\":\"https:\/\/atlantidamarhotel.com\/de\/erholung-freizeit\/die-insel-entdecken\/natur\/#breadcrumb\"},\"inLanguage\":\"de\",\"potentialAction\":[{\"@type\":\"ReadAction\",\"target\":[\"https:\/\/atlantidamarhotel.com\/de\/erholung-freizeit\/die-insel-entdecken\/natur\/\"]}]},{\"@type\":\"BreadcrumbList\",\"@id\":\"https:\/\/atlantidamarhotel.com\/de\/erholung-freizeit\/die-insel-entdecken\/natur\/#breadcrumb\",\"itemListElement\":[{\"@type\":\"ListItem\",\"position\":1,\"name\":\"Home\",\"item\":\"https:\/\/atlantidamarhotel.com\/de\/\"},{\"@type\":\"ListItem\",\"position\":2,\"name\":\"Erholung &#038; Freizeit\",\"item\":\"https:\/\/atlantidamarhotel.com\/de\/erholung-freizeit\/\"},{\"@type\":\"ListItem\",\"position\":3,\"name\":\"Die Insel entdecken\",\"item\":\"https:\/\/atlantidamarhotel.com\/de\/erholung-freizeit\/die-insel-entdecken\/\"},{\"@type\":\"ListItem\",\"position\":4,\"name\":\"Natur\"}]},{\"@type\":\"WebSite\",\"@id\":\"https:\/\/atlantidamarhotel.com\/de\/#website\",\"url\":\"https:\/\/atlantidamarhotel.com\/de\/\",\"name\":\"Atl\u00e2ntida Mar Hotel\",\"description\":\"Aparthotel\",\"publisher\":{\"@id\":\"https:\/\/atlantidamarhotel.com\/de\/#organization\"},\"potentialAction\":[{\"@type\":\"SearchAction\",\"target\":{\"@type\":\"EntryPoint\",\"urlTemplate\":\"https:\/\/atlantidamarhotel.com\/de\/?s={search_term_string}\"},\"query-input\":\"required name=search_term_string\"}],\"inLanguage\":\"de\"},{\"@type\":\"Organization\",\"@id\":\"https:\/\/atlantidamarhotel.com\/de\/#organization\",\"name\":\"Atl\u00e2ntida Mar Hotel\",\"url\":\"https:\/\/atlantidamarhotel.com\/de\/\",\"logo\":{\"@type\":\"ImageObject\",\"inLanguage\":\"de\",\"@id\":\"https:\/\/atlantidamarhotel.com\/de\/#\/schema\/logo\/image\/\",\"url\":\"https:\/\/atlantidamarhotel.com\/wp-content\/uploads\/2016\/12\/logo-Atlantida-mar-hotel-2.png\",\"contentUrl\":\"https:\/\/atlantidamarhotel.com\/wp-content\/uploads\/2016\/12\/logo-Atlantida-mar-hotel-2.png\",\"width\":1600,\"height\":445,\"caption\":\"Atl\u00e2ntida Mar Hotel\"},\"image\":{\"@id\":\"https:\/\/atlantidamarhotel.com\/de\/#\/schema\/logo\/image\/\"},\"sameAs\":[\"https:\/\/www.facebook.com\/AtlantidaMarHotel\/\"]}]}<\/script>\n<!-- \/ Yoast SEO plugin. -->","yoast_head_json":{"title":"Natur - Atl\u00e2ntida Mar Hotel","description":"Entdecken Sie den vulkanischen Ursprung und die einzigartigen geografischen Merkmale der Insel Terceira, vom \u00f6stlichen Plateau und der zentralen Caldera bis zur westlichen Serra de Santa B\u00e1rbara. Erkunden Sie Algar do Carv\u00e3o, Gruta do Natal und die \u00fcppigen Weiden, die durch Steinmauern und Hortensienhecken getrennt sind.","robots":{"index":"index","follow":"follow","max-snippet":"max-snippet:-1","max-image-preview":"max-image-preview:large","max-video-preview":"max-video-preview:-1"},"canonical":"https:\/\/atlantidamarhotel.com\/de\/erholung-freizeit\/die-insel-entdecken\/natur\/","og_locale":"de_DE","og_type":"article","og_title":"Natur - Atl\u00e2ntida Mar Hotel","og_description":"Entdecken Sie den vulkanischen Ursprung und die einzigartigen geografischen Merkmale der Insel Terceira, vom \u00f6stlichen Plateau und der zentralen Caldera bis zur westlichen Serra de Santa B\u00e1rbara. Erkunden Sie Algar do Carv\u00e3o, Gruta do Natal und die \u00fcppigen Weiden, die durch Steinmauern und Hortensienhecken getrennt sind.","og_url":"https:\/\/atlantidamarhotel.com\/de\/erholung-freizeit\/die-insel-entdecken\/natur\/","og_site_name":"Atl\u00e2ntida Mar Hotel","article_publisher":"https:\/\/www.facebook.com\/AtlantidaMarHotel\/","article_modified_time":"2023-05-28T00:29:41+00:00","og_image":[{"width":2000,"height":1500,"url":"https:\/\/atlantidamarhotel.com\/wp-content\/uploads\/2017\/01\/recreation_leisure_places_to_visit4.jpg","type":"image\/jpeg"}],"twitter_card":"summary_large_image","twitter_misc":{"Gesch\u00e4tzte Lesezeit":"2\u00a0Minuten"},"schema":{"@context":"https:\/\/schema.org","@graph":[{"@type":"WebPage","@id":"https:\/\/atlantidamarhotel.com\/de\/erholung-freizeit\/die-insel-entdecken\/natur\/","url":"https:\/\/atlantidamarhotel.com\/de\/erholung-freizeit\/die-insel-entdecken\/natur\/","name":"Natur - Atl\u00e2ntida Mar Hotel","isPartOf":{"@id":"https:\/\/atlantidamarhotel.com\/de\/#website"},"datePublished":"2017-01-24T22:01:47+00:00","dateModified":"2023-05-28T00:29:41+00:00","description":"Entdecken Sie den vulkanischen Ursprung und die einzigartigen geografischen Merkmale der Insel Terceira, vom \u00f6stlichen Plateau und der zentralen Caldera bis zur westlichen Serra de Santa B\u00e1rbara. Erkunden Sie Algar do Carv\u00e3o, Gruta do Natal und die \u00fcppigen Weiden, die durch Steinmauern und Hortensienhecken getrennt sind.","breadcrumb":{"@id":"https:\/\/atlantidamarhotel.com\/de\/erholung-freizeit\/die-insel-entdecken\/natur\/#breadcrumb"},"inLanguage":"de","potentialAction":[{"@type":"ReadAction","target":["https:\/\/atlantidamarhotel.com\/de\/erholung-freizeit\/die-insel-entdecken\/natur\/"]}]},{"@type":"BreadcrumbList","@id":"https:\/\/atlantidamarhotel.com\/de\/erholung-freizeit\/die-insel-entdecken\/natur\/#breadcrumb","itemListElement":[{"@type":"ListItem","position":1,"name":"Home","item":"https:\/\/atlantidamarhotel.com\/de\/"},{"@type":"ListItem","position":2,"name":"Erholung &#038; Freizeit","item":"https:\/\/atlantidamarhotel.com\/de\/erholung-freizeit\/"},{"@type":"ListItem","position":3,"name":"Die Insel entdecken","item":"https:\/\/atlantidamarhotel.com\/de\/erholung-freizeit\/die-insel-entdecken\/"},{"@type":"ListItem","position":4,"name":"Natur"}]},{"@type":"WebSite","@id":"https:\/\/atlantidamarhotel.com\/de\/#website","url":"https:\/\/atlantidamarhotel.com\/de\/","name":"Atl\u00e2ntida Mar Hotel","description":"Aparthotel","publisher":{"@id":"https:\/\/atlantidamarhotel.com\/de\/#organization"},"potentialAction":[{"@type":"SearchAction","target":{"@type":"EntryPoint","urlTemplate":"https:\/\/atlantidamarhotel.com\/de\/?s={search_term_string}"},"query-input":"required name=search_term_string"}],"inLanguage":"de"},{"@type":"Organization","@id":"https:\/\/atlantidamarhotel.com\/de\/#organization","name":"Atl\u00e2ntida Mar Hotel","url":"https:\/\/atlantidamarhotel.com\/de\/","logo":{"@type":"ImageObject","inLanguage":"de","@id":"https:\/\/atlantidamarhotel.com\/de\/#\/schema\/logo\/image\/","url":"https:\/\/atlantidamarhotel.com\/wp-content\/uploads\/2016\/12\/logo-Atlantida-mar-hotel-2.png","contentUrl":"https:\/\/atlantidamarhotel.com\/wp-content\/uploads\/2016\/12\/logo-Atlantida-mar-hotel-2.png","width":1600,"height":445,"caption":"Atl\u00e2ntida Mar Hotel"},"image":{"@id":"https:\/\/atlantidamarhotel.com\/de\/#\/schema\/logo\/image\/"},"sameAs":["https:\/\/www.facebook.com\/AtlantidaMarHotel\/"]}]}},"_links":{"self":[{"href":"https:\/\/atlantidamarhotel.com\/de\/wp-json\/wp\/v2\/pages\/1558"}],"collection":[{"href":"https:\/\/atlantidamarhotel.com\/de\/wp-json\/wp\/v2\/pages"}],"about":[{"href":"https:\/\/atlantidamarhotel.com\/de\/wp-json\/wp\/v2\/types\/page"}],"author":[{"embeddable":true,"href":"https:\/\/atlantidamarhotel.com\/de\/wp-json\/wp\/v2\/users\/1"}],"replies":[{"embeddable":true,"href":"https:\/\/atlantidamarhotel.com\/de\/wp-json\/wp\/v2\/comments?post=1558"}],"version-history":[{"count":4,"href":"https:\/\/atlantidamarhotel.com\/de\/wp-json\/wp\/v2\/pages\/1558\/revisions"}],"predecessor-version":[{"id":5943,"href":"https:\/\/atlantidamarhotel.com\/de\/wp-json\/wp\/v2\/pages\/1558\/revisions\/5943"}],"up":[{"embeddable":true,"href":"https:\/\/atlantidamarhotel.com\/de\/wp-json\/wp\/v2\/pages\/1580"}],"wp:featuredmedia":[{"embeddable":true,"href":"https:\/\/atlantidamarhotel.com\/de\/wp-json\/wp\/v2\/media\/4549"}],"wp:attachment":[{"href":"https:\/\/atlantidamarhotel.com\/de\/wp-json\/wp\/v2\/media?parent=1558"}],"curies":[{"name":"wp","href":"https:\/\/api.w.org\/{rel}","templated":true}]}}