{"id":1583,"date":"2017-01-23T23:41:53","date_gmt":"2017-01-24T00:41:53","guid":{"rendered":"http:\/\/www.atlantidamarhotel.pt\/boat-rides\/"},"modified":"2023-05-28T20:21:19","modified_gmt":"2023-05-28T21:21:19","slug":"bootfahrten","status":"publish","type":"page","link":"https:\/\/atlantidamarhotel.com\/de\/erholung-freizeit\/erlebnisse-auf-see\/bootfahrten\/","title":{"rendered":"Bootfahrten"},"content":{"rendered":"<section class=\"wpb-content-wrapper\"><section class=\"l-section wpb_row height_custom\"><div class=\"l-section-h i-cf\"><div class=\"g-cols vc_row via_flex valign_top type_default stacking_default\"><div class=\"vc_col-sm-12 wpb_column vc_column_container\"><div class=\"vc_column-inner\"><div class=\"wpb_wrapper\"><div class=\"wpb_text_column\"><div class=\"wpb_wrapper\"><p>Auf der Insel gibt es verschiedene Moeglichkeiten von Bootstouren. Wir helfen Ihnen, die fuer Sie am besten Passende zu finden.<\/p>\n<p>Es gibt Touren zu kleinen Inselchen, zu Buchten, rund um die Insel, zu anderen Inseln, Kanufahrten und Meeresvoegel-Beobachtungstouren.<br \/>\nErforschen Sie die Kuesten von Terceira und geniessen Sie die grossartigen Ausblicke, welche nur vom Wasser her moeglich sind.<\/p>\n<\/div><\/div><\/div><\/div><\/div><\/div><\/div><\/section><section class=\"l-section wpb_row height_custom\"><div class=\"l-section-h i-cf\"><div class=\"g-cols vc_row via_flex valign_top type_default stacking_default\"><div class=\"vc_col-sm-12 wpb_column vc_column_container\"><div class=\"vc_column-inner\"><div class=\"wpb_wrapper\"><div class=\"w-btn-wrapper align_center\"><a class=\"w-btn us-btn-style_1\" title=\"Erlebnisse auf See\" href=\"\/de\/erholung-freizeit\/erlebnisse-auf-see\/\"><span class=\"w-btn-label\">Geh zur\u00fcck<\/span><\/a><\/div><\/div><\/div><\/div><\/div><\/div><\/section>\n<\/section>","protected":false},"excerpt":{"rendered":"Auf der Insel gibt es verschiedene Moeglichkeiten von Bootstouren. Wir helfen Ihnen, die fuer Sie am besten Passende zu finden. Es gibt Touren zu kleinen Inselchen, zu Buchten, rund um die Insel, zu anderen Inseln, Kanufahrten und Meeresvoegel-Beobachtungstouren. Erforschen Sie die Kuesten von Terceira und geniessen Sie die grossartigen Ausblicke, welche nur vom Wasser her...","protected":false},"author":1,"featured_media":4569,"parent":1593,"menu_order":0,"comment_status":"closed","ping_status":"closed","template":"","meta":{"_monsterinsights_skip_tracking":false,"_monsterinsights_sitenote_active":false,"_monsterinsights_sitenote_note":"","_monsterinsights_sitenote_category":0},"acf":[],"yoast_head":"<!-- This site is optimized with the Yoast SEO plugin v20.12 - https:\/\/yoast.com\/wordpress\/plugins\/seo\/ -->\n<title>Bootfahrten - Atl\u00e2ntida Mar Hotel<\/title>\n<meta name=\"description\" content=\"Entdecken Sie die vielf\u00e4ltigen M\u00f6glichkeiten f\u00fcr Bootstouren auf der Insel Terceira, darunter Ausfl\u00fcge zu Inseln und Buchten, Reisen zwischen den Inseln, Segeln, Kanufahren und Vogelbeobachtungen auf See.\" \/>\n<meta name=\"robots\" content=\"index, follow, max-snippet:-1, max-image-preview:large, max-video-preview:-1\" \/>\n<link rel=\"canonical\" href=\"https:\/\/atlantidamarhotel.com\/de\/erholung-freizeit\/erlebnisse-auf-see\/bootfahrten\/\" \/>\n<meta property=\"og:locale\" content=\"de_DE\" \/>\n<meta property=\"og:type\" content=\"article\" \/>\n<meta property=\"og:title\" content=\"Bootfahrten - Atl\u00e2ntida Mar Hotel\" \/>\n<meta property=\"og:description\" content=\"Entdecken Sie die vielf\u00e4ltigen M\u00f6glichkeiten f\u00fcr Bootstouren auf der Insel Terceira, darunter Ausfl\u00fcge zu Inseln und Buchten, Reisen zwischen den Inseln, Segeln, Kanufahren und Vogelbeobachtungen auf See.\" \/>\n<meta property=\"og:url\" content=\"https:\/\/atlantidamarhotel.com\/de\/erholung-freizeit\/erlebnisse-auf-see\/bootfahrten\/\" \/>\n<meta property=\"og:site_name\" content=\"Atl\u00e2ntida Mar Hotel\" \/>\n<meta property=\"article:publisher\" content=\"https:\/\/www.facebook.com\/AtlantidaMarHotel\/\" \/>\n<meta property=\"article:modified_time\" content=\"2023-05-28T21:21:19+00:00\" \/>\n<meta property=\"og:image\" content=\"https:\/\/atlantidamarhotel.com\/wp-content\/uploads\/2017\/01\/boat_rides_atlantida_mar_hotel_list.jpg\" \/>\n\t<meta property=\"og:image:width\" content=\"1500\" \/>\n\t<meta property=\"og:image:height\" content=\"998\" \/>\n\t<meta property=\"og:image:type\" content=\"image\/jpeg\" \/>\n<meta name=\"twitter:card\" content=\"summary_large_image\" \/>\n<meta name=\"twitter:label1\" content=\"Gesch\u00e4tzte Lesezeit\" \/>\n\t<meta name=\"twitter:data1\" content=\"1\u00a0Minute\" \/>\n<script type=\"application\/ld+json\" class=\"yoast-schema-graph\">{\"@context\":\"https:\/\/schema.org\",\"@graph\":[{\"@type\":\"WebPage\",\"@id\":\"https:\/\/atlantidamarhotel.com\/de\/erholung-freizeit\/erlebnisse-auf-see\/bootfahrten\/\",\"url\":\"https:\/\/atlantidamarhotel.com\/de\/erholung-freizeit\/erlebnisse-auf-see\/bootfahrten\/\",\"name\":\"Bootfahrten - Atl\u00e2ntida Mar Hotel\",\"isPartOf\":{\"@id\":\"https:\/\/atlantidamarhotel.com\/de\/#website\"},\"datePublished\":\"2017-01-24T00:41:53+00:00\",\"dateModified\":\"2023-05-28T21:21:19+00:00\",\"description\":\"Entdecken Sie die vielf\u00e4ltigen M\u00f6glichkeiten f\u00fcr Bootstouren auf der Insel Terceira, darunter Ausfl\u00fcge zu Inseln und Buchten, Reisen zwischen den Inseln, Segeln, Kanufahren und Vogelbeobachtungen auf See.\",\"breadcrumb\":{\"@id\":\"https:\/\/atlantidamarhotel.com\/de\/erholung-freizeit\/erlebnisse-auf-see\/bootfahrten\/#breadcrumb\"},\"inLanguage\":\"de\",\"potentialAction\":[{\"@type\":\"ReadAction\",\"target\":[\"https:\/\/atlantidamarhotel.com\/de\/erholung-freizeit\/erlebnisse-auf-see\/bootfahrten\/\"]}]},{\"@type\":\"BreadcrumbList\",\"@id\":\"https:\/\/atlantidamarhotel.com\/de\/erholung-freizeit\/erlebnisse-auf-see\/bootfahrten\/#breadcrumb\",\"itemListElement\":[{\"@type\":\"ListItem\",\"position\":1,\"name\":\"Home\",\"item\":\"https:\/\/atlantidamarhotel.com\/de\/\"},{\"@type\":\"ListItem\",\"position\":2,\"name\":\"Erholung &#038; Freizeit\",\"item\":\"https:\/\/atlantidamarhotel.com\/de\/erholung-freizeit\/\"},{\"@type\":\"ListItem\",\"position\":3,\"name\":\"Erlebnisse auf See\",\"item\":\"https:\/\/atlantidamarhotel.com\/de\/erholung-freizeit\/erlebnisse-auf-see\/\"},{\"@type\":\"ListItem\",\"position\":4,\"name\":\"Bootfahrten\"}]},{\"@type\":\"WebSite\",\"@id\":\"https:\/\/atlantidamarhotel.com\/de\/#website\",\"url\":\"https:\/\/atlantidamarhotel.com\/de\/\",\"name\":\"Atl\u00e2ntida Mar Hotel\",\"description\":\"Aparthotel\",\"publisher\":{\"@id\":\"https:\/\/atlantidamarhotel.com\/de\/#organization\"},\"potentialAction\":[{\"@type\":\"SearchAction\",\"target\":{\"@type\":\"EntryPoint\",\"urlTemplate\":\"https:\/\/atlantidamarhotel.com\/de\/?s={search_term_string}\"},\"query-input\":\"required name=search_term_string\"}],\"inLanguage\":\"de\"},{\"@type\":\"Organization\",\"@id\":\"https:\/\/atlantidamarhotel.com\/de\/#organization\",\"name\":\"Atl\u00e2ntida Mar Hotel\",\"url\":\"https:\/\/atlantidamarhotel.com\/de\/\",\"logo\":{\"@type\":\"ImageObject\",\"inLanguage\":\"de\",\"@id\":\"https:\/\/atlantidamarhotel.com\/de\/#\/schema\/logo\/image\/\",\"url\":\"https:\/\/atlantidamarhotel.com\/wp-content\/uploads\/2016\/12\/logo-Atlantida-mar-hotel-2.png\",\"contentUrl\":\"https:\/\/atlantidamarhotel.com\/wp-content\/uploads\/2016\/12\/logo-Atlantida-mar-hotel-2.png\",\"width\":1600,\"height\":445,\"caption\":\"Atl\u00e2ntida Mar Hotel\"},\"image\":{\"@id\":\"https:\/\/atlantidamarhotel.com\/de\/#\/schema\/logo\/image\/\"},\"sameAs\":[\"https:\/\/www.facebook.com\/AtlantidaMarHotel\/\"]}]}<\/script>\n<!-- \/ Yoast SEO plugin. -->","yoast_head_json":{"title":"Bootfahrten - Atl\u00e2ntida Mar Hotel","description":"Entdecken Sie die vielf\u00e4ltigen M\u00f6glichkeiten f\u00fcr Bootstouren auf der Insel Terceira, darunter Ausfl\u00fcge zu Inseln und Buchten, Reisen zwischen den Inseln, Segeln, Kanufahren und Vogelbeobachtungen auf See.","robots":{"index":"index","follow":"follow","max-snippet":"max-snippet:-1","max-image-preview":"max-image-preview:large","max-video-preview":"max-video-preview:-1"},"canonical":"https:\/\/atlantidamarhotel.com\/de\/erholung-freizeit\/erlebnisse-auf-see\/bootfahrten\/","og_locale":"de_DE","og_type":"article","og_title":"Bootfahrten - Atl\u00e2ntida Mar Hotel","og_description":"Entdecken Sie die vielf\u00e4ltigen M\u00f6glichkeiten f\u00fcr Bootstouren auf der Insel Terceira, darunter Ausfl\u00fcge zu Inseln und Buchten, Reisen zwischen den Inseln, Segeln, Kanufahren und Vogelbeobachtungen auf See.","og_url":"https:\/\/atlantidamarhotel.com\/de\/erholung-freizeit\/erlebnisse-auf-see\/bootfahrten\/","og_site_name":"Atl\u00e2ntida Mar Hotel","article_publisher":"https:\/\/www.facebook.com\/AtlantidaMarHotel\/","article_modified_time":"2023-05-28T21:21:19+00:00","og_image":[{"width":1500,"height":998,"url":"https:\/\/atlantidamarhotel.com\/wp-content\/uploads\/2017\/01\/boat_rides_atlantida_mar_hotel_list.jpg","type":"image\/jpeg"}],"twitter_card":"summary_large_image","twitter_misc":{"Gesch\u00e4tzte Lesezeit":"1\u00a0Minute"},"schema":{"@context":"https:\/\/schema.org","@graph":[{"@type":"WebPage","@id":"https:\/\/atlantidamarhotel.com\/de\/erholung-freizeit\/erlebnisse-auf-see\/bootfahrten\/","url":"https:\/\/atlantidamarhotel.com\/de\/erholung-freizeit\/erlebnisse-auf-see\/bootfahrten\/","name":"Bootfahrten - Atl\u00e2ntida Mar Hotel","isPartOf":{"@id":"https:\/\/atlantidamarhotel.com\/de\/#website"},"datePublished":"2017-01-24T00:41:53+00:00","dateModified":"2023-05-28T21:21:19+00:00","description":"Entdecken Sie die vielf\u00e4ltigen M\u00f6glichkeiten f\u00fcr Bootstouren auf der Insel Terceira, darunter Ausfl\u00fcge zu Inseln und Buchten, Reisen zwischen den Inseln, Segeln, Kanufahren und Vogelbeobachtungen auf See.","breadcrumb":{"@id":"https:\/\/atlantidamarhotel.com\/de\/erholung-freizeit\/erlebnisse-auf-see\/bootfahrten\/#breadcrumb"},"inLanguage":"de","potentialAction":[{"@type":"ReadAction","target":["https:\/\/atlantidamarhotel.com\/de\/erholung-freizeit\/erlebnisse-auf-see\/bootfahrten\/"]}]},{"@type":"BreadcrumbList","@id":"https:\/\/atlantidamarhotel.com\/de\/erholung-freizeit\/erlebnisse-auf-see\/bootfahrten\/#breadcrumb","itemListElement":[{"@type":"ListItem","position":1,"name":"Home","item":"https:\/\/atlantidamarhotel.com\/de\/"},{"@type":"ListItem","position":2,"name":"Erholung &#038; Freizeit","item":"https:\/\/atlantidamarhotel.com\/de\/erholung-freizeit\/"},{"@type":"ListItem","position":3,"name":"Erlebnisse auf See","item":"https:\/\/atlantidamarhotel.com\/de\/erholung-freizeit\/erlebnisse-auf-see\/"},{"@type":"ListItem","position":4,"name":"Bootfahrten"}]},{"@type":"WebSite","@id":"https:\/\/atlantidamarhotel.com\/de\/#website","url":"https:\/\/atlantidamarhotel.com\/de\/","name":"Atl\u00e2ntida Mar Hotel","description":"Aparthotel","publisher":{"@id":"https:\/\/atlantidamarhotel.com\/de\/#organization"},"potentialAction":[{"@type":"SearchAction","target":{"@type":"EntryPoint","urlTemplate":"https:\/\/atlantidamarhotel.com\/de\/?s={search_term_string}"},"query-input":"required name=search_term_string"}],"inLanguage":"de"},{"@type":"Organization","@id":"https:\/\/atlantidamarhotel.com\/de\/#organization","name":"Atl\u00e2ntida Mar Hotel","url":"https:\/\/atlantidamarhotel.com\/de\/","logo":{"@type":"ImageObject","inLanguage":"de","@id":"https:\/\/atlantidamarhotel.com\/de\/#\/schema\/logo\/image\/","url":"https:\/\/atlantidamarhotel.com\/wp-content\/uploads\/2016\/12\/logo-Atlantida-mar-hotel-2.png","contentUrl":"https:\/\/atlantidamarhotel.com\/wp-content\/uploads\/2016\/12\/logo-Atlantida-mar-hotel-2.png","width":1600,"height":445,"caption":"Atl\u00e2ntida Mar Hotel"},"image":{"@id":"https:\/\/atlantidamarhotel.com\/de\/#\/schema\/logo\/image\/"},"sameAs":["https:\/\/www.facebook.com\/AtlantidaMarHotel\/"]}]}},"_links":{"self":[{"href":"https:\/\/atlantidamarhotel.com\/de\/wp-json\/wp\/v2\/pages\/1583"}],"collection":[{"href":"https:\/\/atlantidamarhotel.com\/de\/wp-json\/wp\/v2\/pages"}],"about":[{"href":"https:\/\/atlantidamarhotel.com\/de\/wp-json\/wp\/v2\/types\/page"}],"author":[{"embeddable":true,"href":"https:\/\/atlantidamarhotel.com\/de\/wp-json\/wp\/v2\/users\/1"}],"replies":[{"embeddable":true,"href":"https:\/\/atlantidamarhotel.com\/de\/wp-json\/wp\/v2\/comments?post=1583"}],"version-history":[{"count":4,"href":"https:\/\/atlantidamarhotel.com\/de\/wp-json\/wp\/v2\/pages\/1583\/revisions"}],"predecessor-version":[{"id":5968,"href":"https:\/\/atlantidamarhotel.com\/de\/wp-json\/wp\/v2\/pages\/1583\/revisions\/5968"}],"up":[{"embeddable":true,"href":"https:\/\/atlantidamarhotel.com\/de\/wp-json\/wp\/v2\/pages\/1593"}],"wp:featuredmedia":[{"embeddable":true,"href":"https:\/\/atlantidamarhotel.com\/de\/wp-json\/wp\/v2\/media\/4569"}],"wp:attachment":[{"href":"https:\/\/atlantidamarhotel.com\/de\/wp-json\/wp\/v2\/media?parent=1583"}],"curies":[{"name":"wp","href":"https:\/\/api.w.org\/{rel}","templated":true}]}}