{"id":1585,"date":"2017-01-23T23:38:07","date_gmt":"2017-01-24T00:38:07","guid":{"rendered":"http:\/\/www.atlantidamarhotel.pt\/diving-trips\/"},"modified":"2023-05-28T20:32:38","modified_gmt":"2023-05-28T21:32:38","slug":"tauchausfluege","status":"publish","type":"page","link":"https:\/\/atlantidamarhotel.com\/de\/erholung-freizeit\/erlebnisse-auf-see\/tauchausfluege\/","title":{"rendered":"Tauchausfl\u00fcge"},"content":{"rendered":"<section class=\"wpb-content-wrapper\"><section class=\"l-section wpb_row height_custom\"><div class=\"l-section-h i-cf\"><div class=\"g-cols vc_row via_flex valign_top type_default stacking_default\"><div class=\"vc_col-sm-12 wpb_column vc_column_container\"><div class=\"vc_column-inner\"><div class=\"wpb_wrapper\"><div class=\"wpb_text_column\"><div class=\"wpb_wrapper\"><p>Sowohl die angenehme Temperatur des Meeres (17 Grad im Winter, 23 Grad im Hochsommer) als auch die Transparenz des klaren Wassers<br \/>\nmachen es moeglich, das Tauchen auf Terceira zu einem unvergesslichen Erlebnis aus Meeresfauna und Flora werden zu lassen.<\/p>\n<p>Durch die schroffe Beschaffenheit des vulkanischen Meergrundes unserer Inseln kann jede Art des Tauchens ausgefuehrt werden.<\/p>\n<p>Atl\u00e2ntida Mar Hotel, in Zusammenarbeit mit Anbietern dieser Touren, bietet Ihnen die Gelegenheit, Ihren Traum zu verwirklichen.<\/p>\n<p>Bootsfahrten, mit verschiedenen Tauchmoeglichkeiten entlang der Kuesten mit Hoehlen, Tunnels, Boegen und sandigen Boeden.<\/p>\n<p>Diese Tauchgaenge koennen entweder vom Land aus, oder auch vom Boot aus gemacht werden.<\/p>\n<p>Tauch Taufe fuer Anfaenger ist moeglich in einem Pool oder im Meer. Nachdem Sie mit der Ausruestung, den Atemtechniken und der<br \/>\nUnterwasserkommunikation vertraut gemacht wurden, wird Sie der Tauchlehrer einladen um ihn zu begleiten auf einen unvergesslichen Tauchgang.<\/p>\n<p>Tauchkurse aller Art, Theorie und Praxis, Tauchgaenge vom Boot aus, Schnorcheln mit Tauchbrille und Schnorchel, ohne Vorkentnisse, auch moeglich fuer Eltern mit Kindern.<\/p>\n<\/div><\/div><\/div><\/div><\/div><\/div><\/div><\/section><section class=\"l-section wpb_row height_custom\"><div class=\"l-section-h i-cf\"><div class=\"g-cols vc_row via_flex valign_top type_default stacking_default\"><div class=\"vc_col-sm-12 wpb_column vc_column_container\"><div class=\"vc_column-inner\"><div class=\"wpb_wrapper\"><div class=\"w-btn-wrapper align_center\"><a class=\"w-btn us-btn-style_1\" title=\"Erlebnisse auf See\" href=\"\/de\/erholung-freizeit\/erlebnisse-auf-see\/\"><span class=\"w-btn-label\">Geh zur\u00fcck<\/span><\/a><\/div><\/div><\/div><\/div><\/div><\/div><\/section>\n<\/section>","protected":false},"excerpt":{"rendered":"Sowohl die angenehme Temperatur des Meeres (17 Grad im Winter, 23 Grad im Hochsommer) als auch die Transparenz des klaren Wassers machen es moeglich, das Tauchen auf Terceira zu einem unvergesslichen Erlebnis aus Meeresfauna und Flora werden zu lassen. Durch die schroffe Beschaffenheit des vulkanischen Meergrundes unserer Inseln kann jede Art des Tauchens ausgefuehrt werden....","protected":false},"author":1,"featured_media":4669,"parent":1593,"menu_order":0,"comment_status":"closed","ping_status":"closed","template":"","meta":{"_monsterinsights_skip_tracking":false,"_monsterinsights_sitenote_active":false,"_monsterinsights_sitenote_note":"","_monsterinsights_sitenote_category":0},"acf":[],"yoast_head":"<!-- This site is optimized with the Yoast SEO plugin v20.12 - https:\/\/yoast.com\/wordpress\/plugins\/seo\/ -->\n<title>Tauchausfl\u00fcge - Atl\u00e2ntida Mar Hotel<\/title>\n<meta name=\"description\" content=\"Tauchen Sie ein in die klaren, gem\u00e4\u00dfigten Gew\u00e4sser der Azoren und entdecken Sie eine reiche Unterwasserflora und -fauna. Erkunden Sie atemberaubende K\u00fcstenorte, H\u00f6hlen und vulkanische Meeresberge, von Anf\u00e4ngertauchg\u00e4ngen und Schnorcheln bis hin zu Kursen f\u00fcr Fortgeschrittene.\" \/>\n<meta name=\"robots\" content=\"index, follow, max-snippet:-1, max-image-preview:large, max-video-preview:-1\" \/>\n<link rel=\"canonical\" href=\"https:\/\/atlantidamarhotel.com\/de\/erholung-freizeit\/erlebnisse-auf-see\/tauchausfluege\/\" \/>\n<meta property=\"og:locale\" content=\"de_DE\" \/>\n<meta property=\"og:type\" content=\"article\" \/>\n<meta property=\"og:title\" content=\"Tauchausfl\u00fcge - Atl\u00e2ntida Mar Hotel\" \/>\n<meta property=\"og:description\" content=\"Tauchen Sie ein in die klaren, gem\u00e4\u00dfigten Gew\u00e4sser der Azoren und entdecken Sie eine reiche Unterwasserflora und -fauna. Erkunden Sie atemberaubende K\u00fcstenorte, H\u00f6hlen und vulkanische Meeresberge, von Anf\u00e4ngertauchg\u00e4ngen und Schnorcheln bis hin zu Kursen f\u00fcr Fortgeschrittene.\" \/>\n<meta property=\"og:url\" content=\"https:\/\/atlantidamarhotel.com\/de\/erholung-freizeit\/erlebnisse-auf-see\/tauchausfluege\/\" \/>\n<meta property=\"og:site_name\" content=\"Atl\u00e2ntida Mar Hotel\" \/>\n<meta property=\"article:publisher\" content=\"https:\/\/www.facebook.com\/AtlantidaMarHotel\/\" \/>\n<meta property=\"article:modified_time\" content=\"2023-05-28T21:32:38+00:00\" \/>\n<meta property=\"og:image\" content=\"https:\/\/atlantidamarhotel.com\/wp-content\/uploads\/2017\/01\/experiences_sea_atlantida_mar_hotel4.jpg\" \/>\n\t<meta property=\"og:image:width\" content=\"2000\" \/>\n\t<meta property=\"og:image:height\" content=\"1000\" \/>\n\t<meta property=\"og:image:type\" content=\"image\/jpeg\" \/>\n<meta name=\"twitter:card\" content=\"summary_large_image\" \/>\n<meta name=\"twitter:label1\" content=\"Gesch\u00e4tzte Lesezeit\" \/>\n\t<meta name=\"twitter:data1\" content=\"1\u00a0Minute\" \/>\n<script type=\"application\/ld+json\" class=\"yoast-schema-graph\">{\"@context\":\"https:\/\/schema.org\",\"@graph\":[{\"@type\":\"WebPage\",\"@id\":\"https:\/\/atlantidamarhotel.com\/de\/erholung-freizeit\/erlebnisse-auf-see\/tauchausfluege\/\",\"url\":\"https:\/\/atlantidamarhotel.com\/de\/erholung-freizeit\/erlebnisse-auf-see\/tauchausfluege\/\",\"name\":\"Tauchausfl\u00fcge - Atl\u00e2ntida Mar Hotel\",\"isPartOf\":{\"@id\":\"https:\/\/atlantidamarhotel.com\/de\/#website\"},\"datePublished\":\"2017-01-24T00:38:07+00:00\",\"dateModified\":\"2023-05-28T21:32:38+00:00\",\"description\":\"Tauchen Sie ein in die klaren, gem\u00e4\u00dfigten Gew\u00e4sser der Azoren und entdecken Sie eine reiche Unterwasserflora und -fauna. Erkunden Sie atemberaubende K\u00fcstenorte, H\u00f6hlen und vulkanische Meeresberge, von Anf\u00e4ngertauchg\u00e4ngen und Schnorcheln bis hin zu Kursen f\u00fcr Fortgeschrittene.\",\"breadcrumb\":{\"@id\":\"https:\/\/atlantidamarhotel.com\/de\/erholung-freizeit\/erlebnisse-auf-see\/tauchausfluege\/#breadcrumb\"},\"inLanguage\":\"de\",\"potentialAction\":[{\"@type\":\"ReadAction\",\"target\":[\"https:\/\/atlantidamarhotel.com\/de\/erholung-freizeit\/erlebnisse-auf-see\/tauchausfluege\/\"]}]},{\"@type\":\"BreadcrumbList\",\"@id\":\"https:\/\/atlantidamarhotel.com\/de\/erholung-freizeit\/erlebnisse-auf-see\/tauchausfluege\/#breadcrumb\",\"itemListElement\":[{\"@type\":\"ListItem\",\"position\":1,\"name\":\"Home\",\"item\":\"https:\/\/atlantidamarhotel.com\/de\/\"},{\"@type\":\"ListItem\",\"position\":2,\"name\":\"Erholung &#038; Freizeit\",\"item\":\"https:\/\/atlantidamarhotel.com\/de\/erholung-freizeit\/\"},{\"@type\":\"ListItem\",\"position\":3,\"name\":\"Erlebnisse auf See\",\"item\":\"https:\/\/atlantidamarhotel.com\/de\/erholung-freizeit\/erlebnisse-auf-see\/\"},{\"@type\":\"ListItem\",\"position\":4,\"name\":\"Tauchausfl\u00fcge\"}]},{\"@type\":\"WebSite\",\"@id\":\"https:\/\/atlantidamarhotel.com\/de\/#website\",\"url\":\"https:\/\/atlantidamarhotel.com\/de\/\",\"name\":\"Atl\u00e2ntida Mar Hotel\",\"description\":\"Aparthotel\",\"publisher\":{\"@id\":\"https:\/\/atlantidamarhotel.com\/de\/#organization\"},\"potentialAction\":[{\"@type\":\"SearchAction\",\"target\":{\"@type\":\"EntryPoint\",\"urlTemplate\":\"https:\/\/atlantidamarhotel.com\/de\/?s={search_term_string}\"},\"query-input\":\"required name=search_term_string\"}],\"inLanguage\":\"de\"},{\"@type\":\"Organization\",\"@id\":\"https:\/\/atlantidamarhotel.com\/de\/#organization\",\"name\":\"Atl\u00e2ntida Mar Hotel\",\"url\":\"https:\/\/atlantidamarhotel.com\/de\/\",\"logo\":{\"@type\":\"ImageObject\",\"inLanguage\":\"de\",\"@id\":\"https:\/\/atlantidamarhotel.com\/de\/#\/schema\/logo\/image\/\",\"url\":\"https:\/\/atlantidamarhotel.com\/wp-content\/uploads\/2016\/12\/logo-Atlantida-mar-hotel-2.png\",\"contentUrl\":\"https:\/\/atlantidamarhotel.com\/wp-content\/uploads\/2016\/12\/logo-Atlantida-mar-hotel-2.png\",\"width\":1600,\"height\":445,\"caption\":\"Atl\u00e2ntida Mar Hotel\"},\"image\":{\"@id\":\"https:\/\/atlantidamarhotel.com\/de\/#\/schema\/logo\/image\/\"},\"sameAs\":[\"https:\/\/www.facebook.com\/AtlantidaMarHotel\/\"]}]}<\/script>\n<!-- \/ Yoast SEO plugin. -->","yoast_head_json":{"title":"Tauchausfl\u00fcge - Atl\u00e2ntida Mar Hotel","description":"Tauchen Sie ein in die klaren, gem\u00e4\u00dfigten Gew\u00e4sser der Azoren und entdecken Sie eine reiche Unterwasserflora und -fauna. Erkunden Sie atemberaubende K\u00fcstenorte, H\u00f6hlen und vulkanische Meeresberge, von Anf\u00e4ngertauchg\u00e4ngen und Schnorcheln bis hin zu Kursen f\u00fcr Fortgeschrittene.","robots":{"index":"index","follow":"follow","max-snippet":"max-snippet:-1","max-image-preview":"max-image-preview:large","max-video-preview":"max-video-preview:-1"},"canonical":"https:\/\/atlantidamarhotel.com\/de\/erholung-freizeit\/erlebnisse-auf-see\/tauchausfluege\/","og_locale":"de_DE","og_type":"article","og_title":"Tauchausfl\u00fcge - Atl\u00e2ntida Mar Hotel","og_description":"Tauchen Sie ein in die klaren, gem\u00e4\u00dfigten Gew\u00e4sser der Azoren und entdecken Sie eine reiche Unterwasserflora und -fauna. Erkunden Sie atemberaubende K\u00fcstenorte, H\u00f6hlen und vulkanische Meeresberge, von Anf\u00e4ngertauchg\u00e4ngen und Schnorcheln bis hin zu Kursen f\u00fcr Fortgeschrittene.","og_url":"https:\/\/atlantidamarhotel.com\/de\/erholung-freizeit\/erlebnisse-auf-see\/tauchausfluege\/","og_site_name":"Atl\u00e2ntida Mar Hotel","article_publisher":"https:\/\/www.facebook.com\/AtlantidaMarHotel\/","article_modified_time":"2023-05-28T21:32:38+00:00","og_image":[{"width":2000,"height":1000,"url":"https:\/\/atlantidamarhotel.com\/wp-content\/uploads\/2017\/01\/experiences_sea_atlantida_mar_hotel4.jpg","type":"image\/jpeg"}],"twitter_card":"summary_large_image","twitter_misc":{"Gesch\u00e4tzte Lesezeit":"1\u00a0Minute"},"schema":{"@context":"https:\/\/schema.org","@graph":[{"@type":"WebPage","@id":"https:\/\/atlantidamarhotel.com\/de\/erholung-freizeit\/erlebnisse-auf-see\/tauchausfluege\/","url":"https:\/\/atlantidamarhotel.com\/de\/erholung-freizeit\/erlebnisse-auf-see\/tauchausfluege\/","name":"Tauchausfl\u00fcge - Atl\u00e2ntida Mar Hotel","isPartOf":{"@id":"https:\/\/atlantidamarhotel.com\/de\/#website"},"datePublished":"2017-01-24T00:38:07+00:00","dateModified":"2023-05-28T21:32:38+00:00","description":"Tauchen Sie ein in die klaren, gem\u00e4\u00dfigten Gew\u00e4sser der Azoren und entdecken Sie eine reiche Unterwasserflora und -fauna. Erkunden Sie atemberaubende K\u00fcstenorte, H\u00f6hlen und vulkanische Meeresberge, von Anf\u00e4ngertauchg\u00e4ngen und Schnorcheln bis hin zu Kursen f\u00fcr Fortgeschrittene.","breadcrumb":{"@id":"https:\/\/atlantidamarhotel.com\/de\/erholung-freizeit\/erlebnisse-auf-see\/tauchausfluege\/#breadcrumb"},"inLanguage":"de","potentialAction":[{"@type":"ReadAction","target":["https:\/\/atlantidamarhotel.com\/de\/erholung-freizeit\/erlebnisse-auf-see\/tauchausfluege\/"]}]},{"@type":"BreadcrumbList","@id":"https:\/\/atlantidamarhotel.com\/de\/erholung-freizeit\/erlebnisse-auf-see\/tauchausfluege\/#breadcrumb","itemListElement":[{"@type":"ListItem","position":1,"name":"Home","item":"https:\/\/atlantidamarhotel.com\/de\/"},{"@type":"ListItem","position":2,"name":"Erholung &#038; Freizeit","item":"https:\/\/atlantidamarhotel.com\/de\/erholung-freizeit\/"},{"@type":"ListItem","position":3,"name":"Erlebnisse auf See","item":"https:\/\/atlantidamarhotel.com\/de\/erholung-freizeit\/erlebnisse-auf-see\/"},{"@type":"ListItem","position":4,"name":"Tauchausfl\u00fcge"}]},{"@type":"WebSite","@id":"https:\/\/atlantidamarhotel.com\/de\/#website","url":"https:\/\/atlantidamarhotel.com\/de\/","name":"Atl\u00e2ntida Mar Hotel","description":"Aparthotel","publisher":{"@id":"https:\/\/atlantidamarhotel.com\/de\/#organization"},"potentialAction":[{"@type":"SearchAction","target":{"@type":"EntryPoint","urlTemplate":"https:\/\/atlantidamarhotel.com\/de\/?s={search_term_string}"},"query-input":"required name=search_term_string"}],"inLanguage":"de"},{"@type":"Organization","@id":"https:\/\/atlantidamarhotel.com\/de\/#organization","name":"Atl\u00e2ntida Mar Hotel","url":"https:\/\/atlantidamarhotel.com\/de\/","logo":{"@type":"ImageObject","inLanguage":"de","@id":"https:\/\/atlantidamarhotel.com\/de\/#\/schema\/logo\/image\/","url":"https:\/\/atlantidamarhotel.com\/wp-content\/uploads\/2016\/12\/logo-Atlantida-mar-hotel-2.png","contentUrl":"https:\/\/atlantidamarhotel.com\/wp-content\/uploads\/2016\/12\/logo-Atlantida-mar-hotel-2.png","width":1600,"height":445,"caption":"Atl\u00e2ntida Mar Hotel"},"image":{"@id":"https:\/\/atlantidamarhotel.com\/de\/#\/schema\/logo\/image\/"},"sameAs":["https:\/\/www.facebook.com\/AtlantidaMarHotel\/"]}]}},"_links":{"self":[{"href":"https:\/\/atlantidamarhotel.com\/de\/wp-json\/wp\/v2\/pages\/1585"}],"collection":[{"href":"https:\/\/atlantidamarhotel.com\/de\/wp-json\/wp\/v2\/pages"}],"about":[{"href":"https:\/\/atlantidamarhotel.com\/de\/wp-json\/wp\/v2\/types\/page"}],"author":[{"embeddable":true,"href":"https:\/\/atlantidamarhotel.com\/de\/wp-json\/wp\/v2\/users\/1"}],"replies":[{"embeddable":true,"href":"https:\/\/atlantidamarhotel.com\/de\/wp-json\/wp\/v2\/comments?post=1585"}],"version-history":[{"count":4,"href":"https:\/\/atlantidamarhotel.com\/de\/wp-json\/wp\/v2\/pages\/1585\/revisions"}],"predecessor-version":[{"id":5973,"href":"https:\/\/atlantidamarhotel.com\/de\/wp-json\/wp\/v2\/pages\/1585\/revisions\/5973"}],"up":[{"embeddable":true,"href":"https:\/\/atlantidamarhotel.com\/de\/wp-json\/wp\/v2\/pages\/1593"}],"wp:featuredmedia":[{"embeddable":true,"href":"https:\/\/atlantidamarhotel.com\/de\/wp-json\/wp\/v2\/media\/4669"}],"wp:attachment":[{"href":"https:\/\/atlantidamarhotel.com\/de\/wp-json\/wp\/v2\/media?parent=1585"}],"curies":[{"name":"wp","href":"https:\/\/api.w.org\/{rel}","templated":true}]}}