{"id":1587,"date":"2017-01-23T23:35:43","date_gmt":"2017-01-24T00:35:43","guid":{"rendered":"http:\/\/www.atlantidamarhotel.pt\/swimming-with-dolphins\/"},"modified":"2023-05-28T20:42:36","modified_gmt":"2023-05-28T21:42:36","slug":"mit-delphinen-schwimmen","status":"publish","type":"page","link":"https:\/\/atlantidamarhotel.com\/de\/erholung-freizeit\/erlebnisse-auf-see\/mit-delphinen-schwimmen\/","title":{"rendered":"Mit Delphinen schwimmen"},"content":{"rendered":"<section class=\"wpb-content-wrapper\"><section class=\"l-section wpb_row height_custom\"><div class=\"l-section-h i-cf\"><div class=\"g-cols vc_row via_flex valign_top type_default stacking_default\"><div class=\"vc_col-sm-12 wpb_column vc_column_container\"><div class=\"vc_column-inner\"><div class=\"wpb_wrapper\"><div class=\"wpb_text_column\"><div class=\"wpb_wrapper\"><p>Im Wasser zu sein und dabei Kontakt zu haben zu Delfinen in ihrem natuerlichen Umfeld? Dies ist ein grossartiges und unvergesslich tief<br \/>\ngehendes Erlebnis.<\/p>\n<p>Erleben Sie den Kontakt zu den hier lebenden Delfinen hautnah, in einem kristallklaren und im Sommer warmen Meer. Beobachten Sie die<br \/>\neleganten Bewegungen und die Toene der Delfine, und seien sie fasziniert von der Schoenheit dieser intelligenten Tiere.<\/p>\n<p>Bei diesem Ausflug konzentriert sich alles auf die Delfine. Es ist uns ein grosses Anliegen, den natuerlichen Lebensraum dieser grossartigen<br \/>\nTiere nicht allzu sehr zu stoeren, und die Tiere keinesfalls zu stressen. Daher koennen sich bei jedem Ausflug gleichzeitig nur 2 Personen im<br \/>\nWasser aufhalten. Zudem ist es vom Gesetz her nicht erlaubt, mit ganz jungen Tieren oder waehrend der Fuetterung nahe zu sein. Danke fuer Ihr<br \/>\nEntgegenkommen.<\/p>\n<p>Atl\u00e2ntida Mar Hotel, in Zusammenarbeit mit Anbietern dieser Touren, bietet Ihnen die Gelegenheit, Ihren Traum zu verwirklichen! Gehen Sie<br \/>\nmit den Delfinen im offenen Meer schwimmen, mit Taucherbrille und Schnorchel. Dieser Ausflug ist moeglich mit fuenf Delfin-Arten, welche<br \/>\nunsere Gewaesser auf den Azoren bereichern und unsere Herzen hoeher schlagen lassen.<\/p>\n<\/div><\/div><\/div><\/div><\/div><\/div><\/div><\/section><section class=\"l-section wpb_row height_custom\"><div class=\"l-section-h i-cf\"><div class=\"g-cols vc_row via_flex valign_top type_default stacking_default\"><div class=\"vc_col-sm-12 wpb_column vc_column_container\"><div class=\"vc_column-inner\"><div class=\"wpb_wrapper\"><div class=\"w-btn-wrapper align_center\"><a class=\"w-btn us-btn-style_1\" title=\"Erlebnisse auf See\" href=\"\/de\/erholung-freizeit\/erlebnisse-auf-see\/\"><span class=\"w-btn-label\">Geh zur\u00fcck<\/span><\/a><\/div><\/div><\/div><\/div><\/div><\/div><\/section>\n<\/section>","protected":false},"excerpt":{"rendered":"Im Wasser zu sein und dabei Kontakt zu haben zu Delfinen in ihrem natuerlichen Umfeld? Dies ist ein grossartiges und unvergesslich tief gehendes Erlebnis. Erleben Sie den Kontakt zu den hier lebenden Delfinen hautnah, in einem kristallklaren und im Sommer warmen Meer. Beobachten Sie die eleganten Bewegungen und die Toene der Delfine, und seien sie...","protected":false},"author":1,"featured_media":4573,"parent":1593,"menu_order":0,"comment_status":"closed","ping_status":"closed","template":"","meta":{"_monsterinsights_skip_tracking":false,"_monsterinsights_sitenote_active":false,"_monsterinsights_sitenote_note":"","_monsterinsights_sitenote_category":0},"acf":[],"yoast_head":"<!-- This site is optimized with the Yoast SEO plugin v20.12 - https:\/\/yoast.com\/wordpress\/plugins\/seo\/ -->\n<title>Mit Delphinen schwimmen - Atl\u00e2ntida Mar Hotel<\/title>\n<meta name=\"description\" content=\"Erleben Sie den unvergesslichen Nervenkitzel beim Schwimmen mit Delfinen in ihrem nat\u00fcrlichen Lebensraum im warmen, kristallklaren Wasser der Azoren. Diese verantwortungsvoll gef\u00fchrte Aktivit\u00e4t respektiert das Wohlergehen der Delfine und gew\u00e4hrleistet minimale Auswirkungen auf diese intelligenten Kreaturen.\" \/>\n<meta name=\"robots\" content=\"index, follow, max-snippet:-1, max-image-preview:large, max-video-preview:-1\" \/>\n<link rel=\"canonical\" href=\"https:\/\/atlantidamarhotel.com\/de\/erholung-freizeit\/erlebnisse-auf-see\/mit-delphinen-schwimmen\/\" \/>\n<meta property=\"og:locale\" content=\"de_DE\" \/>\n<meta property=\"og:type\" content=\"article\" \/>\n<meta property=\"og:title\" content=\"Mit Delphinen schwimmen - Atl\u00e2ntida Mar Hotel\" \/>\n<meta property=\"og:description\" content=\"Erleben Sie den unvergesslichen Nervenkitzel beim Schwimmen mit Delfinen in ihrem nat\u00fcrlichen Lebensraum im warmen, kristallklaren Wasser der Azoren. Diese verantwortungsvoll gef\u00fchrte Aktivit\u00e4t respektiert das Wohlergehen der Delfine und gew\u00e4hrleistet minimale Auswirkungen auf diese intelligenten Kreaturen.\" \/>\n<meta property=\"og:url\" content=\"https:\/\/atlantidamarhotel.com\/de\/erholung-freizeit\/erlebnisse-auf-see\/mit-delphinen-schwimmen\/\" \/>\n<meta property=\"og:site_name\" content=\"Atl\u00e2ntida Mar Hotel\" \/>\n<meta property=\"article:publisher\" content=\"https:\/\/www.facebook.com\/AtlantidaMarHotel\/\" \/>\n<meta property=\"article:modified_time\" content=\"2023-05-28T21:42:36+00:00\" \/>\n<meta property=\"og:image\" content=\"https:\/\/atlantidamarhotel.com\/wp-content\/uploads\/2017\/01\/swimming_with_dolphins_atlantida_mar_hotel_list.jpg\" \/>\n\t<meta property=\"og:image:width\" content=\"1500\" \/>\n\t<meta property=\"og:image:height\" content=\"998\" \/>\n\t<meta property=\"og:image:type\" content=\"image\/jpeg\" \/>\n<meta name=\"twitter:card\" content=\"summary_large_image\" \/>\n<meta name=\"twitter:label1\" content=\"Gesch\u00e4tzte Lesezeit\" \/>\n\t<meta name=\"twitter:data1\" content=\"1\u00a0Minute\" \/>\n<script type=\"application\/ld+json\" class=\"yoast-schema-graph\">{\"@context\":\"https:\/\/schema.org\",\"@graph\":[{\"@type\":\"WebPage\",\"@id\":\"https:\/\/atlantidamarhotel.com\/de\/erholung-freizeit\/erlebnisse-auf-see\/mit-delphinen-schwimmen\/\",\"url\":\"https:\/\/atlantidamarhotel.com\/de\/erholung-freizeit\/erlebnisse-auf-see\/mit-delphinen-schwimmen\/\",\"name\":\"Mit Delphinen schwimmen - Atl\u00e2ntida Mar Hotel\",\"isPartOf\":{\"@id\":\"https:\/\/atlantidamarhotel.com\/de\/#website\"},\"datePublished\":\"2017-01-24T00:35:43+00:00\",\"dateModified\":\"2023-05-28T21:42:36+00:00\",\"description\":\"Erleben Sie den unvergesslichen Nervenkitzel beim Schwimmen mit Delfinen in ihrem nat\u00fcrlichen Lebensraum im warmen, kristallklaren Wasser der Azoren. Diese verantwortungsvoll gef\u00fchrte Aktivit\u00e4t respektiert das Wohlergehen der Delfine und gew\u00e4hrleistet minimale Auswirkungen auf diese intelligenten Kreaturen.\",\"breadcrumb\":{\"@id\":\"https:\/\/atlantidamarhotel.com\/de\/erholung-freizeit\/erlebnisse-auf-see\/mit-delphinen-schwimmen\/#breadcrumb\"},\"inLanguage\":\"de\",\"potentialAction\":[{\"@type\":\"ReadAction\",\"target\":[\"https:\/\/atlantidamarhotel.com\/de\/erholung-freizeit\/erlebnisse-auf-see\/mit-delphinen-schwimmen\/\"]}]},{\"@type\":\"BreadcrumbList\",\"@id\":\"https:\/\/atlantidamarhotel.com\/de\/erholung-freizeit\/erlebnisse-auf-see\/mit-delphinen-schwimmen\/#breadcrumb\",\"itemListElement\":[{\"@type\":\"ListItem\",\"position\":1,\"name\":\"Home\",\"item\":\"https:\/\/atlantidamarhotel.com\/de\/\"},{\"@type\":\"ListItem\",\"position\":2,\"name\":\"Erholung &#038; Freizeit\",\"item\":\"https:\/\/atlantidamarhotel.com\/de\/erholung-freizeit\/\"},{\"@type\":\"ListItem\",\"position\":3,\"name\":\"Erlebnisse auf See\",\"item\":\"https:\/\/atlantidamarhotel.com\/de\/erholung-freizeit\/erlebnisse-auf-see\/\"},{\"@type\":\"ListItem\",\"position\":4,\"name\":\"Mit Delphinen schwimmen\"}]},{\"@type\":\"WebSite\",\"@id\":\"https:\/\/atlantidamarhotel.com\/de\/#website\",\"url\":\"https:\/\/atlantidamarhotel.com\/de\/\",\"name\":\"Atl\u00e2ntida Mar Hotel\",\"description\":\"Aparthotel\",\"publisher\":{\"@id\":\"https:\/\/atlantidamarhotel.com\/de\/#organization\"},\"potentialAction\":[{\"@type\":\"SearchAction\",\"target\":{\"@type\":\"EntryPoint\",\"urlTemplate\":\"https:\/\/atlantidamarhotel.com\/de\/?s={search_term_string}\"},\"query-input\":\"required name=search_term_string\"}],\"inLanguage\":\"de\"},{\"@type\":\"Organization\",\"@id\":\"https:\/\/atlantidamarhotel.com\/de\/#organization\",\"name\":\"Atl\u00e2ntida Mar Hotel\",\"url\":\"https:\/\/atlantidamarhotel.com\/de\/\",\"logo\":{\"@type\":\"ImageObject\",\"inLanguage\":\"de\",\"@id\":\"https:\/\/atlantidamarhotel.com\/de\/#\/schema\/logo\/image\/\",\"url\":\"https:\/\/atlantidamarhotel.com\/wp-content\/uploads\/2016\/12\/logo-Atlantida-mar-hotel-2.png\",\"contentUrl\":\"https:\/\/atlantidamarhotel.com\/wp-content\/uploads\/2016\/12\/logo-Atlantida-mar-hotel-2.png\",\"width\":1600,\"height\":445,\"caption\":\"Atl\u00e2ntida Mar Hotel\"},\"image\":{\"@id\":\"https:\/\/atlantidamarhotel.com\/de\/#\/schema\/logo\/image\/\"},\"sameAs\":[\"https:\/\/www.facebook.com\/AtlantidaMarHotel\/\"]}]}<\/script>\n<!-- \/ Yoast SEO plugin. -->","yoast_head_json":{"title":"Mit Delphinen schwimmen - Atl\u00e2ntida Mar Hotel","description":"Erleben Sie den unvergesslichen Nervenkitzel beim Schwimmen mit Delfinen in ihrem nat\u00fcrlichen Lebensraum im warmen, kristallklaren Wasser der Azoren. Diese verantwortungsvoll gef\u00fchrte Aktivit\u00e4t respektiert das Wohlergehen der Delfine und gew\u00e4hrleistet minimale Auswirkungen auf diese intelligenten Kreaturen.","robots":{"index":"index","follow":"follow","max-snippet":"max-snippet:-1","max-image-preview":"max-image-preview:large","max-video-preview":"max-video-preview:-1"},"canonical":"https:\/\/atlantidamarhotel.com\/de\/erholung-freizeit\/erlebnisse-auf-see\/mit-delphinen-schwimmen\/","og_locale":"de_DE","og_type":"article","og_title":"Mit Delphinen schwimmen - Atl\u00e2ntida Mar Hotel","og_description":"Erleben Sie den unvergesslichen Nervenkitzel beim Schwimmen mit Delfinen in ihrem nat\u00fcrlichen Lebensraum im warmen, kristallklaren Wasser der Azoren. Diese verantwortungsvoll gef\u00fchrte Aktivit\u00e4t respektiert das Wohlergehen der Delfine und gew\u00e4hrleistet minimale Auswirkungen auf diese intelligenten Kreaturen.","og_url":"https:\/\/atlantidamarhotel.com\/de\/erholung-freizeit\/erlebnisse-auf-see\/mit-delphinen-schwimmen\/","og_site_name":"Atl\u00e2ntida Mar Hotel","article_publisher":"https:\/\/www.facebook.com\/AtlantidaMarHotel\/","article_modified_time":"2023-05-28T21:42:36+00:00","og_image":[{"width":1500,"height":998,"url":"https:\/\/atlantidamarhotel.com\/wp-content\/uploads\/2017\/01\/swimming_with_dolphins_atlantida_mar_hotel_list.jpg","type":"image\/jpeg"}],"twitter_card":"summary_large_image","twitter_misc":{"Gesch\u00e4tzte Lesezeit":"1\u00a0Minute"},"schema":{"@context":"https:\/\/schema.org","@graph":[{"@type":"WebPage","@id":"https:\/\/atlantidamarhotel.com\/de\/erholung-freizeit\/erlebnisse-auf-see\/mit-delphinen-schwimmen\/","url":"https:\/\/atlantidamarhotel.com\/de\/erholung-freizeit\/erlebnisse-auf-see\/mit-delphinen-schwimmen\/","name":"Mit Delphinen schwimmen - Atl\u00e2ntida Mar Hotel","isPartOf":{"@id":"https:\/\/atlantidamarhotel.com\/de\/#website"},"datePublished":"2017-01-24T00:35:43+00:00","dateModified":"2023-05-28T21:42:36+00:00","description":"Erleben Sie den unvergesslichen Nervenkitzel beim Schwimmen mit Delfinen in ihrem nat\u00fcrlichen Lebensraum im warmen, kristallklaren Wasser der Azoren. Diese verantwortungsvoll gef\u00fchrte Aktivit\u00e4t respektiert das Wohlergehen der Delfine und gew\u00e4hrleistet minimale Auswirkungen auf diese intelligenten Kreaturen.","breadcrumb":{"@id":"https:\/\/atlantidamarhotel.com\/de\/erholung-freizeit\/erlebnisse-auf-see\/mit-delphinen-schwimmen\/#breadcrumb"},"inLanguage":"de","potentialAction":[{"@type":"ReadAction","target":["https:\/\/atlantidamarhotel.com\/de\/erholung-freizeit\/erlebnisse-auf-see\/mit-delphinen-schwimmen\/"]}]},{"@type":"BreadcrumbList","@id":"https:\/\/atlantidamarhotel.com\/de\/erholung-freizeit\/erlebnisse-auf-see\/mit-delphinen-schwimmen\/#breadcrumb","itemListElement":[{"@type":"ListItem","position":1,"name":"Home","item":"https:\/\/atlantidamarhotel.com\/de\/"},{"@type":"ListItem","position":2,"name":"Erholung &#038; Freizeit","item":"https:\/\/atlantidamarhotel.com\/de\/erholung-freizeit\/"},{"@type":"ListItem","position":3,"name":"Erlebnisse auf See","item":"https:\/\/atlantidamarhotel.com\/de\/erholung-freizeit\/erlebnisse-auf-see\/"},{"@type":"ListItem","position":4,"name":"Mit Delphinen schwimmen"}]},{"@type":"WebSite","@id":"https:\/\/atlantidamarhotel.com\/de\/#website","url":"https:\/\/atlantidamarhotel.com\/de\/","name":"Atl\u00e2ntida Mar Hotel","description":"Aparthotel","publisher":{"@id":"https:\/\/atlantidamarhotel.com\/de\/#organization"},"potentialAction":[{"@type":"SearchAction","target":{"@type":"EntryPoint","urlTemplate":"https:\/\/atlantidamarhotel.com\/de\/?s={search_term_string}"},"query-input":"required name=search_term_string"}],"inLanguage":"de"},{"@type":"Organization","@id":"https:\/\/atlantidamarhotel.com\/de\/#organization","name":"Atl\u00e2ntida Mar Hotel","url":"https:\/\/atlantidamarhotel.com\/de\/","logo":{"@type":"ImageObject","inLanguage":"de","@id":"https:\/\/atlantidamarhotel.com\/de\/#\/schema\/logo\/image\/","url":"https:\/\/atlantidamarhotel.com\/wp-content\/uploads\/2016\/12\/logo-Atlantida-mar-hotel-2.png","contentUrl":"https:\/\/atlantidamarhotel.com\/wp-content\/uploads\/2016\/12\/logo-Atlantida-mar-hotel-2.png","width":1600,"height":445,"caption":"Atl\u00e2ntida Mar Hotel"},"image":{"@id":"https:\/\/atlantidamarhotel.com\/de\/#\/schema\/logo\/image\/"},"sameAs":["https:\/\/www.facebook.com\/AtlantidaMarHotel\/"]}]}},"_links":{"self":[{"href":"https:\/\/atlantidamarhotel.com\/de\/wp-json\/wp\/v2\/pages\/1587"}],"collection":[{"href":"https:\/\/atlantidamarhotel.com\/de\/wp-json\/wp\/v2\/pages"}],"about":[{"href":"https:\/\/atlantidamarhotel.com\/de\/wp-json\/wp\/v2\/types\/page"}],"author":[{"embeddable":true,"href":"https:\/\/atlantidamarhotel.com\/de\/wp-json\/wp\/v2\/users\/1"}],"replies":[{"embeddable":true,"href":"https:\/\/atlantidamarhotel.com\/de\/wp-json\/wp\/v2\/comments?post=1587"}],"version-history":[{"count":4,"href":"https:\/\/atlantidamarhotel.com\/de\/wp-json\/wp\/v2\/pages\/1587\/revisions"}],"predecessor-version":[{"id":5978,"href":"https:\/\/atlantidamarhotel.com\/de\/wp-json\/wp\/v2\/pages\/1587\/revisions\/5978"}],"up":[{"embeddable":true,"href":"https:\/\/atlantidamarhotel.com\/de\/wp-json\/wp\/v2\/pages\/1593"}],"wp:featuredmedia":[{"embeddable":true,"href":"https:\/\/atlantidamarhotel.com\/de\/wp-json\/wp\/v2\/media\/4573"}],"wp:attachment":[{"href":"https:\/\/atlantidamarhotel.com\/de\/wp-json\/wp\/v2\/media?parent=1587"}],"curies":[{"name":"wp","href":"https:\/\/api.w.org\/{rel}","templated":true}]}}