{"id":1589,"date":"2017-01-23T23:33:14","date_gmt":"2017-01-24T00:33:14","guid":{"rendered":"http:\/\/www.atlantidamarhotel.pt\/whale-and-dolphin-watching\/"},"modified":"2023-05-29T19:22:18","modified_gmt":"2023-05-29T20:22:18","slug":"wal-und-delfinbeobachtung","status":"publish","type":"page","link":"https:\/\/atlantidamarhotel.com\/de\/erholung-freizeit\/erlebnisse-auf-see\/wal-und-delfinbeobachtung\/","title":{"rendered":"Wal- und Delfinbeobachtung"},"content":{"rendered":"<section class=\"wpb-content-wrapper\"><section class=\"l-section wpb_row height_custom\"><div class=\"l-section-h i-cf\"><div class=\"g-cols vc_row via_flex valign_top type_default stacking_default\"><div class=\"vc_col-sm-12 wpb_column vc_column_container\"><div class=\"vc_column-inner\"><div class=\"wpb_wrapper\"><div class=\"wpb_text_column\"><div class=\"wpb_wrapper\"><p>Die Azoren sind gegenwaertig eines der bedeutendsten Walbeobachtungsgebiete der Erde. Bei uns finden Sie mehr als 20 verschiedene Arten von<br \/>\nWalen, heimische und ziehende Arten, haeufig und selten Vorkommende. Die vorhandene Anzahl ist beeindruckend, denn ein Drittel aller<br \/>\nvorkommenden Wal-Arten der Welt kommt hier bei uns auf den Azoren vor.<\/p>\n<p>Dank gigantischer, majestaetischer Wale und verspielter Delfine erscheint das tiefe Blau unseres perfekt sauberen Atlantischen Ozeans noch<br \/>\nmagischer, und die 9 Inseln gewinnen dadurch noch mehr an Attraktivitaet.<\/p>\n<p>Nachdem Sie Ihr Boot bestiegen haben, wird der unendliche Ozean die Buehne von Begegnungen zwischen diesen wundervollen Meereswesen<br \/>\nund uns Menschen.<\/p>\n<\/div><\/div><\/div><\/div><\/div><\/div><\/div><\/section><section class=\"l-section wpb_row height_custom\"><div class=\"l-section-h i-cf\"><div class=\"g-cols vc_row via_flex valign_top type_default stacking_default\"><div class=\"vc_col-sm-12 wpb_column vc_column_container\"><div class=\"vc_column-inner\"><div class=\"wpb_wrapper\"><div class=\"w-btn-wrapper align_center\"><a class=\"w-btn us-btn-style_1\" title=\"Erlebnisse auf See\" href=\"\/de\/erholung-freizeit\/erlebnisse-auf-see\/\"><span class=\"w-btn-label\">Geh zur\u00fcck<\/span><\/a><\/div><\/div><\/div><\/div><\/div><\/div><\/section>\n<\/section>","protected":false},"excerpt":{"rendered":"Die Azoren sind gegenwaertig eines der bedeutendsten Walbeobachtungsgebiete der Erde. Bei uns finden Sie mehr als 20 verschiedene Arten von Walen, heimische und ziehende Arten, haeufig und selten Vorkommende. Die vorhandene Anzahl ist beeindruckend, denn ein Drittel aller vorkommenden Wal-Arten der Welt kommt hier bei uns auf den Azoren vor. Dank gigantischer, majestaetischer Wale und...","protected":false},"author":1,"featured_media":4631,"parent":1593,"menu_order":0,"comment_status":"closed","ping_status":"closed","template":"","meta":{"_monsterinsights_skip_tracking":false,"_monsterinsights_sitenote_active":false,"_monsterinsights_sitenote_note":"","_monsterinsights_sitenote_category":0},"acf":[],"yoast_head":"<!-- This site is optimized with the Yoast SEO plugin v20.12 - https:\/\/yoast.com\/wordpress\/plugins\/seo\/ -->\n<title>Wal- und Delfinbeobachtung - Atl\u00e2ntida Mar Hotel<\/title>\n<meta name=\"description\" content=\"Entdecken Sie die Azoren, ein Schutzgebiet f\u00fcr \u00fcber 20 Walarten. Erleben Sie magische Begegnungen mit majest\u00e4tischen Walen und verspielten Delfinen im Atlantik.\" \/>\n<meta name=\"robots\" content=\"index, follow, max-snippet:-1, max-image-preview:large, max-video-preview:-1\" \/>\n<link rel=\"canonical\" href=\"https:\/\/atlantidamarhotel.com\/de\/erholung-freizeit\/erlebnisse-auf-see\/wal-und-delfinbeobachtung\/\" \/>\n<meta property=\"og:locale\" content=\"de_DE\" \/>\n<meta property=\"og:type\" content=\"article\" \/>\n<meta property=\"og:title\" content=\"Wal- und Delfinbeobachtung - Atl\u00e2ntida Mar Hotel\" \/>\n<meta property=\"og:description\" content=\"Entdecken Sie die Azoren, ein Schutzgebiet f\u00fcr \u00fcber 20 Walarten. Erleben Sie magische Begegnungen mit majest\u00e4tischen Walen und verspielten Delfinen im Atlantik.\" \/>\n<meta property=\"og:url\" content=\"https:\/\/atlantidamarhotel.com\/de\/erholung-freizeit\/erlebnisse-auf-see\/wal-und-delfinbeobachtung\/\" \/>\n<meta property=\"og:site_name\" content=\"Atl\u00e2ntida Mar Hotel\" \/>\n<meta property=\"article:publisher\" content=\"https:\/\/www.facebook.com\/AtlantidaMarHotel\/\" \/>\n<meta property=\"article:modified_time\" content=\"2023-05-29T20:22:18+00:00\" \/>\n<meta property=\"og:image\" content=\"https:\/\/atlantidamarhotel.com\/wp-content\/uploads\/2017\/01\/recreation_leisure_topo_atlantida_mar_hotel2.jpg\" \/>\n\t<meta property=\"og:image:width\" content=\"2000\" \/>\n\t<meta property=\"og:image:height\" content=\"1000\" \/>\n\t<meta property=\"og:image:type\" content=\"image\/jpeg\" \/>\n<meta name=\"twitter:card\" content=\"summary_large_image\" \/>\n<meta name=\"twitter:label1\" content=\"Gesch\u00e4tzte Lesezeit\" \/>\n\t<meta name=\"twitter:data1\" content=\"1\u00a0Minute\" \/>\n<script type=\"application\/ld+json\" class=\"yoast-schema-graph\">{\"@context\":\"https:\/\/schema.org\",\"@graph\":[{\"@type\":\"WebPage\",\"@id\":\"https:\/\/atlantidamarhotel.com\/de\/erholung-freizeit\/erlebnisse-auf-see\/wal-und-delfinbeobachtung\/\",\"url\":\"https:\/\/atlantidamarhotel.com\/de\/erholung-freizeit\/erlebnisse-auf-see\/wal-und-delfinbeobachtung\/\",\"name\":\"Wal- und Delfinbeobachtung - Atl\u00e2ntida Mar Hotel\",\"isPartOf\":{\"@id\":\"https:\/\/atlantidamarhotel.com\/de\/#website\"},\"datePublished\":\"2017-01-24T00:33:14+00:00\",\"dateModified\":\"2023-05-29T20:22:18+00:00\",\"description\":\"Entdecken Sie die Azoren, ein Schutzgebiet f\u00fcr \u00fcber 20 Walarten. Erleben Sie magische Begegnungen mit majest\u00e4tischen Walen und verspielten Delfinen im Atlantik.\",\"breadcrumb\":{\"@id\":\"https:\/\/atlantidamarhotel.com\/de\/erholung-freizeit\/erlebnisse-auf-see\/wal-und-delfinbeobachtung\/#breadcrumb\"},\"inLanguage\":\"de\",\"potentialAction\":[{\"@type\":\"ReadAction\",\"target\":[\"https:\/\/atlantidamarhotel.com\/de\/erholung-freizeit\/erlebnisse-auf-see\/wal-und-delfinbeobachtung\/\"]}]},{\"@type\":\"BreadcrumbList\",\"@id\":\"https:\/\/atlantidamarhotel.com\/de\/erholung-freizeit\/erlebnisse-auf-see\/wal-und-delfinbeobachtung\/#breadcrumb\",\"itemListElement\":[{\"@type\":\"ListItem\",\"position\":1,\"name\":\"Home\",\"item\":\"https:\/\/atlantidamarhotel.com\/de\/\"},{\"@type\":\"ListItem\",\"position\":2,\"name\":\"Erholung &#038; Freizeit\",\"item\":\"https:\/\/atlantidamarhotel.com\/de\/erholung-freizeit\/\"},{\"@type\":\"ListItem\",\"position\":3,\"name\":\"Erlebnisse auf See\",\"item\":\"https:\/\/atlantidamarhotel.com\/de\/erholung-freizeit\/erlebnisse-auf-see\/\"},{\"@type\":\"ListItem\",\"position\":4,\"name\":\"Wal- und Delfinbeobachtung\"}]},{\"@type\":\"WebSite\",\"@id\":\"https:\/\/atlantidamarhotel.com\/de\/#website\",\"url\":\"https:\/\/atlantidamarhotel.com\/de\/\",\"name\":\"Atl\u00e2ntida Mar Hotel\",\"description\":\"Aparthotel\",\"publisher\":{\"@id\":\"https:\/\/atlantidamarhotel.com\/de\/#organization\"},\"potentialAction\":[{\"@type\":\"SearchAction\",\"target\":{\"@type\":\"EntryPoint\",\"urlTemplate\":\"https:\/\/atlantidamarhotel.com\/de\/?s={search_term_string}\"},\"query-input\":\"required name=search_term_string\"}],\"inLanguage\":\"de\"},{\"@type\":\"Organization\",\"@id\":\"https:\/\/atlantidamarhotel.com\/de\/#organization\",\"name\":\"Atl\u00e2ntida Mar Hotel\",\"url\":\"https:\/\/atlantidamarhotel.com\/de\/\",\"logo\":{\"@type\":\"ImageObject\",\"inLanguage\":\"de\",\"@id\":\"https:\/\/atlantidamarhotel.com\/de\/#\/schema\/logo\/image\/\",\"url\":\"https:\/\/atlantidamarhotel.com\/wp-content\/uploads\/2016\/12\/logo-Atlantida-mar-hotel-2.png\",\"contentUrl\":\"https:\/\/atlantidamarhotel.com\/wp-content\/uploads\/2016\/12\/logo-Atlantida-mar-hotel-2.png\",\"width\":1600,\"height\":445,\"caption\":\"Atl\u00e2ntida Mar Hotel\"},\"image\":{\"@id\":\"https:\/\/atlantidamarhotel.com\/de\/#\/schema\/logo\/image\/\"},\"sameAs\":[\"https:\/\/www.facebook.com\/AtlantidaMarHotel\/\"]}]}<\/script>\n<!-- \/ Yoast SEO plugin. -->","yoast_head_json":{"title":"Wal- und Delfinbeobachtung - Atl\u00e2ntida Mar Hotel","description":"Entdecken Sie die Azoren, ein Schutzgebiet f\u00fcr \u00fcber 20 Walarten. Erleben Sie magische Begegnungen mit majest\u00e4tischen Walen und verspielten Delfinen im Atlantik.","robots":{"index":"index","follow":"follow","max-snippet":"max-snippet:-1","max-image-preview":"max-image-preview:large","max-video-preview":"max-video-preview:-1"},"canonical":"https:\/\/atlantidamarhotel.com\/de\/erholung-freizeit\/erlebnisse-auf-see\/wal-und-delfinbeobachtung\/","og_locale":"de_DE","og_type":"article","og_title":"Wal- und Delfinbeobachtung - Atl\u00e2ntida Mar Hotel","og_description":"Entdecken Sie die Azoren, ein Schutzgebiet f\u00fcr \u00fcber 20 Walarten. Erleben Sie magische Begegnungen mit majest\u00e4tischen Walen und verspielten Delfinen im Atlantik.","og_url":"https:\/\/atlantidamarhotel.com\/de\/erholung-freizeit\/erlebnisse-auf-see\/wal-und-delfinbeobachtung\/","og_site_name":"Atl\u00e2ntida Mar Hotel","article_publisher":"https:\/\/www.facebook.com\/AtlantidaMarHotel\/","article_modified_time":"2023-05-29T20:22:18+00:00","og_image":[{"width":2000,"height":1000,"url":"https:\/\/atlantidamarhotel.com\/wp-content\/uploads\/2017\/01\/recreation_leisure_topo_atlantida_mar_hotel2.jpg","type":"image\/jpeg"}],"twitter_card":"summary_large_image","twitter_misc":{"Gesch\u00e4tzte Lesezeit":"1\u00a0Minute"},"schema":{"@context":"https:\/\/schema.org","@graph":[{"@type":"WebPage","@id":"https:\/\/atlantidamarhotel.com\/de\/erholung-freizeit\/erlebnisse-auf-see\/wal-und-delfinbeobachtung\/","url":"https:\/\/atlantidamarhotel.com\/de\/erholung-freizeit\/erlebnisse-auf-see\/wal-und-delfinbeobachtung\/","name":"Wal- und Delfinbeobachtung - Atl\u00e2ntida Mar Hotel","isPartOf":{"@id":"https:\/\/atlantidamarhotel.com\/de\/#website"},"datePublished":"2017-01-24T00:33:14+00:00","dateModified":"2023-05-29T20:22:18+00:00","description":"Entdecken Sie die Azoren, ein Schutzgebiet f\u00fcr \u00fcber 20 Walarten. Erleben Sie magische Begegnungen mit majest\u00e4tischen Walen und verspielten Delfinen im Atlantik.","breadcrumb":{"@id":"https:\/\/atlantidamarhotel.com\/de\/erholung-freizeit\/erlebnisse-auf-see\/wal-und-delfinbeobachtung\/#breadcrumb"},"inLanguage":"de","potentialAction":[{"@type":"ReadAction","target":["https:\/\/atlantidamarhotel.com\/de\/erholung-freizeit\/erlebnisse-auf-see\/wal-und-delfinbeobachtung\/"]}]},{"@type":"BreadcrumbList","@id":"https:\/\/atlantidamarhotel.com\/de\/erholung-freizeit\/erlebnisse-auf-see\/wal-und-delfinbeobachtung\/#breadcrumb","itemListElement":[{"@type":"ListItem","position":1,"name":"Home","item":"https:\/\/atlantidamarhotel.com\/de\/"},{"@type":"ListItem","position":2,"name":"Erholung &#038; Freizeit","item":"https:\/\/atlantidamarhotel.com\/de\/erholung-freizeit\/"},{"@type":"ListItem","position":3,"name":"Erlebnisse auf See","item":"https:\/\/atlantidamarhotel.com\/de\/erholung-freizeit\/erlebnisse-auf-see\/"},{"@type":"ListItem","position":4,"name":"Wal- und Delfinbeobachtung"}]},{"@type":"WebSite","@id":"https:\/\/atlantidamarhotel.com\/de\/#website","url":"https:\/\/atlantidamarhotel.com\/de\/","name":"Atl\u00e2ntida Mar Hotel","description":"Aparthotel","publisher":{"@id":"https:\/\/atlantidamarhotel.com\/de\/#organization"},"potentialAction":[{"@type":"SearchAction","target":{"@type":"EntryPoint","urlTemplate":"https:\/\/atlantidamarhotel.com\/de\/?s={search_term_string}"},"query-input":"required name=search_term_string"}],"inLanguage":"de"},{"@type":"Organization","@id":"https:\/\/atlantidamarhotel.com\/de\/#organization","name":"Atl\u00e2ntida Mar Hotel","url":"https:\/\/atlantidamarhotel.com\/de\/","logo":{"@type":"ImageObject","inLanguage":"de","@id":"https:\/\/atlantidamarhotel.com\/de\/#\/schema\/logo\/image\/","url":"https:\/\/atlantidamarhotel.com\/wp-content\/uploads\/2016\/12\/logo-Atlantida-mar-hotel-2.png","contentUrl":"https:\/\/atlantidamarhotel.com\/wp-content\/uploads\/2016\/12\/logo-Atlantida-mar-hotel-2.png","width":1600,"height":445,"caption":"Atl\u00e2ntida Mar Hotel"},"image":{"@id":"https:\/\/atlantidamarhotel.com\/de\/#\/schema\/logo\/image\/"},"sameAs":["https:\/\/www.facebook.com\/AtlantidaMarHotel\/"]}]}},"_links":{"self":[{"href":"https:\/\/atlantidamarhotel.com\/de\/wp-json\/wp\/v2\/pages\/1589"}],"collection":[{"href":"https:\/\/atlantidamarhotel.com\/de\/wp-json\/wp\/v2\/pages"}],"about":[{"href":"https:\/\/atlantidamarhotel.com\/de\/wp-json\/wp\/v2\/types\/page"}],"author":[{"embeddable":true,"href":"https:\/\/atlantidamarhotel.com\/de\/wp-json\/wp\/v2\/users\/1"}],"replies":[{"embeddable":true,"href":"https:\/\/atlantidamarhotel.com\/de\/wp-json\/wp\/v2\/comments?post=1589"}],"version-history":[{"count":4,"href":"https:\/\/atlantidamarhotel.com\/de\/wp-json\/wp\/v2\/pages\/1589\/revisions"}],"predecessor-version":[{"id":5990,"href":"https:\/\/atlantidamarhotel.com\/de\/wp-json\/wp\/v2\/pages\/1589\/revisions\/5990"}],"up":[{"embeddable":true,"href":"https:\/\/atlantidamarhotel.com\/de\/wp-json\/wp\/v2\/pages\/1593"}],"wp:featuredmedia":[{"embeddable":true,"href":"https:\/\/atlantidamarhotel.com\/de\/wp-json\/wp\/v2\/media\/4631"}],"wp:attachment":[{"href":"https:\/\/atlantidamarhotel.com\/de\/wp-json\/wp\/v2\/media?parent=1589"}],"curies":[{"name":"wp","href":"https:\/\/api.w.org\/{rel}","templated":true}]}}