{"id":1593,"date":"2017-01-22T19:07:50","date_gmt":"2017-01-22T20:07:50","guid":{"rendered":"http:\/\/www.atlantidamarhotel.pt\/experiences-at-sea\/"},"modified":"2023-05-28T20:44:17","modified_gmt":"2023-05-28T21:44:17","slug":"erlebnisse-auf-see","status":"publish","type":"page","link":"https:\/\/atlantidamarhotel.com\/de\/erholung-freizeit\/erlebnisse-auf-see\/","title":{"rendered":"Erlebnisse auf See"},"content":{"rendered":"<section class=\"wpb-content-wrapper\"><section class=\"l-section wpb_row height_custom\"><div class=\"l-section-h i-cf\"><div class=\"g-cols vc_row via_flex valign_top type_default stacking_default\"><div class=\"vc_col-sm-12 wpb_column vc_column_container\"><div class=\"vc_column-inner\"><div class=\"wpb_wrapper\"><div class=\"wpb_text_column\"><div class=\"wpb_wrapper\"><p>Eine der wichtigsten touristischen Attraktionen der Insel sind die Aktivit\u00e4ten am Meer.<\/p>\n<p>F\u00fcr diejenigen, die das Meer lieben, bietet das Atlantida Mar Hotel verschiedene Erlebnisse im unber\u00fchrten Wasserparadies rund um die Insel als unvergessliches Souvenir.<\/p>\n<p>Erleben Sie unglaubliche Schnorchelabenteuer, w\u00e4hrend Sie die unber\u00fchrte K\u00fcste der Insel mit Gruppen wilder Delfine in ihrem nat\u00fcrlichen Lebensraum erkunden &#8230; oder erleben Sie die Unterwasserwelt, indem Sie einfach eine Maske aufsetzen, die Ihnen ein Fenster zu einer verborgenen, wunderbaren Welt \u00f6ffnet &#8230;<\/p>\n<\/div><\/div><\/div><\/div><\/div><\/div><\/div><\/section><section class=\"l-section wpb_row height_custom\"><div class=\"l-section-h i-cf\"><div class=\"g-cols vc_row via_flex valign_top type_default stacking_default\"><div class=\"vc_col-sm-4 wpb_column vc_column_container\"><div class=\"vc_column-inner\"><div class=\"wpb_wrapper\"><div class=\"w-image has_ratio align_center\"><div class=\"w-image-h\"><div style=\"padding-bottom:75%\"><\/div><img width=\"1024\" height=\"768\" src=\"https:\/\/atlantidamarhotel.com\/wp-content\/uploads\/2017\/01\/experiences_sea_atlantida_mar_hotel_gallery10-1024x768.jpg\" class=\"attachment-large size-large\" alt=\"\" decoding=\"async\" loading=\"lazy\" srcset=\"https:\/\/atlantidamarhotel.com\/wp-content\/uploads\/2017\/01\/experiences_sea_atlantida_mar_hotel_gallery10.jpg 1024w, https:\/\/atlantidamarhotel.com\/wp-content\/uploads\/2017\/01\/experiences_sea_atlantida_mar_hotel_gallery10-300x225.jpg 300w, https:\/\/atlantidamarhotel.com\/wp-content\/uploads\/2017\/01\/experiences_sea_atlantida_mar_hotel_gallery10-768x576.jpg 768w, https:\/\/atlantidamarhotel.com\/wp-content\/uploads\/2017\/01\/experiences_sea_atlantida_mar_hotel_gallery10-800x600.jpg 800w\" sizes=\"(max-width: 1024px) 100vw, 1024px\" \/><\/div><\/div><div class=\"w-separator size_small with_line width_default thick_1 style_solid color_border align_center\"><div class=\"w-separator-h\"><\/div><\/div><div class=\"wpb_text_column\"><div class=\"wpb_wrapper\"><h4 style=\"text-align: center;\">Wal- und Delfinbeobachtung<\/h4>\n<p style=\"text-align: center;\">Die Azoren sind derzeit eines der gr\u00f6\u00dften Walschutzgebiete der Welt&#8230;<\/p>\n<\/div><\/div><div class=\"w-separator size_small\"><\/div><div class=\"w-btn-wrapper align_center\"><a class=\"w-btn us-btn-style_1\" title=\"Wal- und Delfinbeobachtung\" href=\"\/de\/erholung-freizeit\/erlebnisse-auf-see\/wal-und-delfinbeobachtung\/\"><span class=\"w-btn-label\">mehr sehen<\/span><\/a><\/div><\/div><\/div><\/div><div class=\"vc_col-sm-4 wpb_column vc_column_container\"><div class=\"vc_column-inner\"><div class=\"wpb_wrapper\"><div class=\"w-image has_ratio align_center\"><div class=\"w-image-h\"><div style=\"padding-bottom:75%\"><\/div><img width=\"1024\" height=\"681\" src=\"https:\/\/atlantidamarhotel.com\/wp-content\/uploads\/2017\/01\/swimming_with_dolphins_atlantida_mar_hotel_list-1024x681.jpg\" class=\"attachment-large size-large\" alt=\"\" decoding=\"async\" loading=\"lazy\" srcset=\"https:\/\/atlantidamarhotel.com\/wp-content\/uploads\/2017\/01\/swimming_with_dolphins_atlantida_mar_hotel_list-1024x681.jpg 1024w, https:\/\/atlantidamarhotel.com\/wp-content\/uploads\/2017\/01\/swimming_with_dolphins_atlantida_mar_hotel_list-300x200.jpg 300w, https:\/\/atlantidamarhotel.com\/wp-content\/uploads\/2017\/01\/swimming_with_dolphins_atlantida_mar_hotel_list-768x511.jpg 768w, https:\/\/atlantidamarhotel.com\/wp-content\/uploads\/2017\/01\/swimming_with_dolphins_atlantida_mar_hotel_list-600x400.jpg 600w, https:\/\/atlantidamarhotel.com\/wp-content\/uploads\/2017\/01\/swimming_with_dolphins_atlantida_mar_hotel_list.jpg 1500w\" sizes=\"(max-width: 1024px) 100vw, 1024px\" \/><\/div><\/div><div class=\"w-separator size_small with_line width_default thick_1 style_solid color_border align_center\"><div class=\"w-separator-h\"><\/div><\/div><div class=\"wpb_text_column\"><div class=\"wpb_wrapper\"><h4 style=\"text-align: center;\">Mit Delphinen schwimmen<\/h4>\n<p style=\"text-align: center;\">Im Wasser im Kontakt mit Delfinen in ihrer nat\u00fcrlichen Umgebung zu sein, ist ein einzigartiges und absolut unvergessliches Erlebnis &#8230;<\/p>\n<\/div><\/div><div class=\"w-separator size_small\"><\/div><div class=\"w-btn-wrapper align_center\"><a class=\"w-btn us-btn-style_1\" title=\"Mit Delphinen schwimmen\" href=\"\/de\/erholung-freizeit\/erlebnisse-auf-see\/mit-delphinen-schwimmen\/\"><span class=\"w-btn-label\">mehr sehen<\/span><\/a><\/div><\/div><\/div><\/div><div class=\"vc_col-sm-4 wpb_column vc_column_container\"><div class=\"vc_column-inner\"><div class=\"wpb_wrapper\"><div class=\"w-image has_ratio align_center\"><div class=\"w-image-h\"><div style=\"padding-bottom:75%\"><\/div><img width=\"1024\" height=\"681\" src=\"https:\/\/atlantidamarhotel.com\/wp-content\/uploads\/2017\/01\/diving_trips_atlantida_mar_hotel_list-1024x681.jpg\" class=\"attachment-large size-large\" alt=\"\" decoding=\"async\" loading=\"lazy\" srcset=\"https:\/\/atlantidamarhotel.com\/wp-content\/uploads\/2017\/01\/diving_trips_atlantida_mar_hotel_list-1024x681.jpg 1024w, https:\/\/atlantidamarhotel.com\/wp-content\/uploads\/2017\/01\/diving_trips_atlantida_mar_hotel_list-300x200.jpg 300w, https:\/\/atlantidamarhotel.com\/wp-content\/uploads\/2017\/01\/diving_trips_atlantida_mar_hotel_list-768x511.jpg 768w, https:\/\/atlantidamarhotel.com\/wp-content\/uploads\/2017\/01\/diving_trips_atlantida_mar_hotel_list-600x400.jpg 600w, https:\/\/atlantidamarhotel.com\/wp-content\/uploads\/2017\/01\/diving_trips_atlantida_mar_hotel_list.jpg 1500w\" sizes=\"(max-width: 1024px) 100vw, 1024px\" \/><\/div><\/div><div class=\"w-separator size_small with_line width_default thick_1 style_solid color_border align_center\"><div class=\"w-separator-h\"><\/div><\/div><div class=\"wpb_text_column\"><div class=\"wpb_wrapper\"><h4 style=\"text-align: center;\">Tauchausfl\u00fcge<\/h4>\n<p style=\"text-align: center;\">Sowohl die richtige Temperatur des Meerwassers, die zwischen 17 und 23 Grad Celsius liegt, als auch seine Transparenz und Sichtbarkeit &#8230;<\/p>\n<\/div><\/div><div class=\"w-separator size_small\"><\/div><div class=\"w-btn-wrapper align_center\"><a class=\"w-btn us-btn-style_1\" title=\"Tauchausfl\u00fcge\" href=\"\/de\/erholung-freizeit\/erlebnisse-auf-see\/tauchausfluege\/\"><span class=\"w-btn-label\">mehr sehen<\/span><\/a><\/div><\/div><\/div><\/div><\/div><\/div><\/section><section class=\"l-section wpb_row height_custom\"><div class=\"l-section-h i-cf\"><div class=\"g-cols vc_row via_flex valign_top type_default stacking_default\"><div class=\"vc_col-sm-4 wpb_column vc_column_container\"><div class=\"vc_column-inner\"><div class=\"wpb_wrapper\"><div class=\"w-image has_ratio align_center\"><div class=\"w-image-h\"><div style=\"padding-bottom:75%\"><\/div><img width=\"1024\" height=\"681\" src=\"https:\/\/atlantidamarhotel.com\/wp-content\/uploads\/2017\/01\/boat_rides_atlantida_mar_hotel_list-1024x681.jpg\" class=\"attachment-large size-large\" alt=\"\" decoding=\"async\" loading=\"lazy\" srcset=\"https:\/\/atlantidamarhotel.com\/wp-content\/uploads\/2017\/01\/boat_rides_atlantida_mar_hotel_list-1024x681.jpg 1024w, https:\/\/atlantidamarhotel.com\/wp-content\/uploads\/2017\/01\/boat_rides_atlantida_mar_hotel_list-300x200.jpg 300w, https:\/\/atlantidamarhotel.com\/wp-content\/uploads\/2017\/01\/boat_rides_atlantida_mar_hotel_list-768x511.jpg 768w, https:\/\/atlantidamarhotel.com\/wp-content\/uploads\/2017\/01\/boat_rides_atlantida_mar_hotel_list-600x400.jpg 600w, https:\/\/atlantidamarhotel.com\/wp-content\/uploads\/2017\/01\/boat_rides_atlantida_mar_hotel_list.jpg 1500w\" sizes=\"(max-width: 1024px) 100vw, 1024px\" \/><\/div><\/div><div class=\"w-separator size_small with_line width_default thick_1 style_solid color_border align_center\"><div class=\"w-separator-h\"><\/div><\/div><div class=\"wpb_text_column\"><div class=\"wpb_wrapper\"><h4 style=\"text-align: center;\">Bootfahrten<\/h4>\n<p style=\"text-align: center;\">Auf der Insel gibt es verschiedene M\u00f6glichkeiten f\u00fcr Bootstouren, damit Sie diejenige finden, die Ihnen am besten gef\u00e4llt &#8230;<\/p>\n<\/div><\/div><div class=\"w-separator size_small\"><\/div><div class=\"w-btn-wrapper align_center\"><a class=\"w-btn us-btn-style_1\" title=\"Bootfahrten\" href=\"\/de\/erholung-freizeit\/erlebnisse-auf-see\/bootfahrten\/\"><span class=\"w-btn-label\">mehr sehen<\/span><\/a><\/div><\/div><\/div><\/div><div class=\"vc_col-sm-4 wpb_column vc_column_container\"><div class=\"vc_column-inner\"><div class=\"wpb_wrapper\"><div class=\"w-image has_ratio align_center\"><div class=\"w-image-h\"><div style=\"padding-bottom:75%\"><\/div><img width=\"1024\" height=\"681\" src=\"https:\/\/atlantidamarhotel.com\/wp-content\/uploads\/2017\/01\/tourism_fishing_atlantida_mar_hotel_list-1024x681.jpg\" class=\"attachment-large size-large\" alt=\"\" decoding=\"async\" loading=\"lazy\" srcset=\"https:\/\/atlantidamarhotel.com\/wp-content\/uploads\/2017\/01\/tourism_fishing_atlantida_mar_hotel_list-1024x681.jpg 1024w, https:\/\/atlantidamarhotel.com\/wp-content\/uploads\/2017\/01\/tourism_fishing_atlantida_mar_hotel_list-300x200.jpg 300w, https:\/\/atlantidamarhotel.com\/wp-content\/uploads\/2017\/01\/tourism_fishing_atlantida_mar_hotel_list-768x511.jpg 768w, https:\/\/atlantidamarhotel.com\/wp-content\/uploads\/2017\/01\/tourism_fishing_atlantida_mar_hotel_list-600x400.jpg 600w, https:\/\/atlantidamarhotel.com\/wp-content\/uploads\/2017\/01\/tourism_fishing_atlantida_mar_hotel_list.jpg 1500w\" sizes=\"(max-width: 1024px) 100vw, 1024px\" \/><\/div><\/div><div class=\"w-separator size_small with_line width_default thick_1 style_solid color_border align_center\"><div class=\"w-separator-h\"><\/div><\/div><div class=\"wpb_text_column\"><div class=\"wpb_wrapper\"><h4 style=\"text-align: center;\">Tourismusfischen<\/h4>\n<p style=\"text-align: center;\">F\u00fcr Liebhaber des Sportfischens an der K\u00fcste gibt es Bootsfahrten zum Angeln mit der M\u00f6glichkeit&#8230;<\/p>\n<\/div><\/div><div class=\"w-separator size_small\"><\/div><div class=\"w-btn-wrapper align_center\"><a class=\"w-btn us-btn-style_1\" title=\"Tourismusfischen\" href=\"\/de\/erholung-freizeit\/erlebnisse-auf-see\/tourismusfischen\/\"><span class=\"w-btn-label\">mehr sehen<\/span><\/a><\/div><\/div><\/div><\/div><div class=\"vc_col-sm-4 wpb_column vc_column_container\"><div class=\"vc_column-inner\"><div class=\"wpb_wrapper\"><div class=\"w-image has_ratio align_center\"><div class=\"w-image-h\"><div style=\"padding-bottom:75%\"><\/div><img width=\"1024\" height=\"681\" src=\"https:\/\/atlantidamarhotel.com\/wp-content\/uploads\/2017\/01\/beach_water_sports_atlantida_mar_hotel_list-1024x681.jpg\" class=\"attachment-large size-large\" alt=\"\" decoding=\"async\" loading=\"lazy\" srcset=\"https:\/\/atlantidamarhotel.com\/wp-content\/uploads\/2017\/01\/beach_water_sports_atlantida_mar_hotel_list-1024x681.jpg 1024w, https:\/\/atlantidamarhotel.com\/wp-content\/uploads\/2017\/01\/beach_water_sports_atlantida_mar_hotel_list-300x200.jpg 300w, https:\/\/atlantidamarhotel.com\/wp-content\/uploads\/2017\/01\/beach_water_sports_atlantida_mar_hotel_list-768x511.jpg 768w, https:\/\/atlantidamarhotel.com\/wp-content\/uploads\/2017\/01\/beach_water_sports_atlantida_mar_hotel_list-600x400.jpg 600w, https:\/\/atlantidamarhotel.com\/wp-content\/uploads\/2017\/01\/beach_water_sports_atlantida_mar_hotel_list.jpg 1500w\" sizes=\"(max-width: 1024px) 100vw, 1024px\" \/><\/div><\/div><div class=\"w-separator size_small with_line width_default thick_1 style_solid color_border align_center\"><div class=\"w-separator-h\"><\/div><\/div><div class=\"wpb_text_column\"><div class=\"wpb_wrapper\"><h4 style=\"text-align: center;\">Strand- und Wassersport<\/h4>\n<p style=\"text-align: center;\">Outdoor-Sonnenhungrige und Meeresliebhaber haben auch eine Vielzahl von Wassersportaktivit\u00e4ten im Angebot &#8230;<\/p>\n<\/div><\/div><div class=\"w-separator size_small\"><\/div><div class=\"w-btn-wrapper align_center\"><a class=\"w-btn us-btn-style_1\" title=\"Strand- und Wassersport\" href=\"\/de\/erholung-freizeit\/erlebnisse-auf-see\/strand-und-wassersport\/\"><span class=\"w-btn-label\">mehr sehen<\/span><\/a><\/div><\/div><\/div><\/div><\/div><\/div><\/section><section class=\"l-section wpb_row height_custom\"><div class=\"l-section-h i-cf\"><div class=\"g-cols vc_row via_flex valign_top type_default stacking_default\"><div class=\"vc_col-sm-12 wpb_column vc_column_container\"><div class=\"vc_column-inner\"><div class=\"wpb_wrapper\"><div class=\"w-btn-wrapper align_center\"><a class=\"w-btn us-btn-style_1\" title=\"Erholung &amp; Freizeit\" href=\"\/de\/erholung-freizeit\/\"><span class=\"w-btn-label\">Geh zur\u00fcck<\/span><\/a><\/div><\/div><\/div><\/div><\/div><\/div><\/section>\n<\/section>","protected":false},"excerpt":{"rendered":"Eine der wichtigsten touristischen Attraktionen der Insel sind die Aktivit\u00e4ten am Meer. F\u00fcr diejenigen, die das Meer lieben, bietet das Atlantida Mar Hotel verschiedene Erlebnisse im unber\u00fchrten Wasserparadies rund um die Insel als unvergessliches Souvenir. Erleben Sie unglaubliche Schnorchelabenteuer, w\u00e4hrend Sie die unber\u00fchrte K\u00fcste der Insel mit Gruppen wilder Delfine in ihrem nat\u00fcrlichen Lebensraum erkunden...","protected":false},"author":1,"featured_media":4663,"parent":1653,"menu_order":0,"comment_status":"closed","ping_status":"closed","template":"","meta":{"_monsterinsights_skip_tracking":false,"_monsterinsights_sitenote_active":false,"_monsterinsights_sitenote_note":"","_monsterinsights_sitenote_category":0},"acf":[],"yoast_head":"<!-- This site is optimized with the Yoast SEO plugin v20.12 - https:\/\/yoast.com\/wordpress\/plugins\/seo\/ -->\n<title>Erlebnisse auf See - Atl\u00e2ntida Mar Hotel<\/title>\n<meta name=\"description\" content=\"Das Atlantida Mar Hotel bietet unvergessliche Meereserlebnisse rund um die Insel Terceira, darunter Schnorchelabenteuer mit wilden Delfinen und die Erkundung der lebendigen Unterwasserwelt, was es zu einem erstklassigen Reiseziel f\u00fcr Meeresbegeisterte macht.\" \/>\n<meta name=\"robots\" content=\"index, follow, max-snippet:-1, max-image-preview:large, max-video-preview:-1\" \/>\n<link rel=\"canonical\" href=\"https:\/\/atlantidamarhotel.com\/de\/erholung-freizeit\/erlebnisse-auf-see\/\" \/>\n<meta property=\"og:locale\" content=\"de_DE\" \/>\n<meta property=\"og:type\" content=\"article\" \/>\n<meta property=\"og:title\" content=\"Erlebnisse auf See - Atl\u00e2ntida Mar Hotel\" \/>\n<meta property=\"og:description\" content=\"Das Atlantida Mar Hotel bietet unvergessliche Meereserlebnisse rund um die Insel Terceira, darunter Schnorchelabenteuer mit wilden Delfinen und die Erkundung der lebendigen Unterwasserwelt, was es zu einem erstklassigen Reiseziel f\u00fcr Meeresbegeisterte macht.\" \/>\n<meta property=\"og:url\" content=\"https:\/\/atlantidamarhotel.com\/de\/erholung-freizeit\/erlebnisse-auf-see\/\" \/>\n<meta property=\"og:site_name\" content=\"Atl\u00e2ntida Mar Hotel\" \/>\n<meta property=\"article:publisher\" content=\"https:\/\/www.facebook.com\/AtlantidaMarHotel\/\" \/>\n<meta property=\"article:modified_time\" content=\"2023-05-28T21:44:17+00:00\" \/>\n<meta property=\"og:image\" content=\"https:\/\/atlantidamarhotel.com\/wp-content\/uploads\/2017\/01\/experiences_sea_atlantida_mar_hotel.jpg\" \/>\n\t<meta property=\"og:image:width\" content=\"2000\" \/>\n\t<meta property=\"og:image:height\" content=\"1000\" \/>\n\t<meta property=\"og:image:type\" content=\"image\/jpeg\" \/>\n<meta name=\"twitter:card\" content=\"summary_large_image\" \/>\n<meta name=\"twitter:label1\" content=\"Gesch\u00e4tzte Lesezeit\" \/>\n\t<meta name=\"twitter:data1\" content=\"2\u00a0Minuten\" \/>\n<script type=\"application\/ld+json\" class=\"yoast-schema-graph\">{\"@context\":\"https:\/\/schema.org\",\"@graph\":[{\"@type\":\"WebPage\",\"@id\":\"https:\/\/atlantidamarhotel.com\/de\/erholung-freizeit\/erlebnisse-auf-see\/\",\"url\":\"https:\/\/atlantidamarhotel.com\/de\/erholung-freizeit\/erlebnisse-auf-see\/\",\"name\":\"Erlebnisse auf See - Atl\u00e2ntida Mar Hotel\",\"isPartOf\":{\"@id\":\"https:\/\/atlantidamarhotel.com\/de\/#website\"},\"datePublished\":\"2017-01-22T20:07:50+00:00\",\"dateModified\":\"2023-05-28T21:44:17+00:00\",\"description\":\"Das Atlantida Mar Hotel bietet unvergessliche Meereserlebnisse rund um die Insel Terceira, darunter Schnorchelabenteuer mit wilden Delfinen und die Erkundung der lebendigen Unterwasserwelt, was es zu einem erstklassigen Reiseziel f\u00fcr Meeresbegeisterte macht.\",\"breadcrumb\":{\"@id\":\"https:\/\/atlantidamarhotel.com\/de\/erholung-freizeit\/erlebnisse-auf-see\/#breadcrumb\"},\"inLanguage\":\"de\",\"potentialAction\":[{\"@type\":\"ReadAction\",\"target\":[\"https:\/\/atlantidamarhotel.com\/de\/erholung-freizeit\/erlebnisse-auf-see\/\"]}]},{\"@type\":\"BreadcrumbList\",\"@id\":\"https:\/\/atlantidamarhotel.com\/de\/erholung-freizeit\/erlebnisse-auf-see\/#breadcrumb\",\"itemListElement\":[{\"@type\":\"ListItem\",\"position\":1,\"name\":\"Home\",\"item\":\"https:\/\/atlantidamarhotel.com\/de\/\"},{\"@type\":\"ListItem\",\"position\":2,\"name\":\"Erholung &#038; Freizeit\",\"item\":\"https:\/\/atlantidamarhotel.com\/de\/erholung-freizeit\/\"},{\"@type\":\"ListItem\",\"position\":3,\"name\":\"Erlebnisse auf See\"}]},{\"@type\":\"WebSite\",\"@id\":\"https:\/\/atlantidamarhotel.com\/de\/#website\",\"url\":\"https:\/\/atlantidamarhotel.com\/de\/\",\"name\":\"Atl\u00e2ntida Mar Hotel\",\"description\":\"Aparthotel\",\"publisher\":{\"@id\":\"https:\/\/atlantidamarhotel.com\/de\/#organization\"},\"potentialAction\":[{\"@type\":\"SearchAction\",\"target\":{\"@type\":\"EntryPoint\",\"urlTemplate\":\"https:\/\/atlantidamarhotel.com\/de\/?s={search_term_string}\"},\"query-input\":\"required name=search_term_string\"}],\"inLanguage\":\"de\"},{\"@type\":\"Organization\",\"@id\":\"https:\/\/atlantidamarhotel.com\/de\/#organization\",\"name\":\"Atl\u00e2ntida Mar Hotel\",\"url\":\"https:\/\/atlantidamarhotel.com\/de\/\",\"logo\":{\"@type\":\"ImageObject\",\"inLanguage\":\"de\",\"@id\":\"https:\/\/atlantidamarhotel.com\/de\/#\/schema\/logo\/image\/\",\"url\":\"https:\/\/atlantidamarhotel.com\/wp-content\/uploads\/2016\/12\/logo-Atlantida-mar-hotel-2.png\",\"contentUrl\":\"https:\/\/atlantidamarhotel.com\/wp-content\/uploads\/2016\/12\/logo-Atlantida-mar-hotel-2.png\",\"width\":1600,\"height\":445,\"caption\":\"Atl\u00e2ntida Mar Hotel\"},\"image\":{\"@id\":\"https:\/\/atlantidamarhotel.com\/de\/#\/schema\/logo\/image\/\"},\"sameAs\":[\"https:\/\/www.facebook.com\/AtlantidaMarHotel\/\"]}]}<\/script>\n<!-- \/ Yoast SEO plugin. -->","yoast_head_json":{"title":"Erlebnisse auf See - Atl\u00e2ntida Mar Hotel","description":"Das Atlantida Mar Hotel bietet unvergessliche Meereserlebnisse rund um die Insel Terceira, darunter Schnorchelabenteuer mit wilden Delfinen und die Erkundung der lebendigen Unterwasserwelt, was es zu einem erstklassigen Reiseziel f\u00fcr Meeresbegeisterte macht.","robots":{"index":"index","follow":"follow","max-snippet":"max-snippet:-1","max-image-preview":"max-image-preview:large","max-video-preview":"max-video-preview:-1"},"canonical":"https:\/\/atlantidamarhotel.com\/de\/erholung-freizeit\/erlebnisse-auf-see\/","og_locale":"de_DE","og_type":"article","og_title":"Erlebnisse auf See - Atl\u00e2ntida Mar Hotel","og_description":"Das Atlantida Mar Hotel bietet unvergessliche Meereserlebnisse rund um die Insel Terceira, darunter Schnorchelabenteuer mit wilden Delfinen und die Erkundung der lebendigen Unterwasserwelt, was es zu einem erstklassigen Reiseziel f\u00fcr Meeresbegeisterte macht.","og_url":"https:\/\/atlantidamarhotel.com\/de\/erholung-freizeit\/erlebnisse-auf-see\/","og_site_name":"Atl\u00e2ntida Mar Hotel","article_publisher":"https:\/\/www.facebook.com\/AtlantidaMarHotel\/","article_modified_time":"2023-05-28T21:44:17+00:00","og_image":[{"width":2000,"height":1000,"url":"https:\/\/atlantidamarhotel.com\/wp-content\/uploads\/2017\/01\/experiences_sea_atlantida_mar_hotel.jpg","type":"image\/jpeg"}],"twitter_card":"summary_large_image","twitter_misc":{"Gesch\u00e4tzte Lesezeit":"2\u00a0Minuten"},"schema":{"@context":"https:\/\/schema.org","@graph":[{"@type":"WebPage","@id":"https:\/\/atlantidamarhotel.com\/de\/erholung-freizeit\/erlebnisse-auf-see\/","url":"https:\/\/atlantidamarhotel.com\/de\/erholung-freizeit\/erlebnisse-auf-see\/","name":"Erlebnisse auf See - Atl\u00e2ntida Mar Hotel","isPartOf":{"@id":"https:\/\/atlantidamarhotel.com\/de\/#website"},"datePublished":"2017-01-22T20:07:50+00:00","dateModified":"2023-05-28T21:44:17+00:00","description":"Das Atlantida Mar Hotel bietet unvergessliche Meereserlebnisse rund um die Insel Terceira, darunter Schnorchelabenteuer mit wilden Delfinen und die Erkundung der lebendigen Unterwasserwelt, was es zu einem erstklassigen Reiseziel f\u00fcr Meeresbegeisterte macht.","breadcrumb":{"@id":"https:\/\/atlantidamarhotel.com\/de\/erholung-freizeit\/erlebnisse-auf-see\/#breadcrumb"},"inLanguage":"de","potentialAction":[{"@type":"ReadAction","target":["https:\/\/atlantidamarhotel.com\/de\/erholung-freizeit\/erlebnisse-auf-see\/"]}]},{"@type":"BreadcrumbList","@id":"https:\/\/atlantidamarhotel.com\/de\/erholung-freizeit\/erlebnisse-auf-see\/#breadcrumb","itemListElement":[{"@type":"ListItem","position":1,"name":"Home","item":"https:\/\/atlantidamarhotel.com\/de\/"},{"@type":"ListItem","position":2,"name":"Erholung &#038; Freizeit","item":"https:\/\/atlantidamarhotel.com\/de\/erholung-freizeit\/"},{"@type":"ListItem","position":3,"name":"Erlebnisse auf See"}]},{"@type":"WebSite","@id":"https:\/\/atlantidamarhotel.com\/de\/#website","url":"https:\/\/atlantidamarhotel.com\/de\/","name":"Atl\u00e2ntida Mar Hotel","description":"Aparthotel","publisher":{"@id":"https:\/\/atlantidamarhotel.com\/de\/#organization"},"potentialAction":[{"@type":"SearchAction","target":{"@type":"EntryPoint","urlTemplate":"https:\/\/atlantidamarhotel.com\/de\/?s={search_term_string}"},"query-input":"required name=search_term_string"}],"inLanguage":"de"},{"@type":"Organization","@id":"https:\/\/atlantidamarhotel.com\/de\/#organization","name":"Atl\u00e2ntida Mar Hotel","url":"https:\/\/atlantidamarhotel.com\/de\/","logo":{"@type":"ImageObject","inLanguage":"de","@id":"https:\/\/atlantidamarhotel.com\/de\/#\/schema\/logo\/image\/","url":"https:\/\/atlantidamarhotel.com\/wp-content\/uploads\/2016\/12\/logo-Atlantida-mar-hotel-2.png","contentUrl":"https:\/\/atlantidamarhotel.com\/wp-content\/uploads\/2016\/12\/logo-Atlantida-mar-hotel-2.png","width":1600,"height":445,"caption":"Atl\u00e2ntida Mar Hotel"},"image":{"@id":"https:\/\/atlantidamarhotel.com\/de\/#\/schema\/logo\/image\/"},"sameAs":["https:\/\/www.facebook.com\/AtlantidaMarHotel\/"]}]}},"_links":{"self":[{"href":"https:\/\/atlantidamarhotel.com\/de\/wp-json\/wp\/v2\/pages\/1593"}],"collection":[{"href":"https:\/\/atlantidamarhotel.com\/de\/wp-json\/wp\/v2\/pages"}],"about":[{"href":"https:\/\/atlantidamarhotel.com\/de\/wp-json\/wp\/v2\/types\/page"}],"author":[{"embeddable":true,"href":"https:\/\/atlantidamarhotel.com\/de\/wp-json\/wp\/v2\/users\/1"}],"replies":[{"embeddable":true,"href":"https:\/\/atlantidamarhotel.com\/de\/wp-json\/wp\/v2\/comments?post=1593"}],"version-history":[{"count":7,"href":"https:\/\/atlantidamarhotel.com\/de\/wp-json\/wp\/v2\/pages\/1593\/revisions"}],"predecessor-version":[{"id":5979,"href":"https:\/\/atlantidamarhotel.com\/de\/wp-json\/wp\/v2\/pages\/1593\/revisions\/5979"}],"up":[{"embeddable":true,"href":"https:\/\/atlantidamarhotel.com\/de\/wp-json\/wp\/v2\/pages\/1653"}],"wp:featuredmedia":[{"embeddable":true,"href":"https:\/\/atlantidamarhotel.com\/de\/wp-json\/wp\/v2\/media\/4663"}],"wp:attachment":[{"href":"https:\/\/atlantidamarhotel.com\/de\/wp-json\/wp\/v2\/media?parent=1593"}],"curies":[{"name":"wp","href":"https:\/\/api.w.org\/{rel}","templated":true}]}}