{"id":1635,"date":"2017-01-22T19:02:39","date_gmt":"2017-01-22T20:02:39","guid":{"rendered":"http:\/\/www.atlantidamarhotel.pt\/places-to-visit\/"},"modified":"2023-05-29T19:41:18","modified_gmt":"2023-05-29T20:41:18","slug":"orte-zum-besuchen","status":"publish","type":"page","link":"https:\/\/atlantidamarhotel.com\/de\/erholung-freizeit\/orte-zum-besuchen\/","title":{"rendered":"Orte zum Besuchen"},"content":{"rendered":"<section class=\"wpb-content-wrapper\"><section class=\"l-section wpb_row height_custom\"><div class=\"l-section-h i-cf\"><div class=\"g-cols vc_row via_flex valign_top type_default stacking_default\"><div class=\"vc_col-sm-12 wpb_column vc_column_container\"><div class=\"vc_column-inner\"><div class=\"wpb_wrapper\"><div class=\"wpb_text_column\"><div class=\"wpb_wrapper\"><p>Algar do Carv\u00e3o \u2013 etwa 100 Meter tiefe, unterirdische Hoehlen voller farbenfroher Stalagmiten und Stalaktiten.<\/p>\n<p>Angra do Hero\u00edsmo \u2013 eine Stadt vom Unesco Weltkultur Erbe mit wundervoller Architektur aus dem 17. und 18. Jahrhundert, welche<br \/>\nEinblick in die noble Geschichte der Insel gewaehrt.<\/p>\n<p>Angra Museum \u2013 im ehemaligen Franziskaner Kloster untergebracht<\/p>\n<p>Monte Brasil \u2013 ein Naturreservat, welches grossartige Panoramen auf die Stadt Angra do Hero\u00edsmo, deren Bucht und den Yacht Hafen<br \/>\nbietet.<\/p>\n<p>Serra do Cume &#8211; atemberaubender Aussichtspunkt mit Sicht auf Praia da Vit\u00f3ria Stadt und Bucht, Lajes und uebers sattgruene Innere<br \/>\nder Insel.<\/p>\n<p>Serra de Santa B\u00e1rbara \u2013 der hoechste Punkt der Insel, von wo aus man bis zu den Nachbarinseln rueberschauen kann.<\/p>\n<p>Aussichtspunkt von Facho \u2013 Panoramablick auf das Meer sowie auf Stadt und Bucht von Praia da Vit\u00f3ria.<\/p>\n<p>Biscoitos \u2013 ein herausgeputztes, schoenes Dorf, welches ein Wein Museum und vulkanische Naturschwimmbaeder bietet.<\/p>\n<\/div><\/div><\/div><\/div><\/div><\/div><\/div><\/section><section class=\"l-section wpb_row height_custom\"><div class=\"l-section-h i-cf\"><div class=\"g-cols vc_row via_flex valign_top type_default stacking_default\"><div class=\"vc_col-sm-12 wpb_column vc_column_container\"><div class=\"vc_column-inner\"><div class=\"wpb_wrapper\"><div class=\"w-btn-wrapper align_center\"><a class=\"w-btn us-btn-style_1\" title=\"Erholung &amp; Freizeit\" href=\"\/de\/erholung-freizeit\/\"><span class=\"w-btn-label\">Geh zur\u00fcck<\/span><\/a><\/div><\/div><\/div><\/div><\/div><\/div><\/section>\n<\/section>","protected":false},"excerpt":{"rendered":"Algar do Carv\u00e3o \u2013 etwa 100 Meter tiefe, unterirdische Hoehlen voller farbenfroher Stalagmiten und Stalaktiten. Angra do Hero\u00edsmo \u2013 eine Stadt vom Unesco Weltkultur Erbe mit wundervoller Architektur aus dem 17. und 18. Jahrhundert, welche Einblick in die noble Geschichte der Insel gewaehrt. Angra Museum \u2013 im ehemaligen Franziskaner Kloster untergebracht Monte Brasil \u2013 ein...","protected":false},"author":1,"featured_media":4551,"parent":1653,"menu_order":0,"comment_status":"closed","ping_status":"closed","template":"","meta":{"_monsterinsights_skip_tracking":false,"_monsterinsights_sitenote_active":false,"_monsterinsights_sitenote_note":"","_monsterinsights_sitenote_category":0},"acf":[],"yoast_head":"<!-- This site is optimized with the Yoast SEO plugin v20.12 - https:\/\/yoast.com\/wordpress\/plugins\/seo\/ -->\n<title>Orte zum Besuchen - Atl\u00e2ntida Mar Hotel<\/title>\n<meta name=\"description\" content=\"Entdecken Sie die Attraktionen der Insel Terceira: die unterirdischen H\u00f6hlen von Algar do Carv\u00e3o, die zum UNESCO-Weltkulturerbe geh\u00f6rende Architektur von Angra do Hero\u00edsmo, das Waldreservat Monte Brasil und den Panoramablick von Serra do Cume, Santa B\u00e1rbara und Facho. Verpassen Sie nicht das Weinmuseum und die Vulkanbecken des Dorfes Biscoitos.\" \/>\n<meta name=\"robots\" content=\"index, follow, max-snippet:-1, max-image-preview:large, max-video-preview:-1\" \/>\n<link rel=\"canonical\" href=\"https:\/\/atlantidamarhotel.com\/de\/erholung-freizeit\/orte-zum-besuchen\/\" \/>\n<meta property=\"og:locale\" content=\"de_DE\" \/>\n<meta property=\"og:type\" content=\"article\" \/>\n<meta property=\"og:title\" content=\"Orte zum Besuchen - Atl\u00e2ntida Mar Hotel\" \/>\n<meta property=\"og:description\" content=\"Entdecken Sie die Attraktionen der Insel Terceira: die unterirdischen H\u00f6hlen von Algar do Carv\u00e3o, die zum UNESCO-Weltkulturerbe geh\u00f6rende Architektur von Angra do Hero\u00edsmo, das Waldreservat Monte Brasil und den Panoramablick von Serra do Cume, Santa B\u00e1rbara und Facho. Verpassen Sie nicht das Weinmuseum und die Vulkanbecken des Dorfes Biscoitos.\" \/>\n<meta property=\"og:url\" content=\"https:\/\/atlantidamarhotel.com\/de\/erholung-freizeit\/orte-zum-besuchen\/\" \/>\n<meta property=\"og:site_name\" content=\"Atl\u00e2ntida Mar Hotel\" \/>\n<meta property=\"article:publisher\" content=\"https:\/\/www.facebook.com\/AtlantidaMarHotel\/\" \/>\n<meta property=\"article:modified_time\" content=\"2023-05-29T20:41:18+00:00\" \/>\n<meta property=\"og:image\" content=\"https:\/\/atlantidamarhotel.com\/wp-content\/uploads\/2017\/01\/recreation_leisure_places_to_visit5.jpg\" \/>\n\t<meta property=\"og:image:width\" content=\"2000\" \/>\n\t<meta property=\"og:image:height\" content=\"1500\" \/>\n\t<meta property=\"og:image:type\" content=\"image\/jpeg\" \/>\n<meta name=\"twitter:card\" content=\"summary_large_image\" \/>\n<meta name=\"twitter:label1\" content=\"Gesch\u00e4tzte Lesezeit\" \/>\n\t<meta name=\"twitter:data1\" content=\"1\u00a0Minute\" \/>\n<script type=\"application\/ld+json\" class=\"yoast-schema-graph\">{\"@context\":\"https:\/\/schema.org\",\"@graph\":[{\"@type\":\"WebPage\",\"@id\":\"https:\/\/atlantidamarhotel.com\/de\/erholung-freizeit\/orte-zum-besuchen\/\",\"url\":\"https:\/\/atlantidamarhotel.com\/de\/erholung-freizeit\/orte-zum-besuchen\/\",\"name\":\"Orte zum Besuchen - Atl\u00e2ntida Mar Hotel\",\"isPartOf\":{\"@id\":\"https:\/\/atlantidamarhotel.com\/de\/#website\"},\"datePublished\":\"2017-01-22T20:02:39+00:00\",\"dateModified\":\"2023-05-29T20:41:18+00:00\",\"description\":\"Entdecken Sie die Attraktionen der Insel Terceira: die unterirdischen H\u00f6hlen von Algar do Carv\u00e3o, die zum UNESCO-Weltkulturerbe geh\u00f6rende Architektur von Angra do Hero\u00edsmo, das Waldreservat Monte Brasil und den Panoramablick von Serra do Cume, Santa B\u00e1rbara und Facho. Verpassen Sie nicht das Weinmuseum und die Vulkanbecken des Dorfes Biscoitos.\",\"breadcrumb\":{\"@id\":\"https:\/\/atlantidamarhotel.com\/de\/erholung-freizeit\/orte-zum-besuchen\/#breadcrumb\"},\"inLanguage\":\"de\",\"potentialAction\":[{\"@type\":\"ReadAction\",\"target\":[\"https:\/\/atlantidamarhotel.com\/de\/erholung-freizeit\/orte-zum-besuchen\/\"]}]},{\"@type\":\"BreadcrumbList\",\"@id\":\"https:\/\/atlantidamarhotel.com\/de\/erholung-freizeit\/orte-zum-besuchen\/#breadcrumb\",\"itemListElement\":[{\"@type\":\"ListItem\",\"position\":1,\"name\":\"Home\",\"item\":\"https:\/\/atlantidamarhotel.com\/de\/\"},{\"@type\":\"ListItem\",\"position\":2,\"name\":\"Erholung &#038; Freizeit\",\"item\":\"https:\/\/atlantidamarhotel.com\/de\/erholung-freizeit\/\"},{\"@type\":\"ListItem\",\"position\":3,\"name\":\"Orte zum Besuchen\"}]},{\"@type\":\"WebSite\",\"@id\":\"https:\/\/atlantidamarhotel.com\/de\/#website\",\"url\":\"https:\/\/atlantidamarhotel.com\/de\/\",\"name\":\"Atl\u00e2ntida Mar Hotel\",\"description\":\"Aparthotel\",\"publisher\":{\"@id\":\"https:\/\/atlantidamarhotel.com\/de\/#organization\"},\"potentialAction\":[{\"@type\":\"SearchAction\",\"target\":{\"@type\":\"EntryPoint\",\"urlTemplate\":\"https:\/\/atlantidamarhotel.com\/de\/?s={search_term_string}\"},\"query-input\":\"required name=search_term_string\"}],\"inLanguage\":\"de\"},{\"@type\":\"Organization\",\"@id\":\"https:\/\/atlantidamarhotel.com\/de\/#organization\",\"name\":\"Atl\u00e2ntida Mar Hotel\",\"url\":\"https:\/\/atlantidamarhotel.com\/de\/\",\"logo\":{\"@type\":\"ImageObject\",\"inLanguage\":\"de\",\"@id\":\"https:\/\/atlantidamarhotel.com\/de\/#\/schema\/logo\/image\/\",\"url\":\"https:\/\/atlantidamarhotel.com\/wp-content\/uploads\/2016\/12\/logo-Atlantida-mar-hotel-2.png\",\"contentUrl\":\"https:\/\/atlantidamarhotel.com\/wp-content\/uploads\/2016\/12\/logo-Atlantida-mar-hotel-2.png\",\"width\":1600,\"height\":445,\"caption\":\"Atl\u00e2ntida Mar Hotel\"},\"image\":{\"@id\":\"https:\/\/atlantidamarhotel.com\/de\/#\/schema\/logo\/image\/\"},\"sameAs\":[\"https:\/\/www.facebook.com\/AtlantidaMarHotel\/\"]}]}<\/script>\n<!-- \/ Yoast SEO plugin. -->","yoast_head_json":{"title":"Orte zum Besuchen - Atl\u00e2ntida Mar Hotel","description":"Entdecken Sie die Attraktionen der Insel Terceira: die unterirdischen H\u00f6hlen von Algar do Carv\u00e3o, die zum UNESCO-Weltkulturerbe geh\u00f6rende Architektur von Angra do Hero\u00edsmo, das Waldreservat Monte Brasil und den Panoramablick von Serra do Cume, Santa B\u00e1rbara und Facho. Verpassen Sie nicht das Weinmuseum und die Vulkanbecken des Dorfes Biscoitos.","robots":{"index":"index","follow":"follow","max-snippet":"max-snippet:-1","max-image-preview":"max-image-preview:large","max-video-preview":"max-video-preview:-1"},"canonical":"https:\/\/atlantidamarhotel.com\/de\/erholung-freizeit\/orte-zum-besuchen\/","og_locale":"de_DE","og_type":"article","og_title":"Orte zum Besuchen - Atl\u00e2ntida Mar Hotel","og_description":"Entdecken Sie die Attraktionen der Insel Terceira: die unterirdischen H\u00f6hlen von Algar do Carv\u00e3o, die zum UNESCO-Weltkulturerbe geh\u00f6rende Architektur von Angra do Hero\u00edsmo, das Waldreservat Monte Brasil und den Panoramablick von Serra do Cume, Santa B\u00e1rbara und Facho. Verpassen Sie nicht das Weinmuseum und die Vulkanbecken des Dorfes Biscoitos.","og_url":"https:\/\/atlantidamarhotel.com\/de\/erholung-freizeit\/orte-zum-besuchen\/","og_site_name":"Atl\u00e2ntida Mar Hotel","article_publisher":"https:\/\/www.facebook.com\/AtlantidaMarHotel\/","article_modified_time":"2023-05-29T20:41:18+00:00","og_image":[{"width":2000,"height":1500,"url":"https:\/\/atlantidamarhotel.com\/wp-content\/uploads\/2017\/01\/recreation_leisure_places_to_visit5.jpg","type":"image\/jpeg"}],"twitter_card":"summary_large_image","twitter_misc":{"Gesch\u00e4tzte Lesezeit":"1\u00a0Minute"},"schema":{"@context":"https:\/\/schema.org","@graph":[{"@type":"WebPage","@id":"https:\/\/atlantidamarhotel.com\/de\/erholung-freizeit\/orte-zum-besuchen\/","url":"https:\/\/atlantidamarhotel.com\/de\/erholung-freizeit\/orte-zum-besuchen\/","name":"Orte zum Besuchen - Atl\u00e2ntida Mar Hotel","isPartOf":{"@id":"https:\/\/atlantidamarhotel.com\/de\/#website"},"datePublished":"2017-01-22T20:02:39+00:00","dateModified":"2023-05-29T20:41:18+00:00","description":"Entdecken Sie die Attraktionen der Insel Terceira: die unterirdischen H\u00f6hlen von Algar do Carv\u00e3o, die zum UNESCO-Weltkulturerbe geh\u00f6rende Architektur von Angra do Hero\u00edsmo, das Waldreservat Monte Brasil und den Panoramablick von Serra do Cume, Santa B\u00e1rbara und Facho. Verpassen Sie nicht das Weinmuseum und die Vulkanbecken des Dorfes Biscoitos.","breadcrumb":{"@id":"https:\/\/atlantidamarhotel.com\/de\/erholung-freizeit\/orte-zum-besuchen\/#breadcrumb"},"inLanguage":"de","potentialAction":[{"@type":"ReadAction","target":["https:\/\/atlantidamarhotel.com\/de\/erholung-freizeit\/orte-zum-besuchen\/"]}]},{"@type":"BreadcrumbList","@id":"https:\/\/atlantidamarhotel.com\/de\/erholung-freizeit\/orte-zum-besuchen\/#breadcrumb","itemListElement":[{"@type":"ListItem","position":1,"name":"Home","item":"https:\/\/atlantidamarhotel.com\/de\/"},{"@type":"ListItem","position":2,"name":"Erholung &#038; Freizeit","item":"https:\/\/atlantidamarhotel.com\/de\/erholung-freizeit\/"},{"@type":"ListItem","position":3,"name":"Orte zum Besuchen"}]},{"@type":"WebSite","@id":"https:\/\/atlantidamarhotel.com\/de\/#website","url":"https:\/\/atlantidamarhotel.com\/de\/","name":"Atl\u00e2ntida Mar Hotel","description":"Aparthotel","publisher":{"@id":"https:\/\/atlantidamarhotel.com\/de\/#organization"},"potentialAction":[{"@type":"SearchAction","target":{"@type":"EntryPoint","urlTemplate":"https:\/\/atlantidamarhotel.com\/de\/?s={search_term_string}"},"query-input":"required name=search_term_string"}],"inLanguage":"de"},{"@type":"Organization","@id":"https:\/\/atlantidamarhotel.com\/de\/#organization","name":"Atl\u00e2ntida Mar Hotel","url":"https:\/\/atlantidamarhotel.com\/de\/","logo":{"@type":"ImageObject","inLanguage":"de","@id":"https:\/\/atlantidamarhotel.com\/de\/#\/schema\/logo\/image\/","url":"https:\/\/atlantidamarhotel.com\/wp-content\/uploads\/2016\/12\/logo-Atlantida-mar-hotel-2.png","contentUrl":"https:\/\/atlantidamarhotel.com\/wp-content\/uploads\/2016\/12\/logo-Atlantida-mar-hotel-2.png","width":1600,"height":445,"caption":"Atl\u00e2ntida Mar Hotel"},"image":{"@id":"https:\/\/atlantidamarhotel.com\/de\/#\/schema\/logo\/image\/"},"sameAs":["https:\/\/www.facebook.com\/AtlantidaMarHotel\/"]}]}},"_links":{"self":[{"href":"https:\/\/atlantidamarhotel.com\/de\/wp-json\/wp\/v2\/pages\/1635"}],"collection":[{"href":"https:\/\/atlantidamarhotel.com\/de\/wp-json\/wp\/v2\/pages"}],"about":[{"href":"https:\/\/atlantidamarhotel.com\/de\/wp-json\/wp\/v2\/types\/page"}],"author":[{"embeddable":true,"href":"https:\/\/atlantidamarhotel.com\/de\/wp-json\/wp\/v2\/users\/1"}],"replies":[{"embeddable":true,"href":"https:\/\/atlantidamarhotel.com\/de\/wp-json\/wp\/v2\/comments?post=1635"}],"version-history":[{"count":4,"href":"https:\/\/atlantidamarhotel.com\/de\/wp-json\/wp\/v2\/pages\/1635\/revisions"}],"predecessor-version":[{"id":5995,"href":"https:\/\/atlantidamarhotel.com\/de\/wp-json\/wp\/v2\/pages\/1635\/revisions\/5995"}],"up":[{"embeddable":true,"href":"https:\/\/atlantidamarhotel.com\/de\/wp-json\/wp\/v2\/pages\/1653"}],"wp:featuredmedia":[{"embeddable":true,"href":"https:\/\/atlantidamarhotel.com\/de\/wp-json\/wp\/v2\/media\/4551"}],"wp:attachment":[{"href":"https:\/\/atlantidamarhotel.com\/de\/wp-json\/wp\/v2\/media?parent=1635"}],"curies":[{"name":"wp","href":"https:\/\/api.w.org\/{rel}","templated":true}]}}