{"id":1638,"date":"2017-01-22T18:16:50","date_gmt":"2017-01-22T19:16:50","guid":{"rendered":"http:\/\/www.atlantidamarhotel.pt\/at-the-hotel\/"},"modified":"2023-06-18T13:03:44","modified_gmt":"2023-06-18T14:03:44","slug":"im-hotel","status":"publish","type":"page","link":"https:\/\/atlantidamarhotel.com\/de\/erholung-freizeit\/im-hotel\/","title":{"rendered":"Im Hotel"},"content":{"rendered":"<section class=\"wpb-content-wrapper\"><section class=\"l-section wpb_row height_custom\"><div class=\"l-section-h i-cf\"><div class=\"g-cols vc_row via_flex valign_top type_default stacking_default\"><div class=\"vc_col-sm-12 wpb_column vc_column_container\"><div class=\"vc_column-inner\"><div class=\"wpb_wrapper\"><div class=\"wpb_text_column\"><div class=\"wpb_wrapper\"><p>Hier stellen wir die Freizeiteinrichtungen im Atl\u00e2ntida Mar Hotel vor. Ganz gleich, ob Sie an unserem Au\u00dfenpool mit Blick auf das Meer entspannen, sich im erstklassigen Whirlpool erholen, Ihr Fitnessprogramm in unserem gut ausgestatteten Fitnessstudio aufrechterhalten oder Ihre Muskeln in unserer wohltuenden Sauna entspannen m\u00f6chten \u2013 wir haben alles. Auch die Kleinsten haben auf unserem lebendigen Spielplatz einen besonderen Platz. Navigieren Sie durch diese Seite und entdecken Sie die au\u00dfergew\u00f6hnlichen Annehmlichkeiten, die unser Hotel zum perfekten Ort f\u00fcr Entspannung und Freizeit machen.<\/p>\n<\/div><\/div><\/div><\/div><\/div><\/div><\/div><\/section><section class=\"l-section wpb_row height_custom\"><div class=\"l-section-h i-cf\"><div class=\"g-cols vc_row via_flex valign_top type_default stacking_default\"><div class=\"vc_col-sm-4 wpb_column vc_column_container\"><div class=\"vc_column-inner\"><div class=\"wpb_wrapper\"><div class=\"w-image align_center\"><div class=\"w-image-h\"><img width=\"1024\" height=\"682\" src=\"https:\/\/atlantidamarhotel.com\/wp-content\/uploads\/2023\/06\/hotel-aparthotel-azores-terceira-island-ilha-atlantida-mar-piscina-pool-exterior-relax-1024x682.jpg\" class=\"attachment-large size-large\" alt=\"\" decoding=\"async\" loading=\"lazy\" srcset=\"https:\/\/atlantidamarhotel.com\/wp-content\/uploads\/2023\/06\/hotel-aparthotel-azores-terceira-island-ilha-atlantida-mar-piscina-pool-exterior-relax-1024x682.jpg 1024w, https:\/\/atlantidamarhotel.com\/wp-content\/uploads\/2023\/06\/hotel-aparthotel-azores-terceira-island-ilha-atlantida-mar-piscina-pool-exterior-relax-300x200.jpg 300w, https:\/\/atlantidamarhotel.com\/wp-content\/uploads\/2023\/06\/hotel-aparthotel-azores-terceira-island-ilha-atlantida-mar-piscina-pool-exterior-relax.jpg 1865w\" sizes=\"(max-width: 1024px) 100vw, 1024px\" \/><\/div><\/div><div class=\"w-separator size_small with_line width_default thick_1 style_solid color_border align_center\"><div class=\"w-separator-h\"><\/div><\/div><div class=\"wpb_text_column\"><div class=\"wpb_wrapper\"><h4 style=\"text-align: center;\">Aussen Pool<\/h4>\n<p style=\"text-align: left;\">Der direkt am Meer gelegene Au\u00dfenpoolbereich mit einem gro\u00dfz\u00fcgigen Pool, umgeben von einem Solarium mit Sonnenliegen und Sonnenschirmen, ist der perfekte Ort zum Entspannen nach aufregenden Inselausfl\u00fcgen. Genie\u00dfen Sie die ruhige Atmosph\u00e4re und den spektakul\u00e4ren Meerblick vom Poolbereich.<\/p>\n<\/div><\/div><\/div><\/div><\/div><div class=\"vc_col-sm-4 wpb_column vc_column_container\"><div class=\"vc_column-inner\"><div class=\"wpb_wrapper\"><div class=\"w-image align_center\"><div class=\"w-image-h\"><img width=\"1024\" height=\"683\" src=\"https:\/\/atlantidamarhotel.com\/wp-content\/uploads\/2023\/06\/hotel-aparthotel-azores-terceira-island-ilha-atlantida-mar-jacuzi-exterior-1024x683.jpg\" class=\"attachment-large size-large\" alt=\"\" decoding=\"async\" loading=\"lazy\" srcset=\"https:\/\/atlantidamarhotel.com\/wp-content\/uploads\/2023\/06\/hotel-aparthotel-azores-terceira-island-ilha-atlantida-mar-jacuzi-exterior-1024x683.jpg 1024w, https:\/\/atlantidamarhotel.com\/wp-content\/uploads\/2023\/06\/hotel-aparthotel-azores-terceira-island-ilha-atlantida-mar-jacuzi-exterior-300x200.jpg 300w, https:\/\/atlantidamarhotel.com\/wp-content\/uploads\/2023\/06\/hotel-aparthotel-azores-terceira-island-ilha-atlantida-mar-jacuzi-exterior.jpg 1585w\" sizes=\"(max-width: 1024px) 100vw, 1024px\" \/><\/div><\/div><div class=\"w-separator size_small with_line width_default thick_1 style_solid color_border align_center\"><div class=\"w-separator-h\"><\/div><\/div><div class=\"wpb_text_column\"><div class=\"wpb_wrapper\"><h4 style=\"text-align: center;\">Jacuzzi<\/h4>\n<p style=\"text-align: left;\">Am Pool und auch mit herrlichem Meerblick k\u00f6nnen unsere G\u00e4ste einen spektakul\u00e4ren Whirlpool\/Hydrotherapie-SPA genie\u00dfen, einen der luxuri\u00f6sesten Whirlpools der Welt mit Platz f\u00fcr 7 Erwachsene, 86 D\u00fcsen, 2 dynamischen Massagesequenzern und 2 Nackenflexen Jet und zwei Ultra-Lounges.<\/p>\n<\/div><\/div><\/div><\/div><\/div><div class=\"vc_col-sm-4 wpb_column vc_column_container\"><div class=\"vc_column-inner\"><div class=\"wpb_wrapper\"><div class=\"w-image align_center\"><div class=\"w-image-h\"><img width=\"1024\" height=\"682\" src=\"https:\/\/atlantidamarhotel.com\/wp-content\/uploads\/2023\/06\/hotel-aparthotel-azores-terceira-island-ilha-atlantida-mar-gym-ginasio-1024x682.jpg\" class=\"attachment-large size-large\" alt=\"\" decoding=\"async\" loading=\"lazy\" srcset=\"https:\/\/atlantidamarhotel.com\/wp-content\/uploads\/2023\/06\/hotel-aparthotel-azores-terceira-island-ilha-atlantida-mar-gym-ginasio-1024x682.jpg 1024w, https:\/\/atlantidamarhotel.com\/wp-content\/uploads\/2023\/06\/hotel-aparthotel-azores-terceira-island-ilha-atlantida-mar-gym-ginasio-300x200.jpg 300w, https:\/\/atlantidamarhotel.com\/wp-content\/uploads\/2023\/06\/hotel-aparthotel-azores-terceira-island-ilha-atlantida-mar-gym-ginasio.jpg 1813w\" sizes=\"(max-width: 1024px) 100vw, 1024px\" \/><\/div><\/div><div class=\"w-separator size_small with_line width_default thick_1 style_solid color_border align_center\"><div class=\"w-separator-h\"><\/div><\/div><div class=\"wpb_text_column\"><div class=\"wpb_wrapper\"><h4 style=\"text-align: center;\">Fitnessstudio<\/h4>\n<p style=\"text-align: left;\">Neben dem Poolbereich k\u00f6nnen Sie sich im Fitnessstudio um Ihre Fitness k\u00fcmmern und den weiten Panoramablick auf das Meer genie\u00dfen, w\u00e4hrend Sie auf Laufb\u00e4ndern, Fahrr\u00e4dern, Ergometern, Crosstrainern oder Kraftstationen trainieren.<\/p>\n<\/div><\/div><\/div><\/div><\/div><\/div><\/div><\/section><section class=\"l-section wpb_row height_custom\"><div class=\"l-section-h i-cf\"><div class=\"g-cols vc_row via_flex valign_top type_default stacking_default\"><div class=\"vc_col-sm-2 wpb_column vc_column_container\"><div class=\"vc_column-inner\"><div class=\"wpb_wrapper\"><\/div><\/div><\/div><div class=\"vc_col-sm-4 wpb_column vc_column_container\"><div class=\"vc_column-inner\"><div class=\"wpb_wrapper\"><div class=\"w-image align_center\"><div class=\"w-image-h\"><img width=\"1024\" height=\"682\" src=\"https:\/\/atlantidamarhotel.com\/wp-content\/uploads\/2023\/06\/hotel-aparthotel-azores-terceira-island-ilha-atlantida-mar-sauna-horizontal-1024x682.jpg\" class=\"attachment-large size-large\" alt=\"\" decoding=\"async\" loading=\"lazy\" srcset=\"https:\/\/atlantidamarhotel.com\/wp-content\/uploads\/2023\/06\/hotel-aparthotel-azores-terceira-island-ilha-atlantida-mar-sauna-horizontal-1024x682.jpg 1024w, https:\/\/atlantidamarhotel.com\/wp-content\/uploads\/2023\/06\/hotel-aparthotel-azores-terceira-island-ilha-atlantida-mar-sauna-horizontal-300x200.jpg 300w, https:\/\/atlantidamarhotel.com\/wp-content\/uploads\/2023\/06\/hotel-aparthotel-azores-terceira-island-ilha-atlantida-mar-sauna-horizontal.jpg 1718w\" sizes=\"(max-width: 1024px) 100vw, 1024px\" \/><\/div><\/div><div class=\"w-separator size_small with_line width_default thick_1 style_solid color_border align_center\"><div class=\"w-separator-h\"><\/div><\/div><div class=\"wpb_text_column\"><div class=\"wpb_wrapper\"><h4 style=\"text-align: center;\">Sauna<\/h4>\n<p>Besuchen Sie nach Ihrem Training das Dampfbad im Erdgeschoss des Fitnessstudios, um Ihre m\u00fcden Muskeln zu entspannen und zu revitalisieren.<\/p>\n<\/div><\/div><\/div><\/div><\/div><div class=\"vc_col-sm-4 wpb_column vc_column_container\"><div class=\"vc_column-inner\"><div class=\"wpb_wrapper\"><div class=\"w-image align_center\"><div class=\"w-image-h\"><img width=\"1024\" height=\"682\" src=\"https:\/\/atlantidamarhotel.com\/wp-content\/uploads\/2023\/06\/hotel-aparthotel-azores-terceira-island-ilha-atlantida-mar-playground-parque-criancas-exterior-1024x682.jpg\" class=\"attachment-large size-large\" alt=\"\" decoding=\"async\" loading=\"lazy\" srcset=\"https:\/\/atlantidamarhotel.com\/wp-content\/uploads\/2023\/06\/hotel-aparthotel-azores-terceira-island-ilha-atlantida-mar-playground-parque-criancas-exterior-1024x682.jpg 1024w, https:\/\/atlantidamarhotel.com\/wp-content\/uploads\/2023\/06\/hotel-aparthotel-azores-terceira-island-ilha-atlantida-mar-playground-parque-criancas-exterior-300x200.jpg 300w, https:\/\/atlantidamarhotel.com\/wp-content\/uploads\/2023\/06\/hotel-aparthotel-azores-terceira-island-ilha-atlantida-mar-playground-parque-criancas-exterior.jpg 1718w\" sizes=\"(max-width: 1024px) 100vw, 1024px\" \/><\/div><\/div><div class=\"w-separator size_small with_line width_default thick_1 style_solid color_border align_center\"><div class=\"w-separator-h\"><\/div><\/div><div class=\"wpb_text_column\"><div class=\"wpb_wrapper\"><h4 style=\"text-align: center;\">Spielplatz<\/h4>\n<p style=\"text-align: left;\">Auch die Kinder wurden nicht vergessen \u2013 wir haben f\u00fcr sie einen Park reserviert, in dem sie ihre ganze Energie verbrauchen k\u00f6nnen, w\u00e4hrend die Eltern im Whirlpool entspannen.<\/p>\n<\/div><\/div><\/div><\/div><\/div><div class=\"vc_col-sm-2 wpb_column vc_column_container\"><div class=\"vc_column-inner\"><div class=\"wpb_wrapper\"><\/div><\/div><\/div><\/div><\/div><\/section><section class=\"l-section wpb_row height_custom\"><div class=\"l-section-h i-cf\"><div class=\"g-cols vc_row via_flex valign_top type_default stacking_default\"><div class=\"vc_col-sm-12 wpb_column vc_column_container\"><div class=\"vc_column-inner\"><div class=\"wpb_wrapper\"><div class=\"w-btn-wrapper align_center\"><a class=\"w-btn us-btn-style_1\" title=\"Erholung &amp; Freizeit\" href=\"\/de\/erholung-freizeit\/\"><span class=\"w-btn-label\">Geh zur\u00fcck<\/span><\/a><\/div><\/div><\/div><\/div><\/div><\/div><\/section>\n<\/section>","protected":false},"excerpt":{"rendered":"Hier stellen wir die Freizeiteinrichtungen im Atl\u00e2ntida Mar Hotel vor. Ganz gleich, ob Sie an unserem Au\u00dfenpool mit Blick auf das Meer entspannen, sich im erstklassigen Whirlpool erholen, Ihr Fitnessprogramm in unserem gut ausgestatteten Fitnessstudio aufrechterhalten oder Ihre Muskeln in unserer wohltuenden Sauna entspannen m\u00f6chten \u2013 wir haben alles. Auch die Kleinsten haben auf unserem...","protected":false},"author":1,"featured_media":6214,"parent":1653,"menu_order":0,"comment_status":"closed","ping_status":"closed","template":"","meta":{"_monsterinsights_skip_tracking":false,"_monsterinsights_sitenote_active":false,"_monsterinsights_sitenote_note":"","_monsterinsights_sitenote_category":0},"acf":[],"yoast_head":"<!-- This site is optimized with the Yoast SEO plugin v20.12 - https:\/\/yoast.com\/wordpress\/plugins\/seo\/ -->\n<title>Im Hotel - Atl\u00e2ntida Mar Hotel<\/title>\n<meta name=\"description\" content=\"Erleben Sie erstklassige Freizeiteinrichtungen, darunter einen Pool mit Meerblick, einen Whirlpool, ein Panorama-Fitnessstudio, eine Sauna und einen lebhaften Spielplatz f\u00fcr Kinder.\" \/>\n<meta name=\"robots\" content=\"index, follow, max-snippet:-1, max-image-preview:large, max-video-preview:-1\" \/>\n<link rel=\"canonical\" href=\"https:\/\/atlantidamarhotel.com\/de\/erholung-freizeit\/im-hotel\/\" \/>\n<meta property=\"og:locale\" content=\"de_DE\" \/>\n<meta property=\"og:type\" content=\"article\" \/>\n<meta property=\"og:title\" content=\"Im Hotel - Atl\u00e2ntida Mar Hotel\" \/>\n<meta property=\"og:description\" content=\"Erleben Sie erstklassige Freizeiteinrichtungen, darunter einen Pool mit Meerblick, einen Whirlpool, ein Panorama-Fitnessstudio, eine Sauna und einen lebhaften Spielplatz f\u00fcr Kinder.\" \/>\n<meta property=\"og:url\" content=\"https:\/\/atlantidamarhotel.com\/de\/erholung-freizeit\/im-hotel\/\" \/>\n<meta property=\"og:site_name\" content=\"Atl\u00e2ntida Mar Hotel\" \/>\n<meta property=\"article:publisher\" content=\"https:\/\/www.facebook.com\/AtlantidaMarHotel\/\" \/>\n<meta property=\"article:modified_time\" content=\"2023-06-18T14:03:44+00:00\" \/>\n<meta property=\"og:image\" content=\"https:\/\/atlantidamarhotel.com\/wp-content\/uploads\/2023\/06\/hotel-aparthotel-azores-terceira-island-ilha-atlantida-mar-piscina-pool-exterior-jacuzi.jpg\" \/>\n\t<meta property=\"og:image:width\" content=\"1811\" \/>\n\t<meta property=\"og:image:height\" content=\"1207\" \/>\n\t<meta property=\"og:image:type\" content=\"image\/jpeg\" \/>\n<meta name=\"twitter:card\" content=\"summary_large_image\" \/>\n<meta name=\"twitter:label1\" content=\"Gesch\u00e4tzte Lesezeit\" \/>\n\t<meta name=\"twitter:data1\" content=\"2\u00a0Minuten\" \/>\n<script type=\"application\/ld+json\" class=\"yoast-schema-graph\">{\"@context\":\"https:\/\/schema.org\",\"@graph\":[{\"@type\":\"WebPage\",\"@id\":\"https:\/\/atlantidamarhotel.com\/de\/erholung-freizeit\/im-hotel\/\",\"url\":\"https:\/\/atlantidamarhotel.com\/de\/erholung-freizeit\/im-hotel\/\",\"name\":\"Im Hotel - Atl\u00e2ntida Mar Hotel\",\"isPartOf\":{\"@id\":\"https:\/\/atlantidamarhotel.com\/de\/#website\"},\"datePublished\":\"2017-01-22T19:16:50+00:00\",\"dateModified\":\"2023-06-18T14:03:44+00:00\",\"description\":\"Erleben Sie erstklassige Freizeiteinrichtungen, darunter einen Pool mit Meerblick, einen Whirlpool, ein Panorama-Fitnessstudio, eine Sauna und einen lebhaften Spielplatz f\u00fcr Kinder.\",\"breadcrumb\":{\"@id\":\"https:\/\/atlantidamarhotel.com\/de\/erholung-freizeit\/im-hotel\/#breadcrumb\"},\"inLanguage\":\"de\",\"potentialAction\":[{\"@type\":\"ReadAction\",\"target\":[\"https:\/\/atlantidamarhotel.com\/de\/erholung-freizeit\/im-hotel\/\"]}]},{\"@type\":\"BreadcrumbList\",\"@id\":\"https:\/\/atlantidamarhotel.com\/de\/erholung-freizeit\/im-hotel\/#breadcrumb\",\"itemListElement\":[{\"@type\":\"ListItem\",\"position\":1,\"name\":\"Home\",\"item\":\"https:\/\/atlantidamarhotel.com\/de\/\"},{\"@type\":\"ListItem\",\"position\":2,\"name\":\"Erholung &#038; Freizeit\",\"item\":\"https:\/\/atlantidamarhotel.com\/de\/erholung-freizeit\/\"},{\"@type\":\"ListItem\",\"position\":3,\"name\":\"Im Hotel\"}]},{\"@type\":\"WebSite\",\"@id\":\"https:\/\/atlantidamarhotel.com\/de\/#website\",\"url\":\"https:\/\/atlantidamarhotel.com\/de\/\",\"name\":\"Atl\u00e2ntida Mar Hotel\",\"description\":\"Aparthotel\",\"publisher\":{\"@id\":\"https:\/\/atlantidamarhotel.com\/de\/#organization\"},\"potentialAction\":[{\"@type\":\"SearchAction\",\"target\":{\"@type\":\"EntryPoint\",\"urlTemplate\":\"https:\/\/atlantidamarhotel.com\/de\/?s={search_term_string}\"},\"query-input\":\"required name=search_term_string\"}],\"inLanguage\":\"de\"},{\"@type\":\"Organization\",\"@id\":\"https:\/\/atlantidamarhotel.com\/de\/#organization\",\"name\":\"Atl\u00e2ntida Mar Hotel\",\"url\":\"https:\/\/atlantidamarhotel.com\/de\/\",\"logo\":{\"@type\":\"ImageObject\",\"inLanguage\":\"de\",\"@id\":\"https:\/\/atlantidamarhotel.com\/de\/#\/schema\/logo\/image\/\",\"url\":\"https:\/\/atlantidamarhotel.com\/wp-content\/uploads\/2016\/12\/logo-Atlantida-mar-hotel-2.png\",\"contentUrl\":\"https:\/\/atlantidamarhotel.com\/wp-content\/uploads\/2016\/12\/logo-Atlantida-mar-hotel-2.png\",\"width\":1600,\"height\":445,\"caption\":\"Atl\u00e2ntida Mar Hotel\"},\"image\":{\"@id\":\"https:\/\/atlantidamarhotel.com\/de\/#\/schema\/logo\/image\/\"},\"sameAs\":[\"https:\/\/www.facebook.com\/AtlantidaMarHotel\/\"]}]}<\/script>\n<!-- \/ Yoast SEO plugin. -->","yoast_head_json":{"title":"Im Hotel - Atl\u00e2ntida Mar Hotel","description":"Erleben Sie erstklassige Freizeiteinrichtungen, darunter einen Pool mit Meerblick, einen Whirlpool, ein Panorama-Fitnessstudio, eine Sauna und einen lebhaften Spielplatz f\u00fcr Kinder.","robots":{"index":"index","follow":"follow","max-snippet":"max-snippet:-1","max-image-preview":"max-image-preview:large","max-video-preview":"max-video-preview:-1"},"canonical":"https:\/\/atlantidamarhotel.com\/de\/erholung-freizeit\/im-hotel\/","og_locale":"de_DE","og_type":"article","og_title":"Im Hotel - Atl\u00e2ntida Mar Hotel","og_description":"Erleben Sie erstklassige Freizeiteinrichtungen, darunter einen Pool mit Meerblick, einen Whirlpool, ein Panorama-Fitnessstudio, eine Sauna und einen lebhaften Spielplatz f\u00fcr Kinder.","og_url":"https:\/\/atlantidamarhotel.com\/de\/erholung-freizeit\/im-hotel\/","og_site_name":"Atl\u00e2ntida Mar Hotel","article_publisher":"https:\/\/www.facebook.com\/AtlantidaMarHotel\/","article_modified_time":"2023-06-18T14:03:44+00:00","og_image":[{"width":1811,"height":1207,"url":"https:\/\/atlantidamarhotel.com\/wp-content\/uploads\/2023\/06\/hotel-aparthotel-azores-terceira-island-ilha-atlantida-mar-piscina-pool-exterior-jacuzi.jpg","type":"image\/jpeg"}],"twitter_card":"summary_large_image","twitter_misc":{"Gesch\u00e4tzte Lesezeit":"2\u00a0Minuten"},"schema":{"@context":"https:\/\/schema.org","@graph":[{"@type":"WebPage","@id":"https:\/\/atlantidamarhotel.com\/de\/erholung-freizeit\/im-hotel\/","url":"https:\/\/atlantidamarhotel.com\/de\/erholung-freizeit\/im-hotel\/","name":"Im Hotel - Atl\u00e2ntida Mar Hotel","isPartOf":{"@id":"https:\/\/atlantidamarhotel.com\/de\/#website"},"datePublished":"2017-01-22T19:16:50+00:00","dateModified":"2023-06-18T14:03:44+00:00","description":"Erleben Sie erstklassige Freizeiteinrichtungen, darunter einen Pool mit Meerblick, einen Whirlpool, ein Panorama-Fitnessstudio, eine Sauna und einen lebhaften Spielplatz f\u00fcr Kinder.","breadcrumb":{"@id":"https:\/\/atlantidamarhotel.com\/de\/erholung-freizeit\/im-hotel\/#breadcrumb"},"inLanguage":"de","potentialAction":[{"@type":"ReadAction","target":["https:\/\/atlantidamarhotel.com\/de\/erholung-freizeit\/im-hotel\/"]}]},{"@type":"BreadcrumbList","@id":"https:\/\/atlantidamarhotel.com\/de\/erholung-freizeit\/im-hotel\/#breadcrumb","itemListElement":[{"@type":"ListItem","position":1,"name":"Home","item":"https:\/\/atlantidamarhotel.com\/de\/"},{"@type":"ListItem","position":2,"name":"Erholung &#038; Freizeit","item":"https:\/\/atlantidamarhotel.com\/de\/erholung-freizeit\/"},{"@type":"ListItem","position":3,"name":"Im Hotel"}]},{"@type":"WebSite","@id":"https:\/\/atlantidamarhotel.com\/de\/#website","url":"https:\/\/atlantidamarhotel.com\/de\/","name":"Atl\u00e2ntida Mar Hotel","description":"Aparthotel","publisher":{"@id":"https:\/\/atlantidamarhotel.com\/de\/#organization"},"potentialAction":[{"@type":"SearchAction","target":{"@type":"EntryPoint","urlTemplate":"https:\/\/atlantidamarhotel.com\/de\/?s={search_term_string}"},"query-input":"required name=search_term_string"}],"inLanguage":"de"},{"@type":"Organization","@id":"https:\/\/atlantidamarhotel.com\/de\/#organization","name":"Atl\u00e2ntida Mar Hotel","url":"https:\/\/atlantidamarhotel.com\/de\/","logo":{"@type":"ImageObject","inLanguage":"de","@id":"https:\/\/atlantidamarhotel.com\/de\/#\/schema\/logo\/image\/","url":"https:\/\/atlantidamarhotel.com\/wp-content\/uploads\/2016\/12\/logo-Atlantida-mar-hotel-2.png","contentUrl":"https:\/\/atlantidamarhotel.com\/wp-content\/uploads\/2016\/12\/logo-Atlantida-mar-hotel-2.png","width":1600,"height":445,"caption":"Atl\u00e2ntida Mar Hotel"},"image":{"@id":"https:\/\/atlantidamarhotel.com\/de\/#\/schema\/logo\/image\/"},"sameAs":["https:\/\/www.facebook.com\/AtlantidaMarHotel\/"]}]}},"_links":{"self":[{"href":"https:\/\/atlantidamarhotel.com\/de\/wp-json\/wp\/v2\/pages\/1638"}],"collection":[{"href":"https:\/\/atlantidamarhotel.com\/de\/wp-json\/wp\/v2\/pages"}],"about":[{"href":"https:\/\/atlantidamarhotel.com\/de\/wp-json\/wp\/v2\/types\/page"}],"author":[{"embeddable":true,"href":"https:\/\/atlantidamarhotel.com\/de\/wp-json\/wp\/v2\/users\/1"}],"replies":[{"embeddable":true,"href":"https:\/\/atlantidamarhotel.com\/de\/wp-json\/wp\/v2\/comments?post=1638"}],"version-history":[{"count":7,"href":"https:\/\/atlantidamarhotel.com\/de\/wp-json\/wp\/v2\/pages\/1638\/revisions"}],"predecessor-version":[{"id":6237,"href":"https:\/\/atlantidamarhotel.com\/de\/wp-json\/wp\/v2\/pages\/1638\/revisions\/6237"}],"up":[{"embeddable":true,"href":"https:\/\/atlantidamarhotel.com\/de\/wp-json\/wp\/v2\/pages\/1653"}],"wp:featuredmedia":[{"embeddable":true,"href":"https:\/\/atlantidamarhotel.com\/de\/wp-json\/wp\/v2\/media\/6214"}],"wp:attachment":[{"href":"https:\/\/atlantidamarhotel.com\/de\/wp-json\/wp\/v2\/media?parent=1638"}],"curies":[{"name":"wp","href":"https:\/\/api.w.org\/{rel}","templated":true}]}}