{"id":1670,"date":"2017-01-25T22:43:32","date_gmt":"2017-01-25T23:43:32","guid":{"rendered":"http:\/\/www.atlantidamarhotel.pt\/special-offers\/romantic-escape\/"},"modified":"2023-06-30T12:38:50","modified_gmt":"2023-06-30T13:38:50","slug":"romantische-flucht","status":"publish","type":"page","link":"https:\/\/atlantidamarhotel.com\/de\/sonderangebote\/romantische-flucht\/","title":{"rendered":"Romantische Flucht"},"content":{"rendered":"<section class=\"wpb-content-wrapper\"><section class=\"l-section wpb_row height_custom\"><div class=\"l-section-h i-cf\"><div class=\"g-cols vc_row via_flex valign_top type_default stacking_default\"><div class=\"vc_col-sm-12 wpb_column vc_column_container\"><div class=\"vc_column-inner\"><div class=\"wpb_wrapper\"><div class=\"wpb_text_column\"><div class=\"wpb_wrapper\"><p><strong>Das Atl\u00e2ntida Mar Hotel ermoeglicht Ihnen etwas ganz Spezielles, naemlich das Reservieren einer \u201cROMANTIC ESCAPE\u201d. Genau das Richtige fuer Verliebte, fuer Hochzeitspaare, um einen Geburtstag oder eine spezielle Begebenheit zu feiern, oder einfach um jemandem auf spezielle Art zu sagen \u201cIch liebe Dich\u201d.<\/strong><\/p>\n<p>Unser Angebot fuer Sie beinhaltet folgendes:<\/p>\n<ul>\n<li>Unterkunft in einem Standard Zimmer mit Meersicht, oder in einer Junior Suite mit Meersicht (je nach dem, welche Zimmerkategorie Sie wuenschen)<\/li>\n<li>Spezielle Zimmerdekoration, geschaffen fuer Verliebte<\/li>\n<li>Freier Zugang zum Schwimmbad, ins Sprudelbad, in die Sauna und ins Fitnesscenter<\/li>\n<li>Ein tolles Fruehstuecksbuffett, serviert in unserem Fruehstuecksraum, oder wenn Sie wuenschen, wird Ihnen ein kleines, Kontinentales Fruehstueck in Ihr Zimmer gebracht<\/li>\n<li>Falls wir nicht ausgebucht sind freut es uns, Ihnen Ihr Zimmer bis um 15.00 Uhr am Abreisetag zur Verfuegung zu stellen<\/li>\n<\/ul>\n<p>Zusaetzliche Ideen, welche Sie gegen Bezahlung bei uns bis 1 Tag vorher bestellen koennen:<\/p>\n<ul>\n<li>Eine Flasche Champagner<\/li>\n<li>Eine Schale mit saisonalen Fruechten, garniert mit Sahne<\/li>\n<li>Schokolade Schaelchen<\/li>\n<li>Frische Blumen als Schnittblumenstrauss<\/li>\n<li>Ein Gesteck mit 4 roten Rosen<\/li>\n<li>Ein Kuchen in Herzform<\/li>\n<\/ul>\n<p><strong>BEDINGUNGEN:<\/strong><\/p>\n<ul>\n<li>Buchungen muessen unbedingt direkt mit dem Hotel getaetigt werden. Entweder Sie rufen uns an auf die Telefonnummer 00351 295 545 800 und wir bedienen Sie sehr gerne auf Englisch und Portugiesisch.<\/li>\n<li>Wir freuen uns ebenso, Ihre Buchungen via email entgegennehmen zu duerfen. Unsere email Adresse lautet <a href=\"mailto:reservations@atlantidamarhotel.pt\">reservations@atlantidamarhotel.pt<\/a><\/li>\n<li>Sie koennen Ihre Buchung auch direkt auf unserer Website taetigen.<\/li>\n<li>Es ist unerlaesslich, dass Sie im Moment Ihrer Buchung das Stichwort \u201d ROMANTIC ESCAPE\u201d kommunizieren. So wissen wir Bescheid\u2026<\/li>\n<li>Der Tarif ist nicht mit anderen Rabatten kumulierbar.<\/li>\n<li>Dieser Tarif ist auch nicht kommissionierbar fuer andere Anbieter\/Reisebueros.<\/li>\n<li>Diese Buchungen muessen mittels einer gueltigen Kreditkarte garantiert werden. Wir belasten Ihnen den Gesamtbetrag 3 Tage \/ 72 Stunden vor Ihrer Anreise.<\/li>\n<\/ul>\n<h3 style=\"text-align: center;\">Sie k\u00f6nnen auch m\u00f6gen<\/h3>\n<\/div><\/div><\/div><\/div><\/div><\/div><\/div><\/section><section class=\"l-section wpb_row height_custom\"><div class=\"l-section-h i-cf\"><div class=\"g-cols vc_row via_flex valign_top type_default stacking_default\"><div class=\"vc_col-sm-4 wpb_column vc_column_container\"><div class=\"vc_column-inner\"><div class=\"wpb_wrapper\"><div class=\"w-image has_ratio align_center\"><div class=\"w-image-h\"><div style=\"padding-bottom:56.25%\"><\/div><img width=\"1024\" height=\"682\" src=\"https:\/\/atlantidamarhotel.com\/wp-content\/uploads\/2023\/06\/hotel-aparthotel-azores-terceira-island-ilha-atlantida-mar-piscina-pool-exterior-relax-esplanada-1024x682.jpg\" class=\"attachment-large size-large\" alt=\"\" decoding=\"async\" loading=\"lazy\" srcset=\"https:\/\/atlantidamarhotel.com\/wp-content\/uploads\/2023\/06\/hotel-aparthotel-azores-terceira-island-ilha-atlantida-mar-piscina-pool-exterior-relax-esplanada-1024x682.jpg 1024w, https:\/\/atlantidamarhotel.com\/wp-content\/uploads\/2023\/06\/hotel-aparthotel-azores-terceira-island-ilha-atlantida-mar-piscina-pool-exterior-relax-esplanada-300x200.jpg 300w, https:\/\/atlantidamarhotel.com\/wp-content\/uploads\/2023\/06\/hotel-aparthotel-azores-terceira-island-ilha-atlantida-mar-piscina-pool-exterior-relax-esplanada.jpg 1661w\" sizes=\"(max-width: 1024px) 100vw, 1024px\" \/><\/div><\/div><div class=\"w-separator size_small\"><\/div><div class=\"wpb_text_column\"><div class=\"wpb_wrapper\"><p style=\"text-align: center;\"><strong>BESTE PREISGARANTIE<\/strong><\/p>\n<p style=\"text-align: center;\">G\u00e4sten, die direkt hier buchen, versprechen wir den besten Zimmerpreis.<\/p>\n<\/div><\/div><div class=\"w-separator size_small\"><\/div><div class=\"w-btn-wrapper align_center\"><a class=\"w-btn us-btn-style_1\" title=\"BESTE PREISGARANTIE\" href=\"https:\/\/atlantidamarhotel.com\/de\/sonderangebote\/nicht-erstattbarer-preis\/\"><span class=\"w-btn-label\">entdecken<\/span><\/a><\/div><\/div><\/div><\/div><div class=\"vc_col-sm-4 wpb_column vc_column_container\"><div class=\"vc_column-inner\"><div class=\"wpb_wrapper\"><div class=\"w-image has_ratio align_center\"><div class=\"w-image-h\"><div style=\"padding-bottom:56.25%\"><\/div><img width=\"1024\" height=\"683\" src=\"https:\/\/atlantidamarhotel.com\/wp-content\/uploads\/2023\/06\/hotel-aparthotel-quarto-bedroom-zimmer-azores-terceira-island-ilha-hall-superior-1024x683.jpg\" class=\"attachment-large size-large\" alt=\"\" decoding=\"async\" loading=\"lazy\" srcset=\"https:\/\/atlantidamarhotel.com\/wp-content\/uploads\/2023\/06\/hotel-aparthotel-quarto-bedroom-zimmer-azores-terceira-island-ilha-hall-superior-1024x683.jpg 1024w, https:\/\/atlantidamarhotel.com\/wp-content\/uploads\/2023\/06\/hotel-aparthotel-quarto-bedroom-zimmer-azores-terceira-island-ilha-hall-superior-300x200.jpg 300w, https:\/\/atlantidamarhotel.com\/wp-content\/uploads\/2023\/06\/hotel-aparthotel-quarto-bedroom-zimmer-azores-terceira-island-ilha-hall-superior.jpg 1710w\" sizes=\"(max-width: 1024px) 100vw, 1024px\" \/><\/div><\/div><div class=\"w-separator size_small\"><\/div><div class=\"wpb_text_column\"><div class=\"wpb_wrapper\"><h5 style=\"text-align: center;\">DIREKTES BUCHUNGSANGEBOT<\/h5>\n<p style=\"text-align: center;\">Direktes Buchungsangebot auf unserer website, bis zu 10% rabatt \u2026<\/p>\n<\/div><\/div><div class=\"w-separator size_small\"><\/div><div class=\"w-btn-wrapper align_center\"><a class=\"w-btn us-btn-style_1\" title=\"DIREKTES BUCHUNGSANGEBOT\" href=\"https:\/\/atlantidamarhotel.com\/de\/sonderangebote\/direktbuchungsfoerderung\/\"><span class=\"w-btn-label\">entdecken<\/span><\/a><\/div><\/div><\/div><\/div><div class=\"vc_col-sm-4 wpb_column vc_column_container\"><div class=\"vc_column-inner\"><div class=\"wpb_wrapper\"><div class=\"w-image has_ratio align_center\"><div class=\"w-image-h\"><div style=\"padding-bottom:56.25%\"><\/div><img width=\"1024\" height=\"683\" src=\"https:\/\/atlantidamarhotel.com\/wp-content\/uploads\/2021\/11\/hotel-aparthotel-quarto-bedroom-zimmer-azores-terceira-island-ilha-suite-duplex-sea-mar-cama-bed-1024x683.jpg\" class=\"attachment-large size-large\" alt=\"\" decoding=\"async\" loading=\"lazy\" srcset=\"https:\/\/atlantidamarhotel.com\/wp-content\/uploads\/2021\/11\/hotel-aparthotel-quarto-bedroom-zimmer-azores-terceira-island-ilha-suite-duplex-sea-mar-cama-bed-1024x683.jpg 1024w, https:\/\/atlantidamarhotel.com\/wp-content\/uploads\/2021\/11\/hotel-aparthotel-quarto-bedroom-zimmer-azores-terceira-island-ilha-suite-duplex-sea-mar-cama-bed-300x200.jpg 300w, https:\/\/atlantidamarhotel.com\/wp-content\/uploads\/2021\/11\/hotel-aparthotel-quarto-bedroom-zimmer-azores-terceira-island-ilha-suite-duplex-sea-mar-cama-bed.jpg 1846w\" sizes=\"(max-width: 1024px) 100vw, 1024px\" \/><\/div><\/div><div class=\"w-separator size_small\"><\/div><div class=\"wpb_text_column\"><div class=\"wpb_wrapper\"><h5 style=\"text-align: center;\">KOSTENLOSES UPGRADE<\/h5>\n<p style=\"text-align: center;\">Profitieren Sie von diesem tollen Angebot und goennen Sie sich einen unvergesslichen Aufenthalt im Atl\u00e2ntida Mar Hotel!\u2026<\/p>\n<\/div><\/div><div class=\"w-separator size_small\"><\/div><div class=\"w-btn-wrapper align_center\"><a class=\"w-btn us-btn-style_1\" title=\"KOSTENLOSES UPGRADE\" href=\"https:\/\/atlantidamarhotel.com\/de\/sonderangebote\/kostenloses-upgrade\/\"><span class=\"w-btn-label\">entdecken<\/span><\/a><\/div><\/div><\/div><\/div><\/div><\/div><\/section>\n<\/section>","protected":false},"excerpt":{"rendered":"Das Atl\u00e2ntida Mar Hotel ermoeglicht Ihnen etwas ganz Spezielles, naemlich das Reservieren einer \u201cROMANTIC ESCAPE\u201d. Genau das Richtige fuer Verliebte, fuer Hochzeitspaare, um einen Geburtstag oder eine spezielle Begebenheit zu feiern, oder einfach um jemandem auf spezielle Art zu sagen \u201cIch liebe Dich\u201d. Unser Angebot fuer Sie beinhaltet folgendes: Unterkunft in einem Standard Zimmer mit...","protected":false},"author":1,"featured_media":6271,"parent":1664,"menu_order":0,"comment_status":"closed","ping_status":"closed","template":"","meta":{"_monsterinsights_skip_tracking":false,"_monsterinsights_sitenote_active":false,"_monsterinsights_sitenote_note":"","_monsterinsights_sitenote_category":0},"acf":[],"yoast_head":"<!-- This site is optimized with the Yoast SEO plugin v20.12 - https:\/\/yoast.com\/wordpress\/plugins\/seo\/ -->\n<title>Romantische Flucht - Atl\u00e2ntida Mar Hotel<\/title>\n<meta name=\"description\" content=\"Das Romantic Escape im Atlantida Mar Hotel beinhaltet eine besondere Dekoration, Zugang zum Pool, ein Fr\u00fchst\u00fccksbuffet und einen sp\u00e4ten Check-out. F\u00fcgen Sie besondere Leckereien wie Champagner, Obst, Schokolade, Blumen oder einen herzf\u00f6rmigen Kuchen hinzu.\" \/>\n<meta name=\"robots\" content=\"index, follow, max-snippet:-1, max-image-preview:large, max-video-preview:-1\" \/>\n<link rel=\"canonical\" href=\"https:\/\/atlantidamarhotel.com\/de\/sonderangebote\/romantische-flucht\/\" \/>\n<meta property=\"og:locale\" content=\"de_DE\" \/>\n<meta property=\"og:type\" content=\"article\" \/>\n<meta property=\"og:title\" content=\"Romantische Flucht - Atl\u00e2ntida Mar Hotel\" \/>\n<meta property=\"og:description\" content=\"Das Romantic Escape im Atlantida Mar Hotel beinhaltet eine besondere Dekoration, Zugang zum Pool, ein Fr\u00fchst\u00fccksbuffet und einen sp\u00e4ten Check-out. F\u00fcgen Sie besondere Leckereien wie Champagner, Obst, Schokolade, Blumen oder einen herzf\u00f6rmigen Kuchen hinzu.\" \/>\n<meta property=\"og:url\" content=\"https:\/\/atlantidamarhotel.com\/de\/sonderangebote\/romantische-flucht\/\" \/>\n<meta property=\"og:site_name\" content=\"Atl\u00e2ntida Mar Hotel\" \/>\n<meta property=\"article:publisher\" content=\"https:\/\/www.facebook.com\/AtlantidaMarHotel\/\" \/>\n<meta property=\"article:modified_time\" content=\"2023-06-30T13:38:50+00:00\" \/>\n<meta property=\"og:image\" content=\"https:\/\/atlantidamarhotel.com\/wp-content\/uploads\/2023\/06\/hotel-aparthotel-azores-terceira-island-ilha-atlantida-mar-quarto-room-zimmer-romance.jpg\" \/>\n\t<meta property=\"og:image:width\" content=\"1733\" \/>\n\t<meta property=\"og:image:height\" content=\"1155\" \/>\n\t<meta property=\"og:image:type\" content=\"image\/jpeg\" \/>\n<meta name=\"twitter:card\" content=\"summary_large_image\" \/>\n<meta name=\"twitter:label1\" content=\"Gesch\u00e4tzte Lesezeit\" \/>\n\t<meta name=\"twitter:data1\" content=\"2\u00a0Minuten\" \/>\n<script type=\"application\/ld+json\" class=\"yoast-schema-graph\">{\"@context\":\"https:\/\/schema.org\",\"@graph\":[{\"@type\":\"WebPage\",\"@id\":\"https:\/\/atlantidamarhotel.com\/de\/sonderangebote\/romantische-flucht\/\",\"url\":\"https:\/\/atlantidamarhotel.com\/de\/sonderangebote\/romantische-flucht\/\",\"name\":\"Romantische Flucht - Atl\u00e2ntida Mar Hotel\",\"isPartOf\":{\"@id\":\"https:\/\/atlantidamarhotel.com\/de\/#website\"},\"datePublished\":\"2017-01-25T23:43:32+00:00\",\"dateModified\":\"2023-06-30T13:38:50+00:00\",\"description\":\"Das Romantic Escape im Atlantida Mar Hotel beinhaltet eine besondere Dekoration, Zugang zum Pool, ein Fr\u00fchst\u00fccksbuffet und einen sp\u00e4ten Check-out. F\u00fcgen Sie besondere Leckereien wie Champagner, Obst, Schokolade, Blumen oder einen herzf\u00f6rmigen Kuchen hinzu.\",\"breadcrumb\":{\"@id\":\"https:\/\/atlantidamarhotel.com\/de\/sonderangebote\/romantische-flucht\/#breadcrumb\"},\"inLanguage\":\"de\",\"potentialAction\":[{\"@type\":\"ReadAction\",\"target\":[\"https:\/\/atlantidamarhotel.com\/de\/sonderangebote\/romantische-flucht\/\"]}]},{\"@type\":\"BreadcrumbList\",\"@id\":\"https:\/\/atlantidamarhotel.com\/de\/sonderangebote\/romantische-flucht\/#breadcrumb\",\"itemListElement\":[{\"@type\":\"ListItem\",\"position\":1,\"name\":\"Home\",\"item\":\"https:\/\/atlantidamarhotel.com\/de\/\"},{\"@type\":\"ListItem\",\"position\":2,\"name\":\"Sonderangebote\",\"item\":\"https:\/\/atlantidamarhotel.com\/de\/sonderangebote\/\"},{\"@type\":\"ListItem\",\"position\":3,\"name\":\"Romantische Flucht\"}]},{\"@type\":\"WebSite\",\"@id\":\"https:\/\/atlantidamarhotel.com\/de\/#website\",\"url\":\"https:\/\/atlantidamarhotel.com\/de\/\",\"name\":\"Atl\u00e2ntida Mar Hotel\",\"description\":\"Aparthotel\",\"publisher\":{\"@id\":\"https:\/\/atlantidamarhotel.com\/de\/#organization\"},\"potentialAction\":[{\"@type\":\"SearchAction\",\"target\":{\"@type\":\"EntryPoint\",\"urlTemplate\":\"https:\/\/atlantidamarhotel.com\/de\/?s={search_term_string}\"},\"query-input\":\"required name=search_term_string\"}],\"inLanguage\":\"de\"},{\"@type\":\"Organization\",\"@id\":\"https:\/\/atlantidamarhotel.com\/de\/#organization\",\"name\":\"Atl\u00e2ntida Mar Hotel\",\"url\":\"https:\/\/atlantidamarhotel.com\/de\/\",\"logo\":{\"@type\":\"ImageObject\",\"inLanguage\":\"de\",\"@id\":\"https:\/\/atlantidamarhotel.com\/de\/#\/schema\/logo\/image\/\",\"url\":\"https:\/\/atlantidamarhotel.com\/wp-content\/uploads\/2016\/12\/logo-Atlantida-mar-hotel-2.png\",\"contentUrl\":\"https:\/\/atlantidamarhotel.com\/wp-content\/uploads\/2016\/12\/logo-Atlantida-mar-hotel-2.png\",\"width\":1600,\"height\":445,\"caption\":\"Atl\u00e2ntida Mar Hotel\"},\"image\":{\"@id\":\"https:\/\/atlantidamarhotel.com\/de\/#\/schema\/logo\/image\/\"},\"sameAs\":[\"https:\/\/www.facebook.com\/AtlantidaMarHotel\/\"]}]}<\/script>\n<!-- \/ Yoast SEO plugin. -->","yoast_head_json":{"title":"Romantische Flucht - Atl\u00e2ntida Mar Hotel","description":"Das Romantic Escape im Atlantida Mar Hotel beinhaltet eine besondere Dekoration, Zugang zum Pool, ein Fr\u00fchst\u00fccksbuffet und einen sp\u00e4ten Check-out. F\u00fcgen Sie besondere Leckereien wie Champagner, Obst, Schokolade, Blumen oder einen herzf\u00f6rmigen Kuchen hinzu.","robots":{"index":"index","follow":"follow","max-snippet":"max-snippet:-1","max-image-preview":"max-image-preview:large","max-video-preview":"max-video-preview:-1"},"canonical":"https:\/\/atlantidamarhotel.com\/de\/sonderangebote\/romantische-flucht\/","og_locale":"de_DE","og_type":"article","og_title":"Romantische Flucht - Atl\u00e2ntida Mar Hotel","og_description":"Das Romantic Escape im Atlantida Mar Hotel beinhaltet eine besondere Dekoration, Zugang zum Pool, ein Fr\u00fchst\u00fccksbuffet und einen sp\u00e4ten Check-out. F\u00fcgen Sie besondere Leckereien wie Champagner, Obst, Schokolade, Blumen oder einen herzf\u00f6rmigen Kuchen hinzu.","og_url":"https:\/\/atlantidamarhotel.com\/de\/sonderangebote\/romantische-flucht\/","og_site_name":"Atl\u00e2ntida Mar Hotel","article_publisher":"https:\/\/www.facebook.com\/AtlantidaMarHotel\/","article_modified_time":"2023-06-30T13:38:50+00:00","og_image":[{"width":1733,"height":1155,"url":"https:\/\/atlantidamarhotel.com\/wp-content\/uploads\/2023\/06\/hotel-aparthotel-azores-terceira-island-ilha-atlantida-mar-quarto-room-zimmer-romance.jpg","type":"image\/jpeg"}],"twitter_card":"summary_large_image","twitter_misc":{"Gesch\u00e4tzte Lesezeit":"2\u00a0Minuten"},"schema":{"@context":"https:\/\/schema.org","@graph":[{"@type":"WebPage","@id":"https:\/\/atlantidamarhotel.com\/de\/sonderangebote\/romantische-flucht\/","url":"https:\/\/atlantidamarhotel.com\/de\/sonderangebote\/romantische-flucht\/","name":"Romantische Flucht - Atl\u00e2ntida Mar Hotel","isPartOf":{"@id":"https:\/\/atlantidamarhotel.com\/de\/#website"},"datePublished":"2017-01-25T23:43:32+00:00","dateModified":"2023-06-30T13:38:50+00:00","description":"Das Romantic Escape im Atlantida Mar Hotel beinhaltet eine besondere Dekoration, Zugang zum Pool, ein Fr\u00fchst\u00fccksbuffet und einen sp\u00e4ten Check-out. F\u00fcgen Sie besondere Leckereien wie Champagner, Obst, Schokolade, Blumen oder einen herzf\u00f6rmigen Kuchen hinzu.","breadcrumb":{"@id":"https:\/\/atlantidamarhotel.com\/de\/sonderangebote\/romantische-flucht\/#breadcrumb"},"inLanguage":"de","potentialAction":[{"@type":"ReadAction","target":["https:\/\/atlantidamarhotel.com\/de\/sonderangebote\/romantische-flucht\/"]}]},{"@type":"BreadcrumbList","@id":"https:\/\/atlantidamarhotel.com\/de\/sonderangebote\/romantische-flucht\/#breadcrumb","itemListElement":[{"@type":"ListItem","position":1,"name":"Home","item":"https:\/\/atlantidamarhotel.com\/de\/"},{"@type":"ListItem","position":2,"name":"Sonderangebote","item":"https:\/\/atlantidamarhotel.com\/de\/sonderangebote\/"},{"@type":"ListItem","position":3,"name":"Romantische Flucht"}]},{"@type":"WebSite","@id":"https:\/\/atlantidamarhotel.com\/de\/#website","url":"https:\/\/atlantidamarhotel.com\/de\/","name":"Atl\u00e2ntida Mar Hotel","description":"Aparthotel","publisher":{"@id":"https:\/\/atlantidamarhotel.com\/de\/#organization"},"potentialAction":[{"@type":"SearchAction","target":{"@type":"EntryPoint","urlTemplate":"https:\/\/atlantidamarhotel.com\/de\/?s={search_term_string}"},"query-input":"required name=search_term_string"}],"inLanguage":"de"},{"@type":"Organization","@id":"https:\/\/atlantidamarhotel.com\/de\/#organization","name":"Atl\u00e2ntida Mar Hotel","url":"https:\/\/atlantidamarhotel.com\/de\/","logo":{"@type":"ImageObject","inLanguage":"de","@id":"https:\/\/atlantidamarhotel.com\/de\/#\/schema\/logo\/image\/","url":"https:\/\/atlantidamarhotel.com\/wp-content\/uploads\/2016\/12\/logo-Atlantida-mar-hotel-2.png","contentUrl":"https:\/\/atlantidamarhotel.com\/wp-content\/uploads\/2016\/12\/logo-Atlantida-mar-hotel-2.png","width":1600,"height":445,"caption":"Atl\u00e2ntida Mar Hotel"},"image":{"@id":"https:\/\/atlantidamarhotel.com\/de\/#\/schema\/logo\/image\/"},"sameAs":["https:\/\/www.facebook.com\/AtlantidaMarHotel\/"]}]}},"_links":{"self":[{"href":"https:\/\/atlantidamarhotel.com\/de\/wp-json\/wp\/v2\/pages\/1670"}],"collection":[{"href":"https:\/\/atlantidamarhotel.com\/de\/wp-json\/wp\/v2\/pages"}],"about":[{"href":"https:\/\/atlantidamarhotel.com\/de\/wp-json\/wp\/v2\/types\/page"}],"author":[{"embeddable":true,"href":"https:\/\/atlantidamarhotel.com\/de\/wp-json\/wp\/v2\/users\/1"}],"replies":[{"embeddable":true,"href":"https:\/\/atlantidamarhotel.com\/de\/wp-json\/wp\/v2\/comments?post=1670"}],"version-history":[{"count":13,"href":"https:\/\/atlantidamarhotel.com\/de\/wp-json\/wp\/v2\/pages\/1670\/revisions"}],"predecessor-version":[{"id":6765,"href":"https:\/\/atlantidamarhotel.com\/de\/wp-json\/wp\/v2\/pages\/1670\/revisions\/6765"}],"up":[{"embeddable":true,"href":"https:\/\/atlantidamarhotel.com\/de\/wp-json\/wp\/v2\/pages\/1664"}],"wp:featuredmedia":[{"embeddable":true,"href":"https:\/\/atlantidamarhotel.com\/de\/wp-json\/wp\/v2\/media\/6271"}],"wp:attachment":[{"href":"https:\/\/atlantidamarhotel.com\/de\/wp-json\/wp\/v2\/media?parent=1670"}],"curies":[{"name":"wp","href":"https:\/\/api.w.org\/{rel}","templated":true}]}}