{"id":1672,"date":"2017-01-25T22:35:17","date_gmt":"2017-01-25T23:35:17","guid":{"rendered":"http:\/\/www.atlantidamarhotel.pt\/special-offers\/direct-booking-promotion\/"},"modified":"2023-07-03T18:06:40","modified_gmt":"2023-07-03T19:06:40","slug":"direktbuchungsfoerderung","status":"publish","type":"page","link":"https:\/\/atlantidamarhotel.com\/de\/sonderangebote\/direktbuchungsfoerderung\/","title":{"rendered":"Direktbuchungsf\u00f6rderung"},"content":{"rendered":"<section class=\"wpb-content-wrapper\"><section class=\"l-section wpb_row height_custom\"><div class=\"l-section-h i-cf\"><div class=\"g-cols vc_row via_flex valign_top type_default stacking_default\"><div class=\"vc_col-sm-12 wpb_column vc_column_container\"><div class=\"vc_column-inner\"><div class=\"wpb_wrapper\"><div class=\"wpb_text_column\"><div class=\"wpb_wrapper\"><p><strong>Buchen Sie direkt auf der Website des Hotels und erhalten Sie bis zu 10 % Rabatt!<\/strong><\/p>\n<p>Verpassen Sie nicht die Gelegenheit, das Atl\u00e2ntida Mar Hotel und die Insel Terceira zu einem sehr attraktiven Preis zu genie\u00dfen.<\/p>\n<p><strong>TERMS &amp; BEDINGUNGEN:<\/strong><\/p>\n<ul>\n<li>Buchungen m\u00fcssen direkt beim Atl\u00e2ntida Mar Hotel erfolgen, telefonisch unter <a href=\"tel:00351295545800\">00351 295545800<\/a>, per E-Mail an <a href=\"mailto:reservations@atlantidamarhotel.pt\">reservations@atlantidamarhotel.pt<\/a> mit dem Hinweis \u201eDirekt buchen und sparen\u201c oder \u00fcber die Website des Hotels<\/li>\n<li>Kann nicht in Verbindung mit anderen Aktionen verwendet werden<\/li>\n<li>Keine Provision gegen\u00fcber Dritten<\/li>\n<li>Reservierungen m\u00fcssen mit einer g\u00fcltigen Kreditkarte garantiert werden<\/li>\n<li>Keine Vorauszahlung erforderlich. Die Zahlung muss beim Check-in erfolgen<\/li>\n<li>Es gelten die Stornierungsbedingungen des Hotels<\/li>\n<li>Der Rabatt variiert je nach Saison.<\/li>\n<\/ul>\n<h3 style=\"text-align: center;\">Sie k\u00f6nnen auch m\u00f6gen<\/h3>\n<\/div><\/div><\/div><\/div><\/div><\/div><\/div><\/section><section class=\"l-section wpb_row us_custom_5cd26a65 height_custom\"><div class=\"l-section-h i-cf\"><div class=\"g-cols vc_row via_flex valign_top type_default stacking_default\"><div class=\"vc_col-sm-4 wpb_column vc_column_container\"><div class=\"vc_column-inner\"><div class=\"wpb_wrapper\"><div class=\"w-image has_ratio align_center\"><div class=\"w-image-h\"><div style=\"padding-bottom:56.25%\"><\/div><img width=\"1024\" height=\"682\" src=\"https:\/\/atlantidamarhotel.com\/wp-content\/uploads\/2023\/06\/hotel-aparthotel-azores-terceira-island-ilha-atlantida-mar-piscina-pool-exterior-relax-esplanada-1024x682.jpg\" class=\"attachment-large size-large\" alt=\"\" decoding=\"async\" loading=\"lazy\" srcset=\"https:\/\/atlantidamarhotel.com\/wp-content\/uploads\/2023\/06\/hotel-aparthotel-azores-terceira-island-ilha-atlantida-mar-piscina-pool-exterior-relax-esplanada-1024x682.jpg 1024w, https:\/\/atlantidamarhotel.com\/wp-content\/uploads\/2023\/06\/hotel-aparthotel-azores-terceira-island-ilha-atlantida-mar-piscina-pool-exterior-relax-esplanada-300x200.jpg 300w, https:\/\/atlantidamarhotel.com\/wp-content\/uploads\/2023\/06\/hotel-aparthotel-azores-terceira-island-ilha-atlantida-mar-piscina-pool-exterior-relax-esplanada.jpg 1661w\" sizes=\"(max-width: 1024px) 100vw, 1024px\" \/><\/div><\/div><div class=\"w-separator size_small\"><\/div><div class=\"wpb_text_column\"><div class=\"wpb_wrapper\"><h5 style=\"text-align: center;\">BESTE PREISGARANTIE<\/h5>\n<p style=\"text-align: center;\">G\u00e4sten, die direkt hier buchen, versprechen wir den besten Zimmerpreis.<\/p>\n<\/div><\/div><div class=\"w-separator size_small\"><\/div><div class=\"w-btn-wrapper align_center\"><a class=\"w-btn us-btn-style_1\" title=\"BESTE PREISGARANTIE\" href=\"https:\/\/atlantidamarhotel.com\/de\/sonderangebote\/nicht-erstattbarer-preis\/\"><span class=\"w-btn-label\">entdecken<\/span><\/a><\/div><\/div><\/div><\/div><div class=\"vc_col-sm-4 wpb_column vc_column_container\"><div class=\"vc_column-inner\"><div class=\"wpb_wrapper\"><div class=\"w-image has_ratio align_center\"><div class=\"w-image-h\"><div style=\"padding-bottom:56.25%\"><\/div><img width=\"1024\" height=\"682\" src=\"https:\/\/atlantidamarhotel.com\/wp-content\/uploads\/2023\/06\/hotel-aparthotel-azores-terceira-island-ilha-atlantida-mar-quarto-room-zimmer-romance-1024x682.jpg\" class=\"attachment-large size-large\" alt=\"\" decoding=\"async\" loading=\"lazy\" srcset=\"https:\/\/atlantidamarhotel.com\/wp-content\/uploads\/2023\/06\/hotel-aparthotel-azores-terceira-island-ilha-atlantida-mar-quarto-room-zimmer-romance-1024x682.jpg 1024w, https:\/\/atlantidamarhotel.com\/wp-content\/uploads\/2023\/06\/hotel-aparthotel-azores-terceira-island-ilha-atlantida-mar-quarto-room-zimmer-romance-300x200.jpg 300w, https:\/\/atlantidamarhotel.com\/wp-content\/uploads\/2023\/06\/hotel-aparthotel-azores-terceira-island-ilha-atlantida-mar-quarto-room-zimmer-romance.jpg 1733w\" sizes=\"(max-width: 1024px) 100vw, 1024px\" \/><\/div><\/div><div class=\"w-separator size_small\"><\/div><div class=\"wpb_text_column\"><div class=\"wpb_wrapper\"><h5 style=\"text-align: center;\">ROMANTISCHES ENTRINNEN<\/h5>\n<p style=\"text-align: center;\">Das Atl\u00e2ntida Mar Hotel ermoeglicht Ihnen etwas ganz Spezielles, naemlich das Reservieren einer \u201cROMANTIC ESCAPE\u201c\u2026<\/p>\n<\/div><\/div><div class=\"w-separator size_small\"><\/div><div class=\"w-btn-wrapper align_center\"><a class=\"w-btn us-btn-style_1\" title=\"ROMANTISCHES ENTRINNEN\" href=\"https:\/\/atlantidamarhotel.com\/de\/sonderangebote\/romantische-flucht\/\"><span class=\"w-btn-label\">entdecken<\/span><\/a><\/div><\/div><\/div><\/div><div class=\"vc_col-sm-4 wpb_column vc_column_container\"><div class=\"vc_column-inner\"><div class=\"wpb_wrapper\"><div class=\"w-image has_ratio align_center\"><div class=\"w-image-h\"><div style=\"padding-bottom:56.25%\"><\/div><img width=\"1024\" height=\"683\" src=\"https:\/\/atlantidamarhotel.com\/wp-content\/uploads\/2021\/11\/hotel-aparthotel-quarto-bedroom-zimmer-azores-terceira-island-ilha-suite-duplex-sea-mar-cama-bed-1024x683.jpg\" class=\"attachment-large size-large\" alt=\"\" decoding=\"async\" loading=\"lazy\" srcset=\"https:\/\/atlantidamarhotel.com\/wp-content\/uploads\/2021\/11\/hotel-aparthotel-quarto-bedroom-zimmer-azores-terceira-island-ilha-suite-duplex-sea-mar-cama-bed-1024x683.jpg 1024w, https:\/\/atlantidamarhotel.com\/wp-content\/uploads\/2021\/11\/hotel-aparthotel-quarto-bedroom-zimmer-azores-terceira-island-ilha-suite-duplex-sea-mar-cama-bed-300x200.jpg 300w, https:\/\/atlantidamarhotel.com\/wp-content\/uploads\/2021\/11\/hotel-aparthotel-quarto-bedroom-zimmer-azores-terceira-island-ilha-suite-duplex-sea-mar-cama-bed.jpg 1846w\" sizes=\"(max-width: 1024px) 100vw, 1024px\" \/><\/div><\/div><div class=\"w-separator size_small\"><\/div><div class=\"wpb_text_column\"><div class=\"wpb_wrapper\"><h5 style=\"text-align: center;\">KOSTENLOSES UPGRADE<\/h5>\n<p style=\"text-align: center;\">Profitieren Sie von diesem tollen Angebot und goennen Sie sich einen unvergesslichen Aufenthalt im Atl\u00e2ntida Mar Hotel!\u2026<\/p>\n<\/div><\/div><div class=\"w-separator size_small\"><\/div><div class=\"w-btn-wrapper align_center\"><a class=\"w-btn us-btn-style_1\" title=\"KOSTENLOSES UPGRADE\" href=\"https:\/\/atlantidamarhotel.com\/de\/sonderangebote\/kostenloses-upgrade\/\"><span class=\"w-btn-label\">entdecken<\/span><\/a><\/div><\/div><\/div><\/div><\/div><\/div><\/section>\n<\/section>","protected":false},"excerpt":{"rendered":"Buchen Sie direkt auf der Website des Hotels und erhalten Sie bis zu 10 % Rabatt! Verpassen Sie nicht die Gelegenheit, das Atl\u00e2ntida Mar Hotel und die Insel Terceira zu einem sehr attraktiven Preis zu genie\u00dfen. TERMS &amp; BEDINGUNGEN: Buchungen m\u00fcssen direkt beim Atl\u00e2ntida Mar Hotel erfolgen, telefonisch unter 00351 295545800, per E-Mail an reservations@atlantidamarhotel.pt...","protected":false},"author":1,"featured_media":6281,"parent":1664,"menu_order":0,"comment_status":"closed","ping_status":"closed","template":"","meta":{"_monsterinsights_skip_tracking":false,"_monsterinsights_sitenote_active":false,"_monsterinsights_sitenote_note":"","_monsterinsights_sitenote_category":0},"acf":[],"yoast_head":"<!-- This site is optimized with the Yoast SEO plugin v20.12 - https:\/\/yoast.com\/wordpress\/plugins\/seo\/ -->\n<title>Direktbuchungsf\u00f6rderung - Atl\u00e2ntida Mar Hotel<\/title>\n<meta name=\"description\" content=\"Buchen Sie direkt beim Atl\u00e2ntida Mar Hotel und erhalten Sie bis zu 10 % Rabatt auf Ihren Aufenthalt. Genie\u00dfen Sie Luxus und erkunden Sie die Insel Terceira zu einem unschlagbaren Preis.\" \/>\n<meta name=\"robots\" content=\"index, follow, max-snippet:-1, max-image-preview:large, max-video-preview:-1\" \/>\n<link rel=\"canonical\" href=\"https:\/\/atlantidamarhotel.com\/de\/sonderangebote\/direktbuchungsfoerderung\/\" \/>\n<meta property=\"og:locale\" content=\"de_DE\" \/>\n<meta property=\"og:type\" content=\"article\" \/>\n<meta property=\"og:title\" content=\"Direktbuchungsf\u00f6rderung - Atl\u00e2ntida Mar Hotel\" \/>\n<meta property=\"og:description\" content=\"Buchen Sie direkt beim Atl\u00e2ntida Mar Hotel und erhalten Sie bis zu 10 % Rabatt auf Ihren Aufenthalt. Genie\u00dfen Sie Luxus und erkunden Sie die Insel Terceira zu einem unschlagbaren Preis.\" \/>\n<meta property=\"og:url\" content=\"https:\/\/atlantidamarhotel.com\/de\/sonderangebote\/direktbuchungsfoerderung\/\" \/>\n<meta property=\"og:site_name\" content=\"Atl\u00e2ntida Mar Hotel\" \/>\n<meta property=\"article:publisher\" content=\"https:\/\/www.facebook.com\/AtlantidaMarHotel\/\" \/>\n<meta property=\"article:modified_time\" content=\"2023-07-03T19:06:40+00:00\" \/>\n<meta property=\"og:image\" content=\"https:\/\/atlantidamarhotel.com\/wp-content\/uploads\/2023\/06\/hotel-aparthotel-quarto-bedroom-zimmer-azores-terceira-island-ilha-hall-superior.jpg\" \/>\n\t<meta property=\"og:image:width\" content=\"1710\" \/>\n\t<meta property=\"og:image:height\" content=\"1140\" \/>\n\t<meta property=\"og:image:type\" content=\"image\/jpeg\" \/>\n<meta name=\"twitter:card\" content=\"summary_large_image\" \/>\n<meta name=\"twitter:label1\" content=\"Gesch\u00e4tzte Lesezeit\" \/>\n\t<meta name=\"twitter:data1\" content=\"1\u00a0Minute\" \/>\n<script type=\"application\/ld+json\" class=\"yoast-schema-graph\">{\"@context\":\"https:\/\/schema.org\",\"@graph\":[{\"@type\":\"WebPage\",\"@id\":\"https:\/\/atlantidamarhotel.com\/de\/sonderangebote\/direktbuchungsfoerderung\/\",\"url\":\"https:\/\/atlantidamarhotel.com\/de\/sonderangebote\/direktbuchungsfoerderung\/\",\"name\":\"Direktbuchungsf\u00f6rderung - Atl\u00e2ntida Mar Hotel\",\"isPartOf\":{\"@id\":\"https:\/\/atlantidamarhotel.com\/de\/#website\"},\"datePublished\":\"2017-01-25T23:35:17+00:00\",\"dateModified\":\"2023-07-03T19:06:40+00:00\",\"description\":\"Buchen Sie direkt beim Atl\u00e2ntida Mar Hotel und erhalten Sie bis zu 10 % Rabatt auf Ihren Aufenthalt. Genie\u00dfen Sie Luxus und erkunden Sie die Insel Terceira zu einem unschlagbaren Preis.\",\"breadcrumb\":{\"@id\":\"https:\/\/atlantidamarhotel.com\/de\/sonderangebote\/direktbuchungsfoerderung\/#breadcrumb\"},\"inLanguage\":\"de\",\"potentialAction\":[{\"@type\":\"ReadAction\",\"target\":[\"https:\/\/atlantidamarhotel.com\/de\/sonderangebote\/direktbuchungsfoerderung\/\"]}]},{\"@type\":\"BreadcrumbList\",\"@id\":\"https:\/\/atlantidamarhotel.com\/de\/sonderangebote\/direktbuchungsfoerderung\/#breadcrumb\",\"itemListElement\":[{\"@type\":\"ListItem\",\"position\":1,\"name\":\"Home\",\"item\":\"https:\/\/atlantidamarhotel.com\/de\/\"},{\"@type\":\"ListItem\",\"position\":2,\"name\":\"Sonderangebote\",\"item\":\"https:\/\/atlantidamarhotel.com\/de\/sonderangebote\/\"},{\"@type\":\"ListItem\",\"position\":3,\"name\":\"Direktbuchungsf\u00f6rderung\"}]},{\"@type\":\"WebSite\",\"@id\":\"https:\/\/atlantidamarhotel.com\/de\/#website\",\"url\":\"https:\/\/atlantidamarhotel.com\/de\/\",\"name\":\"Atl\u00e2ntida Mar Hotel\",\"description\":\"Aparthotel\",\"publisher\":{\"@id\":\"https:\/\/atlantidamarhotel.com\/de\/#organization\"},\"potentialAction\":[{\"@type\":\"SearchAction\",\"target\":{\"@type\":\"EntryPoint\",\"urlTemplate\":\"https:\/\/atlantidamarhotel.com\/de\/?s={search_term_string}\"},\"query-input\":\"required name=search_term_string\"}],\"inLanguage\":\"de\"},{\"@type\":\"Organization\",\"@id\":\"https:\/\/atlantidamarhotel.com\/de\/#organization\",\"name\":\"Atl\u00e2ntida Mar Hotel\",\"url\":\"https:\/\/atlantidamarhotel.com\/de\/\",\"logo\":{\"@type\":\"ImageObject\",\"inLanguage\":\"de\",\"@id\":\"https:\/\/atlantidamarhotel.com\/de\/#\/schema\/logo\/image\/\",\"url\":\"https:\/\/atlantidamarhotel.com\/wp-content\/uploads\/2016\/12\/logo-Atlantida-mar-hotel-2.png\",\"contentUrl\":\"https:\/\/atlantidamarhotel.com\/wp-content\/uploads\/2016\/12\/logo-Atlantida-mar-hotel-2.png\",\"width\":1600,\"height\":445,\"caption\":\"Atl\u00e2ntida Mar Hotel\"},\"image\":{\"@id\":\"https:\/\/atlantidamarhotel.com\/de\/#\/schema\/logo\/image\/\"},\"sameAs\":[\"https:\/\/www.facebook.com\/AtlantidaMarHotel\/\"]}]}<\/script>\n<!-- \/ Yoast SEO plugin. -->","yoast_head_json":{"title":"Direktbuchungsf\u00f6rderung - Atl\u00e2ntida Mar Hotel","description":"Buchen Sie direkt beim Atl\u00e2ntida Mar Hotel und erhalten Sie bis zu 10 % Rabatt auf Ihren Aufenthalt. Genie\u00dfen Sie Luxus und erkunden Sie die Insel Terceira zu einem unschlagbaren Preis.","robots":{"index":"index","follow":"follow","max-snippet":"max-snippet:-1","max-image-preview":"max-image-preview:large","max-video-preview":"max-video-preview:-1"},"canonical":"https:\/\/atlantidamarhotel.com\/de\/sonderangebote\/direktbuchungsfoerderung\/","og_locale":"de_DE","og_type":"article","og_title":"Direktbuchungsf\u00f6rderung - Atl\u00e2ntida Mar Hotel","og_description":"Buchen Sie direkt beim Atl\u00e2ntida Mar Hotel und erhalten Sie bis zu 10 % Rabatt auf Ihren Aufenthalt. Genie\u00dfen Sie Luxus und erkunden Sie die Insel Terceira zu einem unschlagbaren Preis.","og_url":"https:\/\/atlantidamarhotel.com\/de\/sonderangebote\/direktbuchungsfoerderung\/","og_site_name":"Atl\u00e2ntida Mar Hotel","article_publisher":"https:\/\/www.facebook.com\/AtlantidaMarHotel\/","article_modified_time":"2023-07-03T19:06:40+00:00","og_image":[{"width":1710,"height":1140,"url":"https:\/\/atlantidamarhotel.com\/wp-content\/uploads\/2023\/06\/hotel-aparthotel-quarto-bedroom-zimmer-azores-terceira-island-ilha-hall-superior.jpg","type":"image\/jpeg"}],"twitter_card":"summary_large_image","twitter_misc":{"Gesch\u00e4tzte Lesezeit":"1\u00a0Minute"},"schema":{"@context":"https:\/\/schema.org","@graph":[{"@type":"WebPage","@id":"https:\/\/atlantidamarhotel.com\/de\/sonderangebote\/direktbuchungsfoerderung\/","url":"https:\/\/atlantidamarhotel.com\/de\/sonderangebote\/direktbuchungsfoerderung\/","name":"Direktbuchungsf\u00f6rderung - Atl\u00e2ntida Mar Hotel","isPartOf":{"@id":"https:\/\/atlantidamarhotel.com\/de\/#website"},"datePublished":"2017-01-25T23:35:17+00:00","dateModified":"2023-07-03T19:06:40+00:00","description":"Buchen Sie direkt beim Atl\u00e2ntida Mar Hotel und erhalten Sie bis zu 10 % Rabatt auf Ihren Aufenthalt. Genie\u00dfen Sie Luxus und erkunden Sie die Insel Terceira zu einem unschlagbaren Preis.","breadcrumb":{"@id":"https:\/\/atlantidamarhotel.com\/de\/sonderangebote\/direktbuchungsfoerderung\/#breadcrumb"},"inLanguage":"de","potentialAction":[{"@type":"ReadAction","target":["https:\/\/atlantidamarhotel.com\/de\/sonderangebote\/direktbuchungsfoerderung\/"]}]},{"@type":"BreadcrumbList","@id":"https:\/\/atlantidamarhotel.com\/de\/sonderangebote\/direktbuchungsfoerderung\/#breadcrumb","itemListElement":[{"@type":"ListItem","position":1,"name":"Home","item":"https:\/\/atlantidamarhotel.com\/de\/"},{"@type":"ListItem","position":2,"name":"Sonderangebote","item":"https:\/\/atlantidamarhotel.com\/de\/sonderangebote\/"},{"@type":"ListItem","position":3,"name":"Direktbuchungsf\u00f6rderung"}]},{"@type":"WebSite","@id":"https:\/\/atlantidamarhotel.com\/de\/#website","url":"https:\/\/atlantidamarhotel.com\/de\/","name":"Atl\u00e2ntida Mar Hotel","description":"Aparthotel","publisher":{"@id":"https:\/\/atlantidamarhotel.com\/de\/#organization"},"potentialAction":[{"@type":"SearchAction","target":{"@type":"EntryPoint","urlTemplate":"https:\/\/atlantidamarhotel.com\/de\/?s={search_term_string}"},"query-input":"required name=search_term_string"}],"inLanguage":"de"},{"@type":"Organization","@id":"https:\/\/atlantidamarhotel.com\/de\/#organization","name":"Atl\u00e2ntida Mar Hotel","url":"https:\/\/atlantidamarhotel.com\/de\/","logo":{"@type":"ImageObject","inLanguage":"de","@id":"https:\/\/atlantidamarhotel.com\/de\/#\/schema\/logo\/image\/","url":"https:\/\/atlantidamarhotel.com\/wp-content\/uploads\/2016\/12\/logo-Atlantida-mar-hotel-2.png","contentUrl":"https:\/\/atlantidamarhotel.com\/wp-content\/uploads\/2016\/12\/logo-Atlantida-mar-hotel-2.png","width":1600,"height":445,"caption":"Atl\u00e2ntida Mar Hotel"},"image":{"@id":"https:\/\/atlantidamarhotel.com\/de\/#\/schema\/logo\/image\/"},"sameAs":["https:\/\/www.facebook.com\/AtlantidaMarHotel\/"]}]}},"_links":{"self":[{"href":"https:\/\/atlantidamarhotel.com\/de\/wp-json\/wp\/v2\/pages\/1672"}],"collection":[{"href":"https:\/\/atlantidamarhotel.com\/de\/wp-json\/wp\/v2\/pages"}],"about":[{"href":"https:\/\/atlantidamarhotel.com\/de\/wp-json\/wp\/v2\/types\/page"}],"author":[{"embeddable":true,"href":"https:\/\/atlantidamarhotel.com\/de\/wp-json\/wp\/v2\/users\/1"}],"replies":[{"embeddable":true,"href":"https:\/\/atlantidamarhotel.com\/de\/wp-json\/wp\/v2\/comments?post=1672"}],"version-history":[{"count":21,"href":"https:\/\/atlantidamarhotel.com\/de\/wp-json\/wp\/v2\/pages\/1672\/revisions"}],"predecessor-version":[{"id":6863,"href":"https:\/\/atlantidamarhotel.com\/de\/wp-json\/wp\/v2\/pages\/1672\/revisions\/6863"}],"up":[{"embeddable":true,"href":"https:\/\/atlantidamarhotel.com\/de\/wp-json\/wp\/v2\/pages\/1664"}],"wp:featuredmedia":[{"embeddable":true,"href":"https:\/\/atlantidamarhotel.com\/de\/wp-json\/wp\/v2\/media\/6281"}],"wp:attachment":[{"href":"https:\/\/atlantidamarhotel.com\/de\/wp-json\/wp\/v2\/media?parent=1672"}],"curies":[{"name":"wp","href":"https:\/\/api.w.org\/{rel}","templated":true}]}}