{"id":1674,"date":"2017-01-19T18:21:35","date_gmt":"2017-01-19T19:21:35","guid":{"rendered":"http:\/\/www.atlantidamarhotel.pt\/special-offers\/non-refundable-rate\/"},"modified":"2023-06-30T12:35:21","modified_gmt":"2023-06-30T13:35:21","slug":"nicht-erstattbarer-preis","status":"publish","type":"page","link":"https:\/\/atlantidamarhotel.com\/de\/sonderangebote\/nicht-erstattbarer-preis\/","title":{"rendered":"Nicht erstattbarer Preis"},"content":{"rendered":"<section class=\"wpb-content-wrapper\"><section class=\"l-section wpb_row height_custom\"><div class=\"l-section-h i-cf\"><div class=\"g-cols vc_row via_flex valign_top type_default stacking_default\"><div class=\"vc_col-sm-12 wpb_column vc_column_container\"><div class=\"vc_column-inner\"><div class=\"wpb_wrapper\"><div class=\"wpb_text_column\"><div class=\"wpb_wrapper\"><p style=\"text-align: center;\"><strong>Das Atl\u00e2ntida Mar Hotel bietet einen besseren Zimmerpreis als Sie auf anderen Reise-Websites finden, die unser Hotel anbieten.<\/strong><\/p>\n<p>Wenn Sie irgendwo einen g\u00fcnstigeren Preis finden als den, den Sie bei der Buchung eines Zimmers auf unserer Website gefunden haben, akzeptieren wir einen niedrigeren Preis als den, den Sie gefunden haben.<\/p>\n<p>Damit wir den niedrigsten Preis anerkennen k\u00f6nnen, m\u00fcssen Sie eine E-Mail an <a href=\"mailto:reservations@atlantidamarhotel.pt\">reservations@atlantidamarhotel.pt<\/a>\u00a0mit einem beigef\u00fcgten Dokument mit der Buchung oder der Buchungssimulation senden, in dem es eindeutig identifiziert werden muss:<\/p>\n<ul>\n<li>die Website, auf der die Buchung oder die Buchungssimulation vorgenommen wurde;<\/li>\n<li>der Zimmertyp;<\/li>\n<li>die Anzahl der Personen im Raum und deren Alter;<\/li>\n<li>Aufenthaltsdaten;<\/li>\n<li>der gefundene Tarif.<\/li>\n<\/ul>\n<p>Das Atl\u00e2ntida Mar Hotel ber\u00fccksichtigt den niedrigsten verf\u00fcgbaren Preis f\u00fcr denselben Zimmertyp, die gleiche Anzahl an Personen mit demselben Alter im Zimmer und denselben Aufenthaltsdaten und derselben Aufenthaltsdauer und bietet einen Rabatt von 5 % f\u00fcr jede Nacht, f\u00fcr die der niedrigere Preis gefunden wurde. oder 5 % Rabatt auf die Gesamtsumme der gefundenen Buchung, sofern diese nicht nach Tagen aufgeschl\u00fcsselt ist.<\/p>\n<p style=\"text-align: center;\"><strong>G\u00e4sten, die direkt hier buchen, versprechen wir den besten Zimmerpreis.<\/strong><br \/>\n<strong>Finden Sie einen besseren Preis und wir schlagen ihn garantiert.<\/strong><\/p>\n<h3 style=\"text-align: center;\">Sie k\u00f6nnen auch m\u00f6gen<\/h3>\n<\/div><\/div><\/div><\/div><\/div><\/div><\/div><\/section><section class=\"l-section wpb_row height_custom\"><div class=\"l-section-h i-cf\"><div class=\"g-cols vc_row via_flex valign_top type_default stacking_default\"><div class=\"vc_col-sm-4 wpb_column vc_column_container\"><div class=\"vc_column-inner\"><div class=\"wpb_wrapper\"><div class=\"w-image has_ratio align_center\"><div class=\"w-image-h\"><div style=\"padding-bottom:56.25%\"><\/div><img width=\"1024\" height=\"683\" src=\"https:\/\/atlantidamarhotel.com\/wp-content\/uploads\/2023\/06\/hotel-aparthotel-quarto-bedroom-zimmer-azores-terceira-island-ilha-hall-superior-1024x683.jpg\" class=\"attachment-large size-large\" alt=\"\" decoding=\"async\" loading=\"lazy\" srcset=\"https:\/\/atlantidamarhotel.com\/wp-content\/uploads\/2023\/06\/hotel-aparthotel-quarto-bedroom-zimmer-azores-terceira-island-ilha-hall-superior-1024x683.jpg 1024w, https:\/\/atlantidamarhotel.com\/wp-content\/uploads\/2023\/06\/hotel-aparthotel-quarto-bedroom-zimmer-azores-terceira-island-ilha-hall-superior-300x200.jpg 300w, https:\/\/atlantidamarhotel.com\/wp-content\/uploads\/2023\/06\/hotel-aparthotel-quarto-bedroom-zimmer-azores-terceira-island-ilha-hall-superior.jpg 1710w\" sizes=\"(max-width: 1024px) 100vw, 1024px\" \/><\/div><\/div><div class=\"w-separator size_small\"><\/div><div class=\"wpb_text_column\"><div class=\"wpb_wrapper\"><h5 style=\"text-align: center;\">DIREKTES BUCHUNGSANGEBOT<\/h5>\n<p style=\"text-align: center;\">Direktes Buchungsangebot auf unserer website, bis zu 10% rabatt \u2026<\/p>\n<\/div><\/div><div class=\"w-separator size_small\"><\/div><div class=\"w-btn-wrapper align_center\"><a class=\"w-btn us-btn-style_1\" title=\"DIREKTES BUCHUNGSANGEBOT\" href=\"https:\/\/atlantidamarhotel.com\/de\/sonderangebote\/direktbuchungsfoerderung\/\"><span class=\"w-btn-label\">entdecken<\/span><\/a><\/div><\/div><\/div><\/div><div class=\"vc_col-sm-4 wpb_column vc_column_container\"><div class=\"vc_column-inner\"><div class=\"wpb_wrapper\"><div class=\"w-image has_ratio align_center\"><div class=\"w-image-h\"><div style=\"padding-bottom:56.25%\"><\/div><img width=\"1024\" height=\"682\" src=\"https:\/\/atlantidamarhotel.com\/wp-content\/uploads\/2023\/06\/hotel-aparthotel-azores-terceira-island-ilha-atlantida-mar-quarto-room-zimmer-romance-1024x682.jpg\" class=\"attachment-large size-large\" alt=\"\" decoding=\"async\" loading=\"lazy\" srcset=\"https:\/\/atlantidamarhotel.com\/wp-content\/uploads\/2023\/06\/hotel-aparthotel-azores-terceira-island-ilha-atlantida-mar-quarto-room-zimmer-romance-1024x682.jpg 1024w, https:\/\/atlantidamarhotel.com\/wp-content\/uploads\/2023\/06\/hotel-aparthotel-azores-terceira-island-ilha-atlantida-mar-quarto-room-zimmer-romance-300x200.jpg 300w, https:\/\/atlantidamarhotel.com\/wp-content\/uploads\/2023\/06\/hotel-aparthotel-azores-terceira-island-ilha-atlantida-mar-quarto-room-zimmer-romance.jpg 1733w\" sizes=\"(max-width: 1024px) 100vw, 1024px\" \/><\/div><\/div><div class=\"w-separator size_small\"><\/div><div class=\"wpb_text_column\"><div class=\"wpb_wrapper\"><h5 style=\"text-align: center;\">ROMANTISCHES ENTRINNEN<\/h5>\n<p style=\"text-align: center;\">Das Atl\u00e2ntida Mar Hotel ermoeglicht Ihnen etwas ganz Spezielles, naemlich das Reservieren einer \u201eROMANTIC ESCAPE\u201c\u2026<\/p>\n<\/div><\/div><div class=\"w-separator size_small\"><\/div><div class=\"w-btn-wrapper align_center\"><a class=\"w-btn us-btn-style_1\" title=\"ROMANTISCHES ENTRINNEN\" href=\"https:\/\/atlantidamarhotel.com\/de\/sonderangebote\/romantische-flucht\/\"><span class=\"w-btn-label\">entdecken<\/span><\/a><\/div><\/div><\/div><\/div><div class=\"vc_col-sm-4 wpb_column vc_column_container\"><div class=\"vc_column-inner\"><div class=\"wpb_wrapper\"><div class=\"w-image has_ratio align_center\"><div class=\"w-image-h\"><div style=\"padding-bottom:56.25%\"><\/div><img width=\"1024\" height=\"683\" src=\"https:\/\/atlantidamarhotel.com\/wp-content\/uploads\/2021\/11\/hotel-aparthotel-quarto-bedroom-zimmer-azores-terceira-island-ilha-suite-duplex-sea-mar-cama-bed-1024x683.jpg\" class=\"attachment-large size-large\" alt=\"\" decoding=\"async\" loading=\"lazy\" srcset=\"https:\/\/atlantidamarhotel.com\/wp-content\/uploads\/2021\/11\/hotel-aparthotel-quarto-bedroom-zimmer-azores-terceira-island-ilha-suite-duplex-sea-mar-cama-bed-1024x683.jpg 1024w, https:\/\/atlantidamarhotel.com\/wp-content\/uploads\/2021\/11\/hotel-aparthotel-quarto-bedroom-zimmer-azores-terceira-island-ilha-suite-duplex-sea-mar-cama-bed-300x200.jpg 300w, https:\/\/atlantidamarhotel.com\/wp-content\/uploads\/2021\/11\/hotel-aparthotel-quarto-bedroom-zimmer-azores-terceira-island-ilha-suite-duplex-sea-mar-cama-bed.jpg 1846w\" sizes=\"(max-width: 1024px) 100vw, 1024px\" \/><\/div><\/div><div class=\"w-separator size_small\"><\/div><div class=\"wpb_text_column\"><div class=\"wpb_wrapper\"><h5 style=\"text-align: center;\">KOSTENLOSES UPGRADE<\/h5>\n<p style=\"text-align: center;\">Profitieren Sie von diesem tollen Angebot und goennen Sie sich einen unvergesslichen Aufenthalt im Atl\u00e2ntida Mar Hotel!\u2026<\/p>\n<\/div><\/div><div class=\"w-separator size_small\"><\/div><div class=\"w-btn-wrapper align_center\"><a class=\"w-btn us-btn-style_1\" title=\"KOSTENLOSES UPGRADE\" href=\"https:\/\/atlantidamarhotel.com\/de\/sonderangebote\/kostenloses-upgrade\/\"><span class=\"w-btn-label\">entdecken<\/span><\/a><\/div><\/div><\/div><\/div><\/div><\/div><\/section>\n<\/section>","protected":false},"excerpt":{"rendered":"Das Atl\u00e2ntida Mar Hotel bietet einen besseren Zimmerpreis als Sie auf anderen Reise-Websites finden, die unser Hotel anbieten. Wenn Sie irgendwo einen g\u00fcnstigeren Preis finden als den, den Sie bei der Buchung eines Zimmers auf unserer Website gefunden haben, akzeptieren wir einen niedrigeren Preis als den, den Sie gefunden haben. Damit wir den niedrigsten Preis...","protected":false},"author":1,"featured_media":6278,"parent":1664,"menu_order":0,"comment_status":"closed","ping_status":"closed","template":"","meta":{"_monsterinsights_skip_tracking":false,"_monsterinsights_sitenote_active":false,"_monsterinsights_sitenote_note":"","_monsterinsights_sitenote_category":0},"acf":[],"yoast_head":"<!-- This site is optimized with the Yoast SEO plugin v20.12 - https:\/\/yoast.com\/wordpress\/plugins\/seo\/ -->\n<title>Nicht erstattbarer Preis - Atl\u00e2ntida Mar Hotel<\/title>\n<meta name=\"description\" content=\"Buchen Sie direkt beim Atlantida Mar Hotel, um die besten Zimmerpreise zu erhalten. Haben Sie woanders einen besseren Preis gefunden? Wir verrechnen den Betrag und gew\u00e4hren zus\u00e4tzlich 5 % Rabatt. Erleben Sie Luxus f\u00fcr weniger Geld.\" \/>\n<meta name=\"robots\" content=\"index, follow, max-snippet:-1, max-image-preview:large, max-video-preview:-1\" \/>\n<link rel=\"canonical\" href=\"https:\/\/atlantidamarhotel.com\/de\/sonderangebote\/nicht-erstattbarer-preis\/\" \/>\n<meta property=\"og:locale\" content=\"de_DE\" \/>\n<meta property=\"og:type\" content=\"article\" \/>\n<meta property=\"og:title\" content=\"Nicht erstattbarer Preis - Atl\u00e2ntida Mar Hotel\" \/>\n<meta property=\"og:description\" content=\"Buchen Sie direkt beim Atlantida Mar Hotel, um die besten Zimmerpreise zu erhalten. Haben Sie woanders einen besseren Preis gefunden? Wir verrechnen den Betrag und gew\u00e4hren zus\u00e4tzlich 5 % Rabatt. Erleben Sie Luxus f\u00fcr weniger Geld.\" \/>\n<meta property=\"og:url\" content=\"https:\/\/atlantidamarhotel.com\/de\/sonderangebote\/nicht-erstattbarer-preis\/\" \/>\n<meta property=\"og:site_name\" content=\"Atl\u00e2ntida Mar Hotel\" \/>\n<meta property=\"article:publisher\" content=\"https:\/\/www.facebook.com\/AtlantidaMarHotel\/\" \/>\n<meta property=\"article:modified_time\" content=\"2023-06-30T13:35:21+00:00\" \/>\n<meta property=\"og:image\" content=\"https:\/\/atlantidamarhotel.com\/wp-content\/uploads\/2023\/06\/hotel-aparthotel-azores-terceira-island-ilha-atlantida-mar-piscina-pool-exterior-relax-esplanada.jpg\" \/>\n\t<meta property=\"og:image:width\" content=\"1661\" \/>\n\t<meta property=\"og:image:height\" content=\"1107\" \/>\n\t<meta property=\"og:image:type\" content=\"image\/jpeg\" \/>\n<meta name=\"twitter:card\" content=\"summary_large_image\" \/>\n<meta name=\"twitter:label1\" content=\"Gesch\u00e4tzte Lesezeit\" \/>\n\t<meta name=\"twitter:data1\" content=\"2\u00a0Minuten\" \/>\n<script type=\"application\/ld+json\" class=\"yoast-schema-graph\">{\"@context\":\"https:\/\/schema.org\",\"@graph\":[{\"@type\":\"WebPage\",\"@id\":\"https:\/\/atlantidamarhotel.com\/de\/sonderangebote\/nicht-erstattbarer-preis\/\",\"url\":\"https:\/\/atlantidamarhotel.com\/de\/sonderangebote\/nicht-erstattbarer-preis\/\",\"name\":\"Nicht erstattbarer Preis - Atl\u00e2ntida Mar Hotel\",\"isPartOf\":{\"@id\":\"https:\/\/atlantidamarhotel.com\/de\/#website\"},\"datePublished\":\"2017-01-19T19:21:35+00:00\",\"dateModified\":\"2023-06-30T13:35:21+00:00\",\"description\":\"Buchen Sie direkt beim Atlantida Mar Hotel, um die besten Zimmerpreise zu erhalten. Haben Sie woanders einen besseren Preis gefunden? Wir verrechnen den Betrag und gew\u00e4hren zus\u00e4tzlich 5 % Rabatt. Erleben Sie Luxus f\u00fcr weniger Geld.\",\"breadcrumb\":{\"@id\":\"https:\/\/atlantidamarhotel.com\/de\/sonderangebote\/nicht-erstattbarer-preis\/#breadcrumb\"},\"inLanguage\":\"de\",\"potentialAction\":[{\"@type\":\"ReadAction\",\"target\":[\"https:\/\/atlantidamarhotel.com\/de\/sonderangebote\/nicht-erstattbarer-preis\/\"]}]},{\"@type\":\"BreadcrumbList\",\"@id\":\"https:\/\/atlantidamarhotel.com\/de\/sonderangebote\/nicht-erstattbarer-preis\/#breadcrumb\",\"itemListElement\":[{\"@type\":\"ListItem\",\"position\":1,\"name\":\"Home\",\"item\":\"https:\/\/atlantidamarhotel.com\/de\/\"},{\"@type\":\"ListItem\",\"position\":2,\"name\":\"Sonderangebote\",\"item\":\"https:\/\/atlantidamarhotel.com\/de\/sonderangebote\/\"},{\"@type\":\"ListItem\",\"position\":3,\"name\":\"Nicht erstattbarer Preis\"}]},{\"@type\":\"WebSite\",\"@id\":\"https:\/\/atlantidamarhotel.com\/de\/#website\",\"url\":\"https:\/\/atlantidamarhotel.com\/de\/\",\"name\":\"Atl\u00e2ntida Mar Hotel\",\"description\":\"Aparthotel\",\"publisher\":{\"@id\":\"https:\/\/atlantidamarhotel.com\/de\/#organization\"},\"potentialAction\":[{\"@type\":\"SearchAction\",\"target\":{\"@type\":\"EntryPoint\",\"urlTemplate\":\"https:\/\/atlantidamarhotel.com\/de\/?s={search_term_string}\"},\"query-input\":\"required name=search_term_string\"}],\"inLanguage\":\"de\"},{\"@type\":\"Organization\",\"@id\":\"https:\/\/atlantidamarhotel.com\/de\/#organization\",\"name\":\"Atl\u00e2ntida Mar Hotel\",\"url\":\"https:\/\/atlantidamarhotel.com\/de\/\",\"logo\":{\"@type\":\"ImageObject\",\"inLanguage\":\"de\",\"@id\":\"https:\/\/atlantidamarhotel.com\/de\/#\/schema\/logo\/image\/\",\"url\":\"https:\/\/atlantidamarhotel.com\/wp-content\/uploads\/2016\/12\/logo-Atlantida-mar-hotel-2.png\",\"contentUrl\":\"https:\/\/atlantidamarhotel.com\/wp-content\/uploads\/2016\/12\/logo-Atlantida-mar-hotel-2.png\",\"width\":1600,\"height\":445,\"caption\":\"Atl\u00e2ntida Mar Hotel\"},\"image\":{\"@id\":\"https:\/\/atlantidamarhotel.com\/de\/#\/schema\/logo\/image\/\"},\"sameAs\":[\"https:\/\/www.facebook.com\/AtlantidaMarHotel\/\"]}]}<\/script>\n<!-- \/ Yoast SEO plugin. -->","yoast_head_json":{"title":"Nicht erstattbarer Preis - Atl\u00e2ntida Mar Hotel","description":"Buchen Sie direkt beim Atlantida Mar Hotel, um die besten Zimmerpreise zu erhalten. Haben Sie woanders einen besseren Preis gefunden? Wir verrechnen den Betrag und gew\u00e4hren zus\u00e4tzlich 5 % Rabatt. Erleben Sie Luxus f\u00fcr weniger Geld.","robots":{"index":"index","follow":"follow","max-snippet":"max-snippet:-1","max-image-preview":"max-image-preview:large","max-video-preview":"max-video-preview:-1"},"canonical":"https:\/\/atlantidamarhotel.com\/de\/sonderangebote\/nicht-erstattbarer-preis\/","og_locale":"de_DE","og_type":"article","og_title":"Nicht erstattbarer Preis - Atl\u00e2ntida Mar Hotel","og_description":"Buchen Sie direkt beim Atlantida Mar Hotel, um die besten Zimmerpreise zu erhalten. Haben Sie woanders einen besseren Preis gefunden? Wir verrechnen den Betrag und gew\u00e4hren zus\u00e4tzlich 5 % Rabatt. Erleben Sie Luxus f\u00fcr weniger Geld.","og_url":"https:\/\/atlantidamarhotel.com\/de\/sonderangebote\/nicht-erstattbarer-preis\/","og_site_name":"Atl\u00e2ntida Mar Hotel","article_publisher":"https:\/\/www.facebook.com\/AtlantidaMarHotel\/","article_modified_time":"2023-06-30T13:35:21+00:00","og_image":[{"width":1661,"height":1107,"url":"https:\/\/atlantidamarhotel.com\/wp-content\/uploads\/2023\/06\/hotel-aparthotel-azores-terceira-island-ilha-atlantida-mar-piscina-pool-exterior-relax-esplanada.jpg","type":"image\/jpeg"}],"twitter_card":"summary_large_image","twitter_misc":{"Gesch\u00e4tzte Lesezeit":"2\u00a0Minuten"},"schema":{"@context":"https:\/\/schema.org","@graph":[{"@type":"WebPage","@id":"https:\/\/atlantidamarhotel.com\/de\/sonderangebote\/nicht-erstattbarer-preis\/","url":"https:\/\/atlantidamarhotel.com\/de\/sonderangebote\/nicht-erstattbarer-preis\/","name":"Nicht erstattbarer Preis - Atl\u00e2ntida Mar Hotel","isPartOf":{"@id":"https:\/\/atlantidamarhotel.com\/de\/#website"},"datePublished":"2017-01-19T19:21:35+00:00","dateModified":"2023-06-30T13:35:21+00:00","description":"Buchen Sie direkt beim Atlantida Mar Hotel, um die besten Zimmerpreise zu erhalten. Haben Sie woanders einen besseren Preis gefunden? Wir verrechnen den Betrag und gew\u00e4hren zus\u00e4tzlich 5 % Rabatt. Erleben Sie Luxus f\u00fcr weniger Geld.","breadcrumb":{"@id":"https:\/\/atlantidamarhotel.com\/de\/sonderangebote\/nicht-erstattbarer-preis\/#breadcrumb"},"inLanguage":"de","potentialAction":[{"@type":"ReadAction","target":["https:\/\/atlantidamarhotel.com\/de\/sonderangebote\/nicht-erstattbarer-preis\/"]}]},{"@type":"BreadcrumbList","@id":"https:\/\/atlantidamarhotel.com\/de\/sonderangebote\/nicht-erstattbarer-preis\/#breadcrumb","itemListElement":[{"@type":"ListItem","position":1,"name":"Home","item":"https:\/\/atlantidamarhotel.com\/de\/"},{"@type":"ListItem","position":2,"name":"Sonderangebote","item":"https:\/\/atlantidamarhotel.com\/de\/sonderangebote\/"},{"@type":"ListItem","position":3,"name":"Nicht erstattbarer Preis"}]},{"@type":"WebSite","@id":"https:\/\/atlantidamarhotel.com\/de\/#website","url":"https:\/\/atlantidamarhotel.com\/de\/","name":"Atl\u00e2ntida Mar Hotel","description":"Aparthotel","publisher":{"@id":"https:\/\/atlantidamarhotel.com\/de\/#organization"},"potentialAction":[{"@type":"SearchAction","target":{"@type":"EntryPoint","urlTemplate":"https:\/\/atlantidamarhotel.com\/de\/?s={search_term_string}"},"query-input":"required name=search_term_string"}],"inLanguage":"de"},{"@type":"Organization","@id":"https:\/\/atlantidamarhotel.com\/de\/#organization","name":"Atl\u00e2ntida Mar Hotel","url":"https:\/\/atlantidamarhotel.com\/de\/","logo":{"@type":"ImageObject","inLanguage":"de","@id":"https:\/\/atlantidamarhotel.com\/de\/#\/schema\/logo\/image\/","url":"https:\/\/atlantidamarhotel.com\/wp-content\/uploads\/2016\/12\/logo-Atlantida-mar-hotel-2.png","contentUrl":"https:\/\/atlantidamarhotel.com\/wp-content\/uploads\/2016\/12\/logo-Atlantida-mar-hotel-2.png","width":1600,"height":445,"caption":"Atl\u00e2ntida Mar Hotel"},"image":{"@id":"https:\/\/atlantidamarhotel.com\/de\/#\/schema\/logo\/image\/"},"sameAs":["https:\/\/www.facebook.com\/AtlantidaMarHotel\/"]}]}},"_links":{"self":[{"href":"https:\/\/atlantidamarhotel.com\/de\/wp-json\/wp\/v2\/pages\/1674"}],"collection":[{"href":"https:\/\/atlantidamarhotel.com\/de\/wp-json\/wp\/v2\/pages"}],"about":[{"href":"https:\/\/atlantidamarhotel.com\/de\/wp-json\/wp\/v2\/types\/page"}],"author":[{"embeddable":true,"href":"https:\/\/atlantidamarhotel.com\/de\/wp-json\/wp\/v2\/users\/1"}],"replies":[{"embeddable":true,"href":"https:\/\/atlantidamarhotel.com\/de\/wp-json\/wp\/v2\/comments?post=1674"}],"version-history":[{"count":14,"href":"https:\/\/atlantidamarhotel.com\/de\/wp-json\/wp\/v2\/pages\/1674\/revisions"}],"predecessor-version":[{"id":6762,"href":"https:\/\/atlantidamarhotel.com\/de\/wp-json\/wp\/v2\/pages\/1674\/revisions\/6762"}],"up":[{"embeddable":true,"href":"https:\/\/atlantidamarhotel.com\/de\/wp-json\/wp\/v2\/pages\/1664"}],"wp:featuredmedia":[{"embeddable":true,"href":"https:\/\/atlantidamarhotel.com\/de\/wp-json\/wp\/v2\/media\/6278"}],"wp:attachment":[{"href":"https:\/\/atlantidamarhotel.com\/de\/wp-json\/wp\/v2\/media?parent=1674"}],"curies":[{"name":"wp","href":"https:\/\/api.w.org\/{rel}","templated":true}]}}