{"id":1885,"date":"2017-01-19T16:39:31","date_gmt":"2017-01-19T17:39:31","guid":{"rendered":"http:\/\/www.atlantidamarhotel.pt\/rooms-suites\/"},"modified":"2023-05-29T19:48:52","modified_gmt":"2023-05-29T20:48:52","slug":"zimmer-suiten","status":"publish","type":"page","link":"https:\/\/atlantidamarhotel.com\/de\/zimmer-suiten\/","title":{"rendered":"Zimmer &#038; Suiten"},"content":{"rendered":"<section class=\"wpb-content-wrapper\"><section class=\"l-section wpb_row height_custom\"><div class=\"l-section-h i-cf\"><div class=\"g-cols vc_row via_flex valign_top type_default stacking_default\"><div class=\"vc_col-sm-12 wpb_column vc_column_container\"><div class=\"vc_column-inner\"><div class=\"wpb_wrapper\"><div class=\"wpb_text_column\"><div class=\"wpb_wrapper\"><h4 style=\"text-align: center;\">Komfort und atemberaubende Ausblicke<\/h4>\n<p>Erleben Sie einen unvergesslichen Aufenthalt in einer unserer 18 geraeumigen Junior Suiten oder Suiten, beide mit Meersicht. Diese Unterkuenfte haben grosse, private, moebelierte Terrassen auf welchen Sie in Ruhe ein Buch lesen koennen, oder aber Sie sich einfach entspannen &#8211; mit atemberaubender Meersicht, dem Rauschen des Meeres oder dem Gesang der Voegel. In den Wohneinheiten finden Sie optisch getrennte Schlaf- und Wohnbereiche, letztere mit Sofa, Kitchenette und Tisch ausgestattet.<\/p>\n<p>Als Alternative koennen Sie eines unserer 10 Standard Zimmer mit Bergblick oder Meerblick waehlen.<\/p>\n<p>All unsere Unterkuenfte bieten gut ausgestattete und moderne Badezimmer, Zimmersafe, im Zimmerpreis eingeschlossener Tee und Kaffeekocher und dazu kostenfreies high speed Internet, welches Ihnen den Komfort des eigenen Zuhauses vermittelt.<\/p>\n<\/div><\/div><\/div><\/div><\/div><\/div><\/div><\/section><section class=\"l-section wpb_row height_custom\"><div class=\"l-section-h i-cf\"><div class=\"g-cols vc_row via_flex valign_middle type_default stacking_default\"><div class=\"vc_col-sm-12 wpb_column vc_column_container\"><div class=\"vc_column-inner\"><div class=\"wpb_wrapper\"><div class=\"w-grid type_grid layout_5719 cols_3\" id=\"us_grid_1\" data-filterable=\"true\"><style>#us_grid_1 .w-grid-item{padding:1.5rem}#us_grid_1 .w-grid-list{margin:-1.5rem}.w-grid + #us_grid_1 .w-grid-list,.w-grid-none + #us_grid_1 .w-grid-list{margin-top:1.5rem}@media (max-width:899px){#us_grid_1 .w-grid-item{width:50%}}@media (max-width:599px){#us_grid_1 .w-grid-list{margin:0}#us_grid_1 .w-grid-item{width:100%;padding:0;margin-bottom:1.5rem}}.layout_5719 .w-grid-item-h{}.layout_5719 .usg_post_content_1{text-align:center!important}.layout_5719 .usg_post_title_1{margin-top:15px!important;margin-bottom:15px!important}.layout_5719 .usg_btn_1{width:100%!important;margin-top:15px!important}<\/style><div class=\"w-grid-list\">\t<article class=\"w-grid-item size_1x1 post-5632 us_portfolio type-us_portfolio status-publish has-post-thumbnail hentry\" data-id=\"5632\">\r\n\t\t<div class=\"w-grid-item-h\">\r\n\t\t\t\t\t\t<div class=\"w-post-elm post_image usg_post_image_1 has_ratio\"><div style=\"padding-bottom:56.25%\"><\/div><a href=\"https:\/\/atlantidamarhotel.com\/de\/room\/standardzimmer-mit-bergblick\/\" aria-label=\"Standardzimmer mit Bergblick\"><img width=\"300\" height=\"200\" src=\"https:\/\/atlantidamarhotel.com\/wp-content\/uploads\/2021\/12\/hotel-aparthotel-quarto-bedroom-zimmer-azores-terceira-island-ilha-starndard-mountain-montanha-cama-bed-300x200.jpg\" class=\"attachment-medium size-medium wp-post-image\" alt=\"\" decoding=\"async\" loading=\"lazy\" srcset=\"https:\/\/atlantidamarhotel.com\/wp-content\/uploads\/2021\/12\/hotel-aparthotel-quarto-bedroom-zimmer-azores-terceira-island-ilha-starndard-mountain-montanha-cama-bed-300x200.jpg 300w, https:\/\/atlantidamarhotel.com\/wp-content\/uploads\/2021\/12\/hotel-aparthotel-quarto-bedroom-zimmer-azores-terceira-island-ilha-starndard-mountain-montanha-cama-bed-1024x682.jpg 1024w, https:\/\/atlantidamarhotel.com\/wp-content\/uploads\/2021\/12\/hotel-aparthotel-quarto-bedroom-zimmer-azores-terceira-island-ilha-starndard-mountain-montanha-cama-bed.jpg 1859w\" sizes=\"(max-width: 300px) 100vw, 300px\" \/><\/a><\/div><h5 class=\"w-post-elm post_title usg_post_title_1 align_center entry-title color_link_inherit\"><a href=\"https:\/\/atlantidamarhotel.com\/de\/room\/standardzimmer-mit-bergblick\/\">Standardzimmer mit Bergblick<\/a><\/h5><div class=\"w-post-elm post_content usg_post_content_1\">Modern gestaltetes Zimmer mit 25 m\u00b2, einem kleinen Balkon mit Bergblick, einem Queensize-Bett (150 x&hellip;<\/div><a class=\"w-btn us-btn-style_1 usg_btn_1\" href=\"https:\/\/atlantidamarhotel.com\/de\/room\/standardzimmer-mit-bergblick\/\"><span class=\"w-btn-label\">mehr sehen<\/span><\/a>\t\t<\/div>\r\n\t<\/article>\r\n\t<article class=\"w-grid-item size_1x1 post-5638 us_portfolio type-us_portfolio status-publish has-post-thumbnail hentry\" data-id=\"5638\">\r\n\t\t<div class=\"w-grid-item-h\">\r\n\t\t\t\t\t\t<div class=\"w-post-elm post_image usg_post_image_1 has_ratio\"><div style=\"padding-bottom:56.25%\"><\/div><a href=\"https:\/\/atlantidamarhotel.com\/de\/room\/standardzimmer-mit-meerblick\/\" aria-label=\"Standardzimmer mit Meerblick\"><img width=\"300\" height=\"199\" src=\"https:\/\/atlantidamarhotel.com\/wp-content\/uploads\/2021\/12\/hotel-aparthotel-quarto-bedroom-zimmer-azores-terceira-island-ilha-starndard-mar-sea-cama-bed-300x199.jpg\" class=\"attachment-medium size-medium wp-post-image\" alt=\"\" decoding=\"async\" loading=\"lazy\" srcset=\"https:\/\/atlantidamarhotel.com\/wp-content\/uploads\/2021\/12\/hotel-aparthotel-quarto-bedroom-zimmer-azores-terceira-island-ilha-starndard-mar-sea-cama-bed-300x199.jpg 300w, https:\/\/atlantidamarhotel.com\/wp-content\/uploads\/2021\/12\/hotel-aparthotel-quarto-bedroom-zimmer-azores-terceira-island-ilha-starndard-mar-sea-cama-bed-1024x681.jpg 1024w, https:\/\/atlantidamarhotel.com\/wp-content\/uploads\/2021\/12\/hotel-aparthotel-quarto-bedroom-zimmer-azores-terceira-island-ilha-starndard-mar-sea-cama-bed.jpg 1853w\" sizes=\"(max-width: 300px) 100vw, 300px\" \/><\/a><\/div><h5 class=\"w-post-elm post_title usg_post_title_1 align_center entry-title color_link_inherit\"><a href=\"https:\/\/atlantidamarhotel.com\/de\/room\/standardzimmer-mit-meerblick\/\">Standardzimmer mit Meerblick<\/a><\/h5><div class=\"w-post-elm post_content usg_post_content_1\">Modern gestaltetes Zimmer mit 25\u00a0m\u00b2, einem m\u00f6blierten Balkon mit Meerblick, einem Queensize-Bett (150\u00a0x\u00a0200\u00a0cm), kostenfreiem WLAN,&hellip;<\/div><a class=\"w-btn us-btn-style_1 usg_btn_1\" href=\"https:\/\/atlantidamarhotel.com\/de\/room\/standardzimmer-mit-meerblick\/\"><span class=\"w-btn-label\">mehr sehen<\/span><\/a>\t\t<\/div>\r\n\t<\/article>\r\n\t<article class=\"w-grid-item size_1x1 post-5642 us_portfolio type-us_portfolio status-publish has-post-thumbnail hentry\" data-id=\"5642\">\r\n\t\t<div class=\"w-grid-item-h\">\r\n\t\t\t\t\t\t<div class=\"w-post-elm post_image usg_post_image_1 has_ratio\"><div style=\"padding-bottom:56.25%\"><\/div><a href=\"https:\/\/atlantidamarhotel.com\/de\/room\/junior-suite-mit-meerblick\/\" aria-label=\"Junior Suite mit Meerblick\"><img width=\"300\" height=\"199\" src=\"https:\/\/atlantidamarhotel.com\/wp-content\/uploads\/2021\/12\/hotel-aparthotel-quarto-bedroom-zimmer-azores-terceira-island-ilha-suite-junior-sea-mar-cama-bed-300x199.jpg\" class=\"attachment-medium size-medium wp-post-image\" alt=\"\" decoding=\"async\" loading=\"lazy\" srcset=\"https:\/\/atlantidamarhotel.com\/wp-content\/uploads\/2021\/12\/hotel-aparthotel-quarto-bedroom-zimmer-azores-terceira-island-ilha-suite-junior-sea-mar-cama-bed-300x199.jpg 300w, https:\/\/atlantidamarhotel.com\/wp-content\/uploads\/2021\/12\/hotel-aparthotel-quarto-bedroom-zimmer-azores-terceira-island-ilha-suite-junior-sea-mar-cama-bed-1024x681.jpg 1024w, https:\/\/atlantidamarhotel.com\/wp-content\/uploads\/2021\/12\/hotel-aparthotel-quarto-bedroom-zimmer-azores-terceira-island-ilha-suite-junior-sea-mar-cama-bed.jpg 1810w\" sizes=\"(max-width: 300px) 100vw, 300px\" \/><\/a><\/div><h5 class=\"w-post-elm post_title usg_post_title_1 align_center entry-title color_link_inherit\"><a href=\"https:\/\/atlantidamarhotel.com\/de\/room\/junior-suite-mit-meerblick\/\">Junior Suite mit Meerblick<\/a><\/h5><div class=\"w-post-elm post_content usg_post_content_1\">Gut ausgestattete, ger\u00e4umige und komfortable Junior-Suite mit 42\u00a0m\u00b2 und einem gro\u00dfen, privaten und m\u00f6blierten Panoramabalkon&hellip;<\/div><a class=\"w-btn us-btn-style_1 usg_btn_1\" href=\"https:\/\/atlantidamarhotel.com\/de\/room\/junior-suite-mit-meerblick\/\"><span class=\"w-btn-label\">mehr sehen<\/span><\/a>\t\t<\/div>\r\n\t<\/article>\r\n\t<article class=\"w-grid-item size_1x1 post-5646 us_portfolio type-us_portfolio status-publish has-post-thumbnail hentry\" data-id=\"5646\">\r\n\t\t<div class=\"w-grid-item-h\">\r\n\t\t\t\t\t\t<div class=\"w-post-elm post_image usg_post_image_1 has_ratio\"><div style=\"padding-bottom:56.25%\"><\/div><a href=\"https:\/\/atlantidamarhotel.com\/de\/room\/suite-mit-meerblick\/\" aria-label=\"Suite mit Meerblick\"><img width=\"300\" height=\"200\" src=\"https:\/\/atlantidamarhotel.com\/wp-content\/uploads\/2021\/12\/hotel-aparthotel-quarto-bedroom-zimmer-azores-terceira-island-ilha-suite-sea-mar-bed-cama-300x200.jpg\" class=\"attachment-medium size-medium wp-post-image\" alt=\"\" decoding=\"async\" loading=\"lazy\" srcset=\"https:\/\/atlantidamarhotel.com\/wp-content\/uploads\/2021\/12\/hotel-aparthotel-quarto-bedroom-zimmer-azores-terceira-island-ilha-suite-sea-mar-bed-cama-300x200.jpg 300w, https:\/\/atlantidamarhotel.com\/wp-content\/uploads\/2021\/12\/hotel-aparthotel-quarto-bedroom-zimmer-azores-terceira-island-ilha-suite-sea-mar-bed-cama-1024x683.jpg 1024w, https:\/\/atlantidamarhotel.com\/wp-content\/uploads\/2021\/12\/hotel-aparthotel-quarto-bedroom-zimmer-azores-terceira-island-ilha-suite-sea-mar-bed-cama.jpg 1851w\" sizes=\"(max-width: 300px) 100vw, 300px\" \/><\/a><\/div><h5 class=\"w-post-elm post_title usg_post_title_1 align_center entry-title color_link_inherit\"><a href=\"https:\/\/atlantidamarhotel.com\/de\/room\/suite-mit-meerblick\/\">Suite mit Meerblick<\/a><\/h5><div class=\"w-post-elm post_content usg_post_content_1\">Gut ausgestattete, ger\u00e4umige und komfortable Suite mit 60 m\u00b2, gro\u00dfen Fenstern, die bis zum Horizont&hellip;<\/div><a class=\"w-btn us-btn-style_1 usg_btn_1\" href=\"https:\/\/atlantidamarhotel.com\/de\/room\/suite-mit-meerblick\/\"><span class=\"w-btn-label\">mehr sehen<\/span><\/a>\t\t<\/div>\r\n\t<\/article>\r\n\t<article class=\"w-grid-item size_1x1 post-5650 us_portfolio type-us_portfolio status-publish has-post-thumbnail hentry\" data-id=\"5650\">\r\n\t\t<div class=\"w-grid-item-h\">\r\n\t\t\t\t\t\t<div class=\"w-post-elm post_image usg_post_image_1 has_ratio\"><div style=\"padding-bottom:56.25%\"><\/div><a href=\"https:\/\/atlantidamarhotel.com\/de\/room\/duplex-suite-mit-meerblick\/\" aria-label=\"Duplex-Suite mit Meerblick\"><img width=\"300\" height=\"200\" src=\"https:\/\/atlantidamarhotel.com\/wp-content\/uploads\/2021\/11\/hotel-aparthotel-quarto-bedroom-zimmer-azores-terceira-island-ilha-suite-duplex-sea-mar-cama-bed-300x200.jpg\" class=\"attachment-medium size-medium wp-post-image\" alt=\"\" decoding=\"async\" loading=\"lazy\" srcset=\"https:\/\/atlantidamarhotel.com\/wp-content\/uploads\/2021\/11\/hotel-aparthotel-quarto-bedroom-zimmer-azores-terceira-island-ilha-suite-duplex-sea-mar-cama-bed-300x200.jpg 300w, https:\/\/atlantidamarhotel.com\/wp-content\/uploads\/2021\/11\/hotel-aparthotel-quarto-bedroom-zimmer-azores-terceira-island-ilha-suite-duplex-sea-mar-cama-bed-1024x683.jpg 1024w, https:\/\/atlantidamarhotel.com\/wp-content\/uploads\/2021\/11\/hotel-aparthotel-quarto-bedroom-zimmer-azores-terceira-island-ilha-suite-duplex-sea-mar-cama-bed.jpg 1846w\" sizes=\"(max-width: 300px) 100vw, 300px\" \/><\/a><\/div><h5 class=\"w-post-elm post_title usg_post_title_1 align_center entry-title color_link_inherit\"><a href=\"https:\/\/atlantidamarhotel.com\/de\/room\/duplex-suite-mit-meerblick\/\">Duplex-Suite mit Meerblick<\/a><\/h5><div class=\"w-post-elm post_content usg_post_content_1\">Gut ausgestattete, sehr ger\u00e4umige und komfortable Maisonette-Suite mit 82 m\u00b2, zwei m\u00f6blierten Panoramabalkonen und spektakul\u00e4rem&hellip;<\/div><a class=\"w-btn us-btn-style_1 usg_btn_1\" href=\"https:\/\/atlantidamarhotel.com\/de\/room\/duplex-suite-mit-meerblick\/\"><span class=\"w-btn-label\">mehr sehen<\/span><\/a>\t\t<\/div>\r\n\t<\/article>\r\n<\/div><div class=\"w-grid-preloader\"><div class=\"g-preloader type_1\">\r\n\t<div><\/div>\r\n<\/div>\r\n<\/div>\t<div class=\"w-grid-json hidden\" onclick='return {&quot;action&quot;:&quot;us_ajax_grid&quot;,&quot;ajax_url&quot;:&quot;https:\\\/\\\/atlantidamarhotel.com\\\/wp-admin\\\/admin-ajax.php&quot;,&quot;infinite_scroll&quot;:0,&quot;max_num_pages&quot;:1,&quot;pagination&quot;:&quot;none&quot;,&quot;permalink_url&quot;:&quot;https:\\\/\\\/atlantidamarhotel.com\\\/de\\\/wp-json\\\/wp\\\/v2\\\/pages\\\/1885\\\/&quot;,&quot;template_vars&quot;:{&quot;columns&quot;:&quot;3&quot;,&quot;exclude_items&quot;:&quot;none&quot;,&quot;img_size&quot;:&quot;default&quot;,&quot;ignore_items_size&quot;:0,&quot;items_layout&quot;:&quot;5719&quot;,&quot;items_offset&quot;:&quot;1&quot;,&quot;load_animation&quot;:&quot;none&quot;,&quot;overriding_link&quot;:&quot;none&quot;,&quot;post_id&quot;:1885,&quot;query_args&quot;:{&quot;post_type&quot;:[&quot;us_portfolio&quot;],&quot;post_status&quot;:[&quot;publish&quot;,&quot;acf-disabled&quot;],&quot;posts_per_page&quot;:&quot;50&quot;},&quot;orderby_query_args&quot;:{&quot;orderby&quot;:{&quot;date&quot;:&quot;DESC&quot;}},&quot;type&quot;:&quot;grid&quot;,&quot;us_grid_ajax_index&quot;:1,&quot;us_grid_filter_params&quot;:null,&quot;us_grid_index&quot;:1,&quot;_us_grid_post_type&quot;:&quot;us_portfolio&quot;,&quot;lang&quot;:&quot;de&quot;}}'><\/div>\r\n\t<\/div><\/div><\/div><\/div><\/div><\/div><\/section>\n<\/section>","protected":false},"excerpt":{"rendered":"Gut ausgestattete, sehr ger\u00e4umige und komfortable Maisonette-Suite mit 82 m\u00b2, zwei m\u00f6blierten Panoramabalkonen und spektakul\u00e4rem Meerblick. Diese Suite verf\u00fcgt \u00fcber ein Schlafzimmer mit 1 Kingsize-Bett (200 x 200 cm) oder 2 Einzelbetten (100 x 200 cm) und im Obergeschoss einen gro\u00dfen Wohnbereich mit Schlafsofa, Tisch und einer voll ausgestatteten K\u00fcchenzeile mit Mikrowelle. Au\u00dferdem verf\u00fcgt es...","protected":false},"author":1,"featured_media":6125,"parent":0,"menu_order":0,"comment_status":"closed","ping_status":"closed","template":"","meta":{"_monsterinsights_skip_tracking":false,"_monsterinsights_sitenote_active":false,"_monsterinsights_sitenote_note":"","_monsterinsights_sitenote_category":0},"acf":[],"yoast_head":"<!-- This site is optimized with the Yoast SEO plugin v20.12 - https:\/\/yoast.com\/wordpress\/plugins\/seo\/ -->\n<title>Zimmer &amp; Suiten - Atl\u00e2ntida Mar Hotel<\/title>\n<meta name=\"description\" content=\"Genie\u00dfen Sie unvergessliche Aufenthalte in unseren ger\u00e4umigen Suiten mit eigenem Balkon, atemberaubendem Meerblick und separaten Wohnbereichen. Alternativ k\u00f6nnen Sie unsere Standardzimmer mit Meer- oder Bergblick w\u00e4hlen. Alle Zimmer verf\u00fcgen \u00fcber moderne Annehmlichkeiten und Highspeed-Internet.\" \/>\n<meta name=\"robots\" content=\"index, follow, max-snippet:-1, max-image-preview:large, max-video-preview:-1\" \/>\n<link rel=\"canonical\" href=\"https:\/\/atlantidamarhotel.com\/de\/zimmer-suiten\/\" \/>\n<meta property=\"og:locale\" content=\"de_DE\" \/>\n<meta property=\"og:type\" content=\"article\" \/>\n<meta property=\"og:title\" content=\"Zimmer &amp; Suiten - Atl\u00e2ntida Mar Hotel\" \/>\n<meta property=\"og:description\" content=\"Genie\u00dfen Sie unvergessliche Aufenthalte in unseren ger\u00e4umigen Suiten mit eigenem Balkon, atemberaubendem Meerblick und separaten Wohnbereichen. Alternativ k\u00f6nnen Sie unsere Standardzimmer mit Meer- oder Bergblick w\u00e4hlen. Alle Zimmer verf\u00fcgen \u00fcber moderne Annehmlichkeiten und Highspeed-Internet.\" \/>\n<meta property=\"og:url\" content=\"https:\/\/atlantidamarhotel.com\/de\/zimmer-suiten\/\" \/>\n<meta property=\"og:site_name\" content=\"Atl\u00e2ntida Mar Hotel\" \/>\n<meta property=\"article:publisher\" content=\"https:\/\/www.facebook.com\/AtlantidaMarHotel\/\" \/>\n<meta property=\"article:modified_time\" content=\"2023-05-29T20:48:52+00:00\" \/>\n<meta property=\"og:image\" content=\"https:\/\/atlantidamarhotel.com\/wp-content\/uploads\/2019\/01\/atlantida-mar-hotel-acores-azores-praia-da-vitoria-cama-suite-junior.jpg\" \/>\n\t<meta property=\"og:image:width\" content=\"1800\" \/>\n\t<meta property=\"og:image:height\" content=\"1200\" \/>\n\t<meta property=\"og:image:type\" content=\"image\/jpeg\" \/>\n<meta name=\"twitter:card\" content=\"summary_large_image\" \/>\n<meta name=\"twitter:label1\" content=\"Gesch\u00e4tzte Lesezeit\" \/>\n\t<meta name=\"twitter:data1\" content=\"1\u00a0Minute\" \/>\n<script type=\"application\/ld+json\" class=\"yoast-schema-graph\">{\"@context\":\"https:\/\/schema.org\",\"@graph\":[{\"@type\":\"WebPage\",\"@id\":\"https:\/\/atlantidamarhotel.com\/de\/zimmer-suiten\/\",\"url\":\"https:\/\/atlantidamarhotel.com\/de\/zimmer-suiten\/\",\"name\":\"Zimmer & Suiten - Atl\u00e2ntida Mar Hotel\",\"isPartOf\":{\"@id\":\"https:\/\/atlantidamarhotel.com\/de\/#website\"},\"datePublished\":\"2017-01-19T17:39:31+00:00\",\"dateModified\":\"2023-05-29T20:48:52+00:00\",\"description\":\"Genie\u00dfen Sie unvergessliche Aufenthalte in unseren ger\u00e4umigen Suiten mit eigenem Balkon, atemberaubendem Meerblick und separaten Wohnbereichen. Alternativ k\u00f6nnen Sie unsere Standardzimmer mit Meer- oder Bergblick w\u00e4hlen. Alle Zimmer verf\u00fcgen \u00fcber moderne Annehmlichkeiten und Highspeed-Internet.\",\"breadcrumb\":{\"@id\":\"https:\/\/atlantidamarhotel.com\/de\/zimmer-suiten\/#breadcrumb\"},\"inLanguage\":\"de\",\"potentialAction\":[{\"@type\":\"ReadAction\",\"target\":[\"https:\/\/atlantidamarhotel.com\/de\/zimmer-suiten\/\"]}]},{\"@type\":\"BreadcrumbList\",\"@id\":\"https:\/\/atlantidamarhotel.com\/de\/zimmer-suiten\/#breadcrumb\",\"itemListElement\":[{\"@type\":\"ListItem\",\"position\":1,\"name\":\"Home\",\"item\":\"https:\/\/atlantidamarhotel.com\/de\/\"},{\"@type\":\"ListItem\",\"position\":2,\"name\":\"Zimmer &#038; Suiten\"}]},{\"@type\":\"WebSite\",\"@id\":\"https:\/\/atlantidamarhotel.com\/de\/#website\",\"url\":\"https:\/\/atlantidamarhotel.com\/de\/\",\"name\":\"Atl\u00e2ntida Mar Hotel\",\"description\":\"Aparthotel\",\"publisher\":{\"@id\":\"https:\/\/atlantidamarhotel.com\/de\/#organization\"},\"potentialAction\":[{\"@type\":\"SearchAction\",\"target\":{\"@type\":\"EntryPoint\",\"urlTemplate\":\"https:\/\/atlantidamarhotel.com\/de\/?s={search_term_string}\"},\"query-input\":\"required name=search_term_string\"}],\"inLanguage\":\"de\"},{\"@type\":\"Organization\",\"@id\":\"https:\/\/atlantidamarhotel.com\/de\/#organization\",\"name\":\"Atl\u00e2ntida Mar Hotel\",\"url\":\"https:\/\/atlantidamarhotel.com\/de\/\",\"logo\":{\"@type\":\"ImageObject\",\"inLanguage\":\"de\",\"@id\":\"https:\/\/atlantidamarhotel.com\/de\/#\/schema\/logo\/image\/\",\"url\":\"https:\/\/atlantidamarhotel.com\/wp-content\/uploads\/2016\/12\/logo-Atlantida-mar-hotel-2.png\",\"contentUrl\":\"https:\/\/atlantidamarhotel.com\/wp-content\/uploads\/2016\/12\/logo-Atlantida-mar-hotel-2.png\",\"width\":1600,\"height\":445,\"caption\":\"Atl\u00e2ntida Mar Hotel\"},\"image\":{\"@id\":\"https:\/\/atlantidamarhotel.com\/de\/#\/schema\/logo\/image\/\"},\"sameAs\":[\"https:\/\/www.facebook.com\/AtlantidaMarHotel\/\"]}]}<\/script>\n<!-- \/ Yoast SEO plugin. -->","yoast_head_json":{"title":"Zimmer & Suiten - Atl\u00e2ntida Mar Hotel","description":"Genie\u00dfen Sie unvergessliche Aufenthalte in unseren ger\u00e4umigen Suiten mit eigenem Balkon, atemberaubendem Meerblick und separaten Wohnbereichen. Alternativ k\u00f6nnen Sie unsere Standardzimmer mit Meer- oder Bergblick w\u00e4hlen. Alle Zimmer verf\u00fcgen \u00fcber moderne Annehmlichkeiten und Highspeed-Internet.","robots":{"index":"index","follow":"follow","max-snippet":"max-snippet:-1","max-image-preview":"max-image-preview:large","max-video-preview":"max-video-preview:-1"},"canonical":"https:\/\/atlantidamarhotel.com\/de\/zimmer-suiten\/","og_locale":"de_DE","og_type":"article","og_title":"Zimmer & Suiten - Atl\u00e2ntida Mar Hotel","og_description":"Genie\u00dfen Sie unvergessliche Aufenthalte in unseren ger\u00e4umigen Suiten mit eigenem Balkon, atemberaubendem Meerblick und separaten Wohnbereichen. Alternativ k\u00f6nnen Sie unsere Standardzimmer mit Meer- oder Bergblick w\u00e4hlen. Alle Zimmer verf\u00fcgen \u00fcber moderne Annehmlichkeiten und Highspeed-Internet.","og_url":"https:\/\/atlantidamarhotel.com\/de\/zimmer-suiten\/","og_site_name":"Atl\u00e2ntida Mar Hotel","article_publisher":"https:\/\/www.facebook.com\/AtlantidaMarHotel\/","article_modified_time":"2023-05-29T20:48:52+00:00","og_image":[{"width":1800,"height":1200,"url":"https:\/\/atlantidamarhotel.com\/wp-content\/uploads\/2019\/01\/atlantida-mar-hotel-acores-azores-praia-da-vitoria-cama-suite-junior.jpg","type":"image\/jpeg"}],"twitter_card":"summary_large_image","twitter_misc":{"Gesch\u00e4tzte Lesezeit":"1\u00a0Minute"},"schema":{"@context":"https:\/\/schema.org","@graph":[{"@type":"WebPage","@id":"https:\/\/atlantidamarhotel.com\/de\/zimmer-suiten\/","url":"https:\/\/atlantidamarhotel.com\/de\/zimmer-suiten\/","name":"Zimmer & Suiten - Atl\u00e2ntida Mar Hotel","isPartOf":{"@id":"https:\/\/atlantidamarhotel.com\/de\/#website"},"datePublished":"2017-01-19T17:39:31+00:00","dateModified":"2023-05-29T20:48:52+00:00","description":"Genie\u00dfen Sie unvergessliche Aufenthalte in unseren ger\u00e4umigen Suiten mit eigenem Balkon, atemberaubendem Meerblick und separaten Wohnbereichen. Alternativ k\u00f6nnen Sie unsere Standardzimmer mit Meer- oder Bergblick w\u00e4hlen. Alle Zimmer verf\u00fcgen \u00fcber moderne Annehmlichkeiten und Highspeed-Internet.","breadcrumb":{"@id":"https:\/\/atlantidamarhotel.com\/de\/zimmer-suiten\/#breadcrumb"},"inLanguage":"de","potentialAction":[{"@type":"ReadAction","target":["https:\/\/atlantidamarhotel.com\/de\/zimmer-suiten\/"]}]},{"@type":"BreadcrumbList","@id":"https:\/\/atlantidamarhotel.com\/de\/zimmer-suiten\/#breadcrumb","itemListElement":[{"@type":"ListItem","position":1,"name":"Home","item":"https:\/\/atlantidamarhotel.com\/de\/"},{"@type":"ListItem","position":2,"name":"Zimmer &#038; Suiten"}]},{"@type":"WebSite","@id":"https:\/\/atlantidamarhotel.com\/de\/#website","url":"https:\/\/atlantidamarhotel.com\/de\/","name":"Atl\u00e2ntida Mar Hotel","description":"Aparthotel","publisher":{"@id":"https:\/\/atlantidamarhotel.com\/de\/#organization"},"potentialAction":[{"@type":"SearchAction","target":{"@type":"EntryPoint","urlTemplate":"https:\/\/atlantidamarhotel.com\/de\/?s={search_term_string}"},"query-input":"required name=search_term_string"}],"inLanguage":"de"},{"@type":"Organization","@id":"https:\/\/atlantidamarhotel.com\/de\/#organization","name":"Atl\u00e2ntida Mar Hotel","url":"https:\/\/atlantidamarhotel.com\/de\/","logo":{"@type":"ImageObject","inLanguage":"de","@id":"https:\/\/atlantidamarhotel.com\/de\/#\/schema\/logo\/image\/","url":"https:\/\/atlantidamarhotel.com\/wp-content\/uploads\/2016\/12\/logo-Atlantida-mar-hotel-2.png","contentUrl":"https:\/\/atlantidamarhotel.com\/wp-content\/uploads\/2016\/12\/logo-Atlantida-mar-hotel-2.png","width":1600,"height":445,"caption":"Atl\u00e2ntida Mar Hotel"},"image":{"@id":"https:\/\/atlantidamarhotel.com\/de\/#\/schema\/logo\/image\/"},"sameAs":["https:\/\/www.facebook.com\/AtlantidaMarHotel\/"]}]}},"_links":{"self":[{"href":"https:\/\/atlantidamarhotel.com\/de\/wp-json\/wp\/v2\/pages\/1885"}],"collection":[{"href":"https:\/\/atlantidamarhotel.com\/de\/wp-json\/wp\/v2\/pages"}],"about":[{"href":"https:\/\/atlantidamarhotel.com\/de\/wp-json\/wp\/v2\/types\/page"}],"author":[{"embeddable":true,"href":"https:\/\/atlantidamarhotel.com\/de\/wp-json\/wp\/v2\/users\/1"}],"replies":[{"embeddable":true,"href":"https:\/\/atlantidamarhotel.com\/de\/wp-json\/wp\/v2\/comments?post=1885"}],"version-history":[{"count":5,"href":"https:\/\/atlantidamarhotel.com\/de\/wp-json\/wp\/v2\/pages\/1885\/revisions"}],"predecessor-version":[{"id":6001,"href":"https:\/\/atlantidamarhotel.com\/de\/wp-json\/wp\/v2\/pages\/1885\/revisions\/6001"}],"wp:featuredmedia":[{"embeddable":true,"href":"https:\/\/atlantidamarhotel.com\/de\/wp-json\/wp\/v2\/media\/6125"}],"wp:attachment":[{"href":"https:\/\/atlantidamarhotel.com\/de\/wp-json\/wp\/v2\/media?parent=1885"}],"curies":[{"name":"wp","href":"https:\/\/api.w.org\/{rel}","templated":true}]}}