{"id":5681,"date":"2019-05-30T15:16:17","date_gmt":"2019-05-30T15:16:17","guid":{"rendered":"https:\/\/atlantidamarhotel.com\/politica-privacidade\/"},"modified":"2023-07-24T17:48:25","modified_gmt":"2023-07-24T18:48:25","slug":"datenschutz-bestimmungen","status":"publish","type":"page","link":"https:\/\/atlantidamarhotel.com\/de\/datenschutz-bestimmungen\/","title":{"rendered":"Datenschutz-Bestimmungen"},"content":{"rendered":"<section class=\"wpb-content-wrapper\"><section class=\"l-section wpb_row height_custom\"><div class=\"l-section-h i-cf\"><div class=\"g-cols vc_row via_flex valign_top type_default stacking_default\"><div class=\"vc_col-sm-12 wpb_column vc_column_container\"><div class=\"vc_column-inner\"><div class=\"wpb_wrapper\"><div class=\"wpb_text_column\"><div class=\"wpb_wrapper\"><p>Die Richtlinie zum Schutz personenbezogener Daten des Hotel Atl\u00e2ntida Mar gilt f\u00fcr die Erhebung und Verarbeitung personenbezogener Daten seiner Kunden und Mitarbeiter gem\u00e4\u00df der Allgemeinen Verordnung zum Schutz personenbezogener Daten (EU-Verordnung 2016\/679 des Europ\u00e4ischen Parlaments und des Europ\u00e4ischen Parlaments). Rat vom 27.04.2016).<\/p>\n<p>Durch unsere Richtlinie zum Schutz personenbezogener Daten legen wir die Art und den Zweck der von unseren Kunden erhobenen und verarbeiteten personenbezogenen Daten fest. Wir garantieren auch, dass die betroffenen Personen das Recht haben, auf die sie betreffenden personenbezogenen Daten zuzugreifen und dieses Recht einfach und in angemessenen Zeitabst\u00e4nden auszu\u00fcben, um die Verarbeitung zu erfahren, Kenntnis davon zu erlangen und ihre Rechtm\u00e4\u00dfigkeit zu \u00fcberpr\u00fcfen.<\/p>\n<p>In diesem Sinne wurden geeignete technische und organisatorische Ma\u00dfnahmen ergriffen, um einen besseren Schutz der verarbeiteten personenbezogenen Daten zu gew\u00e4hrleisten und deren Verlust, Missbrauch oder unberechtigten Zugriff zu verhindern.<\/p>\n<h3>Arten von Cookies, die wir verwenden<\/h3>\n<div class=\"cky-audit-table-element\"><\/div>\n<p><a class=\"cky-banner-element\">Cookie-Einstellungen verwalten<\/a><\/p>\n<p>Das Hotel Atl\u00e2ntida Mar erhebt von seinen Kunden|Mitarbeitern folgende Arten personenbezogener Daten:<\/p>\n<ul>\n<li>Vollst\u00e4ndiger Name<\/li>\n<li>E-Mail-Addresse<\/li>\n<li>Telefon- oder Handynummer<\/li>\n<li>Haushalt<\/li>\n<li>Alter<\/li>\n<li>Familienstand<\/li>\n<li>NIF<\/li>\n<li>IBAN<\/li>\n<li>Kreditkartennummer<\/li>\n<li>Reisepasskopie<\/li>\n<li>Bilder durch das Video\u00fcberwachungssystem<\/li>\n<li>Gesundheitsdaten<\/li>\n<\/ul>\n<p>Die Zwecke der Verarbeitung personenbezogener Daten sind folgende:<\/p>\n<ol>\n<li><strong>Marketing:<\/strong> Verwendung personenbezogener Daten f\u00fcr Marketingzwecke, Verbreitung von Dienstleistungen, Werbeaktionen, Newslettern, Sonderangeboten;<\/li>\n<li><strong>Bereitstellung von Produkten und Dienstleistungen:<\/strong> Nutzung personenbezogener Daten zur Erf\u00fcllung und Abwicklung von Zimmerreservierungen und Abrechnungst\u00e4tigkeiten;<\/li>\n<li><strong>Kommunikation:<\/strong> Verwendung Ihrer personenbezogenen Daten, um Ihnen Informationen\/Neuigkeiten im Zusammenhang mit Dienstleistungen und\/oder Produkten zuzusenden oder um eine Geburtstagsnachricht zu senden, sowie um Hilfe bei Angelegenheiten im Zusammenhang mit der Kundenbetreuung zu leisten und auch um gesetzlichen Verpflichtungen nachzukommen, wie z Mitteilungen an die SEF;<\/li>\n<li><strong>Personalmanagement:<\/strong> Bei Mitarbeitern und potenziellen Kandidaten des Hotels werden personenbezogene Daten zum Zwecke der Auswahl, Personalrekrutierung und Abwicklung von Geh\u00e4ltern, Abwesenheiten, Urlaub und Urlaub erhoben und verarbeitet. Bei den verarbeiteten personenbezogenen Daten handelt es sich um diejenigen, die im Anmeldeformular samt Lebenslauf enthalten sind;<\/li>\n<li><strong>Video\u00fcberwachung des Hotels:<\/strong> Das Hotel verf\u00fcgt \u00fcber ein Video\u00fcberwachungssystem. Vom Hotel erlangte Bildaufnahmen werden f\u00fcr die Dauer von 30 Tagen ab Aufnahmedatum aufbewahrt. Nach Ablauf dieser Frist werden die Bilder gel\u00f6scht, unbeschadet einer l\u00e4ngeren Aufbewahrung durch Gerichtsbeschluss.<\/li>\n<\/ol>\n<p>Alle Informationen im Zusammenhang mit der durchgef\u00fchrten Behandlung werden der betroffenen Person zur Verf\u00fcgung gestellt und gew\u00e4hren ihr im Rahmen der gesetzlichen Bestimmungen das Recht auf Zugang, Berichtigung und L\u00f6schung ihrer Daten sowie auf Widerspruch gegen ihre Behandlung.<\/p>\n<p>Gem\u00e4\u00df der DSGVO, einer Verordnung, die die Regeln zum Schutz nat\u00fcrlicher Personen bei der Verarbeitung personenbezogener Daten und zum freien Datenverkehr festlegt, haben betroffene Personen unter anderem folgende Rechte:<\/p>\n<ul>\n<li><strong>Zugriffsrecht<\/strong> \u2013 Artikel 15 der DSGVO. Zus\u00e4tzlich zum Recht auf Informationen haben Sie Zugriff auf Ihre personenbezogenen Daten, die wir verarbeiten und speichern. Daher k\u00f6nnen Sie unser Unternehmen jederzeit um Zugriff auf die Informationen bitten, die wir \u00fcber Sie haben.<\/li>\n<li><strong>Recht auf Berichtigung<\/strong> \u2013 Artikel 16 der DSGVO, der Kunde hat das Recht, seine personenbezogenen Daten zu berichtigen, wenn diese unrichtig oder veraltet sind oder wenn er beabsichtigt, sie zu vervollst\u00e4ndigen;<\/li>\n<li><strong>Recht auf Vergessenwerden<\/strong> \u2013 Artikel 17 DSGVO \u2013 Sie k\u00f6nnen die L\u00f6schung Ihrer personenbezogenen Daten verlangen. Das Recht auf Datenl\u00f6schung wird als \u201eRecht auf Vergessenwerden\u201c bezeichnet. Daher hat die betroffene Person das Recht, von unserem Unternehmen die L\u00f6schung ihrer personenbezogenen Daten ohne unangemessene Verz\u00f6gerung zu verlangen, und ist verpflichtet, ihre personenbezogenen Daten unverz\u00fcglich zu l\u00f6schen unangemessene Verz\u00f6gerung.<\/li>\n<li><strong>Recht auf Einschr\u00e4nkung der Verarbeitung<\/strong> \u2013 Artikel 18 der DSGVO legt das Recht des Kunden fest, in den folgenden Situationen eine Einschr\u00e4nkung der Verarbeitung seiner Daten zu verlangen:\n<ul>\n<li>wenn Sie die Richtigkeit der Daten bestreiten, die Verarbeitung rechtswidrig ist und Sie Ihre Daten nicht l\u00f6schen, sondern nur einschr\u00e4nken m\u00f6chten;<\/li>\n<li>wenn die Daten f\u00fcr unser Unternehmen nicht mehr, aber f\u00fcr den Kunden notwendig sind oder Sie das oben genannte Widerspruchsrecht ausge\u00fcbt haben, w\u00e4hrend des Zeitraums, in dem unser Unternehmen analysiert, ob Ihr berechtigtes Interesse an der Verarbeitung dieses Recht \u00fcberwiegt oder nicht .<\/li>\n<\/ul>\n<\/li>\n<li><strong>Recht auf Daten\u00fcbertragbarkeit<\/strong> \u2013 Artikel 20 der DSGVO, das Recht, Daten aus unserer Datenbank in eine andere zu verschieben, zu kopieren oder zu \u00fcbertragen;<\/li>\n<li><strong>Widerspruchsrecht<\/strong> \u2013 Artikel 21 der DSGVO, einschlie\u00dflich Direktmarketing: Sie k\u00f6nnen sich jederzeit von unserem Hotel-Newsletter abmelden oder sich daf\u00fcr entscheiden, von unseren Direktmarketing-Mitteilungen ausgeschlossen zu werden;<\/li>\n<li><strong>Recht auf Widerruf der Einwilligung<\/strong> \u2013 Sie k\u00f6nnen Ihre Einwilligung zur Datenverarbeitung widerrufen, wenn ref. die Behandlung erfolgt auf Grundlage Ihrer Einwilligung. Der Widerruf der Einwilligung hat keinen Einfluss auf die Rechtm\u00e4\u00dfigkeit der Verarbeitung, die auf der Einwilligung vor dem Widerruf beruhte;<\/li>\n<li><strong>Recht auf Benachrichtigung<\/strong> \u2013 Artikel 19 der DSGVO: Die betroffene Person hat das Recht, \u00fcber jede Berichtigung, L\u00f6schung oder Einschr\u00e4nkung der Verarbeitung informiert zu werden, die der Verantwortliche aufgrund eines Antrags auf Berichtigung, L\u00f6schung oder Einschr\u00e4nkung der Verarbeitung vorgenommen hat.<\/li>\n<\/ul>\n<p>F\u00fcr die Verarbeitung der Daten wird eine Einwilligung des Inhabers eingeholt, soweit dies gesetzlich erforderlich ist.<\/p>\n<p>Wir bewahren personenbezogene Daten nur so lange auf, wie es zur Erreichung des Zwecks, f\u00fcr den sie erhoben wurden, zur Beantwortung Ihrer Bed\u00fcrfnisse oder zur Erf\u00fcllung unserer gesetzlichen Verpflichtungen erforderlich ist. Wenn Sie eines Ihrer Rechte aus\u00fcben oder Zweifel kl\u00e4ren m\u00f6chten, muss sich der Inhaber schriftlich an das Hotel Atl\u00e2ntica Mar als Verantwortlicher f\u00fcr die Datenverarbeitung unter Boavista n\u00ba 9, 9760 -557 Praia da Vit\u00f3ria oder per E-Mail an <a href=\"mailto:info@atlantidamarhotel.pt\">info@atlantidamarhotel.pt<\/a> wenden.<\/p>\n<p><strong>Einchecken:<\/strong><br \/>\nAb 14:00 Uhr<\/p>\n<p><strong>Kasse:<\/strong><br \/>\nBis 12:00 Uhr<\/p>\n<p><strong>Kinder:<\/strong><br \/>\nKinder bis 10 Jahre \u00fcbernachten kostenlos, sofern sie die Suite der Erwachsenen teilen, maximal vier Personen pro Suite.<\/p>\n<p><strong>Stornierung \/ \u00c4nderung \/ Nichterscheinen:<\/strong><br \/>\nWenn die Reservierung 7 oder mehr Tage vor dem Ankunftsdatum storniert oder ge\u00e4ndert wird, wird kein Betrag f\u00e4llig.<\/p>\n<ul>\n<li>Bei einer Stornierung oder \u00c4nderung innerhalb von 6 Tagen vor Anreise, am Anreisetag oder bei Nichterscheinen ist der Gesamtbetrag der Reservierung f\u00e4llig.<\/li>\n<\/ul>\n<p><strong>Stornierung\/\u00c4nderung\/Nichterscheinen f\u00fcr Gruppen<\/strong> (wir betrachten Gruppenreservierungen als Reservierungen f\u00fcr 5 oder mehr Zimmer, die von derselben Einrichtung f\u00fcr dasselbe Datum vorgenommen werden): Sofern in den Vereinbarungen oder Vertr\u00e4gen zwischen den Parteien nichts anderes festgelegt ist, gelten die folgenden Stornierungsbedingungen :<\/p>\n<ul>\n<li>Wenn die Reservierung mehr als 90 Tage vor Anreise storniert oder ge\u00e4ndert wird, wird kein Betrag f\u00e4llig.<\/li>\n<li>Bei einer Stornierung oder \u00c4nderung, die 90 Tage oder weniger vor Anreise, am Anreisetag oder bei Nichterscheinen erfolgt, ist der Gesamtbetrag der Reservierung f\u00e4llig.<\/li>\n<\/ul>\n<p><strong>Haustiere:<\/strong><br \/>\nNicht zugelassen<\/p>\n<p><strong>Zahlungsarten:<\/strong><\/p>\n<ul>\n<li>Geld<\/li>\n<li>Geldautomat<\/li>\n<li>Visa- und Mastercard-Kreditkarten<\/li>\n<li>Schecks \u2013 <em>Nicht akzeptiert<\/em><\/li>\n<li>American Express \u2013 <em>Nicht akzeptieren<\/em><\/li>\n<\/ul>\n<p>Diese Richtlinie wird regelm\u00e4\u00dfig aktualisiert.<\/p>\n<p>Praia da Vit\u00f3ria, 1. Mai 2018<br \/>\nLu\u00eds Filipe Reis Cabral<br \/>\nManager<\/p>\n<\/div><\/div><\/div><\/div><\/div><\/div><\/div><\/section>\n<\/section>","protected":false},"excerpt":{"rendered":"Die Richtlinie zum Schutz personenbezogener Daten des Hotel Atl\u00e2ntida Mar gilt f\u00fcr die Erhebung und Verarbeitung personenbezogener Daten seiner Kunden und Mitarbeiter gem\u00e4\u00df der Allgemeinen Verordnung zum Schutz personenbezogener Daten (EU-Verordnung 2016\/679 des Europ\u00e4ischen Parlaments und des Europ\u00e4ischen Parlaments). Rat vom 27.04.2016). Durch unsere Richtlinie zum Schutz personenbezogener Daten legen wir die Art und den...","protected":false},"author":1,"featured_media":4969,"parent":0,"menu_order":0,"comment_status":"closed","ping_status":"closed","template":"","meta":{"_monsterinsights_skip_tracking":false,"_monsterinsights_sitenote_active":false,"_monsterinsights_sitenote_note":"","_monsterinsights_sitenote_category":0},"acf":[],"yoast_head":"<!-- This site is optimized with the Yoast SEO plugin v20.12 - https:\/\/yoast.com\/wordpress\/plugins\/seo\/ -->\n<title>Datenschutz-Bestimmungen - Atl\u00e2ntida Mar Hotel<\/title>\n<meta name=\"description\" content=\"Im Atl\u00e2ntida Mar Hotel liegt uns die Sicherheit Ihrer pers\u00f6nlichen Daten am Herzen und wir tun alles, um alle Informationen vertraulich zu behandeln.\" \/>\n<meta name=\"robots\" content=\"index, follow, max-snippet:-1, max-image-preview:large, max-video-preview:-1\" \/>\n<link rel=\"canonical\" href=\"https:\/\/atlantidamarhotel.com\/de\/datenschutz-bestimmungen\/\" \/>\n<meta property=\"og:locale\" content=\"de_DE\" \/>\n<meta property=\"og:type\" content=\"article\" \/>\n<meta property=\"og:title\" content=\"Datenschutz-Bestimmungen - Atl\u00e2ntida Mar Hotel\" \/>\n<meta property=\"og:description\" content=\"Im Atl\u00e2ntida Mar Hotel liegt uns die Sicherheit Ihrer pers\u00f6nlichen Daten am Herzen und wir tun alles, um alle Informationen vertraulich zu behandeln.\" \/>\n<meta property=\"og:url\" content=\"https:\/\/atlantidamarhotel.com\/de\/datenschutz-bestimmungen\/\" \/>\n<meta property=\"og:site_name\" content=\"Atl\u00e2ntida Mar Hotel\" \/>\n<meta property=\"article:publisher\" content=\"https:\/\/www.facebook.com\/AtlantidaMarHotel\/\" \/>\n<meta property=\"article:modified_time\" content=\"2023-07-24T18:48:25+00:00\" \/>\n<meta property=\"og:image\" content=\"https:\/\/atlantidamarhotel.com\/wp-content\/uploads\/2017\/02\/location_atlantida_mar_hotel.jpg\" \/>\n\t<meta property=\"og:image:width\" content=\"2000\" \/>\n\t<meta property=\"og:image:height\" content=\"1000\" \/>\n\t<meta property=\"og:image:type\" content=\"image\/jpeg\" \/>\n<meta name=\"twitter:card\" content=\"summary_large_image\" \/>\n<meta name=\"twitter:label1\" content=\"Gesch\u00e4tzte Lesezeit\" \/>\n\t<meta name=\"twitter:data1\" content=\"5\u00a0Minuten\" \/>\n<script type=\"application\/ld+json\" class=\"yoast-schema-graph\">{\"@context\":\"https:\/\/schema.org\",\"@graph\":[{\"@type\":\"WebPage\",\"@id\":\"https:\/\/atlantidamarhotel.com\/de\/datenschutz-bestimmungen\/\",\"url\":\"https:\/\/atlantidamarhotel.com\/de\/datenschutz-bestimmungen\/\",\"name\":\"Datenschutz-Bestimmungen - Atl\u00e2ntida Mar Hotel\",\"isPartOf\":{\"@id\":\"https:\/\/atlantidamarhotel.com\/de\/#website\"},\"datePublished\":\"2019-05-30T15:16:17+00:00\",\"dateModified\":\"2023-07-24T18:48:25+00:00\",\"description\":\"Im Atl\u00e2ntida Mar Hotel liegt uns die Sicherheit Ihrer pers\u00f6nlichen Daten am Herzen und wir tun alles, um alle Informationen vertraulich zu behandeln.\",\"breadcrumb\":{\"@id\":\"https:\/\/atlantidamarhotel.com\/de\/datenschutz-bestimmungen\/#breadcrumb\"},\"inLanguage\":\"de\",\"potentialAction\":[{\"@type\":\"ReadAction\",\"target\":[\"https:\/\/atlantidamarhotel.com\/de\/datenschutz-bestimmungen\/\"]}]},{\"@type\":\"BreadcrumbList\",\"@id\":\"https:\/\/atlantidamarhotel.com\/de\/datenschutz-bestimmungen\/#breadcrumb\",\"itemListElement\":[{\"@type\":\"ListItem\",\"position\":1,\"name\":\"Home\",\"item\":\"https:\/\/atlantidamarhotel.com\/de\/\"},{\"@type\":\"ListItem\",\"position\":2,\"name\":\"Datenschutz-Bestimmungen\"}]},{\"@type\":\"WebSite\",\"@id\":\"https:\/\/atlantidamarhotel.com\/de\/#website\",\"url\":\"https:\/\/atlantidamarhotel.com\/de\/\",\"name\":\"Atl\u00e2ntida Mar Hotel\",\"description\":\"Aparthotel\",\"publisher\":{\"@id\":\"https:\/\/atlantidamarhotel.com\/de\/#organization\"},\"potentialAction\":[{\"@type\":\"SearchAction\",\"target\":{\"@type\":\"EntryPoint\",\"urlTemplate\":\"https:\/\/atlantidamarhotel.com\/de\/?s={search_term_string}\"},\"query-input\":\"required name=search_term_string\"}],\"inLanguage\":\"de\"},{\"@type\":\"Organization\",\"@id\":\"https:\/\/atlantidamarhotel.com\/de\/#organization\",\"name\":\"Atl\u00e2ntida Mar Hotel\",\"url\":\"https:\/\/atlantidamarhotel.com\/de\/\",\"logo\":{\"@type\":\"ImageObject\",\"inLanguage\":\"de\",\"@id\":\"https:\/\/atlantidamarhotel.com\/de\/#\/schema\/logo\/image\/\",\"url\":\"https:\/\/atlantidamarhotel.com\/wp-content\/uploads\/2016\/12\/logo-Atlantida-mar-hotel-2.png\",\"contentUrl\":\"https:\/\/atlantidamarhotel.com\/wp-content\/uploads\/2016\/12\/logo-Atlantida-mar-hotel-2.png\",\"width\":1600,\"height\":445,\"caption\":\"Atl\u00e2ntida Mar Hotel\"},\"image\":{\"@id\":\"https:\/\/atlantidamarhotel.com\/de\/#\/schema\/logo\/image\/\"},\"sameAs\":[\"https:\/\/www.facebook.com\/AtlantidaMarHotel\/\"]}]}<\/script>\n<!-- \/ Yoast SEO plugin. -->","yoast_head_json":{"title":"Datenschutz-Bestimmungen - Atl\u00e2ntida Mar Hotel","description":"Im Atl\u00e2ntida Mar Hotel liegt uns die Sicherheit Ihrer pers\u00f6nlichen Daten am Herzen und wir tun alles, um alle Informationen vertraulich zu behandeln.","robots":{"index":"index","follow":"follow","max-snippet":"max-snippet:-1","max-image-preview":"max-image-preview:large","max-video-preview":"max-video-preview:-1"},"canonical":"https:\/\/atlantidamarhotel.com\/de\/datenschutz-bestimmungen\/","og_locale":"de_DE","og_type":"article","og_title":"Datenschutz-Bestimmungen - Atl\u00e2ntida Mar Hotel","og_description":"Im Atl\u00e2ntida Mar Hotel liegt uns die Sicherheit Ihrer pers\u00f6nlichen Daten am Herzen und wir tun alles, um alle Informationen vertraulich zu behandeln.","og_url":"https:\/\/atlantidamarhotel.com\/de\/datenschutz-bestimmungen\/","og_site_name":"Atl\u00e2ntida Mar Hotel","article_publisher":"https:\/\/www.facebook.com\/AtlantidaMarHotel\/","article_modified_time":"2023-07-24T18:48:25+00:00","og_image":[{"width":2000,"height":1000,"url":"https:\/\/atlantidamarhotel.com\/wp-content\/uploads\/2017\/02\/location_atlantida_mar_hotel.jpg","type":"image\/jpeg"}],"twitter_card":"summary_large_image","twitter_misc":{"Gesch\u00e4tzte Lesezeit":"5\u00a0Minuten"},"schema":{"@context":"https:\/\/schema.org","@graph":[{"@type":"WebPage","@id":"https:\/\/atlantidamarhotel.com\/de\/datenschutz-bestimmungen\/","url":"https:\/\/atlantidamarhotel.com\/de\/datenschutz-bestimmungen\/","name":"Datenschutz-Bestimmungen - Atl\u00e2ntida Mar Hotel","isPartOf":{"@id":"https:\/\/atlantidamarhotel.com\/de\/#website"},"datePublished":"2019-05-30T15:16:17+00:00","dateModified":"2023-07-24T18:48:25+00:00","description":"Im Atl\u00e2ntida Mar Hotel liegt uns die Sicherheit Ihrer pers\u00f6nlichen Daten am Herzen und wir tun alles, um alle Informationen vertraulich zu behandeln.","breadcrumb":{"@id":"https:\/\/atlantidamarhotel.com\/de\/datenschutz-bestimmungen\/#breadcrumb"},"inLanguage":"de","potentialAction":[{"@type":"ReadAction","target":["https:\/\/atlantidamarhotel.com\/de\/datenschutz-bestimmungen\/"]}]},{"@type":"BreadcrumbList","@id":"https:\/\/atlantidamarhotel.com\/de\/datenschutz-bestimmungen\/#breadcrumb","itemListElement":[{"@type":"ListItem","position":1,"name":"Home","item":"https:\/\/atlantidamarhotel.com\/de\/"},{"@type":"ListItem","position":2,"name":"Datenschutz-Bestimmungen"}]},{"@type":"WebSite","@id":"https:\/\/atlantidamarhotel.com\/de\/#website","url":"https:\/\/atlantidamarhotel.com\/de\/","name":"Atl\u00e2ntida Mar Hotel","description":"Aparthotel","publisher":{"@id":"https:\/\/atlantidamarhotel.com\/de\/#organization"},"potentialAction":[{"@type":"SearchAction","target":{"@type":"EntryPoint","urlTemplate":"https:\/\/atlantidamarhotel.com\/de\/?s={search_term_string}"},"query-input":"required name=search_term_string"}],"inLanguage":"de"},{"@type":"Organization","@id":"https:\/\/atlantidamarhotel.com\/de\/#organization","name":"Atl\u00e2ntida Mar Hotel","url":"https:\/\/atlantidamarhotel.com\/de\/","logo":{"@type":"ImageObject","inLanguage":"de","@id":"https:\/\/atlantidamarhotel.com\/de\/#\/schema\/logo\/image\/","url":"https:\/\/atlantidamarhotel.com\/wp-content\/uploads\/2016\/12\/logo-Atlantida-mar-hotel-2.png","contentUrl":"https:\/\/atlantidamarhotel.com\/wp-content\/uploads\/2016\/12\/logo-Atlantida-mar-hotel-2.png","width":1600,"height":445,"caption":"Atl\u00e2ntida Mar Hotel"},"image":{"@id":"https:\/\/atlantidamarhotel.com\/de\/#\/schema\/logo\/image\/"},"sameAs":["https:\/\/www.facebook.com\/AtlantidaMarHotel\/"]}]}},"_links":{"self":[{"href":"https:\/\/atlantidamarhotel.com\/de\/wp-json\/wp\/v2\/pages\/5681"}],"collection":[{"href":"https:\/\/atlantidamarhotel.com\/de\/wp-json\/wp\/v2\/pages"}],"about":[{"href":"https:\/\/atlantidamarhotel.com\/de\/wp-json\/wp\/v2\/types\/page"}],"author":[{"embeddable":true,"href":"https:\/\/atlantidamarhotel.com\/de\/wp-json\/wp\/v2\/users\/1"}],"replies":[{"embeddable":true,"href":"https:\/\/atlantidamarhotel.com\/de\/wp-json\/wp\/v2\/comments?post=5681"}],"version-history":[{"count":6,"href":"https:\/\/atlantidamarhotel.com\/de\/wp-json\/wp\/v2\/pages\/5681\/revisions"}],"predecessor-version":[{"id":6891,"href":"https:\/\/atlantidamarhotel.com\/de\/wp-json\/wp\/v2\/pages\/5681\/revisions\/6891"}],"wp:featuredmedia":[{"embeddable":true,"href":"https:\/\/atlantidamarhotel.com\/de\/wp-json\/wp\/v2\/media\/4969"}],"wp:attachment":[{"href":"https:\/\/atlantidamarhotel.com\/de\/wp-json\/wp\/v2\/media?parent=5681"}],"curies":[{"name":"wp","href":"https:\/\/api.w.org\/{rel}","templated":true}]}}