{"id":6325,"date":"2023-06-22T20:02:44","date_gmt":"2023-06-22T21:02:44","guid":{"rendered":"https:\/\/atlantidamarhotel.com\/blog\/"},"modified":"2023-06-22T20:02:44","modified_gmt":"2023-06-22T21:02:44","slug":"blog","status":"publish","type":"page","link":"https:\/\/atlantidamarhotel.com\/de\/blog\/","title":{"rendered":"Blog"},"content":{"rendered":"<section class=\"wpb-content-wrapper\"><section class=\"l-section wpb_row height_custom\"><div class=\"l-section-h i-cf\"><div class=\"g-cols vc_row via_flex valign_top type_default stacking_default\"><div class=\"vc_col-sm-12 wpb_column vc_column_container\"><div class=\"vc_column-inner\"><div class=\"wpb_wrapper\"><div class=\"w-grid type_grid layout_blog_4 cols_3 with_pagination\" id=\"us_grid_1\" data-filterable=\"true\"><style>#us_grid_1 .w-grid-item{padding:1.5rem}#us_grid_1 .w-grid-list{margin:-1.5rem -1.5rem 1.5rem}.w-grid + #us_grid_1 .w-grid-list,.w-grid-none + #us_grid_1 .w-grid-list{margin-top:1.5rem}@media (max-width:899px){#us_grid_1 .w-grid-item{width:50%}}@media (max-width:599px){#us_grid_1 .w-grid-list{margin:0}#us_grid_1 .w-grid-item{width:100%;padding:0;margin-bottom:1.5rem}}.layout_blog_4 .w-grid-item-h{}.layout_blog_4 .usg_post_image_1{margin-bottom:0.6rem!important}.layout_blog_4 .usg_post_title_1{font-size:1.2rem!important;margin-bottom:0.3rem!important}.layout_blog_4 .usg_hwrapper_1{color:var(--color-content-faded)!important;font-size:14px!important;line-height:1.6!important}<\/style><div class=\"w-grid-list\">\t<article class=\"w-grid-item size_1x1 post-6728 post type-post status-publish format-standard has-post-thumbnail hentry category-awards-de\" data-id=\"6728\">\r\n\t\t<div class=\"w-grid-item-h\">\r\n\t\t\t\t\t\t<div class=\"w-post-elm post_image usg_post_image_1 stretched\"><a href=\"https:\/\/atlantidamarhotel.com\/de\/gewinner-der-travellers-choice\/\" aria-label=\"Gewinner der Travellers\u2018 Choice\"><img width=\"2400\" height=\"1260\" src=\"https:\/\/atlantidamarhotel.com\/wp-content\/uploads\/2023\/06\/BOTB-Facebook-Post-winner.png\" class=\"attachment-us_600_600_crop size-us_600_600_crop wp-post-image\" alt=\"\" decoding=\"async\" loading=\"lazy\" srcset=\"https:\/\/atlantidamarhotel.com\/wp-content\/uploads\/2023\/06\/BOTB-Facebook-Post-winner.png 2400w, https:\/\/atlantidamarhotel.com\/wp-content\/uploads\/2023\/06\/BOTB-Facebook-Post-winner-300x158.png 300w, https:\/\/atlantidamarhotel.com\/wp-content\/uploads\/2023\/06\/BOTB-Facebook-Post-winner-1024x538.png 1024w\" sizes=\"(max-width: 2400px) 100vw, 2400px\" \/><\/a><\/div><h2 class=\"w-post-elm post_title usg_post_title_1 entry-title color_link_inherit\"><a href=\"https:\/\/atlantidamarhotel.com\/de\/gewinner-der-travellers-choice\/\">Gewinner der Travellers\u2018 Choice<\/a><\/h2><div class=\"w-hwrapper usg_hwrapper_1 align_none valign_top wrap\"><time class=\"w-post-elm post_date usg_post_date_1 entry-date published\" datetime=\"2023-06-30T10:07:34-01:00\" title=\"30 Juni 2023 um 10:07:34 -01:00\u00a0Uhr\">06\/30\/2023<\/time><div class=\"w-post-elm post_comments usg_post_comments_1 layout_amount color_link_inherit\"><i class=\"far fa-comments\"><\/i><a class=\"smooth-scroll\" href=\"https:\/\/atlantidamarhotel.com\/de\/gewinner-der-travellers-choice\/#respond\">0<\/a><\/div><\/div>\t\t<\/div>\r\n\t<\/article>\r\n\t<article class=\"w-grid-item size_1x1 post-6447 post type-post status-publish format-standard has-post-thumbnail hentry category-explore-de category-history-de category-terceira-de\" data-id=\"6447\">\r\n\t\t<div class=\"w-grid-item-h\">\r\n\t\t\t\t\t\t<div class=\"w-post-elm post_image usg_post_image_1 stretched\"><a href=\"https:\/\/atlantidamarhotel.com\/de\/what-can-i-visit-in-the-city-of-angra-do-heroismo\/\" aria-label=\"K\u00f6nnen Sie die Stadt Angra des Hero\u00edsmo besuchen?\"><img width=\"1725\" height=\"1150\" src=\"https:\/\/atlantidamarhotel.com\/wp-content\/uploads\/2023\/06\/hotel-aparthotel-azores-terceira-island-ilha-atlantida-mar-exterior-angra-heroismo-igreja-church-misericordia.jpg\" class=\"attachment-us_600_600_crop size-us_600_600_crop wp-post-image\" alt=\"\" decoding=\"async\" loading=\"lazy\" srcset=\"https:\/\/atlantidamarhotel.com\/wp-content\/uploads\/2023\/06\/hotel-aparthotel-azores-terceira-island-ilha-atlantida-mar-exterior-angra-heroismo-igreja-church-misericordia.jpg 1725w, https:\/\/atlantidamarhotel.com\/wp-content\/uploads\/2023\/06\/hotel-aparthotel-azores-terceira-island-ilha-atlantida-mar-exterior-angra-heroismo-igreja-church-misericordia-300x200.jpg 300w, https:\/\/atlantidamarhotel.com\/wp-content\/uploads\/2023\/06\/hotel-aparthotel-azores-terceira-island-ilha-atlantida-mar-exterior-angra-heroismo-igreja-church-misericordia-1024x683.jpg 1024w\" sizes=\"(max-width: 1725px) 100vw, 1725px\" \/><\/a><\/div><h2 class=\"w-post-elm post_title usg_post_title_1 entry-title color_link_inherit\"><a href=\"https:\/\/atlantidamarhotel.com\/de\/what-can-i-visit-in-the-city-of-angra-do-heroismo\/\">K\u00f6nnen Sie die Stadt Angra des Hero\u00edsmo besuchen?<\/a><\/h2><div class=\"w-hwrapper usg_hwrapper_1 align_none valign_top wrap\"><time class=\"w-post-elm post_date usg_post_date_1 entry-date published\" datetime=\"2023-06-25T14:29:11-01:00\" title=\"25 Juni 2023 um 14:29:11 -01:00\u00a0Uhr\">06\/25\/2023<\/time><div class=\"w-post-elm post_comments usg_post_comments_1 layout_amount color_link_inherit\"><i class=\"far fa-comments\"><\/i><a class=\"smooth-scroll\" href=\"https:\/\/atlantidamarhotel.com\/de\/what-can-i-visit-in-the-city-of-angra-do-heroismo\/#respond\">0<\/a><\/div><\/div>\t\t<\/div>\r\n\t<\/article>\r\n\t<article class=\"w-grid-item size_1x1 post-6430 post type-post status-publish format-standard has-post-thumbnail hentry category-explore-de category-hotel-de category-terceira-de\" data-id=\"6430\">\r\n\t\t<div class=\"w-grid-item-h\">\r\n\t\t\t\t\t\t<div class=\"w-post-elm post_image usg_post_image_1 stretched\"><a href=\"https:\/\/atlantidamarhotel.com\/de\/was-kann-man-waehrend-eines-aufenthalts-im-atlantida-mar-hotel-tun\/\" aria-label=\"Was kann man w\u00e4hrend eines Aufenthalts im Atl\u00e2ntida Mar Hotel tun?\"><img width=\"1833\" height=\"1222\" src=\"https:\/\/atlantidamarhotel.com\/wp-content\/uploads\/2023\/06\/hotel-aparthotel-azores-terceira-island-ilha-atlantida-mar-ocean-oceano-piscina-pool-final-tarde-evening.jpg\" class=\"attachment-us_600_600_crop size-us_600_600_crop wp-post-image\" alt=\"\" decoding=\"async\" loading=\"lazy\" srcset=\"https:\/\/atlantidamarhotel.com\/wp-content\/uploads\/2023\/06\/hotel-aparthotel-azores-terceira-island-ilha-atlantida-mar-ocean-oceano-piscina-pool-final-tarde-evening.jpg 1833w, https:\/\/atlantidamarhotel.com\/wp-content\/uploads\/2023\/06\/hotel-aparthotel-azores-terceira-island-ilha-atlantida-mar-ocean-oceano-piscina-pool-final-tarde-evening-300x200.jpg 300w, https:\/\/atlantidamarhotel.com\/wp-content\/uploads\/2023\/06\/hotel-aparthotel-azores-terceira-island-ilha-atlantida-mar-ocean-oceano-piscina-pool-final-tarde-evening-1024x683.jpg 1024w\" sizes=\"(max-width: 1833px) 100vw, 1833px\" \/><\/a><\/div><h2 class=\"w-post-elm post_title usg_post_title_1 entry-title color_link_inherit\"><a href=\"https:\/\/atlantidamarhotel.com\/de\/was-kann-man-waehrend-eines-aufenthalts-im-atlantida-mar-hotel-tun\/\">Was kann man w\u00e4hrend eines Aufenthalts im Atl\u00e2ntida Mar Hotel tun?<\/a><\/h2><div class=\"w-hwrapper usg_hwrapper_1 align_none valign_top wrap\"><time class=\"w-post-elm post_date usg_post_date_1 entry-date published\" datetime=\"2023-05-25T14:01:30-01:00\" title=\"25 Mai 2023 um 14:01:30 -01:00\u00a0Uhr\">05\/25\/2023<\/time><div class=\"w-post-elm post_comments usg_post_comments_1 layout_amount color_link_inherit\"><i class=\"far fa-comments\"><\/i><a class=\"smooth-scroll\" href=\"https:\/\/atlantidamarhotel.com\/de\/was-kann-man-waehrend-eines-aufenthalts-im-atlantida-mar-hotel-tun\/#respond\">0<\/a><\/div><\/div>\t\t<\/div>\r\n\t<\/article>\r\n\t<article class=\"w-grid-item size_1x1 post-6418 post type-post status-publish format-standard has-post-thumbnail hentry category-explore-de category-terceira-de\" data-id=\"6418\">\r\n\t\t<div class=\"w-grid-item-h\">\r\n\t\t\t\t\t\t<div class=\"w-post-elm post_image usg_post_image_1 stretched\"><a href=\"https:\/\/atlantidamarhotel.com\/de\/exploring-praia-da-vitoria-a-day-in-the-city-closest-to-atlantida-mar-hotel\/\" aria-label=\"Erkundung von Praia da Vit\u00f3ria: Ein Tag in der Stadt, die dem Atl\u00e2ntida Mar Hotel am n\u00e4chsten liegt\"><img width=\"1725\" height=\"1150\" src=\"https:\/\/atlantidamarhotel.com\/wp-content\/uploads\/2023\/06\/hotel-aparthotel-azores-terceira-island-ilha-atlantida-mar-exterior-praia-vitoria.jpg\" class=\"attachment-us_600_600_crop size-us_600_600_crop wp-post-image\" alt=\"\" decoding=\"async\" loading=\"lazy\" srcset=\"https:\/\/atlantidamarhotel.com\/wp-content\/uploads\/2023\/06\/hotel-aparthotel-azores-terceira-island-ilha-atlantida-mar-exterior-praia-vitoria.jpg 1725w, https:\/\/atlantidamarhotel.com\/wp-content\/uploads\/2023\/06\/hotel-aparthotel-azores-terceira-island-ilha-atlantida-mar-exterior-praia-vitoria-300x200.jpg 300w, https:\/\/atlantidamarhotel.com\/wp-content\/uploads\/2023\/06\/hotel-aparthotel-azores-terceira-island-ilha-atlantida-mar-exterior-praia-vitoria-1024x683.jpg 1024w\" sizes=\"(max-width: 1725px) 100vw, 1725px\" \/><\/a><\/div><h2 class=\"w-post-elm post_title usg_post_title_1 entry-title color_link_inherit\"><a href=\"https:\/\/atlantidamarhotel.com\/de\/exploring-praia-da-vitoria-a-day-in-the-city-closest-to-atlantida-mar-hotel\/\">Erkundung von Praia da Vit\u00f3ria: Ein Tag in der Stadt, die dem Atl\u00e2ntida Mar Hotel am n\u00e4chsten liegt<\/a><\/h2><div class=\"w-hwrapper usg_hwrapper_1 align_none valign_top wrap\"><time class=\"w-post-elm post_date usg_post_date_1 entry-date published\" datetime=\"2023-04-22T13:54:14-01:00\" title=\"22 April 2023 um 13:54:14 -01:00\u00a0Uhr\">04\/22\/2023<\/time><div class=\"w-post-elm post_comments usg_post_comments_1 layout_amount color_link_inherit\"><i class=\"far fa-comments\"><\/i><a class=\"smooth-scroll\" href=\"https:\/\/atlantidamarhotel.com\/de\/exploring-praia-da-vitoria-a-day-in-the-city-closest-to-atlantida-mar-hotel\/#respond\">0<\/a><\/div><\/div>\t\t<\/div>\r\n\t<\/article>\r\n\t<article class=\"w-grid-item size_1x1 post-6412 post type-post status-publish format-standard has-post-thumbnail hentry category-hotel-de\" data-id=\"6412\">\r\n\t\t<div class=\"w-grid-item-h\">\r\n\t\t\t\t\t\t<div class=\"w-post-elm post_image usg_post_image_1 stretched\"><a href=\"https:\/\/atlantidamarhotel.com\/de\/romantic-getaway-at-atlantida-mar-hotel\/\" aria-label=\"Romantischer Kurzurlaub im Atl\u00e2ntida Mar Hotel\"><img width=\"1284\" height=\"856\" src=\"https:\/\/atlantidamarhotel.com\/wp-content\/uploads\/2023\/06\/hotel-aparthotel-azores-terceira-island-ilha-atlantida-mar-varanda-balcony-romance-casal-bolo-cake.jpg\" class=\"attachment-us_600_600_crop size-us_600_600_crop wp-post-image\" alt=\"\" decoding=\"async\" loading=\"lazy\" srcset=\"https:\/\/atlantidamarhotel.com\/wp-content\/uploads\/2023\/06\/hotel-aparthotel-azores-terceira-island-ilha-atlantida-mar-varanda-balcony-romance-casal-bolo-cake.jpg 1284w, https:\/\/atlantidamarhotel.com\/wp-content\/uploads\/2023\/06\/hotel-aparthotel-azores-terceira-island-ilha-atlantida-mar-varanda-balcony-romance-casal-bolo-cake-300x200.jpg 300w, https:\/\/atlantidamarhotel.com\/wp-content\/uploads\/2023\/06\/hotel-aparthotel-azores-terceira-island-ilha-atlantida-mar-varanda-balcony-romance-casal-bolo-cake-1024x683.jpg 1024w\" sizes=\"(max-width: 1284px) 100vw, 1284px\" \/><\/a><\/div><h2 class=\"w-post-elm post_title usg_post_title_1 entry-title color_link_inherit\"><a href=\"https:\/\/atlantidamarhotel.com\/de\/romantic-getaway-at-atlantida-mar-hotel\/\">Romantischer Kurzurlaub im Atl\u00e2ntida Mar Hotel<\/a><\/h2><div class=\"w-hwrapper usg_hwrapper_1 align_none valign_top wrap\"><time class=\"w-post-elm post_date usg_post_date_1 entry-date published\" datetime=\"2023-03-16T13:34:20-01:00\" title=\"16 M\u00e4rz 2023 um 13:34:20 -01:00\u00a0Uhr\">03\/16\/2023<\/time><div class=\"w-post-elm post_comments usg_post_comments_1 layout_amount color_link_inherit\"><i class=\"far fa-comments\"><\/i><a class=\"smooth-scroll\" href=\"https:\/\/atlantidamarhotel.com\/de\/romantic-getaway-at-atlantida-mar-hotel\/#respond\">0<\/a><\/div><\/div>\t\t<\/div>\r\n\t<\/article>\r\n\t<article class=\"w-grid-item size_1x1 post-6403 post type-post status-publish format-standard has-post-thumbnail hentry category-activities-de category-adventure-de\" data-id=\"6403\">\r\n\t\t<div class=\"w-grid-item-h\">\r\n\t\t\t\t\t\t<div class=\"w-post-elm post_image usg_post_image_1 stretched\"><a href=\"https:\/\/atlantidamarhotel.com\/de\/island-adventure-activities-on-terceira-island\/\" aria-label=\"Inselabenteuer: Aktivit\u00e4ten auf der Insel Terceira\"><img width=\"1400\" height=\"1050\" src=\"https:\/\/atlantidamarhotel.com\/wp-content\/uploads\/2023\/06\/hotel-aparthotel-azores-terceira-island-ilha-atlantida-mar-exterior-floresta-florest-andar-cavalo-horse-riding.jpg\" class=\"attachment-us_600_600_crop size-us_600_600_crop wp-post-image\" alt=\"\" decoding=\"async\" loading=\"lazy\" srcset=\"https:\/\/atlantidamarhotel.com\/wp-content\/uploads\/2023\/06\/hotel-aparthotel-azores-terceira-island-ilha-atlantida-mar-exterior-floresta-florest-andar-cavalo-horse-riding.jpg 1400w, https:\/\/atlantidamarhotel.com\/wp-content\/uploads\/2023\/06\/hotel-aparthotel-azores-terceira-island-ilha-atlantida-mar-exterior-floresta-florest-andar-cavalo-horse-riding-300x225.jpg 300w, https:\/\/atlantidamarhotel.com\/wp-content\/uploads\/2023\/06\/hotel-aparthotel-azores-terceira-island-ilha-atlantida-mar-exterior-floresta-florest-andar-cavalo-horse-riding-1024x768.jpg 1024w\" sizes=\"(max-width: 1400px) 100vw, 1400px\" \/><\/a><\/div><h2 class=\"w-post-elm post_title usg_post_title_1 entry-title color_link_inherit\"><a href=\"https:\/\/atlantidamarhotel.com\/de\/island-adventure-activities-on-terceira-island\/\">Inselabenteuer: Aktivit\u00e4ten auf der Insel Terceira<\/a><\/h2><div class=\"w-hwrapper usg_hwrapper_1 align_none valign_top wrap\"><time class=\"w-post-elm post_date usg_post_date_1 entry-date published\" datetime=\"2023-02-21T13:19:56-01:00\" title=\"21 Februar 2023 um 13:19:56 -01:00\u00a0Uhr\">02\/21\/2023<\/time><div class=\"w-post-elm post_comments usg_post_comments_1 layout_amount color_link_inherit\"><i class=\"far fa-comments\"><\/i><a class=\"smooth-scroll\" href=\"https:\/\/atlantidamarhotel.com\/de\/island-adventure-activities-on-terceira-island\/#respond\">0<\/a><\/div><\/div>\t\t<\/div>\r\n\t<\/article>\r\n<\/div><div class=\"w-grid-preloader\"><div class=\"g-preloader type_1\">\r\n\t<div><\/div>\r\n<\/div>\r\n<\/div>\t\t<nav class=\"pagination navigation\" role=\"navigation\">\r\n\t\t\t<div class=\"nav-links\">\r\n\t\t\t\t<span aria-current=\"page\" class=\"page-numbers current\"><span>1<\/span><\/span>\n<a class=\"page-numbers\" href=\"https:\/\/atlantidamarhotel.com\/de\/wp-json\/wp\/v2\/pages\/6325\/page\/2\/\"><span>2<\/span><\/a>\n<a class=\"page-numbers\" href=\"https:\/\/atlantidamarhotel.com\/de\/wp-json\/wp\/v2\/pages\/6325\/page\/3\/\"><span>3<\/span><\/a>\n<a class=\"next page-numbers\" href=\"https:\/\/atlantidamarhotel.com\/de\/wp-json\/wp\/v2\/pages\/6325\/page\/2\/\"><span>Weiter<\/span><\/a>\t\t\t<\/div>\r\n\t\t<\/nav>\r\n\t\t\t<div class=\"w-grid-json hidden\" onclick='return {&quot;action&quot;:&quot;us_ajax_grid&quot;,&quot;ajax_url&quot;:&quot;https:\\\/\\\/atlantidamarhotel.com\\\/wp-admin\\\/admin-ajax.php&quot;,&quot;infinite_scroll&quot;:0,&quot;max_num_pages&quot;:3,&quot;pagination&quot;:&quot;regular&quot;,&quot;permalink_url&quot;:&quot;https:\\\/\\\/atlantidamarhotel.com\\\/de\\\/wp-json\\\/wp\\\/v2\\\/pages\\\/6325\\\/&quot;,&quot;template_vars&quot;:{&quot;columns&quot;:&quot;3&quot;,&quot;exclude_items&quot;:&quot;none&quot;,&quot;img_size&quot;:&quot;default&quot;,&quot;ignore_items_size&quot;:0,&quot;items_layout&quot;:&quot;blog_4&quot;,&quot;items_offset&quot;:&quot;1&quot;,&quot;load_animation&quot;:&quot;none&quot;,&quot;overriding_link&quot;:&quot;none&quot;,&quot;post_id&quot;:6325,&quot;query_args&quot;:{&quot;post_type&quot;:[&quot;post&quot;],&quot;post_status&quot;:[&quot;publish&quot;,&quot;acf-disabled&quot;],&quot;posts_per_page&quot;:&quot;6&quot;},&quot;orderby_query_args&quot;:{&quot;orderby&quot;:{&quot;date&quot;:&quot;DESC&quot;}},&quot;type&quot;:&quot;grid&quot;,&quot;us_grid_ajax_index&quot;:1,&quot;us_grid_filter_params&quot;:null,&quot;us_grid_index&quot;:1,&quot;_us_grid_post_type&quot;:&quot;post&quot;,&quot;lang&quot;:&quot;de&quot;}}'><\/div>\r\n\t<\/div><\/div><\/div><\/div><\/div><\/div><\/section>\n<\/section>","protected":false},"excerpt":{"rendered":"Die Insel Terceira auf den Azoren ist ein wahres Paradies f\u00fcr Abenteuerliebhaber. Mit seiner abwechslungsreichen Landschaft, die Berge, W\u00e4lder, Str\u00e4nde und das Meer umfasst, bietet Terceira eine F\u00fclle spannender Aktivit\u00e4ten. Hier sind einige der besten Abenteueraktivit\u00e4ten, die die Insel zu bieten hat. Ausritte Die Erkundung der Insel Terceira zu Pferd ist eine fantastische M\u00f6glichkeit, die...","protected":false},"author":1,"featured_media":6311,"parent":0,"menu_order":0,"comment_status":"closed","ping_status":"closed","template":"","meta":{"_monsterinsights_skip_tracking":false,"_monsterinsights_sitenote_active":false,"_monsterinsights_sitenote_note":"","_monsterinsights_sitenote_category":0},"acf":[],"yoast_head":"<!-- This site is optimized with the Yoast SEO plugin v20.12 - https:\/\/yoast.com\/wordpress\/plugins\/seo\/ -->\n<title>Blog - Atl\u00e2ntida Mar Hotel<\/title>\n<meta name=\"robots\" content=\"index, follow, max-snippet:-1, max-image-preview:large, max-video-preview:-1\" \/>\n<link rel=\"canonical\" href=\"https:\/\/atlantidamarhotel.com\/de\/blog\/\" \/>\n<meta property=\"og:locale\" content=\"de_DE\" \/>\n<meta property=\"og:type\" content=\"article\" \/>\n<meta property=\"og:title\" content=\"Blog - Atl\u00e2ntida Mar Hotel\" \/>\n<meta property=\"og:url\" content=\"https:\/\/atlantidamarhotel.com\/de\/blog\/\" \/>\n<meta property=\"og:site_name\" content=\"Atl\u00e2ntida Mar Hotel\" \/>\n<meta property=\"article:publisher\" content=\"https:\/\/www.facebook.com\/AtlantidaMarHotel\/\" \/>\n<meta name=\"twitter:card\" content=\"summary_large_image\" \/>\n<script type=\"application\/ld+json\" class=\"yoast-schema-graph\">{\"@context\":\"https:\/\/schema.org\",\"@graph\":[{\"@type\":\"WebPage\",\"@id\":\"https:\/\/atlantidamarhotel.com\/de\/blog\/\",\"url\":\"https:\/\/atlantidamarhotel.com\/de\/blog\/\",\"name\":\"Blog - Atl\u00e2ntida Mar Hotel\",\"isPartOf\":{\"@id\":\"https:\/\/atlantidamarhotel.com\/de\/#website\"},\"datePublished\":\"2023-06-22T21:02:44+00:00\",\"dateModified\":\"2023-06-22T21:02:44+00:00\",\"breadcrumb\":{\"@id\":\"https:\/\/atlantidamarhotel.com\/de\/blog\/#breadcrumb\"},\"inLanguage\":\"de\",\"potentialAction\":[{\"@type\":\"ReadAction\",\"target\":[\"https:\/\/atlantidamarhotel.com\/de\/blog\/\"]}]},{\"@type\":\"BreadcrumbList\",\"@id\":\"https:\/\/atlantidamarhotel.com\/de\/blog\/#breadcrumb\",\"itemListElement\":[{\"@type\":\"ListItem\",\"position\":1,\"name\":\"Home\",\"item\":\"https:\/\/atlantidamarhotel.com\/de\/\"},{\"@type\":\"ListItem\",\"position\":2,\"name\":\"Blog\"}]},{\"@type\":\"WebSite\",\"@id\":\"https:\/\/atlantidamarhotel.com\/de\/#website\",\"url\":\"https:\/\/atlantidamarhotel.com\/de\/\",\"name\":\"Atl\u00e2ntida Mar Hotel\",\"description\":\"Aparthotel\",\"publisher\":{\"@id\":\"https:\/\/atlantidamarhotel.com\/de\/#organization\"},\"potentialAction\":[{\"@type\":\"SearchAction\",\"target\":{\"@type\":\"EntryPoint\",\"urlTemplate\":\"https:\/\/atlantidamarhotel.com\/de\/?s={search_term_string}\"},\"query-input\":\"required name=search_term_string\"}],\"inLanguage\":\"de\"},{\"@type\":\"Organization\",\"@id\":\"https:\/\/atlantidamarhotel.com\/de\/#organization\",\"name\":\"Atl\u00e2ntida Mar Hotel\",\"url\":\"https:\/\/atlantidamarhotel.com\/de\/\",\"logo\":{\"@type\":\"ImageObject\",\"inLanguage\":\"de\",\"@id\":\"https:\/\/atlantidamarhotel.com\/de\/#\/schema\/logo\/image\/\",\"url\":\"https:\/\/atlantidamarhotel.com\/wp-content\/uploads\/2016\/12\/logo-Atlantida-mar-hotel-2.png\",\"contentUrl\":\"https:\/\/atlantidamarhotel.com\/wp-content\/uploads\/2016\/12\/logo-Atlantida-mar-hotel-2.png\",\"width\":1600,\"height\":445,\"caption\":\"Atl\u00e2ntida Mar Hotel\"},\"image\":{\"@id\":\"https:\/\/atlantidamarhotel.com\/de\/#\/schema\/logo\/image\/\"},\"sameAs\":[\"https:\/\/www.facebook.com\/AtlantidaMarHotel\/\"]}]}<\/script>\n<!-- \/ Yoast SEO plugin. -->","yoast_head_json":{"title":"Blog - Atl\u00e2ntida Mar Hotel","robots":{"index":"index","follow":"follow","max-snippet":"max-snippet:-1","max-image-preview":"max-image-preview:large","max-video-preview":"max-video-preview:-1"},"canonical":"https:\/\/atlantidamarhotel.com\/de\/blog\/","og_locale":"de_DE","og_type":"article","og_title":"Blog - Atl\u00e2ntida Mar Hotel","og_url":"https:\/\/atlantidamarhotel.com\/de\/blog\/","og_site_name":"Atl\u00e2ntida Mar Hotel","article_publisher":"https:\/\/www.facebook.com\/AtlantidaMarHotel\/","twitter_card":"summary_large_image","schema":{"@context":"https:\/\/schema.org","@graph":[{"@type":"WebPage","@id":"https:\/\/atlantidamarhotel.com\/de\/blog\/","url":"https:\/\/atlantidamarhotel.com\/de\/blog\/","name":"Blog - Atl\u00e2ntida Mar Hotel","isPartOf":{"@id":"https:\/\/atlantidamarhotel.com\/de\/#website"},"datePublished":"2023-06-22T21:02:44+00:00","dateModified":"2023-06-22T21:02:44+00:00","breadcrumb":{"@id":"https:\/\/atlantidamarhotel.com\/de\/blog\/#breadcrumb"},"inLanguage":"de","potentialAction":[{"@type":"ReadAction","target":["https:\/\/atlantidamarhotel.com\/de\/blog\/"]}]},{"@type":"BreadcrumbList","@id":"https:\/\/atlantidamarhotel.com\/de\/blog\/#breadcrumb","itemListElement":[{"@type":"ListItem","position":1,"name":"Home","item":"https:\/\/atlantidamarhotel.com\/de\/"},{"@type":"ListItem","position":2,"name":"Blog"}]},{"@type":"WebSite","@id":"https:\/\/atlantidamarhotel.com\/de\/#website","url":"https:\/\/atlantidamarhotel.com\/de\/","name":"Atl\u00e2ntida Mar Hotel","description":"Aparthotel","publisher":{"@id":"https:\/\/atlantidamarhotel.com\/de\/#organization"},"potentialAction":[{"@type":"SearchAction","target":{"@type":"EntryPoint","urlTemplate":"https:\/\/atlantidamarhotel.com\/de\/?s={search_term_string}"},"query-input":"required name=search_term_string"}],"inLanguage":"de"},{"@type":"Organization","@id":"https:\/\/atlantidamarhotel.com\/de\/#organization","name":"Atl\u00e2ntida Mar Hotel","url":"https:\/\/atlantidamarhotel.com\/de\/","logo":{"@type":"ImageObject","inLanguage":"de","@id":"https:\/\/atlantidamarhotel.com\/de\/#\/schema\/logo\/image\/","url":"https:\/\/atlantidamarhotel.com\/wp-content\/uploads\/2016\/12\/logo-Atlantida-mar-hotel-2.png","contentUrl":"https:\/\/atlantidamarhotel.com\/wp-content\/uploads\/2016\/12\/logo-Atlantida-mar-hotel-2.png","width":1600,"height":445,"caption":"Atl\u00e2ntida Mar Hotel"},"image":{"@id":"https:\/\/atlantidamarhotel.com\/de\/#\/schema\/logo\/image\/"},"sameAs":["https:\/\/www.facebook.com\/AtlantidaMarHotel\/"]}]}},"_links":{"self":[{"href":"https:\/\/atlantidamarhotel.com\/de\/wp-json\/wp\/v2\/pages\/6325"}],"collection":[{"href":"https:\/\/atlantidamarhotel.com\/de\/wp-json\/wp\/v2\/pages"}],"about":[{"href":"https:\/\/atlantidamarhotel.com\/de\/wp-json\/wp\/v2\/types\/page"}],"author":[{"embeddable":true,"href":"https:\/\/atlantidamarhotel.com\/de\/wp-json\/wp\/v2\/users\/1"}],"replies":[{"embeddable":true,"href":"https:\/\/atlantidamarhotel.com\/de\/wp-json\/wp\/v2\/comments?post=6325"}],"version-history":[{"count":0,"href":"https:\/\/atlantidamarhotel.com\/de\/wp-json\/wp\/v2\/pages\/6325\/revisions"}],"wp:featuredmedia":[{"embeddable":true,"href":"https:\/\/atlantidamarhotel.com\/de\/wp-json\/wp\/v2\/media\/6311"}],"wp:attachment":[{"href":"https:\/\/atlantidamarhotel.com\/de\/wp-json\/wp\/v2\/media?parent=6325"}],"curies":[{"name":"wp","href":"https:\/\/api.w.org\/{rel}","templated":true}]}}