{"id":6493,"date":"2023-06-26T13:03:09","date_gmt":"2023-06-26T14:03:09","guid":{"rendered":"https:\/\/atlantidamarhotel.com\/videos\/"},"modified":"2023-08-11T22:49:53","modified_gmt":"2023-08-11T23:49:53","slug":"videos","status":"publish","type":"page","link":"https:\/\/atlantidamarhotel.com\/de\/videos\/","title":{"rendered":"Videos"},"content":{"rendered":"<section class=\"wpb-content-wrapper\"><section class=\"l-section wpb_row height_custom\"><div class=\"l-section-h i-cf\"><div class=\"g-cols vc_row via_flex valign_top type_default stacking_default\"><div class=\"vc_col-sm-12 wpb_column vc_column_container\"><div class=\"vc_column-inner\"><div class=\"wpb_wrapper\"><div class=\"wpb_text_column\"><div class=\"wpb_wrapper\"><p>Hier bieten wir Ihnen ein reichhaltiges visuelles Erlebnis, das Sie auf eine virtuelle Reise durch das Atl\u00e2ntida Mar Hotel und den Charme der Insel Terceira mitnimmt. Entdecken Sie die Sch\u00f6nheit unserer Zimmer, genie\u00dfen Sie den Panoramablick von unserer Terrasse und tauchen Sie ein in das pulsierende Leben vor Ort. Mit unseren Videos k\u00f6nnen Sie schon vor Ihrem Besuch die einzigartige Atmosph\u00e4re unseres Hotels und der bezaubernden Insel der Azoren sp\u00fcren. Wir freuen uns, diese Erfahrungen mit Ihnen zu teilen!<\/p>\n<\/div><\/div><div class=\"w-separator size_medium\"><\/div><div class=\"wpb_text_column\"><div class=\"wpb_wrapper\"><h4 style=\"text-align: center;\">Atl\u00e2ntida Mar Hotel &#8211; Pr\u00e4sentationsvideo<\/h4>\n<\/div><\/div><div class=\"w-separator size_small\"><\/div><div class=\"w-html hide_on_tablets hide_on_mobiles\"><iframe width=\"1215\" height=\"684\" src=\"https:\/\/www.youtube.com\/embed\/627bT_7eMjk?rel=0\" frameborder=\"0\" allow=\"accelerometer; clipboard-write; encrypted-media; gyroscope; picture-in-picture\" allowfullscreen><\/iframe><\/div><div class=\"w-html hide_on_default hide_on_laptops\"><iframe width=\"582\" height=\"327\" src=\"https:\/\/www.youtube.com\/embed\/627bT_7eMjk?rel=0\" frameborder=\"0\" allow=\"accelerometer; clipboard-write; encrypted-media; gyroscope; picture-in-picture\" allowfullscreen><\/iframe><\/div><\/div><\/div><\/div><\/div><\/div><\/section><section class=\"l-section wpb_row height_custom\"><div class=\"l-section-h i-cf\"><div class=\"g-cols vc_row via_flex valign_top type_default stacking_default\"><div class=\"vc_col-sm-6 wpb_column vc_column_container\"><div class=\"vc_column-inner\"><div class=\"wpb_wrapper\"><div class=\"wpb_text_column\"><div class=\"wpb_wrapper\"><h4 style=\"text-align: center;\">Rezeption, Bar und Saal<\/h4>\n<\/div><\/div><div class=\"w-separator size_small\"><\/div><div class=\"w-html\"><iframe width=\"582\" height=\"327\" src=\"https:\/\/www.youtube.com\/embed\/qFpMzoGFO0A?rel=0\" frameborder=\"0\" allow=\"accelerometer; clipboard-write; encrypted-media; gyroscope; picture-in-picture\" allowfullscreen><\/iframe><\/div><div class=\"w-separator size_small\"><\/div><div class=\"wpb_text_column\"><div class=\"wpb_wrapper\"><h4 style=\"text-align: center;\">Standardzimmer mit Meerblick<\/h4>\n<\/div><\/div><div class=\"w-separator size_small\"><\/div><div class=\"w-html\"><iframe width=\"582\" height=\"327\" src=\"https:\/\/www.youtube.com\/embed\/dvOcNACNI7Y?rel=0\" frameborder=\"0\" allow=\"accelerometer; clipboard-write; encrypted-media; gyroscope; picture-in-picture\" allowfullscreen><\/iframe><\/div><div class=\"w-separator size_small\"><\/div><div class=\"wpb_text_column\"><div class=\"wpb_wrapper\"><h4 style=\"text-align: center;\">Suite mit Meerblick<\/h4>\n<\/div><\/div><div class=\"w-separator size_small\"><\/div><div class=\"w-html\"><iframe width=\"582\" height=\"327\" src=\"https:\/\/www.youtube.com\/embed\/WLtp1TSOcqw?rel=0\" frameborder=\"0\" allow=\"accelerometer; clipboard-write; encrypted-media; gyroscope; picture-in-picture\" allowfullscreen><\/iframe><\/div><div class=\"w-separator size_small\"><\/div><div class=\"wpb_text_column\"><div class=\"wpb_wrapper\"><h4 style=\"text-align: center;\">Fr\u00fchst\u00fcck, Pool und Terrasse<\/h4>\n<\/div><\/div><div class=\"w-separator size_small\"><\/div><div class=\"w-html\"><iframe width=\"582\" height=\"327\" src=\"https:\/\/www.youtube.com\/embed\/N8Gn4CVsTko?rel=0\" frameborder=\"0\" allow=\"accelerometer; clipboard-write; encrypted-media; gyroscope; picture-in-picture\" allowfullscreen><\/iframe><\/div><\/div><\/div><\/div><div class=\"vc_col-sm-6 wpb_column vc_column_container\"><div class=\"vc_column-inner\"><div class=\"wpb_wrapper\"><div class=\"wpb_text_column\"><div class=\"wpb_wrapper\"><h4 style=\"text-align: center;\">Standardzimmer mit Bergblick<\/h4>\n<\/div><\/div><div class=\"w-separator size_small\"><\/div><div class=\"w-html\"><iframe width=\"582\" height=\"327\" src=\"https:\/\/www.youtube.com\/embed\/VD-eCXkY2bk?rel=0\" frameborder=\"0\" allow=\"accelerometer; clipboard-write; encrypted-media; gyroscope; picture-in-picture\" allowfullscreen><\/iframe><\/div><div class=\"w-separator size_small\"><\/div><div class=\"wpb_text_column\"><div class=\"wpb_wrapper\"><h4 style=\"text-align: center;\">Junior Suite mit Meerblick<\/h4>\n<\/div><\/div><div class=\"w-separator size_small\"><\/div><div class=\"w-html\"><iframe width=\"582\" height=\"327\" src=\"https:\/\/www.youtube.com\/embed\/WeogkclQPFE?rel=0\" frameborder=\"0\" allow=\"accelerometer; clipboard-write; encrypted-media; gyroscope; picture-in-picture\" allowfullscreen><\/iframe><\/div><div class=\"w-separator size_small\"><\/div><div class=\"wpb_text_column\"><div class=\"wpb_wrapper\"><h4 style=\"text-align: center;\">Duplex-Suite mit Meerblick<\/h4>\n<\/div><\/div><div class=\"w-separator size_small\"><\/div><div class=\"w-html\"><iframe width=\"582\" height=\"327\" src=\"https:\/\/www.youtube.com\/embed\/aOEZDh00dgE?rel=0\" frameborder=\"0\" allow=\"accelerometer; clipboard-write; encrypted-media; gyroscope; picture-in-picture\" allowfullscreen><\/iframe><\/div><div class=\"w-separator size_small\"><\/div><div class=\"wpb_text_column\"><div class=\"wpb_wrapper\"><h4 style=\"text-align: center;\">Au\u00dfenbereich mit Meerblick<\/h4>\n<\/div><\/div><div class=\"w-separator size_small\"><\/div><div class=\"w-html\"><iframe width=\"582\" height=\"327\" src=\"https:\/\/www.youtube.com\/embed\/lpvQUPDE6CM?rel=0\" frameborder=\"0\" allow=\"accelerometer; clipboard-write; encrypted-media; gyroscope; picture-in-picture\" allowfullscreen><\/iframe><\/div><\/div><\/div><\/div><\/div><\/div><\/section>\n<\/section>","protected":false},"excerpt":{"rendered":"Hier bieten wir Ihnen ein reichhaltiges visuelles Erlebnis, das Sie auf eine virtuelle Reise durch das Atl\u00e2ntida Mar Hotel und den Charme der Insel Terceira mitnimmt. Entdecken Sie die Sch\u00f6nheit unserer Zimmer, genie\u00dfen Sie den Panoramablick von unserer Terrasse und tauchen Sie ein in das pulsierende Leben vor Ort. Mit unseren Videos k\u00f6nnen Sie schon...","protected":false},"author":1,"featured_media":6427,"parent":0,"menu_order":0,"comment_status":"closed","ping_status":"closed","template":"","meta":{"_monsterinsights_skip_tracking":false,"_monsterinsights_sitenote_active":false,"_monsterinsights_sitenote_note":"","_monsterinsights_sitenote_category":0},"acf":[],"yoast_head":"<!-- This site is optimized with the Yoast SEO plugin v20.12 - https:\/\/yoast.com\/wordpress\/plugins\/seo\/ -->\n<title>Videos Atl\u00e2ntida Mar Hotel: Entdecken Sie das visuelle Erlebnis der Azoren<\/title>\n<meta name=\"description\" content=\"Entdecken Sie unsere Videosammlung und begeben Sie sich auf eine virtuelle Reise zum Atl\u00e2ntida Mar Hotel und zur Insel Terceira. Entdecken Sie den Charme unseres Hotels und die wundersch\u00f6ne Landschaft der Azoren in unserer Videogalerie.\" \/>\n<meta name=\"robots\" content=\"index, follow, max-snippet:-1, max-image-preview:large, max-video-preview:-1\" \/>\n<link rel=\"canonical\" href=\"https:\/\/atlantidamarhotel.com\/de\/videos\/\" \/>\n<meta property=\"og:locale\" content=\"de_DE\" \/>\n<meta property=\"og:type\" content=\"article\" \/>\n<meta property=\"og:title\" content=\"Videos Atl\u00e2ntida Mar Hotel: Entdecken Sie das visuelle Erlebnis der Azoren\" \/>\n<meta property=\"og:description\" content=\"Entdecken Sie unsere Videosammlung und begeben Sie sich auf eine virtuelle Reise zum Atl\u00e2ntida Mar Hotel und zur Insel Terceira. Entdecken Sie den Charme unseres Hotels und die wundersch\u00f6ne Landschaft der Azoren in unserer Videogalerie.\" \/>\n<meta property=\"og:url\" content=\"https:\/\/atlantidamarhotel.com\/de\/videos\/\" \/>\n<meta property=\"og:site_name\" content=\"Atl\u00e2ntida Mar Hotel\" \/>\n<meta property=\"article:publisher\" content=\"https:\/\/www.facebook.com\/AtlantidaMarHotel\/\" \/>\n<meta property=\"article:modified_time\" content=\"2023-08-11T23:49:53+00:00\" \/>\n<meta property=\"og:image\" content=\"https:\/\/atlantidamarhotel.com\/wp-content\/uploads\/2023\/06\/hotel-aparthotel-azores-terceira-island-ilha-atlantida-mar-ocean-oceano-piscina-pool-final-tarde-evening.jpg\" \/>\n\t<meta property=\"og:image:width\" content=\"1833\" \/>\n\t<meta property=\"og:image:height\" content=\"1222\" \/>\n\t<meta property=\"og:image:type\" content=\"image\/jpeg\" \/>\n<meta name=\"twitter:card\" content=\"summary_large_image\" \/>\n<meta name=\"twitter:label1\" content=\"Gesch\u00e4tzte Lesezeit\" \/>\n\t<meta name=\"twitter:data1\" content=\"1\u00a0Minute\" \/>\n<script type=\"application\/ld+json\" class=\"yoast-schema-graph\">{\"@context\":\"https:\/\/schema.org\",\"@graph\":[{\"@type\":\"WebPage\",\"@id\":\"https:\/\/atlantidamarhotel.com\/de\/videos\/\",\"url\":\"https:\/\/atlantidamarhotel.com\/de\/videos\/\",\"name\":\"Videos Atl\u00e2ntida Mar Hotel: Entdecken Sie das visuelle Erlebnis der Azoren\",\"isPartOf\":{\"@id\":\"https:\/\/atlantidamarhotel.com\/de\/#website\"},\"datePublished\":\"2023-06-26T14:03:09+00:00\",\"dateModified\":\"2023-08-11T23:49:53+00:00\",\"description\":\"Entdecken Sie unsere Videosammlung und begeben Sie sich auf eine virtuelle Reise zum Atl\u00e2ntida Mar Hotel und zur Insel Terceira. Entdecken Sie den Charme unseres Hotels und die wundersch\u00f6ne Landschaft der Azoren in unserer Videogalerie.\",\"breadcrumb\":{\"@id\":\"https:\/\/atlantidamarhotel.com\/de\/videos\/#breadcrumb\"},\"inLanguage\":\"de\",\"potentialAction\":[{\"@type\":\"ReadAction\",\"target\":[\"https:\/\/atlantidamarhotel.com\/de\/videos\/\"]}]},{\"@type\":\"BreadcrumbList\",\"@id\":\"https:\/\/atlantidamarhotel.com\/de\/videos\/#breadcrumb\",\"itemListElement\":[{\"@type\":\"ListItem\",\"position\":1,\"name\":\"Home\",\"item\":\"https:\/\/atlantidamarhotel.com\/de\/\"},{\"@type\":\"ListItem\",\"position\":2,\"name\":\"Videos\"}]},{\"@type\":\"WebSite\",\"@id\":\"https:\/\/atlantidamarhotel.com\/de\/#website\",\"url\":\"https:\/\/atlantidamarhotel.com\/de\/\",\"name\":\"Atl\u00e2ntida Mar Hotel\",\"description\":\"Aparthotel\",\"publisher\":{\"@id\":\"https:\/\/atlantidamarhotel.com\/de\/#organization\"},\"potentialAction\":[{\"@type\":\"SearchAction\",\"target\":{\"@type\":\"EntryPoint\",\"urlTemplate\":\"https:\/\/atlantidamarhotel.com\/de\/?s={search_term_string}\"},\"query-input\":\"required name=search_term_string\"}],\"inLanguage\":\"de\"},{\"@type\":\"Organization\",\"@id\":\"https:\/\/atlantidamarhotel.com\/de\/#organization\",\"name\":\"Atl\u00e2ntida Mar Hotel\",\"url\":\"https:\/\/atlantidamarhotel.com\/de\/\",\"logo\":{\"@type\":\"ImageObject\",\"inLanguage\":\"de\",\"@id\":\"https:\/\/atlantidamarhotel.com\/de\/#\/schema\/logo\/image\/\",\"url\":\"https:\/\/atlantidamarhotel.com\/wp-content\/uploads\/2016\/12\/logo-Atlantida-mar-hotel-2.png\",\"contentUrl\":\"https:\/\/atlantidamarhotel.com\/wp-content\/uploads\/2016\/12\/logo-Atlantida-mar-hotel-2.png\",\"width\":1600,\"height\":445,\"caption\":\"Atl\u00e2ntida Mar Hotel\"},\"image\":{\"@id\":\"https:\/\/atlantidamarhotel.com\/de\/#\/schema\/logo\/image\/\"},\"sameAs\":[\"https:\/\/www.facebook.com\/AtlantidaMarHotel\/\"]}]}<\/script>\n<!-- \/ Yoast SEO plugin. -->","yoast_head_json":{"title":"Videos Atl\u00e2ntida Mar Hotel: Entdecken Sie das visuelle Erlebnis der Azoren","description":"Entdecken Sie unsere Videosammlung und begeben Sie sich auf eine virtuelle Reise zum Atl\u00e2ntida Mar Hotel und zur Insel Terceira. Entdecken Sie den Charme unseres Hotels und die wundersch\u00f6ne Landschaft der Azoren in unserer Videogalerie.","robots":{"index":"index","follow":"follow","max-snippet":"max-snippet:-1","max-image-preview":"max-image-preview:large","max-video-preview":"max-video-preview:-1"},"canonical":"https:\/\/atlantidamarhotel.com\/de\/videos\/","og_locale":"de_DE","og_type":"article","og_title":"Videos Atl\u00e2ntida Mar Hotel: Entdecken Sie das visuelle Erlebnis der Azoren","og_description":"Entdecken Sie unsere Videosammlung und begeben Sie sich auf eine virtuelle Reise zum Atl\u00e2ntida Mar Hotel und zur Insel Terceira. Entdecken Sie den Charme unseres Hotels und die wundersch\u00f6ne Landschaft der Azoren in unserer Videogalerie.","og_url":"https:\/\/atlantidamarhotel.com\/de\/videos\/","og_site_name":"Atl\u00e2ntida Mar Hotel","article_publisher":"https:\/\/www.facebook.com\/AtlantidaMarHotel\/","article_modified_time":"2023-08-11T23:49:53+00:00","og_image":[{"width":1833,"height":1222,"url":"https:\/\/atlantidamarhotel.com\/wp-content\/uploads\/2023\/06\/hotel-aparthotel-azores-terceira-island-ilha-atlantida-mar-ocean-oceano-piscina-pool-final-tarde-evening.jpg","type":"image\/jpeg"}],"twitter_card":"summary_large_image","twitter_misc":{"Gesch\u00e4tzte Lesezeit":"1\u00a0Minute"},"schema":{"@context":"https:\/\/schema.org","@graph":[{"@type":"WebPage","@id":"https:\/\/atlantidamarhotel.com\/de\/videos\/","url":"https:\/\/atlantidamarhotel.com\/de\/videos\/","name":"Videos Atl\u00e2ntida Mar Hotel: Entdecken Sie das visuelle Erlebnis der Azoren","isPartOf":{"@id":"https:\/\/atlantidamarhotel.com\/de\/#website"},"datePublished":"2023-06-26T14:03:09+00:00","dateModified":"2023-08-11T23:49:53+00:00","description":"Entdecken Sie unsere Videosammlung und begeben Sie sich auf eine virtuelle Reise zum Atl\u00e2ntida Mar Hotel und zur Insel Terceira. Entdecken Sie den Charme unseres Hotels und die wundersch\u00f6ne Landschaft der Azoren in unserer Videogalerie.","breadcrumb":{"@id":"https:\/\/atlantidamarhotel.com\/de\/videos\/#breadcrumb"},"inLanguage":"de","potentialAction":[{"@type":"ReadAction","target":["https:\/\/atlantidamarhotel.com\/de\/videos\/"]}]},{"@type":"BreadcrumbList","@id":"https:\/\/atlantidamarhotel.com\/de\/videos\/#breadcrumb","itemListElement":[{"@type":"ListItem","position":1,"name":"Home","item":"https:\/\/atlantidamarhotel.com\/de\/"},{"@type":"ListItem","position":2,"name":"Videos"}]},{"@type":"WebSite","@id":"https:\/\/atlantidamarhotel.com\/de\/#website","url":"https:\/\/atlantidamarhotel.com\/de\/","name":"Atl\u00e2ntida Mar Hotel","description":"Aparthotel","publisher":{"@id":"https:\/\/atlantidamarhotel.com\/de\/#organization"},"potentialAction":[{"@type":"SearchAction","target":{"@type":"EntryPoint","urlTemplate":"https:\/\/atlantidamarhotel.com\/de\/?s={search_term_string}"},"query-input":"required name=search_term_string"}],"inLanguage":"de"},{"@type":"Organization","@id":"https:\/\/atlantidamarhotel.com\/de\/#organization","name":"Atl\u00e2ntida Mar Hotel","url":"https:\/\/atlantidamarhotel.com\/de\/","logo":{"@type":"ImageObject","inLanguage":"de","@id":"https:\/\/atlantidamarhotel.com\/de\/#\/schema\/logo\/image\/","url":"https:\/\/atlantidamarhotel.com\/wp-content\/uploads\/2016\/12\/logo-Atlantida-mar-hotel-2.png","contentUrl":"https:\/\/atlantidamarhotel.com\/wp-content\/uploads\/2016\/12\/logo-Atlantida-mar-hotel-2.png","width":1600,"height":445,"caption":"Atl\u00e2ntida Mar Hotel"},"image":{"@id":"https:\/\/atlantidamarhotel.com\/de\/#\/schema\/logo\/image\/"},"sameAs":["https:\/\/www.facebook.com\/AtlantidaMarHotel\/"]}]}},"_links":{"self":[{"href":"https:\/\/atlantidamarhotel.com\/de\/wp-json\/wp\/v2\/pages\/6493"}],"collection":[{"href":"https:\/\/atlantidamarhotel.com\/de\/wp-json\/wp\/v2\/pages"}],"about":[{"href":"https:\/\/atlantidamarhotel.com\/de\/wp-json\/wp\/v2\/types\/page"}],"author":[{"embeddable":true,"href":"https:\/\/atlantidamarhotel.com\/de\/wp-json\/wp\/v2\/users\/1"}],"replies":[{"embeddable":true,"href":"https:\/\/atlantidamarhotel.com\/de\/wp-json\/wp\/v2\/comments?post=6493"}],"version-history":[{"count":13,"href":"https:\/\/atlantidamarhotel.com\/de\/wp-json\/wp\/v2\/pages\/6493\/revisions"}],"predecessor-version":[{"id":6929,"href":"https:\/\/atlantidamarhotel.com\/de\/wp-json\/wp\/v2\/pages\/6493\/revisions\/6929"}],"wp:featuredmedia":[{"embeddable":true,"href":"https:\/\/atlantidamarhotel.com\/de\/wp-json\/wp\/v2\/media\/6427"}],"wp:attachment":[{"href":"https:\/\/atlantidamarhotel.com\/de\/wp-json\/wp\/v2\/media?parent=6493"}],"curies":[{"name":"wp","href":"https:\/\/api.w.org\/{rel}","templated":true}]}}