{"id":6609,"date":"2023-06-27T10:23:11","date_gmt":"2023-06-27T11:23:11","guid":{"rendered":"https:\/\/atlantidamarhotel.com\/azores-2020\/"},"modified":"2023-06-29T10:56:14","modified_gmt":"2023-06-29T11:56:14","slug":"azores-2020","status":"publish","type":"page","link":"https:\/\/atlantidamarhotel.com\/de\/azores-2020\/","title":{"rendered":"Azores 2020"},"content":{"rendered":"<p><strong>Projektbeschreibung<\/strong>: VALE DIGITAL A\u00c7ORES<br \/>\n<strong>Projektnummer<\/strong>: ACORES-03-0853-FEDER-102481. OI N\u00ba 9815<br \/>\n<strong>Hauptziel<\/strong>: St\u00e4rkung der Wettbewerbsf\u00e4higkeit des Unternehmens<br \/>\n<strong>Beg\u00fcnstigter<\/strong>: Atlantida Mar &#8211; Empreendimentos Tur\u00edsticos, Lda.<br \/>\n<strong>F\u00f6rderf\u00e4hige Gesamtkosten<\/strong>: 9.620\u20ac<br \/>\n<strong>Beschreibung<\/strong>: F\u00f6rderung der Wettbewerbsbedingungen des Atl\u00e2ntida Mar Hotels durch die Einf\u00fchrung digitaler Technologien, insbesondere im Bereich des digitalen Marketings und des elektronischen Handels, St\u00e4rkung der Pr\u00e4senz des Unternehmens in der digitalen Wirtschaft und Investition zu diesem Zweck in Vertragsdienstleistungen zur Beherrschung digitaler Technologien , n\u00e4mlich: Erstellung einer Website von Grund auf, Erstellung eines institutionellen Videos f\u00fcr das Hotel, Erstellung von 3D-Bildern (Virtual Tour), Erstellung digitaler Inhalte und SEO-Kampagnen.<br \/>\n<strong>Ergebnis<\/strong>: https:\/\/atlantidamarhotel.com<\/p>\n<p><img decoding=\"async\" loading=\"lazy\" class=\"alignnone size-large wp-image-6603\" src=\"https:\/\/atlantidamarhotel.com\/wp-content\/uploads\/2021\/11\/2020_b-1024x79.png\" alt=\"\" width=\"1024\" height=\"79\" srcset=\"https:\/\/atlantidamarhotel.com\/wp-content\/uploads\/2021\/11\/2020_b-1024x79.png 1024w, https:\/\/atlantidamarhotel.com\/wp-content\/uploads\/2021\/11\/2020_b-300x23.png 300w\" sizes=\"(max-width: 1024px) 100vw, 1024px\" \/><\/p>\n","protected":false},"excerpt":{"rendered":"<p>Projektbeschreibung: VALE DIGITAL A\u00c7ORES Projektnummer: ACORES-03-0853-FEDER-102481. OI N\u00ba 9815 Hauptziel: St\u00e4rkung der Wettbewerbsf\u00e4higkeit des Unternehmens Beg\u00fcnstigter: Atlantida Mar &#8211; Empreendimentos Tur\u00edsticos, Lda. F\u00f6rderf\u00e4hige Gesamtkosten: 9.620\u20ac Beschreibung: F\u00f6rderung der Wettbewerbsbedingungen des Atl\u00e2ntida Mar Hotels durch die Einf\u00fchrung digitaler Technologien, insbesondere im Bereich des digitalen Marketings und des elektronischen Handels, St\u00e4rkung der Pr\u00e4senz des Unternehmens in der&#8230;<\/p>\n","protected":false},"author":1,"featured_media":6205,"parent":0,"menu_order":0,"comment_status":"closed","ping_status":"closed","template":"","meta":{"_monsterinsights_skip_tracking":false,"_monsterinsights_sitenote_active":false,"_monsterinsights_sitenote_note":"","_monsterinsights_sitenote_category":0},"acf":[],"yoast_head":"<!-- This site is optimized with the Yoast SEO plugin v20.12 - https:\/\/yoast.com\/wordpress\/plugins\/seo\/ -->\n<title>Azores 2020 - Atl\u00e2ntida Mar Hotel<\/title>\n<meta name=\"robots\" content=\"index, follow, max-snippet:-1, max-image-preview:large, max-video-preview:-1\" \/>\n<link rel=\"canonical\" href=\"https:\/\/atlantidamarhotel.com\/de\/azores-2020\/\" \/>\n<meta property=\"og:locale\" content=\"de_DE\" \/>\n<meta property=\"og:type\" content=\"article\" \/>\n<meta property=\"og:title\" content=\"Azores 2020 - Atl\u00e2ntida Mar Hotel\" \/>\n<meta property=\"og:description\" content=\"Projektbeschreibung: VALE DIGITAL A\u00c7ORES Projektnummer: ACORES-03-0853-FEDER-102481. OI N\u00ba 9815 Hauptziel: St\u00e4rkung der Wettbewerbsf\u00e4higkeit des Unternehmens Beg\u00fcnstigter: Atlantida Mar &#8211; Empreendimentos Tur\u00edsticos, Lda. F\u00f6rderf\u00e4hige Gesamtkosten: 9.620\u20ac Beschreibung: F\u00f6rderung der Wettbewerbsbedingungen des Atl\u00e2ntida Mar Hotels durch die Einf\u00fchrung digitaler Technologien, insbesondere im Bereich des digitalen Marketings und des elektronischen Handels, St\u00e4rkung der Pr\u00e4senz des Unternehmens in der...\" \/>\n<meta property=\"og:url\" content=\"https:\/\/atlantidamarhotel.com\/de\/azores-2020\/\" \/>\n<meta property=\"og:site_name\" content=\"Atl\u00e2ntida Mar Hotel\" \/>\n<meta property=\"article:publisher\" content=\"https:\/\/www.facebook.com\/AtlantidaMarHotel\/\" \/>\n<meta property=\"article:modified_time\" content=\"2023-06-29T11:56:14+00:00\" \/>\n<meta property=\"og:image\" content=\"https:\/\/atlantidamarhotel.com\/wp-content\/uploads\/2023\/06\/hotel-aparthotel-azores-terceira-island-ilha-atlantida-mar-frente-entrada-front-entrance.jpg\" \/>\n\t<meta property=\"og:image:width\" content=\"1330\" \/>\n\t<meta property=\"og:image:height\" content=\"887\" \/>\n\t<meta property=\"og:image:type\" content=\"image\/jpeg\" \/>\n<meta name=\"twitter:card\" content=\"summary_large_image\" \/>\n<meta name=\"twitter:label1\" content=\"Gesch\u00e4tzte Lesezeit\" \/>\n\t<meta name=\"twitter:data1\" content=\"1\u00a0Minute\" \/>\n<script type=\"application\/ld+json\" class=\"yoast-schema-graph\">{\"@context\":\"https:\/\/schema.org\",\"@graph\":[{\"@type\":\"WebPage\",\"@id\":\"https:\/\/atlantidamarhotel.com\/de\/azores-2020\/\",\"url\":\"https:\/\/atlantidamarhotel.com\/de\/azores-2020\/\",\"name\":\"Azores 2020 - Atl\u00e2ntida Mar Hotel\",\"isPartOf\":{\"@id\":\"https:\/\/atlantidamarhotel.com\/de\/#website\"},\"datePublished\":\"2023-06-27T11:23:11+00:00\",\"dateModified\":\"2023-06-29T11:56:14+00:00\",\"breadcrumb\":{\"@id\":\"https:\/\/atlantidamarhotel.com\/de\/azores-2020\/#breadcrumb\"},\"inLanguage\":\"de\",\"potentialAction\":[{\"@type\":\"ReadAction\",\"target\":[\"https:\/\/atlantidamarhotel.com\/de\/azores-2020\/\"]}]},{\"@type\":\"BreadcrumbList\",\"@id\":\"https:\/\/atlantidamarhotel.com\/de\/azores-2020\/#breadcrumb\",\"itemListElement\":[{\"@type\":\"ListItem\",\"position\":1,\"name\":\"Home\",\"item\":\"https:\/\/atlantidamarhotel.com\/de\/\"},{\"@type\":\"ListItem\",\"position\":2,\"name\":\"Azores 2020\"}]},{\"@type\":\"WebSite\",\"@id\":\"https:\/\/atlantidamarhotel.com\/de\/#website\",\"url\":\"https:\/\/atlantidamarhotel.com\/de\/\",\"name\":\"Atl\u00e2ntida Mar Hotel\",\"description\":\"Aparthotel\",\"publisher\":{\"@id\":\"https:\/\/atlantidamarhotel.com\/de\/#organization\"},\"potentialAction\":[{\"@type\":\"SearchAction\",\"target\":{\"@type\":\"EntryPoint\",\"urlTemplate\":\"https:\/\/atlantidamarhotel.com\/de\/?s={search_term_string}\"},\"query-input\":\"required name=search_term_string\"}],\"inLanguage\":\"de\"},{\"@type\":\"Organization\",\"@id\":\"https:\/\/atlantidamarhotel.com\/de\/#organization\",\"name\":\"Atl\u00e2ntida Mar Hotel\",\"url\":\"https:\/\/atlantidamarhotel.com\/de\/\",\"logo\":{\"@type\":\"ImageObject\",\"inLanguage\":\"de\",\"@id\":\"https:\/\/atlantidamarhotel.com\/de\/#\/schema\/logo\/image\/\",\"url\":\"https:\/\/atlantidamarhotel.com\/wp-content\/uploads\/2016\/12\/logo-Atlantida-mar-hotel-2.png\",\"contentUrl\":\"https:\/\/atlantidamarhotel.com\/wp-content\/uploads\/2016\/12\/logo-Atlantida-mar-hotel-2.png\",\"width\":1600,\"height\":445,\"caption\":\"Atl\u00e2ntida Mar Hotel\"},\"image\":{\"@id\":\"https:\/\/atlantidamarhotel.com\/de\/#\/schema\/logo\/image\/\"},\"sameAs\":[\"https:\/\/www.facebook.com\/AtlantidaMarHotel\/\"]}]}<\/script>\n<!-- \/ Yoast SEO plugin. -->","yoast_head_json":{"title":"Azores 2020 - Atl\u00e2ntida Mar Hotel","robots":{"index":"index","follow":"follow","max-snippet":"max-snippet:-1","max-image-preview":"max-image-preview:large","max-video-preview":"max-video-preview:-1"},"canonical":"https:\/\/atlantidamarhotel.com\/de\/azores-2020\/","og_locale":"de_DE","og_type":"article","og_title":"Azores 2020 - Atl\u00e2ntida Mar Hotel","og_description":"Projektbeschreibung: VALE DIGITAL A\u00c7ORES Projektnummer: ACORES-03-0853-FEDER-102481. OI N\u00ba 9815 Hauptziel: St\u00e4rkung der Wettbewerbsf\u00e4higkeit des Unternehmens Beg\u00fcnstigter: Atlantida Mar &#8211; Empreendimentos Tur\u00edsticos, Lda. F\u00f6rderf\u00e4hige Gesamtkosten: 9.620\u20ac Beschreibung: F\u00f6rderung der Wettbewerbsbedingungen des Atl\u00e2ntida Mar Hotels durch die Einf\u00fchrung digitaler Technologien, insbesondere im Bereich des digitalen Marketings und des elektronischen Handels, St\u00e4rkung der Pr\u00e4senz des Unternehmens in der...","og_url":"https:\/\/atlantidamarhotel.com\/de\/azores-2020\/","og_site_name":"Atl\u00e2ntida Mar Hotel","article_publisher":"https:\/\/www.facebook.com\/AtlantidaMarHotel\/","article_modified_time":"2023-06-29T11:56:14+00:00","og_image":[{"width":1330,"height":887,"url":"https:\/\/atlantidamarhotel.com\/wp-content\/uploads\/2023\/06\/hotel-aparthotel-azores-terceira-island-ilha-atlantida-mar-frente-entrada-front-entrance.jpg","type":"image\/jpeg"}],"twitter_card":"summary_large_image","twitter_misc":{"Gesch\u00e4tzte Lesezeit":"1\u00a0Minute"},"schema":{"@context":"https:\/\/schema.org","@graph":[{"@type":"WebPage","@id":"https:\/\/atlantidamarhotel.com\/de\/azores-2020\/","url":"https:\/\/atlantidamarhotel.com\/de\/azores-2020\/","name":"Azores 2020 - Atl\u00e2ntida Mar Hotel","isPartOf":{"@id":"https:\/\/atlantidamarhotel.com\/de\/#website"},"datePublished":"2023-06-27T11:23:11+00:00","dateModified":"2023-06-29T11:56:14+00:00","breadcrumb":{"@id":"https:\/\/atlantidamarhotel.com\/de\/azores-2020\/#breadcrumb"},"inLanguage":"de","potentialAction":[{"@type":"ReadAction","target":["https:\/\/atlantidamarhotel.com\/de\/azores-2020\/"]}]},{"@type":"BreadcrumbList","@id":"https:\/\/atlantidamarhotel.com\/de\/azores-2020\/#breadcrumb","itemListElement":[{"@type":"ListItem","position":1,"name":"Home","item":"https:\/\/atlantidamarhotel.com\/de\/"},{"@type":"ListItem","position":2,"name":"Azores 2020"}]},{"@type":"WebSite","@id":"https:\/\/atlantidamarhotel.com\/de\/#website","url":"https:\/\/atlantidamarhotel.com\/de\/","name":"Atl\u00e2ntida Mar Hotel","description":"Aparthotel","publisher":{"@id":"https:\/\/atlantidamarhotel.com\/de\/#organization"},"potentialAction":[{"@type":"SearchAction","target":{"@type":"EntryPoint","urlTemplate":"https:\/\/atlantidamarhotel.com\/de\/?s={search_term_string}"},"query-input":"required name=search_term_string"}],"inLanguage":"de"},{"@type":"Organization","@id":"https:\/\/atlantidamarhotel.com\/de\/#organization","name":"Atl\u00e2ntida Mar Hotel","url":"https:\/\/atlantidamarhotel.com\/de\/","logo":{"@type":"ImageObject","inLanguage":"de","@id":"https:\/\/atlantidamarhotel.com\/de\/#\/schema\/logo\/image\/","url":"https:\/\/atlantidamarhotel.com\/wp-content\/uploads\/2016\/12\/logo-Atlantida-mar-hotel-2.png","contentUrl":"https:\/\/atlantidamarhotel.com\/wp-content\/uploads\/2016\/12\/logo-Atlantida-mar-hotel-2.png","width":1600,"height":445,"caption":"Atl\u00e2ntida Mar Hotel"},"image":{"@id":"https:\/\/atlantidamarhotel.com\/de\/#\/schema\/logo\/image\/"},"sameAs":["https:\/\/www.facebook.com\/AtlantidaMarHotel\/"]}]}},"_links":{"self":[{"href":"https:\/\/atlantidamarhotel.com\/de\/wp-json\/wp\/v2\/pages\/6609"}],"collection":[{"href":"https:\/\/atlantidamarhotel.com\/de\/wp-json\/wp\/v2\/pages"}],"about":[{"href":"https:\/\/atlantidamarhotel.com\/de\/wp-json\/wp\/v2\/types\/page"}],"author":[{"embeddable":true,"href":"https:\/\/atlantidamarhotel.com\/de\/wp-json\/wp\/v2\/users\/1"}],"replies":[{"embeddable":true,"href":"https:\/\/atlantidamarhotel.com\/de\/wp-json\/wp\/v2\/comments?post=6609"}],"version-history":[{"count":2,"href":"https:\/\/atlantidamarhotel.com\/de\/wp-json\/wp\/v2\/pages\/6609\/revisions"}],"predecessor-version":[{"id":6721,"href":"https:\/\/atlantidamarhotel.com\/de\/wp-json\/wp\/v2\/pages\/6609\/revisions\/6721"}],"wp:featuredmedia":[{"embeddable":true,"href":"https:\/\/atlantidamarhotel.com\/de\/wp-json\/wp\/v2\/media\/6205"}],"wp:attachment":[{"href":"https:\/\/atlantidamarhotel.com\/de\/wp-json\/wp\/v2\/media?parent=6609"}],"curies":[{"name":"wp","href":"https:\/\/api.w.org\/{rel}","templated":true}]}}