{"id":1509,"date":"2017-01-25T21:09:58","date_gmt":"2017-01-25T22:09:58","guid":{"rendered":"http:\/\/www.atlantidamarhotel.pt\/contacts\/"},"modified":"2023-06-28T08:44:15","modified_gmt":"2023-06-28T09:44:15","slug":"contactos","status":"publish","type":"page","link":"https:\/\/atlantidamarhotel.com\/pt-pt\/contactos\/","title":{"rendered":"Contactos"},"content":{"rendered":"<section class=\"wpb-content-wrapper\"><section class=\"l-section wpb_row height_custom\"><div class=\"l-section-h i-cf\"><div class=\"g-cols vc_row via_flex valign_top type_default stacking_default\"><div class=\"vc_col-sm-6 wpb_column vc_column_container\"><div class=\"vc_column-inner\"><div class=\"wpb_wrapper\"><div class=\"wpb_text_column\"><div class=\"wpb_wrapper\"><p><strong>Atl\u00e2ntida Mar Hotel<br \/>\n<\/strong>Boavista, n\u00ba 9<br \/>\n9760-557 Praia da Vit\u00f3ria &#8211; Santa Cruz<br \/>\nA\u00e7ores &#8211; Portugal<br \/>\n<strong>Telefone:<\/strong> <a href=\"tel:00351295545800\">00351 295 545 800<\/a><br \/>\n<strong>Fax:<\/strong> 00351 295 545 808<\/p>\n<p><strong>Emails:<br \/>\n<\/strong>Geral \u2013 <a href=\"mailto:info@atlantidamarhotel.pt\"><u>info@atlantidamarhotel.pt<\/u><\/a><br \/>\nReservas &#8211; <a href=\"mailto:reservations@atlantidamarhotel.pt\"><u>reservations@atlantidamarhotel.pt<\/u><\/a><br \/>\nDepartamento Comercial &#8211; <a href=\"mailto:comercial@atlantidamarhotel.pt\"><u>comercial@atlantidamarhotel.pt<\/u><\/a><br \/>\nDepartamento de Vendas &#8211; <a href=\"mailto:sales@atlantidamarhotel.pt\"><u>sales@atlantidamarhotel.pt<\/u><\/a><br \/>\nGest\u00e3o &#8211; <a href=\"mailto:manager@atlantidamarhotel.pt\"><u>manager@atlantidamarhotel.pt<\/u><\/a><\/p>\n<\/div><\/div><\/div><\/div><\/div><div class=\"vc_col-sm-6 wpb_column vc_column_container\"><div class=\"vc_column-inner\"><div class=\"wpb_wrapper\"><div class=\"w-map provider_osm\" id=\"us_map_1\"><div class=\"w-map-json\" onclick='return {&quot;address&quot;:&quot;38.721077,-27.062501&quot;,&quot;zoom&quot;:14,&quot;hideControls&quot;:0,&quot;disableZoom&quot;:0,&quot;disableDragging&quot;:0,&quot;markers&quot;:[{&quot;address&quot;:&quot;38.721077,-27.062501&quot;,&quot;html&quot;:&quot;&lt;b&gt;Atl\\u00e2ntida Mar Hotel&lt;\\\/b&gt;\\r\\n&lt;br&gt;Boavista, n\\u00ba 9\\r\\n&lt;br&gt;9760-557 Praia da Vit\\u00f3ria\\r\\n&lt;br&gt;A\\u00e7ores \\u2013 Portugal\\r\\n&lt;br&gt;&lt;b&gt;Phone:&lt;\\\/b&gt; &lt;a href=\\&quot;tel:00351295545800\\&quot;&gt;00351 295 545 800&lt;\\\/a&gt;\\r\\n&lt;br&gt;&lt;b&gt;Fax:&lt;\\\/b&gt; 00351 295 545 808&quot;,&quot;infowindow&quot;:0}],&quot;style&quot;:&quot;https:\\\/\\\/{s}.tile.openstreetmap.org\\\/{z}\\\/{x}\\\/{y}.png&quot;}'><\/div><\/div><\/div><\/div><\/div><\/div><\/div><\/section>\n<\/section>","protected":false},"excerpt":{"rendered":"Atl\u00e2ntida Mar Hotel Boavista, n\u00ba 9 9760-557 Praia da Vit\u00f3ria &#8211; Santa Cruz A\u00e7ores &#8211; Portugal Telefone: 00351 295 545 800 Fax: 00351 295 545 808 Emails: Geral \u2013 info@atlantidamarhotel.pt Reservas &#8211; reservations@atlantidamarhotel.pt Departamento Comercial &#8211; comercial@atlantidamarhotel.pt Departamento de Vendas &#8211; sales@atlantidamarhotel.pt Gest\u00e3o &#8211; manager@atlantidamarhotel.pt","protected":false},"author":1,"featured_media":6194,"parent":0,"menu_order":0,"comment_status":"closed","ping_status":"closed","template":"","meta":{"_monsterinsights_skip_tracking":false,"_monsterinsights_sitenote_active":false,"_monsterinsights_sitenote_note":"","_monsterinsights_sitenote_category":0},"acf":[],"yoast_head":"<!-- This site is optimized with the Yoast SEO plugin v20.12 - https:\/\/yoast.com\/wordpress\/plugins\/seo\/ -->\n<title>Contactos - Atl\u00e2ntida Mar Hotel<\/title>\n<meta name=\"description\" content=\"Entre em contato com o Atl\u00e2ntida Mar Hotel para d\u00favidas ou reservas. Acesse nossos n\u00fameros de telefone, endere\u00e7o de e-mail e detalhes de localiza\u00e7\u00e3o.\" \/>\n<meta name=\"robots\" content=\"index, follow, max-snippet:-1, max-image-preview:large, max-video-preview:-1\" \/>\n<link rel=\"canonical\" href=\"https:\/\/atlantidamarhotel.com\/pt-pt\/contactos\/\" \/>\n<meta property=\"og:locale\" content=\"pt_PT\" \/>\n<meta property=\"og:type\" content=\"article\" \/>\n<meta property=\"og:title\" content=\"Contactos - Atl\u00e2ntida Mar Hotel\" \/>\n<meta property=\"og:description\" content=\"Entre em contato com o Atl\u00e2ntida Mar Hotel para d\u00favidas ou reservas. Acesse nossos n\u00fameros de telefone, endere\u00e7o de e-mail e detalhes de localiza\u00e7\u00e3o.\" \/>\n<meta property=\"og:url\" content=\"https:\/\/atlantidamarhotel.com\/pt-pt\/contactos\/\" \/>\n<meta property=\"og:site_name\" content=\"Atl\u00e2ntida Mar Hotel\" \/>\n<meta property=\"article:publisher\" content=\"https:\/\/www.facebook.com\/AtlantidaMarHotel\/\" \/>\n<meta property=\"article:modified_time\" content=\"2023-06-28T09:44:15+00:00\" \/>\n<meta property=\"og:image\" content=\"https:\/\/atlantidamarhotel.com\/wp-content\/uploads\/2023\/06\/hotel-aparthotel-azores-terceira-island-ilha-contactos-contacts.jpg\" \/>\n\t<meta property=\"og:image:width\" content=\"1741\" \/>\n\t<meta property=\"og:image:height\" content=\"1161\" \/>\n\t<meta property=\"og:image:type\" content=\"image\/jpeg\" \/>\n<meta name=\"twitter:card\" content=\"summary_large_image\" \/>\n<meta name=\"twitter:label1\" content=\"Tempo estimado de leitura\" \/>\n\t<meta name=\"twitter:data1\" content=\"1 minuto\" \/>\n<script type=\"application\/ld+json\" class=\"yoast-schema-graph\">{\"@context\":\"https:\/\/schema.org\",\"@graph\":[{\"@type\":\"WebPage\",\"@id\":\"https:\/\/atlantidamarhotel.com\/pt-pt\/contactos\/\",\"url\":\"https:\/\/atlantidamarhotel.com\/pt-pt\/contactos\/\",\"name\":\"Contactos - Atl\u00e2ntida Mar Hotel\",\"isPartOf\":{\"@id\":\"https:\/\/atlantidamarhotel.com\/pt-pt\/#website\"},\"datePublished\":\"2017-01-25T22:09:58+00:00\",\"dateModified\":\"2023-06-28T09:44:15+00:00\",\"description\":\"Entre em contato com o Atl\u00e2ntida Mar Hotel para d\u00favidas ou reservas. Acesse nossos n\u00fameros de telefone, endere\u00e7o de e-mail e detalhes de localiza\u00e7\u00e3o.\",\"breadcrumb\":{\"@id\":\"https:\/\/atlantidamarhotel.com\/pt-pt\/contactos\/#breadcrumb\"},\"inLanguage\":\"pt-PT\",\"potentialAction\":[{\"@type\":\"ReadAction\",\"target\":[\"https:\/\/atlantidamarhotel.com\/pt-pt\/contactos\/\"]}]},{\"@type\":\"BreadcrumbList\",\"@id\":\"https:\/\/atlantidamarhotel.com\/pt-pt\/contactos\/#breadcrumb\",\"itemListElement\":[{\"@type\":\"ListItem\",\"position\":1,\"name\":\"Home\",\"item\":\"https:\/\/atlantidamarhotel.com\/pt-pt\/\"},{\"@type\":\"ListItem\",\"position\":2,\"name\":\"Contactos\"}]},{\"@type\":\"WebSite\",\"@id\":\"https:\/\/atlantidamarhotel.com\/pt-pt\/#website\",\"url\":\"https:\/\/atlantidamarhotel.com\/pt-pt\/\",\"name\":\"Atl\u00e2ntida Mar Hotel\",\"description\":\"Aparthotel\",\"publisher\":{\"@id\":\"https:\/\/atlantidamarhotel.com\/pt-pt\/#organization\"},\"potentialAction\":[{\"@type\":\"SearchAction\",\"target\":{\"@type\":\"EntryPoint\",\"urlTemplate\":\"https:\/\/atlantidamarhotel.com\/pt-pt\/?s={search_term_string}\"},\"query-input\":\"required name=search_term_string\"}],\"inLanguage\":\"pt-PT\"},{\"@type\":\"Organization\",\"@id\":\"https:\/\/atlantidamarhotel.com\/pt-pt\/#organization\",\"name\":\"Atl\u00e2ntida Mar Hotel\",\"url\":\"https:\/\/atlantidamarhotel.com\/pt-pt\/\",\"logo\":{\"@type\":\"ImageObject\",\"inLanguage\":\"pt-PT\",\"@id\":\"https:\/\/atlantidamarhotel.com\/pt-pt\/#\/schema\/logo\/image\/\",\"url\":\"https:\/\/atlantidamarhotel.com\/wp-content\/uploads\/2016\/12\/logo-Atlantida-mar-hotel-2.png\",\"contentUrl\":\"https:\/\/atlantidamarhotel.com\/wp-content\/uploads\/2016\/12\/logo-Atlantida-mar-hotel-2.png\",\"width\":1600,\"height\":445,\"caption\":\"Atl\u00e2ntida Mar Hotel\"},\"image\":{\"@id\":\"https:\/\/atlantidamarhotel.com\/pt-pt\/#\/schema\/logo\/image\/\"},\"sameAs\":[\"https:\/\/www.facebook.com\/AtlantidaMarHotel\/\"]}]}<\/script>\n<!-- \/ Yoast SEO plugin. -->","yoast_head_json":{"title":"Contactos - Atl\u00e2ntida Mar Hotel","description":"Entre em contato com o Atl\u00e2ntida Mar Hotel para d\u00favidas ou reservas. Acesse nossos n\u00fameros de telefone, endere\u00e7o de e-mail e detalhes de localiza\u00e7\u00e3o.","robots":{"index":"index","follow":"follow","max-snippet":"max-snippet:-1","max-image-preview":"max-image-preview:large","max-video-preview":"max-video-preview:-1"},"canonical":"https:\/\/atlantidamarhotel.com\/pt-pt\/contactos\/","og_locale":"pt_PT","og_type":"article","og_title":"Contactos - Atl\u00e2ntida Mar Hotel","og_description":"Entre em contato com o Atl\u00e2ntida Mar Hotel para d\u00favidas ou reservas. Acesse nossos n\u00fameros de telefone, endere\u00e7o de e-mail e detalhes de localiza\u00e7\u00e3o.","og_url":"https:\/\/atlantidamarhotel.com\/pt-pt\/contactos\/","og_site_name":"Atl\u00e2ntida Mar Hotel","article_publisher":"https:\/\/www.facebook.com\/AtlantidaMarHotel\/","article_modified_time":"2023-06-28T09:44:15+00:00","og_image":[{"width":1741,"height":1161,"url":"https:\/\/atlantidamarhotel.com\/wp-content\/uploads\/2023\/06\/hotel-aparthotel-azores-terceira-island-ilha-contactos-contacts.jpg","type":"image\/jpeg"}],"twitter_card":"summary_large_image","twitter_misc":{"Tempo estimado de leitura":"1 minuto"},"schema":{"@context":"https:\/\/schema.org","@graph":[{"@type":"WebPage","@id":"https:\/\/atlantidamarhotel.com\/pt-pt\/contactos\/","url":"https:\/\/atlantidamarhotel.com\/pt-pt\/contactos\/","name":"Contactos - Atl\u00e2ntida Mar Hotel","isPartOf":{"@id":"https:\/\/atlantidamarhotel.com\/pt-pt\/#website"},"datePublished":"2017-01-25T22:09:58+00:00","dateModified":"2023-06-28T09:44:15+00:00","description":"Entre em contato com o Atl\u00e2ntida Mar Hotel para d\u00favidas ou reservas. Acesse nossos n\u00fameros de telefone, endere\u00e7o de e-mail e detalhes de localiza\u00e7\u00e3o.","breadcrumb":{"@id":"https:\/\/atlantidamarhotel.com\/pt-pt\/contactos\/#breadcrumb"},"inLanguage":"pt-PT","potentialAction":[{"@type":"ReadAction","target":["https:\/\/atlantidamarhotel.com\/pt-pt\/contactos\/"]}]},{"@type":"BreadcrumbList","@id":"https:\/\/atlantidamarhotel.com\/pt-pt\/contactos\/#breadcrumb","itemListElement":[{"@type":"ListItem","position":1,"name":"Home","item":"https:\/\/atlantidamarhotel.com\/pt-pt\/"},{"@type":"ListItem","position":2,"name":"Contactos"}]},{"@type":"WebSite","@id":"https:\/\/atlantidamarhotel.com\/pt-pt\/#website","url":"https:\/\/atlantidamarhotel.com\/pt-pt\/","name":"Atl\u00e2ntida Mar Hotel","description":"Aparthotel","publisher":{"@id":"https:\/\/atlantidamarhotel.com\/pt-pt\/#organization"},"potentialAction":[{"@type":"SearchAction","target":{"@type":"EntryPoint","urlTemplate":"https:\/\/atlantidamarhotel.com\/pt-pt\/?s={search_term_string}"},"query-input":"required name=search_term_string"}],"inLanguage":"pt-PT"},{"@type":"Organization","@id":"https:\/\/atlantidamarhotel.com\/pt-pt\/#organization","name":"Atl\u00e2ntida Mar Hotel","url":"https:\/\/atlantidamarhotel.com\/pt-pt\/","logo":{"@type":"ImageObject","inLanguage":"pt-PT","@id":"https:\/\/atlantidamarhotel.com\/pt-pt\/#\/schema\/logo\/image\/","url":"https:\/\/atlantidamarhotel.com\/wp-content\/uploads\/2016\/12\/logo-Atlantida-mar-hotel-2.png","contentUrl":"https:\/\/atlantidamarhotel.com\/wp-content\/uploads\/2016\/12\/logo-Atlantida-mar-hotel-2.png","width":1600,"height":445,"caption":"Atl\u00e2ntida Mar Hotel"},"image":{"@id":"https:\/\/atlantidamarhotel.com\/pt-pt\/#\/schema\/logo\/image\/"},"sameAs":["https:\/\/www.facebook.com\/AtlantidaMarHotel\/"]}]}},"_links":{"self":[{"href":"https:\/\/atlantidamarhotel.com\/pt-pt\/wp-json\/wp\/v2\/pages\/1509"}],"collection":[{"href":"https:\/\/atlantidamarhotel.com\/pt-pt\/wp-json\/wp\/v2\/pages"}],"about":[{"href":"https:\/\/atlantidamarhotel.com\/pt-pt\/wp-json\/wp\/v2\/types\/page"}],"author":[{"embeddable":true,"href":"https:\/\/atlantidamarhotel.com\/pt-pt\/wp-json\/wp\/v2\/users\/1"}],"replies":[{"embeddable":true,"href":"https:\/\/atlantidamarhotel.com\/pt-pt\/wp-json\/wp\/v2\/comments?post=1509"}],"version-history":[{"count":6,"href":"https:\/\/atlantidamarhotel.com\/pt-pt\/wp-json\/wp\/v2\/pages\/1509\/revisions"}],"predecessor-version":[{"id":6672,"href":"https:\/\/atlantidamarhotel.com\/pt-pt\/wp-json\/wp\/v2\/pages\/1509\/revisions\/6672"}],"wp:featuredmedia":[{"embeddable":true,"href":"https:\/\/atlantidamarhotel.com\/pt-pt\/wp-json\/wp\/v2\/media\/6194"}],"wp:attachment":[{"href":"https:\/\/atlantidamarhotel.com\/pt-pt\/wp-json\/wp\/v2\/media?parent=1509"}],"curies":[{"name":"wp","href":"https:\/\/api.w.org\/{rel}","templated":true}]}}