{"id":1514,"date":"2017-01-24T22:05:45","date_gmt":"2017-01-24T23:05:45","guid":{"rendered":"http:\/\/www.atlantidamarhotel.pt\/general-information\/"},"modified":"2023-05-27T15:56:48","modified_gmt":"2023-05-27T16:56:48","slug":"informacao-geral","status":"publish","type":"page","link":"https:\/\/atlantidamarhotel.com\/pt-pt\/hotel\/informacao-geral\/","title":{"rendered":"Informa\u00e7\u00e3o Geral"},"content":{"rendered":"<section class=\"wpb-content-wrapper\"><section class=\"l-section wpb_row height_custom\"><div class=\"l-section-h i-cf\"><div class=\"g-cols vc_row via_flex valign_top type_default stacking_default\"><div class=\"vc_col-sm-12 wpb_column vc_column_container\"><div class=\"vc_column-inner\"><div class=\"wpb_wrapper\"><div class=\"wpb_text_column\"><div class=\"wpb_wrapper\"><p><strong>Debru\u00e7ado sobre o Oceano Atl\u00e2ntico e privilegiadamente implantado na 1\u00aa linha da Marginal da cidade da Praia da Vit\u00f3ria, na bela Ilha Terceira, A\u00e7ores, <\/strong><strong>o Atl\u00e2ntida Mar Hotel convida-o a mergulhar na exuberante natureza a\u00e7oriana e a viver emo\u00e7\u00f5es absolutamente inesquec\u00edveis!<\/strong><\/p>\n<p>A sensivelmente 2 horas de voo, partindo de qualquer aeroporto de Portugal Continental, aterra-se neste o\u00e1sis de tranquilidade, repleto de agrad\u00e1veis contrastes e oferta variada \u2013 bem-vindo \u00e0 Ilha Terceira, uma das nove p\u00e9rolas no meio do Atl\u00e2ntico, um destino natural, maravilhoso, tranquilo e seguro!<\/p>\n<p><strong>Comece a descobrir a nossa ilha m\u00e1gica com a sua natureza deslumbrante e paisagens vulc\u00e2nicas!<\/strong><\/p>\n<p>O Atl\u00e2ntida Mar Hotel \u00e9 um hotel muito confort\u00e1vel e premiado, onde pode relaxar depois de emocionantes excurs\u00f5es pela ilha. Para al\u00e9m da piscina, sauna, gin\u00e1sio e jacuzzi, oferecemos 28 unidades de alojamento de v\u00e1rios tipos, desde quartos standard vista montanha e vista mar, at\u00e9 suites espa\u00e7osas, confort\u00e1veis e maravilhosamente decoradas com varandas com vista para o mar, no meio de um atraente e bonito, calmo e saud\u00e1vel ambiente!<\/p>\n<p><strong>Venha viver emo\u00e7\u00f5es inesquec\u00edveis!<\/strong><\/p>\n<\/div><\/div><\/div><\/div><\/div><\/div><\/div><\/section>\n<\/section>","protected":false},"excerpt":{"rendered":"Debru\u00e7ado sobre o Oceano Atl\u00e2ntico e privilegiadamente implantado na 1\u00aa linha da Marginal da cidade da Praia da Vit\u00f3ria, na bela Ilha Terceira, A\u00e7ores, o Atl\u00e2ntida Mar Hotel convida-o a mergulhar na exuberante natureza a\u00e7oriana e a viver emo\u00e7\u00f5es absolutamente inesquec\u00edveis! A sensivelmente 2 horas de voo, partindo de qualquer aeroporto de Portugal Continental, aterra-se...","protected":false},"author":1,"featured_media":6203,"parent":5606,"menu_order":0,"comment_status":"closed","ping_status":"closed","template":"","meta":{"_monsterinsights_skip_tracking":false,"_monsterinsights_sitenote_active":false,"_monsterinsights_sitenote_note":"","_monsterinsights_sitenote_category":0},"acf":[],"yoast_head":"<!-- This site is optimized with the Yoast SEO plugin v20.12 - https:\/\/yoast.com\/wordpress\/plugins\/seo\/ -->\n<title>Informa\u00e7\u00e3o Geral - Atl\u00e2ntida Mar Hotel<\/title>\n<meta name=\"description\" content=\"Um o\u00e1sis de tranquilidade que oferece quartos e su\u00edtes confort\u00e1veis com vistas deslumbrantes, al\u00e9m de comodidades como piscina, sauna, academia e jacuzzi.\" \/>\n<meta name=\"robots\" content=\"index, follow, max-snippet:-1, max-image-preview:large, max-video-preview:-1\" \/>\n<link rel=\"canonical\" href=\"https:\/\/atlantidamarhotel.com\/pt-pt\/hotel\/informacao-geral\/\" \/>\n<meta property=\"og:locale\" content=\"pt_PT\" \/>\n<meta property=\"og:type\" content=\"article\" \/>\n<meta property=\"og:title\" content=\"Informa\u00e7\u00e3o Geral - Atl\u00e2ntida Mar Hotel\" \/>\n<meta property=\"og:description\" content=\"Um o\u00e1sis de tranquilidade que oferece quartos e su\u00edtes confort\u00e1veis com vistas deslumbrantes, al\u00e9m de comodidades como piscina, sauna, academia e jacuzzi.\" \/>\n<meta property=\"og:url\" content=\"https:\/\/atlantidamarhotel.com\/pt-pt\/hotel\/informacao-geral\/\" \/>\n<meta property=\"og:site_name\" content=\"Atl\u00e2ntida Mar Hotel\" \/>\n<meta property=\"article:publisher\" content=\"https:\/\/www.facebook.com\/AtlantidaMarHotel\/\" \/>\n<meta property=\"article:modified_time\" content=\"2023-05-27T16:56:48+00:00\" \/>\n<meta property=\"og:image\" content=\"https:\/\/atlantidamarhotel.com\/wp-content\/uploads\/2017\/01\/the_hotel_atlantida_mar_hotel_gallery13.jpg\" \/>\n\t<meta property=\"og:image:width\" content=\"1024\" \/>\n\t<meta property=\"og:image:height\" content=\"684\" \/>\n\t<meta property=\"og:image:type\" content=\"image\/jpeg\" \/>\n<meta name=\"twitter:card\" content=\"summary_large_image\" \/>\n<meta name=\"twitter:label1\" content=\"Tempo estimado de leitura\" \/>\n\t<meta name=\"twitter:data1\" content=\"1 minuto\" \/>\n<script type=\"application\/ld+json\" class=\"yoast-schema-graph\">{\"@context\":\"https:\/\/schema.org\",\"@graph\":[{\"@type\":\"WebPage\",\"@id\":\"https:\/\/atlantidamarhotel.com\/pt-pt\/hotel\/informacao-geral\/\",\"url\":\"https:\/\/atlantidamarhotel.com\/pt-pt\/hotel\/informacao-geral\/\",\"name\":\"Informa\u00e7\u00e3o Geral - Atl\u00e2ntida Mar Hotel\",\"isPartOf\":{\"@id\":\"https:\/\/atlantidamarhotel.com\/pt-pt\/#website\"},\"datePublished\":\"2017-01-24T23:05:45+00:00\",\"dateModified\":\"2023-05-27T16:56:48+00:00\",\"description\":\"Um o\u00e1sis de tranquilidade que oferece quartos e su\u00edtes confort\u00e1veis com vistas deslumbrantes, al\u00e9m de comodidades como piscina, sauna, academia e jacuzzi.\",\"breadcrumb\":{\"@id\":\"https:\/\/atlantidamarhotel.com\/pt-pt\/hotel\/informacao-geral\/#breadcrumb\"},\"inLanguage\":\"pt-PT\",\"potentialAction\":[{\"@type\":\"ReadAction\",\"target\":[\"https:\/\/atlantidamarhotel.com\/pt-pt\/hotel\/informacao-geral\/\"]}]},{\"@type\":\"BreadcrumbList\",\"@id\":\"https:\/\/atlantidamarhotel.com\/pt-pt\/hotel\/informacao-geral\/#breadcrumb\",\"itemListElement\":[{\"@type\":\"ListItem\",\"position\":1,\"name\":\"Home\",\"item\":\"https:\/\/atlantidamarhotel.com\/pt-pt\/\"},{\"@type\":\"ListItem\",\"position\":2,\"name\":\"Hotel\",\"item\":\"https:\/\/atlantidamarhotel.com\/pt-pt\/\"},{\"@type\":\"ListItem\",\"position\":3,\"name\":\"Informa\u00e7\u00e3o Geral\"}]},{\"@type\":\"WebSite\",\"@id\":\"https:\/\/atlantidamarhotel.com\/pt-pt\/#website\",\"url\":\"https:\/\/atlantidamarhotel.com\/pt-pt\/\",\"name\":\"Atl\u00e2ntida Mar Hotel\",\"description\":\"Aparthotel\",\"publisher\":{\"@id\":\"https:\/\/atlantidamarhotel.com\/pt-pt\/#organization\"},\"potentialAction\":[{\"@type\":\"SearchAction\",\"target\":{\"@type\":\"EntryPoint\",\"urlTemplate\":\"https:\/\/atlantidamarhotel.com\/pt-pt\/?s={search_term_string}\"},\"query-input\":\"required name=search_term_string\"}],\"inLanguage\":\"pt-PT\"},{\"@type\":\"Organization\",\"@id\":\"https:\/\/atlantidamarhotel.com\/pt-pt\/#organization\",\"name\":\"Atl\u00e2ntida Mar Hotel\",\"url\":\"https:\/\/atlantidamarhotel.com\/pt-pt\/\",\"logo\":{\"@type\":\"ImageObject\",\"inLanguage\":\"pt-PT\",\"@id\":\"https:\/\/atlantidamarhotel.com\/pt-pt\/#\/schema\/logo\/image\/\",\"url\":\"https:\/\/atlantidamarhotel.com\/wp-content\/uploads\/2016\/12\/logo-Atlantida-mar-hotel-2.png\",\"contentUrl\":\"https:\/\/atlantidamarhotel.com\/wp-content\/uploads\/2016\/12\/logo-Atlantida-mar-hotel-2.png\",\"width\":1600,\"height\":445,\"caption\":\"Atl\u00e2ntida Mar Hotel\"},\"image\":{\"@id\":\"https:\/\/atlantidamarhotel.com\/pt-pt\/#\/schema\/logo\/image\/\"},\"sameAs\":[\"https:\/\/www.facebook.com\/AtlantidaMarHotel\/\"]}]}<\/script>\n<!-- \/ Yoast SEO plugin. -->","yoast_head_json":{"title":"Informa\u00e7\u00e3o Geral - Atl\u00e2ntida Mar Hotel","description":"Um o\u00e1sis de tranquilidade que oferece quartos e su\u00edtes confort\u00e1veis com vistas deslumbrantes, al\u00e9m de comodidades como piscina, sauna, academia e jacuzzi.","robots":{"index":"index","follow":"follow","max-snippet":"max-snippet:-1","max-image-preview":"max-image-preview:large","max-video-preview":"max-video-preview:-1"},"canonical":"https:\/\/atlantidamarhotel.com\/pt-pt\/hotel\/informacao-geral\/","og_locale":"pt_PT","og_type":"article","og_title":"Informa\u00e7\u00e3o Geral - Atl\u00e2ntida Mar Hotel","og_description":"Um o\u00e1sis de tranquilidade que oferece quartos e su\u00edtes confort\u00e1veis com vistas deslumbrantes, al\u00e9m de comodidades como piscina, sauna, academia e jacuzzi.","og_url":"https:\/\/atlantidamarhotel.com\/pt-pt\/hotel\/informacao-geral\/","og_site_name":"Atl\u00e2ntida Mar Hotel","article_publisher":"https:\/\/www.facebook.com\/AtlantidaMarHotel\/","article_modified_time":"2023-05-27T16:56:48+00:00","og_image":[{"width":1024,"height":684,"url":"https:\/\/atlantidamarhotel.com\/wp-content\/uploads\/2017\/01\/the_hotel_atlantida_mar_hotel_gallery13.jpg","type":"image\/jpeg"}],"twitter_card":"summary_large_image","twitter_misc":{"Tempo estimado de leitura":"1 minuto"},"schema":{"@context":"https:\/\/schema.org","@graph":[{"@type":"WebPage","@id":"https:\/\/atlantidamarhotel.com\/pt-pt\/hotel\/informacao-geral\/","url":"https:\/\/atlantidamarhotel.com\/pt-pt\/hotel\/informacao-geral\/","name":"Informa\u00e7\u00e3o Geral - Atl\u00e2ntida Mar Hotel","isPartOf":{"@id":"https:\/\/atlantidamarhotel.com\/pt-pt\/#website"},"datePublished":"2017-01-24T23:05:45+00:00","dateModified":"2023-05-27T16:56:48+00:00","description":"Um o\u00e1sis de tranquilidade que oferece quartos e su\u00edtes confort\u00e1veis com vistas deslumbrantes, al\u00e9m de comodidades como piscina, sauna, academia e jacuzzi.","breadcrumb":{"@id":"https:\/\/atlantidamarhotel.com\/pt-pt\/hotel\/informacao-geral\/#breadcrumb"},"inLanguage":"pt-PT","potentialAction":[{"@type":"ReadAction","target":["https:\/\/atlantidamarhotel.com\/pt-pt\/hotel\/informacao-geral\/"]}]},{"@type":"BreadcrumbList","@id":"https:\/\/atlantidamarhotel.com\/pt-pt\/hotel\/informacao-geral\/#breadcrumb","itemListElement":[{"@type":"ListItem","position":1,"name":"Home","item":"https:\/\/atlantidamarhotel.com\/pt-pt\/"},{"@type":"ListItem","position":2,"name":"Hotel","item":"https:\/\/atlantidamarhotel.com\/pt-pt\/"},{"@type":"ListItem","position":3,"name":"Informa\u00e7\u00e3o Geral"}]},{"@type":"WebSite","@id":"https:\/\/atlantidamarhotel.com\/pt-pt\/#website","url":"https:\/\/atlantidamarhotel.com\/pt-pt\/","name":"Atl\u00e2ntida Mar Hotel","description":"Aparthotel","publisher":{"@id":"https:\/\/atlantidamarhotel.com\/pt-pt\/#organization"},"potentialAction":[{"@type":"SearchAction","target":{"@type":"EntryPoint","urlTemplate":"https:\/\/atlantidamarhotel.com\/pt-pt\/?s={search_term_string}"},"query-input":"required name=search_term_string"}],"inLanguage":"pt-PT"},{"@type":"Organization","@id":"https:\/\/atlantidamarhotel.com\/pt-pt\/#organization","name":"Atl\u00e2ntida Mar Hotel","url":"https:\/\/atlantidamarhotel.com\/pt-pt\/","logo":{"@type":"ImageObject","inLanguage":"pt-PT","@id":"https:\/\/atlantidamarhotel.com\/pt-pt\/#\/schema\/logo\/image\/","url":"https:\/\/atlantidamarhotel.com\/wp-content\/uploads\/2016\/12\/logo-Atlantida-mar-hotel-2.png","contentUrl":"https:\/\/atlantidamarhotel.com\/wp-content\/uploads\/2016\/12\/logo-Atlantida-mar-hotel-2.png","width":1600,"height":445,"caption":"Atl\u00e2ntida Mar Hotel"},"image":{"@id":"https:\/\/atlantidamarhotel.com\/pt-pt\/#\/schema\/logo\/image\/"},"sameAs":["https:\/\/www.facebook.com\/AtlantidaMarHotel\/"]}]}},"_links":{"self":[{"href":"https:\/\/atlantidamarhotel.com\/pt-pt\/wp-json\/wp\/v2\/pages\/1514"}],"collection":[{"href":"https:\/\/atlantidamarhotel.com\/pt-pt\/wp-json\/wp\/v2\/pages"}],"about":[{"href":"https:\/\/atlantidamarhotel.com\/pt-pt\/wp-json\/wp\/v2\/types\/page"}],"author":[{"embeddable":true,"href":"https:\/\/atlantidamarhotel.com\/pt-pt\/wp-json\/wp\/v2\/users\/1"}],"replies":[{"embeddable":true,"href":"https:\/\/atlantidamarhotel.com\/pt-pt\/wp-json\/wp\/v2\/comments?post=1514"}],"version-history":[{"count":4,"href":"https:\/\/atlantidamarhotel.com\/pt-pt\/wp-json\/wp\/v2\/pages\/1514\/revisions"}],"predecessor-version":[{"id":5856,"href":"https:\/\/atlantidamarhotel.com\/pt-pt\/wp-json\/wp\/v2\/pages\/1514\/revisions\/5856"}],"up":[{"embeddable":true,"href":"https:\/\/atlantidamarhotel.com\/pt-pt\/wp-json\/wp\/v2\/pages\/5606"}],"wp:featuredmedia":[{"embeddable":true,"href":"https:\/\/atlantidamarhotel.com\/pt-pt\/wp-json\/wp\/v2\/media\/6203"}],"wp:attachment":[{"href":"https:\/\/atlantidamarhotel.com\/pt-pt\/wp-json\/wp\/v2\/media?parent=1514"}],"curies":[{"name":"wp","href":"https:\/\/api.w.org\/{rel}","templated":true}]}}