{"id":1532,"date":"2017-01-24T21:58:50","date_gmt":"2017-01-24T22:58:50","guid":{"rendered":"http:\/\/www.atlantidamarhotel.pt\/mission\/"},"modified":"2023-05-27T16:08:09","modified_gmt":"2023-05-27T17:08:09","slug":"missao","status":"publish","type":"page","link":"https:\/\/atlantidamarhotel.com\/pt-pt\/hotel\/missao\/","title":{"rendered":"Miss\u00e3o"},"content":{"rendered":"<section class=\"wpb-content-wrapper\"><section class=\"l-section wpb_row height_custom\"><div class=\"l-section-h i-cf\"><div class=\"g-cols vc_row via_flex valign_top type_default stacking_default\"><div class=\"vc_col-sm-12 wpb_column vc_column_container\"><div class=\"vc_column-inner\"><div class=\"wpb_wrapper\"><div class=\"wpb_text_column\"><div class=\"wpb_wrapper\"><p><b>\u201cSatisfazer todas as necessidades e desejos dos nossos h\u00f3spedes, acrescentando sempre algo com vista a superar as suas expectativas\u201d. <\/b><\/p>\n<p>No Atl\u00e2ntida Mar Hotel praticamos uma cultura de dedica\u00e7\u00e3o fortemente orientada para a satisfa\u00e7\u00e3o de todas as necessidades dos nossos h\u00f3spedes.<\/p>\n<p>Com esta cultura procuramos oferecer aos nossos h\u00f3spedes experi\u00eancias inesquec\u00edveis.<\/p>\n<p>Seja em trabalho ou em lazer, sozinhos ou entre amigos e\/ou familiares, o h\u00f3spede do Atl\u00e2ntida Mar Hotel sentir\u00e1 um acolhimento especial e exclusivo.<\/p>\n<p>Elevar sempre o padr\u00e3o de qualidade do servi\u00e7o prestado e provocar um sorriso de satisfa\u00e7\u00e3o em cada um dos nossos h\u00f3spedes \u00e9 o que nos motiva.<\/p>\n<\/div><\/div><\/div><\/div><\/div><\/div><\/div><\/section>\n<\/section>","protected":false},"excerpt":{"rendered":"\u201cSatisfazer todas as necessidades e desejos dos nossos h\u00f3spedes, acrescentando sempre algo com vista a superar as suas expectativas\u201d. No Atl\u00e2ntida Mar Hotel praticamos uma cultura de dedica\u00e7\u00e3o fortemente orientada para a satisfa\u00e7\u00e3o de todas as necessidades dos nossos h\u00f3spedes. Com esta cultura procuramos oferecer aos nossos h\u00f3spedes experi\u00eancias inesquec\u00edveis. Seja em trabalho ou em...","protected":false},"author":1,"featured_media":6206,"parent":5606,"menu_order":0,"comment_status":"closed","ping_status":"closed","template":"","meta":{"_monsterinsights_skip_tracking":false,"_monsterinsights_sitenote_active":false,"_monsterinsights_sitenote_note":"","_monsterinsights_sitenote_category":0},"acf":[],"yoast_head":"<!-- This site is optimized with the Yoast SEO plugin v20.12 - https:\/\/yoast.com\/wordpress\/plugins\/seo\/ -->\n<title>Miss\u00e3o - Atl\u00e2ntida Mar Hotel<\/title>\n<meta name=\"description\" content=\"Compromisso em superar as expectativas dos h\u00f3spedes, oferecendo experi\u00eancias inesquec\u00edveis e fomentando uma cultura de servi\u00e7o e hospitalidade de qualidade.\" \/>\n<meta name=\"robots\" content=\"index, follow, max-snippet:-1, max-image-preview:large, max-video-preview:-1\" \/>\n<link rel=\"canonical\" href=\"https:\/\/atlantidamarhotel.com\/pt-pt\/hotel\/missao\/\" \/>\n<meta property=\"og:locale\" content=\"pt_PT\" \/>\n<meta property=\"og:type\" content=\"article\" \/>\n<meta property=\"og:title\" content=\"Miss\u00e3o - Atl\u00e2ntida Mar Hotel\" \/>\n<meta property=\"og:description\" content=\"Compromisso em superar as expectativas dos h\u00f3spedes, oferecendo experi\u00eancias inesquec\u00edveis e fomentando uma cultura de servi\u00e7o e hospitalidade de qualidade.\" \/>\n<meta property=\"og:url\" content=\"https:\/\/atlantidamarhotel.com\/pt-pt\/hotel\/missao\/\" \/>\n<meta property=\"og:site_name\" content=\"Atl\u00e2ntida Mar Hotel\" \/>\n<meta property=\"article:publisher\" content=\"https:\/\/www.facebook.com\/AtlantidaMarHotel\/\" \/>\n<meta property=\"article:modified_time\" content=\"2023-05-27T17:08:09+00:00\" \/>\n<meta property=\"og:image\" content=\"https:\/\/atlantidamarhotel.com\/wp-content\/uploads\/2017\/01\/the_hotel_atlantida_mar_hotel_gallery9.jpg\" \/>\n\t<meta property=\"og:image:width\" content=\"1024\" \/>\n\t<meta property=\"og:image:height\" content=\"684\" \/>\n\t<meta property=\"og:image:type\" content=\"image\/jpeg\" \/>\n<meta name=\"twitter:card\" content=\"summary_large_image\" \/>\n<meta name=\"twitter:label1\" content=\"Tempo estimado de leitura\" \/>\n\t<meta name=\"twitter:data1\" content=\"1 minuto\" \/>\n<script type=\"application\/ld+json\" class=\"yoast-schema-graph\">{\"@context\":\"https:\/\/schema.org\",\"@graph\":[{\"@type\":\"WebPage\",\"@id\":\"https:\/\/atlantidamarhotel.com\/pt-pt\/hotel\/missao\/\",\"url\":\"https:\/\/atlantidamarhotel.com\/pt-pt\/hotel\/missao\/\",\"name\":\"Miss\u00e3o - Atl\u00e2ntida Mar Hotel\",\"isPartOf\":{\"@id\":\"https:\/\/atlantidamarhotel.com\/pt-pt\/#website\"},\"datePublished\":\"2017-01-24T22:58:50+00:00\",\"dateModified\":\"2023-05-27T17:08:09+00:00\",\"description\":\"Compromisso em superar as expectativas dos h\u00f3spedes, oferecendo experi\u00eancias inesquec\u00edveis e fomentando uma cultura de servi\u00e7o e hospitalidade de qualidade.\",\"breadcrumb\":{\"@id\":\"https:\/\/atlantidamarhotel.com\/pt-pt\/hotel\/missao\/#breadcrumb\"},\"inLanguage\":\"pt-PT\",\"potentialAction\":[{\"@type\":\"ReadAction\",\"target\":[\"https:\/\/atlantidamarhotel.com\/pt-pt\/hotel\/missao\/\"]}]},{\"@type\":\"BreadcrumbList\",\"@id\":\"https:\/\/atlantidamarhotel.com\/pt-pt\/hotel\/missao\/#breadcrumb\",\"itemListElement\":[{\"@type\":\"ListItem\",\"position\":1,\"name\":\"Home\",\"item\":\"https:\/\/atlantidamarhotel.com\/pt-pt\/\"},{\"@type\":\"ListItem\",\"position\":2,\"name\":\"Hotel\",\"item\":\"https:\/\/atlantidamarhotel.com\/pt-pt\/\"},{\"@type\":\"ListItem\",\"position\":3,\"name\":\"Miss\u00e3o\"}]},{\"@type\":\"WebSite\",\"@id\":\"https:\/\/atlantidamarhotel.com\/pt-pt\/#website\",\"url\":\"https:\/\/atlantidamarhotel.com\/pt-pt\/\",\"name\":\"Atl\u00e2ntida Mar Hotel\",\"description\":\"Aparthotel\",\"publisher\":{\"@id\":\"https:\/\/atlantidamarhotel.com\/pt-pt\/#organization\"},\"potentialAction\":[{\"@type\":\"SearchAction\",\"target\":{\"@type\":\"EntryPoint\",\"urlTemplate\":\"https:\/\/atlantidamarhotel.com\/pt-pt\/?s={search_term_string}\"},\"query-input\":\"required name=search_term_string\"}],\"inLanguage\":\"pt-PT\"},{\"@type\":\"Organization\",\"@id\":\"https:\/\/atlantidamarhotel.com\/pt-pt\/#organization\",\"name\":\"Atl\u00e2ntida Mar Hotel\",\"url\":\"https:\/\/atlantidamarhotel.com\/pt-pt\/\",\"logo\":{\"@type\":\"ImageObject\",\"inLanguage\":\"pt-PT\",\"@id\":\"https:\/\/atlantidamarhotel.com\/pt-pt\/#\/schema\/logo\/image\/\",\"url\":\"https:\/\/atlantidamarhotel.com\/wp-content\/uploads\/2016\/12\/logo-Atlantida-mar-hotel-2.png\",\"contentUrl\":\"https:\/\/atlantidamarhotel.com\/wp-content\/uploads\/2016\/12\/logo-Atlantida-mar-hotel-2.png\",\"width\":1600,\"height\":445,\"caption\":\"Atl\u00e2ntida Mar Hotel\"},\"image\":{\"@id\":\"https:\/\/atlantidamarhotel.com\/pt-pt\/#\/schema\/logo\/image\/\"},\"sameAs\":[\"https:\/\/www.facebook.com\/AtlantidaMarHotel\/\"]}]}<\/script>\n<!-- \/ Yoast SEO plugin. -->","yoast_head_json":{"title":"Miss\u00e3o - Atl\u00e2ntida Mar Hotel","description":"Compromisso em superar as expectativas dos h\u00f3spedes, oferecendo experi\u00eancias inesquec\u00edveis e fomentando uma cultura de servi\u00e7o e hospitalidade de qualidade.","robots":{"index":"index","follow":"follow","max-snippet":"max-snippet:-1","max-image-preview":"max-image-preview:large","max-video-preview":"max-video-preview:-1"},"canonical":"https:\/\/atlantidamarhotel.com\/pt-pt\/hotel\/missao\/","og_locale":"pt_PT","og_type":"article","og_title":"Miss\u00e3o - Atl\u00e2ntida Mar Hotel","og_description":"Compromisso em superar as expectativas dos h\u00f3spedes, oferecendo experi\u00eancias inesquec\u00edveis e fomentando uma cultura de servi\u00e7o e hospitalidade de qualidade.","og_url":"https:\/\/atlantidamarhotel.com\/pt-pt\/hotel\/missao\/","og_site_name":"Atl\u00e2ntida Mar Hotel","article_publisher":"https:\/\/www.facebook.com\/AtlantidaMarHotel\/","article_modified_time":"2023-05-27T17:08:09+00:00","og_image":[{"width":1024,"height":684,"url":"https:\/\/atlantidamarhotel.com\/wp-content\/uploads\/2017\/01\/the_hotel_atlantida_mar_hotel_gallery9.jpg","type":"image\/jpeg"}],"twitter_card":"summary_large_image","twitter_misc":{"Tempo estimado de leitura":"1 minuto"},"schema":{"@context":"https:\/\/schema.org","@graph":[{"@type":"WebPage","@id":"https:\/\/atlantidamarhotel.com\/pt-pt\/hotel\/missao\/","url":"https:\/\/atlantidamarhotel.com\/pt-pt\/hotel\/missao\/","name":"Miss\u00e3o - Atl\u00e2ntida Mar Hotel","isPartOf":{"@id":"https:\/\/atlantidamarhotel.com\/pt-pt\/#website"},"datePublished":"2017-01-24T22:58:50+00:00","dateModified":"2023-05-27T17:08:09+00:00","description":"Compromisso em superar as expectativas dos h\u00f3spedes, oferecendo experi\u00eancias inesquec\u00edveis e fomentando uma cultura de servi\u00e7o e hospitalidade de qualidade.","breadcrumb":{"@id":"https:\/\/atlantidamarhotel.com\/pt-pt\/hotel\/missao\/#breadcrumb"},"inLanguage":"pt-PT","potentialAction":[{"@type":"ReadAction","target":["https:\/\/atlantidamarhotel.com\/pt-pt\/hotel\/missao\/"]}]},{"@type":"BreadcrumbList","@id":"https:\/\/atlantidamarhotel.com\/pt-pt\/hotel\/missao\/#breadcrumb","itemListElement":[{"@type":"ListItem","position":1,"name":"Home","item":"https:\/\/atlantidamarhotel.com\/pt-pt\/"},{"@type":"ListItem","position":2,"name":"Hotel","item":"https:\/\/atlantidamarhotel.com\/pt-pt\/"},{"@type":"ListItem","position":3,"name":"Miss\u00e3o"}]},{"@type":"WebSite","@id":"https:\/\/atlantidamarhotel.com\/pt-pt\/#website","url":"https:\/\/atlantidamarhotel.com\/pt-pt\/","name":"Atl\u00e2ntida Mar Hotel","description":"Aparthotel","publisher":{"@id":"https:\/\/atlantidamarhotel.com\/pt-pt\/#organization"},"potentialAction":[{"@type":"SearchAction","target":{"@type":"EntryPoint","urlTemplate":"https:\/\/atlantidamarhotel.com\/pt-pt\/?s={search_term_string}"},"query-input":"required name=search_term_string"}],"inLanguage":"pt-PT"},{"@type":"Organization","@id":"https:\/\/atlantidamarhotel.com\/pt-pt\/#organization","name":"Atl\u00e2ntida Mar Hotel","url":"https:\/\/atlantidamarhotel.com\/pt-pt\/","logo":{"@type":"ImageObject","inLanguage":"pt-PT","@id":"https:\/\/atlantidamarhotel.com\/pt-pt\/#\/schema\/logo\/image\/","url":"https:\/\/atlantidamarhotel.com\/wp-content\/uploads\/2016\/12\/logo-Atlantida-mar-hotel-2.png","contentUrl":"https:\/\/atlantidamarhotel.com\/wp-content\/uploads\/2016\/12\/logo-Atlantida-mar-hotel-2.png","width":1600,"height":445,"caption":"Atl\u00e2ntida Mar Hotel"},"image":{"@id":"https:\/\/atlantidamarhotel.com\/pt-pt\/#\/schema\/logo\/image\/"},"sameAs":["https:\/\/www.facebook.com\/AtlantidaMarHotel\/"]}]}},"_links":{"self":[{"href":"https:\/\/atlantidamarhotel.com\/pt-pt\/wp-json\/wp\/v2\/pages\/1532"}],"collection":[{"href":"https:\/\/atlantidamarhotel.com\/pt-pt\/wp-json\/wp\/v2\/pages"}],"about":[{"href":"https:\/\/atlantidamarhotel.com\/pt-pt\/wp-json\/wp\/v2\/types\/page"}],"author":[{"embeddable":true,"href":"https:\/\/atlantidamarhotel.com\/pt-pt\/wp-json\/wp\/v2\/users\/1"}],"replies":[{"embeddable":true,"href":"https:\/\/atlantidamarhotel.com\/pt-pt\/wp-json\/wp\/v2\/comments?post=1532"}],"version-history":[{"count":4,"href":"https:\/\/atlantidamarhotel.com\/pt-pt\/wp-json\/wp\/v2\/pages\/1532\/revisions"}],"predecessor-version":[{"id":5859,"href":"https:\/\/atlantidamarhotel.com\/pt-pt\/wp-json\/wp\/v2\/pages\/1532\/revisions\/5859"}],"up":[{"embeddable":true,"href":"https:\/\/atlantidamarhotel.com\/pt-pt\/wp-json\/wp\/v2\/pages\/5606"}],"wp:featuredmedia":[{"embeddable":true,"href":"https:\/\/atlantidamarhotel.com\/pt-pt\/wp-json\/wp\/v2\/media\/6206"}],"wp:attachment":[{"href":"https:\/\/atlantidamarhotel.com\/pt-pt\/wp-json\/wp\/v2\/media?parent=1532"}],"curies":[{"name":"wp","href":"https:\/\/api.w.org\/{rel}","templated":true}]}}