{"id":1547,"date":"2017-01-24T21:35:48","date_gmt":"2017-01-24T22:35:48","guid":{"rendered":"http:\/\/www.atlantidamarhotel.pt\/location\/"},"modified":"2023-05-27T16:14:18","modified_gmt":"2023-05-27T17:14:18","slug":"localizacao","status":"publish","type":"page","link":"https:\/\/atlantidamarhotel.com\/pt-pt\/localizacao\/","title":{"rendered":"Localiza\u00e7\u00e3o"},"content":{"rendered":"<section class=\"wpb-content-wrapper\"><section class=\"l-section wpb_row height_custom\"><div class=\"l-section-h i-cf\"><div class=\"g-cols vc_row via_flex valign_top type_default stacking_default\"><div class=\"vc_col-sm-12 wpb_column vc_column_container\"><div class=\"vc_column-inner\"><div class=\"wpb_wrapper\"><div class=\"wpb_text_column\"><div class=\"wpb_wrapper\"><p><strong>O Atl\u00e2ntida Mar Hotel est\u00e1 localizado na maravilhosa e verde-esmeralda Ilha Terceira, A\u00e7ores, Portugal<\/strong><\/p>\n<p><strong>\u00a0<\/strong>Ao sair do Aeroporto Internacional de Lajes, encontrar\u00e1 uma rotunda. Siga em frente em dire\u00e7\u00e3o \u00e0 via r\u00e1pida e 100 metros depois tome a dire\u00e7\u00e3o da Praia da Vit\u00f3ria. Depois de conduzir 4 km e no final da via r\u00e1pida, perto do mar, vire \u00e0 esquerda e 50 metros depois, encontrar\u00e1 o Atl\u00e2ntida Mar Hotel \u00e0 sua direita.<\/p>\n<p>Localizado no passeio mar\u00edtimo da ba\u00eda da Praia da Vit\u00f3ria, o hotel est\u00e1 a uma curta dist\u00e2ncia a p\u00e9 de 800 metros do centro da cidade, depois de uma agrad\u00e1vel caminhada \u00e0 beira-mar.<\/p>\n<\/div><\/div><\/div><\/div><\/div><\/div><\/div><\/section><section class=\"l-section wpb_row height_small\"><div class=\"l-section-h i-cf\"><div class=\"g-cols vc_row via_flex valign_top type_default stacking_default\"><div class=\"vc_col-sm-6 wpb_column vc_column_container\"><div class=\"vc_column-inner\"><div class=\"wpb_wrapper\"><div class=\"wpb_text_column\"><div class=\"wpb_wrapper\"><p><strong>Outros locais nas proximidades:<br \/>\n<\/strong>Marina da Praia da Vitoria \u2013 1 km<br \/>\nAeroporto Internacional das Lajes \u2013 4 km<br \/>\nCampo de Golfe da Ilha Terceira \u2013 9 km<br \/>\nGrutas Vulc\u00e2nicas Algar do Carv\u00e3o \u2013 13 km<br \/>\nCidade de Angra do Hero\u00edsmo, Patrim\u00f3nio Mundial da UNESCO \u2013 22 km<br \/>\nPiscinas Naturais dos Biscoitos \u2013 22 Km<br \/>\nOutras Ilhas do Grupo Central (S\u00e3o Jorge, Graciosa, Pico e Faial) \u2013 Cerca de 30 minutos de avi\u00e3o ou entre 3 e 9 horas de barco<\/p>\n<p><strong>Coordenadas Geogr\u00e1ficas:<\/strong><strong><br \/>\n<\/strong>Latitude 38 \u00b0 43&#8217;16&#8221;N;<br \/>\nLongitude 27 \u00ba 03&#8217;46&#8221;W<br \/>\nGPS: N 38,721207\u00ba; W 27,062877\u00ba<\/p>\n<\/div><\/div><\/div><\/div><\/div><div class=\"vc_col-sm-6 wpb_column vc_column_container\"><div class=\"vc_column-inner\"><div class=\"wpb_wrapper\"><div class=\"w-map provider_osm\" id=\"us_map_1\"><div class=\"w-map-json\" onclick='return {&quot;address&quot;:&quot;38.732862,-27.062501&quot;,&quot;zoom&quot;:11,&quot;hideControls&quot;:0,&quot;disableZoom&quot;:0,&quot;disableDragging&quot;:0,&quot;markers&quot;:[{&quot;address&quot;:&quot;38.732862,-27.062501&quot;,&quot;html&quot;:&quot;&lt;b&gt;Atl\\u00e2ntida Mar Hotel&lt;\\\/b&gt;\\n&lt;br&gt;Boavista, n\\u00ba 9\\n&lt;br&gt;9760-557 Praia da Vit\\u00f3ria\\n&lt;br&gt;A\\u00e7ores \\u2013 Portugal\\n&lt;br&gt;&lt;b&gt;Telefone:&lt;\\\/b&gt; &lt;a href=\\&quot;tel:00351295545800\\&quot;&gt;00351 295 545 800&lt;\\\/a&gt;\\n&lt;br&gt;&lt;b&gt;Fax:&lt;\\\/b&gt; 00351 295 545 808&quot;,&quot;infowindow&quot;:&quot;1&quot;},{&quot;address&quot;:&quot;38.732862,-27.062501&quot;,&quot;html&quot;:&quot;&quot;,&quot;marker_img&quot;:null,&quot;marker_size&quot;:[&quot;30&quot;,&quot;30&quot;]}],&quot;style&quot;:&quot;https:\\\/\\\/{s}.tile.openstreetmap.org\\\/{z}\\\/{x}\\\/{y}.png&quot;}'><\/div><\/div><\/div><\/div><\/div><\/div><\/div><\/section>\n<\/section>","protected":false},"excerpt":{"rendered":"O Atl\u00e2ntida Mar Hotel est\u00e1 localizado na maravilhosa e verde-esmeralda Ilha Terceira, A\u00e7ores, Portugal \u00a0Ao sair do Aeroporto Internacional de Lajes, encontrar\u00e1 uma rotunda. Siga em frente em dire\u00e7\u00e3o \u00e0 via r\u00e1pida e 100 metros depois tome a dire\u00e7\u00e3o da Praia da Vit\u00f3ria. Depois de conduzir 4 km e no final da via r\u00e1pida, perto...","protected":false},"author":1,"featured_media":4974,"parent":0,"menu_order":0,"comment_status":"closed","ping_status":"closed","template":"","meta":{"_monsterinsights_skip_tracking":false,"_monsterinsights_sitenote_active":false,"_monsterinsights_sitenote_note":"","_monsterinsights_sitenote_category":0},"acf":[],"yoast_head":"<!-- This site is optimized with the Yoast SEO plugin v20.12 - https:\/\/yoast.com\/wordpress\/plugins\/seo\/ -->\n<title>Localiza\u00e7\u00e3o - Atl\u00e2ntida Mar Hotel<\/title>\n<meta name=\"description\" content=\"Descubra a nossa localiza\u00e7\u00e3o privilegiada na verde esmeralda Ilha Terceira, A\u00e7ores. Situado no passeio mar\u00edtimo da ba\u00eda da Praia da Vit\u00f3ria.\" \/>\n<meta name=\"robots\" content=\"index, follow, max-snippet:-1, max-image-preview:large, max-video-preview:-1\" \/>\n<link rel=\"canonical\" href=\"https:\/\/atlantidamarhotel.com\/pt-pt\/localizacao\/\" \/>\n<meta property=\"og:locale\" content=\"pt_PT\" \/>\n<meta property=\"og:type\" content=\"article\" \/>\n<meta property=\"og:title\" content=\"Localiza\u00e7\u00e3o - Atl\u00e2ntida Mar Hotel\" \/>\n<meta property=\"og:description\" content=\"Descubra a nossa localiza\u00e7\u00e3o privilegiada na verde esmeralda Ilha Terceira, A\u00e7ores. Situado no passeio mar\u00edtimo da ba\u00eda da Praia da Vit\u00f3ria.\" \/>\n<meta property=\"og:url\" content=\"https:\/\/atlantidamarhotel.com\/pt-pt\/localizacao\/\" \/>\n<meta property=\"og:site_name\" content=\"Atl\u00e2ntida Mar Hotel\" \/>\n<meta property=\"article:publisher\" content=\"https:\/\/www.facebook.com\/AtlantidaMarHotel\/\" \/>\n<meta property=\"article:modified_time\" content=\"2023-05-27T17:14:18+00:00\" \/>\n<meta property=\"og:image\" content=\"https:\/\/atlantidamarhotel.com\/wp-content\/uploads\/2017\/02\/location_atlantida_mar_hotel3.jpg\" \/>\n\t<meta property=\"og:image:width\" content=\"2000\" \/>\n\t<meta property=\"og:image:height\" content=\"1000\" \/>\n\t<meta property=\"og:image:type\" content=\"image\/jpeg\" \/>\n<meta name=\"twitter:card\" content=\"summary_large_image\" \/>\n<meta name=\"twitter:label1\" content=\"Tempo estimado de leitura\" \/>\n\t<meta name=\"twitter:data1\" content=\"1 minuto\" \/>\n<script type=\"application\/ld+json\" class=\"yoast-schema-graph\">{\"@context\":\"https:\/\/schema.org\",\"@graph\":[{\"@type\":\"WebPage\",\"@id\":\"https:\/\/atlantidamarhotel.com\/pt-pt\/localizacao\/\",\"url\":\"https:\/\/atlantidamarhotel.com\/pt-pt\/localizacao\/\",\"name\":\"Localiza\u00e7\u00e3o - Atl\u00e2ntida Mar Hotel\",\"isPartOf\":{\"@id\":\"https:\/\/atlantidamarhotel.com\/pt-pt\/#website\"},\"datePublished\":\"2017-01-24T22:35:48+00:00\",\"dateModified\":\"2023-05-27T17:14:18+00:00\",\"description\":\"Descubra a nossa localiza\u00e7\u00e3o privilegiada na verde esmeralda Ilha Terceira, A\u00e7ores. Situado no passeio mar\u00edtimo da ba\u00eda da Praia da Vit\u00f3ria.\",\"breadcrumb\":{\"@id\":\"https:\/\/atlantidamarhotel.com\/pt-pt\/localizacao\/#breadcrumb\"},\"inLanguage\":\"pt-PT\",\"potentialAction\":[{\"@type\":\"ReadAction\",\"target\":[\"https:\/\/atlantidamarhotel.com\/pt-pt\/localizacao\/\"]}]},{\"@type\":\"BreadcrumbList\",\"@id\":\"https:\/\/atlantidamarhotel.com\/pt-pt\/localizacao\/#breadcrumb\",\"itemListElement\":[{\"@type\":\"ListItem\",\"position\":1,\"name\":\"Home\",\"item\":\"https:\/\/atlantidamarhotel.com\/pt-pt\/\"},{\"@type\":\"ListItem\",\"position\":2,\"name\":\"Localiza\u00e7\u00e3o\"}]},{\"@type\":\"WebSite\",\"@id\":\"https:\/\/atlantidamarhotel.com\/pt-pt\/#website\",\"url\":\"https:\/\/atlantidamarhotel.com\/pt-pt\/\",\"name\":\"Atl\u00e2ntida Mar Hotel\",\"description\":\"Aparthotel\",\"publisher\":{\"@id\":\"https:\/\/atlantidamarhotel.com\/pt-pt\/#organization\"},\"potentialAction\":[{\"@type\":\"SearchAction\",\"target\":{\"@type\":\"EntryPoint\",\"urlTemplate\":\"https:\/\/atlantidamarhotel.com\/pt-pt\/?s={search_term_string}\"},\"query-input\":\"required name=search_term_string\"}],\"inLanguage\":\"pt-PT\"},{\"@type\":\"Organization\",\"@id\":\"https:\/\/atlantidamarhotel.com\/pt-pt\/#organization\",\"name\":\"Atl\u00e2ntida Mar Hotel\",\"url\":\"https:\/\/atlantidamarhotel.com\/pt-pt\/\",\"logo\":{\"@type\":\"ImageObject\",\"inLanguage\":\"pt-PT\",\"@id\":\"https:\/\/atlantidamarhotel.com\/pt-pt\/#\/schema\/logo\/image\/\",\"url\":\"https:\/\/atlantidamarhotel.com\/wp-content\/uploads\/2016\/12\/logo-Atlantida-mar-hotel-2.png\",\"contentUrl\":\"https:\/\/atlantidamarhotel.com\/wp-content\/uploads\/2016\/12\/logo-Atlantida-mar-hotel-2.png\",\"width\":1600,\"height\":445,\"caption\":\"Atl\u00e2ntida Mar Hotel\"},\"image\":{\"@id\":\"https:\/\/atlantidamarhotel.com\/pt-pt\/#\/schema\/logo\/image\/\"},\"sameAs\":[\"https:\/\/www.facebook.com\/AtlantidaMarHotel\/\"]}]}<\/script>\n<!-- \/ Yoast SEO plugin. -->","yoast_head_json":{"title":"Localiza\u00e7\u00e3o - Atl\u00e2ntida Mar Hotel","description":"Descubra a nossa localiza\u00e7\u00e3o privilegiada na verde esmeralda Ilha Terceira, A\u00e7ores. Situado no passeio mar\u00edtimo da ba\u00eda da Praia da Vit\u00f3ria.","robots":{"index":"index","follow":"follow","max-snippet":"max-snippet:-1","max-image-preview":"max-image-preview:large","max-video-preview":"max-video-preview:-1"},"canonical":"https:\/\/atlantidamarhotel.com\/pt-pt\/localizacao\/","og_locale":"pt_PT","og_type":"article","og_title":"Localiza\u00e7\u00e3o - Atl\u00e2ntida Mar Hotel","og_description":"Descubra a nossa localiza\u00e7\u00e3o privilegiada na verde esmeralda Ilha Terceira, A\u00e7ores. Situado no passeio mar\u00edtimo da ba\u00eda da Praia da Vit\u00f3ria.","og_url":"https:\/\/atlantidamarhotel.com\/pt-pt\/localizacao\/","og_site_name":"Atl\u00e2ntida Mar Hotel","article_publisher":"https:\/\/www.facebook.com\/AtlantidaMarHotel\/","article_modified_time":"2023-05-27T17:14:18+00:00","og_image":[{"width":2000,"height":1000,"url":"https:\/\/atlantidamarhotel.com\/wp-content\/uploads\/2017\/02\/location_atlantida_mar_hotel3.jpg","type":"image\/jpeg"}],"twitter_card":"summary_large_image","twitter_misc":{"Tempo estimado de leitura":"1 minuto"},"schema":{"@context":"https:\/\/schema.org","@graph":[{"@type":"WebPage","@id":"https:\/\/atlantidamarhotel.com\/pt-pt\/localizacao\/","url":"https:\/\/atlantidamarhotel.com\/pt-pt\/localizacao\/","name":"Localiza\u00e7\u00e3o - Atl\u00e2ntida Mar Hotel","isPartOf":{"@id":"https:\/\/atlantidamarhotel.com\/pt-pt\/#website"},"datePublished":"2017-01-24T22:35:48+00:00","dateModified":"2023-05-27T17:14:18+00:00","description":"Descubra a nossa localiza\u00e7\u00e3o privilegiada na verde esmeralda Ilha Terceira, A\u00e7ores. Situado no passeio mar\u00edtimo da ba\u00eda da Praia da Vit\u00f3ria.","breadcrumb":{"@id":"https:\/\/atlantidamarhotel.com\/pt-pt\/localizacao\/#breadcrumb"},"inLanguage":"pt-PT","potentialAction":[{"@type":"ReadAction","target":["https:\/\/atlantidamarhotel.com\/pt-pt\/localizacao\/"]}]},{"@type":"BreadcrumbList","@id":"https:\/\/atlantidamarhotel.com\/pt-pt\/localizacao\/#breadcrumb","itemListElement":[{"@type":"ListItem","position":1,"name":"Home","item":"https:\/\/atlantidamarhotel.com\/pt-pt\/"},{"@type":"ListItem","position":2,"name":"Localiza\u00e7\u00e3o"}]},{"@type":"WebSite","@id":"https:\/\/atlantidamarhotel.com\/pt-pt\/#website","url":"https:\/\/atlantidamarhotel.com\/pt-pt\/","name":"Atl\u00e2ntida Mar Hotel","description":"Aparthotel","publisher":{"@id":"https:\/\/atlantidamarhotel.com\/pt-pt\/#organization"},"potentialAction":[{"@type":"SearchAction","target":{"@type":"EntryPoint","urlTemplate":"https:\/\/atlantidamarhotel.com\/pt-pt\/?s={search_term_string}"},"query-input":"required name=search_term_string"}],"inLanguage":"pt-PT"},{"@type":"Organization","@id":"https:\/\/atlantidamarhotel.com\/pt-pt\/#organization","name":"Atl\u00e2ntida Mar Hotel","url":"https:\/\/atlantidamarhotel.com\/pt-pt\/","logo":{"@type":"ImageObject","inLanguage":"pt-PT","@id":"https:\/\/atlantidamarhotel.com\/pt-pt\/#\/schema\/logo\/image\/","url":"https:\/\/atlantidamarhotel.com\/wp-content\/uploads\/2016\/12\/logo-Atlantida-mar-hotel-2.png","contentUrl":"https:\/\/atlantidamarhotel.com\/wp-content\/uploads\/2016\/12\/logo-Atlantida-mar-hotel-2.png","width":1600,"height":445,"caption":"Atl\u00e2ntida Mar Hotel"},"image":{"@id":"https:\/\/atlantidamarhotel.com\/pt-pt\/#\/schema\/logo\/image\/"},"sameAs":["https:\/\/www.facebook.com\/AtlantidaMarHotel\/"]}]}},"_links":{"self":[{"href":"https:\/\/atlantidamarhotel.com\/pt-pt\/wp-json\/wp\/v2\/pages\/1547"}],"collection":[{"href":"https:\/\/atlantidamarhotel.com\/pt-pt\/wp-json\/wp\/v2\/pages"}],"about":[{"href":"https:\/\/atlantidamarhotel.com\/pt-pt\/wp-json\/wp\/v2\/types\/page"}],"author":[{"embeddable":true,"href":"https:\/\/atlantidamarhotel.com\/pt-pt\/wp-json\/wp\/v2\/users\/1"}],"replies":[{"embeddable":true,"href":"https:\/\/atlantidamarhotel.com\/pt-pt\/wp-json\/wp\/v2\/comments?post=1547"}],"version-history":[{"count":4,"href":"https:\/\/atlantidamarhotel.com\/pt-pt\/wp-json\/wp\/v2\/pages\/1547\/revisions"}],"predecessor-version":[{"id":5865,"href":"https:\/\/atlantidamarhotel.com\/pt-pt\/wp-json\/wp\/v2\/pages\/1547\/revisions\/5865"}],"wp:featuredmedia":[{"embeddable":true,"href":"https:\/\/atlantidamarhotel.com\/pt-pt\/wp-json\/wp\/v2\/media\/4974"}],"wp:attachment":[{"href":"https:\/\/atlantidamarhotel.com\/pt-pt\/wp-json\/wp\/v2\/media?parent=1547"}],"curies":[{"name":"wp","href":"https:\/\/api.w.org\/{rel}","templated":true}]}}