{"id":1551,"date":"2017-01-24T21:19:28","date_gmt":"2017-01-24T22:19:28","guid":{"rendered":"http:\/\/www.atlantidamarhotel.pt\/festivities\/"},"modified":"2023-05-27T21:45:30","modified_gmt":"2023-05-27T22:45:30","slug":"festividades","status":"publish","type":"page","link":"https:\/\/atlantidamarhotel.com\/pt-pt\/diversao-lazer\/a-descoberta-da-ilha\/festividades\/","title":{"rendered":"Festividades"},"content":{"rendered":"<section class=\"wpb-content-wrapper\"><section class=\"l-section wpb_row height_custom\"><div class=\"l-section-h i-cf\"><div class=\"g-cols vc_row via_flex valign_top type_default stacking_default\"><div class=\"vc_col-sm-12 wpb_column vc_column_container\"><div class=\"vc_column-inner\"><div class=\"wpb_wrapper\"><div class=\"wpb_text_column\"><div class=\"wpb_wrapper\"><p>A Ilha Terceira est\u00e1 permanentemente em festa, sendo a ilha mais festiva dos A\u00e7ores.<\/p>\n<p>A \u00e9poca carnavalesca \u00e9 vivida na Terceira de uma forma intensa, genu\u00edna e especial, onde s\u00e3o destaque as tradicionais <strong>Dan\u00e7as de Carnaval<\/strong>, um tipo de teatro popular de caracter\u00edsticas \u00fanicas. Durante quatro dias, a popula\u00e7\u00e3o enche por completo os sal\u00f5es das sociedades recreativas e outras salas de espect\u00e1culos para assistir \u00e0 exibi\u00e7\u00e3o das chamadas \u201cdan\u00e7as\u201d ou \u201cbailinhos\u201d. Durante as actua\u00e7\u00f5es os membros de cada grupo contam uma hist\u00f3ria, muitas vezes de uma forma sat\u00edrica ou engra\u00e7ada.<\/p>\n<p>Outras das festas t\u00edpicas da ilha Terceira, esta de cunho religioso, s\u00e3o as <strong>Festas do Esp\u00edrito Santo<\/strong>, centradas nos pitorescos Imp\u00e9rios. As oito semanas que medeiam o domingo de P\u00e1scoa e o domingo da Trindade d\u00e3o lugar \u00e0s fun\u00e7\u00f5es e aos bodos que animam as diferentes localidades da ilha.<\/p>\n<p>Merecem ainda destaque as <strong>Sanjoaninas<\/strong>, ligadas \u00e0s tradi\u00e7\u00f5es dos Santos Populares, em que a popula\u00e7\u00e3o enche as ruas de Angra do Hero\u00edsmo durante dez dias consecutivos nos finais do m\u00eas de Junho. S\u00e3o desfiles, concertos, corridas de toiros (nas ruas e na pra\u00e7a de toiros), tascas de comes e bebes, espect\u00e1culos populares, eventos desportivos, tendo as festas como ponto alto o desfile de marchas populares.<\/p>\n<p>Nos primeiros dez dias de Agosto, acontece festa na <strong>Praia da Vit\u00f3ria. <\/strong>As Festas da Praia incluem touradas (\u00e0 corda e de pra\u00e7a), desfiles de marchas populares, cortejos etnogr\u00e1ficos, feira gastron\u00f3mica com v\u00e1rios dos melhores restaurantes locais e nacionais, concertos musicais com artistas nacionais e internacionais e eventos desportivos.<\/p>\n<p>No in\u00edcio de Setembro, a <strong>Festa da Vinha e do Vinho<\/strong>, nos Biscoitos, uma localidade com tradi\u00e7\u00f5es vitivin\u00edcolas, oferece a possibilidade das pessoas participarem na vindima da uva e de fazer o vinho, seguindo-se a prova do vinho e uma refei\u00e7\u00e3o t\u00edpica das vindimas.<\/p>\n<p>As <strong>Touradas \u00e0 Corda <\/strong>s\u00e3o as maiores festas populares e tradicionais da ilha Terceira e \u00fanicas no mundo no seu g\u00e9nero. O toiro corre nas ruas das freguesias amarrado pelo pesco\u00e7o com uma longa corda, segura na extremidade por um grupo de homens, chamados pastores. Tamb\u00e9m existe a tourada \u00e0 corda no areal da Praia da Vit\u00f3ria, com o toiro a mergulhar nas \u00e1guas do oceano juntamente com os nadadores.<br \/>\nA \u00e9poca das touradas ocorre de 1 de Maio a 15 de Outubro e podem ser presenciadas quase todos os dias.<\/p>\n<p>No campo musical, a maior tradi\u00e7\u00e3o da ilha s\u00e3o os <strong>Cantares ao Desafio<\/strong>. Ao longo de todo o Ver\u00e3o, e em todas as localidades da ilha podemos assistir em palcos improvisados ao ar livre, \u00e0 actua\u00e7\u00e3o de cantores locais que se desafiam uns aos outros atrav\u00e9s de cantigas improvisadas com quadras rimadas e que deliciam as audi\u00eancias.<\/p>\n<\/div><\/div><\/div><\/div><\/div><\/div><\/div><\/section><section class=\"l-section wpb_row height_custom\"><div class=\"l-section-h i-cf\"><div class=\"g-cols vc_row via_flex valign_top type_default stacking_default\"><div class=\"vc_col-sm-12 wpb_column vc_column_container\"><div class=\"vc_column-inner\"><div class=\"wpb_wrapper\"><div class=\"w-btn-wrapper align_center\"><a class=\"w-btn us-btn-style_1\" title=\"\u00c0 Descoberta da Ilha\" href=\"\/pt-pt\/diversao-lazer\/a-descoberta-da-ilha\/\"><span class=\"w-btn-label\">Voltar Atr\u00e1s<\/span><\/a><\/div><\/div><\/div><\/div><\/div><\/div><\/section>\n<\/section>","protected":false},"excerpt":{"rendered":"A Ilha Terceira est\u00e1 permanentemente em festa, sendo a ilha mais festiva dos A\u00e7ores. A \u00e9poca carnavalesca \u00e9 vivida na Terceira de uma forma intensa, genu\u00edna e especial, onde s\u00e3o destaque as tradicionais Dan\u00e7as de Carnaval, um tipo de teatro popular de caracter\u00edsticas \u00fanicas. Durante quatro dias, a popula\u00e7\u00e3o enche por completo os sal\u00f5es das...","protected":false},"author":1,"featured_media":4606,"parent":1579,"menu_order":0,"comment_status":"closed","ping_status":"closed","template":"","meta":{"_monsterinsights_skip_tracking":false,"_monsterinsights_sitenote_active":false,"_monsterinsights_sitenote_note":"","_monsterinsights_sitenote_category":0},"acf":[],"yoast_head":"<!-- This site is optimized with the Yoast SEO plugin v20.12 - https:\/\/yoast.com\/wordpress\/plugins\/seo\/ -->\n<title>Festividades - Atl\u00e2ntida Mar Hotel<\/title>\n<meta name=\"description\" content=\"Viva o esp\u00edrito festivo da Terceira, desde os vibrantes Carnavais e Festas do Esp\u00edrito Santo \u00e0s touradas e ao canto improvisado. Todas as esta\u00e7\u00f5es na Terceira trazem celebra\u00e7\u00f5es \u00fanicas e coloridas ricas em tradi\u00e7\u00e3o.\" \/>\n<meta name=\"robots\" content=\"index, follow, max-snippet:-1, max-image-preview:large, max-video-preview:-1\" \/>\n<link rel=\"canonical\" href=\"https:\/\/atlantidamarhotel.com\/pt-pt\/diversao-lazer\/a-descoberta-da-ilha\/festividades\/\" \/>\n<meta property=\"og:locale\" content=\"pt_PT\" \/>\n<meta property=\"og:type\" content=\"article\" \/>\n<meta property=\"og:title\" content=\"Festividades - Atl\u00e2ntida Mar Hotel\" \/>\n<meta property=\"og:description\" content=\"Viva o esp\u00edrito festivo da Terceira, desde os vibrantes Carnavais e Festas do Esp\u00edrito Santo \u00e0s touradas e ao canto improvisado. Todas as esta\u00e7\u00f5es na Terceira trazem celebra\u00e7\u00f5es \u00fanicas e coloridas ricas em tradi\u00e7\u00e3o.\" \/>\n<meta property=\"og:url\" content=\"https:\/\/atlantidamarhotel.com\/pt-pt\/diversao-lazer\/a-descoberta-da-ilha\/festividades\/\" \/>\n<meta property=\"og:site_name\" content=\"Atl\u00e2ntida Mar Hotel\" \/>\n<meta property=\"article:publisher\" content=\"https:\/\/www.facebook.com\/AtlantidaMarHotel\/\" \/>\n<meta property=\"article:modified_time\" content=\"2023-05-27T22:45:30+00:00\" \/>\n<meta property=\"og:image\" content=\"https:\/\/atlantidamarhotel.com\/wp-content\/uploads\/2017\/01\/festivities_atlantida_mar_hotel.jpg\" \/>\n\t<meta property=\"og:image:width\" content=\"1500\" \/>\n\t<meta property=\"og:image:height\" content=\"998\" \/>\n\t<meta property=\"og:image:type\" content=\"image\/jpeg\" \/>\n<meta name=\"twitter:card\" content=\"summary_large_image\" \/>\n<meta name=\"twitter:label1\" content=\"Tempo estimado de leitura\" \/>\n\t<meta name=\"twitter:data1\" content=\"2 minutos\" \/>\n<script type=\"application\/ld+json\" class=\"yoast-schema-graph\">{\"@context\":\"https:\/\/schema.org\",\"@graph\":[{\"@type\":\"WebPage\",\"@id\":\"https:\/\/atlantidamarhotel.com\/pt-pt\/diversao-lazer\/a-descoberta-da-ilha\/festividades\/\",\"url\":\"https:\/\/atlantidamarhotel.com\/pt-pt\/diversao-lazer\/a-descoberta-da-ilha\/festividades\/\",\"name\":\"Festividades - Atl\u00e2ntida Mar Hotel\",\"isPartOf\":{\"@id\":\"https:\/\/atlantidamarhotel.com\/pt-pt\/#website\"},\"datePublished\":\"2017-01-24T22:19:28+00:00\",\"dateModified\":\"2023-05-27T22:45:30+00:00\",\"description\":\"Viva o esp\u00edrito festivo da Terceira, desde os vibrantes Carnavais e Festas do Esp\u00edrito Santo \u00e0s touradas e ao canto improvisado. Todas as esta\u00e7\u00f5es na Terceira trazem celebra\u00e7\u00f5es \u00fanicas e coloridas ricas em tradi\u00e7\u00e3o.\",\"breadcrumb\":{\"@id\":\"https:\/\/atlantidamarhotel.com\/pt-pt\/diversao-lazer\/a-descoberta-da-ilha\/festividades\/#breadcrumb\"},\"inLanguage\":\"pt-PT\",\"potentialAction\":[{\"@type\":\"ReadAction\",\"target\":[\"https:\/\/atlantidamarhotel.com\/pt-pt\/diversao-lazer\/a-descoberta-da-ilha\/festividades\/\"]}]},{\"@type\":\"BreadcrumbList\",\"@id\":\"https:\/\/atlantidamarhotel.com\/pt-pt\/diversao-lazer\/a-descoberta-da-ilha\/festividades\/#breadcrumb\",\"itemListElement\":[{\"@type\":\"ListItem\",\"position\":1,\"name\":\"Home\",\"item\":\"https:\/\/atlantidamarhotel.com\/pt-pt\/\"},{\"@type\":\"ListItem\",\"position\":2,\"name\":\"Divers\u00e3o &#038; Lazer\",\"item\":\"https:\/\/atlantidamarhotel.com\/pt-pt\/diversao-lazer\/\"},{\"@type\":\"ListItem\",\"position\":3,\"name\":\"\u00c0 Descoberta da Ilha\",\"item\":\"https:\/\/atlantidamarhotel.com\/pt-pt\/diversao-lazer\/a-descoberta-da-ilha\/\"},{\"@type\":\"ListItem\",\"position\":4,\"name\":\"Festividades\"}]},{\"@type\":\"WebSite\",\"@id\":\"https:\/\/atlantidamarhotel.com\/pt-pt\/#website\",\"url\":\"https:\/\/atlantidamarhotel.com\/pt-pt\/\",\"name\":\"Atl\u00e2ntida Mar Hotel\",\"description\":\"Aparthotel\",\"publisher\":{\"@id\":\"https:\/\/atlantidamarhotel.com\/pt-pt\/#organization\"},\"potentialAction\":[{\"@type\":\"SearchAction\",\"target\":{\"@type\":\"EntryPoint\",\"urlTemplate\":\"https:\/\/atlantidamarhotel.com\/pt-pt\/?s={search_term_string}\"},\"query-input\":\"required name=search_term_string\"}],\"inLanguage\":\"pt-PT\"},{\"@type\":\"Organization\",\"@id\":\"https:\/\/atlantidamarhotel.com\/pt-pt\/#organization\",\"name\":\"Atl\u00e2ntida Mar Hotel\",\"url\":\"https:\/\/atlantidamarhotel.com\/pt-pt\/\",\"logo\":{\"@type\":\"ImageObject\",\"inLanguage\":\"pt-PT\",\"@id\":\"https:\/\/atlantidamarhotel.com\/pt-pt\/#\/schema\/logo\/image\/\",\"url\":\"https:\/\/atlantidamarhotel.com\/wp-content\/uploads\/2016\/12\/logo-Atlantida-mar-hotel-2.png\",\"contentUrl\":\"https:\/\/atlantidamarhotel.com\/wp-content\/uploads\/2016\/12\/logo-Atlantida-mar-hotel-2.png\",\"width\":1600,\"height\":445,\"caption\":\"Atl\u00e2ntida Mar Hotel\"},\"image\":{\"@id\":\"https:\/\/atlantidamarhotel.com\/pt-pt\/#\/schema\/logo\/image\/\"},\"sameAs\":[\"https:\/\/www.facebook.com\/AtlantidaMarHotel\/\"]}]}<\/script>\n<!-- \/ Yoast SEO plugin. -->","yoast_head_json":{"title":"Festividades - Atl\u00e2ntida Mar Hotel","description":"Viva o esp\u00edrito festivo da Terceira, desde os vibrantes Carnavais e Festas do Esp\u00edrito Santo \u00e0s touradas e ao canto improvisado. Todas as esta\u00e7\u00f5es na Terceira trazem celebra\u00e7\u00f5es \u00fanicas e coloridas ricas em tradi\u00e7\u00e3o.","robots":{"index":"index","follow":"follow","max-snippet":"max-snippet:-1","max-image-preview":"max-image-preview:large","max-video-preview":"max-video-preview:-1"},"canonical":"https:\/\/atlantidamarhotel.com\/pt-pt\/diversao-lazer\/a-descoberta-da-ilha\/festividades\/","og_locale":"pt_PT","og_type":"article","og_title":"Festividades - Atl\u00e2ntida Mar Hotel","og_description":"Viva o esp\u00edrito festivo da Terceira, desde os vibrantes Carnavais e Festas do Esp\u00edrito Santo \u00e0s touradas e ao canto improvisado. Todas as esta\u00e7\u00f5es na Terceira trazem celebra\u00e7\u00f5es \u00fanicas e coloridas ricas em tradi\u00e7\u00e3o.","og_url":"https:\/\/atlantidamarhotel.com\/pt-pt\/diversao-lazer\/a-descoberta-da-ilha\/festividades\/","og_site_name":"Atl\u00e2ntida Mar Hotel","article_publisher":"https:\/\/www.facebook.com\/AtlantidaMarHotel\/","article_modified_time":"2023-05-27T22:45:30+00:00","og_image":[{"width":1500,"height":998,"url":"https:\/\/atlantidamarhotel.com\/wp-content\/uploads\/2017\/01\/festivities_atlantida_mar_hotel.jpg","type":"image\/jpeg"}],"twitter_card":"summary_large_image","twitter_misc":{"Tempo estimado de leitura":"2 minutos"},"schema":{"@context":"https:\/\/schema.org","@graph":[{"@type":"WebPage","@id":"https:\/\/atlantidamarhotel.com\/pt-pt\/diversao-lazer\/a-descoberta-da-ilha\/festividades\/","url":"https:\/\/atlantidamarhotel.com\/pt-pt\/diversao-lazer\/a-descoberta-da-ilha\/festividades\/","name":"Festividades - Atl\u00e2ntida Mar Hotel","isPartOf":{"@id":"https:\/\/atlantidamarhotel.com\/pt-pt\/#website"},"datePublished":"2017-01-24T22:19:28+00:00","dateModified":"2023-05-27T22:45:30+00:00","description":"Viva o esp\u00edrito festivo da Terceira, desde os vibrantes Carnavais e Festas do Esp\u00edrito Santo \u00e0s touradas e ao canto improvisado. Todas as esta\u00e7\u00f5es na Terceira trazem celebra\u00e7\u00f5es \u00fanicas e coloridas ricas em tradi\u00e7\u00e3o.","breadcrumb":{"@id":"https:\/\/atlantidamarhotel.com\/pt-pt\/diversao-lazer\/a-descoberta-da-ilha\/festividades\/#breadcrumb"},"inLanguage":"pt-PT","potentialAction":[{"@type":"ReadAction","target":["https:\/\/atlantidamarhotel.com\/pt-pt\/diversao-lazer\/a-descoberta-da-ilha\/festividades\/"]}]},{"@type":"BreadcrumbList","@id":"https:\/\/atlantidamarhotel.com\/pt-pt\/diversao-lazer\/a-descoberta-da-ilha\/festividades\/#breadcrumb","itemListElement":[{"@type":"ListItem","position":1,"name":"Home","item":"https:\/\/atlantidamarhotel.com\/pt-pt\/"},{"@type":"ListItem","position":2,"name":"Divers\u00e3o &#038; Lazer","item":"https:\/\/atlantidamarhotel.com\/pt-pt\/diversao-lazer\/"},{"@type":"ListItem","position":3,"name":"\u00c0 Descoberta da Ilha","item":"https:\/\/atlantidamarhotel.com\/pt-pt\/diversao-lazer\/a-descoberta-da-ilha\/"},{"@type":"ListItem","position":4,"name":"Festividades"}]},{"@type":"WebSite","@id":"https:\/\/atlantidamarhotel.com\/pt-pt\/#website","url":"https:\/\/atlantidamarhotel.com\/pt-pt\/","name":"Atl\u00e2ntida Mar Hotel","description":"Aparthotel","publisher":{"@id":"https:\/\/atlantidamarhotel.com\/pt-pt\/#organization"},"potentialAction":[{"@type":"SearchAction","target":{"@type":"EntryPoint","urlTemplate":"https:\/\/atlantidamarhotel.com\/pt-pt\/?s={search_term_string}"},"query-input":"required name=search_term_string"}],"inLanguage":"pt-PT"},{"@type":"Organization","@id":"https:\/\/atlantidamarhotel.com\/pt-pt\/#organization","name":"Atl\u00e2ntida Mar Hotel","url":"https:\/\/atlantidamarhotel.com\/pt-pt\/","logo":{"@type":"ImageObject","inLanguage":"pt-PT","@id":"https:\/\/atlantidamarhotel.com\/pt-pt\/#\/schema\/logo\/image\/","url":"https:\/\/atlantidamarhotel.com\/wp-content\/uploads\/2016\/12\/logo-Atlantida-mar-hotel-2.png","contentUrl":"https:\/\/atlantidamarhotel.com\/wp-content\/uploads\/2016\/12\/logo-Atlantida-mar-hotel-2.png","width":1600,"height":445,"caption":"Atl\u00e2ntida Mar Hotel"},"image":{"@id":"https:\/\/atlantidamarhotel.com\/pt-pt\/#\/schema\/logo\/image\/"},"sameAs":["https:\/\/www.facebook.com\/AtlantidaMarHotel\/"]}]}},"_links":{"self":[{"href":"https:\/\/atlantidamarhotel.com\/pt-pt\/wp-json\/wp\/v2\/pages\/1551"}],"collection":[{"href":"https:\/\/atlantidamarhotel.com\/pt-pt\/wp-json\/wp\/v2\/pages"}],"about":[{"href":"https:\/\/atlantidamarhotel.com\/pt-pt\/wp-json\/wp\/v2\/types\/page"}],"author":[{"embeddable":true,"href":"https:\/\/atlantidamarhotel.com\/pt-pt\/wp-json\/wp\/v2\/users\/1"}],"replies":[{"embeddable":true,"href":"https:\/\/atlantidamarhotel.com\/pt-pt\/wp-json\/wp\/v2\/comments?post=1551"}],"version-history":[{"count":3,"href":"https:\/\/atlantidamarhotel.com\/pt-pt\/wp-json\/wp\/v2\/pages\/1551\/revisions"}],"predecessor-version":[{"id":5916,"href":"https:\/\/atlantidamarhotel.com\/pt-pt\/wp-json\/wp\/v2\/pages\/1551\/revisions\/5916"}],"up":[{"embeddable":true,"href":"https:\/\/atlantidamarhotel.com\/pt-pt\/wp-json\/wp\/v2\/pages\/1579"}],"wp:featuredmedia":[{"embeddable":true,"href":"https:\/\/atlantidamarhotel.com\/pt-pt\/wp-json\/wp\/v2\/media\/4606"}],"wp:attachment":[{"href":"https:\/\/atlantidamarhotel.com\/pt-pt\/wp-json\/wp\/v2\/media?parent=1551"}],"curies":[{"name":"wp","href":"https:\/\/api.w.org\/{rel}","templated":true}]}}