{"id":1553,"date":"2017-01-24T21:13:16","date_gmt":"2017-01-24T22:13:16","guid":{"rendered":"http:\/\/www.atlantidamarhotel.pt\/handicrafts\/"},"modified":"2023-05-27T23:05:35","modified_gmt":"2023-05-28T00:05:35","slug":"artesanato","status":"publish","type":"page","link":"https:\/\/atlantidamarhotel.com\/pt-pt\/diversao-lazer\/a-descoberta-da-ilha\/artesanato\/","title":{"rendered":"Artesanato"},"content":{"rendered":"<section class=\"wpb-content-wrapper\"><section class=\"l-section wpb_row height_custom\"><div class=\"l-section-h i-cf\"><div class=\"g-cols vc_row via_flex valign_top type_default stacking_default\"><div class=\"vc_col-sm-12 wpb_column vc_column_container\"><div class=\"vc_column-inner\"><div class=\"wpb_wrapper\"><div class=\"wpb_text_column\"><div class=\"wpb_wrapper\"><p>O arquip\u00e9lago dos A\u00e7ores, com o seu rico passado hist\u00f3rico e as suas tradi\u00e7\u00f5es tornaram-se refer\u00eancia nas artes e of\u00edcios, em que, tanto homens como mulheres, souberam guardar e desenvolver as t\u00e9cnicas de trabalho artesanal, ainda intactas ao longo dos s\u00e9culos.<\/p>\n<p>O artesanato dos A\u00e7ores e devido \u00e0 insularidade das suas gentes, utiliza materiais elementares como a madeira, a escama de peixe, os ossos e dentes de baleia, o basalto, o miolo de hort\u00eansia, o barro, e a folha de milho.<\/p>\n<p>Atrav\u00e9s das Escolas de Artesanato e artes\u00e3os espalhados pelas diversas ilhas, procura-se manter vivas as tradi\u00e7\u00f5es iniciadas aquando do povoamento destas ilhas.<\/p>\n<p>Os bordados \u00e0 m\u00e3o, em linho branco cru e vermelho, que pela sua qualidade, foi-lhes concedido o t\u00edtulo de Produto de Origem de Qualidade Certificada, s\u00e3o, entre outros, onde melhor se manifesta a arte popular nesta ilha.<\/p>\n<p>Em teares manuais elaboram-se colchas de l\u00e3 coloridas e com motivos geom\u00e9tricos.<\/p>\n<p>A t\u00edpica <strong>Viola da Terra<\/strong>, comum ao arquip\u00e9lago, encontra na Terceira a originalidade de vers\u00f5es com 15 e 18 cordas em vez das tradicionais 12.<\/p>\n<p>Trabalhos em olaria e vime, rendas, ornamentos em chifres de bovinos, pe\u00e7as em osso e dente de baleia, completam as principais manifesta\u00e7\u00f5es artesanais da ilha.<\/p>\n<\/div><\/div><\/div><\/div><\/div><\/div><\/div><\/section><section class=\"l-section wpb_row height_custom\"><div class=\"l-section-h i-cf\"><div class=\"g-cols vc_row via_flex valign_top type_default stacking_default\"><div class=\"vc_col-sm-12 wpb_column vc_column_container\"><div class=\"vc_column-inner\"><div class=\"wpb_wrapper\"><div class=\"w-btn-wrapper align_center\"><a class=\"w-btn us-btn-style_1\" title=\"\u00c0 Descoberta da Ilha\" href=\"\/pt-pt\/diversao-lazer\/a-descoberta-da-ilha\/\"><span class=\"w-btn-label\">Voltar Atr\u00e1s<\/span><\/a><\/div><\/div><\/div><\/div><\/div><\/div><\/section>\n<\/section>","protected":false},"excerpt":{"rendered":"O arquip\u00e9lago dos A\u00e7ores, com o seu rico passado hist\u00f3rico e as suas tradi\u00e7\u00f5es tornaram-se refer\u00eancia nas artes e of\u00edcios, em que, tanto homens como mulheres, souberam guardar e desenvolver as t\u00e9cnicas de trabalho artesanal, ainda intactas ao longo dos s\u00e9culos. O artesanato dos A\u00e7ores e devido \u00e0 insularidade das suas gentes, utiliza materiais elementares...","protected":false},"author":1,"featured_media":4612,"parent":1579,"menu_order":0,"comment_status":"closed","ping_status":"closed","template":"","meta":{"_monsterinsights_skip_tracking":false,"_monsterinsights_sitenote_active":false,"_monsterinsights_sitenote_note":"","_monsterinsights_sitenote_category":0},"acf":[],"yoast_head":"<!-- This site is optimized with the Yoast SEO plugin v20.12 - https:\/\/yoast.com\/wordpress\/plugins\/seo\/ -->\n<title>Artesanato - Atl\u00e2ntida Mar Hotel<\/title>\n<meta name=\"description\" content=\"Mergulhe no artesanato a\u00e7oriano! Artesanato local \u00fanico e tradi\u00e7\u00f5es consagradas pelo tempo, mantidas vivas ao longo dos s\u00e9culos.\" \/>\n<meta name=\"robots\" content=\"index, follow, max-snippet:-1, max-image-preview:large, max-video-preview:-1\" \/>\n<link rel=\"canonical\" href=\"https:\/\/atlantidamarhotel.com\/pt-pt\/diversao-lazer\/a-descoberta-da-ilha\/artesanato\/\" \/>\n<meta property=\"og:locale\" content=\"pt_PT\" \/>\n<meta property=\"og:type\" content=\"article\" \/>\n<meta property=\"og:title\" content=\"Artesanato - Atl\u00e2ntida Mar Hotel\" \/>\n<meta property=\"og:description\" content=\"Mergulhe no artesanato a\u00e7oriano! Artesanato local \u00fanico e tradi\u00e7\u00f5es consagradas pelo tempo, mantidas vivas ao longo dos s\u00e9culos.\" \/>\n<meta property=\"og:url\" content=\"https:\/\/atlantidamarhotel.com\/pt-pt\/diversao-lazer\/a-descoberta-da-ilha\/artesanato\/\" \/>\n<meta property=\"og:site_name\" content=\"Atl\u00e2ntida Mar Hotel\" \/>\n<meta property=\"article:publisher\" content=\"https:\/\/www.facebook.com\/AtlantidaMarHotel\/\" \/>\n<meta property=\"article:modified_time\" content=\"2023-05-28T00:05:35+00:00\" \/>\n<meta property=\"og:image\" content=\"https:\/\/atlantidamarhotel.com\/wp-content\/uploads\/2017\/01\/handicrafts_atlantida_mar_hotel.jpg\" \/>\n\t<meta property=\"og:image:width\" content=\"1500\" \/>\n\t<meta property=\"og:image:height\" content=\"998\" \/>\n\t<meta property=\"og:image:type\" content=\"image\/jpeg\" \/>\n<meta name=\"twitter:card\" content=\"summary_large_image\" \/>\n<meta name=\"twitter:label1\" content=\"Tempo estimado de leitura\" \/>\n\t<meta name=\"twitter:data1\" content=\"1 minuto\" \/>\n<script type=\"application\/ld+json\" class=\"yoast-schema-graph\">{\"@context\":\"https:\/\/schema.org\",\"@graph\":[{\"@type\":\"WebPage\",\"@id\":\"https:\/\/atlantidamarhotel.com\/pt-pt\/diversao-lazer\/a-descoberta-da-ilha\/artesanato\/\",\"url\":\"https:\/\/atlantidamarhotel.com\/pt-pt\/diversao-lazer\/a-descoberta-da-ilha\/artesanato\/\",\"name\":\"Artesanato - Atl\u00e2ntida Mar Hotel\",\"isPartOf\":{\"@id\":\"https:\/\/atlantidamarhotel.com\/pt-pt\/#website\"},\"datePublished\":\"2017-01-24T22:13:16+00:00\",\"dateModified\":\"2023-05-28T00:05:35+00:00\",\"description\":\"Mergulhe no artesanato a\u00e7oriano! Artesanato local \u00fanico e tradi\u00e7\u00f5es consagradas pelo tempo, mantidas vivas ao longo dos s\u00e9culos.\",\"breadcrumb\":{\"@id\":\"https:\/\/atlantidamarhotel.com\/pt-pt\/diversao-lazer\/a-descoberta-da-ilha\/artesanato\/#breadcrumb\"},\"inLanguage\":\"pt-PT\",\"potentialAction\":[{\"@type\":\"ReadAction\",\"target\":[\"https:\/\/atlantidamarhotel.com\/pt-pt\/diversao-lazer\/a-descoberta-da-ilha\/artesanato\/\"]}]},{\"@type\":\"BreadcrumbList\",\"@id\":\"https:\/\/atlantidamarhotel.com\/pt-pt\/diversao-lazer\/a-descoberta-da-ilha\/artesanato\/#breadcrumb\",\"itemListElement\":[{\"@type\":\"ListItem\",\"position\":1,\"name\":\"Home\",\"item\":\"https:\/\/atlantidamarhotel.com\/pt-pt\/\"},{\"@type\":\"ListItem\",\"position\":2,\"name\":\"Divers\u00e3o &#038; Lazer\",\"item\":\"https:\/\/atlantidamarhotel.com\/pt-pt\/diversao-lazer\/\"},{\"@type\":\"ListItem\",\"position\":3,\"name\":\"\u00c0 Descoberta da Ilha\",\"item\":\"https:\/\/atlantidamarhotel.com\/pt-pt\/diversao-lazer\/a-descoberta-da-ilha\/\"},{\"@type\":\"ListItem\",\"position\":4,\"name\":\"Artesanato\"}]},{\"@type\":\"WebSite\",\"@id\":\"https:\/\/atlantidamarhotel.com\/pt-pt\/#website\",\"url\":\"https:\/\/atlantidamarhotel.com\/pt-pt\/\",\"name\":\"Atl\u00e2ntida Mar Hotel\",\"description\":\"Aparthotel\",\"publisher\":{\"@id\":\"https:\/\/atlantidamarhotel.com\/pt-pt\/#organization\"},\"potentialAction\":[{\"@type\":\"SearchAction\",\"target\":{\"@type\":\"EntryPoint\",\"urlTemplate\":\"https:\/\/atlantidamarhotel.com\/pt-pt\/?s={search_term_string}\"},\"query-input\":\"required name=search_term_string\"}],\"inLanguage\":\"pt-PT\"},{\"@type\":\"Organization\",\"@id\":\"https:\/\/atlantidamarhotel.com\/pt-pt\/#organization\",\"name\":\"Atl\u00e2ntida Mar Hotel\",\"url\":\"https:\/\/atlantidamarhotel.com\/pt-pt\/\",\"logo\":{\"@type\":\"ImageObject\",\"inLanguage\":\"pt-PT\",\"@id\":\"https:\/\/atlantidamarhotel.com\/pt-pt\/#\/schema\/logo\/image\/\",\"url\":\"https:\/\/atlantidamarhotel.com\/wp-content\/uploads\/2016\/12\/logo-Atlantida-mar-hotel-2.png\",\"contentUrl\":\"https:\/\/atlantidamarhotel.com\/wp-content\/uploads\/2016\/12\/logo-Atlantida-mar-hotel-2.png\",\"width\":1600,\"height\":445,\"caption\":\"Atl\u00e2ntida Mar Hotel\"},\"image\":{\"@id\":\"https:\/\/atlantidamarhotel.com\/pt-pt\/#\/schema\/logo\/image\/\"},\"sameAs\":[\"https:\/\/www.facebook.com\/AtlantidaMarHotel\/\"]}]}<\/script>\n<!-- \/ Yoast SEO plugin. -->","yoast_head_json":{"title":"Artesanato - Atl\u00e2ntida Mar Hotel","description":"Mergulhe no artesanato a\u00e7oriano! Artesanato local \u00fanico e tradi\u00e7\u00f5es consagradas pelo tempo, mantidas vivas ao longo dos s\u00e9culos.","robots":{"index":"index","follow":"follow","max-snippet":"max-snippet:-1","max-image-preview":"max-image-preview:large","max-video-preview":"max-video-preview:-1"},"canonical":"https:\/\/atlantidamarhotel.com\/pt-pt\/diversao-lazer\/a-descoberta-da-ilha\/artesanato\/","og_locale":"pt_PT","og_type":"article","og_title":"Artesanato - Atl\u00e2ntida Mar Hotel","og_description":"Mergulhe no artesanato a\u00e7oriano! Artesanato local \u00fanico e tradi\u00e7\u00f5es consagradas pelo tempo, mantidas vivas ao longo dos s\u00e9culos.","og_url":"https:\/\/atlantidamarhotel.com\/pt-pt\/diversao-lazer\/a-descoberta-da-ilha\/artesanato\/","og_site_name":"Atl\u00e2ntida Mar Hotel","article_publisher":"https:\/\/www.facebook.com\/AtlantidaMarHotel\/","article_modified_time":"2023-05-28T00:05:35+00:00","og_image":[{"width":1500,"height":998,"url":"https:\/\/atlantidamarhotel.com\/wp-content\/uploads\/2017\/01\/handicrafts_atlantida_mar_hotel.jpg","type":"image\/jpeg"}],"twitter_card":"summary_large_image","twitter_misc":{"Tempo estimado de leitura":"1 minuto"},"schema":{"@context":"https:\/\/schema.org","@graph":[{"@type":"WebPage","@id":"https:\/\/atlantidamarhotel.com\/pt-pt\/diversao-lazer\/a-descoberta-da-ilha\/artesanato\/","url":"https:\/\/atlantidamarhotel.com\/pt-pt\/diversao-lazer\/a-descoberta-da-ilha\/artesanato\/","name":"Artesanato - Atl\u00e2ntida Mar Hotel","isPartOf":{"@id":"https:\/\/atlantidamarhotel.com\/pt-pt\/#website"},"datePublished":"2017-01-24T22:13:16+00:00","dateModified":"2023-05-28T00:05:35+00:00","description":"Mergulhe no artesanato a\u00e7oriano! Artesanato local \u00fanico e tradi\u00e7\u00f5es consagradas pelo tempo, mantidas vivas ao longo dos s\u00e9culos.","breadcrumb":{"@id":"https:\/\/atlantidamarhotel.com\/pt-pt\/diversao-lazer\/a-descoberta-da-ilha\/artesanato\/#breadcrumb"},"inLanguage":"pt-PT","potentialAction":[{"@type":"ReadAction","target":["https:\/\/atlantidamarhotel.com\/pt-pt\/diversao-lazer\/a-descoberta-da-ilha\/artesanato\/"]}]},{"@type":"BreadcrumbList","@id":"https:\/\/atlantidamarhotel.com\/pt-pt\/diversao-lazer\/a-descoberta-da-ilha\/artesanato\/#breadcrumb","itemListElement":[{"@type":"ListItem","position":1,"name":"Home","item":"https:\/\/atlantidamarhotel.com\/pt-pt\/"},{"@type":"ListItem","position":2,"name":"Divers\u00e3o &#038; Lazer","item":"https:\/\/atlantidamarhotel.com\/pt-pt\/diversao-lazer\/"},{"@type":"ListItem","position":3,"name":"\u00c0 Descoberta da Ilha","item":"https:\/\/atlantidamarhotel.com\/pt-pt\/diversao-lazer\/a-descoberta-da-ilha\/"},{"@type":"ListItem","position":4,"name":"Artesanato"}]},{"@type":"WebSite","@id":"https:\/\/atlantidamarhotel.com\/pt-pt\/#website","url":"https:\/\/atlantidamarhotel.com\/pt-pt\/","name":"Atl\u00e2ntida Mar Hotel","description":"Aparthotel","publisher":{"@id":"https:\/\/atlantidamarhotel.com\/pt-pt\/#organization"},"potentialAction":[{"@type":"SearchAction","target":{"@type":"EntryPoint","urlTemplate":"https:\/\/atlantidamarhotel.com\/pt-pt\/?s={search_term_string}"},"query-input":"required name=search_term_string"}],"inLanguage":"pt-PT"},{"@type":"Organization","@id":"https:\/\/atlantidamarhotel.com\/pt-pt\/#organization","name":"Atl\u00e2ntida Mar Hotel","url":"https:\/\/atlantidamarhotel.com\/pt-pt\/","logo":{"@type":"ImageObject","inLanguage":"pt-PT","@id":"https:\/\/atlantidamarhotel.com\/pt-pt\/#\/schema\/logo\/image\/","url":"https:\/\/atlantidamarhotel.com\/wp-content\/uploads\/2016\/12\/logo-Atlantida-mar-hotel-2.png","contentUrl":"https:\/\/atlantidamarhotel.com\/wp-content\/uploads\/2016\/12\/logo-Atlantida-mar-hotel-2.png","width":1600,"height":445,"caption":"Atl\u00e2ntida Mar Hotel"},"image":{"@id":"https:\/\/atlantidamarhotel.com\/pt-pt\/#\/schema\/logo\/image\/"},"sameAs":["https:\/\/www.facebook.com\/AtlantidaMarHotel\/"]}]}},"_links":{"self":[{"href":"https:\/\/atlantidamarhotel.com\/pt-pt\/wp-json\/wp\/v2\/pages\/1553"}],"collection":[{"href":"https:\/\/atlantidamarhotel.com\/pt-pt\/wp-json\/wp\/v2\/pages"}],"about":[{"href":"https:\/\/atlantidamarhotel.com\/pt-pt\/wp-json\/wp\/v2\/types\/page"}],"author":[{"embeddable":true,"href":"https:\/\/atlantidamarhotel.com\/pt-pt\/wp-json\/wp\/v2\/users\/1"}],"replies":[{"embeddable":true,"href":"https:\/\/atlantidamarhotel.com\/pt-pt\/wp-json\/wp\/v2\/comments?post=1553"}],"version-history":[{"count":3,"href":"https:\/\/atlantidamarhotel.com\/pt-pt\/wp-json\/wp\/v2\/pages\/1553\/revisions"}],"predecessor-version":[{"id":5932,"href":"https:\/\/atlantidamarhotel.com\/pt-pt\/wp-json\/wp\/v2\/pages\/1553\/revisions\/5932"}],"up":[{"embeddable":true,"href":"https:\/\/atlantidamarhotel.com\/pt-pt\/wp-json\/wp\/v2\/pages\/1579"}],"wp:featuredmedia":[{"embeddable":true,"href":"https:\/\/atlantidamarhotel.com\/pt-pt\/wp-json\/wp\/v2\/media\/4612"}],"wp:attachment":[{"href":"https:\/\/atlantidamarhotel.com\/pt-pt\/wp-json\/wp\/v2\/media?parent=1553"}],"curies":[{"name":"wp","href":"https:\/\/api.w.org\/{rel}","templated":true}]}}