{"id":1561,"date":"2017-01-24T20:58:33","date_gmt":"2017-01-24T21:58:33","guid":{"rendered":"http:\/\/www.atlantidamarhotel.pt\/history\/"},"modified":"2023-05-27T23:17:20","modified_gmt":"2023-05-28T00:17:20","slug":"historia","status":"publish","type":"page","link":"https:\/\/atlantidamarhotel.com\/pt-pt\/diversao-lazer\/a-descoberta-da-ilha\/historia\/","title":{"rendered":"Hist\u00f3ria"},"content":{"rendered":"<section class=\"wpb-content-wrapper\"><section class=\"l-section wpb_row height_custom\"><div class=\"l-section-h i-cf\"><div class=\"g-cols vc_row via_flex valign_top type_default stacking_default\"><div class=\"vc_col-sm-12 wpb_column vc_column_container\"><div class=\"vc_column-inner\"><div class=\"wpb_wrapper\"><div class=\"wpb_text_column\"><div class=\"wpb_wrapper\"><p>A ilha Terceira foi, como o pr\u00f3prio nome indica, a terceira ilha do arquip\u00e9lago a ser descoberta. Designada por ilha de Jesus Cristo no per\u00edodo do seu reconhecimento pelos navegadores portugueses, o povoamento inicia-se, cerca de 1450, com a concess\u00e3o da sua capitania ao flamengo J\u00e1come de Bruges pelo infante D. Henrique. As primeiras povoa\u00e7\u00f5es situam-se nas \u00e1reas de Porto Judeu e Praia da Vit\u00f3ria, e rapidamente se estendem a toda a ilha.<\/p>\n<p>Com uma economia inicialmente voltada para a produ\u00e7\u00e3o agr\u00edcola, sobretudo de cereais, e a exporta\u00e7\u00e3o de pastel, planta tintureira, a Terceira come\u00e7a a desempenhar importante papel na navega\u00e7\u00e3o dos s\u00e9cs. XV e XVI, como porto de escala para as naus que traziam as riquezas das Am\u00e9ricas, que se juntam os gale\u00f5es da \u00cdndia.<\/p>\n<p>Nesse per\u00edodo a ilha Terceira \u00e9 um entreposto do ouro, prata, diamantes e especiarias vindas de outros continentes, o que atrai a cobi\u00e7a de cors\u00e1rios franceses, ingleses e flamengos e faz com que as suas costas sejam alvo de ataques constantes durante v\u00e1rios s\u00e9culos.<\/p>\n<p>A sucess\u00e3o ao trono portugu\u00eas do rei espanhol Filipe II, em 1580, e o partido tomado pelos terceirenses do pretendente D. Ant\u00f3nio, Prior do Crato, que chegou a residir na ilha e nela cunhou moeda, levou a que a Terceira sofresse tentativas de conquista pelos espanh\u00f3is. O primeiro desembarque de tropas espanholas, em 1581, \u00e9 totalmente derrotado na c\u00e9lebre batalha da Salga, mas em 1583 for\u00e7as espanholas, muito superiores, conseguem dominar a ilha, depois de violentos combates.<\/p>\n<p>At\u00e9 1640 a Terceira \u00e9 porto de escala dos gale\u00f5es espanh\u00f3is trazendo as fabulosas riquezas do Peru e do M\u00e9xico. Com a Restaura\u00e7\u00e3o os espanh\u00f3is s\u00e3o expulsos e a vida regressa \u00e0 normalidade, mantendo a ilha a sua posi\u00e7\u00e3o de centro econ\u00f3mico, administrativo e religioso dos A\u00e7ores at\u00e9 ao in\u00edcio do s\u00e9c. XIX.<\/p>\n<p>As lutas liberais levam a Terceira a desempenhar, mais uma vez, importante papel na hist\u00f3ria de Portugal.<br \/>\nAdepta do partido liberal desde 1820 e ap\u00f3s v\u00e1rias vicissitudes, d\u00e1-se em 1828, uma viragem em que os absolutistas s\u00e3o dominados e a Terceira se transforma na principal base dos liberais. Frente \u00e0 Vila da Praia trava-se, em 1829, violenta batalha naval em que as for\u00e7as miguelistas s\u00e3o derrotadas, a que se segue a instala\u00e7\u00e3o da reg\u00eancia na ilha e posterior conquista das restantes ilhas do arquip\u00e9lago para a causa liberal. Da Terceira partem para o continente, em 1832, a armada e o ex\u00e9rcito que, ap\u00f3s o desembarque no Mindelo, proclamam a Carta Constitucional.<\/p>\n<p>O final do s\u00e9c. XIX e o in\u00edcio do s\u00e9c. XX caracterizam-se por uma progressiva redu\u00e7\u00e3o do papel da Terceira no contexto dos A\u00e7ores.<\/p>\n<p>A constru\u00e7\u00e3o de um porto na Praia da Vit\u00f3ria, a exist\u00eancia de uma importante base a\u00e9rea e o aeroporto comercial abrem novas perspectivas de desenvolvimento.<\/p>\n<\/div><\/div><\/div><\/div><\/div><\/div><\/div><\/section><section class=\"l-section wpb_row height_custom\"><div class=\"l-section-h i-cf\"><div class=\"g-cols vc_row via_flex valign_top type_default stacking_default\"><div class=\"vc_col-sm-12 wpb_column vc_column_container\"><div class=\"vc_column-inner\"><div class=\"wpb_wrapper\"><div class=\"w-btn-wrapper align_center\"><a class=\"w-btn us-btn-style_1\" title=\"\u00c0 Descoberta da Ilha\" href=\"\/pt-pt\/diversao-lazer\/a-descoberta-da-ilha\/\"><span class=\"w-btn-label\">Voltar Atr\u00e1s<\/span><\/a><\/div><\/div><\/div><\/div><\/div><\/div><\/section>\n<\/section>","protected":false},"excerpt":{"rendered":"A ilha Terceira foi, como o pr\u00f3prio nome indica, a terceira ilha do arquip\u00e9lago a ser descoberta. Designada por ilha de Jesus Cristo no per\u00edodo do seu reconhecimento pelos navegadores portugueses, o povoamento inicia-se, cerca de 1450, com a concess\u00e3o da sua capitania ao flamengo J\u00e1come de Bruges pelo infante D. Henrique. As primeiras povoa\u00e7\u00f5es...","protected":false},"author":1,"featured_media":4614,"parent":1579,"menu_order":0,"comment_status":"closed","ping_status":"closed","template":"","meta":{"_monsterinsights_skip_tracking":false,"_monsterinsights_sitenote_active":false,"_monsterinsights_sitenote_note":"","_monsterinsights_sitenote_category":0},"acf":[],"yoast_head":"<!-- This site is optimized with the Yoast SEO plugin v20.12 - https:\/\/yoast.com\/wordpress\/plugins\/seo\/ -->\n<title>Hist\u00f3ria - Atl\u00e2ntida Mar Hotel<\/title>\n<meta name=\"description\" content=\"Explore a breve hist\u00f3ria da Ilha Terceira, desde a sua descoberta, o papel fundamental nas rotas de navega\u00e7\u00e3o entre a Europa e a Am\u00e9rica, at\u00e9 as suas lutas pol\u00edticas e desenvolvimento contempor\u00e2neo.\" \/>\n<meta name=\"robots\" content=\"index, follow, max-snippet:-1, max-image-preview:large, max-video-preview:-1\" \/>\n<link rel=\"canonical\" href=\"https:\/\/atlantidamarhotel.com\/pt-pt\/diversao-lazer\/a-descoberta-da-ilha\/historia\/\" \/>\n<meta property=\"og:locale\" content=\"pt_PT\" \/>\n<meta property=\"og:type\" content=\"article\" \/>\n<meta property=\"og:title\" content=\"Hist\u00f3ria - Atl\u00e2ntida Mar Hotel\" \/>\n<meta property=\"og:description\" content=\"Explore a breve hist\u00f3ria da Ilha Terceira, desde a sua descoberta, o papel fundamental nas rotas de navega\u00e7\u00e3o entre a Europa e a Am\u00e9rica, at\u00e9 as suas lutas pol\u00edticas e desenvolvimento contempor\u00e2neo.\" \/>\n<meta property=\"og:url\" content=\"https:\/\/atlantidamarhotel.com\/pt-pt\/diversao-lazer\/a-descoberta-da-ilha\/historia\/\" \/>\n<meta property=\"og:site_name\" content=\"Atl\u00e2ntida Mar Hotel\" \/>\n<meta property=\"article:publisher\" content=\"https:\/\/www.facebook.com\/AtlantidaMarHotel\/\" \/>\n<meta property=\"article:modified_time\" content=\"2023-05-28T00:17:20+00:00\" \/>\n<meta property=\"og:image\" content=\"https:\/\/atlantidamarhotel.com\/wp-content\/uploads\/2017\/01\/history_atlantida_mar_hotel.jpg\" \/>\n\t<meta property=\"og:image:width\" content=\"1500\" \/>\n\t<meta property=\"og:image:height\" content=\"998\" \/>\n\t<meta property=\"og:image:type\" content=\"image\/jpeg\" \/>\n<meta name=\"twitter:card\" content=\"summary_large_image\" \/>\n<meta name=\"twitter:label1\" content=\"Tempo estimado de leitura\" \/>\n\t<meta name=\"twitter:data1\" content=\"3 minutos\" \/>\n<script type=\"application\/ld+json\" class=\"yoast-schema-graph\">{\"@context\":\"https:\/\/schema.org\",\"@graph\":[{\"@type\":\"WebPage\",\"@id\":\"https:\/\/atlantidamarhotel.com\/pt-pt\/diversao-lazer\/a-descoberta-da-ilha\/historia\/\",\"url\":\"https:\/\/atlantidamarhotel.com\/pt-pt\/diversao-lazer\/a-descoberta-da-ilha\/historia\/\",\"name\":\"Hist\u00f3ria - Atl\u00e2ntida Mar Hotel\",\"isPartOf\":{\"@id\":\"https:\/\/atlantidamarhotel.com\/pt-pt\/#website\"},\"datePublished\":\"2017-01-24T21:58:33+00:00\",\"dateModified\":\"2023-05-28T00:17:20+00:00\",\"description\":\"Explore a breve hist\u00f3ria da Ilha Terceira, desde a sua descoberta, o papel fundamental nas rotas de navega\u00e7\u00e3o entre a Europa e a Am\u00e9rica, at\u00e9 as suas lutas pol\u00edticas e desenvolvimento contempor\u00e2neo.\",\"breadcrumb\":{\"@id\":\"https:\/\/atlantidamarhotel.com\/pt-pt\/diversao-lazer\/a-descoberta-da-ilha\/historia\/#breadcrumb\"},\"inLanguage\":\"pt-PT\",\"potentialAction\":[{\"@type\":\"ReadAction\",\"target\":[\"https:\/\/atlantidamarhotel.com\/pt-pt\/diversao-lazer\/a-descoberta-da-ilha\/historia\/\"]}]},{\"@type\":\"BreadcrumbList\",\"@id\":\"https:\/\/atlantidamarhotel.com\/pt-pt\/diversao-lazer\/a-descoberta-da-ilha\/historia\/#breadcrumb\",\"itemListElement\":[{\"@type\":\"ListItem\",\"position\":1,\"name\":\"Home\",\"item\":\"https:\/\/atlantidamarhotel.com\/pt-pt\/\"},{\"@type\":\"ListItem\",\"position\":2,\"name\":\"Divers\u00e3o &#038; Lazer\",\"item\":\"https:\/\/atlantidamarhotel.com\/pt-pt\/diversao-lazer\/\"},{\"@type\":\"ListItem\",\"position\":3,\"name\":\"\u00c0 Descoberta da Ilha\",\"item\":\"https:\/\/atlantidamarhotel.com\/pt-pt\/diversao-lazer\/a-descoberta-da-ilha\/\"},{\"@type\":\"ListItem\",\"position\":4,\"name\":\"Hist\u00f3ria\"}]},{\"@type\":\"WebSite\",\"@id\":\"https:\/\/atlantidamarhotel.com\/pt-pt\/#website\",\"url\":\"https:\/\/atlantidamarhotel.com\/pt-pt\/\",\"name\":\"Atl\u00e2ntida Mar Hotel\",\"description\":\"Aparthotel\",\"publisher\":{\"@id\":\"https:\/\/atlantidamarhotel.com\/pt-pt\/#organization\"},\"potentialAction\":[{\"@type\":\"SearchAction\",\"target\":{\"@type\":\"EntryPoint\",\"urlTemplate\":\"https:\/\/atlantidamarhotel.com\/pt-pt\/?s={search_term_string}\"},\"query-input\":\"required name=search_term_string\"}],\"inLanguage\":\"pt-PT\"},{\"@type\":\"Organization\",\"@id\":\"https:\/\/atlantidamarhotel.com\/pt-pt\/#organization\",\"name\":\"Atl\u00e2ntida Mar Hotel\",\"url\":\"https:\/\/atlantidamarhotel.com\/pt-pt\/\",\"logo\":{\"@type\":\"ImageObject\",\"inLanguage\":\"pt-PT\",\"@id\":\"https:\/\/atlantidamarhotel.com\/pt-pt\/#\/schema\/logo\/image\/\",\"url\":\"https:\/\/atlantidamarhotel.com\/wp-content\/uploads\/2016\/12\/logo-Atlantida-mar-hotel-2.png\",\"contentUrl\":\"https:\/\/atlantidamarhotel.com\/wp-content\/uploads\/2016\/12\/logo-Atlantida-mar-hotel-2.png\",\"width\":1600,\"height\":445,\"caption\":\"Atl\u00e2ntida Mar Hotel\"},\"image\":{\"@id\":\"https:\/\/atlantidamarhotel.com\/pt-pt\/#\/schema\/logo\/image\/\"},\"sameAs\":[\"https:\/\/www.facebook.com\/AtlantidaMarHotel\/\"]}]}<\/script>\n<!-- \/ Yoast SEO plugin. -->","yoast_head_json":{"title":"Hist\u00f3ria - Atl\u00e2ntida Mar Hotel","description":"Explore a breve hist\u00f3ria da Ilha Terceira, desde a sua descoberta, o papel fundamental nas rotas de navega\u00e7\u00e3o entre a Europa e a Am\u00e9rica, at\u00e9 as suas lutas pol\u00edticas e desenvolvimento contempor\u00e2neo.","robots":{"index":"index","follow":"follow","max-snippet":"max-snippet:-1","max-image-preview":"max-image-preview:large","max-video-preview":"max-video-preview:-1"},"canonical":"https:\/\/atlantidamarhotel.com\/pt-pt\/diversao-lazer\/a-descoberta-da-ilha\/historia\/","og_locale":"pt_PT","og_type":"article","og_title":"Hist\u00f3ria - Atl\u00e2ntida Mar Hotel","og_description":"Explore a breve hist\u00f3ria da Ilha Terceira, desde a sua descoberta, o papel fundamental nas rotas de navega\u00e7\u00e3o entre a Europa e a Am\u00e9rica, at\u00e9 as suas lutas pol\u00edticas e desenvolvimento contempor\u00e2neo.","og_url":"https:\/\/atlantidamarhotel.com\/pt-pt\/diversao-lazer\/a-descoberta-da-ilha\/historia\/","og_site_name":"Atl\u00e2ntida Mar Hotel","article_publisher":"https:\/\/www.facebook.com\/AtlantidaMarHotel\/","article_modified_time":"2023-05-28T00:17:20+00:00","og_image":[{"width":1500,"height":998,"url":"https:\/\/atlantidamarhotel.com\/wp-content\/uploads\/2017\/01\/history_atlantida_mar_hotel.jpg","type":"image\/jpeg"}],"twitter_card":"summary_large_image","twitter_misc":{"Tempo estimado de leitura":"3 minutos"},"schema":{"@context":"https:\/\/schema.org","@graph":[{"@type":"WebPage","@id":"https:\/\/atlantidamarhotel.com\/pt-pt\/diversao-lazer\/a-descoberta-da-ilha\/historia\/","url":"https:\/\/atlantidamarhotel.com\/pt-pt\/diversao-lazer\/a-descoberta-da-ilha\/historia\/","name":"Hist\u00f3ria - Atl\u00e2ntida Mar Hotel","isPartOf":{"@id":"https:\/\/atlantidamarhotel.com\/pt-pt\/#website"},"datePublished":"2017-01-24T21:58:33+00:00","dateModified":"2023-05-28T00:17:20+00:00","description":"Explore a breve hist\u00f3ria da Ilha Terceira, desde a sua descoberta, o papel fundamental nas rotas de navega\u00e7\u00e3o entre a Europa e a Am\u00e9rica, at\u00e9 as suas lutas pol\u00edticas e desenvolvimento contempor\u00e2neo.","breadcrumb":{"@id":"https:\/\/atlantidamarhotel.com\/pt-pt\/diversao-lazer\/a-descoberta-da-ilha\/historia\/#breadcrumb"},"inLanguage":"pt-PT","potentialAction":[{"@type":"ReadAction","target":["https:\/\/atlantidamarhotel.com\/pt-pt\/diversao-lazer\/a-descoberta-da-ilha\/historia\/"]}]},{"@type":"BreadcrumbList","@id":"https:\/\/atlantidamarhotel.com\/pt-pt\/diversao-lazer\/a-descoberta-da-ilha\/historia\/#breadcrumb","itemListElement":[{"@type":"ListItem","position":1,"name":"Home","item":"https:\/\/atlantidamarhotel.com\/pt-pt\/"},{"@type":"ListItem","position":2,"name":"Divers\u00e3o &#038; Lazer","item":"https:\/\/atlantidamarhotel.com\/pt-pt\/diversao-lazer\/"},{"@type":"ListItem","position":3,"name":"\u00c0 Descoberta da Ilha","item":"https:\/\/atlantidamarhotel.com\/pt-pt\/diversao-lazer\/a-descoberta-da-ilha\/"},{"@type":"ListItem","position":4,"name":"Hist\u00f3ria"}]},{"@type":"WebSite","@id":"https:\/\/atlantidamarhotel.com\/pt-pt\/#website","url":"https:\/\/atlantidamarhotel.com\/pt-pt\/","name":"Atl\u00e2ntida Mar Hotel","description":"Aparthotel","publisher":{"@id":"https:\/\/atlantidamarhotel.com\/pt-pt\/#organization"},"potentialAction":[{"@type":"SearchAction","target":{"@type":"EntryPoint","urlTemplate":"https:\/\/atlantidamarhotel.com\/pt-pt\/?s={search_term_string}"},"query-input":"required name=search_term_string"}],"inLanguage":"pt-PT"},{"@type":"Organization","@id":"https:\/\/atlantidamarhotel.com\/pt-pt\/#organization","name":"Atl\u00e2ntida Mar Hotel","url":"https:\/\/atlantidamarhotel.com\/pt-pt\/","logo":{"@type":"ImageObject","inLanguage":"pt-PT","@id":"https:\/\/atlantidamarhotel.com\/pt-pt\/#\/schema\/logo\/image\/","url":"https:\/\/atlantidamarhotel.com\/wp-content\/uploads\/2016\/12\/logo-Atlantida-mar-hotel-2.png","contentUrl":"https:\/\/atlantidamarhotel.com\/wp-content\/uploads\/2016\/12\/logo-Atlantida-mar-hotel-2.png","width":1600,"height":445,"caption":"Atl\u00e2ntida Mar Hotel"},"image":{"@id":"https:\/\/atlantidamarhotel.com\/pt-pt\/#\/schema\/logo\/image\/"},"sameAs":["https:\/\/www.facebook.com\/AtlantidaMarHotel\/"]}]}},"_links":{"self":[{"href":"https:\/\/atlantidamarhotel.com\/pt-pt\/wp-json\/wp\/v2\/pages\/1561"}],"collection":[{"href":"https:\/\/atlantidamarhotel.com\/pt-pt\/wp-json\/wp\/v2\/pages"}],"about":[{"href":"https:\/\/atlantidamarhotel.com\/pt-pt\/wp-json\/wp\/v2\/types\/page"}],"author":[{"embeddable":true,"href":"https:\/\/atlantidamarhotel.com\/pt-pt\/wp-json\/wp\/v2\/users\/1"}],"replies":[{"embeddable":true,"href":"https:\/\/atlantidamarhotel.com\/pt-pt\/wp-json\/wp\/v2\/comments?post=1561"}],"version-history":[{"count":3,"href":"https:\/\/atlantidamarhotel.com\/pt-pt\/wp-json\/wp\/v2\/pages\/1561\/revisions"}],"predecessor-version":[{"id":5938,"href":"https:\/\/atlantidamarhotel.com\/pt-pt\/wp-json\/wp\/v2\/pages\/1561\/revisions\/5938"}],"up":[{"embeddable":true,"href":"https:\/\/atlantidamarhotel.com\/pt-pt\/wp-json\/wp\/v2\/pages\/1579"}],"wp:featuredmedia":[{"embeddable":true,"href":"https:\/\/atlantidamarhotel.com\/pt-pt\/wp-json\/wp\/v2\/media\/4614"}],"wp:attachment":[{"href":"https:\/\/atlantidamarhotel.com\/pt-pt\/wp-json\/wp\/v2\/media?parent=1561"}],"curies":[{"name":"wp","href":"https:\/\/api.w.org\/{rel}","templated":true}]}}