{"id":1566,"date":"2017-03-03T11:46:01","date_gmt":"2017-03-03T12:46:01","guid":{"rendered":"http:\/\/www.atlantidamarhotel.pt\/geography-and-climate-2\/"},"modified":"2023-06-28T08:53:38","modified_gmt":"2023-06-28T09:53:38","slug":"geografia-e-clima","status":"publish","type":"page","link":"https:\/\/atlantidamarhotel.com\/pt-pt\/diversao-lazer\/a-descoberta-da-ilha\/geografia-e-clima\/","title":{"rendered":"Geografia e Clima"},"content":{"rendered":"<section class=\"wpb-content-wrapper\"><section class=\"l-section wpb_row height_custom\"><div class=\"l-section-h i-cf\"><div class=\"g-cols vc_row via_flex valign_top type_default stacking_default\"><div class=\"vc_col-sm-12 wpb_column vc_column_container\"><div class=\"vc_column-inner\"><div class=\"wpb_wrapper\"><div class=\"wpb_text_column\"><div class=\"wpb_wrapper\"><p>A ilha Terceira, a primeira do Grupo Central (no sentido Este \u2013 Oeste) conta actualmente com cerca de 56.000 habitantes, sendo a mais populosa do Grupo Central e a segunda mais populosa do arquip\u00e9lago.<\/p>\n<p>Est\u00e1 situada a 27\u00ba 10\u2019 de longitude oeste e a 38\u00ba 40\u2019 de latitude norte.<\/p>\n<p>De forma el\u00edptica, com 382 Km2 de \u00e1rea, as suas maiores dimens\u00f5es rondam os 30 km no sentido Nascente \u2013 Poente e 18 km no Sentido Norte \u2013 Sul. O seu ponto mais alto est\u00e1 na Serra de Santa B\u00e1rbara, com 1.022 metros acima do n\u00edvel do mar, serra a partir da qual se abrange um dom\u00ednio visual magn\u00edfico sobre as ilhas vizinhas \u2013 Graciosa, Pico, Faial e S\u00e3o Jorge.<\/p>\n<p>Tal como as restantes ilhas, o clima \u00e9 suave e temperado, n\u00e3o havendo grandes varia\u00e7\u00f5es de temperatura, que oscilam entre 11\u00baC (52\u00baF) no Inverno e 26\u00baC (79\u00baF) no Ver\u00e3o.<\/p>\n<\/div><\/div><\/div><\/div><\/div><\/div><\/div><\/section><section class=\"l-section wpb_row height_custom\"><div class=\"l-section-h i-cf\"><div class=\"g-cols vc_row via_flex valign_top type_default stacking_default\"><div class=\"vc_col-sm-12 wpb_column vc_column_container\"><div class=\"vc_column-inner\"><div class=\"wpb_wrapper\"><div class=\"w-btn-wrapper align_center\"><a class=\"w-btn us-btn-style_1\" title=\"\u00c0 Descoberta da Ilha\" href=\"\/pt-pt\/diversao-lazer\/a-descoberta-da-ilha\/\"><span class=\"w-btn-label\">Voltar Atr\u00e1s<\/span><\/a><\/div><\/div><\/div><\/div><\/div><\/div><\/section>\n<\/section>","protected":false},"excerpt":{"rendered":"A ilha Terceira, a primeira do Grupo Central (no sentido Este \u2013 Oeste) conta actualmente com cerca de 56.000 habitantes, sendo a mais populosa do Grupo Central e a segunda mais populosa do arquip\u00e9lago. Est\u00e1 situada a 27\u00ba 10\u2019 de longitude oeste e a 38\u00ba 40\u2019 de latitude norte. De forma el\u00edptica, com 382 Km2...","protected":false},"author":1,"featured_media":4552,"parent":1579,"menu_order":0,"comment_status":"closed","ping_status":"closed","template":"","meta":{"_monsterinsights_skip_tracking":false,"_monsterinsights_sitenote_active":false,"_monsterinsights_sitenote_note":"","_monsterinsights_sitenote_category":0},"acf":[],"yoast_head":"<!-- This site is optimized with the Yoast SEO plugin v20.12 - https:\/\/yoast.com\/wordpress\/plugins\/seo\/ -->\n<title>Geografia e Clima - Atl\u00e2ntida Mar Hotel<\/title>\n<meta name=\"description\" content=\"Descubra a Terceira, a segunda ilha mais habitada dos A\u00e7ores, conhecida pelo seu clima temperado e paisagem exuberante. Mergulhe na beleza desta ilha central do arquip\u00e9lago.\" \/>\n<meta name=\"robots\" content=\"index, follow, max-snippet:-1, max-image-preview:large, max-video-preview:-1\" \/>\n<link rel=\"canonical\" href=\"https:\/\/atlantidamarhotel.com\/pt-pt\/diversao-lazer\/a-descoberta-da-ilha\/geografia-e-clima\/\" \/>\n<meta property=\"og:locale\" content=\"pt_PT\" \/>\n<meta property=\"og:type\" content=\"article\" \/>\n<meta property=\"og:title\" content=\"Geografia e Clima - Atl\u00e2ntida Mar Hotel\" \/>\n<meta property=\"og:description\" content=\"Descubra a Terceira, a segunda ilha mais habitada dos A\u00e7ores, conhecida pelo seu clima temperado e paisagem exuberante. Mergulhe na beleza desta ilha central do arquip\u00e9lago.\" \/>\n<meta property=\"og:url\" content=\"https:\/\/atlantidamarhotel.com\/pt-pt\/diversao-lazer\/a-descoberta-da-ilha\/geografia-e-clima\/\" \/>\n<meta property=\"og:site_name\" content=\"Atl\u00e2ntida Mar Hotel\" \/>\n<meta property=\"article:publisher\" content=\"https:\/\/www.facebook.com\/AtlantidaMarHotel\/\" \/>\n<meta property=\"article:modified_time\" content=\"2023-06-28T09:53:38+00:00\" \/>\n<meta property=\"og:image\" content=\"https:\/\/atlantidamarhotel.com\/wp-content\/uploads\/2017\/01\/recreation_leisure_places_to_visit5.jpg\" \/>\n\t<meta property=\"og:image:width\" content=\"2000\" \/>\n\t<meta property=\"og:image:height\" content=\"1500\" \/>\n\t<meta property=\"og:image:type\" content=\"image\/jpeg\" \/>\n<meta name=\"twitter:card\" content=\"summary_large_image\" \/>\n<meta name=\"twitter:label1\" content=\"Tempo estimado de leitura\" \/>\n\t<meta name=\"twitter:data1\" content=\"1 minuto\" \/>\n<script type=\"application\/ld+json\" class=\"yoast-schema-graph\">{\"@context\":\"https:\/\/schema.org\",\"@graph\":[{\"@type\":\"WebPage\",\"@id\":\"https:\/\/atlantidamarhotel.com\/pt-pt\/diversao-lazer\/a-descoberta-da-ilha\/geografia-e-clima\/\",\"url\":\"https:\/\/atlantidamarhotel.com\/pt-pt\/diversao-lazer\/a-descoberta-da-ilha\/geografia-e-clima\/\",\"name\":\"Geografia e Clima - Atl\u00e2ntida Mar Hotel\",\"isPartOf\":{\"@id\":\"https:\/\/atlantidamarhotel.com\/pt-pt\/#website\"},\"datePublished\":\"2017-03-03T12:46:01+00:00\",\"dateModified\":\"2023-06-28T09:53:38+00:00\",\"description\":\"Descubra a Terceira, a segunda ilha mais habitada dos A\u00e7ores, conhecida pelo seu clima temperado e paisagem exuberante. Mergulhe na beleza desta ilha central do arquip\u00e9lago.\",\"breadcrumb\":{\"@id\":\"https:\/\/atlantidamarhotel.com\/pt-pt\/diversao-lazer\/a-descoberta-da-ilha\/geografia-e-clima\/#breadcrumb\"},\"inLanguage\":\"pt-PT\",\"potentialAction\":[{\"@type\":\"ReadAction\",\"target\":[\"https:\/\/atlantidamarhotel.com\/pt-pt\/diversao-lazer\/a-descoberta-da-ilha\/geografia-e-clima\/\"]}]},{\"@type\":\"BreadcrumbList\",\"@id\":\"https:\/\/atlantidamarhotel.com\/pt-pt\/diversao-lazer\/a-descoberta-da-ilha\/geografia-e-clima\/#breadcrumb\",\"itemListElement\":[{\"@type\":\"ListItem\",\"position\":1,\"name\":\"Home\",\"item\":\"https:\/\/atlantidamarhotel.com\/pt-pt\/\"},{\"@type\":\"ListItem\",\"position\":2,\"name\":\"Divers\u00e3o &#038; Lazer\",\"item\":\"https:\/\/atlantidamarhotel.com\/pt-pt\/diversao-lazer\/\"},{\"@type\":\"ListItem\",\"position\":3,\"name\":\"\u00c0 Descoberta da Ilha\",\"item\":\"https:\/\/atlantidamarhotel.com\/pt-pt\/diversao-lazer\/a-descoberta-da-ilha\/\"},{\"@type\":\"ListItem\",\"position\":4,\"name\":\"Geografia e Clima\"}]},{\"@type\":\"WebSite\",\"@id\":\"https:\/\/atlantidamarhotel.com\/pt-pt\/#website\",\"url\":\"https:\/\/atlantidamarhotel.com\/pt-pt\/\",\"name\":\"Atl\u00e2ntida Mar Hotel\",\"description\":\"Aparthotel\",\"publisher\":{\"@id\":\"https:\/\/atlantidamarhotel.com\/pt-pt\/#organization\"},\"potentialAction\":[{\"@type\":\"SearchAction\",\"target\":{\"@type\":\"EntryPoint\",\"urlTemplate\":\"https:\/\/atlantidamarhotel.com\/pt-pt\/?s={search_term_string}\"},\"query-input\":\"required name=search_term_string\"}],\"inLanguage\":\"pt-PT\"},{\"@type\":\"Organization\",\"@id\":\"https:\/\/atlantidamarhotel.com\/pt-pt\/#organization\",\"name\":\"Atl\u00e2ntida Mar Hotel\",\"url\":\"https:\/\/atlantidamarhotel.com\/pt-pt\/\",\"logo\":{\"@type\":\"ImageObject\",\"inLanguage\":\"pt-PT\",\"@id\":\"https:\/\/atlantidamarhotel.com\/pt-pt\/#\/schema\/logo\/image\/\",\"url\":\"https:\/\/atlantidamarhotel.com\/wp-content\/uploads\/2016\/12\/logo-Atlantida-mar-hotel-2.png\",\"contentUrl\":\"https:\/\/atlantidamarhotel.com\/wp-content\/uploads\/2016\/12\/logo-Atlantida-mar-hotel-2.png\",\"width\":1600,\"height\":445,\"caption\":\"Atl\u00e2ntida Mar Hotel\"},\"image\":{\"@id\":\"https:\/\/atlantidamarhotel.com\/pt-pt\/#\/schema\/logo\/image\/\"},\"sameAs\":[\"https:\/\/www.facebook.com\/AtlantidaMarHotel\/\"]}]}<\/script>\n<!-- \/ Yoast SEO plugin. -->","yoast_head_json":{"title":"Geografia e Clima - Atl\u00e2ntida Mar Hotel","description":"Descubra a Terceira, a segunda ilha mais habitada dos A\u00e7ores, conhecida pelo seu clima temperado e paisagem exuberante. Mergulhe na beleza desta ilha central do arquip\u00e9lago.","robots":{"index":"index","follow":"follow","max-snippet":"max-snippet:-1","max-image-preview":"max-image-preview:large","max-video-preview":"max-video-preview:-1"},"canonical":"https:\/\/atlantidamarhotel.com\/pt-pt\/diversao-lazer\/a-descoberta-da-ilha\/geografia-e-clima\/","og_locale":"pt_PT","og_type":"article","og_title":"Geografia e Clima - Atl\u00e2ntida Mar Hotel","og_description":"Descubra a Terceira, a segunda ilha mais habitada dos A\u00e7ores, conhecida pelo seu clima temperado e paisagem exuberante. Mergulhe na beleza desta ilha central do arquip\u00e9lago.","og_url":"https:\/\/atlantidamarhotel.com\/pt-pt\/diversao-lazer\/a-descoberta-da-ilha\/geografia-e-clima\/","og_site_name":"Atl\u00e2ntida Mar Hotel","article_publisher":"https:\/\/www.facebook.com\/AtlantidaMarHotel\/","article_modified_time":"2023-06-28T09:53:38+00:00","og_image":[{"width":2000,"height":1500,"url":"https:\/\/atlantidamarhotel.com\/wp-content\/uploads\/2017\/01\/recreation_leisure_places_to_visit5.jpg","type":"image\/jpeg"}],"twitter_card":"summary_large_image","twitter_misc":{"Tempo estimado de leitura":"1 minuto"},"schema":{"@context":"https:\/\/schema.org","@graph":[{"@type":"WebPage","@id":"https:\/\/atlantidamarhotel.com\/pt-pt\/diversao-lazer\/a-descoberta-da-ilha\/geografia-e-clima\/","url":"https:\/\/atlantidamarhotel.com\/pt-pt\/diversao-lazer\/a-descoberta-da-ilha\/geografia-e-clima\/","name":"Geografia e Clima - Atl\u00e2ntida Mar Hotel","isPartOf":{"@id":"https:\/\/atlantidamarhotel.com\/pt-pt\/#website"},"datePublished":"2017-03-03T12:46:01+00:00","dateModified":"2023-06-28T09:53:38+00:00","description":"Descubra a Terceira, a segunda ilha mais habitada dos A\u00e7ores, conhecida pelo seu clima temperado e paisagem exuberante. Mergulhe na beleza desta ilha central do arquip\u00e9lago.","breadcrumb":{"@id":"https:\/\/atlantidamarhotel.com\/pt-pt\/diversao-lazer\/a-descoberta-da-ilha\/geografia-e-clima\/#breadcrumb"},"inLanguage":"pt-PT","potentialAction":[{"@type":"ReadAction","target":["https:\/\/atlantidamarhotel.com\/pt-pt\/diversao-lazer\/a-descoberta-da-ilha\/geografia-e-clima\/"]}]},{"@type":"BreadcrumbList","@id":"https:\/\/atlantidamarhotel.com\/pt-pt\/diversao-lazer\/a-descoberta-da-ilha\/geografia-e-clima\/#breadcrumb","itemListElement":[{"@type":"ListItem","position":1,"name":"Home","item":"https:\/\/atlantidamarhotel.com\/pt-pt\/"},{"@type":"ListItem","position":2,"name":"Divers\u00e3o &#038; Lazer","item":"https:\/\/atlantidamarhotel.com\/pt-pt\/diversao-lazer\/"},{"@type":"ListItem","position":3,"name":"\u00c0 Descoberta da Ilha","item":"https:\/\/atlantidamarhotel.com\/pt-pt\/diversao-lazer\/a-descoberta-da-ilha\/"},{"@type":"ListItem","position":4,"name":"Geografia e Clima"}]},{"@type":"WebSite","@id":"https:\/\/atlantidamarhotel.com\/pt-pt\/#website","url":"https:\/\/atlantidamarhotel.com\/pt-pt\/","name":"Atl\u00e2ntida Mar Hotel","description":"Aparthotel","publisher":{"@id":"https:\/\/atlantidamarhotel.com\/pt-pt\/#organization"},"potentialAction":[{"@type":"SearchAction","target":{"@type":"EntryPoint","urlTemplate":"https:\/\/atlantidamarhotel.com\/pt-pt\/?s={search_term_string}"},"query-input":"required name=search_term_string"}],"inLanguage":"pt-PT"},{"@type":"Organization","@id":"https:\/\/atlantidamarhotel.com\/pt-pt\/#organization","name":"Atl\u00e2ntida Mar Hotel","url":"https:\/\/atlantidamarhotel.com\/pt-pt\/","logo":{"@type":"ImageObject","inLanguage":"pt-PT","@id":"https:\/\/atlantidamarhotel.com\/pt-pt\/#\/schema\/logo\/image\/","url":"https:\/\/atlantidamarhotel.com\/wp-content\/uploads\/2016\/12\/logo-Atlantida-mar-hotel-2.png","contentUrl":"https:\/\/atlantidamarhotel.com\/wp-content\/uploads\/2016\/12\/logo-Atlantida-mar-hotel-2.png","width":1600,"height":445,"caption":"Atl\u00e2ntida Mar Hotel"},"image":{"@id":"https:\/\/atlantidamarhotel.com\/pt-pt\/#\/schema\/logo\/image\/"},"sameAs":["https:\/\/www.facebook.com\/AtlantidaMarHotel\/"]}]}},"_links":{"self":[{"href":"https:\/\/atlantidamarhotel.com\/pt-pt\/wp-json\/wp\/v2\/pages\/1566"}],"collection":[{"href":"https:\/\/atlantidamarhotel.com\/pt-pt\/wp-json\/wp\/v2\/pages"}],"about":[{"href":"https:\/\/atlantidamarhotel.com\/pt-pt\/wp-json\/wp\/v2\/types\/page"}],"author":[{"embeddable":true,"href":"https:\/\/atlantidamarhotel.com\/pt-pt\/wp-json\/wp\/v2\/users\/1"}],"replies":[{"embeddable":true,"href":"https:\/\/atlantidamarhotel.com\/pt-pt\/wp-json\/wp\/v2\/comments?post=1566"}],"version-history":[{"count":4,"href":"https:\/\/atlantidamarhotel.com\/pt-pt\/wp-json\/wp\/v2\/pages\/1566\/revisions"}],"predecessor-version":[{"id":6676,"href":"https:\/\/atlantidamarhotel.com\/pt-pt\/wp-json\/wp\/v2\/pages\/1566\/revisions\/6676"}],"up":[{"embeddable":true,"href":"https:\/\/atlantidamarhotel.com\/pt-pt\/wp-json\/wp\/v2\/pages\/1579"}],"wp:featuredmedia":[{"embeddable":true,"href":"https:\/\/atlantidamarhotel.com\/pt-pt\/wp-json\/wp\/v2\/media\/4552"}],"wp:attachment":[{"href":"https:\/\/atlantidamarhotel.com\/pt-pt\/wp-json\/wp\/v2\/media?parent=1566"}],"curies":[{"name":"wp","href":"https:\/\/api.w.org\/{rel}","templated":true}]}}