{"id":1571,"date":"2017-01-24T20:42:49","date_gmt":"2017-01-24T21:42:49","guid":{"rendered":"http:\/\/www.atlantidamarhotel.pt\/atlantis-legend\/"},"modified":"2023-05-27T21:16:34","modified_gmt":"2023-05-27T22:16:34","slug":"lenda-da-atlantida","status":"publish","type":"page","link":"https:\/\/atlantidamarhotel.com\/pt-pt\/diversao-lazer\/a-descoberta-da-ilha\/lenda-da-atlantida\/","title":{"rendered":"Lenda da Atl\u00e2ntida"},"content":{"rendered":"<section class=\"wpb-content-wrapper\"><section class=\"l-section wpb_row height_custom\"><div class=\"l-section-h i-cf\"><div class=\"g-cols vc_row via_flex valign_top type_default stacking_default\"><div class=\"vc_col-sm-12 wpb_column vc_column_container\"><div class=\"vc_column-inner\"><div class=\"wpb_wrapper\"><div class=\"wpb_text_column\"><div class=\"wpb_wrapper\"><p>Conta-se que houve em tempos um continente imenso no meio do oceano Atl\u00e2ntico chamado Atl\u00e2ntida. Era um lugar magn\u00edfico: tinha bel\u00edssimas paisagens, clima suave, grandes bosques, \u00e1rvores gigantescas, plan\u00edcies muito f\u00e9rteis, que \u00e0s vezes at\u00e9 davam duas ou mais colheitas por ano, e animais mansos, cheios de sa\u00fade e for\u00e7a. Os seus habitantes eram os Atlantes, que tinham uma enorme civiliza\u00e7\u00e3o, mesmo quase perfeita e muito rica: os pal\u00e1cios e templos eram todos cobertos com ouro e outros metais preciosos como o marfim, a prata e o estanho. Havia jardins, gin\u00e1sios, est\u00e1dios&#8230;, todos eles ricamente decorados, e ainda portos de grandes dimens\u00f5es e muito concorridos.<\/p>\n<p>As suas j\u00f3ias eram feitas com um metal mais valioso que o ouro e que s\u00f3 eles conheciam\u00a0 o oricalco.<\/p>\n<p>Houve uma \u00e9poca em que o rei da Atl\u00e2ntida dominou v\u00e1rias ilhas em redor, uma boa parte da Europa e parte do Norte de \u00c1frica. S\u00f3 n\u00e3o conquistou mais porque foi derrotado pelos gregos de Atenas.<\/p>\n<p>Os deuses, vendo tanta riqueza e beleza, ficaram cheios de inveja e, por isso, desencadearam um terramoto t\u00e3o violento que afundou o continente numa s\u00f3 noite. Mas parecia que esta terra era mesmo m\u00e1gica, pois ela n\u00e3o se afundou por completo: os cumes das montanhas mais altas ficaram \u00e0 tona da \u00e1gua formando nove ilhas, t\u00e3o belas quanto a terra submersa o arquip\u00e9lago dos A\u00e7ores.<\/p>\n<p>Alguns Atlantes sobreviveram \u00e0 cat\u00e1strofe fugindo a tempo e foram para todas as direc\u00e7\u00f5es, deixando descendentes pelos quatro cantos do mundo. S\u00e3o todos muito belos e inteligentes e, embora ignorem a sua origem, sentem um desejo inexplic\u00e1vel de voltar \u00e0 sua p\u00e1tria.<\/p>\n<p>H\u00e1 quem diga que antes da Atl\u00e2ntida ir ao fundo, tinham descoberto o segredo da juventude eterna, mas depois do cataclismo, os que sobreviveram esqueceram-se ou n\u00e3o o sabiam, e esse conhecimento ficou l\u00e1 bem no fundo do mar.<\/p>\n<p>Plat\u00e3o, grande fil\u00f3sofo grego, que viveu cinco s\u00e9culos antes de Cristo, descreveu esta terra m\u00edtica, com alguns pormenores, nos livros &#8220;Cr\u00edtias&#8221; e &#8220;Timeu&#8221;.<\/p>\n<\/div><\/div><\/div><\/div><\/div><\/div><\/div><\/section><section class=\"l-section wpb_row height_custom\"><div class=\"l-section-h i-cf\"><div class=\"g-cols vc_row via_flex valign_top type_default stacking_default\"><div class=\"vc_col-sm-12 wpb_column vc_column_container\"><div class=\"vc_column-inner\"><div class=\"wpb_wrapper\"><div class=\"w-btn-wrapper align_center\"><a class=\"w-btn us-btn-style_1\" title=\"\u00c0 Descoberta da Ilha\" href=\"\/pt-pt\/diversao-lazer\/a-descoberta-da-ilha\/\"><span class=\"w-btn-label\">Voltar Atr\u00e1s<\/span><\/a><\/div><\/div><\/div><\/div><\/div><\/div><\/section>\n<\/section>","protected":false},"excerpt":{"rendered":"Conta-se que houve em tempos um continente imenso no meio do oceano Atl\u00e2ntico chamado Atl\u00e2ntida. Era um lugar magn\u00edfico: tinha bel\u00edssimas paisagens, clima suave, grandes bosques, \u00e1rvores gigantescas, plan\u00edcies muito f\u00e9rteis, que \u00e0s vezes at\u00e9 davam duas ou mais colheitas por ano, e animais mansos, cheios de sa\u00fade e for\u00e7a. Os seus habitantes eram os...","protected":false},"author":1,"featured_media":4604,"parent":1579,"menu_order":0,"comment_status":"closed","ping_status":"closed","template":"","meta":{"_monsterinsights_skip_tracking":false,"_monsterinsights_sitenote_active":false,"_monsterinsights_sitenote_note":"","_monsterinsights_sitenote_category":0},"acf":[],"yoast_head":"<!-- This site is optimized with the Yoast SEO plugin v20.12 - https:\/\/yoast.com\/wordpress\/plugins\/seo\/ -->\n<title>Lenda da Atl\u00e2ntida - Atl\u00e2ntida Mar Hotel<\/title>\n<meta name=\"description\" content=\"Mergulhe na hist\u00f3ria m\u00edtica da Atl\u00e2ntida, uma civiliza\u00e7\u00e3o outrora gloriosa que se acredita ter afundado para formar os A\u00e7ores. Experimente os ecos de sua lenda na beleza e charme das ilhas.\" \/>\n<meta name=\"robots\" content=\"index, follow, max-snippet:-1, max-image-preview:large, max-video-preview:-1\" \/>\n<link rel=\"canonical\" href=\"https:\/\/atlantidamarhotel.com\/pt-pt\/diversao-lazer\/a-descoberta-da-ilha\/lenda-da-atlantida\/\" \/>\n<meta property=\"og:locale\" content=\"pt_PT\" \/>\n<meta property=\"og:type\" content=\"article\" \/>\n<meta property=\"og:title\" content=\"Lenda da Atl\u00e2ntida - Atl\u00e2ntida Mar Hotel\" \/>\n<meta property=\"og:description\" content=\"Mergulhe na hist\u00f3ria m\u00edtica da Atl\u00e2ntida, uma civiliza\u00e7\u00e3o outrora gloriosa que se acredita ter afundado para formar os A\u00e7ores. Experimente os ecos de sua lenda na beleza e charme das ilhas.\" \/>\n<meta property=\"og:url\" content=\"https:\/\/atlantidamarhotel.com\/pt-pt\/diversao-lazer\/a-descoberta-da-ilha\/lenda-da-atlantida\/\" \/>\n<meta property=\"og:site_name\" content=\"Atl\u00e2ntida Mar Hotel\" \/>\n<meta property=\"article:publisher\" content=\"https:\/\/www.facebook.com\/AtlantidaMarHotel\/\" \/>\n<meta property=\"article:modified_time\" content=\"2023-05-27T22:16:34+00:00\" \/>\n<meta property=\"og:image\" content=\"https:\/\/atlantidamarhotel.com\/wp-content\/uploads\/2017\/01\/atlantis_legend_atlantida_mar_hotel.jpg\" \/>\n\t<meta property=\"og:image:width\" content=\"1500\" \/>\n\t<meta property=\"og:image:height\" content=\"998\" \/>\n\t<meta property=\"og:image:type\" content=\"image\/jpeg\" \/>\n<meta name=\"twitter:card\" content=\"summary_large_image\" \/>\n<meta name=\"twitter:label1\" content=\"Tempo estimado de leitura\" \/>\n\t<meta name=\"twitter:data1\" content=\"2 minutos\" \/>\n<script type=\"application\/ld+json\" class=\"yoast-schema-graph\">{\"@context\":\"https:\/\/schema.org\",\"@graph\":[{\"@type\":\"WebPage\",\"@id\":\"https:\/\/atlantidamarhotel.com\/pt-pt\/diversao-lazer\/a-descoberta-da-ilha\/lenda-da-atlantida\/\",\"url\":\"https:\/\/atlantidamarhotel.com\/pt-pt\/diversao-lazer\/a-descoberta-da-ilha\/lenda-da-atlantida\/\",\"name\":\"Lenda da Atl\u00e2ntida - Atl\u00e2ntida Mar Hotel\",\"isPartOf\":{\"@id\":\"https:\/\/atlantidamarhotel.com\/pt-pt\/#website\"},\"datePublished\":\"2017-01-24T21:42:49+00:00\",\"dateModified\":\"2023-05-27T22:16:34+00:00\",\"description\":\"Mergulhe na hist\u00f3ria m\u00edtica da Atl\u00e2ntida, uma civiliza\u00e7\u00e3o outrora gloriosa que se acredita ter afundado para formar os A\u00e7ores. Experimente os ecos de sua lenda na beleza e charme das ilhas.\",\"breadcrumb\":{\"@id\":\"https:\/\/atlantidamarhotel.com\/pt-pt\/diversao-lazer\/a-descoberta-da-ilha\/lenda-da-atlantida\/#breadcrumb\"},\"inLanguage\":\"pt-PT\",\"potentialAction\":[{\"@type\":\"ReadAction\",\"target\":[\"https:\/\/atlantidamarhotel.com\/pt-pt\/diversao-lazer\/a-descoberta-da-ilha\/lenda-da-atlantida\/\"]}]},{\"@type\":\"BreadcrumbList\",\"@id\":\"https:\/\/atlantidamarhotel.com\/pt-pt\/diversao-lazer\/a-descoberta-da-ilha\/lenda-da-atlantida\/#breadcrumb\",\"itemListElement\":[{\"@type\":\"ListItem\",\"position\":1,\"name\":\"Home\",\"item\":\"https:\/\/atlantidamarhotel.com\/pt-pt\/\"},{\"@type\":\"ListItem\",\"position\":2,\"name\":\"Divers\u00e3o &#038; Lazer\",\"item\":\"https:\/\/atlantidamarhotel.com\/pt-pt\/diversao-lazer\/\"},{\"@type\":\"ListItem\",\"position\":3,\"name\":\"\u00c0 Descoberta da Ilha\",\"item\":\"https:\/\/atlantidamarhotel.com\/pt-pt\/diversao-lazer\/a-descoberta-da-ilha\/\"},{\"@type\":\"ListItem\",\"position\":4,\"name\":\"Lenda da Atl\u00e2ntida\"}]},{\"@type\":\"WebSite\",\"@id\":\"https:\/\/atlantidamarhotel.com\/pt-pt\/#website\",\"url\":\"https:\/\/atlantidamarhotel.com\/pt-pt\/\",\"name\":\"Atl\u00e2ntida Mar Hotel\",\"description\":\"Aparthotel\",\"publisher\":{\"@id\":\"https:\/\/atlantidamarhotel.com\/pt-pt\/#organization\"},\"potentialAction\":[{\"@type\":\"SearchAction\",\"target\":{\"@type\":\"EntryPoint\",\"urlTemplate\":\"https:\/\/atlantidamarhotel.com\/pt-pt\/?s={search_term_string}\"},\"query-input\":\"required name=search_term_string\"}],\"inLanguage\":\"pt-PT\"},{\"@type\":\"Organization\",\"@id\":\"https:\/\/atlantidamarhotel.com\/pt-pt\/#organization\",\"name\":\"Atl\u00e2ntida Mar Hotel\",\"url\":\"https:\/\/atlantidamarhotel.com\/pt-pt\/\",\"logo\":{\"@type\":\"ImageObject\",\"inLanguage\":\"pt-PT\",\"@id\":\"https:\/\/atlantidamarhotel.com\/pt-pt\/#\/schema\/logo\/image\/\",\"url\":\"https:\/\/atlantidamarhotel.com\/wp-content\/uploads\/2016\/12\/logo-Atlantida-mar-hotel-2.png\",\"contentUrl\":\"https:\/\/atlantidamarhotel.com\/wp-content\/uploads\/2016\/12\/logo-Atlantida-mar-hotel-2.png\",\"width\":1600,\"height\":445,\"caption\":\"Atl\u00e2ntida Mar Hotel\"},\"image\":{\"@id\":\"https:\/\/atlantidamarhotel.com\/pt-pt\/#\/schema\/logo\/image\/\"},\"sameAs\":[\"https:\/\/www.facebook.com\/AtlantidaMarHotel\/\"]}]}<\/script>\n<!-- \/ Yoast SEO plugin. -->","yoast_head_json":{"title":"Lenda da Atl\u00e2ntida - Atl\u00e2ntida Mar Hotel","description":"Mergulhe na hist\u00f3ria m\u00edtica da Atl\u00e2ntida, uma civiliza\u00e7\u00e3o outrora gloriosa que se acredita ter afundado para formar os A\u00e7ores. Experimente os ecos de sua lenda na beleza e charme das ilhas.","robots":{"index":"index","follow":"follow","max-snippet":"max-snippet:-1","max-image-preview":"max-image-preview:large","max-video-preview":"max-video-preview:-1"},"canonical":"https:\/\/atlantidamarhotel.com\/pt-pt\/diversao-lazer\/a-descoberta-da-ilha\/lenda-da-atlantida\/","og_locale":"pt_PT","og_type":"article","og_title":"Lenda da Atl\u00e2ntida - Atl\u00e2ntida Mar Hotel","og_description":"Mergulhe na hist\u00f3ria m\u00edtica da Atl\u00e2ntida, uma civiliza\u00e7\u00e3o outrora gloriosa que se acredita ter afundado para formar os A\u00e7ores. Experimente os ecos de sua lenda na beleza e charme das ilhas.","og_url":"https:\/\/atlantidamarhotel.com\/pt-pt\/diversao-lazer\/a-descoberta-da-ilha\/lenda-da-atlantida\/","og_site_name":"Atl\u00e2ntida Mar Hotel","article_publisher":"https:\/\/www.facebook.com\/AtlantidaMarHotel\/","article_modified_time":"2023-05-27T22:16:34+00:00","og_image":[{"width":1500,"height":998,"url":"https:\/\/atlantidamarhotel.com\/wp-content\/uploads\/2017\/01\/atlantis_legend_atlantida_mar_hotel.jpg","type":"image\/jpeg"}],"twitter_card":"summary_large_image","twitter_misc":{"Tempo estimado de leitura":"2 minutos"},"schema":{"@context":"https:\/\/schema.org","@graph":[{"@type":"WebPage","@id":"https:\/\/atlantidamarhotel.com\/pt-pt\/diversao-lazer\/a-descoberta-da-ilha\/lenda-da-atlantida\/","url":"https:\/\/atlantidamarhotel.com\/pt-pt\/diversao-lazer\/a-descoberta-da-ilha\/lenda-da-atlantida\/","name":"Lenda da Atl\u00e2ntida - Atl\u00e2ntida Mar Hotel","isPartOf":{"@id":"https:\/\/atlantidamarhotel.com\/pt-pt\/#website"},"datePublished":"2017-01-24T21:42:49+00:00","dateModified":"2023-05-27T22:16:34+00:00","description":"Mergulhe na hist\u00f3ria m\u00edtica da Atl\u00e2ntida, uma civiliza\u00e7\u00e3o outrora gloriosa que se acredita ter afundado para formar os A\u00e7ores. Experimente os ecos de sua lenda na beleza e charme das ilhas.","breadcrumb":{"@id":"https:\/\/atlantidamarhotel.com\/pt-pt\/diversao-lazer\/a-descoberta-da-ilha\/lenda-da-atlantida\/#breadcrumb"},"inLanguage":"pt-PT","potentialAction":[{"@type":"ReadAction","target":["https:\/\/atlantidamarhotel.com\/pt-pt\/diversao-lazer\/a-descoberta-da-ilha\/lenda-da-atlantida\/"]}]},{"@type":"BreadcrumbList","@id":"https:\/\/atlantidamarhotel.com\/pt-pt\/diversao-lazer\/a-descoberta-da-ilha\/lenda-da-atlantida\/#breadcrumb","itemListElement":[{"@type":"ListItem","position":1,"name":"Home","item":"https:\/\/atlantidamarhotel.com\/pt-pt\/"},{"@type":"ListItem","position":2,"name":"Divers\u00e3o &#038; Lazer","item":"https:\/\/atlantidamarhotel.com\/pt-pt\/diversao-lazer\/"},{"@type":"ListItem","position":3,"name":"\u00c0 Descoberta da Ilha","item":"https:\/\/atlantidamarhotel.com\/pt-pt\/diversao-lazer\/a-descoberta-da-ilha\/"},{"@type":"ListItem","position":4,"name":"Lenda da Atl\u00e2ntida"}]},{"@type":"WebSite","@id":"https:\/\/atlantidamarhotel.com\/pt-pt\/#website","url":"https:\/\/atlantidamarhotel.com\/pt-pt\/","name":"Atl\u00e2ntida Mar Hotel","description":"Aparthotel","publisher":{"@id":"https:\/\/atlantidamarhotel.com\/pt-pt\/#organization"},"potentialAction":[{"@type":"SearchAction","target":{"@type":"EntryPoint","urlTemplate":"https:\/\/atlantidamarhotel.com\/pt-pt\/?s={search_term_string}"},"query-input":"required name=search_term_string"}],"inLanguage":"pt-PT"},{"@type":"Organization","@id":"https:\/\/atlantidamarhotel.com\/pt-pt\/#organization","name":"Atl\u00e2ntida Mar Hotel","url":"https:\/\/atlantidamarhotel.com\/pt-pt\/","logo":{"@type":"ImageObject","inLanguage":"pt-PT","@id":"https:\/\/atlantidamarhotel.com\/pt-pt\/#\/schema\/logo\/image\/","url":"https:\/\/atlantidamarhotel.com\/wp-content\/uploads\/2016\/12\/logo-Atlantida-mar-hotel-2.png","contentUrl":"https:\/\/atlantidamarhotel.com\/wp-content\/uploads\/2016\/12\/logo-Atlantida-mar-hotel-2.png","width":1600,"height":445,"caption":"Atl\u00e2ntida Mar Hotel"},"image":{"@id":"https:\/\/atlantidamarhotel.com\/pt-pt\/#\/schema\/logo\/image\/"},"sameAs":["https:\/\/www.facebook.com\/AtlantidaMarHotel\/"]}]}},"_links":{"self":[{"href":"https:\/\/atlantidamarhotel.com\/pt-pt\/wp-json\/wp\/v2\/pages\/1571"}],"collection":[{"href":"https:\/\/atlantidamarhotel.com\/pt-pt\/wp-json\/wp\/v2\/pages"}],"about":[{"href":"https:\/\/atlantidamarhotel.com\/pt-pt\/wp-json\/wp\/v2\/types\/page"}],"author":[{"embeddable":true,"href":"https:\/\/atlantidamarhotel.com\/pt-pt\/wp-json\/wp\/v2\/users\/1"}],"replies":[{"embeddable":true,"href":"https:\/\/atlantidamarhotel.com\/pt-pt\/wp-json\/wp\/v2\/comments?post=1571"}],"version-history":[{"count":3,"href":"https:\/\/atlantidamarhotel.com\/pt-pt\/wp-json\/wp\/v2\/pages\/1571\/revisions"}],"predecessor-version":[{"id":5911,"href":"https:\/\/atlantidamarhotel.com\/pt-pt\/wp-json\/wp\/v2\/pages\/1571\/revisions\/5911"}],"up":[{"embeddable":true,"href":"https:\/\/atlantidamarhotel.com\/pt-pt\/wp-json\/wp\/v2\/pages\/1579"}],"wp:featuredmedia":[{"embeddable":true,"href":"https:\/\/atlantidamarhotel.com\/pt-pt\/wp-json\/wp\/v2\/media\/4604"}],"wp:attachment":[{"href":"https:\/\/atlantidamarhotel.com\/pt-pt\/wp-json\/wp\/v2\/media?parent=1571"}],"curies":[{"name":"wp","href":"https:\/\/api.w.org\/{rel}","templated":true}]}}