{"id":1582,"date":"2017-01-23T23:43:22","date_gmt":"2017-01-24T00:43:22","guid":{"rendered":"http:\/\/www.atlantidamarhotel.pt\/tourism-fishing\/"},"modified":"2023-05-29T19:12:40","modified_gmt":"2023-05-29T20:12:40","slug":"pesca-turistica","status":"publish","type":"page","link":"https:\/\/atlantidamarhotel.com\/pt-pt\/diversao-lazer\/experiencias-no-mar\/pesca-turistica\/","title":{"rendered":"Pesca Tur\u00edstica"},"content":{"rendered":"<section class=\"wpb-content-wrapper\"><section class=\"l-section wpb_row height_custom\"><div class=\"l-section-h i-cf\"><div class=\"g-cols vc_row via_flex valign_top type_default stacking_default\"><div class=\"vc_col-sm-12 wpb_column vc_column_container\"><div class=\"vc_column-inner\"><div class=\"wpb_wrapper\"><div class=\"wpb_text_column\"><div class=\"wpb_wrapper\"><p>Para os amantes da pesca desportiva costeira, existem dispon\u00edveis sa\u00eddas de barco possibilitando a oportunidade de captura de v\u00e1rias esp\u00e9cies.<\/p>\n<p>&#8211; <strong>Pesca de corrico<\/strong>, que consiste em manter o barco em movimento arrastando o isco, tornando-o real (m\u00e9todo indicado para a pesca de robalo, cavalas, peixe agulha, entre outros);<\/p>\n<p>&#8211; <strong>Pesca ao longo da costa<\/strong> &#8211; envolve colocar a isca perto do fundo (usada ao longo da costa permitindo a captura de esp\u00e9cies costeiras);<\/p>\n<p><strong>&#8211; Pesca grossa &#8211; o\u00a0&#8220;<em>big game fishing&#8221;<\/em><\/strong> \u00e9 cada vez mais procurado nestas ilhas gra\u00e7as aos recordes mundiais aqui obtidos com tubar\u00f5es, atuns ou formosos peixes-espada azuis, preparados para uma luta com os experimentados pescadores. Com uma profundidade mar\u00edtima de 300 a 800 metros, s\u00f3 a uma ou duas milhas da costa, estas ilhas s\u00e3o em definitivo um para\u00edso para a pesca grossa;<\/p>\n<p>&#8211; <strong>Ca\u00e7a submarina &#8211; <\/strong>Existe nos mares dos A\u00e7ores todo um mundo subaqu\u00e1tico \u00e0 espera de ser descoberto por si&#8230; Aceite o nosso desafio, venha explorar as \u00e1guas a\u00e7orianas que s\u00e3o de uma riqueza inconfund\u00edvel com um grande potencial para a ca\u00e7a submarina devido \u00e0 sua biodiversidade.<\/p>\n<p>Durante o seu mergulho estar\u00e1 sempre acompanhado por um instrutor especializado e devidamente certificado para que, em seguran\u00e7a, consiga apanhar rapidamente o jeito. Aproveite ao m\u00e1ximo!<\/p>\n<\/div><\/div><\/div><\/div><\/div><\/div><\/div><\/section><section class=\"l-section wpb_row height_custom\"><div class=\"l-section-h i-cf\"><div class=\"g-cols vc_row via_flex valign_top type_default stacking_default\"><div class=\"vc_col-sm-12 wpb_column vc_column_container\"><div class=\"vc_column-inner\"><div class=\"wpb_wrapper\"><div class=\"w-btn-wrapper align_center\"><a class=\"w-btn us-btn-style_1\" title=\"Experi\u00eancias no Mar\" href=\"\/pt-pt\/diversao-lazer\/experiencias-no-mar\/\"><span class=\"w-btn-label\">Voltar Atr\u00e1s<\/span><\/a><\/div><\/div><\/div><\/div><\/div><\/div><\/section>\n<\/section>","protected":false},"excerpt":{"rendered":"Para os amantes da pesca desportiva costeira, existem dispon\u00edveis sa\u00eddas de barco possibilitando a oportunidade de captura de v\u00e1rias esp\u00e9cies. &#8211; Pesca de corrico, que consiste em manter o barco em movimento arrastando o isco, tornando-o real (m\u00e9todo indicado para a pesca de robalo, cavalas, peixe agulha, entre outros); &#8211; Pesca ao longo da costa...","protected":false},"author":1,"featured_media":4570,"parent":1594,"menu_order":0,"comment_status":"closed","ping_status":"closed","template":"","meta":{"_monsterinsights_skip_tracking":false,"_monsterinsights_sitenote_active":false,"_monsterinsights_sitenote_note":"","_monsterinsights_sitenote_category":0},"acf":[],"yoast_head":"<!-- This site is optimized with the Yoast SEO plugin v20.12 - https:\/\/yoast.com\/wordpress\/plugins\/seo\/ -->\n<title>Pesca Tur\u00edstica - Atl\u00e2ntida Mar Hotel<\/title>\n<meta name=\"description\" content=\"Explore emocionantes experi\u00eancias de pesca desportiva nos A\u00e7ores, desde o grande jogo \u00e0 pesca submarina. Mergulhe na rica biodiversidade aqu\u00e1tica da regi\u00e3o.\" \/>\n<meta name=\"robots\" content=\"index, follow, max-snippet:-1, max-image-preview:large, max-video-preview:-1\" \/>\n<link rel=\"canonical\" href=\"https:\/\/atlantidamarhotel.com\/pt-pt\/diversao-lazer\/experiencias-no-mar\/pesca-turistica\/\" \/>\n<meta property=\"og:locale\" content=\"pt_PT\" \/>\n<meta property=\"og:type\" content=\"article\" \/>\n<meta property=\"og:title\" content=\"Pesca Tur\u00edstica - Atl\u00e2ntida Mar Hotel\" \/>\n<meta property=\"og:description\" content=\"Explore emocionantes experi\u00eancias de pesca desportiva nos A\u00e7ores, desde o grande jogo \u00e0 pesca submarina. Mergulhe na rica biodiversidade aqu\u00e1tica da regi\u00e3o.\" \/>\n<meta property=\"og:url\" content=\"https:\/\/atlantidamarhotel.com\/pt-pt\/diversao-lazer\/experiencias-no-mar\/pesca-turistica\/\" \/>\n<meta property=\"og:site_name\" content=\"Atl\u00e2ntida Mar Hotel\" \/>\n<meta property=\"article:publisher\" content=\"https:\/\/www.facebook.com\/AtlantidaMarHotel\/\" \/>\n<meta property=\"article:modified_time\" content=\"2023-05-29T20:12:40+00:00\" \/>\n<meta property=\"og:image\" content=\"https:\/\/atlantidamarhotel.com\/wp-content\/uploads\/2017\/01\/boat_rides_atlantida_mar_hotel_list.jpg\" \/>\n\t<meta property=\"og:image:width\" content=\"1500\" \/>\n\t<meta property=\"og:image:height\" content=\"998\" \/>\n\t<meta property=\"og:image:type\" content=\"image\/jpeg\" \/>\n<meta name=\"twitter:card\" content=\"summary_large_image\" \/>\n<meta name=\"twitter:label1\" content=\"Tempo estimado de leitura\" \/>\n\t<meta name=\"twitter:data1\" content=\"1 minuto\" \/>\n<script type=\"application\/ld+json\" class=\"yoast-schema-graph\">{\"@context\":\"https:\/\/schema.org\",\"@graph\":[{\"@type\":\"WebPage\",\"@id\":\"https:\/\/atlantidamarhotel.com\/pt-pt\/diversao-lazer\/experiencias-no-mar\/pesca-turistica\/\",\"url\":\"https:\/\/atlantidamarhotel.com\/pt-pt\/diversao-lazer\/experiencias-no-mar\/pesca-turistica\/\",\"name\":\"Pesca Tur\u00edstica - Atl\u00e2ntida Mar Hotel\",\"isPartOf\":{\"@id\":\"https:\/\/atlantidamarhotel.com\/pt-pt\/#website\"},\"datePublished\":\"2017-01-24T00:43:22+00:00\",\"dateModified\":\"2023-05-29T20:12:40+00:00\",\"description\":\"Explore emocionantes experi\u00eancias de pesca desportiva nos A\u00e7ores, desde o grande jogo \u00e0 pesca submarina. Mergulhe na rica biodiversidade aqu\u00e1tica da regi\u00e3o.\",\"breadcrumb\":{\"@id\":\"https:\/\/atlantidamarhotel.com\/pt-pt\/diversao-lazer\/experiencias-no-mar\/pesca-turistica\/#breadcrumb\"},\"inLanguage\":\"pt-PT\",\"potentialAction\":[{\"@type\":\"ReadAction\",\"target\":[\"https:\/\/atlantidamarhotel.com\/pt-pt\/diversao-lazer\/experiencias-no-mar\/pesca-turistica\/\"]}]},{\"@type\":\"BreadcrumbList\",\"@id\":\"https:\/\/atlantidamarhotel.com\/pt-pt\/diversao-lazer\/experiencias-no-mar\/pesca-turistica\/#breadcrumb\",\"itemListElement\":[{\"@type\":\"ListItem\",\"position\":1,\"name\":\"Home\",\"item\":\"https:\/\/atlantidamarhotel.com\/pt-pt\/\"},{\"@type\":\"ListItem\",\"position\":2,\"name\":\"Divers\u00e3o &#038; Lazer\",\"item\":\"https:\/\/atlantidamarhotel.com\/pt-pt\/diversao-lazer\/\"},{\"@type\":\"ListItem\",\"position\":3,\"name\":\"Experi\u00eancias no Mar\",\"item\":\"https:\/\/atlantidamarhotel.com\/pt-pt\/diversao-lazer\/experiencias-no-mar\/\"},{\"@type\":\"ListItem\",\"position\":4,\"name\":\"Pesca Tur\u00edstica\"}]},{\"@type\":\"WebSite\",\"@id\":\"https:\/\/atlantidamarhotel.com\/pt-pt\/#website\",\"url\":\"https:\/\/atlantidamarhotel.com\/pt-pt\/\",\"name\":\"Atl\u00e2ntida Mar Hotel\",\"description\":\"Aparthotel\",\"publisher\":{\"@id\":\"https:\/\/atlantidamarhotel.com\/pt-pt\/#organization\"},\"potentialAction\":[{\"@type\":\"SearchAction\",\"target\":{\"@type\":\"EntryPoint\",\"urlTemplate\":\"https:\/\/atlantidamarhotel.com\/pt-pt\/?s={search_term_string}\"},\"query-input\":\"required name=search_term_string\"}],\"inLanguage\":\"pt-PT\"},{\"@type\":\"Organization\",\"@id\":\"https:\/\/atlantidamarhotel.com\/pt-pt\/#organization\",\"name\":\"Atl\u00e2ntida Mar Hotel\",\"url\":\"https:\/\/atlantidamarhotel.com\/pt-pt\/\",\"logo\":{\"@type\":\"ImageObject\",\"inLanguage\":\"pt-PT\",\"@id\":\"https:\/\/atlantidamarhotel.com\/pt-pt\/#\/schema\/logo\/image\/\",\"url\":\"https:\/\/atlantidamarhotel.com\/wp-content\/uploads\/2016\/12\/logo-Atlantida-mar-hotel-2.png\",\"contentUrl\":\"https:\/\/atlantidamarhotel.com\/wp-content\/uploads\/2016\/12\/logo-Atlantida-mar-hotel-2.png\",\"width\":1600,\"height\":445,\"caption\":\"Atl\u00e2ntida Mar Hotel\"},\"image\":{\"@id\":\"https:\/\/atlantidamarhotel.com\/pt-pt\/#\/schema\/logo\/image\/\"},\"sameAs\":[\"https:\/\/www.facebook.com\/AtlantidaMarHotel\/\"]}]}<\/script>\n<!-- \/ Yoast SEO plugin. -->","yoast_head_json":{"title":"Pesca Tur\u00edstica - Atl\u00e2ntida Mar Hotel","description":"Explore emocionantes experi\u00eancias de pesca desportiva nos A\u00e7ores, desde o grande jogo \u00e0 pesca submarina. Mergulhe na rica biodiversidade aqu\u00e1tica da regi\u00e3o.","robots":{"index":"index","follow":"follow","max-snippet":"max-snippet:-1","max-image-preview":"max-image-preview:large","max-video-preview":"max-video-preview:-1"},"canonical":"https:\/\/atlantidamarhotel.com\/pt-pt\/diversao-lazer\/experiencias-no-mar\/pesca-turistica\/","og_locale":"pt_PT","og_type":"article","og_title":"Pesca Tur\u00edstica - Atl\u00e2ntida Mar Hotel","og_description":"Explore emocionantes experi\u00eancias de pesca desportiva nos A\u00e7ores, desde o grande jogo \u00e0 pesca submarina. Mergulhe na rica biodiversidade aqu\u00e1tica da regi\u00e3o.","og_url":"https:\/\/atlantidamarhotel.com\/pt-pt\/diversao-lazer\/experiencias-no-mar\/pesca-turistica\/","og_site_name":"Atl\u00e2ntida Mar Hotel","article_publisher":"https:\/\/www.facebook.com\/AtlantidaMarHotel\/","article_modified_time":"2023-05-29T20:12:40+00:00","og_image":[{"width":1500,"height":998,"url":"https:\/\/atlantidamarhotel.com\/wp-content\/uploads\/2017\/01\/boat_rides_atlantida_mar_hotel_list.jpg","type":"image\/jpeg"}],"twitter_card":"summary_large_image","twitter_misc":{"Tempo estimado de leitura":"1 minuto"},"schema":{"@context":"https:\/\/schema.org","@graph":[{"@type":"WebPage","@id":"https:\/\/atlantidamarhotel.com\/pt-pt\/diversao-lazer\/experiencias-no-mar\/pesca-turistica\/","url":"https:\/\/atlantidamarhotel.com\/pt-pt\/diversao-lazer\/experiencias-no-mar\/pesca-turistica\/","name":"Pesca Tur\u00edstica - Atl\u00e2ntida Mar Hotel","isPartOf":{"@id":"https:\/\/atlantidamarhotel.com\/pt-pt\/#website"},"datePublished":"2017-01-24T00:43:22+00:00","dateModified":"2023-05-29T20:12:40+00:00","description":"Explore emocionantes experi\u00eancias de pesca desportiva nos A\u00e7ores, desde o grande jogo \u00e0 pesca submarina. Mergulhe na rica biodiversidade aqu\u00e1tica da regi\u00e3o.","breadcrumb":{"@id":"https:\/\/atlantidamarhotel.com\/pt-pt\/diversao-lazer\/experiencias-no-mar\/pesca-turistica\/#breadcrumb"},"inLanguage":"pt-PT","potentialAction":[{"@type":"ReadAction","target":["https:\/\/atlantidamarhotel.com\/pt-pt\/diversao-lazer\/experiencias-no-mar\/pesca-turistica\/"]}]},{"@type":"BreadcrumbList","@id":"https:\/\/atlantidamarhotel.com\/pt-pt\/diversao-lazer\/experiencias-no-mar\/pesca-turistica\/#breadcrumb","itemListElement":[{"@type":"ListItem","position":1,"name":"Home","item":"https:\/\/atlantidamarhotel.com\/pt-pt\/"},{"@type":"ListItem","position":2,"name":"Divers\u00e3o &#038; Lazer","item":"https:\/\/atlantidamarhotel.com\/pt-pt\/diversao-lazer\/"},{"@type":"ListItem","position":3,"name":"Experi\u00eancias no Mar","item":"https:\/\/atlantidamarhotel.com\/pt-pt\/diversao-lazer\/experiencias-no-mar\/"},{"@type":"ListItem","position":4,"name":"Pesca Tur\u00edstica"}]},{"@type":"WebSite","@id":"https:\/\/atlantidamarhotel.com\/pt-pt\/#website","url":"https:\/\/atlantidamarhotel.com\/pt-pt\/","name":"Atl\u00e2ntida Mar Hotel","description":"Aparthotel","publisher":{"@id":"https:\/\/atlantidamarhotel.com\/pt-pt\/#organization"},"potentialAction":[{"@type":"SearchAction","target":{"@type":"EntryPoint","urlTemplate":"https:\/\/atlantidamarhotel.com\/pt-pt\/?s={search_term_string}"},"query-input":"required name=search_term_string"}],"inLanguage":"pt-PT"},{"@type":"Organization","@id":"https:\/\/atlantidamarhotel.com\/pt-pt\/#organization","name":"Atl\u00e2ntida Mar Hotel","url":"https:\/\/atlantidamarhotel.com\/pt-pt\/","logo":{"@type":"ImageObject","inLanguage":"pt-PT","@id":"https:\/\/atlantidamarhotel.com\/pt-pt\/#\/schema\/logo\/image\/","url":"https:\/\/atlantidamarhotel.com\/wp-content\/uploads\/2016\/12\/logo-Atlantida-mar-hotel-2.png","contentUrl":"https:\/\/atlantidamarhotel.com\/wp-content\/uploads\/2016\/12\/logo-Atlantida-mar-hotel-2.png","width":1600,"height":445,"caption":"Atl\u00e2ntida Mar Hotel"},"image":{"@id":"https:\/\/atlantidamarhotel.com\/pt-pt\/#\/schema\/logo\/image\/"},"sameAs":["https:\/\/www.facebook.com\/AtlantidaMarHotel\/"]}]}},"_links":{"self":[{"href":"https:\/\/atlantidamarhotel.com\/pt-pt\/wp-json\/wp\/v2\/pages\/1582"}],"collection":[{"href":"https:\/\/atlantidamarhotel.com\/pt-pt\/wp-json\/wp\/v2\/pages"}],"about":[{"href":"https:\/\/atlantidamarhotel.com\/pt-pt\/wp-json\/wp\/v2\/types\/page"}],"author":[{"embeddable":true,"href":"https:\/\/atlantidamarhotel.com\/pt-pt\/wp-json\/wp\/v2\/users\/1"}],"replies":[{"embeddable":true,"href":"https:\/\/atlantidamarhotel.com\/pt-pt\/wp-json\/wp\/v2\/comments?post=1582"}],"version-history":[{"count":3,"href":"https:\/\/atlantidamarhotel.com\/pt-pt\/wp-json\/wp\/v2\/pages\/1582\/revisions"}],"predecessor-version":[{"id":5983,"href":"https:\/\/atlantidamarhotel.com\/pt-pt\/wp-json\/wp\/v2\/pages\/1582\/revisions\/5983"}],"up":[{"embeddable":true,"href":"https:\/\/atlantidamarhotel.com\/pt-pt\/wp-json\/wp\/v2\/pages\/1594"}],"wp:featuredmedia":[{"embeddable":true,"href":"https:\/\/atlantidamarhotel.com\/pt-pt\/wp-json\/wp\/v2\/media\/4570"}],"wp:attachment":[{"href":"https:\/\/atlantidamarhotel.com\/pt-pt\/wp-json\/wp\/v2\/media?parent=1582"}],"curies":[{"name":"wp","href":"https:\/\/api.w.org\/{rel}","templated":true}]}}