{"id":1586,"date":"2017-01-23T23:38:07","date_gmt":"2017-01-24T00:38:07","guid":{"rendered":"http:\/\/www.atlantidamarhotel.pt\/diving-trips\/"},"modified":"2023-05-28T20:30:01","modified_gmt":"2023-05-28T21:30:01","slug":"saidas-de-mergulho","status":"publish","type":"page","link":"https:\/\/atlantidamarhotel.com\/pt-pt\/diversao-lazer\/experiencias-no-mar\/saidas-de-mergulho\/","title":{"rendered":"Sa\u00eddas de Mergulho"},"content":{"rendered":"<section class=\"wpb-content-wrapper\"><section class=\"l-section wpb_row height_custom\"><div class=\"l-section-h i-cf\"><div class=\"g-cols vc_row via_flex valign_top type_default stacking_default\"><div class=\"vc_col-sm-12 wpb_column vc_column_container\"><div class=\"vc_column-inner\"><div class=\"wpb_wrapper\"><div class=\"wpb_text_column\"><div class=\"wpb_wrapper\"><p>Tanto pela temperatura da \u00e1gua do mar que varia entre os 17 e 23\u00ba Celsius, como pela sua transpar\u00eancia, mergulhar nos A\u00e7ores \u00e9 sempre um prazer e \u00e9 f\u00e1cil mergulhar na companhia de um mero, ou observar as muitas variedades da fauna e flora subaqu\u00e1ticas.<\/p>\n<p>Devido \u00e0 morfologia das ilhas, a inclina\u00e7\u00e3o da parte submersa \u00e9 \u00edngreme, atingindo-se facilmente as profundidades confort\u00e1veis para qualquer tipo de mergulho.<\/p>\n<p><strong>Sa\u00eddas de barco <\/strong>&#8211; com possibilidade de realizar diversos tipos de mergulho, em locais costeiros com grutas, cavernas, t\u00faneis, arcos e fundos de areia, bem como em baixios litorais e em montes submarinos de origem vulc\u00e2nica. As sa\u00eddas de mergulho podem ser efetuadas a partir da costa ou de barco;<\/p>\n<p><strong>Batismo de mergulho<\/strong> \u2013 Realizado em piscina e no mar. Ap\u00f3s um \u201cbriefing\u201d sobre o equipamento, t\u00e9cnicas de respira\u00e7\u00e3o e comunica\u00e7\u00e3o subaqu\u00e1tica, o instrutor convida-o a acompanh\u00e1-lo numa viagem inesquec\u00edvel pelos mares dos A\u00e7ores. Indicado para quem deseja dar os primeiros passos no mergulho;<\/p>\n<p><strong>Cursos de mergulho<\/strong> \u2013 os cursos s\u00e3o variados e adaptados \u00e0 procura, sendo compostos por sess\u00f5es te\u00f3ricas e pr\u00e1ticas em \u00e1guas confinadas e por mergulhos no mar com sa\u00edda de barco;<\/p>\n<p><strong>Snorkeling<\/strong> \u2013 Mergulho \u00e0 superf\u00edcie do mar com utiliza\u00e7\u00e3o de m\u00e1scara e tubo. Atividade que n\u00e3o exige conhecimentos t\u00e9cnicos nem esfor\u00e7o adicional, podendo ser praticada facilmente por pais e filhos.<\/p>\n<\/div><\/div><\/div><\/div><\/div><\/div><\/div><\/section><section class=\"l-section wpb_row height_custom\"><div class=\"l-section-h i-cf\"><div class=\"g-cols vc_row via_flex valign_top type_default stacking_default\"><div class=\"vc_col-sm-12 wpb_column vc_column_container\"><div class=\"vc_column-inner\"><div class=\"wpb_wrapper\"><div class=\"w-btn-wrapper align_center\"><a class=\"w-btn us-btn-style_1\" title=\"Experi\u00eancias no Mar\" href=\"\/pt-pt\/diversao-lazer\/experiencias-no-mar\/\"><span class=\"w-btn-label\">Voltar Atr\u00e1s<\/span><\/a><\/div><\/div><\/div><\/div><\/div><\/div><\/section>\n<\/section>","protected":false},"excerpt":{"rendered":"Tanto pela temperatura da \u00e1gua do mar que varia entre os 17 e 23\u00ba Celsius, como pela sua transpar\u00eancia, mergulhar nos A\u00e7ores \u00e9 sempre um prazer e \u00e9 f\u00e1cil mergulhar na companhia de um mero, ou observar as muitas variedades da fauna e flora subaqu\u00e1ticas. Devido \u00e0 morfologia das ilhas, a inclina\u00e7\u00e3o da parte submersa...","protected":false},"author":1,"featured_media":4670,"parent":1594,"menu_order":0,"comment_status":"closed","ping_status":"closed","template":"","meta":{"_monsterinsights_skip_tracking":false,"_monsterinsights_sitenote_active":false,"_monsterinsights_sitenote_note":"","_monsterinsights_sitenote_category":0},"acf":[],"yoast_head":"<!-- This site is optimized with the Yoast SEO plugin v20.12 - https:\/\/yoast.com\/wordpress\/plugins\/seo\/ -->\n<title>Sa\u00eddas de Mergulho - Atl\u00e2ntida Mar Hotel<\/title>\n<meta name=\"description\" content=\"Mergulhe nas \u00e1guas l\u00edmpidas e temperadas dos A\u00e7ores e descubra a riqueza da flora e fauna submarina. De mergulhos iniciantes e snorkeling a cursos avan\u00e7ados, explore locais costeiros de tirar o f\u00f4lego, cavernas e montes submarinos vulc\u00e2nicos.\" \/>\n<meta name=\"robots\" content=\"index, follow, max-snippet:-1, max-image-preview:large, max-video-preview:-1\" \/>\n<link rel=\"canonical\" href=\"https:\/\/atlantidamarhotel.com\/pt-pt\/diversao-lazer\/experiencias-no-mar\/saidas-de-mergulho\/\" \/>\n<meta property=\"og:locale\" content=\"pt_PT\" \/>\n<meta property=\"og:type\" content=\"article\" \/>\n<meta property=\"og:title\" content=\"Sa\u00eddas de Mergulho - Atl\u00e2ntida Mar Hotel\" \/>\n<meta property=\"og:description\" content=\"Mergulhe nas \u00e1guas l\u00edmpidas e temperadas dos A\u00e7ores e descubra a riqueza da flora e fauna submarina. De mergulhos iniciantes e snorkeling a cursos avan\u00e7ados, explore locais costeiros de tirar o f\u00f4lego, cavernas e montes submarinos vulc\u00e2nicos.\" \/>\n<meta property=\"og:url\" content=\"https:\/\/atlantidamarhotel.com\/pt-pt\/diversao-lazer\/experiencias-no-mar\/saidas-de-mergulho\/\" \/>\n<meta property=\"og:site_name\" content=\"Atl\u00e2ntida Mar Hotel\" \/>\n<meta property=\"article:publisher\" content=\"https:\/\/www.facebook.com\/AtlantidaMarHotel\/\" \/>\n<meta property=\"article:modified_time\" content=\"2023-05-28T21:30:01+00:00\" \/>\n<meta property=\"og:image\" content=\"https:\/\/atlantidamarhotel.com\/wp-content\/uploads\/2017\/01\/experiences_sea_atlantida_mar_hotel4.jpg\" \/>\n\t<meta property=\"og:image:width\" content=\"2000\" \/>\n\t<meta property=\"og:image:height\" content=\"1000\" \/>\n\t<meta property=\"og:image:type\" content=\"image\/jpeg\" \/>\n<meta name=\"twitter:card\" content=\"summary_large_image\" \/>\n<meta name=\"twitter:label1\" content=\"Tempo estimado de leitura\" \/>\n\t<meta name=\"twitter:data1\" content=\"1 minuto\" \/>\n<script type=\"application\/ld+json\" class=\"yoast-schema-graph\">{\"@context\":\"https:\/\/schema.org\",\"@graph\":[{\"@type\":\"WebPage\",\"@id\":\"https:\/\/atlantidamarhotel.com\/pt-pt\/diversao-lazer\/experiencias-no-mar\/saidas-de-mergulho\/\",\"url\":\"https:\/\/atlantidamarhotel.com\/pt-pt\/diversao-lazer\/experiencias-no-mar\/saidas-de-mergulho\/\",\"name\":\"Sa\u00eddas de Mergulho - Atl\u00e2ntida Mar Hotel\",\"isPartOf\":{\"@id\":\"https:\/\/atlantidamarhotel.com\/pt-pt\/#website\"},\"datePublished\":\"2017-01-24T00:38:07+00:00\",\"dateModified\":\"2023-05-28T21:30:01+00:00\",\"description\":\"Mergulhe nas \u00e1guas l\u00edmpidas e temperadas dos A\u00e7ores e descubra a riqueza da flora e fauna submarina. De mergulhos iniciantes e snorkeling a cursos avan\u00e7ados, explore locais costeiros de tirar o f\u00f4lego, cavernas e montes submarinos vulc\u00e2nicos.\",\"breadcrumb\":{\"@id\":\"https:\/\/atlantidamarhotel.com\/pt-pt\/diversao-lazer\/experiencias-no-mar\/saidas-de-mergulho\/#breadcrumb\"},\"inLanguage\":\"pt-PT\",\"potentialAction\":[{\"@type\":\"ReadAction\",\"target\":[\"https:\/\/atlantidamarhotel.com\/pt-pt\/diversao-lazer\/experiencias-no-mar\/saidas-de-mergulho\/\"]}]},{\"@type\":\"BreadcrumbList\",\"@id\":\"https:\/\/atlantidamarhotel.com\/pt-pt\/diversao-lazer\/experiencias-no-mar\/saidas-de-mergulho\/#breadcrumb\",\"itemListElement\":[{\"@type\":\"ListItem\",\"position\":1,\"name\":\"Home\",\"item\":\"https:\/\/atlantidamarhotel.com\/pt-pt\/\"},{\"@type\":\"ListItem\",\"position\":2,\"name\":\"Divers\u00e3o &#038; Lazer\",\"item\":\"https:\/\/atlantidamarhotel.com\/pt-pt\/diversao-lazer\/\"},{\"@type\":\"ListItem\",\"position\":3,\"name\":\"Experi\u00eancias no Mar\",\"item\":\"https:\/\/atlantidamarhotel.com\/pt-pt\/diversao-lazer\/experiencias-no-mar\/\"},{\"@type\":\"ListItem\",\"position\":4,\"name\":\"Sa\u00eddas de Mergulho\"}]},{\"@type\":\"WebSite\",\"@id\":\"https:\/\/atlantidamarhotel.com\/pt-pt\/#website\",\"url\":\"https:\/\/atlantidamarhotel.com\/pt-pt\/\",\"name\":\"Atl\u00e2ntida Mar Hotel\",\"description\":\"Aparthotel\",\"publisher\":{\"@id\":\"https:\/\/atlantidamarhotel.com\/pt-pt\/#organization\"},\"potentialAction\":[{\"@type\":\"SearchAction\",\"target\":{\"@type\":\"EntryPoint\",\"urlTemplate\":\"https:\/\/atlantidamarhotel.com\/pt-pt\/?s={search_term_string}\"},\"query-input\":\"required name=search_term_string\"}],\"inLanguage\":\"pt-PT\"},{\"@type\":\"Organization\",\"@id\":\"https:\/\/atlantidamarhotel.com\/pt-pt\/#organization\",\"name\":\"Atl\u00e2ntida Mar Hotel\",\"url\":\"https:\/\/atlantidamarhotel.com\/pt-pt\/\",\"logo\":{\"@type\":\"ImageObject\",\"inLanguage\":\"pt-PT\",\"@id\":\"https:\/\/atlantidamarhotel.com\/pt-pt\/#\/schema\/logo\/image\/\",\"url\":\"https:\/\/atlantidamarhotel.com\/wp-content\/uploads\/2016\/12\/logo-Atlantida-mar-hotel-2.png\",\"contentUrl\":\"https:\/\/atlantidamarhotel.com\/wp-content\/uploads\/2016\/12\/logo-Atlantida-mar-hotel-2.png\",\"width\":1600,\"height\":445,\"caption\":\"Atl\u00e2ntida Mar Hotel\"},\"image\":{\"@id\":\"https:\/\/atlantidamarhotel.com\/pt-pt\/#\/schema\/logo\/image\/\"},\"sameAs\":[\"https:\/\/www.facebook.com\/AtlantidaMarHotel\/\"]}]}<\/script>\n<!-- \/ Yoast SEO plugin. -->","yoast_head_json":{"title":"Sa\u00eddas de Mergulho - Atl\u00e2ntida Mar Hotel","description":"Mergulhe nas \u00e1guas l\u00edmpidas e temperadas dos A\u00e7ores e descubra a riqueza da flora e fauna submarina. De mergulhos iniciantes e snorkeling a cursos avan\u00e7ados, explore locais costeiros de tirar o f\u00f4lego, cavernas e montes submarinos vulc\u00e2nicos.","robots":{"index":"index","follow":"follow","max-snippet":"max-snippet:-1","max-image-preview":"max-image-preview:large","max-video-preview":"max-video-preview:-1"},"canonical":"https:\/\/atlantidamarhotel.com\/pt-pt\/diversao-lazer\/experiencias-no-mar\/saidas-de-mergulho\/","og_locale":"pt_PT","og_type":"article","og_title":"Sa\u00eddas de Mergulho - Atl\u00e2ntida Mar Hotel","og_description":"Mergulhe nas \u00e1guas l\u00edmpidas e temperadas dos A\u00e7ores e descubra a riqueza da flora e fauna submarina. De mergulhos iniciantes e snorkeling a cursos avan\u00e7ados, explore locais costeiros de tirar o f\u00f4lego, cavernas e montes submarinos vulc\u00e2nicos.","og_url":"https:\/\/atlantidamarhotel.com\/pt-pt\/diversao-lazer\/experiencias-no-mar\/saidas-de-mergulho\/","og_site_name":"Atl\u00e2ntida Mar Hotel","article_publisher":"https:\/\/www.facebook.com\/AtlantidaMarHotel\/","article_modified_time":"2023-05-28T21:30:01+00:00","og_image":[{"width":2000,"height":1000,"url":"https:\/\/atlantidamarhotel.com\/wp-content\/uploads\/2017\/01\/experiences_sea_atlantida_mar_hotel4.jpg","type":"image\/jpeg"}],"twitter_card":"summary_large_image","twitter_misc":{"Tempo estimado de leitura":"1 minuto"},"schema":{"@context":"https:\/\/schema.org","@graph":[{"@type":"WebPage","@id":"https:\/\/atlantidamarhotel.com\/pt-pt\/diversao-lazer\/experiencias-no-mar\/saidas-de-mergulho\/","url":"https:\/\/atlantidamarhotel.com\/pt-pt\/diversao-lazer\/experiencias-no-mar\/saidas-de-mergulho\/","name":"Sa\u00eddas de Mergulho - Atl\u00e2ntida Mar Hotel","isPartOf":{"@id":"https:\/\/atlantidamarhotel.com\/pt-pt\/#website"},"datePublished":"2017-01-24T00:38:07+00:00","dateModified":"2023-05-28T21:30:01+00:00","description":"Mergulhe nas \u00e1guas l\u00edmpidas e temperadas dos A\u00e7ores e descubra a riqueza da flora e fauna submarina. De mergulhos iniciantes e snorkeling a cursos avan\u00e7ados, explore locais costeiros de tirar o f\u00f4lego, cavernas e montes submarinos vulc\u00e2nicos.","breadcrumb":{"@id":"https:\/\/atlantidamarhotel.com\/pt-pt\/diversao-lazer\/experiencias-no-mar\/saidas-de-mergulho\/#breadcrumb"},"inLanguage":"pt-PT","potentialAction":[{"@type":"ReadAction","target":["https:\/\/atlantidamarhotel.com\/pt-pt\/diversao-lazer\/experiencias-no-mar\/saidas-de-mergulho\/"]}]},{"@type":"BreadcrumbList","@id":"https:\/\/atlantidamarhotel.com\/pt-pt\/diversao-lazer\/experiencias-no-mar\/saidas-de-mergulho\/#breadcrumb","itemListElement":[{"@type":"ListItem","position":1,"name":"Home","item":"https:\/\/atlantidamarhotel.com\/pt-pt\/"},{"@type":"ListItem","position":2,"name":"Divers\u00e3o &#038; Lazer","item":"https:\/\/atlantidamarhotel.com\/pt-pt\/diversao-lazer\/"},{"@type":"ListItem","position":3,"name":"Experi\u00eancias no Mar","item":"https:\/\/atlantidamarhotel.com\/pt-pt\/diversao-lazer\/experiencias-no-mar\/"},{"@type":"ListItem","position":4,"name":"Sa\u00eddas de Mergulho"}]},{"@type":"WebSite","@id":"https:\/\/atlantidamarhotel.com\/pt-pt\/#website","url":"https:\/\/atlantidamarhotel.com\/pt-pt\/","name":"Atl\u00e2ntida Mar Hotel","description":"Aparthotel","publisher":{"@id":"https:\/\/atlantidamarhotel.com\/pt-pt\/#organization"},"potentialAction":[{"@type":"SearchAction","target":{"@type":"EntryPoint","urlTemplate":"https:\/\/atlantidamarhotel.com\/pt-pt\/?s={search_term_string}"},"query-input":"required name=search_term_string"}],"inLanguage":"pt-PT"},{"@type":"Organization","@id":"https:\/\/atlantidamarhotel.com\/pt-pt\/#organization","name":"Atl\u00e2ntida Mar Hotel","url":"https:\/\/atlantidamarhotel.com\/pt-pt\/","logo":{"@type":"ImageObject","inLanguage":"pt-PT","@id":"https:\/\/atlantidamarhotel.com\/pt-pt\/#\/schema\/logo\/image\/","url":"https:\/\/atlantidamarhotel.com\/wp-content\/uploads\/2016\/12\/logo-Atlantida-mar-hotel-2.png","contentUrl":"https:\/\/atlantidamarhotel.com\/wp-content\/uploads\/2016\/12\/logo-Atlantida-mar-hotel-2.png","width":1600,"height":445,"caption":"Atl\u00e2ntida Mar Hotel"},"image":{"@id":"https:\/\/atlantidamarhotel.com\/pt-pt\/#\/schema\/logo\/image\/"},"sameAs":["https:\/\/www.facebook.com\/AtlantidaMarHotel\/"]}]}},"_links":{"self":[{"href":"https:\/\/atlantidamarhotel.com\/pt-pt\/wp-json\/wp\/v2\/pages\/1586"}],"collection":[{"href":"https:\/\/atlantidamarhotel.com\/pt-pt\/wp-json\/wp\/v2\/pages"}],"about":[{"href":"https:\/\/atlantidamarhotel.com\/pt-pt\/wp-json\/wp\/v2\/types\/page"}],"author":[{"embeddable":true,"href":"https:\/\/atlantidamarhotel.com\/pt-pt\/wp-json\/wp\/v2\/users\/1"}],"replies":[{"embeddable":true,"href":"https:\/\/atlantidamarhotel.com\/pt-pt\/wp-json\/wp\/v2\/comments?post=1586"}],"version-history":[{"count":3,"href":"https:\/\/atlantidamarhotel.com\/pt-pt\/wp-json\/wp\/v2\/pages\/1586\/revisions"}],"predecessor-version":[{"id":5972,"href":"https:\/\/atlantidamarhotel.com\/pt-pt\/wp-json\/wp\/v2\/pages\/1586\/revisions\/5972"}],"up":[{"embeddable":true,"href":"https:\/\/atlantidamarhotel.com\/pt-pt\/wp-json\/wp\/v2\/pages\/1594"}],"wp:featuredmedia":[{"embeddable":true,"href":"https:\/\/atlantidamarhotel.com\/pt-pt\/wp-json\/wp\/v2\/media\/4670"}],"wp:attachment":[{"href":"https:\/\/atlantidamarhotel.com\/pt-pt\/wp-json\/wp\/v2\/media?parent=1586"}],"curies":[{"name":"wp","href":"https:\/\/api.w.org\/{rel}","templated":true}]}}