{"id":1588,"date":"2017-01-23T23:35:43","date_gmt":"2017-01-24T00:35:43","guid":{"rendered":"http:\/\/www.atlantidamarhotel.pt\/swimming-with-dolphins\/"},"modified":"2023-05-28T20:40:45","modified_gmt":"2023-05-28T21:40:45","slug":"nadar-com-golfinhos","status":"publish","type":"page","link":"https:\/\/atlantidamarhotel.com\/pt-pt\/diversao-lazer\/experiencias-no-mar\/nadar-com-golfinhos\/","title":{"rendered":"Nadar com Golfinhos"},"content":{"rendered":"<section class=\"wpb-content-wrapper\"><section class=\"l-section wpb_row height_custom\"><div class=\"l-section-h i-cf\"><div class=\"g-cols vc_row via_flex valign_top type_default stacking_default\"><div class=\"vc_col-sm-12 wpb_column vc_column_container\"><div class=\"vc_column-inner\"><div class=\"wpb_wrapper\"><div class=\"wpb_text_column\"><div class=\"wpb_wrapper\"><p>Estar dentro de \u00e1gua em contacto com golfinhos, no seu ambiente natural, \u00e9 uma experi\u00eancia \u00fanica e absolutamente inesquec\u00edvel. Ao contatar diretamente com estes animais selvagens num mar cristalino e de temperatura amena, ao observar os seus bailados e ouvir os seus sons, apercebemo-nos melhor da beleza e intelig\u00eancia destes animais.<\/p>\n<p>O impacto desta atividade nos golfinhos \u00e9 reduzido. Contudo \u00e9 necess\u00e1rio ter alguns cuidados para n\u00e3o criar stress nos animais. Legalmente s\u00f3 \u00e9 permitida a presen\u00e7a simult\u00e2nea de 2 pessoas na \u00e1gua, e n\u00e3o \u00e9 permitido nadar junto de golfinhos com crias ou quando estes se encontram em alimenta\u00e7\u00e3o.<\/p>\n<\/div><\/div><\/div><\/div><\/div><\/div><\/div><\/section><section class=\"l-section wpb_row height_custom\"><div class=\"l-section-h i-cf\"><div class=\"g-cols vc_row via_flex valign_top type_default stacking_default\"><div class=\"vc_col-sm-12 wpb_column vc_column_container\"><div class=\"vc_column-inner\"><div class=\"wpb_wrapper\"><div class=\"w-btn-wrapper align_center\"><a class=\"w-btn us-btn-style_1\" title=\"Experi\u00eancias no Mar\" href=\"\/pt-pt\/diversao-lazer\/experiencias-no-mar\/\"><span class=\"w-btn-label\">Voltar Atr\u00e1s<\/span><\/a><\/div><\/div><\/div><\/div><\/div><\/div><\/section>\n<\/section>","protected":false},"excerpt":{"rendered":"Estar dentro de \u00e1gua em contacto com golfinhos, no seu ambiente natural, \u00e9 uma experi\u00eancia \u00fanica e absolutamente inesquec\u00edvel. Ao contatar diretamente com estes animais selvagens num mar cristalino e de temperatura amena, ao observar os seus bailados e ouvir os seus sons, apercebemo-nos melhor da beleza e intelig\u00eancia destes animais. O impacto desta atividade...","protected":false},"author":1,"featured_media":4574,"parent":1594,"menu_order":0,"comment_status":"closed","ping_status":"closed","template":"","meta":{"_monsterinsights_skip_tracking":false,"_monsterinsights_sitenote_active":false,"_monsterinsights_sitenote_note":"","_monsterinsights_sitenote_category":0},"acf":[],"yoast_head":"<!-- This site is optimized with the Yoast SEO plugin v20.12 - https:\/\/yoast.com\/wordpress\/plugins\/seo\/ -->\n<title>Nadar com Golfinhos - Atl\u00e2ntida Mar Hotel<\/title>\n<meta name=\"description\" content=\"Experimente a emo\u00e7\u00e3o inesquec\u00edvel de nadar com golfinhos no seu habitat natural nas \u00e1guas quentes e cristalinas dos A\u00e7ores. Esta atividade gerida de forma respons\u00e1vel respeita o bem-estar dos golfinhos, garantindo um impacto m\u00ednimo nestas criaturas inteligentes.\" \/>\n<meta name=\"robots\" content=\"index, follow, max-snippet:-1, max-image-preview:large, max-video-preview:-1\" \/>\n<link rel=\"canonical\" href=\"https:\/\/atlantidamarhotel.com\/pt-pt\/diversao-lazer\/experiencias-no-mar\/nadar-com-golfinhos\/\" \/>\n<meta property=\"og:locale\" content=\"pt_PT\" \/>\n<meta property=\"og:type\" content=\"article\" \/>\n<meta property=\"og:title\" content=\"Nadar com Golfinhos - Atl\u00e2ntida Mar Hotel\" \/>\n<meta property=\"og:description\" content=\"Experimente a emo\u00e7\u00e3o inesquec\u00edvel de nadar com golfinhos no seu habitat natural nas \u00e1guas quentes e cristalinas dos A\u00e7ores. Esta atividade gerida de forma respons\u00e1vel respeita o bem-estar dos golfinhos, garantindo um impacto m\u00ednimo nestas criaturas inteligentes.\" \/>\n<meta property=\"og:url\" content=\"https:\/\/atlantidamarhotel.com\/pt-pt\/diversao-lazer\/experiencias-no-mar\/nadar-com-golfinhos\/\" \/>\n<meta property=\"og:site_name\" content=\"Atl\u00e2ntida Mar Hotel\" \/>\n<meta property=\"article:publisher\" content=\"https:\/\/www.facebook.com\/AtlantidaMarHotel\/\" \/>\n<meta property=\"article:modified_time\" content=\"2023-05-28T21:40:45+00:00\" \/>\n<meta property=\"og:image\" content=\"https:\/\/atlantidamarhotel.com\/wp-content\/uploads\/2017\/01\/swimming_with_dolphins_atlantida_mar_hotel_list.jpg\" \/>\n\t<meta property=\"og:image:width\" content=\"1500\" \/>\n\t<meta property=\"og:image:height\" content=\"998\" \/>\n\t<meta property=\"og:image:type\" content=\"image\/jpeg\" \/>\n<meta name=\"twitter:card\" content=\"summary_large_image\" \/>\n<meta name=\"twitter:label1\" content=\"Tempo estimado de leitura\" \/>\n\t<meta name=\"twitter:data1\" content=\"1 minuto\" \/>\n<script type=\"application\/ld+json\" class=\"yoast-schema-graph\">{\"@context\":\"https:\/\/schema.org\",\"@graph\":[{\"@type\":\"WebPage\",\"@id\":\"https:\/\/atlantidamarhotel.com\/pt-pt\/diversao-lazer\/experiencias-no-mar\/nadar-com-golfinhos\/\",\"url\":\"https:\/\/atlantidamarhotel.com\/pt-pt\/diversao-lazer\/experiencias-no-mar\/nadar-com-golfinhos\/\",\"name\":\"Nadar com Golfinhos - Atl\u00e2ntida Mar Hotel\",\"isPartOf\":{\"@id\":\"https:\/\/atlantidamarhotel.com\/pt-pt\/#website\"},\"datePublished\":\"2017-01-24T00:35:43+00:00\",\"dateModified\":\"2023-05-28T21:40:45+00:00\",\"description\":\"Experimente a emo\u00e7\u00e3o inesquec\u00edvel de nadar com golfinhos no seu habitat natural nas \u00e1guas quentes e cristalinas dos A\u00e7ores. Esta atividade gerida de forma respons\u00e1vel respeita o bem-estar dos golfinhos, garantindo um impacto m\u00ednimo nestas criaturas inteligentes.\",\"breadcrumb\":{\"@id\":\"https:\/\/atlantidamarhotel.com\/pt-pt\/diversao-lazer\/experiencias-no-mar\/nadar-com-golfinhos\/#breadcrumb\"},\"inLanguage\":\"pt-PT\",\"potentialAction\":[{\"@type\":\"ReadAction\",\"target\":[\"https:\/\/atlantidamarhotel.com\/pt-pt\/diversao-lazer\/experiencias-no-mar\/nadar-com-golfinhos\/\"]}]},{\"@type\":\"BreadcrumbList\",\"@id\":\"https:\/\/atlantidamarhotel.com\/pt-pt\/diversao-lazer\/experiencias-no-mar\/nadar-com-golfinhos\/#breadcrumb\",\"itemListElement\":[{\"@type\":\"ListItem\",\"position\":1,\"name\":\"Home\",\"item\":\"https:\/\/atlantidamarhotel.com\/pt-pt\/\"},{\"@type\":\"ListItem\",\"position\":2,\"name\":\"Divers\u00e3o &#038; Lazer\",\"item\":\"https:\/\/atlantidamarhotel.com\/pt-pt\/diversao-lazer\/\"},{\"@type\":\"ListItem\",\"position\":3,\"name\":\"Experi\u00eancias no Mar\",\"item\":\"https:\/\/atlantidamarhotel.com\/pt-pt\/diversao-lazer\/experiencias-no-mar\/\"},{\"@type\":\"ListItem\",\"position\":4,\"name\":\"Nadar com Golfinhos\"}]},{\"@type\":\"WebSite\",\"@id\":\"https:\/\/atlantidamarhotel.com\/pt-pt\/#website\",\"url\":\"https:\/\/atlantidamarhotel.com\/pt-pt\/\",\"name\":\"Atl\u00e2ntida Mar Hotel\",\"description\":\"Aparthotel\",\"publisher\":{\"@id\":\"https:\/\/atlantidamarhotel.com\/pt-pt\/#organization\"},\"potentialAction\":[{\"@type\":\"SearchAction\",\"target\":{\"@type\":\"EntryPoint\",\"urlTemplate\":\"https:\/\/atlantidamarhotel.com\/pt-pt\/?s={search_term_string}\"},\"query-input\":\"required name=search_term_string\"}],\"inLanguage\":\"pt-PT\"},{\"@type\":\"Organization\",\"@id\":\"https:\/\/atlantidamarhotel.com\/pt-pt\/#organization\",\"name\":\"Atl\u00e2ntida Mar Hotel\",\"url\":\"https:\/\/atlantidamarhotel.com\/pt-pt\/\",\"logo\":{\"@type\":\"ImageObject\",\"inLanguage\":\"pt-PT\",\"@id\":\"https:\/\/atlantidamarhotel.com\/pt-pt\/#\/schema\/logo\/image\/\",\"url\":\"https:\/\/atlantidamarhotel.com\/wp-content\/uploads\/2016\/12\/logo-Atlantida-mar-hotel-2.png\",\"contentUrl\":\"https:\/\/atlantidamarhotel.com\/wp-content\/uploads\/2016\/12\/logo-Atlantida-mar-hotel-2.png\",\"width\":1600,\"height\":445,\"caption\":\"Atl\u00e2ntida Mar Hotel\"},\"image\":{\"@id\":\"https:\/\/atlantidamarhotel.com\/pt-pt\/#\/schema\/logo\/image\/\"},\"sameAs\":[\"https:\/\/www.facebook.com\/AtlantidaMarHotel\/\"]}]}<\/script>\n<!-- \/ Yoast SEO plugin. -->","yoast_head_json":{"title":"Nadar com Golfinhos - Atl\u00e2ntida Mar Hotel","description":"Experimente a emo\u00e7\u00e3o inesquec\u00edvel de nadar com golfinhos no seu habitat natural nas \u00e1guas quentes e cristalinas dos A\u00e7ores. Esta atividade gerida de forma respons\u00e1vel respeita o bem-estar dos golfinhos, garantindo um impacto m\u00ednimo nestas criaturas inteligentes.","robots":{"index":"index","follow":"follow","max-snippet":"max-snippet:-1","max-image-preview":"max-image-preview:large","max-video-preview":"max-video-preview:-1"},"canonical":"https:\/\/atlantidamarhotel.com\/pt-pt\/diversao-lazer\/experiencias-no-mar\/nadar-com-golfinhos\/","og_locale":"pt_PT","og_type":"article","og_title":"Nadar com Golfinhos - Atl\u00e2ntida Mar Hotel","og_description":"Experimente a emo\u00e7\u00e3o inesquec\u00edvel de nadar com golfinhos no seu habitat natural nas \u00e1guas quentes e cristalinas dos A\u00e7ores. Esta atividade gerida de forma respons\u00e1vel respeita o bem-estar dos golfinhos, garantindo um impacto m\u00ednimo nestas criaturas inteligentes.","og_url":"https:\/\/atlantidamarhotel.com\/pt-pt\/diversao-lazer\/experiencias-no-mar\/nadar-com-golfinhos\/","og_site_name":"Atl\u00e2ntida Mar Hotel","article_publisher":"https:\/\/www.facebook.com\/AtlantidaMarHotel\/","article_modified_time":"2023-05-28T21:40:45+00:00","og_image":[{"width":1500,"height":998,"url":"https:\/\/atlantidamarhotel.com\/wp-content\/uploads\/2017\/01\/swimming_with_dolphins_atlantida_mar_hotel_list.jpg","type":"image\/jpeg"}],"twitter_card":"summary_large_image","twitter_misc":{"Tempo estimado de leitura":"1 minuto"},"schema":{"@context":"https:\/\/schema.org","@graph":[{"@type":"WebPage","@id":"https:\/\/atlantidamarhotel.com\/pt-pt\/diversao-lazer\/experiencias-no-mar\/nadar-com-golfinhos\/","url":"https:\/\/atlantidamarhotel.com\/pt-pt\/diversao-lazer\/experiencias-no-mar\/nadar-com-golfinhos\/","name":"Nadar com Golfinhos - Atl\u00e2ntida Mar Hotel","isPartOf":{"@id":"https:\/\/atlantidamarhotel.com\/pt-pt\/#website"},"datePublished":"2017-01-24T00:35:43+00:00","dateModified":"2023-05-28T21:40:45+00:00","description":"Experimente a emo\u00e7\u00e3o inesquec\u00edvel de nadar com golfinhos no seu habitat natural nas \u00e1guas quentes e cristalinas dos A\u00e7ores. Esta atividade gerida de forma respons\u00e1vel respeita o bem-estar dos golfinhos, garantindo um impacto m\u00ednimo nestas criaturas inteligentes.","breadcrumb":{"@id":"https:\/\/atlantidamarhotel.com\/pt-pt\/diversao-lazer\/experiencias-no-mar\/nadar-com-golfinhos\/#breadcrumb"},"inLanguage":"pt-PT","potentialAction":[{"@type":"ReadAction","target":["https:\/\/atlantidamarhotel.com\/pt-pt\/diversao-lazer\/experiencias-no-mar\/nadar-com-golfinhos\/"]}]},{"@type":"BreadcrumbList","@id":"https:\/\/atlantidamarhotel.com\/pt-pt\/diversao-lazer\/experiencias-no-mar\/nadar-com-golfinhos\/#breadcrumb","itemListElement":[{"@type":"ListItem","position":1,"name":"Home","item":"https:\/\/atlantidamarhotel.com\/pt-pt\/"},{"@type":"ListItem","position":2,"name":"Divers\u00e3o &#038; Lazer","item":"https:\/\/atlantidamarhotel.com\/pt-pt\/diversao-lazer\/"},{"@type":"ListItem","position":3,"name":"Experi\u00eancias no Mar","item":"https:\/\/atlantidamarhotel.com\/pt-pt\/diversao-lazer\/experiencias-no-mar\/"},{"@type":"ListItem","position":4,"name":"Nadar com Golfinhos"}]},{"@type":"WebSite","@id":"https:\/\/atlantidamarhotel.com\/pt-pt\/#website","url":"https:\/\/atlantidamarhotel.com\/pt-pt\/","name":"Atl\u00e2ntida Mar Hotel","description":"Aparthotel","publisher":{"@id":"https:\/\/atlantidamarhotel.com\/pt-pt\/#organization"},"potentialAction":[{"@type":"SearchAction","target":{"@type":"EntryPoint","urlTemplate":"https:\/\/atlantidamarhotel.com\/pt-pt\/?s={search_term_string}"},"query-input":"required name=search_term_string"}],"inLanguage":"pt-PT"},{"@type":"Organization","@id":"https:\/\/atlantidamarhotel.com\/pt-pt\/#organization","name":"Atl\u00e2ntida Mar Hotel","url":"https:\/\/atlantidamarhotel.com\/pt-pt\/","logo":{"@type":"ImageObject","inLanguage":"pt-PT","@id":"https:\/\/atlantidamarhotel.com\/pt-pt\/#\/schema\/logo\/image\/","url":"https:\/\/atlantidamarhotel.com\/wp-content\/uploads\/2016\/12\/logo-Atlantida-mar-hotel-2.png","contentUrl":"https:\/\/atlantidamarhotel.com\/wp-content\/uploads\/2016\/12\/logo-Atlantida-mar-hotel-2.png","width":1600,"height":445,"caption":"Atl\u00e2ntida Mar Hotel"},"image":{"@id":"https:\/\/atlantidamarhotel.com\/pt-pt\/#\/schema\/logo\/image\/"},"sameAs":["https:\/\/www.facebook.com\/AtlantidaMarHotel\/"]}]}},"_links":{"self":[{"href":"https:\/\/atlantidamarhotel.com\/pt-pt\/wp-json\/wp\/v2\/pages\/1588"}],"collection":[{"href":"https:\/\/atlantidamarhotel.com\/pt-pt\/wp-json\/wp\/v2\/pages"}],"about":[{"href":"https:\/\/atlantidamarhotel.com\/pt-pt\/wp-json\/wp\/v2\/types\/page"}],"author":[{"embeddable":true,"href":"https:\/\/atlantidamarhotel.com\/pt-pt\/wp-json\/wp\/v2\/users\/1"}],"replies":[{"embeddable":true,"href":"https:\/\/atlantidamarhotel.com\/pt-pt\/wp-json\/wp\/v2\/comments?post=1588"}],"version-history":[{"count":3,"href":"https:\/\/atlantidamarhotel.com\/pt-pt\/wp-json\/wp\/v2\/pages\/1588\/revisions"}],"predecessor-version":[{"id":5976,"href":"https:\/\/atlantidamarhotel.com\/pt-pt\/wp-json\/wp\/v2\/pages\/1588\/revisions\/5976"}],"up":[{"embeddable":true,"href":"https:\/\/atlantidamarhotel.com\/pt-pt\/wp-json\/wp\/v2\/pages\/1594"}],"wp:featuredmedia":[{"embeddable":true,"href":"https:\/\/atlantidamarhotel.com\/pt-pt\/wp-json\/wp\/v2\/media\/4574"}],"wp:attachment":[{"href":"https:\/\/atlantidamarhotel.com\/pt-pt\/wp-json\/wp\/v2\/media?parent=1588"}],"curies":[{"name":"wp","href":"https:\/\/api.w.org\/{rel}","templated":true}]}}