{"id":1590,"date":"2017-01-23T23:33:14","date_gmt":"2017-01-24T00:33:14","guid":{"rendered":"http:\/\/www.atlantidamarhotel.pt\/whale-and-dolphin-watching\/"},"modified":"2023-05-29T19:20:47","modified_gmt":"2023-05-29T20:20:47","slug":"observacao-de-cetaceos","status":"publish","type":"page","link":"https:\/\/atlantidamarhotel.com\/pt-pt\/diversao-lazer\/experiencias-no-mar\/observacao-de-cetaceos\/","title":{"rendered":"Observa\u00e7\u00e3o de Cet\u00e1ceos"},"content":{"rendered":"<section class=\"wpb-content-wrapper\"><section class=\"l-section wpb_row height_custom\"><div class=\"l-section-h i-cf\"><div class=\"g-cols vc_row via_flex valign_top type_default stacking_default\"><div class=\"vc_col-sm-12 wpb_column vc_column_container\"><div class=\"vc_column-inner\"><div class=\"wpb_wrapper\"><div class=\"wpb_text_column\"><div class=\"wpb_wrapper\"><p>Os A\u00e7ores s\u00e3o atualmente um dos maiores santu\u00e1rios de baleias do mundo. Entre esp\u00e9cies residentes e migrat\u00f3rias, comuns ou raras, avistam-se nas suas \u00e1guas mais de 20 diferentes tipos de cet\u00e1ceos. O n\u00famero impressiona e corresponde a um ter\u00e7o do total de esp\u00e9cies existentes. Estamos num ecossistema de caracter\u00edsticas \u00fanicas.<\/p>\n<p>Com a presen\u00e7a das majestosas baleias e dos simp\u00e1ticos golfinhos, o azul do Atl\u00e2ntico torna-se ainda mais m\u00e1gico e aben\u00e7oado em redor destas nove ilhas. Ap\u00f3s a partida do barco, o vasto oceano \u00e9 o cen\u00e1rio onde decorrem os encontros maravilhosos entre humanos e estes maravilhosos seres marinhos.<\/p>\n<\/div><\/div><\/div><\/div><\/div><\/div><\/div><\/section><section class=\"l-section wpb_row height_custom\"><div class=\"l-section-h i-cf\"><div class=\"g-cols vc_row via_flex valign_top type_default stacking_default\"><div class=\"vc_col-sm-12 wpb_column vc_column_container\"><div class=\"vc_column-inner\"><div class=\"wpb_wrapper\"><div class=\"w-btn-wrapper align_center\"><a class=\"w-btn us-btn-style_1\" title=\"Experi\u00eancias no Mar\" href=\"\/pt-pt\/diversao-lazer\/experiencias-no-mar\/\"><span class=\"w-btn-label\">Voltar Atr\u00e1s<\/span><\/a><\/div><\/div><\/div><\/div><\/div><\/div><\/section>\n<\/section>","protected":false},"excerpt":{"rendered":"Os A\u00e7ores s\u00e3o atualmente um dos maiores santu\u00e1rios de baleias do mundo. Entre esp\u00e9cies residentes e migrat\u00f3rias, comuns ou raras, avistam-se nas suas \u00e1guas mais de 20 diferentes tipos de cet\u00e1ceos. O n\u00famero impressiona e corresponde a um ter\u00e7o do total de esp\u00e9cies existentes. Estamos num ecossistema de caracter\u00edsticas \u00fanicas. Com a presen\u00e7a das majestosas...","protected":false},"author":1,"featured_media":4632,"parent":1594,"menu_order":0,"comment_status":"closed","ping_status":"closed","template":"","meta":{"_monsterinsights_skip_tracking":false,"_monsterinsights_sitenote_active":false,"_monsterinsights_sitenote_note":"","_monsterinsights_sitenote_category":0},"acf":[],"yoast_head":"<!-- This site is optimized with the Yoast SEO plugin v20.12 - https:\/\/yoast.com\/wordpress\/plugins\/seo\/ -->\n<title>Observa\u00e7\u00e3o de Cet\u00e1ceos - Atl\u00e2ntida Mar Hotel<\/title>\n<meta name=\"description\" content=\"Descubra os A\u00e7ores, um santu\u00e1rio para mais de 20 esp\u00e9cies de cet\u00e1ceos. Experimente encontros m\u00e1gicos com baleias majestosas e golfinhos brincalh\u00f5es no Atl\u00e2ntico.\" \/>\n<meta name=\"robots\" content=\"index, follow, max-snippet:-1, max-image-preview:large, max-video-preview:-1\" \/>\n<link rel=\"canonical\" href=\"https:\/\/atlantidamarhotel.com\/pt-pt\/diversao-lazer\/experiencias-no-mar\/observacao-de-cetaceos\/\" \/>\n<meta property=\"og:locale\" content=\"pt_PT\" \/>\n<meta property=\"og:type\" content=\"article\" \/>\n<meta property=\"og:title\" content=\"Observa\u00e7\u00e3o de Cet\u00e1ceos - Atl\u00e2ntida Mar Hotel\" \/>\n<meta property=\"og:description\" content=\"Descubra os A\u00e7ores, um santu\u00e1rio para mais de 20 esp\u00e9cies de cet\u00e1ceos. Experimente encontros m\u00e1gicos com baleias majestosas e golfinhos brincalh\u00f5es no Atl\u00e2ntico.\" \/>\n<meta property=\"og:url\" content=\"https:\/\/atlantidamarhotel.com\/pt-pt\/diversao-lazer\/experiencias-no-mar\/observacao-de-cetaceos\/\" \/>\n<meta property=\"og:site_name\" content=\"Atl\u00e2ntida Mar Hotel\" \/>\n<meta property=\"article:publisher\" content=\"https:\/\/www.facebook.com\/AtlantidaMarHotel\/\" \/>\n<meta property=\"article:modified_time\" content=\"2023-05-29T20:20:47+00:00\" \/>\n<meta property=\"og:image\" content=\"https:\/\/atlantidamarhotel.com\/wp-content\/uploads\/2017\/01\/recreation_leisure_topo_atlantida_mar_hotel2.jpg\" \/>\n\t<meta property=\"og:image:width\" content=\"2000\" \/>\n\t<meta property=\"og:image:height\" content=\"1000\" \/>\n\t<meta property=\"og:image:type\" content=\"image\/jpeg\" \/>\n<meta name=\"twitter:card\" content=\"summary_large_image\" \/>\n<meta name=\"twitter:label1\" content=\"Tempo estimado de leitura\" \/>\n\t<meta name=\"twitter:data1\" content=\"1 minuto\" \/>\n<script type=\"application\/ld+json\" class=\"yoast-schema-graph\">{\"@context\":\"https:\/\/schema.org\",\"@graph\":[{\"@type\":\"WebPage\",\"@id\":\"https:\/\/atlantidamarhotel.com\/pt-pt\/diversao-lazer\/experiencias-no-mar\/observacao-de-cetaceos\/\",\"url\":\"https:\/\/atlantidamarhotel.com\/pt-pt\/diversao-lazer\/experiencias-no-mar\/observacao-de-cetaceos\/\",\"name\":\"Observa\u00e7\u00e3o de Cet\u00e1ceos - Atl\u00e2ntida Mar Hotel\",\"isPartOf\":{\"@id\":\"https:\/\/atlantidamarhotel.com\/pt-pt\/#website\"},\"datePublished\":\"2017-01-24T00:33:14+00:00\",\"dateModified\":\"2023-05-29T20:20:47+00:00\",\"description\":\"Descubra os A\u00e7ores, um santu\u00e1rio para mais de 20 esp\u00e9cies de cet\u00e1ceos. Experimente encontros m\u00e1gicos com baleias majestosas e golfinhos brincalh\u00f5es no Atl\u00e2ntico.\",\"breadcrumb\":{\"@id\":\"https:\/\/atlantidamarhotel.com\/pt-pt\/diversao-lazer\/experiencias-no-mar\/observacao-de-cetaceos\/#breadcrumb\"},\"inLanguage\":\"pt-PT\",\"potentialAction\":[{\"@type\":\"ReadAction\",\"target\":[\"https:\/\/atlantidamarhotel.com\/pt-pt\/diversao-lazer\/experiencias-no-mar\/observacao-de-cetaceos\/\"]}]},{\"@type\":\"BreadcrumbList\",\"@id\":\"https:\/\/atlantidamarhotel.com\/pt-pt\/diversao-lazer\/experiencias-no-mar\/observacao-de-cetaceos\/#breadcrumb\",\"itemListElement\":[{\"@type\":\"ListItem\",\"position\":1,\"name\":\"Home\",\"item\":\"https:\/\/atlantidamarhotel.com\/pt-pt\/\"},{\"@type\":\"ListItem\",\"position\":2,\"name\":\"Divers\u00e3o &#038; Lazer\",\"item\":\"https:\/\/atlantidamarhotel.com\/pt-pt\/diversao-lazer\/\"},{\"@type\":\"ListItem\",\"position\":3,\"name\":\"Experi\u00eancias no Mar\",\"item\":\"https:\/\/atlantidamarhotel.com\/pt-pt\/diversao-lazer\/experiencias-no-mar\/\"},{\"@type\":\"ListItem\",\"position\":4,\"name\":\"Observa\u00e7\u00e3o de Cet\u00e1ceos\"}]},{\"@type\":\"WebSite\",\"@id\":\"https:\/\/atlantidamarhotel.com\/pt-pt\/#website\",\"url\":\"https:\/\/atlantidamarhotel.com\/pt-pt\/\",\"name\":\"Atl\u00e2ntida Mar Hotel\",\"description\":\"Aparthotel\",\"publisher\":{\"@id\":\"https:\/\/atlantidamarhotel.com\/pt-pt\/#organization\"},\"potentialAction\":[{\"@type\":\"SearchAction\",\"target\":{\"@type\":\"EntryPoint\",\"urlTemplate\":\"https:\/\/atlantidamarhotel.com\/pt-pt\/?s={search_term_string}\"},\"query-input\":\"required name=search_term_string\"}],\"inLanguage\":\"pt-PT\"},{\"@type\":\"Organization\",\"@id\":\"https:\/\/atlantidamarhotel.com\/pt-pt\/#organization\",\"name\":\"Atl\u00e2ntida Mar Hotel\",\"url\":\"https:\/\/atlantidamarhotel.com\/pt-pt\/\",\"logo\":{\"@type\":\"ImageObject\",\"inLanguage\":\"pt-PT\",\"@id\":\"https:\/\/atlantidamarhotel.com\/pt-pt\/#\/schema\/logo\/image\/\",\"url\":\"https:\/\/atlantidamarhotel.com\/wp-content\/uploads\/2016\/12\/logo-Atlantida-mar-hotel-2.png\",\"contentUrl\":\"https:\/\/atlantidamarhotel.com\/wp-content\/uploads\/2016\/12\/logo-Atlantida-mar-hotel-2.png\",\"width\":1600,\"height\":445,\"caption\":\"Atl\u00e2ntida Mar Hotel\"},\"image\":{\"@id\":\"https:\/\/atlantidamarhotel.com\/pt-pt\/#\/schema\/logo\/image\/\"},\"sameAs\":[\"https:\/\/www.facebook.com\/AtlantidaMarHotel\/\"]}]}<\/script>\n<!-- \/ Yoast SEO plugin. -->","yoast_head_json":{"title":"Observa\u00e7\u00e3o de Cet\u00e1ceos - Atl\u00e2ntida Mar Hotel","description":"Descubra os A\u00e7ores, um santu\u00e1rio para mais de 20 esp\u00e9cies de cet\u00e1ceos. Experimente encontros m\u00e1gicos com baleias majestosas e golfinhos brincalh\u00f5es no Atl\u00e2ntico.","robots":{"index":"index","follow":"follow","max-snippet":"max-snippet:-1","max-image-preview":"max-image-preview:large","max-video-preview":"max-video-preview:-1"},"canonical":"https:\/\/atlantidamarhotel.com\/pt-pt\/diversao-lazer\/experiencias-no-mar\/observacao-de-cetaceos\/","og_locale":"pt_PT","og_type":"article","og_title":"Observa\u00e7\u00e3o de Cet\u00e1ceos - Atl\u00e2ntida Mar Hotel","og_description":"Descubra os A\u00e7ores, um santu\u00e1rio para mais de 20 esp\u00e9cies de cet\u00e1ceos. Experimente encontros m\u00e1gicos com baleias majestosas e golfinhos brincalh\u00f5es no Atl\u00e2ntico.","og_url":"https:\/\/atlantidamarhotel.com\/pt-pt\/diversao-lazer\/experiencias-no-mar\/observacao-de-cetaceos\/","og_site_name":"Atl\u00e2ntida Mar Hotel","article_publisher":"https:\/\/www.facebook.com\/AtlantidaMarHotel\/","article_modified_time":"2023-05-29T20:20:47+00:00","og_image":[{"width":2000,"height":1000,"url":"https:\/\/atlantidamarhotel.com\/wp-content\/uploads\/2017\/01\/recreation_leisure_topo_atlantida_mar_hotel2.jpg","type":"image\/jpeg"}],"twitter_card":"summary_large_image","twitter_misc":{"Tempo estimado de leitura":"1 minuto"},"schema":{"@context":"https:\/\/schema.org","@graph":[{"@type":"WebPage","@id":"https:\/\/atlantidamarhotel.com\/pt-pt\/diversao-lazer\/experiencias-no-mar\/observacao-de-cetaceos\/","url":"https:\/\/atlantidamarhotel.com\/pt-pt\/diversao-lazer\/experiencias-no-mar\/observacao-de-cetaceos\/","name":"Observa\u00e7\u00e3o de Cet\u00e1ceos - Atl\u00e2ntida Mar Hotel","isPartOf":{"@id":"https:\/\/atlantidamarhotel.com\/pt-pt\/#website"},"datePublished":"2017-01-24T00:33:14+00:00","dateModified":"2023-05-29T20:20:47+00:00","description":"Descubra os A\u00e7ores, um santu\u00e1rio para mais de 20 esp\u00e9cies de cet\u00e1ceos. Experimente encontros m\u00e1gicos com baleias majestosas e golfinhos brincalh\u00f5es no Atl\u00e2ntico.","breadcrumb":{"@id":"https:\/\/atlantidamarhotel.com\/pt-pt\/diversao-lazer\/experiencias-no-mar\/observacao-de-cetaceos\/#breadcrumb"},"inLanguage":"pt-PT","potentialAction":[{"@type":"ReadAction","target":["https:\/\/atlantidamarhotel.com\/pt-pt\/diversao-lazer\/experiencias-no-mar\/observacao-de-cetaceos\/"]}]},{"@type":"BreadcrumbList","@id":"https:\/\/atlantidamarhotel.com\/pt-pt\/diversao-lazer\/experiencias-no-mar\/observacao-de-cetaceos\/#breadcrumb","itemListElement":[{"@type":"ListItem","position":1,"name":"Home","item":"https:\/\/atlantidamarhotel.com\/pt-pt\/"},{"@type":"ListItem","position":2,"name":"Divers\u00e3o &#038; Lazer","item":"https:\/\/atlantidamarhotel.com\/pt-pt\/diversao-lazer\/"},{"@type":"ListItem","position":3,"name":"Experi\u00eancias no Mar","item":"https:\/\/atlantidamarhotel.com\/pt-pt\/diversao-lazer\/experiencias-no-mar\/"},{"@type":"ListItem","position":4,"name":"Observa\u00e7\u00e3o de Cet\u00e1ceos"}]},{"@type":"WebSite","@id":"https:\/\/atlantidamarhotel.com\/pt-pt\/#website","url":"https:\/\/atlantidamarhotel.com\/pt-pt\/","name":"Atl\u00e2ntida Mar Hotel","description":"Aparthotel","publisher":{"@id":"https:\/\/atlantidamarhotel.com\/pt-pt\/#organization"},"potentialAction":[{"@type":"SearchAction","target":{"@type":"EntryPoint","urlTemplate":"https:\/\/atlantidamarhotel.com\/pt-pt\/?s={search_term_string}"},"query-input":"required name=search_term_string"}],"inLanguage":"pt-PT"},{"@type":"Organization","@id":"https:\/\/atlantidamarhotel.com\/pt-pt\/#organization","name":"Atl\u00e2ntida Mar Hotel","url":"https:\/\/atlantidamarhotel.com\/pt-pt\/","logo":{"@type":"ImageObject","inLanguage":"pt-PT","@id":"https:\/\/atlantidamarhotel.com\/pt-pt\/#\/schema\/logo\/image\/","url":"https:\/\/atlantidamarhotel.com\/wp-content\/uploads\/2016\/12\/logo-Atlantida-mar-hotel-2.png","contentUrl":"https:\/\/atlantidamarhotel.com\/wp-content\/uploads\/2016\/12\/logo-Atlantida-mar-hotel-2.png","width":1600,"height":445,"caption":"Atl\u00e2ntida Mar Hotel"},"image":{"@id":"https:\/\/atlantidamarhotel.com\/pt-pt\/#\/schema\/logo\/image\/"},"sameAs":["https:\/\/www.facebook.com\/AtlantidaMarHotel\/"]}]}},"_links":{"self":[{"href":"https:\/\/atlantidamarhotel.com\/pt-pt\/wp-json\/wp\/v2\/pages\/1590"}],"collection":[{"href":"https:\/\/atlantidamarhotel.com\/pt-pt\/wp-json\/wp\/v2\/pages"}],"about":[{"href":"https:\/\/atlantidamarhotel.com\/pt-pt\/wp-json\/wp\/v2\/types\/page"}],"author":[{"embeddable":true,"href":"https:\/\/atlantidamarhotel.com\/pt-pt\/wp-json\/wp\/v2\/users\/1"}],"replies":[{"embeddable":true,"href":"https:\/\/atlantidamarhotel.com\/pt-pt\/wp-json\/wp\/v2\/comments?post=1590"}],"version-history":[{"count":3,"href":"https:\/\/atlantidamarhotel.com\/pt-pt\/wp-json\/wp\/v2\/pages\/1590\/revisions"}],"predecessor-version":[{"id":5989,"href":"https:\/\/atlantidamarhotel.com\/pt-pt\/wp-json\/wp\/v2\/pages\/1590\/revisions\/5989"}],"up":[{"embeddable":true,"href":"https:\/\/atlantidamarhotel.com\/pt-pt\/wp-json\/wp\/v2\/pages\/1594"}],"wp:featuredmedia":[{"embeddable":true,"href":"https:\/\/atlantidamarhotel.com\/pt-pt\/wp-json\/wp\/v2\/media\/4632"}],"wp:attachment":[{"href":"https:\/\/atlantidamarhotel.com\/pt-pt\/wp-json\/wp\/v2\/media?parent=1590"}],"curies":[{"name":"wp","href":"https:\/\/api.w.org\/{rel}","templated":true}]}}