{"id":1592,"date":"2017-01-22T19:14:04","date_gmt":"2017-01-22T19:14:04","guid":{"rendered":"http:\/\/www.atlantidamarhotel.pt\/adventure-in-the-island\/"},"modified":"2023-05-27T16:27:03","modified_gmt":"2023-05-27T17:27:03","slug":"aventuras-na-ilha","status":"publish","type":"page","link":"https:\/\/atlantidamarhotel.com\/pt-pt\/diversao-lazer\/aventuras-na-ilha\/","title":{"rendered":"Aventuras na Ilha"},"content":{"rendered":"<section class=\"wpb-content-wrapper\"><section class=\"l-section wpb_row height_custom\"><div class=\"l-section-h i-cf\"><div class=\"g-cols vc_row via_flex valign_top type_default stacking_default\"><div class=\"vc_col-sm-12 wpb_column vc_column_container\"><div class=\"vc_column-inner\"><div class=\"wpb_wrapper\"><div class=\"wpb_text_column\"><div class=\"wpb_wrapper\"><div class=\"row \">\n<div class=\"col-md-12 text-left small-screen-left\">\n<div class=\"col-text-1 text-normal element-top-20 element-bottom-20\" data-os-animation=\"none\" data-os-animation-delay=\"0s\">\n<ul>\n<li><strong>Tourada \u00e0 corda<\/strong> \u2013 \u00e9 um tipo \u00fanico de tourada onde o touro \u00e9 controlado por uma corda enquanto corre nas ruas (de 1 de Maio a 15 de Outubro).<\/li>\n<li><strong>Outras festas tradicionais<\/strong> \u2013 na maioria dos meses, em todas as localidades da ilha.<\/li>\n<li><strong>Golfe<\/strong> \u2013 Rodeado por uma beleza natural rara, o campo de golfe com 18 buracos oferece as necess\u00e1rias infraestruturas para a pr\u00e1tica deste desporto.<\/li>\n<li><strong>Caminhadas<\/strong> \u2013 os bonitos trilhos da ilha s\u00e3o um convite para agrad\u00e1veis passeios por entre a natureza.<\/li>\n<li><strong>Observa\u00e7\u00e3o de aves<\/strong> \u2013 Devido \u00e0 sua posi\u00e7\u00e3o central no Oceano Atl\u00e2ntico, \u00e9 poss\u00edvel observar v\u00e1rias esp\u00e9cies migrat\u00f3rias.<\/li>\n<li><strong>Circuitos Tur\u00edsticos<\/strong> \u2013 Explore os segredos da ilha em passeios organizados de meio-dia ou dia inteiro.<\/li>\n<li><strong>Passeios de Jeep<\/strong> \u2013 oferecem agrad\u00e1veis momentos de lazer, combinando estradas costeiras com estradas de terra por entre pastos, montanhas e florestas no interior da ilha.<\/li>\n<li><strong>Passeios de Bicicleta<\/strong> \u2013 Explore as belas paisagens \u00e0 beira-mar ou as verdes pastagens do interior da ilha, utilizando uma bicicleta.<\/li>\n<li><strong>Atividades Equestres<\/strong> \u2013 Experimente um passeio a cavalo com guia.<\/li>\n<li><strong>Trilhos de Aventura, Espeleologia, Escalada, Rapel, \u201cCanyoning\u201d, \u201cCascading\u201d, \u201cCoasteering\u201d e \u201cPaintball\u201d<\/strong> \u2013 Teste os seus limites e sinta adrenalina pura experimentando estas atividades radicais.<\/li>\n<li><strong>Outras atividades dispon\u00edveis<\/strong> \u2013 Passeios em Bal\u00e3o de Ar Quente.<\/li>\n<\/ul>\n<\/div>\n<\/div>\n<\/div>\n<\/div><\/div><\/div><\/div><\/div><\/div><\/div><\/section><section class=\"l-section wpb_row height_auto\"><div class=\"l-section-h i-cf\"><div class=\"g-cols vc_row via_flex valign_top type_default stacking_default\"><div class=\"vc_col-sm-12 wpb_column vc_column_container\"><div class=\"vc_column-inner\"><div class=\"wpb_wrapper\"><div class=\"w-grid type_carousel layout_gallery_default cols_3\" id=\"us_grid_1\"><style>#us_grid_1 .w-grid-item{padding:0.5rem}#us_grid_1 .w-grid-list{margin:-0.5rem}.w-grid + #us_grid_1 .w-grid-list,.w-grid-none + #us_grid_1 .w-grid-list{margin-top:0.5rem}.layout_gallery_default .w-grid-item-h{}<\/style><div class=\"w-grid-list owl-carousel navstyle_circle navpos_outside first_at_center with_dots\" style=\"--arrows-size:1rem;--arrows-offset:5px;\">\t<article class=\"w-grid-item post-4662 attachment type-attachment status-inherit hentry\" data-id=\"4662\">\r\n\t\t<div class=\"w-grid-item-h\">\r\n\t\t\t\t\t\t\t<a class=\"w-grid-item-anchor\" href=\"https:\/\/atlantidamarhotel.com\/wp-content\/uploads\/2017\/01\/adventures_island_atlantida_mar_hotel6.jpg\" ref=\"magnificPopupGrid\" title=\"adventures_island_atlantida_mar_hotel6\"><\/a>\r\n\t\t\t\t\t\t<div class=\"w-post-elm post_image usg_post_image_1 stretched\"><img width=\"2000\" height=\"1000\" src=\"https:\/\/atlantidamarhotel.com\/wp-content\/uploads\/2017\/01\/adventures_island_atlantida_mar_hotel6.jpg\" class=\"attachment-us_600_600_crop size-us_600_600_crop\" alt=\"\" decoding=\"async\" loading=\"lazy\" srcset=\"https:\/\/atlantidamarhotel.com\/wp-content\/uploads\/2017\/01\/adventures_island_atlantida_mar_hotel6.jpg 2000w, https:\/\/atlantidamarhotel.com\/wp-content\/uploads\/2017\/01\/adventures_island_atlantida_mar_hotel6-300x150.jpg 300w, https:\/\/atlantidamarhotel.com\/wp-content\/uploads\/2017\/01\/adventures_island_atlantida_mar_hotel6-768x384.jpg 768w, https:\/\/atlantidamarhotel.com\/wp-content\/uploads\/2017\/01\/adventures_island_atlantida_mar_hotel6-1024x512.jpg 1024w\" sizes=\"(max-width: 2000px) 100vw, 2000px\" \/><\/div>\t\t<\/div>\r\n\t<\/article>\r\n\t<article class=\"w-grid-item post-4660 attachment type-attachment status-inherit hentry\" data-id=\"4660\">\r\n\t\t<div class=\"w-grid-item-h\">\r\n\t\t\t\t\t\t\t<a class=\"w-grid-item-anchor\" href=\"https:\/\/atlantidamarhotel.com\/wp-content\/uploads\/2017\/01\/adventures_island_atlantida_mar_hotel5.jpg\" ref=\"magnificPopupGrid\" title=\"adventures_island_atlantida_mar_hotel5\"><\/a>\r\n\t\t\t\t\t\t<div class=\"w-post-elm post_image usg_post_image_1 stretched\"><img width=\"2000\" height=\"1000\" src=\"https:\/\/atlantidamarhotel.com\/wp-content\/uploads\/2017\/01\/adventures_island_atlantida_mar_hotel5.jpg\" class=\"attachment-us_600_600_crop size-us_600_600_crop\" alt=\"\" decoding=\"async\" loading=\"lazy\" srcset=\"https:\/\/atlantidamarhotel.com\/wp-content\/uploads\/2017\/01\/adventures_island_atlantida_mar_hotel5.jpg 2000w, https:\/\/atlantidamarhotel.com\/wp-content\/uploads\/2017\/01\/adventures_island_atlantida_mar_hotel5-300x150.jpg 300w, https:\/\/atlantidamarhotel.com\/wp-content\/uploads\/2017\/01\/adventures_island_atlantida_mar_hotel5-768x384.jpg 768w, https:\/\/atlantidamarhotel.com\/wp-content\/uploads\/2017\/01\/adventures_island_atlantida_mar_hotel5-1024x512.jpg 1024w\" sizes=\"(max-width: 2000px) 100vw, 2000px\" \/><\/div>\t\t<\/div>\r\n\t<\/article>\r\n\t<article class=\"w-grid-item post-4658 attachment type-attachment status-inherit hentry\" data-id=\"4658\">\r\n\t\t<div class=\"w-grid-item-h\">\r\n\t\t\t\t\t\t\t<a class=\"w-grid-item-anchor\" href=\"https:\/\/atlantidamarhotel.com\/wp-content\/uploads\/2017\/01\/adventures_island_atlantida_mar_hotel4.jpg\" ref=\"magnificPopupGrid\" title=\"adventures_island_atlantida_mar_hotel4\"><\/a>\r\n\t\t\t\t\t\t<div class=\"w-post-elm post_image usg_post_image_1 stretched\"><img width=\"2000\" height=\"1000\" src=\"https:\/\/atlantidamarhotel.com\/wp-content\/uploads\/2017\/01\/adventures_island_atlantida_mar_hotel4.jpg\" class=\"attachment-us_600_600_crop size-us_600_600_crop\" alt=\"\" decoding=\"async\" loading=\"lazy\" srcset=\"https:\/\/atlantidamarhotel.com\/wp-content\/uploads\/2017\/01\/adventures_island_atlantida_mar_hotel4.jpg 2000w, https:\/\/atlantidamarhotel.com\/wp-content\/uploads\/2017\/01\/adventures_island_atlantida_mar_hotel4-300x150.jpg 300w, https:\/\/atlantidamarhotel.com\/wp-content\/uploads\/2017\/01\/adventures_island_atlantida_mar_hotel4-768x384.jpg 768w, https:\/\/atlantidamarhotel.com\/wp-content\/uploads\/2017\/01\/adventures_island_atlantida_mar_hotel4-1024x512.jpg 1024w\" sizes=\"(max-width: 2000px) 100vw, 2000px\" \/><\/div>\t\t<\/div>\r\n\t<\/article>\r\n\t<article class=\"w-grid-item post-4656 attachment type-attachment status-inherit hentry\" data-id=\"4656\">\r\n\t\t<div class=\"w-grid-item-h\">\r\n\t\t\t\t\t\t\t<a class=\"w-grid-item-anchor\" href=\"https:\/\/atlantidamarhotel.com\/wp-content\/uploads\/2017\/01\/adventures_island_atlantida_mar_hotel3.jpg\" ref=\"magnificPopupGrid\" title=\"adventures_island_atlantida_mar_hotel3\"><\/a>\r\n\t\t\t\t\t\t<div class=\"w-post-elm post_image usg_post_image_1 stretched\"><img width=\"2000\" height=\"1000\" src=\"https:\/\/atlantidamarhotel.com\/wp-content\/uploads\/2017\/01\/adventures_island_atlantida_mar_hotel3.jpg\" class=\"attachment-us_600_600_crop size-us_600_600_crop\" alt=\"\" decoding=\"async\" loading=\"lazy\" srcset=\"https:\/\/atlantidamarhotel.com\/wp-content\/uploads\/2017\/01\/adventures_island_atlantida_mar_hotel3.jpg 2000w, https:\/\/atlantidamarhotel.com\/wp-content\/uploads\/2017\/01\/adventures_island_atlantida_mar_hotel3-300x150.jpg 300w, https:\/\/atlantidamarhotel.com\/wp-content\/uploads\/2017\/01\/adventures_island_atlantida_mar_hotel3-768x384.jpg 768w, https:\/\/atlantidamarhotel.com\/wp-content\/uploads\/2017\/01\/adventures_island_atlantida_mar_hotel3-1024x512.jpg 1024w\" sizes=\"(max-width: 2000px) 100vw, 2000px\" \/><\/div>\t\t<\/div>\r\n\t<\/article>\r\n\t<article class=\"w-grid-item post-4654 attachment type-attachment status-inherit hentry\" data-id=\"4654\">\r\n\t\t<div class=\"w-grid-item-h\">\r\n\t\t\t\t\t\t\t<a class=\"w-grid-item-anchor\" href=\"https:\/\/atlantidamarhotel.com\/wp-content\/uploads\/2017\/01\/adventures_island_atlantida_mar_hotel2.jpg\" ref=\"magnificPopupGrid\" title=\"adventures_island_atlantida_mar_hotel2\"><\/a>\r\n\t\t\t\t\t\t<div class=\"w-post-elm post_image usg_post_image_1 stretched\"><img width=\"2000\" height=\"1000\" src=\"https:\/\/atlantidamarhotel.com\/wp-content\/uploads\/2017\/01\/adventures_island_atlantida_mar_hotel2.jpg\" class=\"attachment-us_600_600_crop size-us_600_600_crop\" alt=\"\" decoding=\"async\" loading=\"lazy\" srcset=\"https:\/\/atlantidamarhotel.com\/wp-content\/uploads\/2017\/01\/adventures_island_atlantida_mar_hotel2.jpg 2000w, https:\/\/atlantidamarhotel.com\/wp-content\/uploads\/2017\/01\/adventures_island_atlantida_mar_hotel2-300x150.jpg 300w, https:\/\/atlantidamarhotel.com\/wp-content\/uploads\/2017\/01\/adventures_island_atlantida_mar_hotel2-768x384.jpg 768w, https:\/\/atlantidamarhotel.com\/wp-content\/uploads\/2017\/01\/adventures_island_atlantida_mar_hotel2-1024x512.jpg 1024w\" sizes=\"(max-width: 2000px) 100vw, 2000px\" \/><\/div>\t\t<\/div>\r\n\t<\/article>\r\n\t<article class=\"w-grid-item post-4652 attachment type-attachment status-inherit hentry\" data-id=\"4652\">\r\n\t\t<div class=\"w-grid-item-h\">\r\n\t\t\t\t\t\t\t<a class=\"w-grid-item-anchor\" href=\"https:\/\/atlantidamarhotel.com\/wp-content\/uploads\/2017\/01\/adventures_island_atlantida_mar_hotel.jpg\" ref=\"magnificPopupGrid\" title=\"adventures_island_atlantida_mar_hotel\"><\/a>\r\n\t\t\t\t\t\t<div class=\"w-post-elm post_image usg_post_image_1 stretched\"><img width=\"2000\" height=\"1000\" src=\"https:\/\/atlantidamarhotel.com\/wp-content\/uploads\/2017\/01\/adventures_island_atlantida_mar_hotel.jpg\" class=\"attachment-us_600_600_crop size-us_600_600_crop\" alt=\"\" decoding=\"async\" loading=\"lazy\" srcset=\"https:\/\/atlantidamarhotel.com\/wp-content\/uploads\/2017\/01\/adventures_island_atlantida_mar_hotel.jpg 2000w, https:\/\/atlantidamarhotel.com\/wp-content\/uploads\/2017\/01\/adventures_island_atlantida_mar_hotel-300x150.jpg 300w, https:\/\/atlantidamarhotel.com\/wp-content\/uploads\/2017\/01\/adventures_island_atlantida_mar_hotel-768x384.jpg 768w, https:\/\/atlantidamarhotel.com\/wp-content\/uploads\/2017\/01\/adventures_island_atlantida_mar_hotel-1024x512.jpg 1024w\" sizes=\"(max-width: 2000px) 100vw, 2000px\" \/><\/div>\t\t<\/div>\r\n\t<\/article>\r\n<\/div><div class=\"g-preloader type_1\">\r\n\t<div><\/div>\r\n<\/div>\r\n\t<div class=\"w-grid-json hidden\" onclick='return {&quot;action&quot;:&quot;us_ajax_grid&quot;,&quot;ajax_url&quot;:&quot;https:\\\/\\\/atlantidamarhotel.com\\\/wp-admin\\\/admin-ajax.php&quot;,&quot;infinite_scroll&quot;:0,&quot;max_num_pages&quot;:1,&quot;pagination&quot;:&quot;none&quot;,&quot;permalink_url&quot;:&quot;https:\\\/\\\/atlantidamarhotel.com\\\/pt-pt\\\/wp-json\\\/wp\\\/v2\\\/pages\\\/1592\\\/&quot;,&quot;template_vars&quot;:{&quot;columns&quot;:&quot;3&quot;,&quot;exclude_items&quot;:&quot;none&quot;,&quot;img_size&quot;:&quot;default&quot;,&quot;ignore_items_size&quot;:0,&quot;items_layout&quot;:&quot;gallery_default&quot;,&quot;items_offset&quot;:&quot;1&quot;,&quot;load_animation&quot;:&quot;none&quot;,&quot;overriding_link&quot;:&quot;popup_post_image&quot;,&quot;post_id&quot;:1592,&quot;query_args&quot;:{&quot;post_type&quot;:[&quot;attachment&quot;],&quot;post__in&quot;:[&quot;518&quot;,&quot;519&quot;,&quot;520&quot;,&quot;521&quot;,&quot;522&quot;,&quot;523&quot;],&quot;post_status&quot;:&quot;inherit&quot;,&quot;post_mime_type&quot;:&quot;image&quot;,&quot;posts_per_page&quot;:&quot;50&quot;},&quot;orderby_query_args&quot;:{&quot;orderby&quot;:{&quot;date&quot;:&quot;DESC&quot;}},&quot;type&quot;:&quot;carousel&quot;,&quot;us_grid_ajax_index&quot;:1,&quot;us_grid_filter_params&quot;:null,&quot;us_grid_index&quot;:1,&quot;_us_grid_post_type&quot;:&quot;attachment&quot;,&quot;lang&quot;:&quot;pt-pt&quot;},&quot;carousel_settings&quot;:{&quot;autoHeight&quot;:0,&quot;autoplay&quot;:1,&quot;carousel_fade&quot;:0,&quot;center&quot;:1,&quot;dots&quot;:1,&quot;items&quot;:&quot;3&quot;,&quot;loop&quot;:true,&quot;nav&quot;:1,&quot;slideby&quot;:&quot;1&quot;,&quot;smooth_play&quot;:0,&quot;speed&quot;:250,&quot;timeout&quot;:3000,&quot;transition&quot;:&quot;&quot;},&quot;carousel_breakpoints&quot;:{&quot;0&quot;:{&quot;autoHeight&quot;:0,&quot;autoplay&quot;:1,&quot;autoplayHoverPause&quot;:1,&quot;items&quot;:1,&quot;loop&quot;:true,&quot;stagePadding&quot;:0},&quot;600&quot;:{&quot;autoHeight&quot;:0,&quot;autoplay&quot;:1,&quot;autoplayHoverPause&quot;:1,&quot;items&quot;:2,&quot;loop&quot;:true,&quot;stagePadding&quot;:0},&quot;900&quot;:{&quot;autoHeight&quot;:0,&quot;autoplay&quot;:1,&quot;autoplayHoverPause&quot;:1,&quot;items&quot;:3,&quot;loop&quot;:true,&quot;stagePadding&quot;:0},&quot;1200&quot;:{&quot;items&quot;:3,&quot;stagePadding&quot;:0}}}'><\/div>\r\n\t<\/div><\/div><\/div><\/div><\/div><\/div><\/section><section class=\"l-section wpb_row height_custom\"><div class=\"l-section-h i-cf\"><div class=\"g-cols vc_row via_flex valign_top type_default stacking_default\"><div class=\"vc_col-sm-12 wpb_column vc_column_container\"><div class=\"vc_column-inner\"><div class=\"wpb_wrapper\"><div class=\"w-btn-wrapper align_center\"><a class=\"w-btn us-btn-style_1\" title=\"Divers\u00e3o &amp; Lazer\" href=\"\/pt-pt\/diversao-lazer\/\"><span class=\"w-btn-label\">Voltar Atr\u00e1s<\/span><\/a><\/div><\/div><\/div><\/div><\/div><\/div><\/section>\n<\/section>","protected":false},"excerpt":{"rendered":"","protected":false},"author":1,"featured_media":4658,"parent":1654,"menu_order":0,"comment_status":"closed","ping_status":"closed","template":"","meta":{"_monsterinsights_skip_tracking":false,"_monsterinsights_sitenote_active":false,"_monsterinsights_sitenote_note":"","_monsterinsights_sitenote_category":0},"acf":[],"yoast_head":"<!-- This site is optimized with the Yoast SEO plugin v20.12 - https:\/\/yoast.com\/wordpress\/plugins\/seo\/ -->\n<title>Aventuras na Ilha Terceira, A\u00e7ores<\/title>\n<meta name=\"description\" content=\"Mergulhe em aventuras \u00fanicas com atividades como touradas tradicionais, golfe, caminhadas, observa\u00e7\u00e3o de aves, passeios organizados e muito mais\" \/>\n<meta name=\"robots\" content=\"index, follow, max-snippet:-1, max-image-preview:large, max-video-preview:-1\" \/>\n<link rel=\"canonical\" href=\"https:\/\/atlantidamarhotel.com\/pt-pt\/diversao-lazer\/aventuras-na-ilha\/\" \/>\n<meta property=\"og:locale\" content=\"pt_PT\" \/>\n<meta property=\"og:type\" content=\"article\" \/>\n<meta property=\"og:title\" content=\"Aventuras na Ilha Terceira, A\u00e7ores\" \/>\n<meta property=\"og:description\" content=\"Mergulhe em aventuras \u00fanicas com atividades como touradas tradicionais, golfe, caminhadas, observa\u00e7\u00e3o de aves, passeios organizados e muito mais\" \/>\n<meta property=\"og:url\" content=\"https:\/\/atlantidamarhotel.com\/pt-pt\/diversao-lazer\/aventuras-na-ilha\/\" \/>\n<meta property=\"og:site_name\" content=\"Atl\u00e2ntida Mar Hotel\" \/>\n<meta property=\"article:publisher\" content=\"https:\/\/www.facebook.com\/AtlantidaMarHotel\/\" \/>\n<meta property=\"article:modified_time\" content=\"2023-05-27T17:27:03+00:00\" \/>\n<meta property=\"og:image\" content=\"https:\/\/atlantidamarhotel.com\/wp-content\/uploads\/2017\/01\/adventures_island_atlantida_mar_hotel4.jpg\" \/>\n\t<meta property=\"og:image:width\" content=\"2000\" \/>\n\t<meta property=\"og:image:height\" content=\"1000\" \/>\n\t<meta property=\"og:image:type\" content=\"image\/jpeg\" \/>\n<meta name=\"twitter:card\" content=\"summary_large_image\" \/>\n<meta name=\"twitter:label1\" content=\"Tempo estimado de leitura\" \/>\n\t<meta name=\"twitter:data1\" content=\"1 minuto\" \/>\n<script type=\"application\/ld+json\" class=\"yoast-schema-graph\">{\"@context\":\"https:\/\/schema.org\",\"@graph\":[{\"@type\":\"WebPage\",\"@id\":\"https:\/\/atlantidamarhotel.com\/pt-pt\/diversao-lazer\/aventuras-na-ilha\/\",\"url\":\"https:\/\/atlantidamarhotel.com\/pt-pt\/diversao-lazer\/aventuras-na-ilha\/\",\"name\":\"Aventuras na Ilha Terceira, A\u00e7ores\",\"isPartOf\":{\"@id\":\"https:\/\/atlantidamarhotel.com\/pt-pt\/#website\"},\"datePublished\":\"2017-01-22T19:14:04+00:00\",\"dateModified\":\"2023-05-27T17:27:03+00:00\",\"description\":\"Mergulhe em aventuras \u00fanicas com atividades como touradas tradicionais, golfe, caminhadas, observa\u00e7\u00e3o de aves, passeios organizados e muito mais\",\"breadcrumb\":{\"@id\":\"https:\/\/atlantidamarhotel.com\/pt-pt\/diversao-lazer\/aventuras-na-ilha\/#breadcrumb\"},\"inLanguage\":\"pt-PT\",\"potentialAction\":[{\"@type\":\"ReadAction\",\"target\":[\"https:\/\/atlantidamarhotel.com\/pt-pt\/diversao-lazer\/aventuras-na-ilha\/\"]}]},{\"@type\":\"BreadcrumbList\",\"@id\":\"https:\/\/atlantidamarhotel.com\/pt-pt\/diversao-lazer\/aventuras-na-ilha\/#breadcrumb\",\"itemListElement\":[{\"@type\":\"ListItem\",\"position\":1,\"name\":\"Home\",\"item\":\"https:\/\/atlantidamarhotel.com\/pt-pt\/\"},{\"@type\":\"ListItem\",\"position\":2,\"name\":\"Divers\u00e3o &#038; Lazer\",\"item\":\"https:\/\/atlantidamarhotel.com\/pt-pt\/diversao-lazer\/\"},{\"@type\":\"ListItem\",\"position\":3,\"name\":\"Aventuras na Ilha\"}]},{\"@type\":\"WebSite\",\"@id\":\"https:\/\/atlantidamarhotel.com\/pt-pt\/#website\",\"url\":\"https:\/\/atlantidamarhotel.com\/pt-pt\/\",\"name\":\"Atl\u00e2ntida Mar Hotel\",\"description\":\"Aparthotel\",\"publisher\":{\"@id\":\"https:\/\/atlantidamarhotel.com\/pt-pt\/#organization\"},\"potentialAction\":[{\"@type\":\"SearchAction\",\"target\":{\"@type\":\"EntryPoint\",\"urlTemplate\":\"https:\/\/atlantidamarhotel.com\/pt-pt\/?s={search_term_string}\"},\"query-input\":\"required name=search_term_string\"}],\"inLanguage\":\"pt-PT\"},{\"@type\":\"Organization\",\"@id\":\"https:\/\/atlantidamarhotel.com\/pt-pt\/#organization\",\"name\":\"Atl\u00e2ntida Mar Hotel\",\"url\":\"https:\/\/atlantidamarhotel.com\/pt-pt\/\",\"logo\":{\"@type\":\"ImageObject\",\"inLanguage\":\"pt-PT\",\"@id\":\"https:\/\/atlantidamarhotel.com\/pt-pt\/#\/schema\/logo\/image\/\",\"url\":\"https:\/\/atlantidamarhotel.com\/wp-content\/uploads\/2016\/12\/logo-Atlantida-mar-hotel-2.png\",\"contentUrl\":\"https:\/\/atlantidamarhotel.com\/wp-content\/uploads\/2016\/12\/logo-Atlantida-mar-hotel-2.png\",\"width\":1600,\"height\":445,\"caption\":\"Atl\u00e2ntida Mar Hotel\"},\"image\":{\"@id\":\"https:\/\/atlantidamarhotel.com\/pt-pt\/#\/schema\/logo\/image\/\"},\"sameAs\":[\"https:\/\/www.facebook.com\/AtlantidaMarHotel\/\"]}]}<\/script>\n<!-- \/ Yoast SEO plugin. -->","yoast_head_json":{"title":"Aventuras na Ilha Terceira, A\u00e7ores","description":"Mergulhe em aventuras \u00fanicas com atividades como touradas tradicionais, golfe, caminhadas, observa\u00e7\u00e3o de aves, passeios organizados e muito mais","robots":{"index":"index","follow":"follow","max-snippet":"max-snippet:-1","max-image-preview":"max-image-preview:large","max-video-preview":"max-video-preview:-1"},"canonical":"https:\/\/atlantidamarhotel.com\/pt-pt\/diversao-lazer\/aventuras-na-ilha\/","og_locale":"pt_PT","og_type":"article","og_title":"Aventuras na Ilha Terceira, A\u00e7ores","og_description":"Mergulhe em aventuras \u00fanicas com atividades como touradas tradicionais, golfe, caminhadas, observa\u00e7\u00e3o de aves, passeios organizados e muito mais","og_url":"https:\/\/atlantidamarhotel.com\/pt-pt\/diversao-lazer\/aventuras-na-ilha\/","og_site_name":"Atl\u00e2ntida Mar Hotel","article_publisher":"https:\/\/www.facebook.com\/AtlantidaMarHotel\/","article_modified_time":"2023-05-27T17:27:03+00:00","og_image":[{"width":2000,"height":1000,"url":"https:\/\/atlantidamarhotel.com\/wp-content\/uploads\/2017\/01\/adventures_island_atlantida_mar_hotel4.jpg","type":"image\/jpeg"}],"twitter_card":"summary_large_image","twitter_misc":{"Tempo estimado de leitura":"1 minuto"},"schema":{"@context":"https:\/\/schema.org","@graph":[{"@type":"WebPage","@id":"https:\/\/atlantidamarhotel.com\/pt-pt\/diversao-lazer\/aventuras-na-ilha\/","url":"https:\/\/atlantidamarhotel.com\/pt-pt\/diversao-lazer\/aventuras-na-ilha\/","name":"Aventuras na Ilha Terceira, A\u00e7ores","isPartOf":{"@id":"https:\/\/atlantidamarhotel.com\/pt-pt\/#website"},"datePublished":"2017-01-22T19:14:04+00:00","dateModified":"2023-05-27T17:27:03+00:00","description":"Mergulhe em aventuras \u00fanicas com atividades como touradas tradicionais, golfe, caminhadas, observa\u00e7\u00e3o de aves, passeios organizados e muito mais","breadcrumb":{"@id":"https:\/\/atlantidamarhotel.com\/pt-pt\/diversao-lazer\/aventuras-na-ilha\/#breadcrumb"},"inLanguage":"pt-PT","potentialAction":[{"@type":"ReadAction","target":["https:\/\/atlantidamarhotel.com\/pt-pt\/diversao-lazer\/aventuras-na-ilha\/"]}]},{"@type":"BreadcrumbList","@id":"https:\/\/atlantidamarhotel.com\/pt-pt\/diversao-lazer\/aventuras-na-ilha\/#breadcrumb","itemListElement":[{"@type":"ListItem","position":1,"name":"Home","item":"https:\/\/atlantidamarhotel.com\/pt-pt\/"},{"@type":"ListItem","position":2,"name":"Divers\u00e3o &#038; Lazer","item":"https:\/\/atlantidamarhotel.com\/pt-pt\/diversao-lazer\/"},{"@type":"ListItem","position":3,"name":"Aventuras na Ilha"}]},{"@type":"WebSite","@id":"https:\/\/atlantidamarhotel.com\/pt-pt\/#website","url":"https:\/\/atlantidamarhotel.com\/pt-pt\/","name":"Atl\u00e2ntida Mar Hotel","description":"Aparthotel","publisher":{"@id":"https:\/\/atlantidamarhotel.com\/pt-pt\/#organization"},"potentialAction":[{"@type":"SearchAction","target":{"@type":"EntryPoint","urlTemplate":"https:\/\/atlantidamarhotel.com\/pt-pt\/?s={search_term_string}"},"query-input":"required name=search_term_string"}],"inLanguage":"pt-PT"},{"@type":"Organization","@id":"https:\/\/atlantidamarhotel.com\/pt-pt\/#organization","name":"Atl\u00e2ntida Mar Hotel","url":"https:\/\/atlantidamarhotel.com\/pt-pt\/","logo":{"@type":"ImageObject","inLanguage":"pt-PT","@id":"https:\/\/atlantidamarhotel.com\/pt-pt\/#\/schema\/logo\/image\/","url":"https:\/\/atlantidamarhotel.com\/wp-content\/uploads\/2016\/12\/logo-Atlantida-mar-hotel-2.png","contentUrl":"https:\/\/atlantidamarhotel.com\/wp-content\/uploads\/2016\/12\/logo-Atlantida-mar-hotel-2.png","width":1600,"height":445,"caption":"Atl\u00e2ntida Mar Hotel"},"image":{"@id":"https:\/\/atlantidamarhotel.com\/pt-pt\/#\/schema\/logo\/image\/"},"sameAs":["https:\/\/www.facebook.com\/AtlantidaMarHotel\/"]}]}},"_links":{"self":[{"href":"https:\/\/atlantidamarhotel.com\/pt-pt\/wp-json\/wp\/v2\/pages\/1592"}],"collection":[{"href":"https:\/\/atlantidamarhotel.com\/pt-pt\/wp-json\/wp\/v2\/pages"}],"about":[{"href":"https:\/\/atlantidamarhotel.com\/pt-pt\/wp-json\/wp\/v2\/types\/page"}],"author":[{"embeddable":true,"href":"https:\/\/atlantidamarhotel.com\/pt-pt\/wp-json\/wp\/v2\/users\/1"}],"replies":[{"embeddable":true,"href":"https:\/\/atlantidamarhotel.com\/pt-pt\/wp-json\/wp\/v2\/comments?post=1592"}],"version-history":[{"count":7,"href":"https:\/\/atlantidamarhotel.com\/pt-pt\/wp-json\/wp\/v2\/pages\/1592\/revisions"}],"predecessor-version":[{"id":5875,"href":"https:\/\/atlantidamarhotel.com\/pt-pt\/wp-json\/wp\/v2\/pages\/1592\/revisions\/5875"}],"up":[{"embeddable":true,"href":"https:\/\/atlantidamarhotel.com\/pt-pt\/wp-json\/wp\/v2\/pages\/1654"}],"wp:featuredmedia":[{"embeddable":true,"href":"https:\/\/atlantidamarhotel.com\/pt-pt\/wp-json\/wp\/v2\/media\/4658"}],"wp:attachment":[{"href":"https:\/\/atlantidamarhotel.com\/pt-pt\/wp-json\/wp\/v2\/media?parent=1592"}],"curies":[{"name":"wp","href":"https:\/\/api.w.org\/{rel}","templated":true}]}}