{"id":1594,"date":"2017-01-22T19:07:50","date_gmt":"2017-01-22T20:07:50","guid":{"rendered":"http:\/\/www.atlantidamarhotel.pt\/experiences-at-sea\/"},"modified":"2023-06-28T08:56:38","modified_gmt":"2023-06-28T09:56:38","slug":"experiencias-no-mar","status":"publish","type":"page","link":"https:\/\/atlantidamarhotel.com\/pt-pt\/diversao-lazer\/experiencias-no-mar\/","title":{"rendered":"Experi\u00eancias no Mar"},"content":{"rendered":"<section class=\"wpb-content-wrapper\"><section class=\"l-section wpb_row height_custom\"><div class=\"l-section-h i-cf\"><div class=\"g-cols vc_row via_flex valign_top type_default stacking_default\"><div class=\"vc_col-sm-12 wpb_column vc_column_container\"><div class=\"vc_column-inner\"><div class=\"wpb_wrapper\"><div class=\"wpb_text_column\"><div class=\"wpb_wrapper\"><p>Uma das principais atra\u00e7\u00f5es tur\u00edsticas da ilha s\u00e3o as atividades mar\u00edtimas.<\/p>\n<p>Para os amantes do mar, o Atlantida Mar Hotel proporciona diferentes experi\u00eancias no para\u00edso aqu\u00e1tico intocado ao redor da ilha para uma lembran\u00e7a memor\u00e1vel.<\/p>\n<p>Experimente incr\u00edveis aventuras de mergulho enquanto explora a costa intocada da ilha com grupos de golfinhos selvagens em seu habitat natural\u2026 ou experimente o mundo subaqu\u00e1tico apenas colocando uma m\u00e1scara que abrir\u00e1 para voc\u00ea uma janela para um mundo maravilhoso escondido\u2026<\/p>\n<\/div><\/div><\/div><\/div><\/div><\/div><\/div><\/section><section class=\"l-section wpb_row height_custom\"><div class=\"l-section-h i-cf\"><div class=\"g-cols vc_row via_flex valign_top type_default stacking_default\"><div class=\"vc_col-sm-4 wpb_column vc_column_container\"><div class=\"vc_column-inner\"><div class=\"wpb_wrapper\"><div class=\"w-image has_ratio align_center\"><div class=\"w-image-h\"><div style=\"padding-bottom:75%\"><\/div><img width=\"1024\" height=\"768\" src=\"https:\/\/atlantidamarhotel.com\/wp-content\/uploads\/2017\/01\/experiences_sea_atlantida_mar_hotel_gallery10-1024x768.jpg\" class=\"attachment-large size-large\" alt=\"\" decoding=\"async\" loading=\"lazy\" srcset=\"https:\/\/atlantidamarhotel.com\/wp-content\/uploads\/2017\/01\/experiences_sea_atlantida_mar_hotel_gallery10.jpg 1024w, https:\/\/atlantidamarhotel.com\/wp-content\/uploads\/2017\/01\/experiences_sea_atlantida_mar_hotel_gallery10-300x225.jpg 300w, https:\/\/atlantidamarhotel.com\/wp-content\/uploads\/2017\/01\/experiences_sea_atlantida_mar_hotel_gallery10-768x576.jpg 768w, https:\/\/atlantidamarhotel.com\/wp-content\/uploads\/2017\/01\/experiences_sea_atlantida_mar_hotel_gallery10-800x600.jpg 800w\" sizes=\"(max-width: 1024px) 100vw, 1024px\" \/><\/div><\/div><div class=\"w-separator size_small with_line width_default thick_1 style_solid color_border align_center\"><div class=\"w-separator-h\"><\/div><\/div><div class=\"wpb_text_column\"><div class=\"wpb_wrapper\"><h4 style=\"text-align: center;\">Observa\u00e7\u00e3o de Cet\u00e1ceos<\/h4>\n<p style=\"text-align: center;\">Os A\u00e7ores s\u00e3o atualmente um dos maiores santu\u00e1rios de baleias do mundo&#8230;<\/p>\n<\/div><\/div><div class=\"w-separator size_small\"><\/div><div class=\"w-btn-wrapper align_center\"><a class=\"w-btn us-btn-style_1\" title=\"Observa\u00e7\u00e3o de baleias e golfinhos\" href=\"https:\/\/atlantidamarhotel.com\/pt-pt\/diversao-lazer\/experiencias-no-mar\/observacao-de-cetaceos\/\"><span class=\"w-btn-label\">ver mais<\/span><\/a><\/div><\/div><\/div><\/div><div class=\"vc_col-sm-4 wpb_column vc_column_container\"><div class=\"vc_column-inner\"><div class=\"wpb_wrapper\"><div class=\"w-image has_ratio align_center\"><div class=\"w-image-h\"><div style=\"padding-bottom:75%\"><\/div><img width=\"1024\" height=\"681\" src=\"https:\/\/atlantidamarhotel.com\/wp-content\/uploads\/2017\/01\/swimming_with_dolphins_atlantida_mar_hotel_list-1024x681.jpg\" class=\"attachment-large size-large\" alt=\"\" decoding=\"async\" loading=\"lazy\" srcset=\"https:\/\/atlantidamarhotel.com\/wp-content\/uploads\/2017\/01\/swimming_with_dolphins_atlantida_mar_hotel_list-1024x681.jpg 1024w, https:\/\/atlantidamarhotel.com\/wp-content\/uploads\/2017\/01\/swimming_with_dolphins_atlantida_mar_hotel_list-300x200.jpg 300w, https:\/\/atlantidamarhotel.com\/wp-content\/uploads\/2017\/01\/swimming_with_dolphins_atlantida_mar_hotel_list-768x511.jpg 768w, https:\/\/atlantidamarhotel.com\/wp-content\/uploads\/2017\/01\/swimming_with_dolphins_atlantida_mar_hotel_list-600x400.jpg 600w, https:\/\/atlantidamarhotel.com\/wp-content\/uploads\/2017\/01\/swimming_with_dolphins_atlantida_mar_hotel_list.jpg 1500w\" sizes=\"(max-width: 1024px) 100vw, 1024px\" \/><\/div><\/div><div class=\"w-separator size_small with_line width_default thick_1 style_solid color_border align_center\"><div class=\"w-separator-h\"><\/div><\/div><div class=\"wpb_text_column\"><div class=\"wpb_wrapper\"><h4 style=\"text-align: center;\">Nadar com golfinhos<\/h4>\n<p style=\"text-align: center;\">Estar na \u00e1gua em contacto com os golfinhos no seu ambiente natural, \u00e9 uma experi\u00eancia \u00fanica e absolutamente inesquec\u00edvel&#8230;<\/p>\n<\/div><\/div><div class=\"w-separator size_small\"><\/div><div class=\"w-btn-wrapper align_center\"><a class=\"w-btn us-btn-style_1\" title=\"Nadar com golfinhos\" href=\"https:\/\/atlantidamarhotel.com\/pt-pt\/diversao-lazer\/experiencias-no-mar\/nadar-com-golfinhos\/\"><span class=\"w-btn-label\">ver mais<\/span><\/a><\/div><\/div><\/div><\/div><div class=\"vc_col-sm-4 wpb_column vc_column_container\"><div class=\"vc_column-inner\"><div class=\"wpb_wrapper\"><div class=\"w-image has_ratio align_center\"><div class=\"w-image-h\"><div style=\"padding-bottom:75%\"><\/div><img width=\"1024\" height=\"681\" src=\"https:\/\/atlantidamarhotel.com\/wp-content\/uploads\/2017\/01\/diving_trips_atlantida_mar_hotel_list-1024x681.jpg\" class=\"attachment-large size-large\" alt=\"\" decoding=\"async\" loading=\"lazy\" srcset=\"https:\/\/atlantidamarhotel.com\/wp-content\/uploads\/2017\/01\/diving_trips_atlantida_mar_hotel_list-1024x681.jpg 1024w, https:\/\/atlantidamarhotel.com\/wp-content\/uploads\/2017\/01\/diving_trips_atlantida_mar_hotel_list-300x200.jpg 300w, https:\/\/atlantidamarhotel.com\/wp-content\/uploads\/2017\/01\/diving_trips_atlantida_mar_hotel_list-768x511.jpg 768w, https:\/\/atlantidamarhotel.com\/wp-content\/uploads\/2017\/01\/diving_trips_atlantida_mar_hotel_list-600x400.jpg 600w, https:\/\/atlantidamarhotel.com\/wp-content\/uploads\/2017\/01\/diving_trips_atlantida_mar_hotel_list.jpg 1500w\" sizes=\"(max-width: 1024px) 100vw, 1024px\" \/><\/div><\/div><div class=\"w-separator size_small with_line width_default thick_1 style_solid color_border align_center\"><div class=\"w-separator-h\"><\/div><\/div><div class=\"wpb_text_column\"><div class=\"wpb_wrapper\"><h4 style=\"text-align: center;\">Sa\u00eddas de mergulho<\/h4>\n<p style=\"text-align: center;\">Tanto a temperatura adequada da \u00e1gua do mar variando entre 17 e 23 graus Celsius, quanto em sua transpar\u00eancia e visibilidade&#8230;<\/p>\n<\/div><\/div><div class=\"w-separator size_small\"><\/div><div class=\"w-btn-wrapper align_center\"><a class=\"w-btn us-btn-style_1\" title=\"Viagens de mergulho\" href=\"https:\/\/atlantidamarhotel.com\/pt-pt\/diversao-lazer\/experiencias-no-mar\/saidas-de-mergulho\/\"><span class=\"w-btn-label\">ver mais<\/span><\/a><\/div><\/div><\/div><\/div><\/div><\/div><\/section><section class=\"l-section wpb_row height_custom\"><div class=\"l-section-h i-cf\"><div class=\"g-cols vc_row via_flex valign_top type_default stacking_default\"><div class=\"vc_col-sm-4 wpb_column vc_column_container\"><div class=\"vc_column-inner\"><div class=\"wpb_wrapper\"><div class=\"w-image has_ratio align_center\"><div class=\"w-image-h\"><div style=\"padding-bottom:75%\"><\/div><img width=\"1024\" height=\"681\" src=\"https:\/\/atlantidamarhotel.com\/wp-content\/uploads\/2017\/01\/boat_rides_atlantida_mar_hotel_list-1024x681.jpg\" class=\"attachment-large size-large\" alt=\"\" decoding=\"async\" loading=\"lazy\" srcset=\"https:\/\/atlantidamarhotel.com\/wp-content\/uploads\/2017\/01\/boat_rides_atlantida_mar_hotel_list-1024x681.jpg 1024w, https:\/\/atlantidamarhotel.com\/wp-content\/uploads\/2017\/01\/boat_rides_atlantida_mar_hotel_list-300x200.jpg 300w, https:\/\/atlantidamarhotel.com\/wp-content\/uploads\/2017\/01\/boat_rides_atlantida_mar_hotel_list-768x511.jpg 768w, https:\/\/atlantidamarhotel.com\/wp-content\/uploads\/2017\/01\/boat_rides_atlantida_mar_hotel_list-600x400.jpg 600w, https:\/\/atlantidamarhotel.com\/wp-content\/uploads\/2017\/01\/boat_rides_atlantida_mar_hotel_list.jpg 1500w\" sizes=\"(max-width: 1024px) 100vw, 1024px\" \/><\/div><\/div><div class=\"w-separator size_small with_line width_default thick_1 style_solid color_border align_center\"><div class=\"w-separator-h\"><\/div><\/div><div class=\"wpb_text_column\"><div class=\"wpb_wrapper\"><h4 style=\"text-align: center;\">Passeios de barco<\/h4>\n<p style=\"text-align: center;\">Na Ilha existem v\u00e1rias op\u00e7\u00f5es de passeios de barco para te ajudar a encontrar o que mais te agrada&#8230;<\/p>\n<\/div><\/div><div class=\"w-separator size_small\"><\/div><div class=\"w-btn-wrapper align_center\"><a class=\"w-btn us-btn-style_1\" title=\"Passeios de barco\" href=\"https:\/\/atlantidamarhotel.com\/pt-pt\/diversao-lazer\/experiencias-no-mar\/passeios-de-barco\/\"><span class=\"w-btn-label\">ver mais<\/span><\/a><\/div><\/div><\/div><\/div><div class=\"vc_col-sm-4 wpb_column vc_column_container\"><div class=\"vc_column-inner\"><div class=\"wpb_wrapper\"><div class=\"w-image has_ratio align_center\"><div class=\"w-image-h\"><div style=\"padding-bottom:75%\"><\/div><img width=\"1024\" height=\"681\" src=\"https:\/\/atlantidamarhotel.com\/wp-content\/uploads\/2017\/01\/tourism_fishing_atlantida_mar_hotel_list-1024x681.jpg\" class=\"attachment-large size-large\" alt=\"\" decoding=\"async\" loading=\"lazy\" srcset=\"https:\/\/atlantidamarhotel.com\/wp-content\/uploads\/2017\/01\/tourism_fishing_atlantida_mar_hotel_list-1024x681.jpg 1024w, https:\/\/atlantidamarhotel.com\/wp-content\/uploads\/2017\/01\/tourism_fishing_atlantida_mar_hotel_list-300x200.jpg 300w, https:\/\/atlantidamarhotel.com\/wp-content\/uploads\/2017\/01\/tourism_fishing_atlantida_mar_hotel_list-768x511.jpg 768w, https:\/\/atlantidamarhotel.com\/wp-content\/uploads\/2017\/01\/tourism_fishing_atlantida_mar_hotel_list-600x400.jpg 600w, https:\/\/atlantidamarhotel.com\/wp-content\/uploads\/2017\/01\/tourism_fishing_atlantida_mar_hotel_list.jpg 1500w\" sizes=\"(max-width: 1024px) 100vw, 1024px\" \/><\/div><\/div><div class=\"w-separator size_small with_line width_default thick_1 style_solid color_border align_center\"><div class=\"w-separator-h\"><\/div><\/div><div class=\"wpb_text_column\"><div class=\"wpb_wrapper\"><h4 style=\"text-align: center;\">Pesca Tur\u00edstica<\/h4>\n<p style=\"text-align: center;\">Para os amantes da pesca desportiva costeira, est\u00e3o dispon\u00edveis passeios de barco para pescar com oportunidade&#8230;<\/p>\n<\/div><\/div><div class=\"w-separator size_small\"><\/div><div class=\"w-btn-wrapper align_center\"><a class=\"w-btn us-btn-style_1\" title=\"Turismo de Pesca\" href=\"https:\/\/atlantidamarhotel.com\/pt-pt\/diversao-lazer\/experiencias-no-mar\/pesca-turistica\/\"><span class=\"w-btn-label\">ver mais<\/span><\/a><\/div><\/div><\/div><\/div><div class=\"vc_col-sm-4 wpb_column vc_column_container\"><div class=\"vc_column-inner\"><div class=\"wpb_wrapper\"><div class=\"w-image has_ratio align_center\"><div class=\"w-image-h\"><div style=\"padding-bottom:75%\"><\/div><img width=\"1024\" height=\"681\" src=\"https:\/\/atlantidamarhotel.com\/wp-content\/uploads\/2017\/01\/beach_water_sports_atlantida_mar_hotel_list-1024x681.jpg\" class=\"attachment-large size-large\" alt=\"\" decoding=\"async\" loading=\"lazy\" srcset=\"https:\/\/atlantidamarhotel.com\/wp-content\/uploads\/2017\/01\/beach_water_sports_atlantida_mar_hotel_list-1024x681.jpg 1024w, https:\/\/atlantidamarhotel.com\/wp-content\/uploads\/2017\/01\/beach_water_sports_atlantida_mar_hotel_list-300x200.jpg 300w, https:\/\/atlantidamarhotel.com\/wp-content\/uploads\/2017\/01\/beach_water_sports_atlantida_mar_hotel_list-768x511.jpg 768w, https:\/\/atlantidamarhotel.com\/wp-content\/uploads\/2017\/01\/beach_water_sports_atlantida_mar_hotel_list-600x400.jpg 600w, https:\/\/atlantidamarhotel.com\/wp-content\/uploads\/2017\/01\/beach_water_sports_atlantida_mar_hotel_list.jpg 1500w\" sizes=\"(max-width: 1024px) 100vw, 1024px\" \/><\/div><\/div><div class=\"w-separator size_small with_line width_default thick_1 style_solid color_border align_center\"><div class=\"w-separator-h\"><\/div><\/div><div class=\"wpb_text_column\"><div class=\"wpb_wrapper\"><h4 style=\"text-align: center;\">Atividades de praia e desportos aqu\u00e1ticos<\/h4>\n<p style=\"text-align: center;\">Os amantes do sol ao ar livre e os amantes do mar tamb\u00e9m t\u00eam uma variedade de atividades aqu\u00e1ticas que voc\u00ea pode &#8230;<\/p>\n<\/div><\/div><div class=\"w-separator size_small\"><\/div><div class=\"w-btn-wrapper align_center\"><a class=\"w-btn us-btn-style_1\" title=\"Praia e desportos aqu\u00e1ticos\" href=\"https:\/\/atlantidamarhotel.com\/pt-pt\/diversao-lazer\/experiencias-no-mar\/atividades-de-praia-e-desportos-aquaticos\/\"><span class=\"w-btn-label\">ver mais<\/span><\/a><\/div><\/div><\/div><\/div><\/div><\/div><\/section><section class=\"l-section wpb_row height_custom\"><div class=\"l-section-h i-cf\"><div class=\"g-cols vc_row via_flex valign_top type_default stacking_default\"><div class=\"vc_col-sm-12 wpb_column vc_column_container\"><div class=\"vc_column-inner\"><div class=\"wpb_wrapper\"><div class=\"w-btn-wrapper align_center\"><a class=\"w-btn us-btn-style_1\" title=\"Divers\u00e3o &amp; Lazer\" href=\"https:\/\/atlantidamarhotel.com\/pt-pt\/diversao-lazer\/\"><span class=\"w-btn-label\">Voltar Atr\u00e1s<\/span><\/a><\/div><\/div><\/div><\/div><\/div><\/div><\/section>\n<\/section>","protected":false},"excerpt":{"rendered":"Uma das principais atra\u00e7\u00f5es tur\u00edsticas da ilha s\u00e3o as atividades mar\u00edtimas. Para os amantes do mar, o Atlantida Mar Hotel proporciona diferentes experi\u00eancias no para\u00edso aqu\u00e1tico intocado ao redor da ilha para uma lembran\u00e7a memor\u00e1vel. Experimente incr\u00edveis aventuras de mergulho enquanto explora a costa intocada da ilha com grupos de golfinhos selvagens em seu habitat...","protected":false},"author":1,"featured_media":4664,"parent":1654,"menu_order":0,"comment_status":"closed","ping_status":"closed","template":"","meta":{"_monsterinsights_skip_tracking":false,"_monsterinsights_sitenote_active":false,"_monsterinsights_sitenote_note":"","_monsterinsights_sitenote_category":0},"acf":[],"yoast_head":"<!-- This site is optimized with the Yoast SEO plugin v20.12 - https:\/\/yoast.com\/wordpress\/plugins\/seo\/ -->\n<title>Experi\u00eancias no Mar - Atl\u00e2ntida Mar Hotel<\/title>\n<meta name=\"description\" content=\"O Atlantida Mar Hotel oferece experi\u00eancias mar\u00edtimas inesquec\u00edveis na Ilha Terceira, incluindo aventuras de mergulho com golfinhos selvagens e explora\u00e7\u00e3o do vibrante mundo subaqu\u00e1tico, tornando-o um destino privilegiado para os entusiastas do mar.\" \/>\n<meta name=\"robots\" content=\"index, follow, max-snippet:-1, max-image-preview:large, max-video-preview:-1\" \/>\n<link rel=\"canonical\" href=\"https:\/\/atlantidamarhotel.com\/pt-pt\/diversao-lazer\/experiencias-no-mar\/\" \/>\n<meta property=\"og:locale\" content=\"pt_PT\" \/>\n<meta property=\"og:type\" content=\"article\" \/>\n<meta property=\"og:title\" content=\"Experi\u00eancias no Mar - Atl\u00e2ntida Mar Hotel\" \/>\n<meta property=\"og:description\" content=\"O Atlantida Mar Hotel oferece experi\u00eancias mar\u00edtimas inesquec\u00edveis na Ilha Terceira, incluindo aventuras de mergulho com golfinhos selvagens e explora\u00e7\u00e3o do vibrante mundo subaqu\u00e1tico, tornando-o um destino privilegiado para os entusiastas do mar.\" \/>\n<meta property=\"og:url\" content=\"https:\/\/atlantidamarhotel.com\/pt-pt\/diversao-lazer\/experiencias-no-mar\/\" \/>\n<meta property=\"og:site_name\" content=\"Atl\u00e2ntida Mar Hotel\" \/>\n<meta property=\"article:publisher\" content=\"https:\/\/www.facebook.com\/AtlantidaMarHotel\/\" \/>\n<meta property=\"article:modified_time\" content=\"2023-06-28T09:56:38+00:00\" \/>\n<meta property=\"og:image\" content=\"https:\/\/atlantidamarhotel.com\/wp-content\/uploads\/2017\/01\/experiences_sea_atlantida_mar_hotel.jpg\" \/>\n\t<meta property=\"og:image:width\" content=\"2000\" \/>\n\t<meta property=\"og:image:height\" content=\"1000\" \/>\n\t<meta property=\"og:image:type\" content=\"image\/jpeg\" \/>\n<meta name=\"twitter:card\" content=\"summary_large_image\" \/>\n<meta name=\"twitter:label1\" content=\"Tempo estimado de leitura\" \/>\n\t<meta name=\"twitter:data1\" content=\"2 minutos\" \/>\n<script type=\"application\/ld+json\" class=\"yoast-schema-graph\">{\"@context\":\"https:\/\/schema.org\",\"@graph\":[{\"@type\":\"WebPage\",\"@id\":\"https:\/\/atlantidamarhotel.com\/pt-pt\/diversao-lazer\/experiencias-no-mar\/\",\"url\":\"https:\/\/atlantidamarhotel.com\/pt-pt\/diversao-lazer\/experiencias-no-mar\/\",\"name\":\"Experi\u00eancias no Mar - Atl\u00e2ntida Mar Hotel\",\"isPartOf\":{\"@id\":\"https:\/\/atlantidamarhotel.com\/pt-pt\/#website\"},\"datePublished\":\"2017-01-22T20:07:50+00:00\",\"dateModified\":\"2023-06-28T09:56:38+00:00\",\"description\":\"O Atlantida Mar Hotel oferece experi\u00eancias mar\u00edtimas inesquec\u00edveis na Ilha Terceira, incluindo aventuras de mergulho com golfinhos selvagens e explora\u00e7\u00e3o do vibrante mundo subaqu\u00e1tico, tornando-o um destino privilegiado para os entusiastas do mar.\",\"breadcrumb\":{\"@id\":\"https:\/\/atlantidamarhotel.com\/pt-pt\/diversao-lazer\/experiencias-no-mar\/#breadcrumb\"},\"inLanguage\":\"pt-PT\",\"potentialAction\":[{\"@type\":\"ReadAction\",\"target\":[\"https:\/\/atlantidamarhotel.com\/pt-pt\/diversao-lazer\/experiencias-no-mar\/\"]}]},{\"@type\":\"BreadcrumbList\",\"@id\":\"https:\/\/atlantidamarhotel.com\/pt-pt\/diversao-lazer\/experiencias-no-mar\/#breadcrumb\",\"itemListElement\":[{\"@type\":\"ListItem\",\"position\":1,\"name\":\"Home\",\"item\":\"https:\/\/atlantidamarhotel.com\/pt-pt\/\"},{\"@type\":\"ListItem\",\"position\":2,\"name\":\"Divers\u00e3o &#038; Lazer\",\"item\":\"https:\/\/atlantidamarhotel.com\/pt-pt\/diversao-lazer\/\"},{\"@type\":\"ListItem\",\"position\":3,\"name\":\"Experi\u00eancias no Mar\"}]},{\"@type\":\"WebSite\",\"@id\":\"https:\/\/atlantidamarhotel.com\/pt-pt\/#website\",\"url\":\"https:\/\/atlantidamarhotel.com\/pt-pt\/\",\"name\":\"Atl\u00e2ntida Mar Hotel\",\"description\":\"Aparthotel\",\"publisher\":{\"@id\":\"https:\/\/atlantidamarhotel.com\/pt-pt\/#organization\"},\"potentialAction\":[{\"@type\":\"SearchAction\",\"target\":{\"@type\":\"EntryPoint\",\"urlTemplate\":\"https:\/\/atlantidamarhotel.com\/pt-pt\/?s={search_term_string}\"},\"query-input\":\"required name=search_term_string\"}],\"inLanguage\":\"pt-PT\"},{\"@type\":\"Organization\",\"@id\":\"https:\/\/atlantidamarhotel.com\/pt-pt\/#organization\",\"name\":\"Atl\u00e2ntida Mar Hotel\",\"url\":\"https:\/\/atlantidamarhotel.com\/pt-pt\/\",\"logo\":{\"@type\":\"ImageObject\",\"inLanguage\":\"pt-PT\",\"@id\":\"https:\/\/atlantidamarhotel.com\/pt-pt\/#\/schema\/logo\/image\/\",\"url\":\"https:\/\/atlantidamarhotel.com\/wp-content\/uploads\/2016\/12\/logo-Atlantida-mar-hotel-2.png\",\"contentUrl\":\"https:\/\/atlantidamarhotel.com\/wp-content\/uploads\/2016\/12\/logo-Atlantida-mar-hotel-2.png\",\"width\":1600,\"height\":445,\"caption\":\"Atl\u00e2ntida Mar Hotel\"},\"image\":{\"@id\":\"https:\/\/atlantidamarhotel.com\/pt-pt\/#\/schema\/logo\/image\/\"},\"sameAs\":[\"https:\/\/www.facebook.com\/AtlantidaMarHotel\/\"]}]}<\/script>\n<!-- \/ Yoast SEO plugin. -->","yoast_head_json":{"title":"Experi\u00eancias no Mar - Atl\u00e2ntida Mar Hotel","description":"O Atlantida Mar Hotel oferece experi\u00eancias mar\u00edtimas inesquec\u00edveis na Ilha Terceira, incluindo aventuras de mergulho com golfinhos selvagens e explora\u00e7\u00e3o do vibrante mundo subaqu\u00e1tico, tornando-o um destino privilegiado para os entusiastas do mar.","robots":{"index":"index","follow":"follow","max-snippet":"max-snippet:-1","max-image-preview":"max-image-preview:large","max-video-preview":"max-video-preview:-1"},"canonical":"https:\/\/atlantidamarhotel.com\/pt-pt\/diversao-lazer\/experiencias-no-mar\/","og_locale":"pt_PT","og_type":"article","og_title":"Experi\u00eancias no Mar - Atl\u00e2ntida Mar Hotel","og_description":"O Atlantida Mar Hotel oferece experi\u00eancias mar\u00edtimas inesquec\u00edveis na Ilha Terceira, incluindo aventuras de mergulho com golfinhos selvagens e explora\u00e7\u00e3o do vibrante mundo subaqu\u00e1tico, tornando-o um destino privilegiado para os entusiastas do mar.","og_url":"https:\/\/atlantidamarhotel.com\/pt-pt\/diversao-lazer\/experiencias-no-mar\/","og_site_name":"Atl\u00e2ntida Mar Hotel","article_publisher":"https:\/\/www.facebook.com\/AtlantidaMarHotel\/","article_modified_time":"2023-06-28T09:56:38+00:00","og_image":[{"width":2000,"height":1000,"url":"https:\/\/atlantidamarhotel.com\/wp-content\/uploads\/2017\/01\/experiences_sea_atlantida_mar_hotel.jpg","type":"image\/jpeg"}],"twitter_card":"summary_large_image","twitter_misc":{"Tempo estimado de leitura":"2 minutos"},"schema":{"@context":"https:\/\/schema.org","@graph":[{"@type":"WebPage","@id":"https:\/\/atlantidamarhotel.com\/pt-pt\/diversao-lazer\/experiencias-no-mar\/","url":"https:\/\/atlantidamarhotel.com\/pt-pt\/diversao-lazer\/experiencias-no-mar\/","name":"Experi\u00eancias no Mar - Atl\u00e2ntida Mar Hotel","isPartOf":{"@id":"https:\/\/atlantidamarhotel.com\/pt-pt\/#website"},"datePublished":"2017-01-22T20:07:50+00:00","dateModified":"2023-06-28T09:56:38+00:00","description":"O Atlantida Mar Hotel oferece experi\u00eancias mar\u00edtimas inesquec\u00edveis na Ilha Terceira, incluindo aventuras de mergulho com golfinhos selvagens e explora\u00e7\u00e3o do vibrante mundo subaqu\u00e1tico, tornando-o um destino privilegiado para os entusiastas do mar.","breadcrumb":{"@id":"https:\/\/atlantidamarhotel.com\/pt-pt\/diversao-lazer\/experiencias-no-mar\/#breadcrumb"},"inLanguage":"pt-PT","potentialAction":[{"@type":"ReadAction","target":["https:\/\/atlantidamarhotel.com\/pt-pt\/diversao-lazer\/experiencias-no-mar\/"]}]},{"@type":"BreadcrumbList","@id":"https:\/\/atlantidamarhotel.com\/pt-pt\/diversao-lazer\/experiencias-no-mar\/#breadcrumb","itemListElement":[{"@type":"ListItem","position":1,"name":"Home","item":"https:\/\/atlantidamarhotel.com\/pt-pt\/"},{"@type":"ListItem","position":2,"name":"Divers\u00e3o &#038; Lazer","item":"https:\/\/atlantidamarhotel.com\/pt-pt\/diversao-lazer\/"},{"@type":"ListItem","position":3,"name":"Experi\u00eancias no Mar"}]},{"@type":"WebSite","@id":"https:\/\/atlantidamarhotel.com\/pt-pt\/#website","url":"https:\/\/atlantidamarhotel.com\/pt-pt\/","name":"Atl\u00e2ntida Mar Hotel","description":"Aparthotel","publisher":{"@id":"https:\/\/atlantidamarhotel.com\/pt-pt\/#organization"},"potentialAction":[{"@type":"SearchAction","target":{"@type":"EntryPoint","urlTemplate":"https:\/\/atlantidamarhotel.com\/pt-pt\/?s={search_term_string}"},"query-input":"required name=search_term_string"}],"inLanguage":"pt-PT"},{"@type":"Organization","@id":"https:\/\/atlantidamarhotel.com\/pt-pt\/#organization","name":"Atl\u00e2ntida Mar Hotel","url":"https:\/\/atlantidamarhotel.com\/pt-pt\/","logo":{"@type":"ImageObject","inLanguage":"pt-PT","@id":"https:\/\/atlantidamarhotel.com\/pt-pt\/#\/schema\/logo\/image\/","url":"https:\/\/atlantidamarhotel.com\/wp-content\/uploads\/2016\/12\/logo-Atlantida-mar-hotel-2.png","contentUrl":"https:\/\/atlantidamarhotel.com\/wp-content\/uploads\/2016\/12\/logo-Atlantida-mar-hotel-2.png","width":1600,"height":445,"caption":"Atl\u00e2ntida Mar Hotel"},"image":{"@id":"https:\/\/atlantidamarhotel.com\/pt-pt\/#\/schema\/logo\/image\/"},"sameAs":["https:\/\/www.facebook.com\/AtlantidaMarHotel\/"]}]}},"_links":{"self":[{"href":"https:\/\/atlantidamarhotel.com\/pt-pt\/wp-json\/wp\/v2\/pages\/1594"}],"collection":[{"href":"https:\/\/atlantidamarhotel.com\/pt-pt\/wp-json\/wp\/v2\/pages"}],"about":[{"href":"https:\/\/atlantidamarhotel.com\/pt-pt\/wp-json\/wp\/v2\/types\/page"}],"author":[{"embeddable":true,"href":"https:\/\/atlantidamarhotel.com\/pt-pt\/wp-json\/wp\/v2\/users\/1"}],"replies":[{"embeddable":true,"href":"https:\/\/atlantidamarhotel.com\/pt-pt\/wp-json\/wp\/v2\/comments?post=1594"}],"version-history":[{"count":9,"href":"https:\/\/atlantidamarhotel.com\/pt-pt\/wp-json\/wp\/v2\/pages\/1594\/revisions"}],"predecessor-version":[{"id":6679,"href":"https:\/\/atlantidamarhotel.com\/pt-pt\/wp-json\/wp\/v2\/pages\/1594\/revisions\/6679"}],"up":[{"embeddable":true,"href":"https:\/\/atlantidamarhotel.com\/pt-pt\/wp-json\/wp\/v2\/pages\/1654"}],"wp:featuredmedia":[{"embeddable":true,"href":"https:\/\/atlantidamarhotel.com\/pt-pt\/wp-json\/wp\/v2\/media\/4664"}],"wp:attachment":[{"href":"https:\/\/atlantidamarhotel.com\/pt-pt\/wp-json\/wp\/v2\/media?parent=1594"}],"curies":[{"name":"wp","href":"https:\/\/api.w.org\/{rel}","templated":true}]}}