{"id":1636,"date":"2017-01-22T19:02:39","date_gmt":"2017-01-22T20:02:39","guid":{"rendered":"http:\/\/www.atlantidamarhotel.pt\/places-to-visit\/"},"modified":"2023-05-29T19:35:00","modified_gmt":"2023-05-29T20:35:00","slug":"locais-a-visitar","status":"publish","type":"page","link":"https:\/\/atlantidamarhotel.com\/pt-pt\/diversao-lazer\/locais-a-visitar\/","title":{"rendered":"Locais a Visitar"},"content":{"rendered":"<section class=\"wpb-content-wrapper\"><section class=\"l-section wpb_row height_custom\"><div class=\"l-section-h i-cf\"><div class=\"g-cols vc_row via_flex valign_top type_default stacking_default\"><div class=\"vc_col-sm-12 wpb_column vc_column_container\"><div class=\"vc_column-inner\"><div class=\"wpb_wrapper\"><div class=\"wpb_text_column\"><div class=\"wpb_wrapper\"><p>Algar do Carv\u00e3o \u2013 grutas subterr\u00e2neas com cerca de 100 metros de profundidade, cheias de coloridas estalagmites e estalactites<\/p>\n<p>Angra do Hero\u00edsmo \u2013 classificada pela Unesco como patrim\u00f3nio mundial, onde se pode apreciar a maravilhosa arquitetura dos s\u00e9culos 17\u00ba e 18\u00ba, que nos oferece uma vis\u00e3o real sobre a sua nobre hist\u00f3ria;<\/p>\n<p>Museu de Angra \u2013 localizado no antigo Convento de S. Francisco;<\/p>\n<p>Monte Brasil \u2013 Reserva florestal, de onde se pode desfrutar de uma deslumbrante vista sobre a cidade de Angra do Hero\u00edsmo, a sua ba\u00eda e marina;<\/p>\n<p>Serra do Cume \u2013 proporciona uma dupla vista panor\u00e2mica sobre a Praia da Vit\u00f3ria e a sua ba\u00eda, a plan\u00edcie das Lajes e o interior da ilha;<\/p>\n<p>Serra de Santa B\u00e1rbara \u2013 o ponto mais alto da ilha, de onde se podem avistar outras ilhas;<\/p>\n<p>Miradouro do Facho \u2013 vista sobre a cidade da Praia da Vit\u00f3ria, a sua ba\u00eda e o oceano;<\/p>\n<p>Freguesia dos Biscoitos \u2013 onde pode visitar o Museu do Vinho e as piscinas naturais.<\/p>\n<\/div><\/div><\/div><\/div><\/div><\/div><\/div><\/section><section class=\"l-section wpb_row height_custom\"><div class=\"l-section-h i-cf\"><div class=\"g-cols vc_row via_flex valign_top type_default stacking_default\"><div class=\"vc_col-sm-12 wpb_column vc_column_container\"><div class=\"vc_column-inner\"><div class=\"wpb_wrapper\"><div class=\"w-btn-wrapper align_center\"><a class=\"w-btn us-btn-style_1\" title=\"Divers\u00e3o &amp; Lazer\" href=\"\/pt-pt\/diversao-lazer\/\"><span class=\"w-btn-label\">Voltar Atr\u00e1s<\/span><\/a><\/div><\/div><\/div><\/div><\/div><\/div><\/section>\n<\/section>","protected":false},"excerpt":{"rendered":"Algar do Carv\u00e3o \u2013 grutas subterr\u00e2neas com cerca de 100 metros de profundidade, cheias de coloridas estalagmites e estalactites Angra do Hero\u00edsmo \u2013 classificada pela Unesco como patrim\u00f3nio mundial, onde se pode apreciar a maravilhosa arquitetura dos s\u00e9culos 17\u00ba e 18\u00ba, que nos oferece uma vis\u00e3o real sobre a sua nobre hist\u00f3ria; Museu de Angra...","protected":false},"author":1,"featured_media":4552,"parent":1654,"menu_order":0,"comment_status":"closed","ping_status":"closed","template":"","meta":{"_monsterinsights_skip_tracking":false,"_monsterinsights_sitenote_active":false,"_monsterinsights_sitenote_note":"","_monsterinsights_sitenote_category":0},"acf":[],"yoast_head":"<!-- This site is optimized with the Yoast SEO plugin v20.12 - https:\/\/yoast.com\/wordpress\/plugins\/seo\/ -->\n<title>Locais a Visitar - Atl\u00e2ntida Mar Hotel<\/title>\n<meta name=\"description\" content=\"Descubra as atra\u00e7\u00f5es da Ilha Terceira: as grutas subterr\u00e2neas do Algar do Carv\u00e3o, a arquitetura patrim\u00f3nio da UNESCO de Angra do Hero\u00edsmo, a reserva florestal do Monte Brasil e as vistas panor\u00e2micas da Serra do Cume, Santa B\u00e1rbara e Facho. N\u00e3o perca o museu do vinho da vila dos Biscoitos e as piscinas vulc\u00e2nicas.\" \/>\n<meta name=\"robots\" content=\"index, follow, max-snippet:-1, max-image-preview:large, max-video-preview:-1\" \/>\n<link rel=\"canonical\" href=\"https:\/\/atlantidamarhotel.com\/pt-pt\/diversao-lazer\/locais-a-visitar\/\" \/>\n<meta property=\"og:locale\" content=\"pt_PT\" \/>\n<meta property=\"og:type\" content=\"article\" \/>\n<meta property=\"og:title\" content=\"Locais a Visitar - Atl\u00e2ntida Mar Hotel\" \/>\n<meta property=\"og:description\" content=\"Descubra as atra\u00e7\u00f5es da Ilha Terceira: as grutas subterr\u00e2neas do Algar do Carv\u00e3o, a arquitetura patrim\u00f3nio da UNESCO de Angra do Hero\u00edsmo, a reserva florestal do Monte Brasil e as vistas panor\u00e2micas da Serra do Cume, Santa B\u00e1rbara e Facho. N\u00e3o perca o museu do vinho da vila dos Biscoitos e as piscinas vulc\u00e2nicas.\" \/>\n<meta property=\"og:url\" content=\"https:\/\/atlantidamarhotel.com\/pt-pt\/diversao-lazer\/locais-a-visitar\/\" \/>\n<meta property=\"og:site_name\" content=\"Atl\u00e2ntida Mar Hotel\" \/>\n<meta property=\"article:publisher\" content=\"https:\/\/www.facebook.com\/AtlantidaMarHotel\/\" \/>\n<meta property=\"article:modified_time\" content=\"2023-05-29T20:35:00+00:00\" \/>\n<meta property=\"og:image\" content=\"https:\/\/atlantidamarhotel.com\/wp-content\/uploads\/2017\/01\/recreation_leisure_places_to_visit5.jpg\" \/>\n\t<meta property=\"og:image:width\" content=\"2000\" \/>\n\t<meta property=\"og:image:height\" content=\"1500\" \/>\n\t<meta property=\"og:image:type\" content=\"image\/jpeg\" \/>\n<meta name=\"twitter:card\" content=\"summary_large_image\" \/>\n<meta name=\"twitter:label1\" content=\"Tempo estimado de leitura\" \/>\n\t<meta name=\"twitter:data1\" content=\"1 minuto\" \/>\n<script type=\"application\/ld+json\" class=\"yoast-schema-graph\">{\"@context\":\"https:\/\/schema.org\",\"@graph\":[{\"@type\":\"WebPage\",\"@id\":\"https:\/\/atlantidamarhotel.com\/pt-pt\/diversao-lazer\/locais-a-visitar\/\",\"url\":\"https:\/\/atlantidamarhotel.com\/pt-pt\/diversao-lazer\/locais-a-visitar\/\",\"name\":\"Locais a Visitar - Atl\u00e2ntida Mar Hotel\",\"isPartOf\":{\"@id\":\"https:\/\/atlantidamarhotel.com\/pt-pt\/#website\"},\"datePublished\":\"2017-01-22T20:02:39+00:00\",\"dateModified\":\"2023-05-29T20:35:00+00:00\",\"description\":\"Descubra as atra\u00e7\u00f5es da Ilha Terceira: as grutas subterr\u00e2neas do Algar do Carv\u00e3o, a arquitetura patrim\u00f3nio da UNESCO de Angra do Hero\u00edsmo, a reserva florestal do Monte Brasil e as vistas panor\u00e2micas da Serra do Cume, Santa B\u00e1rbara e Facho. N\u00e3o perca o museu do vinho da vila dos Biscoitos e as piscinas vulc\u00e2nicas.\",\"breadcrumb\":{\"@id\":\"https:\/\/atlantidamarhotel.com\/pt-pt\/diversao-lazer\/locais-a-visitar\/#breadcrumb\"},\"inLanguage\":\"pt-PT\",\"potentialAction\":[{\"@type\":\"ReadAction\",\"target\":[\"https:\/\/atlantidamarhotel.com\/pt-pt\/diversao-lazer\/locais-a-visitar\/\"]}]},{\"@type\":\"BreadcrumbList\",\"@id\":\"https:\/\/atlantidamarhotel.com\/pt-pt\/diversao-lazer\/locais-a-visitar\/#breadcrumb\",\"itemListElement\":[{\"@type\":\"ListItem\",\"position\":1,\"name\":\"Home\",\"item\":\"https:\/\/atlantidamarhotel.com\/pt-pt\/\"},{\"@type\":\"ListItem\",\"position\":2,\"name\":\"Divers\u00e3o &#038; Lazer\",\"item\":\"https:\/\/atlantidamarhotel.com\/pt-pt\/diversao-lazer\/\"},{\"@type\":\"ListItem\",\"position\":3,\"name\":\"Locais a Visitar\"}]},{\"@type\":\"WebSite\",\"@id\":\"https:\/\/atlantidamarhotel.com\/pt-pt\/#website\",\"url\":\"https:\/\/atlantidamarhotel.com\/pt-pt\/\",\"name\":\"Atl\u00e2ntida Mar Hotel\",\"description\":\"Aparthotel\",\"publisher\":{\"@id\":\"https:\/\/atlantidamarhotel.com\/pt-pt\/#organization\"},\"potentialAction\":[{\"@type\":\"SearchAction\",\"target\":{\"@type\":\"EntryPoint\",\"urlTemplate\":\"https:\/\/atlantidamarhotel.com\/pt-pt\/?s={search_term_string}\"},\"query-input\":\"required name=search_term_string\"}],\"inLanguage\":\"pt-PT\"},{\"@type\":\"Organization\",\"@id\":\"https:\/\/atlantidamarhotel.com\/pt-pt\/#organization\",\"name\":\"Atl\u00e2ntida Mar Hotel\",\"url\":\"https:\/\/atlantidamarhotel.com\/pt-pt\/\",\"logo\":{\"@type\":\"ImageObject\",\"inLanguage\":\"pt-PT\",\"@id\":\"https:\/\/atlantidamarhotel.com\/pt-pt\/#\/schema\/logo\/image\/\",\"url\":\"https:\/\/atlantidamarhotel.com\/wp-content\/uploads\/2016\/12\/logo-Atlantida-mar-hotel-2.png\",\"contentUrl\":\"https:\/\/atlantidamarhotel.com\/wp-content\/uploads\/2016\/12\/logo-Atlantida-mar-hotel-2.png\",\"width\":1600,\"height\":445,\"caption\":\"Atl\u00e2ntida Mar Hotel\"},\"image\":{\"@id\":\"https:\/\/atlantidamarhotel.com\/pt-pt\/#\/schema\/logo\/image\/\"},\"sameAs\":[\"https:\/\/www.facebook.com\/AtlantidaMarHotel\/\"]}]}<\/script>\n<!-- \/ Yoast SEO plugin. -->","yoast_head_json":{"title":"Locais a Visitar - Atl\u00e2ntida Mar Hotel","description":"Descubra as atra\u00e7\u00f5es da Ilha Terceira: as grutas subterr\u00e2neas do Algar do Carv\u00e3o, a arquitetura patrim\u00f3nio da UNESCO de Angra do Hero\u00edsmo, a reserva florestal do Monte Brasil e as vistas panor\u00e2micas da Serra do Cume, Santa B\u00e1rbara e Facho. N\u00e3o perca o museu do vinho da vila dos Biscoitos e as piscinas vulc\u00e2nicas.","robots":{"index":"index","follow":"follow","max-snippet":"max-snippet:-1","max-image-preview":"max-image-preview:large","max-video-preview":"max-video-preview:-1"},"canonical":"https:\/\/atlantidamarhotel.com\/pt-pt\/diversao-lazer\/locais-a-visitar\/","og_locale":"pt_PT","og_type":"article","og_title":"Locais a Visitar - Atl\u00e2ntida Mar Hotel","og_description":"Descubra as atra\u00e7\u00f5es da Ilha Terceira: as grutas subterr\u00e2neas do Algar do Carv\u00e3o, a arquitetura patrim\u00f3nio da UNESCO de Angra do Hero\u00edsmo, a reserva florestal do Monte Brasil e as vistas panor\u00e2micas da Serra do Cume, Santa B\u00e1rbara e Facho. N\u00e3o perca o museu do vinho da vila dos Biscoitos e as piscinas vulc\u00e2nicas.","og_url":"https:\/\/atlantidamarhotel.com\/pt-pt\/diversao-lazer\/locais-a-visitar\/","og_site_name":"Atl\u00e2ntida Mar Hotel","article_publisher":"https:\/\/www.facebook.com\/AtlantidaMarHotel\/","article_modified_time":"2023-05-29T20:35:00+00:00","og_image":[{"width":2000,"height":1500,"url":"https:\/\/atlantidamarhotel.com\/wp-content\/uploads\/2017\/01\/recreation_leisure_places_to_visit5.jpg","type":"image\/jpeg"}],"twitter_card":"summary_large_image","twitter_misc":{"Tempo estimado de leitura":"1 minuto"},"schema":{"@context":"https:\/\/schema.org","@graph":[{"@type":"WebPage","@id":"https:\/\/atlantidamarhotel.com\/pt-pt\/diversao-lazer\/locais-a-visitar\/","url":"https:\/\/atlantidamarhotel.com\/pt-pt\/diversao-lazer\/locais-a-visitar\/","name":"Locais a Visitar - Atl\u00e2ntida Mar Hotel","isPartOf":{"@id":"https:\/\/atlantidamarhotel.com\/pt-pt\/#website"},"datePublished":"2017-01-22T20:02:39+00:00","dateModified":"2023-05-29T20:35:00+00:00","description":"Descubra as atra\u00e7\u00f5es da Ilha Terceira: as grutas subterr\u00e2neas do Algar do Carv\u00e3o, a arquitetura patrim\u00f3nio da UNESCO de Angra do Hero\u00edsmo, a reserva florestal do Monte Brasil e as vistas panor\u00e2micas da Serra do Cume, Santa B\u00e1rbara e Facho. N\u00e3o perca o museu do vinho da vila dos Biscoitos e as piscinas vulc\u00e2nicas.","breadcrumb":{"@id":"https:\/\/atlantidamarhotel.com\/pt-pt\/diversao-lazer\/locais-a-visitar\/#breadcrumb"},"inLanguage":"pt-PT","potentialAction":[{"@type":"ReadAction","target":["https:\/\/atlantidamarhotel.com\/pt-pt\/diversao-lazer\/locais-a-visitar\/"]}]},{"@type":"BreadcrumbList","@id":"https:\/\/atlantidamarhotel.com\/pt-pt\/diversao-lazer\/locais-a-visitar\/#breadcrumb","itemListElement":[{"@type":"ListItem","position":1,"name":"Home","item":"https:\/\/atlantidamarhotel.com\/pt-pt\/"},{"@type":"ListItem","position":2,"name":"Divers\u00e3o &#038; Lazer","item":"https:\/\/atlantidamarhotel.com\/pt-pt\/diversao-lazer\/"},{"@type":"ListItem","position":3,"name":"Locais a Visitar"}]},{"@type":"WebSite","@id":"https:\/\/atlantidamarhotel.com\/pt-pt\/#website","url":"https:\/\/atlantidamarhotel.com\/pt-pt\/","name":"Atl\u00e2ntida Mar Hotel","description":"Aparthotel","publisher":{"@id":"https:\/\/atlantidamarhotel.com\/pt-pt\/#organization"},"potentialAction":[{"@type":"SearchAction","target":{"@type":"EntryPoint","urlTemplate":"https:\/\/atlantidamarhotel.com\/pt-pt\/?s={search_term_string}"},"query-input":"required name=search_term_string"}],"inLanguage":"pt-PT"},{"@type":"Organization","@id":"https:\/\/atlantidamarhotel.com\/pt-pt\/#organization","name":"Atl\u00e2ntida Mar Hotel","url":"https:\/\/atlantidamarhotel.com\/pt-pt\/","logo":{"@type":"ImageObject","inLanguage":"pt-PT","@id":"https:\/\/atlantidamarhotel.com\/pt-pt\/#\/schema\/logo\/image\/","url":"https:\/\/atlantidamarhotel.com\/wp-content\/uploads\/2016\/12\/logo-Atlantida-mar-hotel-2.png","contentUrl":"https:\/\/atlantidamarhotel.com\/wp-content\/uploads\/2016\/12\/logo-Atlantida-mar-hotel-2.png","width":1600,"height":445,"caption":"Atl\u00e2ntida Mar Hotel"},"image":{"@id":"https:\/\/atlantidamarhotel.com\/pt-pt\/#\/schema\/logo\/image\/"},"sameAs":["https:\/\/www.facebook.com\/AtlantidaMarHotel\/"]}]}},"_links":{"self":[{"href":"https:\/\/atlantidamarhotel.com\/pt-pt\/wp-json\/wp\/v2\/pages\/1636"}],"collection":[{"href":"https:\/\/atlantidamarhotel.com\/pt-pt\/wp-json\/wp\/v2\/pages"}],"about":[{"href":"https:\/\/atlantidamarhotel.com\/pt-pt\/wp-json\/wp\/v2\/types\/page"}],"author":[{"embeddable":true,"href":"https:\/\/atlantidamarhotel.com\/pt-pt\/wp-json\/wp\/v2\/users\/1"}],"replies":[{"embeddable":true,"href":"https:\/\/atlantidamarhotel.com\/pt-pt\/wp-json\/wp\/v2\/comments?post=1636"}],"version-history":[{"count":3,"href":"https:\/\/atlantidamarhotel.com\/pt-pt\/wp-json\/wp\/v2\/pages\/1636\/revisions"}],"predecessor-version":[{"id":5993,"href":"https:\/\/atlantidamarhotel.com\/pt-pt\/wp-json\/wp\/v2\/pages\/1636\/revisions\/5993"}],"up":[{"embeddable":true,"href":"https:\/\/atlantidamarhotel.com\/pt-pt\/wp-json\/wp\/v2\/pages\/1654"}],"wp:featuredmedia":[{"embeddable":true,"href":"https:\/\/atlantidamarhotel.com\/pt-pt\/wp-json\/wp\/v2\/media\/4552"}],"wp:attachment":[{"href":"https:\/\/atlantidamarhotel.com\/pt-pt\/wp-json\/wp\/v2\/media?parent=1636"}],"curies":[{"name":"wp","href":"https:\/\/api.w.org\/{rel}","templated":true}]}}