{"id":1665,"date":"2017-01-19T18:10:38","date_gmt":"2017-01-19T19:10:38","guid":{"rendered":"http:\/\/www.atlantidamarhotel.pt\/special-offers\/"},"modified":"2023-07-03T18:01:15","modified_gmt":"2023-07-03T19:01:15","slug":"ofertas-especiais","status":"publish","type":"page","link":"https:\/\/atlantidamarhotel.com\/pt-pt\/ofertas-especiais\/","title":{"rendered":"Ofertas Especiais"},"content":{"rendered":"<section class=\"wpb-content-wrapper\"><section class=\"l-section wpb_row height_custom\"><div class=\"l-section-h i-cf\"><div class=\"g-cols vc_row via_flex valign_top type_default stacking_default\"><div class=\"vc_col-sm-12 wpb_column vc_column_container\"><div class=\"vc_column-inner\"><div class=\"wpb_wrapper\"><div class=\"wpb_text_column\"><div class=\"wpb_wrapper\"><p>Explore a nossa promo\u00e7\u00e3o reservas diretas at\u00e9 10% de desconto ou desfrute de um upgrade gratuito para elevar a sua experi\u00eancia de f\u00e9rias. Planea uma escapadinha rom\u00e2ntica? O nosso pacote Escapadinha Rom\u00e2ntica foi projetada apenas para si. Al\u00e9m disso, obtenha at\u00e9 10% de desconto ao reservar diretamente no nosso site. Aproveite estas maravilhosas ofertas e crie mem\u00f3rias inesquec\u00edveis no Atl\u00e2ntida Mar Hotel.<\/p>\n<\/div><\/div><\/div><\/div><\/div><\/div><\/div><\/section><section class=\"l-section wpb_row height_custom\"><div class=\"l-section-h i-cf\"><div class=\"g-cols vc_row via_flex valign_top type_default stacking_default\"><div class=\"vc_col-sm-4 wpb_column vc_column_container\"><div class=\"vc_column-inner\"><div class=\"wpb_wrapper\"><div class=\"w-image has_ratio align_center\"><div class=\"w-image-h\"><div style=\"padding-bottom:56.25%\"><\/div><img width=\"1024\" height=\"682\" src=\"https:\/\/atlantidamarhotel.com\/wp-content\/uploads\/2023\/06\/hotel-aparthotel-azores-terceira-island-ilha-atlantida-mar-piscina-pool-exterior-relax-esplanada-1024x682.jpg\" class=\"attachment-large size-large\" alt=\"\" decoding=\"async\" loading=\"lazy\" srcset=\"https:\/\/atlantidamarhotel.com\/wp-content\/uploads\/2023\/06\/hotel-aparthotel-azores-terceira-island-ilha-atlantida-mar-piscina-pool-exterior-relax-esplanada-1024x682.jpg 1024w, https:\/\/atlantidamarhotel.com\/wp-content\/uploads\/2023\/06\/hotel-aparthotel-azores-terceira-island-ilha-atlantida-mar-piscina-pool-exterior-relax-esplanada-300x200.jpg 300w, https:\/\/atlantidamarhotel.com\/wp-content\/uploads\/2023\/06\/hotel-aparthotel-azores-terceira-island-ilha-atlantida-mar-piscina-pool-exterior-relax-esplanada.jpg 1661w\" sizes=\"(max-width: 1024px) 100vw, 1024px\" \/><\/div><\/div><div class=\"w-separator size_small\"><\/div><div class=\"wpb_text_column\"><div class=\"wpb_wrapper\"><h5 style=\"text-align: center;\">GARANTIA DE MELHOR PRE\u00c7O<\/h5>\n<p style=\"text-align: center;\">Prometemos o melhor pre\u00e7o para os h\u00f3spedes que reservem diretamente connosco.<\/p>\n<\/div><\/div><div class=\"w-separator size_small\"><\/div><div class=\"w-btn-wrapper align_center\"><a class=\"w-btn us-btn-style_1\" title=\"Garantia de melhor pre\u00e7o\" href=\"\/pt-pt\/ofertas-especiais\/garantia-do-melhor-preco\/\"><span class=\"w-btn-label\">ver mais<\/span><\/a><\/div><\/div><\/div><\/div><div class=\"vc_col-sm-4 wpb_column vc_column_container\"><div class=\"vc_column-inner\"><div class=\"wpb_wrapper\"><div class=\"w-image has_ratio align_center\"><div class=\"w-image-h\"><div style=\"padding-bottom:56.25%\"><\/div><img width=\"1024\" height=\"683\" src=\"https:\/\/atlantidamarhotel.com\/wp-content\/uploads\/2021\/11\/hotel-aparthotel-quarto-bedroom-zimmer-azores-terceira-island-ilha-suite-duplex-sea-mar-cama-bed-1024x683.jpg\" class=\"attachment-large size-large\" alt=\"\" decoding=\"async\" loading=\"lazy\" srcset=\"https:\/\/atlantidamarhotel.com\/wp-content\/uploads\/2021\/11\/hotel-aparthotel-quarto-bedroom-zimmer-azores-terceira-island-ilha-suite-duplex-sea-mar-cama-bed-1024x683.jpg 1024w, https:\/\/atlantidamarhotel.com\/wp-content\/uploads\/2021\/11\/hotel-aparthotel-quarto-bedroom-zimmer-azores-terceira-island-ilha-suite-duplex-sea-mar-cama-bed-300x200.jpg 300w, https:\/\/atlantidamarhotel.com\/wp-content\/uploads\/2021\/11\/hotel-aparthotel-quarto-bedroom-zimmer-azores-terceira-island-ilha-suite-duplex-sea-mar-cama-bed.jpg 1846w\" sizes=\"(max-width: 1024px) 100vw, 1024px\" \/><\/div><\/div><div class=\"w-separator size_small\"><\/div><div class=\"wpb_text_column\"><div class=\"wpb_wrapper\"><h5 style=\"text-align: center;\">UPGRADE GRATU\u00cdTO<\/h5>\n<p style=\"text-align: center;\">Aproveite esta oferta e fa\u00e7a umas f\u00e9rias inesquec\u00edveis no Atl\u00e2ntida Mar Hotel!<\/p>\n<\/div><\/div><div class=\"w-separator size_small\"><\/div><div class=\"w-btn-wrapper align_center\"><a class=\"w-btn us-btn-style_1\" title=\"Upgrade gratuito\" href=\"https:\/\/atlantidamarhotel.com\/pt-pt\/ofertas-especiais\/upgrade-gratuito\/\"><span class=\"w-btn-label\">ver mais<\/span><\/a><\/div><\/div><\/div><\/div><div class=\"vc_col-sm-4 wpb_column vc_column_container\"><div class=\"vc_column-inner\"><div class=\"wpb_wrapper\"><div class=\"w-image has_ratio align_center\"><div class=\"w-image-h\"><div style=\"padding-bottom:56.25%\"><\/div><img width=\"1024\" height=\"682\" src=\"https:\/\/atlantidamarhotel.com\/wp-content\/uploads\/2023\/06\/hotel-aparthotel-azores-terceira-island-ilha-atlantida-mar-quarto-room-zimmer-romance-1024x682.jpg\" class=\"attachment-large size-large\" alt=\"\" decoding=\"async\" loading=\"lazy\" srcset=\"https:\/\/atlantidamarhotel.com\/wp-content\/uploads\/2023\/06\/hotel-aparthotel-azores-terceira-island-ilha-atlantida-mar-quarto-room-zimmer-romance-1024x682.jpg 1024w, https:\/\/atlantidamarhotel.com\/wp-content\/uploads\/2023\/06\/hotel-aparthotel-azores-terceira-island-ilha-atlantida-mar-quarto-room-zimmer-romance-300x200.jpg 300w, https:\/\/atlantidamarhotel.com\/wp-content\/uploads\/2023\/06\/hotel-aparthotel-azores-terceira-island-ilha-atlantida-mar-quarto-room-zimmer-romance.jpg 1733w\" sizes=\"(max-width: 1024px) 100vw, 1024px\" \/><\/div><\/div><div class=\"w-separator size_small\"><\/div><div class=\"wpb_text_column\"><div class=\"wpb_wrapper\"><h5 style=\"text-align: center;\">ESCAPADINHA ROM\u00c2NTICA<\/h5>\n<p style=\"text-align: center;\">O Atl\u00e2ntida Mar Hotel oferece-lhe a possibilidade de celebrar momentos \u2026<\/p>\n<\/div><\/div><div class=\"w-separator size_small\"><\/div><div class=\"w-btn-wrapper align_center\"><a class=\"w-btn us-btn-style_1\" title=\"Escapadinha Rom\u00e2ntica\" href=\"https:\/\/atlantidamarhotel.com\/pt-pt\/ofertas-especiais\/escapadinha-romantica\/\"><span class=\"w-btn-label\">ver mais<\/span><\/a><\/div><\/div><\/div><\/div><\/div><\/div><\/section><section class=\"l-section wpb_row height_custom\"><div class=\"l-section-h i-cf\"><div class=\"g-cols vc_row via_flex valign_top type_default stacking_default\"><div class=\"vc_col-sm-4 wpb_column vc_column_container\"><div class=\"vc_column-inner\"><div class=\"wpb_wrapper\"><\/div><\/div><\/div><div class=\"vc_col-sm-4 wpb_column vc_column_container\"><div class=\"vc_column-inner\"><div class=\"wpb_wrapper\"><div class=\"w-image has_ratio align_center\"><div class=\"w-image-h\"><div style=\"padding-bottom:56.25%\"><\/div><img width=\"1024\" height=\"683\" src=\"https:\/\/atlantidamarhotel.com\/wp-content\/uploads\/2023\/06\/hotel-aparthotel-quarto-bedroom-zimmer-azores-terceira-island-ilha-hall-superior-1024x683.jpg\" class=\"attachment-large size-large\" alt=\"\" decoding=\"async\" loading=\"lazy\" srcset=\"https:\/\/atlantidamarhotel.com\/wp-content\/uploads\/2023\/06\/hotel-aparthotel-quarto-bedroom-zimmer-azores-terceira-island-ilha-hall-superior-1024x683.jpg 1024w, https:\/\/atlantidamarhotel.com\/wp-content\/uploads\/2023\/06\/hotel-aparthotel-quarto-bedroom-zimmer-azores-terceira-island-ilha-hall-superior-300x200.jpg 300w, https:\/\/atlantidamarhotel.com\/wp-content\/uploads\/2023\/06\/hotel-aparthotel-quarto-bedroom-zimmer-azores-terceira-island-ilha-hall-superior.jpg 1710w\" sizes=\"(max-width: 1024px) 100vw, 1024px\" \/><\/div><\/div><div class=\"w-separator size_small\"><\/div><div class=\"wpb_text_column\"><div class=\"wpb_wrapper\"><h5 style=\"text-align: center;\">PROMO\u00c7\u00c3O RESERVAS DIRETAS<\/h5>\n<p style=\"text-align: center;\">Reserve diretamente no site do hotel e obtenha at\u00e9 10% de desconto!<\/p>\n<\/div><\/div><div class=\"w-separator size_small\"><\/div><div class=\"w-btn-wrapper align_center\"><a class=\"w-btn us-btn-style_1\" title=\"Reserve diretamente e poupe\" href=\"https:\/\/atlantidamarhotel.com\/pt-pt\/ofertas-especiais\/promocao-reservas-diretas\/\"><span class=\"w-btn-label\">ver mais<\/span><\/a><\/div><\/div><\/div><\/div><div class=\"vc_col-sm-4 wpb_column vc_column_container\"><div class=\"vc_column-inner\"><div class=\"wpb_wrapper\"><\/div><\/div><\/div><\/div><\/div><\/section>\n<\/section>","protected":false},"excerpt":{"rendered":"Explore a nossa promo\u00e7\u00e3o reservas diretas at\u00e9 10% de desconto ou desfrute de um upgrade gratuito para elevar a sua experi\u00eancia de f\u00e9rias. Planea uma escapadinha rom\u00e2ntica? O nosso pacote Escapadinha Rom\u00e2ntica foi projetada apenas para si. Al\u00e9m disso, obtenha at\u00e9 10% de desconto ao reservar diretamente no nosso site. Aproveite estas maravilhosas ofertas e...","protected":false},"author":1,"featured_media":6272,"parent":0,"menu_order":0,"comment_status":"closed","ping_status":"closed","template":"","meta":{"_monsterinsights_skip_tracking":false,"_monsterinsights_sitenote_active":false,"_monsterinsights_sitenote_note":"","_monsterinsights_sitenote_category":0},"acf":[],"yoast_head":"<!-- This site is optimized with the Yoast SEO plugin v20.12 - https:\/\/yoast.com\/wordpress\/plugins\/seo\/ -->\n<title>Ofertas Especiais - Atl\u00e2ntida Mar Hotel<\/title>\n<meta name=\"description\" content=\"Explore ofertas exclusivas no Atl\u00e2ntida Mar Hotel! Desfrute de descontos, atualiza\u00e7\u00f5es gratuitas e pacotes especiais para escapadas rom\u00e2nticas e muito mais. Reserve direto e economize!\" \/>\n<meta name=\"robots\" content=\"index, follow, max-snippet:-1, max-image-preview:large, max-video-preview:-1\" \/>\n<link rel=\"canonical\" href=\"https:\/\/atlantidamarhotel.com\/pt-pt\/ofertas-especiais\/\" \/>\n<meta property=\"og:locale\" content=\"pt_PT\" \/>\n<meta property=\"og:type\" content=\"article\" \/>\n<meta property=\"og:title\" content=\"Ofertas Especiais - Atl\u00e2ntida Mar Hotel\" \/>\n<meta property=\"og:description\" content=\"Explore ofertas exclusivas no Atl\u00e2ntida Mar Hotel! Desfrute de descontos, atualiza\u00e7\u00f5es gratuitas e pacotes especiais para escapadas rom\u00e2nticas e muito mais. Reserve direto e economize!\" \/>\n<meta property=\"og:url\" content=\"https:\/\/atlantidamarhotel.com\/pt-pt\/ofertas-especiais\/\" \/>\n<meta property=\"og:site_name\" content=\"Atl\u00e2ntida Mar Hotel\" \/>\n<meta property=\"article:publisher\" content=\"https:\/\/www.facebook.com\/AtlantidaMarHotel\/\" \/>\n<meta property=\"article:modified_time\" content=\"2023-07-03T19:01:15+00:00\" \/>\n<meta property=\"og:image\" content=\"https:\/\/atlantidamarhotel.com\/wp-content\/uploads\/2023\/06\/hotel-aparthotel-azores-terceira-island-ilha-atlantida-mar-quarto-room-zimmer-romance.jpg\" \/>\n\t<meta property=\"og:image:width\" content=\"1733\" \/>\n\t<meta property=\"og:image:height\" content=\"1155\" \/>\n\t<meta property=\"og:image:type\" content=\"image\/jpeg\" \/>\n<meta name=\"twitter:card\" content=\"summary_large_image\" \/>\n<meta name=\"twitter:label1\" content=\"Tempo estimado de leitura\" \/>\n\t<meta name=\"twitter:data1\" content=\"1 minuto\" \/>\n<script type=\"application\/ld+json\" class=\"yoast-schema-graph\">{\"@context\":\"https:\/\/schema.org\",\"@graph\":[{\"@type\":\"WebPage\",\"@id\":\"https:\/\/atlantidamarhotel.com\/pt-pt\/ofertas-especiais\/\",\"url\":\"https:\/\/atlantidamarhotel.com\/pt-pt\/ofertas-especiais\/\",\"name\":\"Ofertas Especiais - Atl\u00e2ntida Mar Hotel\",\"isPartOf\":{\"@id\":\"https:\/\/atlantidamarhotel.com\/pt-pt\/#website\"},\"datePublished\":\"2017-01-19T19:10:38+00:00\",\"dateModified\":\"2023-07-03T19:01:15+00:00\",\"description\":\"Explore ofertas exclusivas no Atl\u00e2ntida Mar Hotel! Desfrute de descontos, atualiza\u00e7\u00f5es gratuitas e pacotes especiais para escapadas rom\u00e2nticas e muito mais. Reserve direto e economize!\",\"breadcrumb\":{\"@id\":\"https:\/\/atlantidamarhotel.com\/pt-pt\/ofertas-especiais\/#breadcrumb\"},\"inLanguage\":\"pt-PT\",\"potentialAction\":[{\"@type\":\"ReadAction\",\"target\":[\"https:\/\/atlantidamarhotel.com\/pt-pt\/ofertas-especiais\/\"]}]},{\"@type\":\"BreadcrumbList\",\"@id\":\"https:\/\/atlantidamarhotel.com\/pt-pt\/ofertas-especiais\/#breadcrumb\",\"itemListElement\":[{\"@type\":\"ListItem\",\"position\":1,\"name\":\"Home\",\"item\":\"https:\/\/atlantidamarhotel.com\/pt-pt\/\"},{\"@type\":\"ListItem\",\"position\":2,\"name\":\"Ofertas Especiais\"}]},{\"@type\":\"WebSite\",\"@id\":\"https:\/\/atlantidamarhotel.com\/pt-pt\/#website\",\"url\":\"https:\/\/atlantidamarhotel.com\/pt-pt\/\",\"name\":\"Atl\u00e2ntida Mar Hotel\",\"description\":\"Aparthotel\",\"publisher\":{\"@id\":\"https:\/\/atlantidamarhotel.com\/pt-pt\/#organization\"},\"potentialAction\":[{\"@type\":\"SearchAction\",\"target\":{\"@type\":\"EntryPoint\",\"urlTemplate\":\"https:\/\/atlantidamarhotel.com\/pt-pt\/?s={search_term_string}\"},\"query-input\":\"required name=search_term_string\"}],\"inLanguage\":\"pt-PT\"},{\"@type\":\"Organization\",\"@id\":\"https:\/\/atlantidamarhotel.com\/pt-pt\/#organization\",\"name\":\"Atl\u00e2ntida Mar Hotel\",\"url\":\"https:\/\/atlantidamarhotel.com\/pt-pt\/\",\"logo\":{\"@type\":\"ImageObject\",\"inLanguage\":\"pt-PT\",\"@id\":\"https:\/\/atlantidamarhotel.com\/pt-pt\/#\/schema\/logo\/image\/\",\"url\":\"https:\/\/atlantidamarhotel.com\/wp-content\/uploads\/2016\/12\/logo-Atlantida-mar-hotel-2.png\",\"contentUrl\":\"https:\/\/atlantidamarhotel.com\/wp-content\/uploads\/2016\/12\/logo-Atlantida-mar-hotel-2.png\",\"width\":1600,\"height\":445,\"caption\":\"Atl\u00e2ntida Mar Hotel\"},\"image\":{\"@id\":\"https:\/\/atlantidamarhotel.com\/pt-pt\/#\/schema\/logo\/image\/\"},\"sameAs\":[\"https:\/\/www.facebook.com\/AtlantidaMarHotel\/\"]}]}<\/script>\n<!-- \/ Yoast SEO plugin. -->","yoast_head_json":{"title":"Ofertas Especiais - Atl\u00e2ntida Mar Hotel","description":"Explore ofertas exclusivas no Atl\u00e2ntida Mar Hotel! Desfrute de descontos, atualiza\u00e7\u00f5es gratuitas e pacotes especiais para escapadas rom\u00e2nticas e muito mais. Reserve direto e economize!","robots":{"index":"index","follow":"follow","max-snippet":"max-snippet:-1","max-image-preview":"max-image-preview:large","max-video-preview":"max-video-preview:-1"},"canonical":"https:\/\/atlantidamarhotel.com\/pt-pt\/ofertas-especiais\/","og_locale":"pt_PT","og_type":"article","og_title":"Ofertas Especiais - Atl\u00e2ntida Mar Hotel","og_description":"Explore ofertas exclusivas no Atl\u00e2ntida Mar Hotel! Desfrute de descontos, atualiza\u00e7\u00f5es gratuitas e pacotes especiais para escapadas rom\u00e2nticas e muito mais. Reserve direto e economize!","og_url":"https:\/\/atlantidamarhotel.com\/pt-pt\/ofertas-especiais\/","og_site_name":"Atl\u00e2ntida Mar Hotel","article_publisher":"https:\/\/www.facebook.com\/AtlantidaMarHotel\/","article_modified_time":"2023-07-03T19:01:15+00:00","og_image":[{"width":1733,"height":1155,"url":"https:\/\/atlantidamarhotel.com\/wp-content\/uploads\/2023\/06\/hotel-aparthotel-azores-terceira-island-ilha-atlantida-mar-quarto-room-zimmer-romance.jpg","type":"image\/jpeg"}],"twitter_card":"summary_large_image","twitter_misc":{"Tempo estimado de leitura":"1 minuto"},"schema":{"@context":"https:\/\/schema.org","@graph":[{"@type":"WebPage","@id":"https:\/\/atlantidamarhotel.com\/pt-pt\/ofertas-especiais\/","url":"https:\/\/atlantidamarhotel.com\/pt-pt\/ofertas-especiais\/","name":"Ofertas Especiais - Atl\u00e2ntida Mar Hotel","isPartOf":{"@id":"https:\/\/atlantidamarhotel.com\/pt-pt\/#website"},"datePublished":"2017-01-19T19:10:38+00:00","dateModified":"2023-07-03T19:01:15+00:00","description":"Explore ofertas exclusivas no Atl\u00e2ntida Mar Hotel! Desfrute de descontos, atualiza\u00e7\u00f5es gratuitas e pacotes especiais para escapadas rom\u00e2nticas e muito mais. Reserve direto e economize!","breadcrumb":{"@id":"https:\/\/atlantidamarhotel.com\/pt-pt\/ofertas-especiais\/#breadcrumb"},"inLanguage":"pt-PT","potentialAction":[{"@type":"ReadAction","target":["https:\/\/atlantidamarhotel.com\/pt-pt\/ofertas-especiais\/"]}]},{"@type":"BreadcrumbList","@id":"https:\/\/atlantidamarhotel.com\/pt-pt\/ofertas-especiais\/#breadcrumb","itemListElement":[{"@type":"ListItem","position":1,"name":"Home","item":"https:\/\/atlantidamarhotel.com\/pt-pt\/"},{"@type":"ListItem","position":2,"name":"Ofertas Especiais"}]},{"@type":"WebSite","@id":"https:\/\/atlantidamarhotel.com\/pt-pt\/#website","url":"https:\/\/atlantidamarhotel.com\/pt-pt\/","name":"Atl\u00e2ntida Mar Hotel","description":"Aparthotel","publisher":{"@id":"https:\/\/atlantidamarhotel.com\/pt-pt\/#organization"},"potentialAction":[{"@type":"SearchAction","target":{"@type":"EntryPoint","urlTemplate":"https:\/\/atlantidamarhotel.com\/pt-pt\/?s={search_term_string}"},"query-input":"required name=search_term_string"}],"inLanguage":"pt-PT"},{"@type":"Organization","@id":"https:\/\/atlantidamarhotel.com\/pt-pt\/#organization","name":"Atl\u00e2ntida Mar Hotel","url":"https:\/\/atlantidamarhotel.com\/pt-pt\/","logo":{"@type":"ImageObject","inLanguage":"pt-PT","@id":"https:\/\/atlantidamarhotel.com\/pt-pt\/#\/schema\/logo\/image\/","url":"https:\/\/atlantidamarhotel.com\/wp-content\/uploads\/2016\/12\/logo-Atlantida-mar-hotel-2.png","contentUrl":"https:\/\/atlantidamarhotel.com\/wp-content\/uploads\/2016\/12\/logo-Atlantida-mar-hotel-2.png","width":1600,"height":445,"caption":"Atl\u00e2ntida Mar Hotel"},"image":{"@id":"https:\/\/atlantidamarhotel.com\/pt-pt\/#\/schema\/logo\/image\/"},"sameAs":["https:\/\/www.facebook.com\/AtlantidaMarHotel\/"]}]}},"_links":{"self":[{"href":"https:\/\/atlantidamarhotel.com\/pt-pt\/wp-json\/wp\/v2\/pages\/1665"}],"collection":[{"href":"https:\/\/atlantidamarhotel.com\/pt-pt\/wp-json\/wp\/v2\/pages"}],"about":[{"href":"https:\/\/atlantidamarhotel.com\/pt-pt\/wp-json\/wp\/v2\/types\/page"}],"author":[{"embeddable":true,"href":"https:\/\/atlantidamarhotel.com\/pt-pt\/wp-json\/wp\/v2\/users\/1"}],"replies":[{"embeddable":true,"href":"https:\/\/atlantidamarhotel.com\/pt-pt\/wp-json\/wp\/v2\/comments?post=1665"}],"version-history":[{"count":13,"href":"https:\/\/atlantidamarhotel.com\/pt-pt\/wp-json\/wp\/v2\/pages\/1665\/revisions"}],"predecessor-version":[{"id":6855,"href":"https:\/\/atlantidamarhotel.com\/pt-pt\/wp-json\/wp\/v2\/pages\/1665\/revisions\/6855"}],"wp:featuredmedia":[{"embeddable":true,"href":"https:\/\/atlantidamarhotel.com\/pt-pt\/wp-json\/wp\/v2\/media\/6272"}],"wp:attachment":[{"href":"https:\/\/atlantidamarhotel.com\/pt-pt\/wp-json\/wp\/v2\/media?parent=1665"}],"curies":[{"name":"wp","href":"https:\/\/api.w.org\/{rel}","templated":true}]}}