{"id":1673,"date":"2017-01-25T22:35:17","date_gmt":"2017-01-25T23:35:17","guid":{"rendered":"http:\/\/www.atlantidamarhotel.pt\/special-offers\/direct-booking-promotion\/"},"modified":"2023-07-03T18:05:18","modified_gmt":"2023-07-03T19:05:18","slug":"promocao-reservas-diretas","status":"publish","type":"page","link":"https:\/\/atlantidamarhotel.com\/pt-pt\/ofertas-especiais\/promocao-reservas-diretas\/","title":{"rendered":"Promo\u00e7\u00e3o Reservas Diretas"},"content":{"rendered":"<section class=\"wpb-content-wrapper\"><section class=\"l-section wpb_row height_custom\"><div class=\"l-section-h i-cf\"><div class=\"g-cols vc_row via_flex valign_top type_default stacking_default\"><div class=\"vc_col-sm-12 wpb_column vc_column_container\"><div class=\"vc_column-inner\"><div class=\"wpb_wrapper\"><div class=\"wpb_text_column\"><div class=\"wpb_wrapper\"><p><strong>Reserve diretamente no site do hotel e obtenha at\u00e9 10% de desconto!<\/strong><\/p>\n<p>N\u00e3o perca esta oportunidade de desfrutar o Atl\u00e2ntida Mar Hotel e a ilha Terceira a um pre\u00e7o muito atrativo.<\/p>\n<p>&nbsp;<\/p>\n<p><strong>TERMOS &amp; CONDI\u00c7\u00d5ES:<\/strong><\/p>\n<ul>\n<li>As reservas devem ser feitas diretamente para o Atl\u00e2ntida Mar Hotel pelo telefone 00351 295545800, pelo email\u00a0<a href=\"mailto:reservations@atlantidamarhotel.pt\">reservations@atlantidamarhotel.pt<\/a>\u00a0referindo a \u201cPromo\u00e7\u00e3o Reservas Diretas\u201d, ou atrav\u00e9s do site do hotel<\/li>\n<li>N\u00e3o acumul\u00e1vel com outras ofertas especiais<\/li>\n<li>N\u00e3o comission\u00e1vel a terceiros<\/li>\n<li>As reservas devem ser garantidas atrav\u00e9s de cart\u00e3o de cr\u00e9dito v\u00e1lido<\/li>\n<li>N\u00e3o \u00e9 necess\u00e1rio pagamento antecipado. O pagamento \u00e9 efetuado no check-in<\/li>\n<li>Aplica-se a Pol\u00edtica de Cancelamento do Hotel<\/li>\n<li>O desconto \u00e9 vari\u00e1vel consoante a \u00e9poca do ano.<\/li>\n<\/ul>\n<h3 style=\"text-align: center;\">Tamb\u00e9m pode gostar<\/h3>\n<\/div><\/div><\/div><\/div><\/div><\/div><\/div><\/section><section class=\"l-section wpb_row us_custom_5cd26a65 height_custom\"><div class=\"l-section-h i-cf\"><div class=\"g-cols vc_row via_flex valign_top type_default stacking_default\"><div class=\"vc_col-sm-4 wpb_column vc_column_container\"><div class=\"vc_column-inner\"><div class=\"wpb_wrapper\"><div class=\"w-image has_ratio align_center\"><div class=\"w-image-h\"><div style=\"padding-bottom:56.25%\"><\/div><img width=\"1024\" height=\"682\" src=\"https:\/\/atlantidamarhotel.com\/wp-content\/uploads\/2023\/06\/hotel-aparthotel-azores-terceira-island-ilha-atlantida-mar-piscina-pool-exterior-relax-esplanada-1024x682.jpg\" class=\"attachment-large size-large\" alt=\"\" decoding=\"async\" loading=\"lazy\" srcset=\"https:\/\/atlantidamarhotel.com\/wp-content\/uploads\/2023\/06\/hotel-aparthotel-azores-terceira-island-ilha-atlantida-mar-piscina-pool-exterior-relax-esplanada-1024x682.jpg 1024w, https:\/\/atlantidamarhotel.com\/wp-content\/uploads\/2023\/06\/hotel-aparthotel-azores-terceira-island-ilha-atlantida-mar-piscina-pool-exterior-relax-esplanada-300x200.jpg 300w, https:\/\/atlantidamarhotel.com\/wp-content\/uploads\/2023\/06\/hotel-aparthotel-azores-terceira-island-ilha-atlantida-mar-piscina-pool-exterior-relax-esplanada.jpg 1661w\" sizes=\"(max-width: 1024px) 100vw, 1024px\" \/><\/div><\/div><div class=\"w-separator size_small\"><\/div><div class=\"wpb_text_column\"><div class=\"wpb_wrapper\"><h5 style=\"text-align: center;\">GARANTIA DO MELHOR PRE\u00c7O<\/h5>\n<p style=\"text-align: center;\">Prometemos o melhor pre\u00e7o para os h\u00f3spedes que reservem diretamente connosco.<\/p>\n<\/div><\/div><div class=\"w-separator size_small\"><\/div><div class=\"w-btn-wrapper align_center\"><a class=\"w-btn us-btn-style_1\" title=\"GARANTIA DO MELHOR PRE\u00c7O\" href=\"https:\/\/atlantidamarhotel.com\/pt-pt\/ofertas-especiais\/garantia-do-melhor-preco\/\"><span class=\"w-btn-label\">descobrir<\/span><\/a><\/div><\/div><\/div><\/div><div class=\"vc_col-sm-4 wpb_column vc_column_container\"><div class=\"vc_column-inner\"><div class=\"wpb_wrapper\"><div class=\"w-image has_ratio align_center\"><div class=\"w-image-h\"><div style=\"padding-bottom:56.25%\"><\/div><img width=\"1024\" height=\"682\" src=\"https:\/\/atlantidamarhotel.com\/wp-content\/uploads\/2023\/06\/hotel-aparthotel-azores-terceira-island-ilha-atlantida-mar-quarto-room-zimmer-romance-1024x682.jpg\" class=\"attachment-large size-large\" alt=\"\" decoding=\"async\" loading=\"lazy\" srcset=\"https:\/\/atlantidamarhotel.com\/wp-content\/uploads\/2023\/06\/hotel-aparthotel-azores-terceira-island-ilha-atlantida-mar-quarto-room-zimmer-romance-1024x682.jpg 1024w, https:\/\/atlantidamarhotel.com\/wp-content\/uploads\/2023\/06\/hotel-aparthotel-azores-terceira-island-ilha-atlantida-mar-quarto-room-zimmer-romance-300x200.jpg 300w, https:\/\/atlantidamarhotel.com\/wp-content\/uploads\/2023\/06\/hotel-aparthotel-azores-terceira-island-ilha-atlantida-mar-quarto-room-zimmer-romance.jpg 1733w\" sizes=\"(max-width: 1024px) 100vw, 1024px\" \/><\/div><\/div><div class=\"w-separator size_small\"><\/div><div class=\"wpb_text_column\"><div class=\"wpb_wrapper\"><h5 style=\"text-align: center;\">ESCAPADINHA ROM\u00c2NTICA<\/h5>\n<p style=\"text-align: center;\">O Atl\u00e2ntida Mar Hotel oferece-lhe a possibilidade de celebrar momentos \u2026<\/p>\n<\/div><\/div><div class=\"w-separator size_small\"><\/div><div class=\"w-btn-wrapper align_center\"><a class=\"w-btn us-btn-style_1\" title=\"Escapadinha rom\u00e2ntica\" href=\"https:\/\/atlantidamarhotel.com\/pt-pt\/ofertas-especiais\/escapadinha-romantica\/\"><span class=\"w-btn-label\">descobrir<\/span><\/a><\/div><\/div><\/div><\/div><div class=\"vc_col-sm-4 wpb_column vc_column_container\"><div class=\"vc_column-inner\"><div class=\"wpb_wrapper\"><div class=\"w-image has_ratio align_center\"><div class=\"w-image-h\"><div style=\"padding-bottom:56.25%\"><\/div><img width=\"1024\" height=\"683\" src=\"https:\/\/atlantidamarhotel.com\/wp-content\/uploads\/2021\/11\/hotel-aparthotel-quarto-bedroom-zimmer-azores-terceira-island-ilha-suite-duplex-sea-mar-cama-bed-1024x683.jpg\" class=\"attachment-large size-large\" alt=\"\" decoding=\"async\" loading=\"lazy\" srcset=\"https:\/\/atlantidamarhotel.com\/wp-content\/uploads\/2021\/11\/hotel-aparthotel-quarto-bedroom-zimmer-azores-terceira-island-ilha-suite-duplex-sea-mar-cama-bed-1024x683.jpg 1024w, https:\/\/atlantidamarhotel.com\/wp-content\/uploads\/2021\/11\/hotel-aparthotel-quarto-bedroom-zimmer-azores-terceira-island-ilha-suite-duplex-sea-mar-cama-bed-300x200.jpg 300w, https:\/\/atlantidamarhotel.com\/wp-content\/uploads\/2021\/11\/hotel-aparthotel-quarto-bedroom-zimmer-azores-terceira-island-ilha-suite-duplex-sea-mar-cama-bed.jpg 1846w\" sizes=\"(max-width: 1024px) 100vw, 1024px\" \/><\/div><\/div><div class=\"w-separator size_small\"><\/div><div class=\"wpb_text_column\"><div class=\"wpb_wrapper\"><h5 style=\"text-align: center;\">UPGRADE GRATU\u00cdTO<\/h5>\n<p style=\"text-align: center;\">Aproveite esta oferta e fa\u00e7a umas f\u00e9rias inesquec\u00edveis no Atl\u00e2ntida Mar Hotel!<\/p>\n<\/div><\/div><div class=\"w-separator size_small\"><\/div><div class=\"w-btn-wrapper align_center\"><a class=\"w-btn us-btn-style_1\" title=\"Upgrade gratuito\" href=\"https:\/\/atlantidamarhotel.com\/pt-pt\/ofertas-especiais\/upgrade-gratuito\/\"><span class=\"w-btn-label\">descobrir<\/span><\/a><\/div><\/div><\/div><\/div><\/div><\/div><\/section>\n<\/section>","protected":false},"excerpt":{"rendered":"Reserve diretamente no site do hotel e obtenha at\u00e9 10% de desconto! N\u00e3o perca esta oportunidade de desfrutar o Atl\u00e2ntida Mar Hotel e a ilha Terceira a um pre\u00e7o muito atrativo. &nbsp; TERMOS &amp; CONDI\u00c7\u00d5ES: As reservas devem ser feitas diretamente para o Atl\u00e2ntida Mar Hotel pelo telefone 00351 295545800, pelo email\u00a0reservations@atlantidamarhotel.pt\u00a0referindo a \u201cPromo\u00e7\u00e3o Reservas...","protected":false},"author":1,"featured_media":6282,"parent":1665,"menu_order":0,"comment_status":"closed","ping_status":"closed","template":"","meta":{"_monsterinsights_skip_tracking":false,"_monsterinsights_sitenote_active":false,"_monsterinsights_sitenote_note":"","_monsterinsights_sitenote_category":0},"acf":[],"yoast_head":"<!-- This site is optimized with the Yoast SEO plugin v20.12 - https:\/\/yoast.com\/wordpress\/plugins\/seo\/ -->\n<title>Promo\u00e7\u00e3o Reservas Diretas - Atl\u00e2ntida Mar Hotel<\/title>\n<meta name=\"description\" content=\"Reserve diretamente com o Atl\u00e2ntida Mar Hotel e receba at\u00e9 10% de desconto na sua estadia. Desfrute do luxo e explore a Ilha Terceira a um pre\u00e7o imbat\u00edvel.\" \/>\n<meta name=\"robots\" content=\"index, follow, max-snippet:-1, max-image-preview:large, max-video-preview:-1\" \/>\n<link rel=\"canonical\" href=\"https:\/\/atlantidamarhotel.com\/pt-pt\/ofertas-especiais\/promocao-reservas-diretas\/\" \/>\n<meta property=\"og:locale\" content=\"pt_PT\" \/>\n<meta property=\"og:type\" content=\"article\" \/>\n<meta property=\"og:title\" content=\"Promo\u00e7\u00e3o Reservas Diretas - Atl\u00e2ntida Mar Hotel\" \/>\n<meta property=\"og:description\" content=\"Reserve diretamente com o Atl\u00e2ntida Mar Hotel e receba at\u00e9 10% de desconto na sua estadia. Desfrute do luxo e explore a Ilha Terceira a um pre\u00e7o imbat\u00edvel.\" \/>\n<meta property=\"og:url\" content=\"https:\/\/atlantidamarhotel.com\/pt-pt\/ofertas-especiais\/promocao-reservas-diretas\/\" \/>\n<meta property=\"og:site_name\" content=\"Atl\u00e2ntida Mar Hotel\" \/>\n<meta property=\"article:publisher\" content=\"https:\/\/www.facebook.com\/AtlantidaMarHotel\/\" \/>\n<meta property=\"article:modified_time\" content=\"2023-07-03T19:05:18+00:00\" \/>\n<meta property=\"og:image\" content=\"https:\/\/atlantidamarhotel.com\/wp-content\/uploads\/2023\/06\/hotel-aparthotel-quarto-bedroom-zimmer-azores-terceira-island-ilha-hall-superior.jpg\" \/>\n\t<meta property=\"og:image:width\" content=\"1710\" \/>\n\t<meta property=\"og:image:height\" content=\"1140\" \/>\n\t<meta property=\"og:image:type\" content=\"image\/jpeg\" \/>\n<meta name=\"twitter:card\" content=\"summary_large_image\" \/>\n<meta name=\"twitter:label1\" content=\"Tempo estimado de leitura\" \/>\n\t<meta name=\"twitter:data1\" content=\"1 minuto\" \/>\n<script type=\"application\/ld+json\" class=\"yoast-schema-graph\">{\"@context\":\"https:\/\/schema.org\",\"@graph\":[{\"@type\":\"WebPage\",\"@id\":\"https:\/\/atlantidamarhotel.com\/pt-pt\/ofertas-especiais\/promocao-reservas-diretas\/\",\"url\":\"https:\/\/atlantidamarhotel.com\/pt-pt\/ofertas-especiais\/promocao-reservas-diretas\/\",\"name\":\"Promo\u00e7\u00e3o Reservas Diretas - Atl\u00e2ntida Mar Hotel\",\"isPartOf\":{\"@id\":\"https:\/\/atlantidamarhotel.com\/pt-pt\/#website\"},\"datePublished\":\"2017-01-25T23:35:17+00:00\",\"dateModified\":\"2023-07-03T19:05:18+00:00\",\"description\":\"Reserve diretamente com o Atl\u00e2ntida Mar Hotel e receba at\u00e9 10% de desconto na sua estadia. Desfrute do luxo e explore a Ilha Terceira a um pre\u00e7o imbat\u00edvel.\",\"breadcrumb\":{\"@id\":\"https:\/\/atlantidamarhotel.com\/pt-pt\/ofertas-especiais\/promocao-reservas-diretas\/#breadcrumb\"},\"inLanguage\":\"pt-PT\",\"potentialAction\":[{\"@type\":\"ReadAction\",\"target\":[\"https:\/\/atlantidamarhotel.com\/pt-pt\/ofertas-especiais\/promocao-reservas-diretas\/\"]}]},{\"@type\":\"BreadcrumbList\",\"@id\":\"https:\/\/atlantidamarhotel.com\/pt-pt\/ofertas-especiais\/promocao-reservas-diretas\/#breadcrumb\",\"itemListElement\":[{\"@type\":\"ListItem\",\"position\":1,\"name\":\"Home\",\"item\":\"https:\/\/atlantidamarhotel.com\/pt-pt\/\"},{\"@type\":\"ListItem\",\"position\":2,\"name\":\"Ofertas Especiais\",\"item\":\"https:\/\/atlantidamarhotel.com\/pt-pt\/ofertas-especiais\/\"},{\"@type\":\"ListItem\",\"position\":3,\"name\":\"Promo\u00e7\u00e3o Reservas Diretas\"}]},{\"@type\":\"WebSite\",\"@id\":\"https:\/\/atlantidamarhotel.com\/pt-pt\/#website\",\"url\":\"https:\/\/atlantidamarhotel.com\/pt-pt\/\",\"name\":\"Atl\u00e2ntida Mar Hotel\",\"description\":\"Aparthotel\",\"publisher\":{\"@id\":\"https:\/\/atlantidamarhotel.com\/pt-pt\/#organization\"},\"potentialAction\":[{\"@type\":\"SearchAction\",\"target\":{\"@type\":\"EntryPoint\",\"urlTemplate\":\"https:\/\/atlantidamarhotel.com\/pt-pt\/?s={search_term_string}\"},\"query-input\":\"required name=search_term_string\"}],\"inLanguage\":\"pt-PT\"},{\"@type\":\"Organization\",\"@id\":\"https:\/\/atlantidamarhotel.com\/pt-pt\/#organization\",\"name\":\"Atl\u00e2ntida Mar Hotel\",\"url\":\"https:\/\/atlantidamarhotel.com\/pt-pt\/\",\"logo\":{\"@type\":\"ImageObject\",\"inLanguage\":\"pt-PT\",\"@id\":\"https:\/\/atlantidamarhotel.com\/pt-pt\/#\/schema\/logo\/image\/\",\"url\":\"https:\/\/atlantidamarhotel.com\/wp-content\/uploads\/2016\/12\/logo-Atlantida-mar-hotel-2.png\",\"contentUrl\":\"https:\/\/atlantidamarhotel.com\/wp-content\/uploads\/2016\/12\/logo-Atlantida-mar-hotel-2.png\",\"width\":1600,\"height\":445,\"caption\":\"Atl\u00e2ntida Mar Hotel\"},\"image\":{\"@id\":\"https:\/\/atlantidamarhotel.com\/pt-pt\/#\/schema\/logo\/image\/\"},\"sameAs\":[\"https:\/\/www.facebook.com\/AtlantidaMarHotel\/\"]}]}<\/script>\n<!-- \/ Yoast SEO plugin. -->","yoast_head_json":{"title":"Promo\u00e7\u00e3o Reservas Diretas - Atl\u00e2ntida Mar Hotel","description":"Reserve diretamente com o Atl\u00e2ntida Mar Hotel e receba at\u00e9 10% de desconto na sua estadia. Desfrute do luxo e explore a Ilha Terceira a um pre\u00e7o imbat\u00edvel.","robots":{"index":"index","follow":"follow","max-snippet":"max-snippet:-1","max-image-preview":"max-image-preview:large","max-video-preview":"max-video-preview:-1"},"canonical":"https:\/\/atlantidamarhotel.com\/pt-pt\/ofertas-especiais\/promocao-reservas-diretas\/","og_locale":"pt_PT","og_type":"article","og_title":"Promo\u00e7\u00e3o Reservas Diretas - Atl\u00e2ntida Mar Hotel","og_description":"Reserve diretamente com o Atl\u00e2ntida Mar Hotel e receba at\u00e9 10% de desconto na sua estadia. Desfrute do luxo e explore a Ilha Terceira a um pre\u00e7o imbat\u00edvel.","og_url":"https:\/\/atlantidamarhotel.com\/pt-pt\/ofertas-especiais\/promocao-reservas-diretas\/","og_site_name":"Atl\u00e2ntida Mar Hotel","article_publisher":"https:\/\/www.facebook.com\/AtlantidaMarHotel\/","article_modified_time":"2023-07-03T19:05:18+00:00","og_image":[{"width":1710,"height":1140,"url":"https:\/\/atlantidamarhotel.com\/wp-content\/uploads\/2023\/06\/hotel-aparthotel-quarto-bedroom-zimmer-azores-terceira-island-ilha-hall-superior.jpg","type":"image\/jpeg"}],"twitter_card":"summary_large_image","twitter_misc":{"Tempo estimado de leitura":"1 minuto"},"schema":{"@context":"https:\/\/schema.org","@graph":[{"@type":"WebPage","@id":"https:\/\/atlantidamarhotel.com\/pt-pt\/ofertas-especiais\/promocao-reservas-diretas\/","url":"https:\/\/atlantidamarhotel.com\/pt-pt\/ofertas-especiais\/promocao-reservas-diretas\/","name":"Promo\u00e7\u00e3o Reservas Diretas - Atl\u00e2ntida Mar Hotel","isPartOf":{"@id":"https:\/\/atlantidamarhotel.com\/pt-pt\/#website"},"datePublished":"2017-01-25T23:35:17+00:00","dateModified":"2023-07-03T19:05:18+00:00","description":"Reserve diretamente com o Atl\u00e2ntida Mar Hotel e receba at\u00e9 10% de desconto na sua estadia. Desfrute do luxo e explore a Ilha Terceira a um pre\u00e7o imbat\u00edvel.","breadcrumb":{"@id":"https:\/\/atlantidamarhotel.com\/pt-pt\/ofertas-especiais\/promocao-reservas-diretas\/#breadcrumb"},"inLanguage":"pt-PT","potentialAction":[{"@type":"ReadAction","target":["https:\/\/atlantidamarhotel.com\/pt-pt\/ofertas-especiais\/promocao-reservas-diretas\/"]}]},{"@type":"BreadcrumbList","@id":"https:\/\/atlantidamarhotel.com\/pt-pt\/ofertas-especiais\/promocao-reservas-diretas\/#breadcrumb","itemListElement":[{"@type":"ListItem","position":1,"name":"Home","item":"https:\/\/atlantidamarhotel.com\/pt-pt\/"},{"@type":"ListItem","position":2,"name":"Ofertas Especiais","item":"https:\/\/atlantidamarhotel.com\/pt-pt\/ofertas-especiais\/"},{"@type":"ListItem","position":3,"name":"Promo\u00e7\u00e3o Reservas Diretas"}]},{"@type":"WebSite","@id":"https:\/\/atlantidamarhotel.com\/pt-pt\/#website","url":"https:\/\/atlantidamarhotel.com\/pt-pt\/","name":"Atl\u00e2ntida Mar Hotel","description":"Aparthotel","publisher":{"@id":"https:\/\/atlantidamarhotel.com\/pt-pt\/#organization"},"potentialAction":[{"@type":"SearchAction","target":{"@type":"EntryPoint","urlTemplate":"https:\/\/atlantidamarhotel.com\/pt-pt\/?s={search_term_string}"},"query-input":"required name=search_term_string"}],"inLanguage":"pt-PT"},{"@type":"Organization","@id":"https:\/\/atlantidamarhotel.com\/pt-pt\/#organization","name":"Atl\u00e2ntida Mar Hotel","url":"https:\/\/atlantidamarhotel.com\/pt-pt\/","logo":{"@type":"ImageObject","inLanguage":"pt-PT","@id":"https:\/\/atlantidamarhotel.com\/pt-pt\/#\/schema\/logo\/image\/","url":"https:\/\/atlantidamarhotel.com\/wp-content\/uploads\/2016\/12\/logo-Atlantida-mar-hotel-2.png","contentUrl":"https:\/\/atlantidamarhotel.com\/wp-content\/uploads\/2016\/12\/logo-Atlantida-mar-hotel-2.png","width":1600,"height":445,"caption":"Atl\u00e2ntida Mar Hotel"},"image":{"@id":"https:\/\/atlantidamarhotel.com\/pt-pt\/#\/schema\/logo\/image\/"},"sameAs":["https:\/\/www.facebook.com\/AtlantidaMarHotel\/"]}]}},"_links":{"self":[{"href":"https:\/\/atlantidamarhotel.com\/pt-pt\/wp-json\/wp\/v2\/pages\/1673"}],"collection":[{"href":"https:\/\/atlantidamarhotel.com\/pt-pt\/wp-json\/wp\/v2\/pages"}],"about":[{"href":"https:\/\/atlantidamarhotel.com\/pt-pt\/wp-json\/wp\/v2\/types\/page"}],"author":[{"embeddable":true,"href":"https:\/\/atlantidamarhotel.com\/pt-pt\/wp-json\/wp\/v2\/users\/1"}],"replies":[{"embeddable":true,"href":"https:\/\/atlantidamarhotel.com\/pt-pt\/wp-json\/wp\/v2\/comments?post=1673"}],"version-history":[{"count":16,"href":"https:\/\/atlantidamarhotel.com\/pt-pt\/wp-json\/wp\/v2\/pages\/1673\/revisions"}],"predecessor-version":[{"id":6860,"href":"https:\/\/atlantidamarhotel.com\/pt-pt\/wp-json\/wp\/v2\/pages\/1673\/revisions\/6860"}],"up":[{"embeddable":true,"href":"https:\/\/atlantidamarhotel.com\/pt-pt\/wp-json\/wp\/v2\/pages\/1665"}],"wp:featuredmedia":[{"embeddable":true,"href":"https:\/\/atlantidamarhotel.com\/pt-pt\/wp-json\/wp\/v2\/media\/6282"}],"wp:attachment":[{"href":"https:\/\/atlantidamarhotel.com\/pt-pt\/wp-json\/wp\/v2\/media?parent=1673"}],"curies":[{"name":"wp","href":"https:\/\/api.w.org\/{rel}","templated":true}]}}