{"id":1675,"date":"2017-01-19T18:21:35","date_gmt":"2017-01-19T19:21:35","guid":{"rendered":"http:\/\/www.atlantidamarhotel.pt\/special-offers\/non-refundable-rate\/"},"modified":"2023-06-30T12:42:30","modified_gmt":"2023-06-30T13:42:30","slug":"garantia-do-melhor-preco","status":"publish","type":"page","link":"https:\/\/atlantidamarhotel.com\/pt-pt\/ofertas-especiais\/garantia-do-melhor-preco\/","title":{"rendered":"Garantia do Melhor Pre\u00e7o"},"content":{"rendered":"<section class=\"wpb-content-wrapper\"><section class=\"l-section wpb_row height_custom\"><div class=\"l-section-h i-cf\"><div class=\"g-cols vc_row via_flex valign_top type_default stacking_default\"><div class=\"vc_col-sm-12 wpb_column vc_column_container\"><div class=\"vc_column-inner\"><div class=\"wpb_wrapper\"><div class=\"wpb_text_column\"><div class=\"wpb_wrapper\"><p style=\"text-align: center;\"><strong>O Atl\u00e2ntida Mar Hotel oferece um pre\u00e7o melhor do que ir\u00e1 encontrar noutros sites de viagens que apresentam o nosso hotel.<\/strong><\/p>\n<p>Se encontrar em algum s\u00edtio um pre\u00e7o melhor do que o encontrado ao reservar um quarto diretamente connosco, oferecemos-lhe um melhor pre\u00e7o do que o que encontrou.<\/p>\n<p>Para que possamos honrar a garantia de melhor pre\u00e7o, dever\u00e1 enviar um email para <a href=\"mailto:reservations@atlantidamarhotel.pt\">reservations@atlantidamarhotel.pt<\/a>\u00a0com um documento em anexo com a sua reserva ou a simula\u00e7\u00e3o de reserva, onde dever\u00e1 estar claramente identificado:<\/p>\n<ul>\n<li>o site onde foi feita a reserva ou simula\u00e7\u00e3o de reserva;<\/li>\n<li>o tipo de quarto;<\/li>\n<li>o n\u00famero de pessoas e idades;<\/li>\n<li>datas da estadia;<\/li>\n<li>o pre\u00e7o encontrado.<\/li>\n<\/ul>\n<p>O Atl\u00e2ntida Mar Hotel honrar\u00e1 o pre\u00e7o mais baixo dispon\u00edvel para o mesmo tipo de quarto, n\u00famero de pessoas com a mesma idade no quarto e mesmas datas e dura\u00e7\u00e3o da estadia, oferecendo um desconto de 5% por cada noite para a qual foi encontrado o pre\u00e7o mais baixo, ou 5% de desconto sobre o total da reserva encontrada, se n\u00e3o for discriminado por dias.<\/p>\n<p style=\"text-align: center;\"><strong>Prometemos o melhor pre\u00e7o para os h\u00f3spedes que reservem diretamente connosco. Encontre um pre\u00e7o melhor e n\u00f3s ofereceremos um pre\u00e7o ainda melhor, garantido.<\/strong><\/p>\n<h3 style=\"text-align: center;\">Tamb\u00e9m pode gostar<\/h3>\n<\/div><\/div><\/div><\/div><\/div><\/div><\/div><\/section><section class=\"l-section wpb_row height_custom\"><div class=\"l-section-h i-cf\"><div class=\"g-cols vc_row via_flex valign_top type_default stacking_default\"><div class=\"vc_col-sm-4 wpb_column vc_column_container\"><div class=\"vc_column-inner\"><div class=\"wpb_wrapper\"><div class=\"w-image has_ratio align_center\"><div class=\"w-image-h\"><div style=\"padding-bottom:56.25%\"><\/div><img width=\"1024\" height=\"683\" src=\"https:\/\/atlantidamarhotel.com\/wp-content\/uploads\/2023\/06\/hotel-aparthotel-quarto-bedroom-zimmer-azores-terceira-island-ilha-hall-superior-1024x683.jpg\" class=\"attachment-large size-large\" alt=\"\" decoding=\"async\" loading=\"lazy\" srcset=\"https:\/\/atlantidamarhotel.com\/wp-content\/uploads\/2023\/06\/hotel-aparthotel-quarto-bedroom-zimmer-azores-terceira-island-ilha-hall-superior-1024x683.jpg 1024w, https:\/\/atlantidamarhotel.com\/wp-content\/uploads\/2023\/06\/hotel-aparthotel-quarto-bedroom-zimmer-azores-terceira-island-ilha-hall-superior-300x200.jpg 300w, https:\/\/atlantidamarhotel.com\/wp-content\/uploads\/2023\/06\/hotel-aparthotel-quarto-bedroom-zimmer-azores-terceira-island-ilha-hall-superior.jpg 1710w\" sizes=\"(max-width: 1024px) 100vw, 1024px\" \/><\/div><\/div><div class=\"w-separator size_small\"><\/div><div class=\"wpb_text_column\"><div class=\"wpb_wrapper\"><h5 style=\"text-align: center;\">PROMO\u00c7\u00c3O RESERVAS DIRETAS<\/h5>\n<p style=\"text-align: center;\">Reserve diretamente no site do hotel e obtenha at\u00e9 10% de desconto!<\/p>\n<\/div><\/div><div class=\"w-separator size_small\"><\/div><div class=\"w-btn-wrapper align_center\"><a class=\"w-btn us-btn-style_1\" title=\"Promo\u00e7\u00e3o reservas diretas\" href=\"https:\/\/atlantidamarhotel.com\/pt-pt\/ofertas-especiais\/promocao-reservas-diretas\/\"><span class=\"w-btn-label\">descobrir<\/span><\/a><\/div><\/div><\/div><\/div><div class=\"vc_col-sm-4 wpb_column vc_column_container\"><div class=\"vc_column-inner\"><div class=\"wpb_wrapper\"><div class=\"w-image has_ratio align_center\"><div class=\"w-image-h\"><div style=\"padding-bottom:56.25%\"><\/div><img width=\"1024\" height=\"682\" src=\"https:\/\/atlantidamarhotel.com\/wp-content\/uploads\/2023\/06\/hotel-aparthotel-azores-terceira-island-ilha-atlantida-mar-quarto-room-zimmer-romance-1024x682.jpg\" class=\"attachment-large size-large\" alt=\"\" decoding=\"async\" loading=\"lazy\" srcset=\"https:\/\/atlantidamarhotel.com\/wp-content\/uploads\/2023\/06\/hotel-aparthotel-azores-terceira-island-ilha-atlantida-mar-quarto-room-zimmer-romance-1024x682.jpg 1024w, https:\/\/atlantidamarhotel.com\/wp-content\/uploads\/2023\/06\/hotel-aparthotel-azores-terceira-island-ilha-atlantida-mar-quarto-room-zimmer-romance-300x200.jpg 300w, https:\/\/atlantidamarhotel.com\/wp-content\/uploads\/2023\/06\/hotel-aparthotel-azores-terceira-island-ilha-atlantida-mar-quarto-room-zimmer-romance.jpg 1733w\" sizes=\"(max-width: 1024px) 100vw, 1024px\" \/><\/div><\/div><div class=\"w-separator size_small\"><\/div><div class=\"wpb_text_column\"><div class=\"wpb_wrapper\"><h5 style=\"text-align: center;\">ESCAPADINHA ROM\u00c2NTICA<\/h5>\n<p style=\"text-align: center;\">O Atl\u00e2ntida Mar Hotel oferece-lhe a possibilidade de celebrar \u2026<\/p>\n<\/div><\/div><div class=\"w-separator size_small\"><\/div><div class=\"w-btn-wrapper align_center\"><a class=\"w-btn us-btn-style_1\" title=\"Escapadinha rom\u00e2ntica\" href=\"https:\/\/atlantidamarhotel.com\/pt-pt\/ofertas-especiais\/escapadinha-romantica\/\"><span class=\"w-btn-label\">descobrir<\/span><\/a><\/div><\/div><\/div><\/div><div class=\"vc_col-sm-4 wpb_column vc_column_container\"><div class=\"vc_column-inner\"><div class=\"wpb_wrapper\"><div class=\"w-image has_ratio align_center\"><div class=\"w-image-h\"><div style=\"padding-bottom:56.25%\"><\/div><img width=\"1024\" height=\"683\" src=\"https:\/\/atlantidamarhotel.com\/wp-content\/uploads\/2021\/11\/hotel-aparthotel-quarto-bedroom-zimmer-azores-terceira-island-ilha-suite-duplex-sea-mar-cama-bed-1024x683.jpg\" class=\"attachment-large size-large\" alt=\"\" decoding=\"async\" loading=\"lazy\" srcset=\"https:\/\/atlantidamarhotel.com\/wp-content\/uploads\/2021\/11\/hotel-aparthotel-quarto-bedroom-zimmer-azores-terceira-island-ilha-suite-duplex-sea-mar-cama-bed-1024x683.jpg 1024w, https:\/\/atlantidamarhotel.com\/wp-content\/uploads\/2021\/11\/hotel-aparthotel-quarto-bedroom-zimmer-azores-terceira-island-ilha-suite-duplex-sea-mar-cama-bed-300x200.jpg 300w, https:\/\/atlantidamarhotel.com\/wp-content\/uploads\/2021\/11\/hotel-aparthotel-quarto-bedroom-zimmer-azores-terceira-island-ilha-suite-duplex-sea-mar-cama-bed.jpg 1846w\" sizes=\"(max-width: 1024px) 100vw, 1024px\" \/><\/div><\/div><div class=\"w-separator size_small\"><\/div><div class=\"wpb_text_column\"><div class=\"wpb_wrapper\"><h5 style=\"text-align: center;\">UPGRADE GRATU\u00cdTO<\/h5>\n<p style=\"text-align: center;\">Aproveite esta oferta e fa\u00e7a umas f\u00e9rias inesquec\u00edveis no Atl\u00e2ntida \u2026<\/p>\n<\/div><\/div><div class=\"w-separator size_small\"><\/div><div class=\"w-btn-wrapper align_center\"><a class=\"w-btn us-btn-style_1\" title=\"Upgrade gratuito\" href=\"https:\/\/atlantidamarhotel.com\/pt-pt\/ofertas-especiais\/upgrade-gratuito\/\"><span class=\"w-btn-label\">descobrir<\/span><\/a><\/div><\/div><\/div><\/div><\/div><\/div><\/section>\n<\/section>","protected":false},"excerpt":{"rendered":"O Atl\u00e2ntida Mar Hotel oferece um pre\u00e7o melhor do que ir\u00e1 encontrar noutros sites de viagens que apresentam o nosso hotel. Se encontrar em algum s\u00edtio um pre\u00e7o melhor do que o encontrado ao reservar um quarto diretamente connosco, oferecemos-lhe um melhor pre\u00e7o do que o que encontrou. Para que possamos honrar a garantia de...","protected":false},"author":1,"featured_media":6279,"parent":1665,"menu_order":0,"comment_status":"closed","ping_status":"closed","template":"","meta":{"_monsterinsights_skip_tracking":false,"_monsterinsights_sitenote_active":false,"_monsterinsights_sitenote_note":"","_monsterinsights_sitenote_category":0},"acf":[],"yoast_head":"<!-- This site is optimized with the Yoast SEO plugin v20.12 - https:\/\/yoast.com\/wordpress\/plugins\/seo\/ -->\n<title>Garantia do Melhor Pre\u00e7o - Atl\u00e2ntida Mar Hotel<\/title>\n<meta name=\"description\" content=\"Reserve diretamente com o Atlantida Mar Hotel para obter o melhor pre\u00e7o. Encontrou um pre\u00e7o melhor noutro s\u00edtio? Oferecemos um desconto adicional de 5%. Experimente o luxo por menos.\" \/>\n<meta name=\"robots\" content=\"index, follow, max-snippet:-1, max-image-preview:large, max-video-preview:-1\" \/>\n<link rel=\"canonical\" href=\"https:\/\/atlantidamarhotel.com\/pt-pt\/ofertas-especiais\/garantia-do-melhor-preco\/\" \/>\n<meta property=\"og:locale\" content=\"pt_PT\" \/>\n<meta property=\"og:type\" content=\"article\" \/>\n<meta property=\"og:title\" content=\"Garantia do Melhor Pre\u00e7o - Atl\u00e2ntida Mar Hotel\" \/>\n<meta property=\"og:description\" content=\"Reserve diretamente com o Atlantida Mar Hotel para obter o melhor pre\u00e7o. Encontrou um pre\u00e7o melhor noutro s\u00edtio? Oferecemos um desconto adicional de 5%. Experimente o luxo por menos.\" \/>\n<meta property=\"og:url\" content=\"https:\/\/atlantidamarhotel.com\/pt-pt\/ofertas-especiais\/garantia-do-melhor-preco\/\" \/>\n<meta property=\"og:site_name\" content=\"Atl\u00e2ntida Mar Hotel\" \/>\n<meta property=\"article:publisher\" content=\"https:\/\/www.facebook.com\/AtlantidaMarHotel\/\" \/>\n<meta property=\"article:modified_time\" content=\"2023-06-30T13:42:30+00:00\" \/>\n<meta property=\"og:image\" content=\"https:\/\/atlantidamarhotel.com\/wp-content\/uploads\/2023\/06\/hotel-aparthotel-azores-terceira-island-ilha-atlantida-mar-piscina-pool-exterior-relax-esplanada.jpg\" \/>\n\t<meta property=\"og:image:width\" content=\"1661\" \/>\n\t<meta property=\"og:image:height\" content=\"1107\" \/>\n\t<meta property=\"og:image:type\" content=\"image\/jpeg\" \/>\n<meta name=\"twitter:card\" content=\"summary_large_image\" \/>\n<meta name=\"twitter:label1\" content=\"Tempo estimado de leitura\" \/>\n\t<meta name=\"twitter:data1\" content=\"2 minutos\" \/>\n<script type=\"application\/ld+json\" class=\"yoast-schema-graph\">{\"@context\":\"https:\/\/schema.org\",\"@graph\":[{\"@type\":\"WebPage\",\"@id\":\"https:\/\/atlantidamarhotel.com\/pt-pt\/ofertas-especiais\/garantia-do-melhor-preco\/\",\"url\":\"https:\/\/atlantidamarhotel.com\/pt-pt\/ofertas-especiais\/garantia-do-melhor-preco\/\",\"name\":\"Garantia do Melhor Pre\u00e7o - Atl\u00e2ntida Mar Hotel\",\"isPartOf\":{\"@id\":\"https:\/\/atlantidamarhotel.com\/pt-pt\/#website\"},\"datePublished\":\"2017-01-19T19:21:35+00:00\",\"dateModified\":\"2023-06-30T13:42:30+00:00\",\"description\":\"Reserve diretamente com o Atlantida Mar Hotel para obter o melhor pre\u00e7o. Encontrou um pre\u00e7o melhor noutro s\u00edtio? Oferecemos um desconto adicional de 5%. Experimente o luxo por menos.\",\"breadcrumb\":{\"@id\":\"https:\/\/atlantidamarhotel.com\/pt-pt\/ofertas-especiais\/garantia-do-melhor-preco\/#breadcrumb\"},\"inLanguage\":\"pt-PT\",\"potentialAction\":[{\"@type\":\"ReadAction\",\"target\":[\"https:\/\/atlantidamarhotel.com\/pt-pt\/ofertas-especiais\/garantia-do-melhor-preco\/\"]}]},{\"@type\":\"BreadcrumbList\",\"@id\":\"https:\/\/atlantidamarhotel.com\/pt-pt\/ofertas-especiais\/garantia-do-melhor-preco\/#breadcrumb\",\"itemListElement\":[{\"@type\":\"ListItem\",\"position\":1,\"name\":\"Home\",\"item\":\"https:\/\/atlantidamarhotel.com\/pt-pt\/\"},{\"@type\":\"ListItem\",\"position\":2,\"name\":\"Ofertas Especiais\",\"item\":\"https:\/\/atlantidamarhotel.com\/pt-pt\/ofertas-especiais\/\"},{\"@type\":\"ListItem\",\"position\":3,\"name\":\"Garantia do Melhor Pre\u00e7o\"}]},{\"@type\":\"WebSite\",\"@id\":\"https:\/\/atlantidamarhotel.com\/pt-pt\/#website\",\"url\":\"https:\/\/atlantidamarhotel.com\/pt-pt\/\",\"name\":\"Atl\u00e2ntida Mar Hotel\",\"description\":\"Aparthotel\",\"publisher\":{\"@id\":\"https:\/\/atlantidamarhotel.com\/pt-pt\/#organization\"},\"potentialAction\":[{\"@type\":\"SearchAction\",\"target\":{\"@type\":\"EntryPoint\",\"urlTemplate\":\"https:\/\/atlantidamarhotel.com\/pt-pt\/?s={search_term_string}\"},\"query-input\":\"required name=search_term_string\"}],\"inLanguage\":\"pt-PT\"},{\"@type\":\"Organization\",\"@id\":\"https:\/\/atlantidamarhotel.com\/pt-pt\/#organization\",\"name\":\"Atl\u00e2ntida Mar Hotel\",\"url\":\"https:\/\/atlantidamarhotel.com\/pt-pt\/\",\"logo\":{\"@type\":\"ImageObject\",\"inLanguage\":\"pt-PT\",\"@id\":\"https:\/\/atlantidamarhotel.com\/pt-pt\/#\/schema\/logo\/image\/\",\"url\":\"https:\/\/atlantidamarhotel.com\/wp-content\/uploads\/2016\/12\/logo-Atlantida-mar-hotel-2.png\",\"contentUrl\":\"https:\/\/atlantidamarhotel.com\/wp-content\/uploads\/2016\/12\/logo-Atlantida-mar-hotel-2.png\",\"width\":1600,\"height\":445,\"caption\":\"Atl\u00e2ntida Mar Hotel\"},\"image\":{\"@id\":\"https:\/\/atlantidamarhotel.com\/pt-pt\/#\/schema\/logo\/image\/\"},\"sameAs\":[\"https:\/\/www.facebook.com\/AtlantidaMarHotel\/\"]}]}<\/script>\n<!-- \/ Yoast SEO plugin. -->","yoast_head_json":{"title":"Garantia do Melhor Pre\u00e7o - Atl\u00e2ntida Mar Hotel","description":"Reserve diretamente com o Atlantida Mar Hotel para obter o melhor pre\u00e7o. Encontrou um pre\u00e7o melhor noutro s\u00edtio? Oferecemos um desconto adicional de 5%. Experimente o luxo por menos.","robots":{"index":"index","follow":"follow","max-snippet":"max-snippet:-1","max-image-preview":"max-image-preview:large","max-video-preview":"max-video-preview:-1"},"canonical":"https:\/\/atlantidamarhotel.com\/pt-pt\/ofertas-especiais\/garantia-do-melhor-preco\/","og_locale":"pt_PT","og_type":"article","og_title":"Garantia do Melhor Pre\u00e7o - Atl\u00e2ntida Mar Hotel","og_description":"Reserve diretamente com o Atlantida Mar Hotel para obter o melhor pre\u00e7o. Encontrou um pre\u00e7o melhor noutro s\u00edtio? Oferecemos um desconto adicional de 5%. Experimente o luxo por menos.","og_url":"https:\/\/atlantidamarhotel.com\/pt-pt\/ofertas-especiais\/garantia-do-melhor-preco\/","og_site_name":"Atl\u00e2ntida Mar Hotel","article_publisher":"https:\/\/www.facebook.com\/AtlantidaMarHotel\/","article_modified_time":"2023-06-30T13:42:30+00:00","og_image":[{"width":1661,"height":1107,"url":"https:\/\/atlantidamarhotel.com\/wp-content\/uploads\/2023\/06\/hotel-aparthotel-azores-terceira-island-ilha-atlantida-mar-piscina-pool-exterior-relax-esplanada.jpg","type":"image\/jpeg"}],"twitter_card":"summary_large_image","twitter_misc":{"Tempo estimado de leitura":"2 minutos"},"schema":{"@context":"https:\/\/schema.org","@graph":[{"@type":"WebPage","@id":"https:\/\/atlantidamarhotel.com\/pt-pt\/ofertas-especiais\/garantia-do-melhor-preco\/","url":"https:\/\/atlantidamarhotel.com\/pt-pt\/ofertas-especiais\/garantia-do-melhor-preco\/","name":"Garantia do Melhor Pre\u00e7o - Atl\u00e2ntida Mar Hotel","isPartOf":{"@id":"https:\/\/atlantidamarhotel.com\/pt-pt\/#website"},"datePublished":"2017-01-19T19:21:35+00:00","dateModified":"2023-06-30T13:42:30+00:00","description":"Reserve diretamente com o Atlantida Mar Hotel para obter o melhor pre\u00e7o. Encontrou um pre\u00e7o melhor noutro s\u00edtio? Oferecemos um desconto adicional de 5%. Experimente o luxo por menos.","breadcrumb":{"@id":"https:\/\/atlantidamarhotel.com\/pt-pt\/ofertas-especiais\/garantia-do-melhor-preco\/#breadcrumb"},"inLanguage":"pt-PT","potentialAction":[{"@type":"ReadAction","target":["https:\/\/atlantidamarhotel.com\/pt-pt\/ofertas-especiais\/garantia-do-melhor-preco\/"]}]},{"@type":"BreadcrumbList","@id":"https:\/\/atlantidamarhotel.com\/pt-pt\/ofertas-especiais\/garantia-do-melhor-preco\/#breadcrumb","itemListElement":[{"@type":"ListItem","position":1,"name":"Home","item":"https:\/\/atlantidamarhotel.com\/pt-pt\/"},{"@type":"ListItem","position":2,"name":"Ofertas Especiais","item":"https:\/\/atlantidamarhotel.com\/pt-pt\/ofertas-especiais\/"},{"@type":"ListItem","position":3,"name":"Garantia do Melhor Pre\u00e7o"}]},{"@type":"WebSite","@id":"https:\/\/atlantidamarhotel.com\/pt-pt\/#website","url":"https:\/\/atlantidamarhotel.com\/pt-pt\/","name":"Atl\u00e2ntida Mar Hotel","description":"Aparthotel","publisher":{"@id":"https:\/\/atlantidamarhotel.com\/pt-pt\/#organization"},"potentialAction":[{"@type":"SearchAction","target":{"@type":"EntryPoint","urlTemplate":"https:\/\/atlantidamarhotel.com\/pt-pt\/?s={search_term_string}"},"query-input":"required name=search_term_string"}],"inLanguage":"pt-PT"},{"@type":"Organization","@id":"https:\/\/atlantidamarhotel.com\/pt-pt\/#organization","name":"Atl\u00e2ntida Mar Hotel","url":"https:\/\/atlantidamarhotel.com\/pt-pt\/","logo":{"@type":"ImageObject","inLanguage":"pt-PT","@id":"https:\/\/atlantidamarhotel.com\/pt-pt\/#\/schema\/logo\/image\/","url":"https:\/\/atlantidamarhotel.com\/wp-content\/uploads\/2016\/12\/logo-Atlantida-mar-hotel-2.png","contentUrl":"https:\/\/atlantidamarhotel.com\/wp-content\/uploads\/2016\/12\/logo-Atlantida-mar-hotel-2.png","width":1600,"height":445,"caption":"Atl\u00e2ntida Mar Hotel"},"image":{"@id":"https:\/\/atlantidamarhotel.com\/pt-pt\/#\/schema\/logo\/image\/"},"sameAs":["https:\/\/www.facebook.com\/AtlantidaMarHotel\/"]}]}},"_links":{"self":[{"href":"https:\/\/atlantidamarhotel.com\/pt-pt\/wp-json\/wp\/v2\/pages\/1675"}],"collection":[{"href":"https:\/\/atlantidamarhotel.com\/pt-pt\/wp-json\/wp\/v2\/pages"}],"about":[{"href":"https:\/\/atlantidamarhotel.com\/pt-pt\/wp-json\/wp\/v2\/types\/page"}],"author":[{"embeddable":true,"href":"https:\/\/atlantidamarhotel.com\/pt-pt\/wp-json\/wp\/v2\/users\/1"}],"replies":[{"embeddable":true,"href":"https:\/\/atlantidamarhotel.com\/pt-pt\/wp-json\/wp\/v2\/comments?post=1675"}],"version-history":[{"count":14,"href":"https:\/\/atlantidamarhotel.com\/pt-pt\/wp-json\/wp\/v2\/pages\/1675\/revisions"}],"predecessor-version":[{"id":6769,"href":"https:\/\/atlantidamarhotel.com\/pt-pt\/wp-json\/wp\/v2\/pages\/1675\/revisions\/6769"}],"up":[{"embeddable":true,"href":"https:\/\/atlantidamarhotel.com\/pt-pt\/wp-json\/wp\/v2\/pages\/1665"}],"wp:featuredmedia":[{"embeddable":true,"href":"https:\/\/atlantidamarhotel.com\/pt-pt\/wp-json\/wp\/v2\/media\/6279"}],"wp:attachment":[{"href":"https:\/\/atlantidamarhotel.com\/pt-pt\/wp-json\/wp\/v2\/media?parent=1675"}],"curies":[{"name":"wp","href":"https:\/\/api.w.org\/{rel}","templated":true}]}}