{"id":1886,"date":"2017-01-19T16:39:31","date_gmt":"2017-01-19T17:39:31","guid":{"rendered":"http:\/\/www.atlantidamarhotel.pt\/rooms-suites\/"},"modified":"2023-05-29T19:47:02","modified_gmt":"2023-05-29T20:47:02","slug":"quartos-suites","status":"publish","type":"page","link":"https:\/\/atlantidamarhotel.com\/pt-pt\/quartos-suites\/","title":{"rendered":"Quartos &#038; Suites"},"content":{"rendered":"<section class=\"wpb-content-wrapper\"><section class=\"l-section wpb_row height_custom\"><div class=\"l-section-h i-cf\"><div class=\"g-cols vc_row via_flex valign_top type_default stacking_default\"><div class=\"vc_col-sm-12 wpb_column vc_column_container\"><div class=\"vc_column-inner\"><div class=\"wpb_wrapper\"><div class=\"wpb_text_column\"><div class=\"wpb_wrapper\"><h4 style=\"text-align: center;\">Conforto e vistas deslumbrantes<\/h4>\n<p>Experimente uma estadia inesquec\u00edvel numa das nossas espa\u00e7osas 18 suites e suites j\u00fanior com vista para o mar, com grandes varandas privativas mobiladas, onde tranquilamente pode ler um livro ou simplesmente relaxar desfrutando da deslumbrante vista para o mar ao som das ondas e aves marinhas.<\/p>\n<p>No interior, para o seu conforto, existe em separado uma \u00e1rea de dormir e uma sala de estar com sof\u00e1, kitchenette e mesa.<\/p>\n<p>Alternativamente, pode escolher um dos nossos 10 quartos duplos standard, vista mar ou vista montanha.<\/p>\n<p>Todos os quartos e suites disp\u00f5em de casas de banho modernas e completamente equipadas, cofre no quarto, comodidades para fazer ch\u00e1 e caf\u00e9 de cortesia e tamb\u00e9m internet de alta velocidade gratuita, permitindo-lhe sentir-se como em casa.<\/p>\n<\/div><\/div><\/div><\/div><\/div><\/div><\/div><\/section><section class=\"l-section wpb_row height_custom\"><div class=\"l-section-h i-cf\"><div class=\"g-cols vc_row via_flex valign_middle type_default stacking_default\"><div class=\"vc_col-sm-12 wpb_column vc_column_container\"><div class=\"vc_column-inner\"><div class=\"wpb_wrapper\"><div class=\"w-grid type_grid layout_5718 cols_3\" id=\"us_grid_1\" data-filterable=\"true\"><style>#us_grid_1 .w-grid-item{padding:1.5rem}#us_grid_1 .w-grid-list{margin:-1.5rem}.w-grid + #us_grid_1 .w-grid-list,.w-grid-none + #us_grid_1 .w-grid-list{margin-top:1.5rem}@media (max-width:899px){#us_grid_1 .w-grid-item{width:50%}}@media (max-width:599px){#us_grid_1 .w-grid-list{margin:0}#us_grid_1 .w-grid-item{width:100%;padding:0;margin-bottom:1.5rem}}.layout_5718 .w-grid-item-h{}.layout_5718 .usg_post_content_1{text-align:center!important}.layout_5718 .usg_post_title_1{margin-top:15px!important;margin-bottom:15px!important}.layout_5718 .usg_btn_1{width:100%!important;margin-top:15px!important}<\/style><div class=\"w-grid-list\">\t<article class=\"w-grid-item size_1x1 post-5633 us_portfolio type-us_portfolio status-publish has-post-thumbnail hentry\" data-id=\"5633\">\r\n\t\t<div class=\"w-grid-item-h\">\r\n\t\t\t\t\t\t<div class=\"w-post-elm post_image usg_post_image_1 has_ratio\"><div style=\"padding-bottom:56.25%\"><\/div><a href=\"https:\/\/atlantidamarhotel.com\/pt-pt\/room\/quarto-standard-vista-montanha\/\" aria-label=\"Quarto Standard Vista Montanha\"><img width=\"300\" height=\"200\" src=\"https:\/\/atlantidamarhotel.com\/wp-content\/uploads\/2021\/12\/hotel-aparthotel-quarto-bedroom-zimmer-azores-terceira-island-ilha-starndard-mountain-montanha-cama-bed-300x200.jpg\" class=\"attachment-medium size-medium wp-post-image\" alt=\"\" decoding=\"async\" loading=\"lazy\" srcset=\"https:\/\/atlantidamarhotel.com\/wp-content\/uploads\/2021\/12\/hotel-aparthotel-quarto-bedroom-zimmer-azores-terceira-island-ilha-starndard-mountain-montanha-cama-bed-300x200.jpg 300w, https:\/\/atlantidamarhotel.com\/wp-content\/uploads\/2021\/12\/hotel-aparthotel-quarto-bedroom-zimmer-azores-terceira-island-ilha-starndard-mountain-montanha-cama-bed-1024x682.jpg 1024w, https:\/\/atlantidamarhotel.com\/wp-content\/uploads\/2021\/12\/hotel-aparthotel-quarto-bedroom-zimmer-azores-terceira-island-ilha-starndard-mountain-montanha-cama-bed.jpg 1859w\" sizes=\"(max-width: 300px) 100vw, 300px\" \/><\/a><\/div><h5 class=\"w-post-elm post_title usg_post_title_1 align_center entry-title color_link_inherit\"><a href=\"https:\/\/atlantidamarhotel.com\/pt-pt\/room\/quarto-standard-vista-montanha\/\">Quarto Standard Vista Montanha<\/a><\/h5><div class=\"w-post-elm post_content usg_post_content_1\">Quarto de design moderno, com\u00a025m\u00b2, com uma pequena varanda com vista para a montanha,\u00a0uma cama\u00a0queen&hellip;<\/div><a class=\"w-btn us-btn-style_1 usg_btn_1\" href=\"https:\/\/atlantidamarhotel.com\/pt-pt\/room\/quarto-standard-vista-montanha\/\"><span class=\"w-btn-label\">ver mais<\/span><\/a>\t\t<\/div>\r\n\t<\/article>\r\n\t<article class=\"w-grid-item size_1x1 post-5639 us_portfolio type-us_portfolio status-publish has-post-thumbnail hentry\" data-id=\"5639\">\r\n\t\t<div class=\"w-grid-item-h\">\r\n\t\t\t\t\t\t<div class=\"w-post-elm post_image usg_post_image_1 has_ratio\"><div style=\"padding-bottom:56.25%\"><\/div><a href=\"https:\/\/atlantidamarhotel.com\/pt-pt\/room\/quarto-standard-vista-mar\/\" aria-label=\"Quarto Standard Vista Mar\"><img width=\"300\" height=\"199\" src=\"https:\/\/atlantidamarhotel.com\/wp-content\/uploads\/2021\/12\/hotel-aparthotel-quarto-bedroom-zimmer-azores-terceira-island-ilha-starndard-mar-sea-cama-bed-300x199.jpg\" class=\"attachment-medium size-medium wp-post-image\" alt=\"\" decoding=\"async\" loading=\"lazy\" srcset=\"https:\/\/atlantidamarhotel.com\/wp-content\/uploads\/2021\/12\/hotel-aparthotel-quarto-bedroom-zimmer-azores-terceira-island-ilha-starndard-mar-sea-cama-bed-300x199.jpg 300w, https:\/\/atlantidamarhotel.com\/wp-content\/uploads\/2021\/12\/hotel-aparthotel-quarto-bedroom-zimmer-azores-terceira-island-ilha-starndard-mar-sea-cama-bed-1024x681.jpg 1024w, https:\/\/atlantidamarhotel.com\/wp-content\/uploads\/2021\/12\/hotel-aparthotel-quarto-bedroom-zimmer-azores-terceira-island-ilha-starndard-mar-sea-cama-bed.jpg 1853w\" sizes=\"(max-width: 300px) 100vw, 300px\" \/><\/a><\/div><h5 class=\"w-post-elm post_title usg_post_title_1 align_center entry-title color_link_inherit\"><a href=\"https:\/\/atlantidamarhotel.com\/pt-pt\/room\/quarto-standard-vista-mar\/\">Quarto Standard Vista Mar<\/a><\/h5><div class=\"w-post-elm post_content usg_post_content_1\">Quarto de design moderno, com\u00a025m\u00b2, varanda mobiliada com vista para o mar,\u00a0uma cama\u00a0queen size\u00a0(150x200cm), acesso&hellip;<\/div><a class=\"w-btn us-btn-style_1 usg_btn_1\" href=\"https:\/\/atlantidamarhotel.com\/pt-pt\/room\/quarto-standard-vista-mar\/\"><span class=\"w-btn-label\">ver mais<\/span><\/a>\t\t<\/div>\r\n\t<\/article>\r\n\t<article class=\"w-grid-item size_1x1 post-5643 us_portfolio type-us_portfolio status-publish has-post-thumbnail hentry\" data-id=\"5643\">\r\n\t\t<div class=\"w-grid-item-h\">\r\n\t\t\t\t\t\t<div class=\"w-post-elm post_image usg_post_image_1 has_ratio\"><div style=\"padding-bottom:56.25%\"><\/div><a href=\"https:\/\/atlantidamarhotel.com\/pt-pt\/room\/suite-junior-com-vista-do-mar\/\" aria-label=\"Su\u00edte J\u00fanior com Vista do Mar\"><img width=\"300\" height=\"199\" src=\"https:\/\/atlantidamarhotel.com\/wp-content\/uploads\/2021\/12\/hotel-aparthotel-quarto-bedroom-zimmer-azores-terceira-island-ilha-suite-junior-sea-mar-cama-bed-300x199.jpg\" class=\"attachment-medium size-medium wp-post-image\" alt=\"\" decoding=\"async\" loading=\"lazy\" srcset=\"https:\/\/atlantidamarhotel.com\/wp-content\/uploads\/2021\/12\/hotel-aparthotel-quarto-bedroom-zimmer-azores-terceira-island-ilha-suite-junior-sea-mar-cama-bed-300x199.jpg 300w, https:\/\/atlantidamarhotel.com\/wp-content\/uploads\/2021\/12\/hotel-aparthotel-quarto-bedroom-zimmer-azores-terceira-island-ilha-suite-junior-sea-mar-cama-bed-1024x681.jpg 1024w, https:\/\/atlantidamarhotel.com\/wp-content\/uploads\/2021\/12\/hotel-aparthotel-quarto-bedroom-zimmer-azores-terceira-island-ilha-suite-junior-sea-mar-cama-bed.jpg 1810w\" sizes=\"(max-width: 300px) 100vw, 300px\" \/><\/a><\/div><h5 class=\"w-post-elm post_title usg_post_title_1 align_center entry-title color_link_inherit\"><a href=\"https:\/\/atlantidamarhotel.com\/pt-pt\/room\/suite-junior-com-vista-do-mar\/\">Su\u00edte J\u00fanior com Vista do Mar<\/a><\/h5><div class=\"w-post-elm post_content usg_post_content_1\">Su\u00edte j\u00fanior bem equipada, espa\u00e7osa e confort\u00e1vel, com\u00a042m\u00b2,\u00a0oferecendo uma ampla varanda panor\u00e2mica privativa e mobiliada,&hellip;<\/div><a class=\"w-btn us-btn-style_1 usg_btn_1\" href=\"https:\/\/atlantidamarhotel.com\/pt-pt\/room\/suite-junior-com-vista-do-mar\/\"><span class=\"w-btn-label\">ver mais<\/span><\/a>\t\t<\/div>\r\n\t<\/article>\r\n\t<article class=\"w-grid-item size_1x1 post-5647 us_portfolio type-us_portfolio status-publish has-post-thumbnail hentry\" data-id=\"5647\">\r\n\t\t<div class=\"w-grid-item-h\">\r\n\t\t\t\t\t\t<div class=\"w-post-elm post_image usg_post_image_1 has_ratio\"><div style=\"padding-bottom:56.25%\"><\/div><a href=\"https:\/\/atlantidamarhotel.com\/pt-pt\/room\/suite-vista-mar\/\" aria-label=\"Suite Vista Mar\"><img width=\"300\" height=\"200\" src=\"https:\/\/atlantidamarhotel.com\/wp-content\/uploads\/2021\/12\/hotel-aparthotel-quarto-bedroom-zimmer-azores-terceira-island-ilha-suite-sea-mar-bed-cama-300x200.jpg\" class=\"attachment-medium size-medium wp-post-image\" alt=\"\" decoding=\"async\" loading=\"lazy\" srcset=\"https:\/\/atlantidamarhotel.com\/wp-content\/uploads\/2021\/12\/hotel-aparthotel-quarto-bedroom-zimmer-azores-terceira-island-ilha-suite-sea-mar-bed-cama-300x200.jpg 300w, https:\/\/atlantidamarhotel.com\/wp-content\/uploads\/2021\/12\/hotel-aparthotel-quarto-bedroom-zimmer-azores-terceira-island-ilha-suite-sea-mar-bed-cama-1024x683.jpg 1024w, https:\/\/atlantidamarhotel.com\/wp-content\/uploads\/2021\/12\/hotel-aparthotel-quarto-bedroom-zimmer-azores-terceira-island-ilha-suite-sea-mar-bed-cama.jpg 1851w\" sizes=\"(max-width: 300px) 100vw, 300px\" \/><\/a><\/div><h5 class=\"w-post-elm post_title usg_post_title_1 align_center entry-title color_link_inherit\"><a href=\"https:\/\/atlantidamarhotel.com\/pt-pt\/room\/suite-vista-mar\/\">Suite Vista Mar<\/a><\/h5><div class=\"w-post-elm post_content usg_post_content_1\">Su\u00edte bem equipada, espa\u00e7osa e confort\u00e1vel, com\u00a060m\u00b2, com grandes janelas que se abrem no horizonte,&hellip;<\/div><a class=\"w-btn us-btn-style_1 usg_btn_1\" href=\"https:\/\/atlantidamarhotel.com\/pt-pt\/room\/suite-vista-mar\/\"><span class=\"w-btn-label\">ver mais<\/span><\/a>\t\t<\/div>\r\n\t<\/article>\r\n\t<article class=\"w-grid-item size_1x1 post-5651 us_portfolio type-us_portfolio status-publish has-post-thumbnail hentry\" data-id=\"5651\">\r\n\t\t<div class=\"w-grid-item-h\">\r\n\t\t\t\t\t\t<div class=\"w-post-elm post_image usg_post_image_1 has_ratio\"><div style=\"padding-bottom:56.25%\"><\/div><a href=\"https:\/\/atlantidamarhotel.com\/pt-pt\/room\/suite-duplex-com-vista-mar\/\" aria-label=\"Suite D\u00faplex com Vista Mar\"><img width=\"300\" height=\"200\" src=\"https:\/\/atlantidamarhotel.com\/wp-content\/uploads\/2021\/11\/hotel-aparthotel-quarto-bedroom-zimmer-azores-terceira-island-ilha-suite-duplex-sea-mar-cama-bed-300x200.jpg\" class=\"attachment-medium size-medium wp-post-image\" alt=\"\" decoding=\"async\" loading=\"lazy\" srcset=\"https:\/\/atlantidamarhotel.com\/wp-content\/uploads\/2021\/11\/hotel-aparthotel-quarto-bedroom-zimmer-azores-terceira-island-ilha-suite-duplex-sea-mar-cama-bed-300x200.jpg 300w, https:\/\/atlantidamarhotel.com\/wp-content\/uploads\/2021\/11\/hotel-aparthotel-quarto-bedroom-zimmer-azores-terceira-island-ilha-suite-duplex-sea-mar-cama-bed-1024x683.jpg 1024w, https:\/\/atlantidamarhotel.com\/wp-content\/uploads\/2021\/11\/hotel-aparthotel-quarto-bedroom-zimmer-azores-terceira-island-ilha-suite-duplex-sea-mar-cama-bed.jpg 1846w\" sizes=\"(max-width: 300px) 100vw, 300px\" \/><\/a><\/div><h5 class=\"w-post-elm post_title usg_post_title_1 align_center entry-title color_link_inherit\"><a href=\"https:\/\/atlantidamarhotel.com\/pt-pt\/room\/suite-duplex-com-vista-mar\/\">Suite D\u00faplex com Vista Mar<\/a><\/h5><div class=\"w-post-elm post_content usg_post_content_1\">Su\u00edte duplex bem equipada, muito espa\u00e7osa e confort\u00e1vel, com\u00a082m\u00b2,\u00a0com duas varandas panor\u00e2micas mobiliadas, com uma&hellip;<\/div><a class=\"w-btn us-btn-style_1 usg_btn_1\" href=\"https:\/\/atlantidamarhotel.com\/pt-pt\/room\/suite-duplex-com-vista-mar\/\"><span class=\"w-btn-label\">ver mais<\/span><\/a>\t\t<\/div>\r\n\t<\/article>\r\n<\/div><div class=\"w-grid-preloader\"><div class=\"g-preloader type_1\">\r\n\t<div><\/div>\r\n<\/div>\r\n<\/div>\t<div class=\"w-grid-json hidden\" onclick='return {&quot;action&quot;:&quot;us_ajax_grid&quot;,&quot;ajax_url&quot;:&quot;https:\\\/\\\/atlantidamarhotel.com\\\/wp-admin\\\/admin-ajax.php&quot;,&quot;infinite_scroll&quot;:0,&quot;max_num_pages&quot;:1,&quot;pagination&quot;:&quot;none&quot;,&quot;permalink_url&quot;:&quot;https:\\\/\\\/atlantidamarhotel.com\\\/pt-pt\\\/wp-json\\\/wp\\\/v2\\\/pages\\\/1886\\\/&quot;,&quot;template_vars&quot;:{&quot;columns&quot;:&quot;3&quot;,&quot;exclude_items&quot;:&quot;none&quot;,&quot;img_size&quot;:&quot;default&quot;,&quot;ignore_items_size&quot;:0,&quot;items_layout&quot;:&quot;5718&quot;,&quot;items_offset&quot;:&quot;1&quot;,&quot;load_animation&quot;:&quot;none&quot;,&quot;overriding_link&quot;:&quot;none&quot;,&quot;post_id&quot;:1886,&quot;query_args&quot;:{&quot;post_type&quot;:[&quot;us_portfolio&quot;],&quot;post_status&quot;:[&quot;publish&quot;,&quot;acf-disabled&quot;],&quot;posts_per_page&quot;:&quot;50&quot;},&quot;orderby_query_args&quot;:{&quot;orderby&quot;:{&quot;date&quot;:&quot;DESC&quot;}},&quot;type&quot;:&quot;grid&quot;,&quot;us_grid_ajax_index&quot;:1,&quot;us_grid_filter_params&quot;:null,&quot;us_grid_index&quot;:1,&quot;_us_grid_post_type&quot;:&quot;us_portfolio&quot;,&quot;lang&quot;:&quot;pt-pt&quot;}}'><\/div>\r\n\t<\/div><\/div><\/div><\/div><\/div><\/div><\/section>\n<\/section>","protected":false},"excerpt":{"rendered":"Su\u00edte duplex bem equipada, muito espa\u00e7osa e confort\u00e1vel, com\u00a082m\u00b2,\u00a0com duas varandas panor\u00e2micas mobiliadas, com uma vista espetacular do mar. Esta su\u00edte possui um quarto com\u00a01 cama king size\u00a0(200x200cm) ou\u00a02 camas de solteiro\u00a0(100x200cm) e, no andar superior, uma ampla \u00e1rea de estar com sof\u00e1-cama, mesa e uma cozinha compacta totalmente equipada com micro-ondas. Tamb\u00e9m oferece acesso...","protected":false},"author":1,"featured_media":6126,"parent":0,"menu_order":0,"comment_status":"closed","ping_status":"closed","template":"","meta":{"_monsterinsights_skip_tracking":false,"_monsterinsights_sitenote_active":false,"_monsterinsights_sitenote_note":"","_monsterinsights_sitenote_category":0},"acf":[],"yoast_head":"<!-- This site is optimized with the Yoast SEO plugin v20.12 - https:\/\/yoast.com\/wordpress\/plugins\/seo\/ -->\n<title>Quartos &amp; Suites - Atl\u00e2ntida Mar Hotel<\/title>\n<meta name=\"description\" content=\"Desfrute de estadias inesquec\u00edveis em nossas su\u00edtes espa\u00e7osas com varandas privativas, vistas deslumbrantes para o mar e \u00e1reas de estar separadas. Em alternativa, escolha os nossos quartos standard com vista para o mar ou para a montanha. Todos os quartos incluem comodidades modernas e internet de alta velocidade.\" \/>\n<meta name=\"robots\" content=\"index, follow, max-snippet:-1, max-image-preview:large, max-video-preview:-1\" \/>\n<link rel=\"canonical\" href=\"https:\/\/atlantidamarhotel.com\/pt-pt\/quartos-suites\/\" \/>\n<meta property=\"og:locale\" content=\"pt_PT\" \/>\n<meta property=\"og:type\" content=\"article\" \/>\n<meta property=\"og:title\" content=\"Quartos &amp; Suites - Atl\u00e2ntida Mar Hotel\" \/>\n<meta property=\"og:description\" content=\"Desfrute de estadias inesquec\u00edveis em nossas su\u00edtes espa\u00e7osas com varandas privativas, vistas deslumbrantes para o mar e \u00e1reas de estar separadas. Em alternativa, escolha os nossos quartos standard com vista para o mar ou para a montanha. Todos os quartos incluem comodidades modernas e internet de alta velocidade.\" \/>\n<meta property=\"og:url\" content=\"https:\/\/atlantidamarhotel.com\/pt-pt\/quartos-suites\/\" \/>\n<meta property=\"og:site_name\" content=\"Atl\u00e2ntida Mar Hotel\" \/>\n<meta property=\"article:publisher\" content=\"https:\/\/www.facebook.com\/AtlantidaMarHotel\/\" \/>\n<meta property=\"article:modified_time\" content=\"2023-05-29T20:47:02+00:00\" \/>\n<meta property=\"og:image\" content=\"https:\/\/atlantidamarhotel.com\/wp-content\/uploads\/2019\/01\/atlantida-mar-hotel-acores-azores-praia-da-vitoria-cama-suite-junior.jpg\" \/>\n\t<meta property=\"og:image:width\" content=\"1800\" \/>\n\t<meta property=\"og:image:height\" content=\"1200\" \/>\n\t<meta property=\"og:image:type\" content=\"image\/jpeg\" \/>\n<meta name=\"twitter:card\" content=\"summary_large_image\" \/>\n<meta name=\"twitter:label1\" content=\"Tempo estimado de leitura\" \/>\n\t<meta name=\"twitter:data1\" content=\"1 minuto\" \/>\n<script type=\"application\/ld+json\" class=\"yoast-schema-graph\">{\"@context\":\"https:\/\/schema.org\",\"@graph\":[{\"@type\":\"WebPage\",\"@id\":\"https:\/\/atlantidamarhotel.com\/pt-pt\/quartos-suites\/\",\"url\":\"https:\/\/atlantidamarhotel.com\/pt-pt\/quartos-suites\/\",\"name\":\"Quartos & Suites - Atl\u00e2ntida Mar Hotel\",\"isPartOf\":{\"@id\":\"https:\/\/atlantidamarhotel.com\/pt-pt\/#website\"},\"datePublished\":\"2017-01-19T17:39:31+00:00\",\"dateModified\":\"2023-05-29T20:47:02+00:00\",\"description\":\"Desfrute de estadias inesquec\u00edveis em nossas su\u00edtes espa\u00e7osas com varandas privativas, vistas deslumbrantes para o mar e \u00e1reas de estar separadas. Em alternativa, escolha os nossos quartos standard com vista para o mar ou para a montanha. Todos os quartos incluem comodidades modernas e internet de alta velocidade.\",\"breadcrumb\":{\"@id\":\"https:\/\/atlantidamarhotel.com\/pt-pt\/quartos-suites\/#breadcrumb\"},\"inLanguage\":\"pt-PT\",\"potentialAction\":[{\"@type\":\"ReadAction\",\"target\":[\"https:\/\/atlantidamarhotel.com\/pt-pt\/quartos-suites\/\"]}]},{\"@type\":\"BreadcrumbList\",\"@id\":\"https:\/\/atlantidamarhotel.com\/pt-pt\/quartos-suites\/#breadcrumb\",\"itemListElement\":[{\"@type\":\"ListItem\",\"position\":1,\"name\":\"Home\",\"item\":\"https:\/\/atlantidamarhotel.com\/pt-pt\/\"},{\"@type\":\"ListItem\",\"position\":2,\"name\":\"Quartos &#038; Suites\"}]},{\"@type\":\"WebSite\",\"@id\":\"https:\/\/atlantidamarhotel.com\/pt-pt\/#website\",\"url\":\"https:\/\/atlantidamarhotel.com\/pt-pt\/\",\"name\":\"Atl\u00e2ntida Mar Hotel\",\"description\":\"Aparthotel\",\"publisher\":{\"@id\":\"https:\/\/atlantidamarhotel.com\/pt-pt\/#organization\"},\"potentialAction\":[{\"@type\":\"SearchAction\",\"target\":{\"@type\":\"EntryPoint\",\"urlTemplate\":\"https:\/\/atlantidamarhotel.com\/pt-pt\/?s={search_term_string}\"},\"query-input\":\"required name=search_term_string\"}],\"inLanguage\":\"pt-PT\"},{\"@type\":\"Organization\",\"@id\":\"https:\/\/atlantidamarhotel.com\/pt-pt\/#organization\",\"name\":\"Atl\u00e2ntida Mar Hotel\",\"url\":\"https:\/\/atlantidamarhotel.com\/pt-pt\/\",\"logo\":{\"@type\":\"ImageObject\",\"inLanguage\":\"pt-PT\",\"@id\":\"https:\/\/atlantidamarhotel.com\/pt-pt\/#\/schema\/logo\/image\/\",\"url\":\"https:\/\/atlantidamarhotel.com\/wp-content\/uploads\/2016\/12\/logo-Atlantida-mar-hotel-2.png\",\"contentUrl\":\"https:\/\/atlantidamarhotel.com\/wp-content\/uploads\/2016\/12\/logo-Atlantida-mar-hotel-2.png\",\"width\":1600,\"height\":445,\"caption\":\"Atl\u00e2ntida Mar Hotel\"},\"image\":{\"@id\":\"https:\/\/atlantidamarhotel.com\/pt-pt\/#\/schema\/logo\/image\/\"},\"sameAs\":[\"https:\/\/www.facebook.com\/AtlantidaMarHotel\/\"]}]}<\/script>\n<!-- \/ Yoast SEO plugin. -->","yoast_head_json":{"title":"Quartos & Suites - Atl\u00e2ntida Mar Hotel","description":"Desfrute de estadias inesquec\u00edveis em nossas su\u00edtes espa\u00e7osas com varandas privativas, vistas deslumbrantes para o mar e \u00e1reas de estar separadas. Em alternativa, escolha os nossos quartos standard com vista para o mar ou para a montanha. Todos os quartos incluem comodidades modernas e internet de alta velocidade.","robots":{"index":"index","follow":"follow","max-snippet":"max-snippet:-1","max-image-preview":"max-image-preview:large","max-video-preview":"max-video-preview:-1"},"canonical":"https:\/\/atlantidamarhotel.com\/pt-pt\/quartos-suites\/","og_locale":"pt_PT","og_type":"article","og_title":"Quartos & Suites - Atl\u00e2ntida Mar Hotel","og_description":"Desfrute de estadias inesquec\u00edveis em nossas su\u00edtes espa\u00e7osas com varandas privativas, vistas deslumbrantes para o mar e \u00e1reas de estar separadas. Em alternativa, escolha os nossos quartos standard com vista para o mar ou para a montanha. Todos os quartos incluem comodidades modernas e internet de alta velocidade.","og_url":"https:\/\/atlantidamarhotel.com\/pt-pt\/quartos-suites\/","og_site_name":"Atl\u00e2ntida Mar Hotel","article_publisher":"https:\/\/www.facebook.com\/AtlantidaMarHotel\/","article_modified_time":"2023-05-29T20:47:02+00:00","og_image":[{"width":1800,"height":1200,"url":"https:\/\/atlantidamarhotel.com\/wp-content\/uploads\/2019\/01\/atlantida-mar-hotel-acores-azores-praia-da-vitoria-cama-suite-junior.jpg","type":"image\/jpeg"}],"twitter_card":"summary_large_image","twitter_misc":{"Tempo estimado de leitura":"1 minuto"},"schema":{"@context":"https:\/\/schema.org","@graph":[{"@type":"WebPage","@id":"https:\/\/atlantidamarhotel.com\/pt-pt\/quartos-suites\/","url":"https:\/\/atlantidamarhotel.com\/pt-pt\/quartos-suites\/","name":"Quartos & Suites - Atl\u00e2ntida Mar Hotel","isPartOf":{"@id":"https:\/\/atlantidamarhotel.com\/pt-pt\/#website"},"datePublished":"2017-01-19T17:39:31+00:00","dateModified":"2023-05-29T20:47:02+00:00","description":"Desfrute de estadias inesquec\u00edveis em nossas su\u00edtes espa\u00e7osas com varandas privativas, vistas deslumbrantes para o mar e \u00e1reas de estar separadas. Em alternativa, escolha os nossos quartos standard com vista para o mar ou para a montanha. Todos os quartos incluem comodidades modernas e internet de alta velocidade.","breadcrumb":{"@id":"https:\/\/atlantidamarhotel.com\/pt-pt\/quartos-suites\/#breadcrumb"},"inLanguage":"pt-PT","potentialAction":[{"@type":"ReadAction","target":["https:\/\/atlantidamarhotel.com\/pt-pt\/quartos-suites\/"]}]},{"@type":"BreadcrumbList","@id":"https:\/\/atlantidamarhotel.com\/pt-pt\/quartos-suites\/#breadcrumb","itemListElement":[{"@type":"ListItem","position":1,"name":"Home","item":"https:\/\/atlantidamarhotel.com\/pt-pt\/"},{"@type":"ListItem","position":2,"name":"Quartos &#038; Suites"}]},{"@type":"WebSite","@id":"https:\/\/atlantidamarhotel.com\/pt-pt\/#website","url":"https:\/\/atlantidamarhotel.com\/pt-pt\/","name":"Atl\u00e2ntida Mar Hotel","description":"Aparthotel","publisher":{"@id":"https:\/\/atlantidamarhotel.com\/pt-pt\/#organization"},"potentialAction":[{"@type":"SearchAction","target":{"@type":"EntryPoint","urlTemplate":"https:\/\/atlantidamarhotel.com\/pt-pt\/?s={search_term_string}"},"query-input":"required name=search_term_string"}],"inLanguage":"pt-PT"},{"@type":"Organization","@id":"https:\/\/atlantidamarhotel.com\/pt-pt\/#organization","name":"Atl\u00e2ntida Mar Hotel","url":"https:\/\/atlantidamarhotel.com\/pt-pt\/","logo":{"@type":"ImageObject","inLanguage":"pt-PT","@id":"https:\/\/atlantidamarhotel.com\/pt-pt\/#\/schema\/logo\/image\/","url":"https:\/\/atlantidamarhotel.com\/wp-content\/uploads\/2016\/12\/logo-Atlantida-mar-hotel-2.png","contentUrl":"https:\/\/atlantidamarhotel.com\/wp-content\/uploads\/2016\/12\/logo-Atlantida-mar-hotel-2.png","width":1600,"height":445,"caption":"Atl\u00e2ntida Mar Hotel"},"image":{"@id":"https:\/\/atlantidamarhotel.com\/pt-pt\/#\/schema\/logo\/image\/"},"sameAs":["https:\/\/www.facebook.com\/AtlantidaMarHotel\/"]}]}},"_links":{"self":[{"href":"https:\/\/atlantidamarhotel.com\/pt-pt\/wp-json\/wp\/v2\/pages\/1886"}],"collection":[{"href":"https:\/\/atlantidamarhotel.com\/pt-pt\/wp-json\/wp\/v2\/pages"}],"about":[{"href":"https:\/\/atlantidamarhotel.com\/pt-pt\/wp-json\/wp\/v2\/types\/page"}],"author":[{"embeddable":true,"href":"https:\/\/atlantidamarhotel.com\/pt-pt\/wp-json\/wp\/v2\/users\/1"}],"replies":[{"embeddable":true,"href":"https:\/\/atlantidamarhotel.com\/pt-pt\/wp-json\/wp\/v2\/comments?post=1886"}],"version-history":[{"count":5,"href":"https:\/\/atlantidamarhotel.com\/pt-pt\/wp-json\/wp\/v2\/pages\/1886\/revisions"}],"predecessor-version":[{"id":5999,"href":"https:\/\/atlantidamarhotel.com\/pt-pt\/wp-json\/wp\/v2\/pages\/1886\/revisions\/5999"}],"wp:featuredmedia":[{"embeddable":true,"href":"https:\/\/atlantidamarhotel.com\/pt-pt\/wp-json\/wp\/v2\/media\/6126"}],"wp:attachment":[{"href":"https:\/\/atlantidamarhotel.com\/pt-pt\/wp-json\/wp\/v2\/media?parent=1886"}],"curies":[{"name":"wp","href":"https:\/\/api.w.org\/{rel}","templated":true}]}}