{"id":4235,"date":"2019-05-30T15:16:17","date_gmt":"2019-05-30T15:16:17","guid":{"rendered":"https:\/\/atlantidamarhotel.com\/policies-copy\/"},"modified":"2023-07-24T17:47:10","modified_gmt":"2023-07-24T18:47:10","slug":"politica-privacidade","status":"publish","type":"page","link":"https:\/\/atlantidamarhotel.com\/pt-pt\/politica-privacidade\/","title":{"rendered":"Pol\u00edtica de Privacidade"},"content":{"rendered":"<section class=\"wpb-content-wrapper\"><section class=\"l-section wpb_row height_custom\"><div class=\"l-section-h i-cf\"><div class=\"g-cols vc_row via_flex valign_top type_default stacking_default\"><div class=\"vc_col-sm-12 wpb_column vc_column_container\"><div class=\"vc_column-inner\"><div class=\"wpb_wrapper\"><div class=\"wpb_text_column\"><div class=\"wpb_wrapper\"><p>A Pol\u00edtica de Prote\u00e7\u00e3o de Dados Pessoais do Hotel Atl\u00e2ntida Mar, aplica-se \u00e0 recolha e tratamento de dados pessoais dos seus clientes e colaboradores, de acordo com o cumprimento do Regulamento Geral de Prote\u00e7\u00e3o de Dados Pessoais (Regulamento UE 2016\/679 do Parlamento Europeu e do Conselho de 27\/04 de 2016).<\/p>\n<p>Atrav\u00e9s \u00a0da nossa pol\u00edtica de prote\u00e7\u00e3o de dados pessoais estabelecemos a natureza e a finalidade dos dados pessoais recolhidos e processados dos nossos clientes.\u00a0Tamb\u00e9m garantimos que os titulares dos dados dever\u00e3o ter o direito de aceder aos dados pessoais recolhidos que lhes digam respeito e de exercer esse direito com facilidade e a intervalos razo\u00e1veis, a fim de conhecer, tomar conhecimento do tratamento e verificar a sua licitude.<\/p>\n<p>Nesse sentido, foram desencadeadas medidas t\u00e9cnicas e organizativas adequadas, afim de garantir uma prote\u00e7\u00e3o refor\u00e7ada dos dados pessoais processados, prevenindo a sua perda, m\u00e1 utiliza\u00e7\u00e3o ou acesso indevido.<\/p>\n<h3>Tipos de cookies que utilizamos<\/h3>\n<div class=\"cky-audit-table-element\"><\/div>\n<p><a class=\"cky-banner-element\">Gerir configura\u00e7\u00f5es de cookies<\/a><\/p>\n<p>O Hotel Atl\u00e2ntida Mar recolhe os seguintes tipos de dados pessoais dos seus clientes|colaboradores:<\/p>\n<ul>\n<li>Nome completo<\/li>\n<li>Endere\u00e7o de correio eletr\u00f3nico<\/li>\n<li>N\u00famero de telefone ou telem\u00f3vel<\/li>\n<li>Morada<\/li>\n<li>Idade<\/li>\n<li>Estado Civil<\/li>\n<li>NIF<\/li>\n<li>IBAN<\/li>\n<li>N\u00famero de cart\u00e3o de cr\u00e9dito<\/li>\n<li>C\u00f3pia do passaporte<\/li>\n<li>Imagens atrav\u00e9s do sistema de videovigil\u00e2ncia<\/li>\n<li>Dados relativos \u00e0 sa\u00fade<\/li>\n<\/ul>\n<p>As finalidades do tratamento dos Dados Pessoais s\u00e3o as seguintes:<\/p>\n<ol>\n<li><strong>Marketing: <\/strong>Utiliza\u00e7\u00e3o de dados pessoais, para efeitos de marketing, divulga\u00e7\u00e3o de servi\u00e7os, promo\u00e7\u00f5es, newsletter, ofertas especiais;<\/li>\n<\/ol>\n<ol start=\"2\">\n<li><strong>Fornecimento de produtos e servi\u00e7os<\/strong>: Utiliza\u00e7\u00e3o dos dados pessoais para cumprimento e realiza\u00e7\u00e3o de reserva de quartos e atividade de fatura\u00e7\u00e3o;<\/li>\n<\/ol>\n<ol start=\"3\">\n<li><strong>Comunica\u00e7\u00e3o: <\/strong>Utiliza\u00e7\u00e3o dos seus dados pessoais para lhe enviar informa\u00e7\u00f5es\/not\u00edcias relacionadas com servi\u00e7os e\/ou produtos, ou para envio de mensagem de anivers\u00e1rio, bem como, para prestar assist\u00eancia em mat\u00e9rias respeitantes com apoio ao cliente, e ainda para cumprimento de obriga\u00e7\u00f5es legais como por exemplo as comunica\u00e7\u00f5es ao SEF;<\/li>\n<\/ol>\n<ol start=\"4\">\n<li><strong>Gest\u00e3o de Recursos Humanos: <\/strong>No caso dos colaboradores e poss\u00edveis candidatos do Hotel, procede-se \u00e0 recolha e tratamento de dados pessoais, para efeitos de sele\u00e7\u00e3o, recrutamento de pessoal e processamento de vencimentos, faltas, licen\u00e7as e f\u00e9rias. Os dados pessoais tratados ser\u00e3o os constantes da ficha de cadastro, acompanhados do Curriculum Vitae.<\/li>\n<\/ol>\n<ol start=\"5\">\n<li><strong>Videovigil\u00e2ncia do hotel: <\/strong>O hotel disp\u00f5e de um sistema de videovigil\u00e2ncia. As grava\u00e7\u00f5es de imagem obtidas pelo Hotel s\u00e3o conservadas, pelo prazo de 30 dias contados desde a respetiva capta\u00e7\u00e3o. Terminado este prazo, as imagens ser\u00e3o eliminadas, sem preju\u00edzo de serem conservadas por prazo superior por ordem judicial.<\/li>\n<\/ol>\n<p>S\u00e3o disponibilizadas ao titular dos dados todas as informa\u00e7\u00f5es relacionadas com o tratamento efetuado, concedendo-lhe o direito de acesso, retifica\u00e7\u00e3o e elimina\u00e7\u00e3o dos seus dados, bem como a oposi\u00e7\u00e3o ao seu tratamento, nos termos da lei.<\/p>\n<p>Nos termos do RGPD, regulamento que estabelece as regras relativas \u00e0 prote\u00e7\u00e3o das pessoas singulares no que diz respeito ao tratamento de dados pessoais e \u00e0 livre circula\u00e7\u00e3o desses dados, os titulares dos dados t\u00eam, entre outros, os seguintes direitos:<\/p>\n<ul>\n<li><strong>Direito de Acesso<\/strong> \u2013 art\u00ba 15\u00ba do RGPD,\u00a0 em complemento ao direito de informa\u00e7\u00e3o, poder\u00e1 aceder aos seus dados pessoais que tratamos e conservamos, portanto, a qualquer momento pode solicitar \u00e0 nossa empresa o acesso \u00e0 informa\u00e7\u00e3o que temos sobre si;<\/li>\n<li><strong>Direito de retifica\u00e7\u00e3o<\/strong> \u2013 art\u00ba 16\u00ba do RGPD, o cliente tem direito de retificar os seus dados pessoais se os mesmos estiverem incorretos, desatualizados ou se pretender complet\u00e1-los;<\/li>\n<li><strong>Direito ao esquecimento<\/strong> \u2013 art\u00ba 17\u00ba do RGPD &#8211; pode solicitar que os seus dados pessoais sejam eliminados. O direito ao apagamento dos dados \u00e9 conhecido como o \u201cDireito a ser esquecido\u201d, portanto, o titular dos dados tem direito a obter da nossa empresa o apagamento dos seus dados pessoais, sem demora injustificada e esta tem obriga\u00e7\u00e3o de apagar os seus dados pessoais, sem demora injustificada.<\/li>\n<li><strong>Direito \u00e0 limita\u00e7\u00e3o do tratamento<\/strong> \u2013 art\u00ba 18\u00ba do RGPD, estabelece o direito do cliente solicitar a restri\u00e7\u00e3o do tratamento dos seus dados nas seguintes situa\u00e7\u00f5es:\n<ul>\n<li>se contestar a exatid\u00e3o dos dados, se o tratamento for il\u00edcio e n\u00e3o quiser apagar os seus dados, mas apenas limit\u00e1-los;<\/li>\n<li>se os dados j\u00e1 n\u00e3o forem necess\u00e1rios \u00e0 nossa empresa, mas necess\u00e1rios ao cliente ou se tiver exercido o direito de oposi\u00e7\u00e3o acima referido, durante o per\u00edodo de tempo em que a nossa empresa analisa se os seus interesses leg\u00edtimos para o tratamento prevalecem ou n\u00e3o sobre aquele direito.<\/li>\n<\/ul>\n<\/li>\n<li><strong>Direito de portabilidade dos dados<\/strong> \u2013 art\u00ba 20\u00ba do RGPD, o direito de mover, copiar ou transferir os dados da nossa base de dados para outra;<\/li>\n<li><strong>Direito de oposi\u00e7\u00e3o \u2013 <\/strong>art\u00ba 21\u00ba do RGPD, incluindo o marketing direto: pode eliminar a subscri\u00e7\u00e3o da Newsletter do nosso hotel ou optar por ser removido das nossas comunica\u00e7\u00f5es diretas de marketing a qualquer momento;<\/li>\n<li><strong>Direito de revoga\u00e7\u00e3o de consentimentos \u2013<\/strong> pode retirar o seu consentimento ao tratamento de dados quando o referido tratamento for baseado no seu consentimento. A retirada de consentimento n\u00e3o afeta a legalidade do tratamento baseado no consentimento antes da respetiva retirada;<\/li>\n<li><strong>Direito \u00e0 notifica\u00e7\u00e3o<\/strong> \u2013 art\u00ba 19\u00ba do RGPD, o titular de dados tem direito a ser notificado de qualquer retifica\u00e7\u00e3o, apagamento ou limita\u00e7\u00e3o do tratamento a que o respons\u00e1vel do tratamento tenha procedido em resultado de solicita\u00e7\u00e3o de retifica\u00e7\u00e3o, apagamento ou limita\u00e7\u00e3o do tratamento.<\/li>\n<\/ul>\n<p>O consentimento do titular para o tratamento dos dados, \u00e9 obtido, caso seja exig\u00edvel legalmente.<\/p>\n<p>S\u00f3 guardamos os Dados Pessoais pelo tempo necess\u00e1rio para atingir a finalidade para a qual os mesmos foram recolhidos, para responder \u00e0s suas necessidades ou para cumprir com as nossas obriga\u00e7\u00f5es legais. Caso pretenda exercer algum dos seus direitos ou esclarecer alguma d\u00favida, o titular deve contatar por escrito o Hotel Atl\u00e2ntica Mar, como respons\u00e1vel pelo tratamento dos dados, para a morada Boavista n\u00ba 9, 9760 -557 Praia da Vit\u00f3ria ou e-mail <a href=\"mailto:info@atlantidamarhotel.pt\">info@atlantidamarhotel.pt<\/a>.<\/p>\n<p>Esta pol\u00edtica ser\u00e1 atualizada periodicamente.<\/p>\n<p>Praia da Vit\u00f3ria, 1 de Maio de 2018<br \/>\nLu\u00eds Filipe Reis Cabral<br \/>\nGerente<\/p>\n<\/div><\/div><\/div><\/div><\/div><\/div><\/div><\/section>\n<\/section>","protected":false},"excerpt":{"rendered":"A Pol\u00edtica de Prote\u00e7\u00e3o de Dados Pessoais do Hotel Atl\u00e2ntida Mar, aplica-se \u00e0 recolha e tratamento de dados pessoais dos seus clientes e colaboradores, de acordo com o cumprimento do Regulamento Geral de Prote\u00e7\u00e3o de Dados Pessoais (Regulamento UE 2016\/679 do Parlamento Europeu e do Conselho de 27\/04 de 2016). Atrav\u00e9s \u00a0da nossa pol\u00edtica de...","protected":false},"author":1,"featured_media":4970,"parent":0,"menu_order":0,"comment_status":"closed","ping_status":"closed","template":"","meta":{"_monsterinsights_skip_tracking":false,"_monsterinsights_sitenote_active":false,"_monsterinsights_sitenote_note":"","_monsterinsights_sitenote_category":0},"acf":[],"yoast_head":"<!-- This site is optimized with the Yoast SEO plugin v20.12 - https:\/\/yoast.com\/wordpress\/plugins\/seo\/ -->\n<title>Pol\u00edtica de Privacidade - Atl\u00e2ntida Mar Hotel<\/title>\n<meta name=\"description\" content=\"No Atl\u00e2ntida Mar Hotel, preocupamo-nos com a seguran\u00e7a dos seus dados pessoais e fazemos de tudo para manter toda a informa\u00e7\u00e3o confidencial\" \/>\n<meta name=\"robots\" content=\"index, follow, max-snippet:-1, max-image-preview:large, max-video-preview:-1\" \/>\n<link rel=\"canonical\" href=\"https:\/\/atlantidamarhotel.com\/pt-pt\/politica-privacidade\/\" \/>\n<meta property=\"og:locale\" content=\"pt_PT\" \/>\n<meta property=\"og:type\" content=\"article\" \/>\n<meta property=\"og:title\" content=\"Pol\u00edtica de Privacidade - Atl\u00e2ntida Mar Hotel\" \/>\n<meta property=\"og:description\" content=\"No Atl\u00e2ntida Mar Hotel, preocupamo-nos com a seguran\u00e7a dos seus dados pessoais e fazemos de tudo para manter toda a informa\u00e7\u00e3o confidencial\" \/>\n<meta property=\"og:url\" content=\"https:\/\/atlantidamarhotel.com\/pt-pt\/politica-privacidade\/\" \/>\n<meta property=\"og:site_name\" content=\"Atl\u00e2ntida Mar Hotel\" \/>\n<meta property=\"article:publisher\" content=\"https:\/\/www.facebook.com\/AtlantidaMarHotel\/\" \/>\n<meta property=\"article:modified_time\" content=\"2023-07-24T18:47:10+00:00\" \/>\n<meta property=\"og:image\" content=\"https:\/\/atlantidamarhotel.com\/wp-content\/uploads\/2017\/02\/location_atlantida_mar_hotel.jpg\" \/>\n\t<meta property=\"og:image:width\" content=\"2000\" \/>\n\t<meta property=\"og:image:height\" content=\"1000\" \/>\n\t<meta property=\"og:image:type\" content=\"image\/jpeg\" \/>\n<meta name=\"twitter:card\" content=\"summary_large_image\" \/>\n<meta name=\"twitter:label1\" content=\"Tempo estimado de leitura\" \/>\n\t<meta name=\"twitter:data1\" content=\"5 minutos\" \/>\n<script type=\"application\/ld+json\" class=\"yoast-schema-graph\">{\"@context\":\"https:\/\/schema.org\",\"@graph\":[{\"@type\":\"WebPage\",\"@id\":\"https:\/\/atlantidamarhotel.com\/pt-pt\/politica-privacidade\/\",\"url\":\"https:\/\/atlantidamarhotel.com\/pt-pt\/politica-privacidade\/\",\"name\":\"Pol\u00edtica de Privacidade - Atl\u00e2ntida Mar Hotel\",\"isPartOf\":{\"@id\":\"https:\/\/atlantidamarhotel.com\/pt-pt\/#website\"},\"datePublished\":\"2019-05-30T15:16:17+00:00\",\"dateModified\":\"2023-07-24T18:47:10+00:00\",\"description\":\"No Atl\u00e2ntida Mar Hotel, preocupamo-nos com a seguran\u00e7a dos seus dados pessoais e fazemos de tudo para manter toda a informa\u00e7\u00e3o confidencial\",\"breadcrumb\":{\"@id\":\"https:\/\/atlantidamarhotel.com\/pt-pt\/politica-privacidade\/#breadcrumb\"},\"inLanguage\":\"pt-PT\",\"potentialAction\":[{\"@type\":\"ReadAction\",\"target\":[\"https:\/\/atlantidamarhotel.com\/pt-pt\/politica-privacidade\/\"]}]},{\"@type\":\"BreadcrumbList\",\"@id\":\"https:\/\/atlantidamarhotel.com\/pt-pt\/politica-privacidade\/#breadcrumb\",\"itemListElement\":[{\"@type\":\"ListItem\",\"position\":1,\"name\":\"Home\",\"item\":\"https:\/\/atlantidamarhotel.com\/pt-pt\/\"},{\"@type\":\"ListItem\",\"position\":2,\"name\":\"Pol\u00edtica de Privacidade\"}]},{\"@type\":\"WebSite\",\"@id\":\"https:\/\/atlantidamarhotel.com\/pt-pt\/#website\",\"url\":\"https:\/\/atlantidamarhotel.com\/pt-pt\/\",\"name\":\"Atl\u00e2ntida Mar Hotel\",\"description\":\"Aparthotel\",\"publisher\":{\"@id\":\"https:\/\/atlantidamarhotel.com\/pt-pt\/#organization\"},\"potentialAction\":[{\"@type\":\"SearchAction\",\"target\":{\"@type\":\"EntryPoint\",\"urlTemplate\":\"https:\/\/atlantidamarhotel.com\/pt-pt\/?s={search_term_string}\"},\"query-input\":\"required name=search_term_string\"}],\"inLanguage\":\"pt-PT\"},{\"@type\":\"Organization\",\"@id\":\"https:\/\/atlantidamarhotel.com\/pt-pt\/#organization\",\"name\":\"Atl\u00e2ntida Mar Hotel\",\"url\":\"https:\/\/atlantidamarhotel.com\/pt-pt\/\",\"logo\":{\"@type\":\"ImageObject\",\"inLanguage\":\"pt-PT\",\"@id\":\"https:\/\/atlantidamarhotel.com\/pt-pt\/#\/schema\/logo\/image\/\",\"url\":\"https:\/\/atlantidamarhotel.com\/wp-content\/uploads\/2016\/12\/logo-Atlantida-mar-hotel-2.png\",\"contentUrl\":\"https:\/\/atlantidamarhotel.com\/wp-content\/uploads\/2016\/12\/logo-Atlantida-mar-hotel-2.png\",\"width\":1600,\"height\":445,\"caption\":\"Atl\u00e2ntida Mar Hotel\"},\"image\":{\"@id\":\"https:\/\/atlantidamarhotel.com\/pt-pt\/#\/schema\/logo\/image\/\"},\"sameAs\":[\"https:\/\/www.facebook.com\/AtlantidaMarHotel\/\"]}]}<\/script>\n<!-- \/ Yoast SEO plugin. -->","yoast_head_json":{"title":"Pol\u00edtica de Privacidade - Atl\u00e2ntida Mar Hotel","description":"No Atl\u00e2ntida Mar Hotel, preocupamo-nos com a seguran\u00e7a dos seus dados pessoais e fazemos de tudo para manter toda a informa\u00e7\u00e3o confidencial","robots":{"index":"index","follow":"follow","max-snippet":"max-snippet:-1","max-image-preview":"max-image-preview:large","max-video-preview":"max-video-preview:-1"},"canonical":"https:\/\/atlantidamarhotel.com\/pt-pt\/politica-privacidade\/","og_locale":"pt_PT","og_type":"article","og_title":"Pol\u00edtica de Privacidade - Atl\u00e2ntida Mar Hotel","og_description":"No Atl\u00e2ntida Mar Hotel, preocupamo-nos com a seguran\u00e7a dos seus dados pessoais e fazemos de tudo para manter toda a informa\u00e7\u00e3o confidencial","og_url":"https:\/\/atlantidamarhotel.com\/pt-pt\/politica-privacidade\/","og_site_name":"Atl\u00e2ntida Mar Hotel","article_publisher":"https:\/\/www.facebook.com\/AtlantidaMarHotel\/","article_modified_time":"2023-07-24T18:47:10+00:00","og_image":[{"width":2000,"height":1000,"url":"https:\/\/atlantidamarhotel.com\/wp-content\/uploads\/2017\/02\/location_atlantida_mar_hotel.jpg","type":"image\/jpeg"}],"twitter_card":"summary_large_image","twitter_misc":{"Tempo estimado de leitura":"5 minutos"},"schema":{"@context":"https:\/\/schema.org","@graph":[{"@type":"WebPage","@id":"https:\/\/atlantidamarhotel.com\/pt-pt\/politica-privacidade\/","url":"https:\/\/atlantidamarhotel.com\/pt-pt\/politica-privacidade\/","name":"Pol\u00edtica de Privacidade - Atl\u00e2ntida Mar Hotel","isPartOf":{"@id":"https:\/\/atlantidamarhotel.com\/pt-pt\/#website"},"datePublished":"2019-05-30T15:16:17+00:00","dateModified":"2023-07-24T18:47:10+00:00","description":"No Atl\u00e2ntida Mar Hotel, preocupamo-nos com a seguran\u00e7a dos seus dados pessoais e fazemos de tudo para manter toda a informa\u00e7\u00e3o confidencial","breadcrumb":{"@id":"https:\/\/atlantidamarhotel.com\/pt-pt\/politica-privacidade\/#breadcrumb"},"inLanguage":"pt-PT","potentialAction":[{"@type":"ReadAction","target":["https:\/\/atlantidamarhotel.com\/pt-pt\/politica-privacidade\/"]}]},{"@type":"BreadcrumbList","@id":"https:\/\/atlantidamarhotel.com\/pt-pt\/politica-privacidade\/#breadcrumb","itemListElement":[{"@type":"ListItem","position":1,"name":"Home","item":"https:\/\/atlantidamarhotel.com\/pt-pt\/"},{"@type":"ListItem","position":2,"name":"Pol\u00edtica de Privacidade"}]},{"@type":"WebSite","@id":"https:\/\/atlantidamarhotel.com\/pt-pt\/#website","url":"https:\/\/atlantidamarhotel.com\/pt-pt\/","name":"Atl\u00e2ntida Mar Hotel","description":"Aparthotel","publisher":{"@id":"https:\/\/atlantidamarhotel.com\/pt-pt\/#organization"},"potentialAction":[{"@type":"SearchAction","target":{"@type":"EntryPoint","urlTemplate":"https:\/\/atlantidamarhotel.com\/pt-pt\/?s={search_term_string}"},"query-input":"required name=search_term_string"}],"inLanguage":"pt-PT"},{"@type":"Organization","@id":"https:\/\/atlantidamarhotel.com\/pt-pt\/#organization","name":"Atl\u00e2ntida Mar Hotel","url":"https:\/\/atlantidamarhotel.com\/pt-pt\/","logo":{"@type":"ImageObject","inLanguage":"pt-PT","@id":"https:\/\/atlantidamarhotel.com\/pt-pt\/#\/schema\/logo\/image\/","url":"https:\/\/atlantidamarhotel.com\/wp-content\/uploads\/2016\/12\/logo-Atlantida-mar-hotel-2.png","contentUrl":"https:\/\/atlantidamarhotel.com\/wp-content\/uploads\/2016\/12\/logo-Atlantida-mar-hotel-2.png","width":1600,"height":445,"caption":"Atl\u00e2ntida Mar Hotel"},"image":{"@id":"https:\/\/atlantidamarhotel.com\/pt-pt\/#\/schema\/logo\/image\/"},"sameAs":["https:\/\/www.facebook.com\/AtlantidaMarHotel\/"]}]}},"_links":{"self":[{"href":"https:\/\/atlantidamarhotel.com\/pt-pt\/wp-json\/wp\/v2\/pages\/4235"}],"collection":[{"href":"https:\/\/atlantidamarhotel.com\/pt-pt\/wp-json\/wp\/v2\/pages"}],"about":[{"href":"https:\/\/atlantidamarhotel.com\/pt-pt\/wp-json\/wp\/v2\/types\/page"}],"author":[{"embeddable":true,"href":"https:\/\/atlantidamarhotel.com\/pt-pt\/wp-json\/wp\/v2\/users\/1"}],"replies":[{"embeddable":true,"href":"https:\/\/atlantidamarhotel.com\/pt-pt\/wp-json\/wp\/v2\/comments?post=4235"}],"version-history":[{"count":10,"href":"https:\/\/atlantidamarhotel.com\/pt-pt\/wp-json\/wp\/v2\/pages\/4235\/revisions"}],"predecessor-version":[{"id":6890,"href":"https:\/\/atlantidamarhotel.com\/pt-pt\/wp-json\/wp\/v2\/pages\/4235\/revisions\/6890"}],"wp:featuredmedia":[{"embeddable":true,"href":"https:\/\/atlantidamarhotel.com\/pt-pt\/wp-json\/wp\/v2\/media\/4970"}],"wp:attachment":[{"href":"https:\/\/atlantidamarhotel.com\/pt-pt\/wp-json\/wp\/v2\/media?parent=4235"}],"curies":[{"name":"wp","href":"https:\/\/api.w.org\/{rel}","templated":true}]}}