{"id":6494,"date":"2023-06-26T13:03:09","date_gmt":"2023-06-26T14:03:09","guid":{"rendered":"https:\/\/atlantidamarhotel.com\/videos\/"},"modified":"2023-08-11T22:49:54","modified_gmt":"2023-08-11T23:49:54","slug":"videos","status":"publish","type":"page","link":"https:\/\/atlantidamarhotel.com\/pt-pt\/videos\/","title":{"rendered":"V\u00eddeos"},"content":{"rendered":"<section class=\"wpb-content-wrapper\"><section class=\"l-section wpb_row height_custom\"><div class=\"l-section-h i-cf\"><div class=\"g-cols vc_row via_flex valign_top type_default stacking_default\"><div class=\"vc_col-sm-12 wpb_column vc_column_container\"><div class=\"vc_column-inner\"><div class=\"wpb_wrapper\"><div class=\"wpb_text_column\"><div class=\"wpb_wrapper\"><p>Aqui, proporcionamos-lhe uma experi\u00eancia visual rica que o leva numa viagem virtual atrav\u00e9s do Atl\u00e2ntida Mar Hotel e dos encantos da ilha Terceira. Descubra a beleza dos nossos quartos, aprecie a vista panor\u00e2mica do nosso terra\u00e7o e mergulhe na vibrante vida local. Os nossos v\u00eddeos v\u00e3o permitir-lhe sentir a atmosfera \u00fanica do nosso hotel e da encantadora ilha dos A\u00e7ores, mesmo antes de nos visitar. Estamos entusiasmados por partilhar estas experi\u00eancias consigo!<\/p>\n<\/div><\/div><div class=\"w-separator size_medium\"><\/div><div class=\"wpb_text_column\"><div class=\"wpb_wrapper\"><h4 style=\"text-align: center;\">Atl\u00e2ntida Mar Hotel &#8211; V\u00eddeo de Apresenta\u00e7\u00e3o<\/h4>\n<\/div><\/div><div class=\"w-separator size_small\"><\/div><div class=\"w-html hide_on_tablets hide_on_mobiles\"><iframe width=\"1215\" height=\"684\" src=\"https:\/\/www.youtube.com\/embed\/627bT_7eMjk?rel=0\" frameborder=\"0\" allow=\"accelerometer; clipboard-write; encrypted-media; gyroscope; picture-in-picture\" allowfullscreen><\/iframe><\/div><div class=\"w-html hide_on_default hide_on_laptops\"><iframe width=\"582\" height=\"327\" src=\"https:\/\/www.youtube.com\/embed\/627bT_7eMjk?rel=0\" frameborder=\"0\" allow=\"accelerometer; clipboard-write; encrypted-media; gyroscope; picture-in-picture\" allowfullscreen><\/iframe><\/div><\/div><\/div><\/div><\/div><\/div><\/section><section class=\"l-section wpb_row height_custom\"><div class=\"l-section-h i-cf\"><div class=\"g-cols vc_row via_flex valign_top type_default stacking_default\"><div class=\"vc_col-sm-6 wpb_column vc_column_container\"><div class=\"vc_column-inner\"><div class=\"wpb_wrapper\"><div class=\"wpb_text_column\"><div class=\"wpb_wrapper\"><h4 style=\"text-align: center;\">Rece\u00e7\u00e3o, Bar e Hall<\/h4>\n<\/div><\/div><div class=\"w-separator size_small\"><\/div><div class=\"w-html\"><iframe width=\"582\" height=\"327\" src=\"https:\/\/www.youtube.com\/embed\/qFpMzoGFO0A?rel=0\" frameborder=\"0\" allow=\"accelerometer; clipboard-write; encrypted-media; gyroscope; picture-in-picture\" allowfullscreen><\/iframe><\/div><div class=\"w-separator size_small\"><\/div><div class=\"wpb_text_column\"><div class=\"wpb_wrapper\"><h4 style=\"text-align: center;\">Quarto Standard Vista Mar<\/h4>\n<\/div><\/div><div class=\"w-separator size_small\"><\/div><div class=\"w-html\"><iframe width=\"582\" height=\"327\" src=\"https:\/\/www.youtube.com\/embed\/dvOcNACNI7Y?rel=0\" frameborder=\"0\" allow=\"accelerometer; clipboard-write; encrypted-media; gyroscope; picture-in-picture\" allowfullscreen><\/iframe><\/div><div class=\"w-separator size_small\"><\/div><div class=\"wpb_text_column\"><div class=\"wpb_wrapper\"><h4 style=\"text-align: center;\">Suite Vista Mar<\/h4>\n<\/div><\/div><div class=\"w-separator size_small\"><\/div><div class=\"w-html\"><iframe width=\"582\" height=\"327\" src=\"https:\/\/www.youtube.com\/embed\/WLtp1TSOcqw?rel=0\" frameborder=\"0\" allow=\"accelerometer; clipboard-write; encrypted-media; gyroscope; picture-in-picture\" allowfullscreen><\/iframe><\/div><div class=\"w-separator size_small\"><\/div><div class=\"wpb_text_column\"><div class=\"wpb_wrapper\"><h4 style=\"text-align: center;\">Pequeno Almo\u00e7o, Piscina e Esplanada<\/h4>\n<\/div><\/div><div class=\"w-separator size_small\"><\/div><div class=\"w-html\"><iframe width=\"582\" height=\"327\" src=\"https:\/\/www.youtube.com\/embed\/N8Gn4CVsTko?rel=0\" frameborder=\"0\" allow=\"accelerometer; clipboard-write; encrypted-media; gyroscope; picture-in-picture\" allowfullscreen><\/iframe><\/div><\/div><\/div><\/div><div class=\"vc_col-sm-6 wpb_column vc_column_container\"><div class=\"vc_column-inner\"><div class=\"wpb_wrapper\"><div class=\"wpb_text_column\"><div class=\"wpb_wrapper\"><h4 style=\"text-align: center;\">Quarto Standard Vista Montanha<\/h4>\n<\/div><\/div><div class=\"w-separator size_small\"><\/div><div class=\"w-html\"><iframe width=\"582\" height=\"327\" src=\"https:\/\/www.youtube.com\/embed\/VD-eCXkY2bk?rel=0\" frameborder=\"0\" allow=\"accelerometer; clipboard-write; encrypted-media; gyroscope; picture-in-picture\" allowfullscreen><\/iframe><\/div><div class=\"w-separator size_small\"><\/div><div class=\"wpb_text_column\"><div class=\"wpb_wrapper\"><h4 style=\"text-align: center;\">Suite J\u00fanior Vista Mar<\/h4>\n<\/div><\/div><div class=\"w-separator size_small\"><\/div><div class=\"w-html\"><iframe width=\"582\" height=\"327\" src=\"https:\/\/www.youtube.com\/embed\/WeogkclQPFE?rel=0\" frameborder=\"0\" allow=\"accelerometer; clipboard-write; encrypted-media; gyroscope; picture-in-picture\" allowfullscreen><\/iframe><\/div><div class=\"w-separator size_small\"><\/div><div class=\"wpb_text_column\"><div class=\"wpb_wrapper\"><h4 style=\"text-align: center;\">Suite Duplex Vista Mar<\/h4>\n<\/div><\/div><div class=\"w-separator size_small\"><\/div><div class=\"w-html\"><iframe width=\"582\" height=\"327\" src=\"https:\/\/www.youtube.com\/embed\/aOEZDh00dgE?rel=0\" frameborder=\"0\" allow=\"accelerometer; clipboard-write; encrypted-media; gyroscope; picture-in-picture\" allowfullscreen><\/iframe><\/div><div class=\"w-separator size_small\"><\/div><div class=\"wpb_text_column\"><div class=\"wpb_wrapper\"><h4 style=\"text-align: center;\">\u00c1rea Exterior Vista Mar<\/h4>\n<\/div><\/div><div class=\"w-separator size_small\"><\/div><div class=\"w-html\"><iframe width=\"582\" height=\"327\" src=\"https:\/\/www.youtube.com\/embed\/lpvQUPDE6CM?rel=0\" frameborder=\"0\" allow=\"accelerometer; clipboard-write; encrypted-media; gyroscope; picture-in-picture\" allowfullscreen><\/iframe><\/div><\/div><\/div><\/div><\/div><\/div><\/section>\n<\/section>","protected":false},"excerpt":{"rendered":"Aqui, proporcionamos-lhe uma experi\u00eancia visual rica que o leva numa viagem virtual atrav\u00e9s do Atl\u00e2ntida Mar Hotel e dos encantos da ilha Terceira. Descubra a beleza dos nossos quartos, aprecie a vista panor\u00e2mica do nosso terra\u00e7o e mergulhe na vibrante vida local. Os nossos v\u00eddeos v\u00e3o permitir-lhe sentir a atmosfera \u00fanica do nosso hotel e...","protected":false},"author":1,"featured_media":6428,"parent":0,"menu_order":0,"comment_status":"closed","ping_status":"closed","template":"","meta":{"_monsterinsights_skip_tracking":false,"_monsterinsights_sitenote_active":false,"_monsterinsights_sitenote_note":"","_monsterinsights_sitenote_category":0},"acf":[],"yoast_head":"<!-- This site is optimized with the Yoast SEO plugin v20.12 - https:\/\/yoast.com\/wordpress\/plugins\/seo\/ -->\n<title>V\u00eddeos Atl\u00e2ntida Mar Hotel: Descubra a Experi\u00eancia Visual dos A\u00e7ores<\/title>\n<meta name=\"description\" content=\"Explore a nossa cole\u00e7\u00e3o de v\u00eddeos e embarque numa viagem virtual ao Atl\u00e2ntida Mar Hotel e \u00e0 ilha Terceira. Descubra o charme do nosso hotel e da bela paisagem a\u00e7oriana atrav\u00e9s da nossa galeria de v\u00eddeos.\" \/>\n<meta name=\"robots\" content=\"index, follow, max-snippet:-1, max-image-preview:large, max-video-preview:-1\" \/>\n<link rel=\"canonical\" href=\"https:\/\/atlantidamarhotel.com\/pt-pt\/videos\/\" \/>\n<meta property=\"og:locale\" content=\"pt_PT\" \/>\n<meta property=\"og:type\" content=\"article\" \/>\n<meta property=\"og:title\" content=\"V\u00eddeos Atl\u00e2ntida Mar Hotel: Descubra a Experi\u00eancia Visual dos A\u00e7ores\" \/>\n<meta property=\"og:description\" content=\"Explore a nossa cole\u00e7\u00e3o de v\u00eddeos e embarque numa viagem virtual ao Atl\u00e2ntida Mar Hotel e \u00e0 ilha Terceira. Descubra o charme do nosso hotel e da bela paisagem a\u00e7oriana atrav\u00e9s da nossa galeria de v\u00eddeos.\" \/>\n<meta property=\"og:url\" content=\"https:\/\/atlantidamarhotel.com\/pt-pt\/videos\/\" \/>\n<meta property=\"og:site_name\" content=\"Atl\u00e2ntida Mar Hotel\" \/>\n<meta property=\"article:publisher\" content=\"https:\/\/www.facebook.com\/AtlantidaMarHotel\/\" \/>\n<meta property=\"article:modified_time\" content=\"2023-08-11T23:49:54+00:00\" \/>\n<meta property=\"og:image\" content=\"https:\/\/atlantidamarhotel.com\/wp-content\/uploads\/2023\/06\/hotel-aparthotel-azores-terceira-island-ilha-atlantida-mar-ocean-oceano-piscina-pool-final-tarde-evening.jpg\" \/>\n\t<meta property=\"og:image:width\" content=\"1833\" \/>\n\t<meta property=\"og:image:height\" content=\"1222\" \/>\n\t<meta property=\"og:image:type\" content=\"image\/jpeg\" \/>\n<meta name=\"twitter:card\" content=\"summary_large_image\" \/>\n<meta name=\"twitter:label1\" content=\"Tempo estimado de leitura\" \/>\n\t<meta name=\"twitter:data1\" content=\"1 minuto\" \/>\n<script type=\"application\/ld+json\" class=\"yoast-schema-graph\">{\"@context\":\"https:\/\/schema.org\",\"@graph\":[{\"@type\":\"WebPage\",\"@id\":\"https:\/\/atlantidamarhotel.com\/pt-pt\/videos\/\",\"url\":\"https:\/\/atlantidamarhotel.com\/pt-pt\/videos\/\",\"name\":\"V\u00eddeos Atl\u00e2ntida Mar Hotel: Descubra a Experi\u00eancia Visual dos A\u00e7ores\",\"isPartOf\":{\"@id\":\"https:\/\/atlantidamarhotel.com\/pt-pt\/#website\"},\"datePublished\":\"2023-06-26T14:03:09+00:00\",\"dateModified\":\"2023-08-11T23:49:54+00:00\",\"description\":\"Explore a nossa cole\u00e7\u00e3o de v\u00eddeos e embarque numa viagem virtual ao Atl\u00e2ntida Mar Hotel e \u00e0 ilha Terceira. Descubra o charme do nosso hotel e da bela paisagem a\u00e7oriana atrav\u00e9s da nossa galeria de v\u00eddeos.\",\"breadcrumb\":{\"@id\":\"https:\/\/atlantidamarhotel.com\/pt-pt\/videos\/#breadcrumb\"},\"inLanguage\":\"pt-PT\",\"potentialAction\":[{\"@type\":\"ReadAction\",\"target\":[\"https:\/\/atlantidamarhotel.com\/pt-pt\/videos\/\"]}]},{\"@type\":\"BreadcrumbList\",\"@id\":\"https:\/\/atlantidamarhotel.com\/pt-pt\/videos\/#breadcrumb\",\"itemListElement\":[{\"@type\":\"ListItem\",\"position\":1,\"name\":\"Home\",\"item\":\"https:\/\/atlantidamarhotel.com\/pt-pt\/\"},{\"@type\":\"ListItem\",\"position\":2,\"name\":\"V\u00eddeos\"}]},{\"@type\":\"WebSite\",\"@id\":\"https:\/\/atlantidamarhotel.com\/pt-pt\/#website\",\"url\":\"https:\/\/atlantidamarhotel.com\/pt-pt\/\",\"name\":\"Atl\u00e2ntida Mar Hotel\",\"description\":\"Aparthotel\",\"publisher\":{\"@id\":\"https:\/\/atlantidamarhotel.com\/pt-pt\/#organization\"},\"potentialAction\":[{\"@type\":\"SearchAction\",\"target\":{\"@type\":\"EntryPoint\",\"urlTemplate\":\"https:\/\/atlantidamarhotel.com\/pt-pt\/?s={search_term_string}\"},\"query-input\":\"required name=search_term_string\"}],\"inLanguage\":\"pt-PT\"},{\"@type\":\"Organization\",\"@id\":\"https:\/\/atlantidamarhotel.com\/pt-pt\/#organization\",\"name\":\"Atl\u00e2ntida Mar Hotel\",\"url\":\"https:\/\/atlantidamarhotel.com\/pt-pt\/\",\"logo\":{\"@type\":\"ImageObject\",\"inLanguage\":\"pt-PT\",\"@id\":\"https:\/\/atlantidamarhotel.com\/pt-pt\/#\/schema\/logo\/image\/\",\"url\":\"https:\/\/atlantidamarhotel.com\/wp-content\/uploads\/2016\/12\/logo-Atlantida-mar-hotel-2.png\",\"contentUrl\":\"https:\/\/atlantidamarhotel.com\/wp-content\/uploads\/2016\/12\/logo-Atlantida-mar-hotel-2.png\",\"width\":1600,\"height\":445,\"caption\":\"Atl\u00e2ntida Mar Hotel\"},\"image\":{\"@id\":\"https:\/\/atlantidamarhotel.com\/pt-pt\/#\/schema\/logo\/image\/\"},\"sameAs\":[\"https:\/\/www.facebook.com\/AtlantidaMarHotel\/\"]}]}<\/script>\n<!-- \/ Yoast SEO plugin. -->","yoast_head_json":{"title":"V\u00eddeos Atl\u00e2ntida Mar Hotel: Descubra a Experi\u00eancia Visual dos A\u00e7ores","description":"Explore a nossa cole\u00e7\u00e3o de v\u00eddeos e embarque numa viagem virtual ao Atl\u00e2ntida Mar Hotel e \u00e0 ilha Terceira. Descubra o charme do nosso hotel e da bela paisagem a\u00e7oriana atrav\u00e9s da nossa galeria de v\u00eddeos.","robots":{"index":"index","follow":"follow","max-snippet":"max-snippet:-1","max-image-preview":"max-image-preview:large","max-video-preview":"max-video-preview:-1"},"canonical":"https:\/\/atlantidamarhotel.com\/pt-pt\/videos\/","og_locale":"pt_PT","og_type":"article","og_title":"V\u00eddeos Atl\u00e2ntida Mar Hotel: Descubra a Experi\u00eancia Visual dos A\u00e7ores","og_description":"Explore a nossa cole\u00e7\u00e3o de v\u00eddeos e embarque numa viagem virtual ao Atl\u00e2ntida Mar Hotel e \u00e0 ilha Terceira. Descubra o charme do nosso hotel e da bela paisagem a\u00e7oriana atrav\u00e9s da nossa galeria de v\u00eddeos.","og_url":"https:\/\/atlantidamarhotel.com\/pt-pt\/videos\/","og_site_name":"Atl\u00e2ntida Mar Hotel","article_publisher":"https:\/\/www.facebook.com\/AtlantidaMarHotel\/","article_modified_time":"2023-08-11T23:49:54+00:00","og_image":[{"width":1833,"height":1222,"url":"https:\/\/atlantidamarhotel.com\/wp-content\/uploads\/2023\/06\/hotel-aparthotel-azores-terceira-island-ilha-atlantida-mar-ocean-oceano-piscina-pool-final-tarde-evening.jpg","type":"image\/jpeg"}],"twitter_card":"summary_large_image","twitter_misc":{"Tempo estimado de leitura":"1 minuto"},"schema":{"@context":"https:\/\/schema.org","@graph":[{"@type":"WebPage","@id":"https:\/\/atlantidamarhotel.com\/pt-pt\/videos\/","url":"https:\/\/atlantidamarhotel.com\/pt-pt\/videos\/","name":"V\u00eddeos Atl\u00e2ntida Mar Hotel: Descubra a Experi\u00eancia Visual dos A\u00e7ores","isPartOf":{"@id":"https:\/\/atlantidamarhotel.com\/pt-pt\/#website"},"datePublished":"2023-06-26T14:03:09+00:00","dateModified":"2023-08-11T23:49:54+00:00","description":"Explore a nossa cole\u00e7\u00e3o de v\u00eddeos e embarque numa viagem virtual ao Atl\u00e2ntida Mar Hotel e \u00e0 ilha Terceira. Descubra o charme do nosso hotel e da bela paisagem a\u00e7oriana atrav\u00e9s da nossa galeria de v\u00eddeos.","breadcrumb":{"@id":"https:\/\/atlantidamarhotel.com\/pt-pt\/videos\/#breadcrumb"},"inLanguage":"pt-PT","potentialAction":[{"@type":"ReadAction","target":["https:\/\/atlantidamarhotel.com\/pt-pt\/videos\/"]}]},{"@type":"BreadcrumbList","@id":"https:\/\/atlantidamarhotel.com\/pt-pt\/videos\/#breadcrumb","itemListElement":[{"@type":"ListItem","position":1,"name":"Home","item":"https:\/\/atlantidamarhotel.com\/pt-pt\/"},{"@type":"ListItem","position":2,"name":"V\u00eddeos"}]},{"@type":"WebSite","@id":"https:\/\/atlantidamarhotel.com\/pt-pt\/#website","url":"https:\/\/atlantidamarhotel.com\/pt-pt\/","name":"Atl\u00e2ntida Mar Hotel","description":"Aparthotel","publisher":{"@id":"https:\/\/atlantidamarhotel.com\/pt-pt\/#organization"},"potentialAction":[{"@type":"SearchAction","target":{"@type":"EntryPoint","urlTemplate":"https:\/\/atlantidamarhotel.com\/pt-pt\/?s={search_term_string}"},"query-input":"required name=search_term_string"}],"inLanguage":"pt-PT"},{"@type":"Organization","@id":"https:\/\/atlantidamarhotel.com\/pt-pt\/#organization","name":"Atl\u00e2ntida Mar Hotel","url":"https:\/\/atlantidamarhotel.com\/pt-pt\/","logo":{"@type":"ImageObject","inLanguage":"pt-PT","@id":"https:\/\/atlantidamarhotel.com\/pt-pt\/#\/schema\/logo\/image\/","url":"https:\/\/atlantidamarhotel.com\/wp-content\/uploads\/2016\/12\/logo-Atlantida-mar-hotel-2.png","contentUrl":"https:\/\/atlantidamarhotel.com\/wp-content\/uploads\/2016\/12\/logo-Atlantida-mar-hotel-2.png","width":1600,"height":445,"caption":"Atl\u00e2ntida Mar Hotel"},"image":{"@id":"https:\/\/atlantidamarhotel.com\/pt-pt\/#\/schema\/logo\/image\/"},"sameAs":["https:\/\/www.facebook.com\/AtlantidaMarHotel\/"]}]}},"_links":{"self":[{"href":"https:\/\/atlantidamarhotel.com\/pt-pt\/wp-json\/wp\/v2\/pages\/6494"}],"collection":[{"href":"https:\/\/atlantidamarhotel.com\/pt-pt\/wp-json\/wp\/v2\/pages"}],"about":[{"href":"https:\/\/atlantidamarhotel.com\/pt-pt\/wp-json\/wp\/v2\/types\/page"}],"author":[{"embeddable":true,"href":"https:\/\/atlantidamarhotel.com\/pt-pt\/wp-json\/wp\/v2\/users\/1"}],"replies":[{"embeddable":true,"href":"https:\/\/atlantidamarhotel.com\/pt-pt\/wp-json\/wp\/v2\/comments?post=6494"}],"version-history":[{"count":13,"href":"https:\/\/atlantidamarhotel.com\/pt-pt\/wp-json\/wp\/v2\/pages\/6494\/revisions"}],"predecessor-version":[{"id":6930,"href":"https:\/\/atlantidamarhotel.com\/pt-pt\/wp-json\/wp\/v2\/pages\/6494\/revisions\/6930"}],"wp:featuredmedia":[{"embeddable":true,"href":"https:\/\/atlantidamarhotel.com\/pt-pt\/wp-json\/wp\/v2\/media\/6428"}],"wp:attachment":[{"href":"https:\/\/atlantidamarhotel.com\/pt-pt\/wp-json\/wp\/v2\/media?parent=6494"}],"curies":[{"name":"wp","href":"https:\/\/api.w.org\/{rel}","templated":true}]}}