{"id":6610,"date":"2023-06-27T10:23:11","date_gmt":"2023-06-27T11:23:11","guid":{"rendered":"https:\/\/atlantidamarhotel.com\/azores-2020\/"},"modified":"2023-06-29T10:56:59","modified_gmt":"2023-06-29T11:56:59","slug":"acores-2020","status":"publish","type":"page","link":"https:\/\/atlantidamarhotel.com\/pt-pt\/acores-2020\/","title":{"rendered":"A\u00e7ores 2020"},"content":{"rendered":"<p><strong>Designa\u00e7\u00e3o do projeto<\/strong>: VALE DIGITAL A\u00c7ORES<br \/>\n<strong>C\u00f3digo do projeto<\/strong>: ACORES-03-0853-FEDER-102481. OI N\u00ba 9815<br \/>\n<strong>Objetivo principal<\/strong>: Refor\u00e7ar a capacita\u00e7\u00e3o da empresa para a competitividade<br \/>\n<strong>Entidade benefici\u00e1ria<\/strong>: Atlantida Mar &#8211; Empreendimentos Tur\u00edsticos, Lda.<br \/>\n<strong>Custo total eleg\u00edvel<\/strong>: 9.620\u20ac<br \/>\n<strong>Descri\u00e7\u00e3o<\/strong>: Promover as condi\u00e7\u00f5es de competitividade do Atl\u00e2ntida Mar Hotel, atrav\u00e9s da ado\u00e7\u00e3o de tecnologias digitais, nomeadamente no campo do marketing digital e do com\u00e9rcio eletr\u00f3nico, refor\u00e7ando a presen\u00e7a da empresa na economia digital, investindo-se para este efeito na contrata\u00e7\u00e3o de servi\u00e7os no dom\u00ednio das tecnologias digitais, nomeadamente: cria\u00e7\u00e3o de website de raiz, cria\u00e7\u00e3o de um v\u00eddeo institucional do hotel, cria\u00e7\u00e3o de imagens 3D (Virtual Tour), cria\u00e7\u00e3o de conte\u00fados digitais e campanhas SEO.<br \/>\n<strong>Resultado<\/strong>: https:\/\/atlantidamarhotel.com<\/p>\n<p><img decoding=\"async\" loading=\"lazy\" class=\"alignnone size-large wp-image-6603\" src=\"https:\/\/atlantidamarhotel.com\/wp-content\/uploads\/2021\/11\/2020_b-1024x79.png\" alt=\"\" width=\"1024\" height=\"79\" srcset=\"https:\/\/atlantidamarhotel.com\/wp-content\/uploads\/2021\/11\/2020_b-1024x79.png 1024w, https:\/\/atlantidamarhotel.com\/wp-content\/uploads\/2021\/11\/2020_b-300x23.png 300w\" sizes=\"(max-width: 1024px) 100vw, 1024px\" \/><\/p>\n","protected":false},"excerpt":{"rendered":"<p>Designa\u00e7\u00e3o do projeto: VALE DIGITAL A\u00c7ORES C\u00f3digo do projeto: ACORES-03-0853-FEDER-102481. OI N\u00ba 9815 Objetivo principal: Refor\u00e7ar a capacita\u00e7\u00e3o da empresa para a competitividade Entidade benefici\u00e1ria: Atlantida Mar &#8211; Empreendimentos Tur\u00edsticos, Lda. Custo total eleg\u00edvel: 9.620\u20ac Descri\u00e7\u00e3o: Promover as condi\u00e7\u00f5es de competitividade do Atl\u00e2ntida Mar Hotel, atrav\u00e9s da ado\u00e7\u00e3o de tecnologias digitais, nomeadamente no campo do&#8230;<\/p>\n","protected":false},"author":1,"featured_media":6206,"parent":0,"menu_order":0,"comment_status":"closed","ping_status":"closed","template":"","meta":{"_monsterinsights_skip_tracking":false,"_monsterinsights_sitenote_active":false,"_monsterinsights_sitenote_note":"","_monsterinsights_sitenote_category":0},"acf":[],"yoast_head":"<!-- This site is optimized with the Yoast SEO plugin v20.12 - https:\/\/yoast.com\/wordpress\/plugins\/seo\/ -->\n<title>A\u00e7ores 2020 - Atl\u00e2ntida Mar Hotel<\/title>\n<meta name=\"robots\" content=\"index, follow, max-snippet:-1, max-image-preview:large, max-video-preview:-1\" \/>\n<link rel=\"canonical\" href=\"https:\/\/atlantidamarhotel.com\/pt-pt\/acores-2020\/\" \/>\n<meta property=\"og:locale\" content=\"pt_PT\" \/>\n<meta property=\"og:type\" content=\"article\" \/>\n<meta property=\"og:title\" content=\"A\u00e7ores 2020 - Atl\u00e2ntida Mar Hotel\" \/>\n<meta property=\"og:description\" content=\"Designa\u00e7\u00e3o do projeto: VALE DIGITAL A\u00c7ORES C\u00f3digo do projeto: ACORES-03-0853-FEDER-102481. OI N\u00ba 9815 Objetivo principal: Refor\u00e7ar a capacita\u00e7\u00e3o da empresa para a competitividade Entidade benefici\u00e1ria: Atlantida Mar &#8211; Empreendimentos Tur\u00edsticos, Lda. Custo total eleg\u00edvel: 9.620\u20ac Descri\u00e7\u00e3o: Promover as condi\u00e7\u00f5es de competitividade do Atl\u00e2ntida Mar Hotel, atrav\u00e9s da ado\u00e7\u00e3o de tecnologias digitais, nomeadamente no campo do...\" \/>\n<meta property=\"og:url\" content=\"https:\/\/atlantidamarhotel.com\/pt-pt\/acores-2020\/\" \/>\n<meta property=\"og:site_name\" content=\"Atl\u00e2ntida Mar Hotel\" \/>\n<meta property=\"article:publisher\" content=\"https:\/\/www.facebook.com\/AtlantidaMarHotel\/\" \/>\n<meta property=\"article:modified_time\" content=\"2023-06-29T11:56:59+00:00\" \/>\n<meta property=\"og:image\" content=\"https:\/\/atlantidamarhotel.com\/wp-content\/uploads\/2023\/06\/hotel-aparthotel-azores-terceira-island-ilha-atlantida-mar-frente-entrada-front-entrance.jpg\" \/>\n\t<meta property=\"og:image:width\" content=\"1330\" \/>\n\t<meta property=\"og:image:height\" content=\"887\" \/>\n\t<meta property=\"og:image:type\" content=\"image\/jpeg\" \/>\n<meta name=\"twitter:card\" content=\"summary_large_image\" \/>\n<meta name=\"twitter:label1\" content=\"Tempo estimado de leitura\" \/>\n\t<meta name=\"twitter:data1\" content=\"1 minuto\" \/>\n<script type=\"application\/ld+json\" class=\"yoast-schema-graph\">{\"@context\":\"https:\/\/schema.org\",\"@graph\":[{\"@type\":\"WebPage\",\"@id\":\"https:\/\/atlantidamarhotel.com\/pt-pt\/acores-2020\/\",\"url\":\"https:\/\/atlantidamarhotel.com\/pt-pt\/acores-2020\/\",\"name\":\"A\u00e7ores 2020 - Atl\u00e2ntida Mar Hotel\",\"isPartOf\":{\"@id\":\"https:\/\/atlantidamarhotel.com\/pt-pt\/#website\"},\"datePublished\":\"2023-06-27T11:23:11+00:00\",\"dateModified\":\"2023-06-29T11:56:59+00:00\",\"breadcrumb\":{\"@id\":\"https:\/\/atlantidamarhotel.com\/pt-pt\/acores-2020\/#breadcrumb\"},\"inLanguage\":\"pt-PT\",\"potentialAction\":[{\"@type\":\"ReadAction\",\"target\":[\"https:\/\/atlantidamarhotel.com\/pt-pt\/acores-2020\/\"]}]},{\"@type\":\"BreadcrumbList\",\"@id\":\"https:\/\/atlantidamarhotel.com\/pt-pt\/acores-2020\/#breadcrumb\",\"itemListElement\":[{\"@type\":\"ListItem\",\"position\":1,\"name\":\"Home\",\"item\":\"https:\/\/atlantidamarhotel.com\/pt-pt\/\"},{\"@type\":\"ListItem\",\"position\":2,\"name\":\"A\u00e7ores 2020\"}]},{\"@type\":\"WebSite\",\"@id\":\"https:\/\/atlantidamarhotel.com\/pt-pt\/#website\",\"url\":\"https:\/\/atlantidamarhotel.com\/pt-pt\/\",\"name\":\"Atl\u00e2ntida Mar Hotel\",\"description\":\"Aparthotel\",\"publisher\":{\"@id\":\"https:\/\/atlantidamarhotel.com\/pt-pt\/#organization\"},\"potentialAction\":[{\"@type\":\"SearchAction\",\"target\":{\"@type\":\"EntryPoint\",\"urlTemplate\":\"https:\/\/atlantidamarhotel.com\/pt-pt\/?s={search_term_string}\"},\"query-input\":\"required name=search_term_string\"}],\"inLanguage\":\"pt-PT\"},{\"@type\":\"Organization\",\"@id\":\"https:\/\/atlantidamarhotel.com\/pt-pt\/#organization\",\"name\":\"Atl\u00e2ntida Mar Hotel\",\"url\":\"https:\/\/atlantidamarhotel.com\/pt-pt\/\",\"logo\":{\"@type\":\"ImageObject\",\"inLanguage\":\"pt-PT\",\"@id\":\"https:\/\/atlantidamarhotel.com\/pt-pt\/#\/schema\/logo\/image\/\",\"url\":\"https:\/\/atlantidamarhotel.com\/wp-content\/uploads\/2016\/12\/logo-Atlantida-mar-hotel-2.png\",\"contentUrl\":\"https:\/\/atlantidamarhotel.com\/wp-content\/uploads\/2016\/12\/logo-Atlantida-mar-hotel-2.png\",\"width\":1600,\"height\":445,\"caption\":\"Atl\u00e2ntida Mar Hotel\"},\"image\":{\"@id\":\"https:\/\/atlantidamarhotel.com\/pt-pt\/#\/schema\/logo\/image\/\"},\"sameAs\":[\"https:\/\/www.facebook.com\/AtlantidaMarHotel\/\"]}]}<\/script>\n<!-- \/ Yoast SEO plugin. -->","yoast_head_json":{"title":"A\u00e7ores 2020 - Atl\u00e2ntida Mar Hotel","robots":{"index":"index","follow":"follow","max-snippet":"max-snippet:-1","max-image-preview":"max-image-preview:large","max-video-preview":"max-video-preview:-1"},"canonical":"https:\/\/atlantidamarhotel.com\/pt-pt\/acores-2020\/","og_locale":"pt_PT","og_type":"article","og_title":"A\u00e7ores 2020 - Atl\u00e2ntida Mar Hotel","og_description":"Designa\u00e7\u00e3o do projeto: VALE DIGITAL A\u00c7ORES C\u00f3digo do projeto: ACORES-03-0853-FEDER-102481. OI N\u00ba 9815 Objetivo principal: Refor\u00e7ar a capacita\u00e7\u00e3o da empresa para a competitividade Entidade benefici\u00e1ria: Atlantida Mar &#8211; Empreendimentos Tur\u00edsticos, Lda. Custo total eleg\u00edvel: 9.620\u20ac Descri\u00e7\u00e3o: Promover as condi\u00e7\u00f5es de competitividade do Atl\u00e2ntida Mar Hotel, atrav\u00e9s da ado\u00e7\u00e3o de tecnologias digitais, nomeadamente no campo do...","og_url":"https:\/\/atlantidamarhotel.com\/pt-pt\/acores-2020\/","og_site_name":"Atl\u00e2ntida Mar Hotel","article_publisher":"https:\/\/www.facebook.com\/AtlantidaMarHotel\/","article_modified_time":"2023-06-29T11:56:59+00:00","og_image":[{"width":1330,"height":887,"url":"https:\/\/atlantidamarhotel.com\/wp-content\/uploads\/2023\/06\/hotel-aparthotel-azores-terceira-island-ilha-atlantida-mar-frente-entrada-front-entrance.jpg","type":"image\/jpeg"}],"twitter_card":"summary_large_image","twitter_misc":{"Tempo estimado de leitura":"1 minuto"},"schema":{"@context":"https:\/\/schema.org","@graph":[{"@type":"WebPage","@id":"https:\/\/atlantidamarhotel.com\/pt-pt\/acores-2020\/","url":"https:\/\/atlantidamarhotel.com\/pt-pt\/acores-2020\/","name":"A\u00e7ores 2020 - Atl\u00e2ntida Mar Hotel","isPartOf":{"@id":"https:\/\/atlantidamarhotel.com\/pt-pt\/#website"},"datePublished":"2023-06-27T11:23:11+00:00","dateModified":"2023-06-29T11:56:59+00:00","breadcrumb":{"@id":"https:\/\/atlantidamarhotel.com\/pt-pt\/acores-2020\/#breadcrumb"},"inLanguage":"pt-PT","potentialAction":[{"@type":"ReadAction","target":["https:\/\/atlantidamarhotel.com\/pt-pt\/acores-2020\/"]}]},{"@type":"BreadcrumbList","@id":"https:\/\/atlantidamarhotel.com\/pt-pt\/acores-2020\/#breadcrumb","itemListElement":[{"@type":"ListItem","position":1,"name":"Home","item":"https:\/\/atlantidamarhotel.com\/pt-pt\/"},{"@type":"ListItem","position":2,"name":"A\u00e7ores 2020"}]},{"@type":"WebSite","@id":"https:\/\/atlantidamarhotel.com\/pt-pt\/#website","url":"https:\/\/atlantidamarhotel.com\/pt-pt\/","name":"Atl\u00e2ntida Mar Hotel","description":"Aparthotel","publisher":{"@id":"https:\/\/atlantidamarhotel.com\/pt-pt\/#organization"},"potentialAction":[{"@type":"SearchAction","target":{"@type":"EntryPoint","urlTemplate":"https:\/\/atlantidamarhotel.com\/pt-pt\/?s={search_term_string}"},"query-input":"required name=search_term_string"}],"inLanguage":"pt-PT"},{"@type":"Organization","@id":"https:\/\/atlantidamarhotel.com\/pt-pt\/#organization","name":"Atl\u00e2ntida Mar Hotel","url":"https:\/\/atlantidamarhotel.com\/pt-pt\/","logo":{"@type":"ImageObject","inLanguage":"pt-PT","@id":"https:\/\/atlantidamarhotel.com\/pt-pt\/#\/schema\/logo\/image\/","url":"https:\/\/atlantidamarhotel.com\/wp-content\/uploads\/2016\/12\/logo-Atlantida-mar-hotel-2.png","contentUrl":"https:\/\/atlantidamarhotel.com\/wp-content\/uploads\/2016\/12\/logo-Atlantida-mar-hotel-2.png","width":1600,"height":445,"caption":"Atl\u00e2ntida Mar Hotel"},"image":{"@id":"https:\/\/atlantidamarhotel.com\/pt-pt\/#\/schema\/logo\/image\/"},"sameAs":["https:\/\/www.facebook.com\/AtlantidaMarHotel\/"]}]}},"_links":{"self":[{"href":"https:\/\/atlantidamarhotel.com\/pt-pt\/wp-json\/wp\/v2\/pages\/6610"}],"collection":[{"href":"https:\/\/atlantidamarhotel.com\/pt-pt\/wp-json\/wp\/v2\/pages"}],"about":[{"href":"https:\/\/atlantidamarhotel.com\/pt-pt\/wp-json\/wp\/v2\/types\/page"}],"author":[{"embeddable":true,"href":"https:\/\/atlantidamarhotel.com\/pt-pt\/wp-json\/wp\/v2\/users\/1"}],"replies":[{"embeddable":true,"href":"https:\/\/atlantidamarhotel.com\/pt-pt\/wp-json\/wp\/v2\/comments?post=6610"}],"version-history":[{"count":2,"href":"https:\/\/atlantidamarhotel.com\/pt-pt\/wp-json\/wp\/v2\/pages\/6610\/revisions"}],"predecessor-version":[{"id":6722,"href":"https:\/\/atlantidamarhotel.com\/pt-pt\/wp-json\/wp\/v2\/pages\/6610\/revisions\/6722"}],"wp:featuredmedia":[{"embeddable":true,"href":"https:\/\/atlantidamarhotel.com\/pt-pt\/wp-json\/wp\/v2\/media\/6206"}],"wp:attachment":[{"href":"https:\/\/atlantidamarhotel.com\/pt-pt\/wp-json\/wp\/v2\/media?parent=6610"}],"curies":[{"name":"wp","href":"https:\/\/api.w.org\/{rel}","templated":true}]}}