{"id":6774,"date":"2023-06-30T12:57:25","date_gmt":"2023-06-30T13:57:25","guid":{"rendered":"https:\/\/atlantidamarhotel.com\/policies\/"},"modified":"2025-07-01T13:12:42","modified_gmt":"2025-07-01T14:12:42","slug":"policies","status":"publish","type":"page","link":"https:\/\/atlantidamarhotel.com\/pt-pt\/hotel\/policies\/","title":{"rendered":"Pol\u00edticas"},"content":{"rendered":"<section class=\"wpb-content-wrapper\"><section class=\"l-section wpb_row height_custom\"><div class=\"l-section-h i-cf\"><div class=\"g-cols vc_row via_flex valign_top type_default stacking_default\"><div class=\"vc_col-sm-12 wpb_column vc_column_container\"><div class=\"vc_column-inner\"><div class=\"wpb_wrapper\"><div class=\"wpb_text_column\"><div class=\"wpb_wrapper\"><p><strong>Check-in<\/strong>:<\/p>\n<p>A partir das 15:00h<\/p>\n<p><strong>Check-out<\/strong>:<\/p>\n<p>At\u00e9 \u00e0s 12:00h<\/p>\n<p><strong>Crian\u00e7as<\/strong>:<br \/>\nAs crian\u00e7as at\u00e9 aos 10 anos tem estadia gratuita, desde que partilhando a\u00a0suite dos adultos, at\u00e9 ao m\u00e1ximo de quatro pessoas por suite.<\/p>\n<p><strong>Cancelamento \/ Altera\u00e7\u00e3o \/ N\u00e3o compar\u00eancia<\/strong>:<br \/>\nSe a reserva for cancelada ou alterada 14 ou mais dias antes da data da chegada, n\u00e3o ser\u00e1 devido qualquer valor.<\/p>\n<p>Se cancelada ou alterada nos 13 dias antes da chegada, no pr\u00f3prio dia da chegada, ou em caso de n\u00e3o compar\u00eancia, ser\u00e1 devido o valor total da reserva.<\/p>\n<p><strong>Cancelamento \/ Altera\u00e7\u00e3o \/ N\u00e3o compar\u00eancia para Grupos<\/strong>(consideramos reservas de grupos as reservas de 5 ou mais quartos efetuadas pela mesma entidade para a mesma data)<\/p>\n<p>N\u00e3o estando estipulado nos acordos ou contratos entre as partes, aplica-se a seguinte Pol\u00edtica de Cancelamento:<\/p>\n<p>Se a reserva for cancelada ou\u00a0alterada\u00a0com mais de\u00a090 dias antes da chegada n\u00e3o ser\u00e1\u00a0devido qualquer valor.<br \/>\nSe cancelada ou alterada com 90 ou menos\u00a0dias antes da chegada, no pr\u00f3prio dia da chegada, ou em caso de n\u00e3o compar\u00eancia, ser\u00e1\u00a0devido o valor total da reserva.<\/p>\n<p><strong>Animais de Estima\u00e7\u00e3o<\/strong>:<br \/>\nN\u00e3o admitidos<\/p>\n<p><strong>Pagamentos:\u00a0<\/strong><\/p>\n<p>O pagamento da reserva deve ser efetuado at\u00e9 14 dias antes da chegada.<\/p>\n<p>Formas de Pagamento:<\/p>\n<p>Dinheiro<br \/>\nMultibanco<br \/>\nCart\u00f5es de Cr\u00e9dito Visa e Master Card<br \/>\nAmerican Express \u2013 Aceite com 3% de taxas<br \/>\nTransfer\u00eancia banc\u00e1ria<\/p>\n<\/div><\/div><\/div><\/div><\/div><\/div><\/div><\/section>\n<\/section>","protected":false},"excerpt":{"rendered":"Check-in: A partir das 15:00h Check-out: At\u00e9 \u00e0s 12:00h Crian\u00e7as: As crian\u00e7as at\u00e9 aos 10 anos tem estadia gratuita, desde que partilhando a\u00a0suite dos adultos, at\u00e9 ao m\u00e1ximo de quatro pessoas por suite. Cancelamento \/ Altera\u00e7\u00e3o \/ N\u00e3o compar\u00eancia: Se a reserva for cancelada ou alterada 14 ou mais dias antes da data da chegada,...","protected":false},"author":1,"featured_media":6392,"parent":5606,"menu_order":0,"comment_status":"closed","ping_status":"closed","template":"","meta":{"_monsterinsights_skip_tracking":false,"_monsterinsights_sitenote_active":false,"_monsterinsights_sitenote_note":"","_monsterinsights_sitenote_category":0},"acf":[],"yoast_head":"<!-- This site is optimized with the Yoast SEO plugin v20.12 - https:\/\/yoast.com\/wordpress\/plugins\/seo\/ -->\n<title>Pol\u00edticas - Atl\u00e2ntida Mar Hotel<\/title>\n<meta name=\"description\" content=\"Conhe\u00e7a as nossas pol\u00edticas e prepare a sua estadia no Atl\u00e2ntida Mar Hotel com total seguran\u00e7a e confian\u00e7a.\" \/>\n<meta name=\"robots\" content=\"index, follow, max-snippet:-1, max-image-preview:large, max-video-preview:-1\" \/>\n<link rel=\"canonical\" href=\"https:\/\/atlantidamarhotel.com\/pt-pt\/hotel\/policies\/\" \/>\n<meta property=\"og:locale\" content=\"pt_PT\" \/>\n<meta property=\"og:type\" content=\"article\" \/>\n<meta property=\"og:title\" content=\"Pol\u00edticas - Atl\u00e2ntida Mar Hotel\" \/>\n<meta property=\"og:description\" content=\"Conhe\u00e7a as nossas pol\u00edticas e prepare a sua estadia no Atl\u00e2ntida Mar Hotel com total seguran\u00e7a e confian\u00e7a.\" \/>\n<meta property=\"og:url\" content=\"https:\/\/atlantidamarhotel.com\/pt-pt\/hotel\/policies\/\" \/>\n<meta property=\"og:site_name\" content=\"Atl\u00e2ntida Mar Hotel\" \/>\n<meta property=\"article:publisher\" content=\"https:\/\/www.facebook.com\/AtlantidaMarHotel\/\" \/>\n<meta property=\"article:modified_time\" content=\"2025-07-01T14:12:42+00:00\" \/>\n<meta property=\"og:image\" content=\"https:\/\/atlantidamarhotel.com\/wp-content\/uploads\/2023\/06\/hotel-aparthotel-azores-terceira-island-ilha-atlantida-mar-exterior-floresta-florest-estrada-road.jpg\" \/>\n\t<meta property=\"og:image:width\" content=\"1814\" \/>\n\t<meta property=\"og:image:height\" content=\"1209\" \/>\n\t<meta property=\"og:image:type\" content=\"image\/jpeg\" \/>\n<meta name=\"twitter:card\" content=\"summary_large_image\" \/>\n<meta name=\"twitter:label1\" content=\"Tempo estimado de leitura\" \/>\n\t<meta name=\"twitter:data1\" content=\"1 minuto\" \/>\n<script type=\"application\/ld+json\" class=\"yoast-schema-graph\">{\"@context\":\"https:\/\/schema.org\",\"@graph\":[{\"@type\":\"WebPage\",\"@id\":\"https:\/\/atlantidamarhotel.com\/pt-pt\/hotel\/policies\/\",\"url\":\"https:\/\/atlantidamarhotel.com\/pt-pt\/hotel\/policies\/\",\"name\":\"Pol\u00edticas - Atl\u00e2ntida Mar Hotel\",\"isPartOf\":{\"@id\":\"https:\/\/atlantidamarhotel.com\/pt-pt\/#website\"},\"datePublished\":\"2023-06-30T13:57:25+00:00\",\"dateModified\":\"2025-07-01T14:12:42+00:00\",\"description\":\"Conhe\u00e7a as nossas pol\u00edticas e prepare a sua estadia no Atl\u00e2ntida Mar Hotel com total seguran\u00e7a e confian\u00e7a.\",\"breadcrumb\":{\"@id\":\"https:\/\/atlantidamarhotel.com\/pt-pt\/hotel\/policies\/#breadcrumb\"},\"inLanguage\":\"pt-PT\",\"potentialAction\":[{\"@type\":\"ReadAction\",\"target\":[\"https:\/\/atlantidamarhotel.com\/pt-pt\/hotel\/policies\/\"]}]},{\"@type\":\"BreadcrumbList\",\"@id\":\"https:\/\/atlantidamarhotel.com\/pt-pt\/hotel\/policies\/#breadcrumb\",\"itemListElement\":[{\"@type\":\"ListItem\",\"position\":1,\"name\":\"Home\",\"item\":\"https:\/\/atlantidamarhotel.com\/pt-pt\/\"},{\"@type\":\"ListItem\",\"position\":2,\"name\":\"Hotel\",\"item\":\"https:\/\/atlantidamarhotel.com\/pt-pt\/\"},{\"@type\":\"ListItem\",\"position\":3,\"name\":\"Pol\u00edticas\"}]},{\"@type\":\"WebSite\",\"@id\":\"https:\/\/atlantidamarhotel.com\/pt-pt\/#website\",\"url\":\"https:\/\/atlantidamarhotel.com\/pt-pt\/\",\"name\":\"Atl\u00e2ntida Mar Hotel\",\"description\":\"Aparthotel\",\"publisher\":{\"@id\":\"https:\/\/atlantidamarhotel.com\/pt-pt\/#organization\"},\"potentialAction\":[{\"@type\":\"SearchAction\",\"target\":{\"@type\":\"EntryPoint\",\"urlTemplate\":\"https:\/\/atlantidamarhotel.com\/pt-pt\/?s={search_term_string}\"},\"query-input\":\"required name=search_term_string\"}],\"inLanguage\":\"pt-PT\"},{\"@type\":\"Organization\",\"@id\":\"https:\/\/atlantidamarhotel.com\/pt-pt\/#organization\",\"name\":\"Atl\u00e2ntida Mar Hotel\",\"url\":\"https:\/\/atlantidamarhotel.com\/pt-pt\/\",\"logo\":{\"@type\":\"ImageObject\",\"inLanguage\":\"pt-PT\",\"@id\":\"https:\/\/atlantidamarhotel.com\/pt-pt\/#\/schema\/logo\/image\/\",\"url\":\"https:\/\/atlantidamarhotel.com\/wp-content\/uploads\/2016\/12\/logo-Atlantida-mar-hotel-2.png\",\"contentUrl\":\"https:\/\/atlantidamarhotel.com\/wp-content\/uploads\/2016\/12\/logo-Atlantida-mar-hotel-2.png\",\"width\":1600,\"height\":445,\"caption\":\"Atl\u00e2ntida Mar Hotel\"},\"image\":{\"@id\":\"https:\/\/atlantidamarhotel.com\/pt-pt\/#\/schema\/logo\/image\/\"},\"sameAs\":[\"https:\/\/www.facebook.com\/AtlantidaMarHotel\/\"]}]}<\/script>\n<!-- \/ Yoast SEO plugin. -->","yoast_head_json":{"title":"Pol\u00edticas - Atl\u00e2ntida Mar Hotel","description":"Conhe\u00e7a as nossas pol\u00edticas e prepare a sua estadia no Atl\u00e2ntida Mar Hotel com total seguran\u00e7a e confian\u00e7a.","robots":{"index":"index","follow":"follow","max-snippet":"max-snippet:-1","max-image-preview":"max-image-preview:large","max-video-preview":"max-video-preview:-1"},"canonical":"https:\/\/atlantidamarhotel.com\/pt-pt\/hotel\/policies\/","og_locale":"pt_PT","og_type":"article","og_title":"Pol\u00edticas - Atl\u00e2ntida Mar Hotel","og_description":"Conhe\u00e7a as nossas pol\u00edticas e prepare a sua estadia no Atl\u00e2ntida Mar Hotel com total seguran\u00e7a e confian\u00e7a.","og_url":"https:\/\/atlantidamarhotel.com\/pt-pt\/hotel\/policies\/","og_site_name":"Atl\u00e2ntida Mar Hotel","article_publisher":"https:\/\/www.facebook.com\/AtlantidaMarHotel\/","article_modified_time":"2025-07-01T14:12:42+00:00","og_image":[{"width":1814,"height":1209,"url":"https:\/\/atlantidamarhotel.com\/wp-content\/uploads\/2023\/06\/hotel-aparthotel-azores-terceira-island-ilha-atlantida-mar-exterior-floresta-florest-estrada-road.jpg","type":"image\/jpeg"}],"twitter_card":"summary_large_image","twitter_misc":{"Tempo estimado de leitura":"1 minuto"},"schema":{"@context":"https:\/\/schema.org","@graph":[{"@type":"WebPage","@id":"https:\/\/atlantidamarhotel.com\/pt-pt\/hotel\/policies\/","url":"https:\/\/atlantidamarhotel.com\/pt-pt\/hotel\/policies\/","name":"Pol\u00edticas - Atl\u00e2ntida Mar Hotel","isPartOf":{"@id":"https:\/\/atlantidamarhotel.com\/pt-pt\/#website"},"datePublished":"2023-06-30T13:57:25+00:00","dateModified":"2025-07-01T14:12:42+00:00","description":"Conhe\u00e7a as nossas pol\u00edticas e prepare a sua estadia no Atl\u00e2ntida Mar Hotel com total seguran\u00e7a e confian\u00e7a.","breadcrumb":{"@id":"https:\/\/atlantidamarhotel.com\/pt-pt\/hotel\/policies\/#breadcrumb"},"inLanguage":"pt-PT","potentialAction":[{"@type":"ReadAction","target":["https:\/\/atlantidamarhotel.com\/pt-pt\/hotel\/policies\/"]}]},{"@type":"BreadcrumbList","@id":"https:\/\/atlantidamarhotel.com\/pt-pt\/hotel\/policies\/#breadcrumb","itemListElement":[{"@type":"ListItem","position":1,"name":"Home","item":"https:\/\/atlantidamarhotel.com\/pt-pt\/"},{"@type":"ListItem","position":2,"name":"Hotel","item":"https:\/\/atlantidamarhotel.com\/pt-pt\/"},{"@type":"ListItem","position":3,"name":"Pol\u00edticas"}]},{"@type":"WebSite","@id":"https:\/\/atlantidamarhotel.com\/pt-pt\/#website","url":"https:\/\/atlantidamarhotel.com\/pt-pt\/","name":"Atl\u00e2ntida Mar Hotel","description":"Aparthotel","publisher":{"@id":"https:\/\/atlantidamarhotel.com\/pt-pt\/#organization"},"potentialAction":[{"@type":"SearchAction","target":{"@type":"EntryPoint","urlTemplate":"https:\/\/atlantidamarhotel.com\/pt-pt\/?s={search_term_string}"},"query-input":"required name=search_term_string"}],"inLanguage":"pt-PT"},{"@type":"Organization","@id":"https:\/\/atlantidamarhotel.com\/pt-pt\/#organization","name":"Atl\u00e2ntida Mar Hotel","url":"https:\/\/atlantidamarhotel.com\/pt-pt\/","logo":{"@type":"ImageObject","inLanguage":"pt-PT","@id":"https:\/\/atlantidamarhotel.com\/pt-pt\/#\/schema\/logo\/image\/","url":"https:\/\/atlantidamarhotel.com\/wp-content\/uploads\/2016\/12\/logo-Atlantida-mar-hotel-2.png","contentUrl":"https:\/\/atlantidamarhotel.com\/wp-content\/uploads\/2016\/12\/logo-Atlantida-mar-hotel-2.png","width":1600,"height":445,"caption":"Atl\u00e2ntida Mar Hotel"},"image":{"@id":"https:\/\/atlantidamarhotel.com\/pt-pt\/#\/schema\/logo\/image\/"},"sameAs":["https:\/\/www.facebook.com\/AtlantidaMarHotel\/"]}]}},"_links":{"self":[{"href":"https:\/\/atlantidamarhotel.com\/pt-pt\/wp-json\/wp\/v2\/pages\/6774"}],"collection":[{"href":"https:\/\/atlantidamarhotel.com\/pt-pt\/wp-json\/wp\/v2\/pages"}],"about":[{"href":"https:\/\/atlantidamarhotel.com\/pt-pt\/wp-json\/wp\/v2\/types\/page"}],"author":[{"embeddable":true,"href":"https:\/\/atlantidamarhotel.com\/pt-pt\/wp-json\/wp\/v2\/users\/1"}],"replies":[{"embeddable":true,"href":"https:\/\/atlantidamarhotel.com\/pt-pt\/wp-json\/wp\/v2\/comments?post=6774"}],"version-history":[{"count":11,"href":"https:\/\/atlantidamarhotel.com\/pt-pt\/wp-json\/wp\/v2\/pages\/6774\/revisions"}],"predecessor-version":[{"id":6974,"href":"https:\/\/atlantidamarhotel.com\/pt-pt\/wp-json\/wp\/v2\/pages\/6774\/revisions\/6974"}],"up":[{"embeddable":true,"href":"https:\/\/atlantidamarhotel.com\/pt-pt\/wp-json\/wp\/v2\/pages\/5606"}],"wp:featuredmedia":[{"embeddable":true,"href":"https:\/\/atlantidamarhotel.com\/pt-pt\/wp-json\/wp\/v2\/media\/6392"}],"wp:attachment":[{"href":"https:\/\/atlantidamarhotel.com\/pt-pt\/wp-json\/wp\/v2\/media?parent=6774"}],"curies":[{"name":"wp","href":"https:\/\/api.w.org\/{rel}","templated":true}]}}